{"id":205401,"date":"2026-01-30T14:39:09","date_gmt":"2026-01-30T13:39:09","guid":{"rendered":"https:\/\/www.eliassen.nl\/product\/fidrio-vase-oval-magma-40cm\/"},"modified":"2026-02-06T14:35:42","modified_gmt":"2026-02-06T13:35:42","slug":"fidrio-vase-oval-magma-40cm","status":"publish","type":"product","link":"https:\/\/www.eliassen.nl\/de\/fidrio-vase-oval-magma-40cm\/","title":{"rendered":"Fidrio Vase Oval Magma 40cm"},"content":{"rendered":"<p data-path-to-node=\"2\">Mit der Fidrio Vase &#8218;Oval&#8216; in der beeindruckenden Gr\u00f6\u00dfe von 40 cm holen Sie sich ein wahres Prunkst\u00fcck in Ihr Zuhause. Dieses Modell aus der exklusiven &#8218;Magma&#8216;-Kollektion besticht durch sein reifes, ovales Design, das auf einem stabilen Sockel aus Klarglas ruht. Die Magma-Serie ist f\u00fcr ihr intensives und warmes Aussehen bekannt. Goldbraune, bernsteinfarbene und beige T\u00f6ne verschmelzen im Glas, durchzogen von dunklen, gezackten Linien, die der Vase einen nat\u00fcrlichen und vulkanischen Charakter verleihen.<\/p>\n<p data-path-to-node=\"3\">Mit ihrer gro\u00dfz\u00fcgigen H\u00f6he von 40 cm eignet sich diese Vase nicht nur f\u00fcr ein gro\u00dfes Sideboard oder eine S\u00e4ule, sondern kann auch hervorragend als Bodenvase in einer Ecke des Raumes dienen. Da jedes St\u00fcck in Holzformen mundgeblasen wird, ist Ihnen ein einzigartiges Kunstobjekt garantiert; kein Muster ist identisch. Die Vase bietet ausreichend Halt f\u00fcr einen gro\u00dfen Strau\u00df mit langen Stielen, aber ihr kunstvolles Design macht sie auch ohne Blumen zu einem Schmuckst\u00fcck f\u00fcr Ihr Interieur. Bewundern Sie dieses sch\u00f6ne Modell in unserem Ausstellungsraum in Ammerzoden in natura oder bestellen Sie es einfach \u00fcber unseren Webshop.<\/p>\n<p>Durchmesser Loch ca. 14cm<\/p>\n","protected":false},"excerpt":{"rendered":"<p>Die Fidrio Vase Oval Magma ist ein imposantes, mundgeblasenes Kunstobjekt von 40 cm H\u00f6he, das sich durch eine schlanke, ovale Silhouette und warme Erdt\u00f6ne auszeichnet. Mit ihrer gro\u00dfz\u00fcgigen Gr\u00f6\u00dfe und den einzigartigen Mustern ist diese Vase ein luxuri\u00f6ser Blickfang, der sowohl auf einer S\u00e4ule als auch auf dem Boden sch\u00f6n zur Geltung kommt.<\/p>\n","protected":false},"featured_media":205118,"template":"","meta":{"_acf_changed":false,"_genesis_title":"","_genesis_description":""},"product_brand":[6950],"product_cat":[812,800,7060],"product_tag":[],"class_list":{"0":"post-205401","1":"product","2":"type-product","3":"status-publish","4":"has-post-thumbnail","6":"product_brand-fidrio-de","7":"product_cat-farbige-glasvasen","8":"product_cat-glaskunst","9":"product_cat-fidrio-glaskollektion","11":"first","12":"instock","13":"taxable","14":"shipping-taxable","15":"purchasable","16":"product-type-simple"},"acf":[],"meta_all":{"cor_restricted_countries":[],"total_sales":"0"},"meta_all_flat":{"total_sales":"0"},"yoast_head":"<!-- This site is optimized with the Yoast SEO Premium plugin v26.2 (Yoast SEO v27.2) - https:\/\/yoast.com\/product\/yoast-seo-premium-wordpress\/ -->\n<title>Fidrio Fidrio Vase Oval Magma 40cm - Eliassen.nl<\/title>\n<meta name=\"description\" content=\"Schaffen Sie ein luxuri\u00f6ses Ambiente mit der Fidrio Vase Oval Magma (40cm). Ein gro\u00dfes, mundgeblasenes Kunstobjekt mit warmen Farben. Bestellen Sie dieses einzigartige St\u00fcck von Eliassen!\" \/>\n<meta name=\"robots\" content=\"index, follow, max-snippet:-1, max-image-preview:large, max-video-preview:-1\" \/>\n<link rel=\"canonical\" href=\"https:\/\/www.eliassen.nl\/de\/fidrio-vase-oval-magma-40cm\/\" \/>\n<meta property=\"og:locale\" content=\"de_DE\" \/>\n<meta property=\"og:type\" content=\"article\" \/>\n<meta property=\"og:title\" content=\"Fidrio Fidrio Vase Oval Magma 40cm - Eliassen.nl\" \/>\n<meta property=\"og:description\" content=\"Schaffen Sie ein luxuri\u00f6ses Ambiente mit der Fidrio Vase Oval Magma (40cm). Ein gro\u00dfes, mundgeblasenes Kunstobjekt mit warmen Farben. Bestellen Sie dieses einzigartige St\u00fcck von Eliassen!\" \/>\n<meta property=\"og:url\" content=\"https:\/\/www.eliassen.nl\/de\/fidrio-vase-oval-magma-40cm\/\" \/>\n<meta property=\"og:site_name\" content=\"Eliassen.nl\" \/>\n<meta property=\"article:publisher\" content=\"https:\/\/www.facebook.com\/TuincentrumEliassenAmmerzoden\" \/>\n<meta property=\"article:modified_time\" content=\"2026-02-06T13:35:42+00:00\" \/>\n<meta property=\"og:image\" content=\"https:\/\/www.eliassen.nl\/wp-content\/uploads\/2026\/01\/Fidrio-oval-40cm-Magma-Eliassen.nl_.jpg\" \/>\n\t<meta property=\"og:image:width\" content=\"650\" \/>\n\t<meta property=\"og:image:height\" content=\"650\" \/>\n\t<meta property=\"og:image:type\" content=\"image\/jpeg\" \/>\n<meta name=\"twitter:card\" content=\"summary_large_image\" \/>\n<script type=\"application\/ld+json\" class=\"yoast-schema-graph\">{\"@context\":\"https:\/\/schema.org\",\"@graph\":[{\"@type\":\"WebPage\",\"@id\":\"https:\/\/www.eliassen.nl\/de\/fidrio-vase-oval-magma-40cm\/\",\"url\":\"https:\/\/www.eliassen.nl\/de\/fidrio-vase-oval-magma-40cm\/\",\"name\":\"Fidrio Fidrio Vase Oval Magma 40cm - Eliassen.nl\",\"isPartOf\":{\"@id\":\"https:\/\/www.eliassen.nl\/de\/#website\"},\"primaryImageOfPage\":{\"@id\":\"https:\/\/www.eliassen.nl\/de\/fidrio-vase-oval-magma-40cm\/#primaryimage\"},\"image\":{\"@id\":\"https:\/\/www.eliassen.nl\/de\/fidrio-vase-oval-magma-40cm\/#primaryimage\"},\"thumbnailUrl\":\"https:\/\/www.eliassen.nl\/wp-content\/uploads\/2026\/01\/Fidrio-oval-40cm-Magma-Eliassen.nl_.jpg\",\"datePublished\":\"2026-01-30T13:39:09+00:00\",\"dateModified\":\"2026-02-06T13:35:42+00:00\",\"description\":\"Schaffen Sie ein luxuri\u00f6ses Ambiente mit der Fidrio Vase Oval Magma (40cm). Ein gro\u00dfes, mundgeblasenes Kunstobjekt mit warmen Farben. Bestellen Sie dieses einzigartige St\u00fcck von Eliassen!\",\"breadcrumb\":{\"@id\":\"https:\/\/www.eliassen.nl\/de\/fidrio-vase-oval-magma-40cm\/#breadcrumb\"},\"inLanguage\":\"de\",\"potentialAction\":[{\"@type\":\"ReadAction\",\"target\":[\"https:\/\/www.eliassen.nl\/de\/fidrio-vase-oval-magma-40cm\/\"]}]},{\"@type\":\"ImageObject\",\"inLanguage\":\"de\",\"@id\":\"https:\/\/www.eliassen.nl\/de\/fidrio-vase-oval-magma-40cm\/#primaryimage\",\"url\":\"https:\/\/www.eliassen.nl\/wp-content\/uploads\/2026\/01\/Fidrio-oval-40cm-Magma-Eliassen.nl_.jpg\",\"contentUrl\":\"https:\/\/www.eliassen.nl\/wp-content\/uploads\/2026\/01\/Fidrio-oval-40cm-Magma-Eliassen.nl_.jpg\",\"width\":650,\"height\":650,\"caption\":\"Fidrio oval 40cm Magma Eliassen.nl\"},{\"@type\":\"BreadcrumbList\",\"@id\":\"https:\/\/www.eliassen.nl\/de\/fidrio-vase-oval-magma-40cm\/#breadcrumb\",\"itemListElement\":[{\"@type\":\"ListItem\",\"position\":1,\"name\":\"Home\",\"item\":\"https:\/\/www.eliassen.nl\/de\/\"},{\"@type\":\"ListItem\",\"position\":2,\"name\":\"Shop\",\"item\":\"https:\/\/www.eliassen.nl\/de\/shop\/\"},{\"@type\":\"ListItem\",\"position\":3,\"name\":\"Farbige Glasvasen\",\"item\":\"https:\/\/www.eliassen.nl\/de\/glaskunst\/farbige-glasvasen\/\"},{\"@type\":\"ListItem\",\"position\":4,\"name\":\"Fidrio Vase Oval Magma 40cm\"}]},{\"@type\":\"WebSite\",\"@id\":\"https:\/\/www.eliassen.nl\/de\/#website\",\"url\":\"https:\/\/www.eliassen.nl\/de\/\",\"name\":\"Eliassen Home & Garden Pleasure\",\"description\":\"\",\"publisher\":{\"@id\":\"https:\/\/www.eliassen.nl\/de\/#organization\"},\"alternateName\":\"Eliassen.nl\",\"potentialAction\":[{\"@type\":\"SearchAction\",\"target\":{\"@type\":\"EntryPoint\",\"urlTemplate\":\"https:\/\/www.eliassen.nl\/de\/?s={search_term_string}\"},\"query-input\":{\"@type\":\"PropertyValueSpecification\",\"valueRequired\":true,\"valueName\":\"search_term_string\"}}],\"inLanguage\":\"de\"},{\"@type\":[\"Organization\",\"Place\"],\"@id\":\"https:\/\/www.eliassen.nl\/de\/#organization\",\"name\":\"Eliassen Home & Garden Pleasure\",\"url\":\"https:\/\/www.eliassen.nl\/de\/\",\"logo\":{\"@id\":\"https:\/\/www.eliassen.nl\/de\/fidrio-vase-oval-magma-40cm\/#local-main-organization-logo\"},\"image\":{\"@id\":\"https:\/\/www.eliassen.nl\/de\/fidrio-vase-oval-magma-40cm\/#local-main-organization-logo\"},\"sameAs\":[\"https:\/\/www.facebook.com\/TuincentrumEliassenAmmerzoden\",\"https:\/\/www.instagram.com\/eliassenhomeandgarden\/\",\"https:\/\/nl.pinterest.com\/eliassenhomeandgarden\/\",\"https:\/\/www.youtube.com\/@eliassenhomegardenpleasure4558\"],\"telephone\":[],\"openingHoursSpecification\":[{\"@type\":\"OpeningHoursSpecification\",\"dayOfWeek\":[\"Monday\",\"Tuesday\",\"Wednesday\",\"Thursday\",\"Friday\",\"Saturday\",\"Sunday\"],\"opens\":\"09:00\",\"closes\":\"17:00\"}]},{\"@type\":\"ImageObject\",\"inLanguage\":\"de\",\"@id\":\"https:\/\/www.eliassen.nl\/de\/fidrio-vase-oval-magma-40cm\/#local-main-organization-logo\",\"url\":\"https:\/\/www.eliassen.nl\/wp-content\/uploads\/2024\/01\/logo_4nd.jpg\",\"contentUrl\":\"https:\/\/www.eliassen.nl\/wp-content\/uploads\/2024\/01\/logo_4nd.jpg\",\"width\":500,\"height\":500,\"caption\":\"Eliassen Home & Garden Pleasure\"}]}<\/script>\n<meta property=\"product:price:amount\" content=\"87.50\" \/>\n<meta property=\"product:price:currency\" content=\"EUR\" \/>\n<meta property=\"og:availability\" content=\"instock\" \/>\n<meta property=\"product:availability\" content=\"instock\" \/>\n<meta property=\"product:retailer_item_id\" content=\"430\/9563\/ma\" \/>\n<meta property=\"product:condition\" content=\"new\" \/>\n<!-- \/ Yoast SEO Premium plugin. -->","yoast_head_json":{"title":"Fidrio Fidrio Vase Oval Magma 40cm - Eliassen.nl","description":"Schaffen Sie ein luxuri\u00f6ses Ambiente mit der Fidrio Vase Oval Magma (40cm). Ein gro\u00dfes, mundgeblasenes Kunstobjekt mit warmen Farben. Bestellen Sie dieses einzigartige St\u00fcck von Eliassen!","robots":{"index":"index","follow":"follow","max-snippet":"max-snippet:-1","max-image-preview":"max-image-preview:large","max-video-preview":"max-video-preview:-1"},"canonical":"https:\/\/www.eliassen.nl\/de\/fidrio-vase-oval-magma-40cm\/","og_locale":"de_DE","og_type":"article","og_title":"Fidrio Fidrio Vase Oval Magma 40cm - Eliassen.nl","og_description":"Schaffen Sie ein luxuri\u00f6ses Ambiente mit der Fidrio Vase Oval Magma (40cm). Ein gro\u00dfes, mundgeblasenes Kunstobjekt mit warmen Farben. Bestellen Sie dieses einzigartige St\u00fcck von Eliassen!","og_url":"https:\/\/www.eliassen.nl\/de\/fidrio-vase-oval-magma-40cm\/","og_site_name":"Eliassen.nl","article_publisher":"https:\/\/www.facebook.com\/TuincentrumEliassenAmmerzoden","article_modified_time":"2026-02-06T13:35:42+00:00","og_image":[{"width":650,"height":650,"url":"https:\/\/www.eliassen.nl\/wp-content\/uploads\/2026\/01\/Fidrio-oval-40cm-Magma-Eliassen.nl_.jpg","type":"image\/jpeg"}],"twitter_card":"summary_large_image","schema":{"@context":"https:\/\/schema.org","@graph":[{"@type":"WebPage","@id":"https:\/\/www.eliassen.nl\/de\/fidrio-vase-oval-magma-40cm\/","url":"https:\/\/www.eliassen.nl\/de\/fidrio-vase-oval-magma-40cm\/","name":"Fidrio Fidrio Vase Oval Magma 40cm - Eliassen.nl","isPartOf":{"@id":"https:\/\/www.eliassen.nl\/de\/#website"},"primaryImageOfPage":{"@id":"https:\/\/www.eliassen.nl\/de\/fidrio-vase-oval-magma-40cm\/#primaryimage"},"image":{"@id":"https:\/\/www.eliassen.nl\/de\/fidrio-vase-oval-magma-40cm\/#primaryimage"},"thumbnailUrl":"https:\/\/www.eliassen.nl\/wp-content\/uploads\/2026\/01\/Fidrio-oval-40cm-Magma-Eliassen.nl_.jpg","datePublished":"2026-01-30T13:39:09+00:00","dateModified":"2026-02-06T13:35:42+00:00","description":"Schaffen Sie ein luxuri\u00f6ses Ambiente mit der Fidrio Vase Oval Magma (40cm). Ein gro\u00dfes, mundgeblasenes Kunstobjekt mit warmen Farben. Bestellen Sie dieses einzigartige St\u00fcck von Eliassen!","breadcrumb":{"@id":"https:\/\/www.eliassen.nl\/de\/fidrio-vase-oval-magma-40cm\/#breadcrumb"},"inLanguage":"de","potentialAction":[{"@type":"ReadAction","target":["https:\/\/www.eliassen.nl\/de\/fidrio-vase-oval-magma-40cm\/"]}]},{"@type":"ImageObject","inLanguage":"de","@id":"https:\/\/www.eliassen.nl\/de\/fidrio-vase-oval-magma-40cm\/#primaryimage","url":"https:\/\/www.eliassen.nl\/wp-content\/uploads\/2026\/01\/Fidrio-oval-40cm-Magma-Eliassen.nl_.jpg","contentUrl":"https:\/\/www.eliassen.nl\/wp-content\/uploads\/2026\/01\/Fidrio-oval-40cm-Magma-Eliassen.nl_.jpg","width":650,"height":650,"caption":"Fidrio oval 40cm Magma Eliassen.nl"},{"@type":"BreadcrumbList","@id":"https:\/\/www.eliassen.nl\/de\/fidrio-vase-oval-magma-40cm\/#breadcrumb","itemListElement":[{"@type":"ListItem","position":1,"name":"Home","item":"https:\/\/www.eliassen.nl\/de\/"},{"@type":"ListItem","position":2,"name":"Shop","item":"https:\/\/www.eliassen.nl\/de\/shop\/"},{"@type":"ListItem","position":3,"name":"Farbige Glasvasen","item":"https:\/\/www.eliassen.nl\/de\/glaskunst\/farbige-glasvasen\/"},{"@type":"ListItem","position":4,"name":"Fidrio Vase Oval Magma 40cm"}]},{"@type":"WebSite","@id":"https:\/\/www.eliassen.nl\/de\/#website","url":"https:\/\/www.eliassen.nl\/de\/","name":"Eliassen Home & Garden Pleasure","description":"","publisher":{"@id":"https:\/\/www.eliassen.nl\/de\/#organization"},"alternateName":"Eliassen.nl","potentialAction":[{"@type":"SearchAction","target":{"@type":"EntryPoint","urlTemplate":"https:\/\/www.eliassen.nl\/de\/?s={search_term_string}"},"query-input":{"@type":"PropertyValueSpecification","valueRequired":true,"valueName":"search_term_string"}}],"inLanguage":"de"},{"@type":["Organization","Place"],"@id":"https:\/\/www.eliassen.nl\/de\/#organization","name":"Eliassen Home & Garden Pleasure","url":"https:\/\/www.eliassen.nl\/de\/","logo":{"@id":"https:\/\/www.eliassen.nl\/de\/fidrio-vase-oval-magma-40cm\/#local-main-organization-logo"},"image":{"@id":"https:\/\/www.eliassen.nl\/de\/fidrio-vase-oval-magma-40cm\/#local-main-organization-logo"},"sameAs":["https:\/\/www.facebook.com\/TuincentrumEliassenAmmerzoden","https:\/\/www.instagram.com\/eliassenhomeandgarden\/","https:\/\/nl.pinterest.com\/eliassenhomeandgarden\/","https:\/\/www.youtube.com\/@eliassenhomegardenpleasure4558"],"telephone":[],"openingHoursSpecification":[{"@type":"OpeningHoursSpecification","dayOfWeek":["Monday","Tuesday","Wednesday","Thursday","Friday","Saturday","Sunday"],"opens":"09:00","closes":"17:00"}]},{"@type":"ImageObject","inLanguage":"de","@id":"https:\/\/www.eliassen.nl\/de\/fidrio-vase-oval-magma-40cm\/#local-main-organization-logo","url":"https:\/\/www.eliassen.nl\/wp-content\/uploads\/2024\/01\/logo_4nd.jpg","contentUrl":"https:\/\/www.eliassen.nl\/wp-content\/uploads\/2024\/01\/logo_4nd.jpg","width":500,"height":500,"caption":"Eliassen Home & Garden Pleasure"}]},"product_price_amount":"87.50","product_price_currency":"EUR","og_availability":"instock","product_availability":"instock","product_retailer_item_id":"430\/9563\/ma","product_condition":"new"},"df_price":87.5,"df_sale_price":"","df_regular_price":87.5,"df_image_link":"https:\/\/www.eliassen.nl\/wp-content\/uploads\/2026\/01\/Fidrio-oval-40cm-Magma-Eliassen.nl_-300x300.jpg","image":"https:\/\/www.eliassen.nl\/wp-content\/uploads\/2026\/01\/Fidrio-oval-40cm-Magma-Eliassen.nl_-150x150.jpg","price_search":"<span class=\"woocommerce-Price-amount amount\"><bdi><span class=\"woocommerce-Price-currencySymbol\">&euro;<\/span>&nbsp;87,50<\/bdi><\/span>","category":"Farbige Glasvasen","global_unique_id":"2036819215968","_links":{"self":[{"href":"https:\/\/www.eliassen.nl\/de\/wp-json\/wp\/v2\/product\/205401","targetHints":{"allow":["GET"]}}],"collection":[{"href":"https:\/\/www.eliassen.nl\/de\/wp-json\/wp\/v2\/product"}],"about":[{"href":"https:\/\/www.eliassen.nl\/de\/wp-json\/wp\/v2\/types\/product"}],"wp:featuredmedia":[{"embeddable":true,"href":"https:\/\/www.eliassen.nl\/de\/wp-json\/wp\/v2\/media\/205118"}],"wp:attachment":[{"href":"https:\/\/www.eliassen.nl\/de\/wp-json\/wp\/v2\/media?parent=205401"}],"wp:term":[{"taxonomy":"product_brand","embeddable":true,"href":"https:\/\/www.eliassen.nl\/de\/wp-json\/wp\/v2\/product_brand?post=205401"},{"taxonomy":"product_cat","embeddable":true,"href":"https:\/\/www.eliassen.nl\/de\/wp-json\/wp\/v2\/product_cat?post=205401"},{"taxonomy":"product_tag","embeddable":true,"href":"https:\/\/www.eliassen.nl\/de\/wp-json\/wp\/v2\/product_tag?post=205401"}],"curies":[{"name":"wp","href":"https:\/\/api.w.org\/{rel}","templated":true}]}}