{"id":205391,"date":"2026-01-30T14:27:50","date_gmt":"2026-01-30T13:27:50","guid":{"rendered":"https:\/\/www.eliassen.nl\/product\/fidrio-vase-alore-magma-33cm\/"},"modified":"2026-02-06T14:35:41","modified_gmt":"2026-02-06T13:35:41","slug":"fidrio-vase-alore-magma-33cm","status":"publish","type":"product","link":"https:\/\/www.eliassen.nl\/de\/fidrio-vase-alore-magma-33cm\/","title":{"rendered":"Fidrio Vase Alore Magma 33cm"},"content":{"rendered":"<p data-path-to-node=\"2\">Setzen Sie mit der Fidrio Vase &#8218;Alore&#8216; in der Ausf\u00fchrung Magma einen gro\u00dfen Akzent in Ihrer Einrichtung. Mit einer H\u00f6he von 33 cm geh\u00f6rt dieses Modell zu den robusteren St\u00fccken der Kollektion und eignet sich perfekt f\u00fcr einen gro\u00dfen Blumenstrau\u00df oder als alleinstehendes Kunstobjekt an einem prominenten Ort. Die Vase zeichnet sich durch ihre klassische, eif\u00f6rmige Silhouette aus, die sich elegant zu einem massiven Sockel aus Klarglas verj\u00fcngt.<\/p>\n<p data-path-to-node=\"3\">Die Magma-Serie ist f\u00fcr ihren feurigen und erdigen Charakter bekannt. Im Glas sehen Sie ein dynamisches Zusammenspiel von goldbraunen und bernsteinfarbenen Oberfl\u00e4chen, die von zackigen, dunklen Linien durchzogen sind, die an Risse in Eruptivgestein erinnern. Da das Glas nach traditionellen Methoden mit dem Mund in Holzformen geblasen wird, ist das Muster nicht bei jeder Vase gleich. So ist garantiert, dass Sie ein einzigartiges St\u00fcck Handwerkskunst erhalten. Schauen Sie sich dieses sch\u00f6ne Modell in unserem Ausstellungsraum in Ammerzoden an, um sich selbst von der Tiefe der Farben zu \u00fcberzeugen, oder bestellen Sie es direkt und sicher \u00fcber unseren Webshop.<\/p>\n<p>\u00d6ffnungsloch ca. 12,5cm<\/p>\n","protected":false},"excerpt":{"rendered":"<p>Die Fidrio Vase Alore Magma ist ein mundgeblasener Blickfang mit einer H\u00f6he von 33 cm. Sie ist in warmen, goldbraunen T\u00f6nen gehalten und mit einem kunstvollen Netz aus dunklen Linien versehen. Mit seinem robusten, eif\u00f6rmigen Design und dem massiven Glassockel ist dieses einzigartige Kunstobjekt eine stilvolle Erg\u00e4nzung f\u00fcr jedes Interieur.<\/p>\n","protected":false},"featured_media":205123,"template":"","meta":{"_acf_changed":false,"_genesis_title":"","_genesis_description":""},"product_brand":[6950],"product_cat":[812,800,7060],"product_tag":[],"class_list":{"0":"post-205391","1":"product","2":"type-product","3":"status-publish","4":"has-post-thumbnail","6":"product_brand-fidrio-de","7":"product_cat-farbige-glasvasen","8":"product_cat-glaskunst","9":"product_cat-fidrio-glaskollektion","11":"first","12":"outofstock","13":"taxable","14":"shipping-taxable","15":"purchasable","16":"product-type-simple"},"acf":[],"meta_all":{"cor_restricted_countries":[],"total_sales":"2"},"meta_all_flat":{"total_sales":"2"},"yoast_head":"<!-- This site is optimized with the Yoast SEO Premium plugin v26.2 (Yoast SEO v27.2) - https:\/\/yoast.com\/product\/yoast-seo-premium-wordpress\/ -->\n<title>Fidrio Fidrio Vase Alore Magma 33cm - Eliassen.nl<\/title>\n<meta name=\"description\" content=\"Kaufen Sie die einzigartige Fidrio Vase Alore Magma (33cm). Ein mundgeblasener Blickfang mit warmen Farben und robustem Design. Sehen Sie sich das jetzt bei Eliassen an!\" \/>\n<meta name=\"robots\" content=\"index, follow, max-snippet:-1, max-image-preview:large, max-video-preview:-1\" \/>\n<link rel=\"canonical\" href=\"https:\/\/www.eliassen.nl\/de\/fidrio-vase-alore-magma-33cm\/\" \/>\n<meta property=\"og:locale\" content=\"de_DE\" \/>\n<meta property=\"og:type\" content=\"article\" \/>\n<meta property=\"og:title\" content=\"Fidrio Fidrio Vase Alore Magma 33cm - Eliassen.nl\" \/>\n<meta property=\"og:description\" content=\"Kaufen Sie die einzigartige Fidrio Vase Alore Magma (33cm). Ein mundgeblasener Blickfang mit warmen Farben und robustem Design. Sehen Sie sich das jetzt bei Eliassen an!\" \/>\n<meta property=\"og:url\" content=\"https:\/\/www.eliassen.nl\/de\/fidrio-vase-alore-magma-33cm\/\" \/>\n<meta property=\"og:site_name\" content=\"Eliassen.nl\" \/>\n<meta property=\"article:publisher\" content=\"https:\/\/www.facebook.com\/TuincentrumEliassenAmmerzoden\" \/>\n<meta property=\"article:modified_time\" content=\"2026-02-06T13:35:41+00:00\" \/>\n<meta property=\"og:image\" content=\"https:\/\/www.eliassen.nl\/wp-content\/uploads\/2026\/01\/Fidrio-alore-33cm-Magma-Eliassen.nl_.jpg\" \/>\n\t<meta property=\"og:image:width\" content=\"650\" \/>\n\t<meta property=\"og:image:height\" content=\"650\" \/>\n\t<meta property=\"og:image:type\" content=\"image\/jpeg\" \/>\n<meta name=\"twitter:card\" content=\"summary_large_image\" \/>\n<script type=\"application\/ld+json\" class=\"yoast-schema-graph\">{\"@context\":\"https:\/\/schema.org\",\"@graph\":[{\"@type\":\"WebPage\",\"@id\":\"https:\/\/www.eliassen.nl\/de\/fidrio-vase-alore-magma-33cm\/\",\"url\":\"https:\/\/www.eliassen.nl\/de\/fidrio-vase-alore-magma-33cm\/\",\"name\":\"Fidrio Fidrio Vase Alore Magma 33cm - Eliassen.nl\",\"isPartOf\":{\"@id\":\"https:\/\/www.eliassen.nl\/de\/#website\"},\"primaryImageOfPage\":{\"@id\":\"https:\/\/www.eliassen.nl\/de\/fidrio-vase-alore-magma-33cm\/#primaryimage\"},\"image\":{\"@id\":\"https:\/\/www.eliassen.nl\/de\/fidrio-vase-alore-magma-33cm\/#primaryimage\"},\"thumbnailUrl\":\"https:\/\/www.eliassen.nl\/wp-content\/uploads\/2026\/01\/Fidrio-alore-33cm-Magma-Eliassen.nl_.jpg\",\"datePublished\":\"2026-01-30T13:27:50+00:00\",\"dateModified\":\"2026-02-06T13:35:41+00:00\",\"description\":\"Kaufen Sie die einzigartige Fidrio Vase Alore Magma (33cm). Ein mundgeblasener Blickfang mit warmen Farben und robustem Design. Sehen Sie sich das jetzt bei Eliassen an!\",\"breadcrumb\":{\"@id\":\"https:\/\/www.eliassen.nl\/de\/fidrio-vase-alore-magma-33cm\/#breadcrumb\"},\"inLanguage\":\"de\",\"potentialAction\":[{\"@type\":\"ReadAction\",\"target\":[\"https:\/\/www.eliassen.nl\/de\/fidrio-vase-alore-magma-33cm\/\"]}]},{\"@type\":\"ImageObject\",\"inLanguage\":\"de\",\"@id\":\"https:\/\/www.eliassen.nl\/de\/fidrio-vase-alore-magma-33cm\/#primaryimage\",\"url\":\"https:\/\/www.eliassen.nl\/wp-content\/uploads\/2026\/01\/Fidrio-alore-33cm-Magma-Eliassen.nl_.jpg\",\"contentUrl\":\"https:\/\/www.eliassen.nl\/wp-content\/uploads\/2026\/01\/Fidrio-alore-33cm-Magma-Eliassen.nl_.jpg\",\"width\":650,\"height\":650,\"caption\":\"Fidrio alore 33cm Magma Eliassen.nl\"},{\"@type\":\"BreadcrumbList\",\"@id\":\"https:\/\/www.eliassen.nl\/de\/fidrio-vase-alore-magma-33cm\/#breadcrumb\",\"itemListElement\":[{\"@type\":\"ListItem\",\"position\":1,\"name\":\"Home\",\"item\":\"https:\/\/www.eliassen.nl\/de\/\"},{\"@type\":\"ListItem\",\"position\":2,\"name\":\"Shop\",\"item\":\"https:\/\/www.eliassen.nl\/de\/shop\/\"},{\"@type\":\"ListItem\",\"position\":3,\"name\":\"Glaskunst\",\"item\":\"https:\/\/www.eliassen.nl\/de\/glaskunst\/\"},{\"@type\":\"ListItem\",\"position\":4,\"name\":\"Farbige Glasvasen\",\"item\":\"https:\/\/www.eliassen.nl\/de\/glaskunst\/farbige-glasvasen\/\"},{\"@type\":\"ListItem\",\"position\":5,\"name\":\"Fidrio Vase Alore Magma 33cm\"}]},{\"@type\":\"WebSite\",\"@id\":\"https:\/\/www.eliassen.nl\/de\/#website\",\"url\":\"https:\/\/www.eliassen.nl\/de\/\",\"name\":\"Eliassen Home & Garden Pleasure\",\"description\":\"\",\"publisher\":{\"@id\":\"https:\/\/www.eliassen.nl\/de\/#organization\"},\"alternateName\":\"Eliassen.nl\",\"potentialAction\":[{\"@type\":\"SearchAction\",\"target\":{\"@type\":\"EntryPoint\",\"urlTemplate\":\"https:\/\/www.eliassen.nl\/de\/?s={search_term_string}\"},\"query-input\":{\"@type\":\"PropertyValueSpecification\",\"valueRequired\":true,\"valueName\":\"search_term_string\"}}],\"inLanguage\":\"de\"},{\"@type\":[\"Organization\",\"Place\"],\"@id\":\"https:\/\/www.eliassen.nl\/de\/#organization\",\"name\":\"Eliassen Home & Garden Pleasure\",\"url\":\"https:\/\/www.eliassen.nl\/de\/\",\"logo\":{\"@id\":\"https:\/\/www.eliassen.nl\/de\/fidrio-vase-alore-magma-33cm\/#local-main-organization-logo\"},\"image\":{\"@id\":\"https:\/\/www.eliassen.nl\/de\/fidrio-vase-alore-magma-33cm\/#local-main-organization-logo\"},\"sameAs\":[\"https:\/\/www.facebook.com\/TuincentrumEliassenAmmerzoden\",\"https:\/\/www.instagram.com\/eliassenhomeandgarden\/\",\"https:\/\/nl.pinterest.com\/eliassenhomeandgarden\/\",\"https:\/\/www.youtube.com\/@eliassenhomegardenpleasure4558\"],\"telephone\":[],\"openingHoursSpecification\":[{\"@type\":\"OpeningHoursSpecification\",\"dayOfWeek\":[\"Monday\",\"Tuesday\",\"Wednesday\",\"Thursday\",\"Friday\",\"Saturday\",\"Sunday\"],\"opens\":\"09:00\",\"closes\":\"17:00\"}]},{\"@type\":\"ImageObject\",\"inLanguage\":\"de\",\"@id\":\"https:\/\/www.eliassen.nl\/de\/fidrio-vase-alore-magma-33cm\/#local-main-organization-logo\",\"url\":\"https:\/\/www.eliassen.nl\/wp-content\/uploads\/2024\/01\/logo_4nd.jpg\",\"contentUrl\":\"https:\/\/www.eliassen.nl\/wp-content\/uploads\/2024\/01\/logo_4nd.jpg\",\"width\":500,\"height\":500,\"caption\":\"Eliassen Home & Garden Pleasure\"}]}<\/script>\n<meta property=\"product:price:amount\" content=\"76.50\" \/>\n<meta property=\"product:price:currency\" content=\"EUR\" \/>\n<meta property=\"og:availability\" content=\"out of stock\" \/>\n<meta property=\"product:availability\" content=\"out of stock\" \/>\n<meta property=\"product:retailer_item_id\" content=\"430\/9569\/ma\" \/>\n<meta property=\"product:condition\" content=\"new\" \/>\n<!-- \/ Yoast SEO Premium plugin. -->","yoast_head_json":{"title":"Fidrio Fidrio Vase Alore Magma 33cm - Eliassen.nl","description":"Kaufen Sie die einzigartige Fidrio Vase Alore Magma (33cm). Ein mundgeblasener Blickfang mit warmen Farben und robustem Design. Sehen Sie sich das jetzt bei Eliassen an!","robots":{"index":"index","follow":"follow","max-snippet":"max-snippet:-1","max-image-preview":"max-image-preview:large","max-video-preview":"max-video-preview:-1"},"canonical":"https:\/\/www.eliassen.nl\/de\/fidrio-vase-alore-magma-33cm\/","og_locale":"de_DE","og_type":"article","og_title":"Fidrio Fidrio Vase Alore Magma 33cm - Eliassen.nl","og_description":"Kaufen Sie die einzigartige Fidrio Vase Alore Magma (33cm). Ein mundgeblasener Blickfang mit warmen Farben und robustem Design. Sehen Sie sich das jetzt bei Eliassen an!","og_url":"https:\/\/www.eliassen.nl\/de\/fidrio-vase-alore-magma-33cm\/","og_site_name":"Eliassen.nl","article_publisher":"https:\/\/www.facebook.com\/TuincentrumEliassenAmmerzoden","article_modified_time":"2026-02-06T13:35:41+00:00","og_image":[{"width":650,"height":650,"url":"https:\/\/www.eliassen.nl\/wp-content\/uploads\/2026\/01\/Fidrio-alore-33cm-Magma-Eliassen.nl_.jpg","type":"image\/jpeg"}],"twitter_card":"summary_large_image","schema":{"@context":"https:\/\/schema.org","@graph":[{"@type":"WebPage","@id":"https:\/\/www.eliassen.nl\/de\/fidrio-vase-alore-magma-33cm\/","url":"https:\/\/www.eliassen.nl\/de\/fidrio-vase-alore-magma-33cm\/","name":"Fidrio Fidrio Vase Alore Magma 33cm - Eliassen.nl","isPartOf":{"@id":"https:\/\/www.eliassen.nl\/de\/#website"},"primaryImageOfPage":{"@id":"https:\/\/www.eliassen.nl\/de\/fidrio-vase-alore-magma-33cm\/#primaryimage"},"image":{"@id":"https:\/\/www.eliassen.nl\/de\/fidrio-vase-alore-magma-33cm\/#primaryimage"},"thumbnailUrl":"https:\/\/www.eliassen.nl\/wp-content\/uploads\/2026\/01\/Fidrio-alore-33cm-Magma-Eliassen.nl_.jpg","datePublished":"2026-01-30T13:27:50+00:00","dateModified":"2026-02-06T13:35:41+00:00","description":"Kaufen Sie die einzigartige Fidrio Vase Alore Magma (33cm). Ein mundgeblasener Blickfang mit warmen Farben und robustem Design. Sehen Sie sich das jetzt bei Eliassen an!","breadcrumb":{"@id":"https:\/\/www.eliassen.nl\/de\/fidrio-vase-alore-magma-33cm\/#breadcrumb"},"inLanguage":"de","potentialAction":[{"@type":"ReadAction","target":["https:\/\/www.eliassen.nl\/de\/fidrio-vase-alore-magma-33cm\/"]}]},{"@type":"ImageObject","inLanguage":"de","@id":"https:\/\/www.eliassen.nl\/de\/fidrio-vase-alore-magma-33cm\/#primaryimage","url":"https:\/\/www.eliassen.nl\/wp-content\/uploads\/2026\/01\/Fidrio-alore-33cm-Magma-Eliassen.nl_.jpg","contentUrl":"https:\/\/www.eliassen.nl\/wp-content\/uploads\/2026\/01\/Fidrio-alore-33cm-Magma-Eliassen.nl_.jpg","width":650,"height":650,"caption":"Fidrio alore 33cm Magma Eliassen.nl"},{"@type":"BreadcrumbList","@id":"https:\/\/www.eliassen.nl\/de\/fidrio-vase-alore-magma-33cm\/#breadcrumb","itemListElement":[{"@type":"ListItem","position":1,"name":"Home","item":"https:\/\/www.eliassen.nl\/de\/"},{"@type":"ListItem","position":2,"name":"Shop","item":"https:\/\/www.eliassen.nl\/de\/shop\/"},{"@type":"ListItem","position":3,"name":"Glaskunst","item":"https:\/\/www.eliassen.nl\/de\/glaskunst\/"},{"@type":"ListItem","position":4,"name":"Farbige Glasvasen","item":"https:\/\/www.eliassen.nl\/de\/glaskunst\/farbige-glasvasen\/"},{"@type":"ListItem","position":5,"name":"Fidrio Vase Alore Magma 33cm"}]},{"@type":"WebSite","@id":"https:\/\/www.eliassen.nl\/de\/#website","url":"https:\/\/www.eliassen.nl\/de\/","name":"Eliassen Home & Garden Pleasure","description":"","publisher":{"@id":"https:\/\/www.eliassen.nl\/de\/#organization"},"alternateName":"Eliassen.nl","potentialAction":[{"@type":"SearchAction","target":{"@type":"EntryPoint","urlTemplate":"https:\/\/www.eliassen.nl\/de\/?s={search_term_string}"},"query-input":{"@type":"PropertyValueSpecification","valueRequired":true,"valueName":"search_term_string"}}],"inLanguage":"de"},{"@type":["Organization","Place"],"@id":"https:\/\/www.eliassen.nl\/de\/#organization","name":"Eliassen Home & Garden Pleasure","url":"https:\/\/www.eliassen.nl\/de\/","logo":{"@id":"https:\/\/www.eliassen.nl\/de\/fidrio-vase-alore-magma-33cm\/#local-main-organization-logo"},"image":{"@id":"https:\/\/www.eliassen.nl\/de\/fidrio-vase-alore-magma-33cm\/#local-main-organization-logo"},"sameAs":["https:\/\/www.facebook.com\/TuincentrumEliassenAmmerzoden","https:\/\/www.instagram.com\/eliassenhomeandgarden\/","https:\/\/nl.pinterest.com\/eliassenhomeandgarden\/","https:\/\/www.youtube.com\/@eliassenhomegardenpleasure4558"],"telephone":[],"openingHoursSpecification":[{"@type":"OpeningHoursSpecification","dayOfWeek":["Monday","Tuesday","Wednesday","Thursday","Friday","Saturday","Sunday"],"opens":"09:00","closes":"17:00"}]},{"@type":"ImageObject","inLanguage":"de","@id":"https:\/\/www.eliassen.nl\/de\/fidrio-vase-alore-magma-33cm\/#local-main-organization-logo","url":"https:\/\/www.eliassen.nl\/wp-content\/uploads\/2024\/01\/logo_4nd.jpg","contentUrl":"https:\/\/www.eliassen.nl\/wp-content\/uploads\/2024\/01\/logo_4nd.jpg","width":500,"height":500,"caption":"Eliassen Home & Garden Pleasure"}]},"product_price_amount":"76.50","product_price_currency":"EUR","og_availability":"out of stock","product_availability":"out of stock","product_retailer_item_id":"430\/9569\/ma","product_condition":"new"},"df_price":76.5,"df_sale_price":"","df_regular_price":76.5,"df_image_link":"https:\/\/www.eliassen.nl\/wp-content\/uploads\/2026\/01\/Fidrio-alore-33cm-Magma-Eliassen.nl_-300x300.jpg","image":"https:\/\/www.eliassen.nl\/wp-content\/uploads\/2026\/01\/Fidrio-alore-33cm-Magma-Eliassen.nl_-150x150.jpg","price_search":"<span class=\"woocommerce-Price-amount amount\"><bdi><span class=\"woocommerce-Price-currencySymbol\">&euro;<\/span>&nbsp;76,50<\/bdi><\/span>","category":"Farbige Glasvasen","global_unique_id":"2036819216026","_links":{"self":[{"href":"https:\/\/www.eliassen.nl\/de\/wp-json\/wp\/v2\/product\/205391","targetHints":{"allow":["GET"]}}],"collection":[{"href":"https:\/\/www.eliassen.nl\/de\/wp-json\/wp\/v2\/product"}],"about":[{"href":"https:\/\/www.eliassen.nl\/de\/wp-json\/wp\/v2\/types\/product"}],"wp:featuredmedia":[{"embeddable":true,"href":"https:\/\/www.eliassen.nl\/de\/wp-json\/wp\/v2\/media\/205123"}],"wp:attachment":[{"href":"https:\/\/www.eliassen.nl\/de\/wp-json\/wp\/v2\/media?parent=205391"}],"wp:term":[{"taxonomy":"product_brand","embeddable":true,"href":"https:\/\/www.eliassen.nl\/de\/wp-json\/wp\/v2\/product_brand?post=205391"},{"taxonomy":"product_cat","embeddable":true,"href":"https:\/\/www.eliassen.nl\/de\/wp-json\/wp\/v2\/product_cat?post=205391"},{"taxonomy":"product_tag","embeddable":true,"href":"https:\/\/www.eliassen.nl\/de\/wp-json\/wp\/v2\/product_tag?post=205391"}],"curies":[{"name":"wp","href":"https:\/\/api.w.org\/{rel}","templated":true}]}}