{"id":205389,"date":"2026-01-30T14:25:11","date_gmt":"2026-01-30T13:25:11","guid":{"rendered":"https:\/\/www.eliassen.nl\/product\/fidrio-vase-gloriosa-magma-15cm\/"},"modified":"2026-02-27T14:37:05","modified_gmt":"2026-02-27T13:37:05","slug":"fidrio-vase-gloriosa-magma-15cm","status":"publish","type":"product","link":"https:\/\/www.eliassen.nl\/de\/fidrio-vase-gloriosa-magma-15cm\/","title":{"rendered":"Fidrio Vase Gloriosa Magma 15cm"},"content":{"rendered":"<p data-path-to-node=\"2\">Entdecken Sie die raffinierte Sch\u00f6nheit der Fidrio Vase &#8218;Gloriosa&#8216; in der stimmungsvollen Version Magma. Dieses 15 cm hohe Modell f\u00e4llt sofort durch sein schlankes, leicht verj\u00fcngtes Design auf, das auf einem markanten, soliden Sockel aus Klarglas ruht. Die Glaswaren aus der Magma-Serie bringen die urspr\u00fcngliche Kraft der Natur mit einer warmen Farbpalette aus Bernstein, Goldbraun und tiefschwarzen Adern, die wie erstarrte Lava \u00fcber die Vase zu flie\u00dfen scheinen, ins Haus.<\/p>\n<p data-path-to-node=\"3\">Da diese Vasen in traditionellen Holzformen mundgeblasen werden, ist das Muster jeder Vase ein absolutes Unikat, so dass Sie wirklich ein einzigartiges Exemplar mit nach Hause nehmen. Mit ihrem eleganten Design und ihrer kompakten Gr\u00f6\u00dfe ist die &#8218;Gloriosa&#8216; ideal f\u00fcr eine einzelne Blume oder einen kleinen, zarten Strau\u00df, sieht aber auch ohne Inhalt als luxuri\u00f6ses Dekorationsobjekt auf Ihrer Anrichte oder Ihrem Fensterbrett gro\u00dfartig aus. Erleben Sie den warmen Look der Magma-Kollektion in unserem Ausstellungsraum in Ammerzoden oder bestellen Sie dieses Kunstwerk einfach \u00fcber unseren Webshop.<\/p>\n","protected":false},"excerpt":{"rendered":"<p>Die Fidrio Vase Gloriosa Magma ist ein elegantes, mundgeblasenes Kunstobjekt mit einer H\u00f6he von 15 cm, das sich durch einen luxuri\u00f6sen, massiven Glasboden und warme Erdt\u00f6ne auszeichnet. Die schlanke, spitz zulaufende Form macht diese Vase zu einem zeitlosen und einzigartigen Accessoire, das in jeder Einrichtung einen stimmungsvollen Akzent setzt.<\/p>\n","protected":false},"featured_media":205135,"template":"","meta":{"_acf_changed":false,"_genesis_title":"","_genesis_description":""},"product_brand":[6950],"product_cat":[812,800,7060],"product_tag":[],"class_list":{"0":"post-205389","1":"product","2":"type-product","3":"status-publish","4":"has-post-thumbnail","6":"product_brand-fidrio-de","7":"product_cat-farbige-glasvasen","8":"product_cat-glaskunst","9":"product_cat-fidrio-glaskollektion","11":"first","12":"instock","13":"taxable","14":"shipping-taxable","15":"purchasable","16":"product-type-simple"},"acf":[],"meta_all":{"cor_restricted_countries":[],"total_sales":"0"},"meta_all_flat":{"total_sales":"0"},"yoast_head":"<!-- This site is optimized with the Yoast SEO Premium plugin v26.2 (Yoast SEO v27.2) - https:\/\/yoast.com\/product\/yoast-seo-premium-wordpress\/ -->\n<title>Fidrio Fidrio Vase Gloriosa Magma 15cm - Eliassen.nl<\/title>\n<meta name=\"description\" content=\"W\u00e4hlen Sie die Fidrio Vase Gloriosa Magma (15cm) f\u00fcr eine warme Atmosph\u00e4re. Mundgeblasene Spitzenqualit\u00e4t mit einzigartigen Erdt\u00f6nen und solidem Boden. Jetzt bei Eliassen!\" \/>\n<meta name=\"robots\" content=\"index, follow, max-snippet:-1, max-image-preview:large, max-video-preview:-1\" \/>\n<link rel=\"canonical\" href=\"https:\/\/www.eliassen.nl\/de\/fidrio-vase-gloriosa-magma-15cm\/\" \/>\n<meta property=\"og:locale\" content=\"de_DE\" \/>\n<meta property=\"og:type\" content=\"article\" \/>\n<meta property=\"og:title\" content=\"Fidrio Fidrio Vase Gloriosa Magma 15cm - Eliassen.nl\" \/>\n<meta property=\"og:description\" content=\"W\u00e4hlen Sie die Fidrio Vase Gloriosa Magma (15cm) f\u00fcr eine warme Atmosph\u00e4re. Mundgeblasene Spitzenqualit\u00e4t mit einzigartigen Erdt\u00f6nen und solidem Boden. Jetzt bei Eliassen!\" \/>\n<meta property=\"og:url\" content=\"https:\/\/www.eliassen.nl\/de\/fidrio-vase-gloriosa-magma-15cm\/\" \/>\n<meta property=\"og:site_name\" content=\"Eliassen.nl\" \/>\n<meta property=\"article:publisher\" content=\"https:\/\/www.facebook.com\/TuincentrumEliassenAmmerzoden\" \/>\n<meta property=\"article:modified_time\" content=\"2026-02-27T13:37:05+00:00\" \/>\n<meta property=\"og:image\" content=\"https:\/\/www.eliassen.nl\/wp-content\/uploads\/2026\/01\/Fidrio-gloriosa-15cm-Magma-Eliassen.nl_.jpg\" \/>\n\t<meta property=\"og:image:width\" content=\"650\" \/>\n\t<meta property=\"og:image:height\" content=\"650\" \/>\n\t<meta property=\"og:image:type\" content=\"image\/jpeg\" \/>\n<meta name=\"twitter:card\" content=\"summary_large_image\" \/>\n<script type=\"application\/ld+json\" class=\"yoast-schema-graph\">{\"@context\":\"https:\/\/schema.org\",\"@graph\":[{\"@type\":\"WebPage\",\"@id\":\"https:\/\/www.eliassen.nl\/de\/fidrio-vase-gloriosa-magma-15cm\/\",\"url\":\"https:\/\/www.eliassen.nl\/de\/fidrio-vase-gloriosa-magma-15cm\/\",\"name\":\"Fidrio Fidrio Vase Gloriosa Magma 15cm - Eliassen.nl\",\"isPartOf\":{\"@id\":\"https:\/\/www.eliassen.nl\/de\/#website\"},\"primaryImageOfPage\":{\"@id\":\"https:\/\/www.eliassen.nl\/de\/fidrio-vase-gloriosa-magma-15cm\/#primaryimage\"},\"image\":{\"@id\":\"https:\/\/www.eliassen.nl\/de\/fidrio-vase-gloriosa-magma-15cm\/#primaryimage\"},\"thumbnailUrl\":\"https:\/\/www.eliassen.nl\/wp-content\/uploads\/2026\/01\/Fidrio-gloriosa-15cm-Magma-Eliassen.nl_.jpg\",\"datePublished\":\"2026-01-30T13:25:11+00:00\",\"dateModified\":\"2026-02-27T13:37:05+00:00\",\"description\":\"W\u00e4hlen Sie die Fidrio Vase Gloriosa Magma (15cm) f\u00fcr eine warme Atmosph\u00e4re. Mundgeblasene Spitzenqualit\u00e4t mit einzigartigen Erdt\u00f6nen und solidem Boden. Jetzt bei Eliassen!\",\"breadcrumb\":{\"@id\":\"https:\/\/www.eliassen.nl\/de\/fidrio-vase-gloriosa-magma-15cm\/#breadcrumb\"},\"inLanguage\":\"de\",\"potentialAction\":[{\"@type\":\"ReadAction\",\"target\":[\"https:\/\/www.eliassen.nl\/de\/fidrio-vase-gloriosa-magma-15cm\/\"]}]},{\"@type\":\"ImageObject\",\"inLanguage\":\"de\",\"@id\":\"https:\/\/www.eliassen.nl\/de\/fidrio-vase-gloriosa-magma-15cm\/#primaryimage\",\"url\":\"https:\/\/www.eliassen.nl\/wp-content\/uploads\/2026\/01\/Fidrio-gloriosa-15cm-Magma-Eliassen.nl_.jpg\",\"contentUrl\":\"https:\/\/www.eliassen.nl\/wp-content\/uploads\/2026\/01\/Fidrio-gloriosa-15cm-Magma-Eliassen.nl_.jpg\",\"width\":650,\"height\":650,\"caption\":\"Fidrio gloriosa 15cm Magma Eliassen.nl\"},{\"@type\":\"BreadcrumbList\",\"@id\":\"https:\/\/www.eliassen.nl\/de\/fidrio-vase-gloriosa-magma-15cm\/#breadcrumb\",\"itemListElement\":[{\"@type\":\"ListItem\",\"position\":1,\"name\":\"Home\",\"item\":\"https:\/\/www.eliassen.nl\/de\/\"},{\"@type\":\"ListItem\",\"position\":2,\"name\":\"Shop\",\"item\":\"https:\/\/www.eliassen.nl\/de\/shop\/\"},{\"@type\":\"ListItem\",\"position\":3,\"name\":\"Glaskunst\",\"item\":\"https:\/\/www.eliassen.nl\/de\/glaskunst\/\"},{\"@type\":\"ListItem\",\"position\":4,\"name\":\"Farbige Glasvasen\",\"item\":\"https:\/\/www.eliassen.nl\/de\/glaskunst\/farbige-glasvasen\/\"},{\"@type\":\"ListItem\",\"position\":5,\"name\":\"Fidrio Vase Gloriosa Magma 15cm\"}]},{\"@type\":\"WebSite\",\"@id\":\"https:\/\/www.eliassen.nl\/de\/#website\",\"url\":\"https:\/\/www.eliassen.nl\/de\/\",\"name\":\"Eliassen Home & Garden Pleasure\",\"description\":\"\",\"publisher\":{\"@id\":\"https:\/\/www.eliassen.nl\/de\/#organization\"},\"alternateName\":\"Eliassen.nl\",\"potentialAction\":[{\"@type\":\"SearchAction\",\"target\":{\"@type\":\"EntryPoint\",\"urlTemplate\":\"https:\/\/www.eliassen.nl\/de\/?s={search_term_string}\"},\"query-input\":{\"@type\":\"PropertyValueSpecification\",\"valueRequired\":true,\"valueName\":\"search_term_string\"}}],\"inLanguage\":\"de\"},{\"@type\":[\"Organization\",\"Place\"],\"@id\":\"https:\/\/www.eliassen.nl\/de\/#organization\",\"name\":\"Eliassen Home & Garden Pleasure\",\"url\":\"https:\/\/www.eliassen.nl\/de\/\",\"logo\":{\"@id\":\"https:\/\/www.eliassen.nl\/de\/fidrio-vase-gloriosa-magma-15cm\/#local-main-organization-logo\"},\"image\":{\"@id\":\"https:\/\/www.eliassen.nl\/de\/fidrio-vase-gloriosa-magma-15cm\/#local-main-organization-logo\"},\"sameAs\":[\"https:\/\/www.facebook.com\/TuincentrumEliassenAmmerzoden\",\"https:\/\/www.instagram.com\/eliassenhomeandgarden\/\",\"https:\/\/nl.pinterest.com\/eliassenhomeandgarden\/\",\"https:\/\/www.youtube.com\/@eliassenhomegardenpleasure4558\"],\"telephone\":[],\"openingHoursSpecification\":[{\"@type\":\"OpeningHoursSpecification\",\"dayOfWeek\":[\"Monday\",\"Tuesday\",\"Wednesday\",\"Thursday\",\"Friday\",\"Saturday\",\"Sunday\"],\"opens\":\"09:00\",\"closes\":\"17:00\"}]},{\"@type\":\"ImageObject\",\"inLanguage\":\"de\",\"@id\":\"https:\/\/www.eliassen.nl\/de\/fidrio-vase-gloriosa-magma-15cm\/#local-main-organization-logo\",\"url\":\"https:\/\/www.eliassen.nl\/wp-content\/uploads\/2024\/01\/logo_4nd.jpg\",\"contentUrl\":\"https:\/\/www.eliassen.nl\/wp-content\/uploads\/2024\/01\/logo_4nd.jpg\",\"width\":500,\"height\":500,\"caption\":\"Eliassen Home & Garden Pleasure\"}]}<\/script>\n<meta property=\"product:price:amount\" content=\"21.50\" \/>\n<meta property=\"product:price:currency\" content=\"EUR\" \/>\n<meta property=\"og:availability\" content=\"instock\" \/>\n<meta property=\"product:availability\" content=\"instock\" \/>\n<meta property=\"product:retailer_item_id\" content=\"430\/9493\/ma\" \/>\n<meta property=\"product:condition\" content=\"new\" \/>\n<!-- \/ Yoast SEO Premium plugin. -->","yoast_head_json":{"title":"Fidrio Fidrio Vase Gloriosa Magma 15cm - Eliassen.nl","description":"W\u00e4hlen Sie die Fidrio Vase Gloriosa Magma (15cm) f\u00fcr eine warme Atmosph\u00e4re. Mundgeblasene Spitzenqualit\u00e4t mit einzigartigen Erdt\u00f6nen und solidem Boden. Jetzt bei Eliassen!","robots":{"index":"index","follow":"follow","max-snippet":"max-snippet:-1","max-image-preview":"max-image-preview:large","max-video-preview":"max-video-preview:-1"},"canonical":"https:\/\/www.eliassen.nl\/de\/fidrio-vase-gloriosa-magma-15cm\/","og_locale":"de_DE","og_type":"article","og_title":"Fidrio Fidrio Vase Gloriosa Magma 15cm - Eliassen.nl","og_description":"W\u00e4hlen Sie die Fidrio Vase Gloriosa Magma (15cm) f\u00fcr eine warme Atmosph\u00e4re. Mundgeblasene Spitzenqualit\u00e4t mit einzigartigen Erdt\u00f6nen und solidem Boden. Jetzt bei Eliassen!","og_url":"https:\/\/www.eliassen.nl\/de\/fidrio-vase-gloriosa-magma-15cm\/","og_site_name":"Eliassen.nl","article_publisher":"https:\/\/www.facebook.com\/TuincentrumEliassenAmmerzoden","article_modified_time":"2026-02-27T13:37:05+00:00","og_image":[{"width":650,"height":650,"url":"https:\/\/www.eliassen.nl\/wp-content\/uploads\/2026\/01\/Fidrio-gloriosa-15cm-Magma-Eliassen.nl_.jpg","type":"image\/jpeg"}],"twitter_card":"summary_large_image","schema":{"@context":"https:\/\/schema.org","@graph":[{"@type":"WebPage","@id":"https:\/\/www.eliassen.nl\/de\/fidrio-vase-gloriosa-magma-15cm\/","url":"https:\/\/www.eliassen.nl\/de\/fidrio-vase-gloriosa-magma-15cm\/","name":"Fidrio Fidrio Vase Gloriosa Magma 15cm - Eliassen.nl","isPartOf":{"@id":"https:\/\/www.eliassen.nl\/de\/#website"},"primaryImageOfPage":{"@id":"https:\/\/www.eliassen.nl\/de\/fidrio-vase-gloriosa-magma-15cm\/#primaryimage"},"image":{"@id":"https:\/\/www.eliassen.nl\/de\/fidrio-vase-gloriosa-magma-15cm\/#primaryimage"},"thumbnailUrl":"https:\/\/www.eliassen.nl\/wp-content\/uploads\/2026\/01\/Fidrio-gloriosa-15cm-Magma-Eliassen.nl_.jpg","datePublished":"2026-01-30T13:25:11+00:00","dateModified":"2026-02-27T13:37:05+00:00","description":"W\u00e4hlen Sie die Fidrio Vase Gloriosa Magma (15cm) f\u00fcr eine warme Atmosph\u00e4re. Mundgeblasene Spitzenqualit\u00e4t mit einzigartigen Erdt\u00f6nen und solidem Boden. Jetzt bei Eliassen!","breadcrumb":{"@id":"https:\/\/www.eliassen.nl\/de\/fidrio-vase-gloriosa-magma-15cm\/#breadcrumb"},"inLanguage":"de","potentialAction":[{"@type":"ReadAction","target":["https:\/\/www.eliassen.nl\/de\/fidrio-vase-gloriosa-magma-15cm\/"]}]},{"@type":"ImageObject","inLanguage":"de","@id":"https:\/\/www.eliassen.nl\/de\/fidrio-vase-gloriosa-magma-15cm\/#primaryimage","url":"https:\/\/www.eliassen.nl\/wp-content\/uploads\/2026\/01\/Fidrio-gloriosa-15cm-Magma-Eliassen.nl_.jpg","contentUrl":"https:\/\/www.eliassen.nl\/wp-content\/uploads\/2026\/01\/Fidrio-gloriosa-15cm-Magma-Eliassen.nl_.jpg","width":650,"height":650,"caption":"Fidrio gloriosa 15cm Magma Eliassen.nl"},{"@type":"BreadcrumbList","@id":"https:\/\/www.eliassen.nl\/de\/fidrio-vase-gloriosa-magma-15cm\/#breadcrumb","itemListElement":[{"@type":"ListItem","position":1,"name":"Home","item":"https:\/\/www.eliassen.nl\/de\/"},{"@type":"ListItem","position":2,"name":"Shop","item":"https:\/\/www.eliassen.nl\/de\/shop\/"},{"@type":"ListItem","position":3,"name":"Glaskunst","item":"https:\/\/www.eliassen.nl\/de\/glaskunst\/"},{"@type":"ListItem","position":4,"name":"Farbige Glasvasen","item":"https:\/\/www.eliassen.nl\/de\/glaskunst\/farbige-glasvasen\/"},{"@type":"ListItem","position":5,"name":"Fidrio Vase Gloriosa Magma 15cm"}]},{"@type":"WebSite","@id":"https:\/\/www.eliassen.nl\/de\/#website","url":"https:\/\/www.eliassen.nl\/de\/","name":"Eliassen Home & Garden Pleasure","description":"","publisher":{"@id":"https:\/\/www.eliassen.nl\/de\/#organization"},"alternateName":"Eliassen.nl","potentialAction":[{"@type":"SearchAction","target":{"@type":"EntryPoint","urlTemplate":"https:\/\/www.eliassen.nl\/de\/?s={search_term_string}"},"query-input":{"@type":"PropertyValueSpecification","valueRequired":true,"valueName":"search_term_string"}}],"inLanguage":"de"},{"@type":["Organization","Place"],"@id":"https:\/\/www.eliassen.nl\/de\/#organization","name":"Eliassen Home & Garden Pleasure","url":"https:\/\/www.eliassen.nl\/de\/","logo":{"@id":"https:\/\/www.eliassen.nl\/de\/fidrio-vase-gloriosa-magma-15cm\/#local-main-organization-logo"},"image":{"@id":"https:\/\/www.eliassen.nl\/de\/fidrio-vase-gloriosa-magma-15cm\/#local-main-organization-logo"},"sameAs":["https:\/\/www.facebook.com\/TuincentrumEliassenAmmerzoden","https:\/\/www.instagram.com\/eliassenhomeandgarden\/","https:\/\/nl.pinterest.com\/eliassenhomeandgarden\/","https:\/\/www.youtube.com\/@eliassenhomegardenpleasure4558"],"telephone":[],"openingHoursSpecification":[{"@type":"OpeningHoursSpecification","dayOfWeek":["Monday","Tuesday","Wednesday","Thursday","Friday","Saturday","Sunday"],"opens":"09:00","closes":"17:00"}]},{"@type":"ImageObject","inLanguage":"de","@id":"https:\/\/www.eliassen.nl\/de\/fidrio-vase-gloriosa-magma-15cm\/#local-main-organization-logo","url":"https:\/\/www.eliassen.nl\/wp-content\/uploads\/2024\/01\/logo_4nd.jpg","contentUrl":"https:\/\/www.eliassen.nl\/wp-content\/uploads\/2024\/01\/logo_4nd.jpg","width":500,"height":500,"caption":"Eliassen Home & Garden Pleasure"}]},"product_price_amount":"21.50","product_price_currency":"EUR","og_availability":"instock","product_availability":"instock","product_retailer_item_id":"430\/9493\/ma","product_condition":"new"},"df_price":21.5,"df_sale_price":"","df_regular_price":21.5,"df_image_link":"https:\/\/www.eliassen.nl\/wp-content\/uploads\/2026\/01\/Fidrio-gloriosa-15cm-Magma-Eliassen.nl_-300x300.jpg","image":"https:\/\/www.eliassen.nl\/wp-content\/uploads\/2026\/01\/Fidrio-gloriosa-15cm-Magma-Eliassen.nl_-150x150.jpg","price_search":"<span class=\"woocommerce-Price-amount amount\"><bdi><span class=\"woocommerce-Price-currencySymbol\">&euro;<\/span>&nbsp;21,50<\/bdi><\/span>","category":"Farbige Glasvasen","global_unique_id":"2036818431239","_links":{"self":[{"href":"https:\/\/www.eliassen.nl\/de\/wp-json\/wp\/v2\/product\/205389","targetHints":{"allow":["GET"]}}],"collection":[{"href":"https:\/\/www.eliassen.nl\/de\/wp-json\/wp\/v2\/product"}],"about":[{"href":"https:\/\/www.eliassen.nl\/de\/wp-json\/wp\/v2\/types\/product"}],"wp:featuredmedia":[{"embeddable":true,"href":"https:\/\/www.eliassen.nl\/de\/wp-json\/wp\/v2\/media\/205135"}],"wp:attachment":[{"href":"https:\/\/www.eliassen.nl\/de\/wp-json\/wp\/v2\/media?parent=205389"}],"wp:term":[{"taxonomy":"product_brand","embeddable":true,"href":"https:\/\/www.eliassen.nl\/de\/wp-json\/wp\/v2\/product_brand?post=205389"},{"taxonomy":"product_cat","embeddable":true,"href":"https:\/\/www.eliassen.nl\/de\/wp-json\/wp\/v2\/product_cat?post=205389"},{"taxonomy":"product_tag","embeddable":true,"href":"https:\/\/www.eliassen.nl\/de\/wp-json\/wp\/v2\/product_tag?post=205389"}],"curies":[{"name":"wp","href":"https:\/\/api.w.org\/{rel}","templated":true}]}}