{"id":205060,"date":"2026-01-28T16:49:02","date_gmt":"2026-01-28T15:49:02","guid":{"rendered":"https:\/\/www.eliassen.nl\/product\/skulptur-bronze-die-spitze-erreicht-34cm\/"},"modified":"2026-01-28T16:49:02","modified_gmt":"2026-01-28T15:49:02","slug":"skulptur-bronze-die-spitze-erreicht-34cm","status":"publish","type":"product","link":"https:\/\/www.eliassen.nl\/de\/skulptur-bronze-die-spitze-erreicht-34cm\/","title":{"rendered":"Skulptur Bronze Die Spitze erreicht 34cm"},"content":{"rendered":"<p data-path-to-node=\"2\">Die Bronzeskulptur &#8218;The Top Achieved&#8216; ist ein kraftvolles Symbol f\u00fcr Erfolg, Beharrlichkeit und Sieg. Mit einer H\u00f6he von 34 cm eignet sich dieses Kunstwerk perfekt f\u00fcr einen Schreibtisch, ein Sideboard oder eine Vitrine. Die Skulptur zeigt eine anmutige, aufsteigende Spirale, die den Weg nach oben darstellt, mit einer menschlichen Figur an der Spitze, die triumphierend die Arme in die Luft hebt. Es ist ein tolles Geschenk f\u00fcr jemanden, der ein wichtiges Ziel erreicht hat, eine Pr\u00fcfung bestanden hat oder einen gesch\u00e4ftlichen Meilenstein feiert.<\/p>\n<p data-path-to-node=\"3\">Qualit\u00e4t ist bei diesem Bild garantiert. Er ist aus hochwertiger Bronze mit einem Kupferanteil von mindestens 75% gefertigt, was f\u00fcr ein langlebiges und luxuri\u00f6ses Aussehen sorgt. Nat\u00fcrlich erhalten Sie beim Kauf ein entsprechendes Zertifikat. Obwohl dieses Modell fest auf seinem Sockel steht, haben die meisten unserer Statuen M8-Gewinde an der Unterseite, falls Sie sie zus\u00e4tzlich verankern m\u00f6chten.<\/p>\n<p data-path-to-node=\"4\">W\u00fcrden Sie es vorziehen, dieses symbolische Kunstwerk zuerst in natura zu sehen? Sie sind herzlich eingeladen, unseren Ausstellungsraum in Ammerzoden zu besuchen. Hier finden Sie nicht nur dieses Modell, sondern k\u00f6nnen sich an einer Sammlung von mehr als 600 verschiedenen Bronzeskulpturen erfreuen; ein Angebot, das seinesgleichen sucht.<\/p>\n","protected":false},"excerpt":{"rendered":"<p data-path-to-node=\"6\">Diese inspirierende Bronzestatue, 34 cm hoch, zeigt eine Figur, die triumphierend auf einer Spirale steht. Sie symbolisiert das Erreichen des Gipfels und das Feiern des Erfolgs. Die Skulptur ist aus hochwertiger Bronze mit einem Kupferanteil von mindestens 75% gegossen und wird mit einem Zertifikat geliefert. Ein ideales Geschenk f\u00fcr besondere Auftritte, das Sie neben vielen anderen Modellen auch physisch in unserem Showroom in Ammerzoden bewundern k\u00f6nnen.<\/p>\n","protected":false},"featured_media":204924,"template":"","meta":{"_acf_changed":false,"_genesis_title":"","_genesis_description":""},"product_brand":[7505],"product_cat":[803,613],"product_tag":[],"class_list":{"0":"post-205060","1":"product","2":"type-product","3":"status-publish","4":"has-post-thumbnail","6":"product_brand-sonstige","7":"product_cat-abstrakte-statuen-aus-bronze","8":"product_cat-bronzestatuen","10":"first","11":"instock","12":"taxable","13":"shipping-taxable","14":"purchasable","15":"product-type-simple"},"acf":[],"meta_all":{"cor_restricted_countries":[],"total_sales":"0"},"meta_all_flat":{"total_sales":"0"},"yoast_head":"<!-- This site is optimized with the Yoast SEO Premium plugin v26.2 (Yoast SEO v27.2) - https:\/\/yoast.com\/product\/yoast-seo-premium-wordpress\/ -->\n<title>Sonstige Skulptur Bronze Die Spitze erreicht 34cm - Eliassen.nl<\/title>\n<meta name=\"description\" content=\"Bronzeskulptur &#039;The Top Reached&#039; (34cm). Ein Symbol f\u00fcr Erfolg und Sieg. Inkl. Zertifikat. Sehen Sie sich 600+ Bilder in unserem Shop in Ammerzoden an.\" \/>\n<meta name=\"robots\" content=\"index, follow, max-snippet:-1, max-image-preview:large, max-video-preview:-1\" \/>\n<link rel=\"canonical\" href=\"https:\/\/www.eliassen.nl\/de\/skulptur-bronze-die-spitze-erreicht-34cm\/\" \/>\n<meta property=\"og:locale\" content=\"de_DE\" \/>\n<meta property=\"og:type\" content=\"article\" \/>\n<meta property=\"og:title\" content=\"Sonstige Skulptur Bronze Die Spitze erreicht 34cm - Eliassen.nl\" \/>\n<meta property=\"og:description\" content=\"Bronzeskulptur &#039;The Top Reached&#039; (34cm). Ein Symbol f\u00fcr Erfolg und Sieg. Inkl. Zertifikat. Sehen Sie sich 600+ Bilder in unserem Shop in Ammerzoden an.\" \/>\n<meta property=\"og:url\" content=\"https:\/\/www.eliassen.nl\/de\/skulptur-bronze-die-spitze-erreicht-34cm\/\" \/>\n<meta property=\"og:site_name\" content=\"Eliassen.nl\" \/>\n<meta property=\"article:publisher\" content=\"https:\/\/www.facebook.com\/TuincentrumEliassenAmmerzoden\" \/>\n<meta property=\"og:image\" content=\"https:\/\/www.eliassen.nl\/wp-content\/uploads\/2026\/01\/Beeld-brons-De-top-bereikt-Eliassen.nl-AN3068BR.jpg\" \/>\n\t<meta property=\"og:image:width\" content=\"1878\" \/>\n\t<meta property=\"og:image:height\" content=\"1920\" \/>\n\t<meta property=\"og:image:type\" content=\"image\/jpeg\" \/>\n<meta name=\"twitter:card\" content=\"summary_large_image\" \/>\n<script type=\"application\/ld+json\" class=\"yoast-schema-graph\">{\"@context\":\"https:\/\/schema.org\",\"@graph\":[{\"@type\":\"WebPage\",\"@id\":\"https:\/\/www.eliassen.nl\/de\/skulptur-bronze-die-spitze-erreicht-34cm\/\",\"url\":\"https:\/\/www.eliassen.nl\/de\/skulptur-bronze-die-spitze-erreicht-34cm\/\",\"name\":\"Sonstige Skulptur Bronze Die Spitze erreicht 34cm - Eliassen.nl\",\"isPartOf\":{\"@id\":\"https:\/\/www.eliassen.nl\/de\/#website\"},\"primaryImageOfPage\":{\"@id\":\"https:\/\/www.eliassen.nl\/de\/skulptur-bronze-die-spitze-erreicht-34cm\/#primaryimage\"},\"image\":{\"@id\":\"https:\/\/www.eliassen.nl\/de\/skulptur-bronze-die-spitze-erreicht-34cm\/#primaryimage\"},\"thumbnailUrl\":\"https:\/\/www.eliassen.nl\/wp-content\/uploads\/2026\/01\/Beeld-brons-De-top-bereikt-Eliassen.nl-AN3068BR.jpg\",\"datePublished\":\"2026-01-28T15:49:02+00:00\",\"description\":\"Bronzeskulptur 'The Top Reached' (34cm). Ein Symbol f\u00fcr Erfolg und Sieg. Inkl. Zertifikat. Sehen Sie sich 600+ Bilder in unserem Shop in Ammerzoden an.\",\"breadcrumb\":{\"@id\":\"https:\/\/www.eliassen.nl\/de\/skulptur-bronze-die-spitze-erreicht-34cm\/#breadcrumb\"},\"inLanguage\":\"de\",\"potentialAction\":[{\"@type\":\"ReadAction\",\"target\":[\"https:\/\/www.eliassen.nl\/de\/skulptur-bronze-die-spitze-erreicht-34cm\/\"]}]},{\"@type\":\"ImageObject\",\"inLanguage\":\"de\",\"@id\":\"https:\/\/www.eliassen.nl\/de\/skulptur-bronze-die-spitze-erreicht-34cm\/#primaryimage\",\"url\":\"https:\/\/www.eliassen.nl\/wp-content\/uploads\/2026\/01\/Beeld-brons-De-top-bereikt-Eliassen.nl-AN3068BR.jpg\",\"contentUrl\":\"https:\/\/www.eliassen.nl\/wp-content\/uploads\/2026\/01\/Beeld-brons-De-top-bereikt-Eliassen.nl-AN3068BR.jpg\",\"width\":1878,\"height\":1920},{\"@type\":\"BreadcrumbList\",\"@id\":\"https:\/\/www.eliassen.nl\/de\/skulptur-bronze-die-spitze-erreicht-34cm\/#breadcrumb\",\"itemListElement\":[{\"@type\":\"ListItem\",\"position\":1,\"name\":\"Home\",\"item\":\"https:\/\/www.eliassen.nl\/de\/\"},{\"@type\":\"ListItem\",\"position\":2,\"name\":\"Shop\",\"item\":\"https:\/\/www.eliassen.nl\/de\/shop\/\"},{\"@type\":\"ListItem\",\"position\":3,\"name\":\"Bronzestatuen\",\"item\":\"https:\/\/www.eliassen.nl\/de\/bronzestatuen\/\"},{\"@type\":\"ListItem\",\"position\":4,\"name\":\"Skulptur Bronze Die Spitze erreicht 34cm\"}]},{\"@type\":\"WebSite\",\"@id\":\"https:\/\/www.eliassen.nl\/de\/#website\",\"url\":\"https:\/\/www.eliassen.nl\/de\/\",\"name\":\"Eliassen Home & Garden Pleasure\",\"description\":\"\",\"publisher\":{\"@id\":\"https:\/\/www.eliassen.nl\/de\/#organization\"},\"alternateName\":\"Eliassen.nl\",\"potentialAction\":[{\"@type\":\"SearchAction\",\"target\":{\"@type\":\"EntryPoint\",\"urlTemplate\":\"https:\/\/www.eliassen.nl\/de\/?s={search_term_string}\"},\"query-input\":{\"@type\":\"PropertyValueSpecification\",\"valueRequired\":true,\"valueName\":\"search_term_string\"}}],\"inLanguage\":\"de\"},{\"@type\":[\"Organization\",\"Place\"],\"@id\":\"https:\/\/www.eliassen.nl\/de\/#organization\",\"name\":\"Eliassen Home & Garden Pleasure\",\"url\":\"https:\/\/www.eliassen.nl\/de\/\",\"logo\":{\"@id\":\"https:\/\/www.eliassen.nl\/de\/skulptur-bronze-die-spitze-erreicht-34cm\/#local-main-organization-logo\"},\"image\":{\"@id\":\"https:\/\/www.eliassen.nl\/de\/skulptur-bronze-die-spitze-erreicht-34cm\/#local-main-organization-logo\"},\"sameAs\":[\"https:\/\/www.facebook.com\/TuincentrumEliassenAmmerzoden\",\"https:\/\/www.instagram.com\/eliassenhomeandgarden\/\",\"https:\/\/nl.pinterest.com\/eliassenhomeandgarden\/\",\"https:\/\/www.youtube.com\/@eliassenhomegardenpleasure4558\"],\"telephone\":[],\"openingHoursSpecification\":[{\"@type\":\"OpeningHoursSpecification\",\"dayOfWeek\":[\"Monday\",\"Tuesday\",\"Wednesday\",\"Thursday\",\"Friday\",\"Saturday\",\"Sunday\"],\"opens\":\"09:00\",\"closes\":\"17:00\"}]},{\"@type\":\"ImageObject\",\"inLanguage\":\"de\",\"@id\":\"https:\/\/www.eliassen.nl\/de\/skulptur-bronze-die-spitze-erreicht-34cm\/#local-main-organization-logo\",\"url\":\"https:\/\/www.eliassen.nl\/wp-content\/uploads\/2024\/01\/logo_4nd.jpg\",\"contentUrl\":\"https:\/\/www.eliassen.nl\/wp-content\/uploads\/2024\/01\/logo_4nd.jpg\",\"width\":500,\"height\":500,\"caption\":\"Eliassen Home & Garden Pleasure\"}]}<\/script>\n<meta property=\"product:price:amount\" content=\"179.00\" \/>\n<meta property=\"product:price:currency\" content=\"EUR\" \/>\n<meta property=\"og:availability\" content=\"instock\" \/>\n<meta property=\"product:availability\" content=\"instock\" \/>\n<meta property=\"product:retailer_item_id\" content=\"an3068\" \/>\n<meta property=\"product:condition\" content=\"new\" \/>\n<!-- \/ Yoast SEO Premium plugin. -->","yoast_head_json":{"title":"Sonstige Skulptur Bronze Die Spitze erreicht 34cm - Eliassen.nl","description":"Bronzeskulptur 'The Top Reached' (34cm). Ein Symbol f\u00fcr Erfolg und Sieg. Inkl. Zertifikat. Sehen Sie sich 600+ Bilder in unserem Shop in Ammerzoden an.","robots":{"index":"index","follow":"follow","max-snippet":"max-snippet:-1","max-image-preview":"max-image-preview:large","max-video-preview":"max-video-preview:-1"},"canonical":"https:\/\/www.eliassen.nl\/de\/skulptur-bronze-die-spitze-erreicht-34cm\/","og_locale":"de_DE","og_type":"article","og_title":"Sonstige Skulptur Bronze Die Spitze erreicht 34cm - Eliassen.nl","og_description":"Bronzeskulptur 'The Top Reached' (34cm). Ein Symbol f\u00fcr Erfolg und Sieg. Inkl. Zertifikat. Sehen Sie sich 600+ Bilder in unserem Shop in Ammerzoden an.","og_url":"https:\/\/www.eliassen.nl\/de\/skulptur-bronze-die-spitze-erreicht-34cm\/","og_site_name":"Eliassen.nl","article_publisher":"https:\/\/www.facebook.com\/TuincentrumEliassenAmmerzoden","og_image":[{"width":1878,"height":1920,"url":"https:\/\/www.eliassen.nl\/wp-content\/uploads\/2026\/01\/Beeld-brons-De-top-bereikt-Eliassen.nl-AN3068BR.jpg","type":"image\/jpeg"}],"twitter_card":"summary_large_image","schema":{"@context":"https:\/\/schema.org","@graph":[{"@type":"WebPage","@id":"https:\/\/www.eliassen.nl\/de\/skulptur-bronze-die-spitze-erreicht-34cm\/","url":"https:\/\/www.eliassen.nl\/de\/skulptur-bronze-die-spitze-erreicht-34cm\/","name":"Sonstige Skulptur Bronze Die Spitze erreicht 34cm - Eliassen.nl","isPartOf":{"@id":"https:\/\/www.eliassen.nl\/de\/#website"},"primaryImageOfPage":{"@id":"https:\/\/www.eliassen.nl\/de\/skulptur-bronze-die-spitze-erreicht-34cm\/#primaryimage"},"image":{"@id":"https:\/\/www.eliassen.nl\/de\/skulptur-bronze-die-spitze-erreicht-34cm\/#primaryimage"},"thumbnailUrl":"https:\/\/www.eliassen.nl\/wp-content\/uploads\/2026\/01\/Beeld-brons-De-top-bereikt-Eliassen.nl-AN3068BR.jpg","datePublished":"2026-01-28T15:49:02+00:00","description":"Bronzeskulptur 'The Top Reached' (34cm). Ein Symbol f\u00fcr Erfolg und Sieg. Inkl. Zertifikat. Sehen Sie sich 600+ Bilder in unserem Shop in Ammerzoden an.","breadcrumb":{"@id":"https:\/\/www.eliassen.nl\/de\/skulptur-bronze-die-spitze-erreicht-34cm\/#breadcrumb"},"inLanguage":"de","potentialAction":[{"@type":"ReadAction","target":["https:\/\/www.eliassen.nl\/de\/skulptur-bronze-die-spitze-erreicht-34cm\/"]}]},{"@type":"ImageObject","inLanguage":"de","@id":"https:\/\/www.eliassen.nl\/de\/skulptur-bronze-die-spitze-erreicht-34cm\/#primaryimage","url":"https:\/\/www.eliassen.nl\/wp-content\/uploads\/2026\/01\/Beeld-brons-De-top-bereikt-Eliassen.nl-AN3068BR.jpg","contentUrl":"https:\/\/www.eliassen.nl\/wp-content\/uploads\/2026\/01\/Beeld-brons-De-top-bereikt-Eliassen.nl-AN3068BR.jpg","width":1878,"height":1920},{"@type":"BreadcrumbList","@id":"https:\/\/www.eliassen.nl\/de\/skulptur-bronze-die-spitze-erreicht-34cm\/#breadcrumb","itemListElement":[{"@type":"ListItem","position":1,"name":"Home","item":"https:\/\/www.eliassen.nl\/de\/"},{"@type":"ListItem","position":2,"name":"Shop","item":"https:\/\/www.eliassen.nl\/de\/shop\/"},{"@type":"ListItem","position":3,"name":"Bronzestatuen","item":"https:\/\/www.eliassen.nl\/de\/bronzestatuen\/"},{"@type":"ListItem","position":4,"name":"Skulptur Bronze Die Spitze erreicht 34cm"}]},{"@type":"WebSite","@id":"https:\/\/www.eliassen.nl\/de\/#website","url":"https:\/\/www.eliassen.nl\/de\/","name":"Eliassen Home & Garden Pleasure","description":"","publisher":{"@id":"https:\/\/www.eliassen.nl\/de\/#organization"},"alternateName":"Eliassen.nl","potentialAction":[{"@type":"SearchAction","target":{"@type":"EntryPoint","urlTemplate":"https:\/\/www.eliassen.nl\/de\/?s={search_term_string}"},"query-input":{"@type":"PropertyValueSpecification","valueRequired":true,"valueName":"search_term_string"}}],"inLanguage":"de"},{"@type":["Organization","Place"],"@id":"https:\/\/www.eliassen.nl\/de\/#organization","name":"Eliassen Home & Garden Pleasure","url":"https:\/\/www.eliassen.nl\/de\/","logo":{"@id":"https:\/\/www.eliassen.nl\/de\/skulptur-bronze-die-spitze-erreicht-34cm\/#local-main-organization-logo"},"image":{"@id":"https:\/\/www.eliassen.nl\/de\/skulptur-bronze-die-spitze-erreicht-34cm\/#local-main-organization-logo"},"sameAs":["https:\/\/www.facebook.com\/TuincentrumEliassenAmmerzoden","https:\/\/www.instagram.com\/eliassenhomeandgarden\/","https:\/\/nl.pinterest.com\/eliassenhomeandgarden\/","https:\/\/www.youtube.com\/@eliassenhomegardenpleasure4558"],"telephone":[],"openingHoursSpecification":[{"@type":"OpeningHoursSpecification","dayOfWeek":["Monday","Tuesday","Wednesday","Thursday","Friday","Saturday","Sunday"],"opens":"09:00","closes":"17:00"}]},{"@type":"ImageObject","inLanguage":"de","@id":"https:\/\/www.eliassen.nl\/de\/skulptur-bronze-die-spitze-erreicht-34cm\/#local-main-organization-logo","url":"https:\/\/www.eliassen.nl\/wp-content\/uploads\/2024\/01\/logo_4nd.jpg","contentUrl":"https:\/\/www.eliassen.nl\/wp-content\/uploads\/2024\/01\/logo_4nd.jpg","width":500,"height":500,"caption":"Eliassen Home & Garden Pleasure"}]},"product_price_amount":"179.00","product_price_currency":"EUR","og_availability":"instock","product_availability":"instock","product_retailer_item_id":"an3068","product_condition":"new"},"df_price":179,"df_sale_price":"","df_regular_price":179,"df_image_link":"https:\/\/www.eliassen.nl\/wp-content\/uploads\/2026\/01\/Beeld-brons-De-top-bereikt-Eliassen.nl-AN3068BR-293x300.jpg","image":"https:\/\/www.eliassen.nl\/wp-content\/uploads\/2026\/01\/Beeld-brons-De-top-bereikt-Eliassen.nl-AN3068BR-150x150.jpg","price_search":"<span class=\"woocommerce-Price-amount amount\"><bdi><span class=\"woocommerce-Price-currencySymbol\">&euro;<\/span>&nbsp;179,00<\/bdi><\/span>","category":"Abstrakte Statuen aus Bronze","global_unique_id":"5410807030684","_links":{"self":[{"href":"https:\/\/www.eliassen.nl\/de\/wp-json\/wp\/v2\/product\/205060","targetHints":{"allow":["GET"]}}],"collection":[{"href":"https:\/\/www.eliassen.nl\/de\/wp-json\/wp\/v2\/product"}],"about":[{"href":"https:\/\/www.eliassen.nl\/de\/wp-json\/wp\/v2\/types\/product"}],"wp:featuredmedia":[{"embeddable":true,"href":"https:\/\/www.eliassen.nl\/de\/wp-json\/wp\/v2\/media\/204924"}],"wp:attachment":[{"href":"https:\/\/www.eliassen.nl\/de\/wp-json\/wp\/v2\/media?parent=205060"}],"wp:term":[{"taxonomy":"product_brand","embeddable":true,"href":"https:\/\/www.eliassen.nl\/de\/wp-json\/wp\/v2\/product_brand?post=205060"},{"taxonomy":"product_cat","embeddable":true,"href":"https:\/\/www.eliassen.nl\/de\/wp-json\/wp\/v2\/product_cat?post=205060"},{"taxonomy":"product_tag","embeddable":true,"href":"https:\/\/www.eliassen.nl\/de\/wp-json\/wp\/v2\/product_tag?post=205060"}],"curies":[{"name":"wp","href":"https:\/\/api.w.org\/{rel}","templated":true}]}}