{"id":205057,"date":"2026-01-28T16:46:25","date_gmt":"2026-01-28T15:46:25","guid":{"rendered":"https:\/\/www.eliassen.nl\/product\/skulptur-bronze-zusammenarbeit-balance-in-ihrem-leben-78cm\/"},"modified":"2026-01-28T16:46:25","modified_gmt":"2026-01-28T15:46:25","slug":"skulptur-bronze-zusammenarbeit-balance-in-ihrem-leben-78cm","status":"publish","type":"product","link":"https:\/\/www.eliassen.nl\/de\/skulptur-bronze-zusammenarbeit-balance-in-ihrem-leben-78cm\/","title":{"rendered":"Skulptur Bronze Zusammenarbeit Balance in Ihrem Leben 78cm"},"content":{"rendered":"<p data-path-to-node=\"2\">Mit einer H\u00f6he von 78 cm ist diese beeindruckende Bronzeskulptur mit dem Titel &#8218;Balance in your life&#8216; ein echter Blickfang f\u00fcr Ihr Interieur oder Ihren Garten. Das Kunstwerk zeigt eine dynamische und kunstvolle Stapelung von menschlichen Figuren, die in perfekter Harmonie \u00fcbereinander balancieren. Dieses kraftvolle Bild symbolisiert Zusammenarbeit, Vertrauen und Ausgewogenheit; eine wunderbare Metapher sowohl f\u00fcr pers\u00f6nliche Beziehungen als auch f\u00fcr gesch\u00e4ftlichen Erfolg. Die dunkle Patina verleiht ihm einen zeitlosen und modernen Look.<\/p>\n<p data-path-to-node=\"3\">Qualit\u00e4t ist unsere oberste Priorit\u00e4t. Diese Statue ist aus hochwertiger Bronze mit einem Kupferanteil von mindestens 75% gefertigt, was eine sehr lange Lebensdauer und ein luxuri\u00f6ses Aussehen garantiert, das nicht verblasst. Nat\u00fcrlich wird dieses Kunstwerk mit einem entsprechenden Zertifikat geliefert. F\u00fcr zus\u00e4tzliche Stabilit\u00e4t oder zum Schutz vor Diebstahl (wenn Sie die Statue im Garten aufstellen) ist es gut zu wissen, dass die meisten unserer Statuen an der Unterseite mit einem M8-Gewinde versehen sind, so dass Sie sie leicht verankern k\u00f6nnen.<\/p>\n<p data-path-to-node=\"4\">M\u00f6chten Sie diese Skulptur erst einmal in natura bewundern oder sie mit anderen Stilen vergleichen? Sie sind herzlich eingeladen, unser Gesch\u00e4ft in Ammerzoden zu besuchen. Wir haben hier einen einzigartigen Ausstellungsraum eingerichtet, in dem bis zu 600 verschiedene Bronzemodelle ausgestellt sind; eine Kollektion, die Sie nirgendwo sonst finden werden.<\/p>\n","protected":false},"excerpt":{"rendered":"<p data-path-to-node=\"6\">Diese 78 cm hohe Bronzeskulptur zeigt mehrere Figuren in einem dynamischen Balanceakt, der Zusammenarbeit, Vertrauen und Gleichgewicht symbolisiert. Die Statue ist aus hochwertiger Bronze mit mindestens 75% Kupferanteil gegossen, wird mit Zertifikat geliefert und kann dank des M8-Gewindes fest verankert werden. Ein einzigartiges Kunstwerk, das Sie zusammen mit 600 anderen Bronzemodellen auch in unserem gro\u00dfen Ausstellungsraum in Ammerzoden besichtigen k\u00f6nnen.<\/p>\n","protected":false},"featured_media":204928,"template":"","meta":{"_acf_changed":false,"_genesis_title":"","_genesis_description":""},"product_brand":[7505],"product_cat":[644,613],"product_tag":[],"class_list":{"0":"post-205057","1":"product","2":"type-product","3":"status-publish","4":"has-post-thumbnail","6":"product_brand-sonstige","7":"product_cat-andere-bronzestatuen","8":"product_cat-bronzestatuen","10":"first","11":"instock","12":"taxable","13":"shipping-taxable","14":"purchasable","15":"product-type-simple"},"acf":[],"meta_all":{"cor_restricted_countries":[],"total_sales":"0"},"meta_all_flat":{"total_sales":"0"},"yoast_head":"<!-- This site is optimized with the Yoast SEO Premium plugin v26.2 (Yoast SEO v27.2) - https:\/\/yoast.com\/product\/yoast-seo-premium-wordpress\/ -->\n<title>Sonstige Skulptur Bronze Zusammenarbeit Balance in Ihrem Leben 78cm - Eliassen.nl<\/title>\n<meta name=\"description\" content=\"Bronzeskulptur &#039;Balance in Ihrem Leben&#039; (78cm). Hochwertige Bronze, inkl. Zertifikat. Sehen Sie sich dieses Symbol der Zusammenarbeit in unserem Ausstellungsraum mit \u00fcber 600 Bildern an.\" \/>\n<meta name=\"robots\" content=\"index, follow, max-snippet:-1, max-image-preview:large, max-video-preview:-1\" \/>\n<link rel=\"canonical\" href=\"https:\/\/www.eliassen.nl\/de\/skulptur-bronze-zusammenarbeit-balance-in-ihrem-leben-78cm\/\" \/>\n<meta property=\"og:locale\" content=\"de_DE\" \/>\n<meta property=\"og:type\" content=\"article\" \/>\n<meta property=\"og:title\" content=\"Sonstige Skulptur Bronze Zusammenarbeit Balance in Ihrem Leben 78cm - Eliassen.nl\" \/>\n<meta property=\"og:description\" content=\"Bronzeskulptur &#039;Balance in Ihrem Leben&#039; (78cm). Hochwertige Bronze, inkl. Zertifikat. Sehen Sie sich dieses Symbol der Zusammenarbeit in unserem Ausstellungsraum mit \u00fcber 600 Bildern an.\" \/>\n<meta property=\"og:url\" content=\"https:\/\/www.eliassen.nl\/de\/skulptur-bronze-zusammenarbeit-balance-in-ihrem-leben-78cm\/\" \/>\n<meta property=\"og:site_name\" content=\"Eliassen.nl\" \/>\n<meta property=\"article:publisher\" content=\"https:\/\/www.facebook.com\/TuincentrumEliassenAmmerzoden\" \/>\n<meta property=\"og:image\" content=\"https:\/\/www.eliassen.nl\/wp-content\/uploads\/2026\/01\/Beeld-brons-Balans-in-het-leven-Eliassen.nl-an3012.jpg\" \/>\n\t<meta property=\"og:image:width\" content=\"506\" \/>\n\t<meta property=\"og:image:height\" content=\"864\" \/>\n\t<meta property=\"og:image:type\" content=\"image\/jpeg\" \/>\n<meta name=\"twitter:card\" content=\"summary_large_image\" \/>\n<script type=\"application\/ld+json\" class=\"yoast-schema-graph\">{\"@context\":\"https:\/\/schema.org\",\"@graph\":[{\"@type\":\"WebPage\",\"@id\":\"https:\/\/www.eliassen.nl\/de\/skulptur-bronze-zusammenarbeit-balance-in-ihrem-leben-78cm\/\",\"url\":\"https:\/\/www.eliassen.nl\/de\/skulptur-bronze-zusammenarbeit-balance-in-ihrem-leben-78cm\/\",\"name\":\"Sonstige Skulptur Bronze Zusammenarbeit Balance in Ihrem Leben 78cm - Eliassen.nl\",\"isPartOf\":{\"@id\":\"https:\/\/www.eliassen.nl\/de\/#website\"},\"primaryImageOfPage\":{\"@id\":\"https:\/\/www.eliassen.nl\/de\/skulptur-bronze-zusammenarbeit-balance-in-ihrem-leben-78cm\/#primaryimage\"},\"image\":{\"@id\":\"https:\/\/www.eliassen.nl\/de\/skulptur-bronze-zusammenarbeit-balance-in-ihrem-leben-78cm\/#primaryimage\"},\"thumbnailUrl\":\"https:\/\/www.eliassen.nl\/wp-content\/uploads\/2026\/01\/Beeld-brons-Balans-in-het-leven-Eliassen.nl-an3012.jpg\",\"datePublished\":\"2026-01-28T15:46:25+00:00\",\"description\":\"Bronzeskulptur 'Balance in Ihrem Leben' (78cm). Hochwertige Bronze, inkl. Zertifikat. Sehen Sie sich dieses Symbol der Zusammenarbeit in unserem Ausstellungsraum mit \u00fcber 600 Bildern an.\",\"breadcrumb\":{\"@id\":\"https:\/\/www.eliassen.nl\/de\/skulptur-bronze-zusammenarbeit-balance-in-ihrem-leben-78cm\/#breadcrumb\"},\"inLanguage\":\"de\",\"potentialAction\":[{\"@type\":\"ReadAction\",\"target\":[\"https:\/\/www.eliassen.nl\/de\/skulptur-bronze-zusammenarbeit-balance-in-ihrem-leben-78cm\/\"]}]},{\"@type\":\"ImageObject\",\"inLanguage\":\"de\",\"@id\":\"https:\/\/www.eliassen.nl\/de\/skulptur-bronze-zusammenarbeit-balance-in-ihrem-leben-78cm\/#primaryimage\",\"url\":\"https:\/\/www.eliassen.nl\/wp-content\/uploads\/2026\/01\/Beeld-brons-Balans-in-het-leven-Eliassen.nl-an3012.jpg\",\"contentUrl\":\"https:\/\/www.eliassen.nl\/wp-content\/uploads\/2026\/01\/Beeld-brons-Balans-in-het-leven-Eliassen.nl-an3012.jpg\",\"width\":506,\"height\":864},{\"@type\":\"BreadcrumbList\",\"@id\":\"https:\/\/www.eliassen.nl\/de\/skulptur-bronze-zusammenarbeit-balance-in-ihrem-leben-78cm\/#breadcrumb\",\"itemListElement\":[{\"@type\":\"ListItem\",\"position\":1,\"name\":\"Home\",\"item\":\"https:\/\/www.eliassen.nl\/de\/\"},{\"@type\":\"ListItem\",\"position\":2,\"name\":\"Shop\",\"item\":\"https:\/\/www.eliassen.nl\/de\/shop\/\"},{\"@type\":\"ListItem\",\"position\":3,\"name\":\"Bronzestatuen\",\"item\":\"https:\/\/www.eliassen.nl\/de\/bronzestatuen\/\"},{\"@type\":\"ListItem\",\"position\":4,\"name\":\"Skulptur Bronze Zusammenarbeit Balance in Ihrem Leben 78cm\"}]},{\"@type\":\"WebSite\",\"@id\":\"https:\/\/www.eliassen.nl\/de\/#website\",\"url\":\"https:\/\/www.eliassen.nl\/de\/\",\"name\":\"Eliassen Home & Garden Pleasure\",\"description\":\"\",\"publisher\":{\"@id\":\"https:\/\/www.eliassen.nl\/de\/#organization\"},\"alternateName\":\"Eliassen.nl\",\"potentialAction\":[{\"@type\":\"SearchAction\",\"target\":{\"@type\":\"EntryPoint\",\"urlTemplate\":\"https:\/\/www.eliassen.nl\/de\/?s={search_term_string}\"},\"query-input\":{\"@type\":\"PropertyValueSpecification\",\"valueRequired\":true,\"valueName\":\"search_term_string\"}}],\"inLanguage\":\"de\"},{\"@type\":[\"Organization\",\"Place\"],\"@id\":\"https:\/\/www.eliassen.nl\/de\/#organization\",\"name\":\"Eliassen Home & Garden Pleasure\",\"url\":\"https:\/\/www.eliassen.nl\/de\/\",\"logo\":{\"@id\":\"https:\/\/www.eliassen.nl\/de\/skulptur-bronze-zusammenarbeit-balance-in-ihrem-leben-78cm\/#local-main-organization-logo\"},\"image\":{\"@id\":\"https:\/\/www.eliassen.nl\/de\/skulptur-bronze-zusammenarbeit-balance-in-ihrem-leben-78cm\/#local-main-organization-logo\"},\"sameAs\":[\"https:\/\/www.facebook.com\/TuincentrumEliassenAmmerzoden\",\"https:\/\/www.instagram.com\/eliassenhomeandgarden\/\",\"https:\/\/nl.pinterest.com\/eliassenhomeandgarden\/\",\"https:\/\/www.youtube.com\/@eliassenhomegardenpleasure4558\"],\"telephone\":[],\"openingHoursSpecification\":[{\"@type\":\"OpeningHoursSpecification\",\"dayOfWeek\":[\"Monday\",\"Tuesday\",\"Wednesday\",\"Thursday\",\"Friday\",\"Saturday\",\"Sunday\"],\"opens\":\"09:00\",\"closes\":\"17:00\"}]},{\"@type\":\"ImageObject\",\"inLanguage\":\"de\",\"@id\":\"https:\/\/www.eliassen.nl\/de\/skulptur-bronze-zusammenarbeit-balance-in-ihrem-leben-78cm\/#local-main-organization-logo\",\"url\":\"https:\/\/www.eliassen.nl\/wp-content\/uploads\/2024\/01\/logo_4nd.jpg\",\"contentUrl\":\"https:\/\/www.eliassen.nl\/wp-content\/uploads\/2024\/01\/logo_4nd.jpg\",\"width\":500,\"height\":500,\"caption\":\"Eliassen Home & Garden Pleasure\"}]}<\/script>\n<meta property=\"product:price:amount\" content=\"499.00\" \/>\n<meta property=\"product:price:currency\" content=\"EUR\" \/>\n<meta property=\"og:availability\" content=\"instock\" \/>\n<meta property=\"product:availability\" content=\"instock\" \/>\n<meta property=\"product:retailer_item_id\" content=\"an3012\" \/>\n<meta property=\"product:condition\" content=\"new\" \/>\n<!-- \/ Yoast SEO Premium plugin. -->","yoast_head_json":{"title":"Sonstige Skulptur Bronze Zusammenarbeit Balance in Ihrem Leben 78cm - Eliassen.nl","description":"Bronzeskulptur 'Balance in Ihrem Leben' (78cm). Hochwertige Bronze, inkl. Zertifikat. Sehen Sie sich dieses Symbol der Zusammenarbeit in unserem Ausstellungsraum mit \u00fcber 600 Bildern an.","robots":{"index":"index","follow":"follow","max-snippet":"max-snippet:-1","max-image-preview":"max-image-preview:large","max-video-preview":"max-video-preview:-1"},"canonical":"https:\/\/www.eliassen.nl\/de\/skulptur-bronze-zusammenarbeit-balance-in-ihrem-leben-78cm\/","og_locale":"de_DE","og_type":"article","og_title":"Sonstige Skulptur Bronze Zusammenarbeit Balance in Ihrem Leben 78cm - Eliassen.nl","og_description":"Bronzeskulptur 'Balance in Ihrem Leben' (78cm). Hochwertige Bronze, inkl. Zertifikat. Sehen Sie sich dieses Symbol der Zusammenarbeit in unserem Ausstellungsraum mit \u00fcber 600 Bildern an.","og_url":"https:\/\/www.eliassen.nl\/de\/skulptur-bronze-zusammenarbeit-balance-in-ihrem-leben-78cm\/","og_site_name":"Eliassen.nl","article_publisher":"https:\/\/www.facebook.com\/TuincentrumEliassenAmmerzoden","og_image":[{"width":506,"height":864,"url":"https:\/\/www.eliassen.nl\/wp-content\/uploads\/2026\/01\/Beeld-brons-Balans-in-het-leven-Eliassen.nl-an3012.jpg","type":"image\/jpeg"}],"twitter_card":"summary_large_image","schema":{"@context":"https:\/\/schema.org","@graph":[{"@type":"WebPage","@id":"https:\/\/www.eliassen.nl\/de\/skulptur-bronze-zusammenarbeit-balance-in-ihrem-leben-78cm\/","url":"https:\/\/www.eliassen.nl\/de\/skulptur-bronze-zusammenarbeit-balance-in-ihrem-leben-78cm\/","name":"Sonstige Skulptur Bronze Zusammenarbeit Balance in Ihrem Leben 78cm - Eliassen.nl","isPartOf":{"@id":"https:\/\/www.eliassen.nl\/de\/#website"},"primaryImageOfPage":{"@id":"https:\/\/www.eliassen.nl\/de\/skulptur-bronze-zusammenarbeit-balance-in-ihrem-leben-78cm\/#primaryimage"},"image":{"@id":"https:\/\/www.eliassen.nl\/de\/skulptur-bronze-zusammenarbeit-balance-in-ihrem-leben-78cm\/#primaryimage"},"thumbnailUrl":"https:\/\/www.eliassen.nl\/wp-content\/uploads\/2026\/01\/Beeld-brons-Balans-in-het-leven-Eliassen.nl-an3012.jpg","datePublished":"2026-01-28T15:46:25+00:00","description":"Bronzeskulptur 'Balance in Ihrem Leben' (78cm). Hochwertige Bronze, inkl. Zertifikat. Sehen Sie sich dieses Symbol der Zusammenarbeit in unserem Ausstellungsraum mit \u00fcber 600 Bildern an.","breadcrumb":{"@id":"https:\/\/www.eliassen.nl\/de\/skulptur-bronze-zusammenarbeit-balance-in-ihrem-leben-78cm\/#breadcrumb"},"inLanguage":"de","potentialAction":[{"@type":"ReadAction","target":["https:\/\/www.eliassen.nl\/de\/skulptur-bronze-zusammenarbeit-balance-in-ihrem-leben-78cm\/"]}]},{"@type":"ImageObject","inLanguage":"de","@id":"https:\/\/www.eliassen.nl\/de\/skulptur-bronze-zusammenarbeit-balance-in-ihrem-leben-78cm\/#primaryimage","url":"https:\/\/www.eliassen.nl\/wp-content\/uploads\/2026\/01\/Beeld-brons-Balans-in-het-leven-Eliassen.nl-an3012.jpg","contentUrl":"https:\/\/www.eliassen.nl\/wp-content\/uploads\/2026\/01\/Beeld-brons-Balans-in-het-leven-Eliassen.nl-an3012.jpg","width":506,"height":864},{"@type":"BreadcrumbList","@id":"https:\/\/www.eliassen.nl\/de\/skulptur-bronze-zusammenarbeit-balance-in-ihrem-leben-78cm\/#breadcrumb","itemListElement":[{"@type":"ListItem","position":1,"name":"Home","item":"https:\/\/www.eliassen.nl\/de\/"},{"@type":"ListItem","position":2,"name":"Shop","item":"https:\/\/www.eliassen.nl\/de\/shop\/"},{"@type":"ListItem","position":3,"name":"Bronzestatuen","item":"https:\/\/www.eliassen.nl\/de\/bronzestatuen\/"},{"@type":"ListItem","position":4,"name":"Skulptur Bronze Zusammenarbeit Balance in Ihrem Leben 78cm"}]},{"@type":"WebSite","@id":"https:\/\/www.eliassen.nl\/de\/#website","url":"https:\/\/www.eliassen.nl\/de\/","name":"Eliassen Home & Garden Pleasure","description":"","publisher":{"@id":"https:\/\/www.eliassen.nl\/de\/#organization"},"alternateName":"Eliassen.nl","potentialAction":[{"@type":"SearchAction","target":{"@type":"EntryPoint","urlTemplate":"https:\/\/www.eliassen.nl\/de\/?s={search_term_string}"},"query-input":{"@type":"PropertyValueSpecification","valueRequired":true,"valueName":"search_term_string"}}],"inLanguage":"de"},{"@type":["Organization","Place"],"@id":"https:\/\/www.eliassen.nl\/de\/#organization","name":"Eliassen Home & Garden Pleasure","url":"https:\/\/www.eliassen.nl\/de\/","logo":{"@id":"https:\/\/www.eliassen.nl\/de\/skulptur-bronze-zusammenarbeit-balance-in-ihrem-leben-78cm\/#local-main-organization-logo"},"image":{"@id":"https:\/\/www.eliassen.nl\/de\/skulptur-bronze-zusammenarbeit-balance-in-ihrem-leben-78cm\/#local-main-organization-logo"},"sameAs":["https:\/\/www.facebook.com\/TuincentrumEliassenAmmerzoden","https:\/\/www.instagram.com\/eliassenhomeandgarden\/","https:\/\/nl.pinterest.com\/eliassenhomeandgarden\/","https:\/\/www.youtube.com\/@eliassenhomegardenpleasure4558"],"telephone":[],"openingHoursSpecification":[{"@type":"OpeningHoursSpecification","dayOfWeek":["Monday","Tuesday","Wednesday","Thursday","Friday","Saturday","Sunday"],"opens":"09:00","closes":"17:00"}]},{"@type":"ImageObject","inLanguage":"de","@id":"https:\/\/www.eliassen.nl\/de\/skulptur-bronze-zusammenarbeit-balance-in-ihrem-leben-78cm\/#local-main-organization-logo","url":"https:\/\/www.eliassen.nl\/wp-content\/uploads\/2024\/01\/logo_4nd.jpg","contentUrl":"https:\/\/www.eliassen.nl\/wp-content\/uploads\/2024\/01\/logo_4nd.jpg","width":500,"height":500,"caption":"Eliassen Home & Garden Pleasure"}]},"product_price_amount":"499.00","product_price_currency":"EUR","og_availability":"instock","product_availability":"instock","product_retailer_item_id":"an3012","product_condition":"new"},"df_price":499,"df_sale_price":"","df_regular_price":499,"df_image_link":"https:\/\/www.eliassen.nl\/wp-content\/uploads\/2026\/01\/Beeld-brons-Balans-in-het-leven-Eliassen.nl-an3012-176x300.jpg","image":"https:\/\/www.eliassen.nl\/wp-content\/uploads\/2026\/01\/Beeld-brons-Balans-in-het-leven-Eliassen.nl-an3012-150x150.jpg","price_search":"<span class=\"woocommerce-Price-amount amount\"><bdi><span class=\"woocommerce-Price-currencySymbol\">&euro;<\/span>&nbsp;499,00<\/bdi><\/span>","category":"Andere Bronzestatuen","global_unique_id":"5410807030127","_links":{"self":[{"href":"https:\/\/www.eliassen.nl\/de\/wp-json\/wp\/v2\/product\/205057","targetHints":{"allow":["GET"]}}],"collection":[{"href":"https:\/\/www.eliassen.nl\/de\/wp-json\/wp\/v2\/product"}],"about":[{"href":"https:\/\/www.eliassen.nl\/de\/wp-json\/wp\/v2\/types\/product"}],"wp:featuredmedia":[{"embeddable":true,"href":"https:\/\/www.eliassen.nl\/de\/wp-json\/wp\/v2\/media\/204928"}],"wp:attachment":[{"href":"https:\/\/www.eliassen.nl\/de\/wp-json\/wp\/v2\/media?parent=205057"}],"wp:term":[{"taxonomy":"product_brand","embeddable":true,"href":"https:\/\/www.eliassen.nl\/de\/wp-json\/wp\/v2\/product_brand?post=205057"},{"taxonomy":"product_cat","embeddable":true,"href":"https:\/\/www.eliassen.nl\/de\/wp-json\/wp\/v2\/product_cat?post=205057"},{"taxonomy":"product_tag","embeddable":true,"href":"https:\/\/www.eliassen.nl\/de\/wp-json\/wp\/v2\/product_tag?post=205057"}],"curies":[{"name":"wp","href":"https:\/\/api.w.org\/{rel}","templated":true}]}}