{"id":204878,"date":"2026-01-26T14:39:53","date_gmt":"2026-01-26T13:39:53","guid":{"rendered":"https:\/\/www.eliassen.nl\/product\/feuerkorb-extradicker-rattan-rund-grau-mit-raedern-50cm\/"},"modified":"2026-03-09T16:50:21","modified_gmt":"2026-03-09T15:50:21","slug":"feuerkorb-extradicker-rattan-rund-grau-mit-raedern-50cm","status":"publish","type":"product","link":"https:\/\/www.eliassen.nl\/de\/feuerkorb-extradicker-rattan-rund-grau-mit-raedern-50cm\/","title":{"rendered":"Feuerkorb Extradicker Rattan rund grau mit R\u00e4dern 50cm"},"content":{"rendered":"<p data-path-to-node=\"1\"><strong>Bitte \u00fcberpr\u00fcfen Sie die von Ihnen gew\u00e4hlte Korbgr\u00f6\u00dfe. Die Ma\u00dfe sind Au\u00dfenma\u00dfe! Wenden Sie sich im Zweifelsfall an uns.<\/strong><\/p>\n<p data-path-to-node=\"1\">Bringen Sie Charakter und Funktionalit\u00e4t in Ihr Wohnzimmer mit diesem robusten Feuerkorb aus extradickem Rattan. Dieses Modell ist in einem attraktiven Grauton gehalten und zeichnet sich durch seine grobe Webart aus, die einen kr\u00e4ftigen, rustikalen Look erzeugt. Der Korb ist speziell f\u00fcr eine starke Beanspruchung konzipiert; der stabile Holzboden bietet den n\u00f6tigen Halt f\u00fcr Ihre Brennholzlagerung und garantiert eine lange Lebensdauer.<\/p>\n<p data-path-to-node=\"2\">Die praktischen R\u00e4der unter dem stabilen Sockel erm\u00f6glichen es Ihnen, den Korb m\u00fchelos \u00fcber Ihren Boden zu bewegen, selbst wenn er voll gef\u00fcllt ist. Mit einem Durchmesser von 50 cm und einer H\u00f6he von 50 cm ist dies ein kompakter und dennoch tiefer Korb, der perfekt in Ecken mit begrenztem Platzangebot passt, ohne Kompromisse bei der Lagerkapazit\u00e4t einzugehen. Die stabilen Griffe runden das Ganze ab und machen den Korb sowohl zu einem praktischen Werkzeug als auch zu einem sch\u00f6nen Dekorationsst\u00fcck f\u00fcr Ihren Kamin oder Ofen.<\/p>\n","protected":false},"excerpt":{"rendered":"<p>Dieser runde Feuerkorb aus superdickem grauem Rattan misst 50&#215;50 cm und hat einen Holzfu\u00df auf R\u00e4dern. Der stabile Sockel erleichtert das Bewegen von Brennholz, w\u00e4hrend das grobe Geflecht Ihrem Interieur eine rustikale Note verleiht. Eine dauerhafte und stilvolle L\u00f6sung f\u00fcr die Organisation Ihres Brennholzes.<\/p>\n","protected":false},"featured_media":203984,"template":"","meta":{"_acf_changed":false,"_genesis_title":"","_genesis_description":""},"product_brand":[7505],"product_cat":[722,1418],"product_tag":[],"class_list":{"0":"post-204878","1":"product","2":"type-product","3":"status-publish","4":"has-post-thumbnail","6":"product_brand-sonstige","7":"product_cat-blumentoepfe-und-pflanzgefaesse","8":"product_cat-koerbe-aus-rattan","10":"first","11":"instock","12":"taxable","13":"shipping-taxable","14":"purchasable","15":"product-type-simple"},"acf":[],"meta_all":{"cor_restricted_countries":[],"total_sales":"2"},"meta_all_flat":{"total_sales":"2"},"yoast_head":"<!-- This site is optimized with the Yoast SEO Premium plugin v26.2 (Yoast SEO v27.2) - https:\/\/yoast.com\/product\/yoast-seo-premium-wordpress\/ -->\n<title>Sonstige Feuerkorb Extradicker Rattan rund grau mit R\u00e4dern 50cm - Eliassen.nl<\/title>\n<meta name=\"description\" content=\"Grauer Feuerkorb aus extradickem Rattan (50x50cm) auf R\u00e4dern. Mit Holzboden f\u00fcr zus\u00e4tzliche Stabilit\u00e4t. Transportieren Sie Ihr Brennholz einfach und im Landhausstil.\" \/>\n<meta name=\"robots\" content=\"index, follow, max-snippet:-1, max-image-preview:large, max-video-preview:-1\" \/>\n<link rel=\"canonical\" href=\"https:\/\/www.eliassen.nl\/de\/feuerkorb-extradicker-rattan-rund-grau-mit-raedern-50cm\/\" \/>\n<meta property=\"og:locale\" content=\"de_DE\" \/>\n<meta property=\"og:type\" content=\"article\" \/>\n<meta property=\"og:title\" content=\"Sonstige Feuerkorb Extradicker Rattan rund grau mit R\u00e4dern 50cm - Eliassen.nl\" \/>\n<meta property=\"og:description\" content=\"Grauer Feuerkorb aus extradickem Rattan (50x50cm) auf R\u00e4dern. Mit Holzboden f\u00fcr zus\u00e4tzliche Stabilit\u00e4t. Transportieren Sie Ihr Brennholz einfach und im Landhausstil.\" \/>\n<meta property=\"og:url\" content=\"https:\/\/www.eliassen.nl\/de\/feuerkorb-extradicker-rattan-rund-grau-mit-raedern-50cm\/\" \/>\n<meta property=\"og:site_name\" content=\"Eliassen.nl\" \/>\n<meta property=\"article:publisher\" content=\"https:\/\/www.facebook.com\/TuincentrumEliassenAmmerzoden\" \/>\n<meta property=\"article:modified_time\" content=\"2026-03-09T15:50:21+00:00\" \/>\n<meta property=\"og:image\" content=\"https:\/\/www.eliassen.nl\/wp-content\/uploads\/2026\/01\/Haardmand-extra-dik-rotan-rond-Eliassen.nl-302872A.jpg\" \/>\n\t<meta property=\"og:image:width\" content=\"284\" \/>\n\t<meta property=\"og:image:height\" content=\"343\" \/>\n\t<meta property=\"og:image:type\" content=\"image\/jpeg\" \/>\n<meta name=\"twitter:card\" content=\"summary_large_image\" \/>\n<script type=\"application\/ld+json\" class=\"yoast-schema-graph\">{\"@context\":\"https:\/\/schema.org\",\"@graph\":[{\"@type\":\"WebPage\",\"@id\":\"https:\/\/www.eliassen.nl\/de\/feuerkorb-extradicker-rattan-rund-grau-mit-raedern-50cm\/\",\"url\":\"https:\/\/www.eliassen.nl\/de\/feuerkorb-extradicker-rattan-rund-grau-mit-raedern-50cm\/\",\"name\":\"Sonstige Feuerkorb Extradicker Rattan rund grau mit R\u00e4dern 50cm - Eliassen.nl\",\"isPartOf\":{\"@id\":\"https:\/\/www.eliassen.nl\/de\/#website\"},\"primaryImageOfPage\":{\"@id\":\"https:\/\/www.eliassen.nl\/de\/feuerkorb-extradicker-rattan-rund-grau-mit-raedern-50cm\/#primaryimage\"},\"image\":{\"@id\":\"https:\/\/www.eliassen.nl\/de\/feuerkorb-extradicker-rattan-rund-grau-mit-raedern-50cm\/#primaryimage\"},\"thumbnailUrl\":\"https:\/\/www.eliassen.nl\/wp-content\/uploads\/2026\/01\/Haardmand-extra-dik-rotan-rond-Eliassen.nl-302872A.jpg\",\"datePublished\":\"2026-01-26T13:39:53+00:00\",\"dateModified\":\"2026-03-09T15:50:21+00:00\",\"description\":\"Grauer Feuerkorb aus extradickem Rattan (50x50cm) auf R\u00e4dern. Mit Holzboden f\u00fcr zus\u00e4tzliche Stabilit\u00e4t. Transportieren Sie Ihr Brennholz einfach und im Landhausstil.\",\"breadcrumb\":{\"@id\":\"https:\/\/www.eliassen.nl\/de\/feuerkorb-extradicker-rattan-rund-grau-mit-raedern-50cm\/#breadcrumb\"},\"inLanguage\":\"de\",\"potentialAction\":[{\"@type\":\"ReadAction\",\"target\":[\"https:\/\/www.eliassen.nl\/de\/feuerkorb-extradicker-rattan-rund-grau-mit-raedern-50cm\/\"]}]},{\"@type\":\"ImageObject\",\"inLanguage\":\"de\",\"@id\":\"https:\/\/www.eliassen.nl\/de\/feuerkorb-extradicker-rattan-rund-grau-mit-raedern-50cm\/#primaryimage\",\"url\":\"https:\/\/www.eliassen.nl\/wp-content\/uploads\/2026\/01\/Haardmand-extra-dik-rotan-rond-Eliassen.nl-302872A.jpg\",\"contentUrl\":\"https:\/\/www.eliassen.nl\/wp-content\/uploads\/2026\/01\/Haardmand-extra-dik-rotan-rond-Eliassen.nl-302872A.jpg\",\"width\":284,\"height\":343,\"caption\":\"Feuerkorb extra dick Rattan rund Eliassen.nl\"},{\"@type\":\"BreadcrumbList\",\"@id\":\"https:\/\/www.eliassen.nl\/de\/feuerkorb-extradicker-rattan-rund-grau-mit-raedern-50cm\/#breadcrumb\",\"itemListElement\":[{\"@type\":\"ListItem\",\"position\":1,\"name\":\"Home\",\"item\":\"https:\/\/www.eliassen.nl\/de\/\"},{\"@type\":\"ListItem\",\"position\":2,\"name\":\"Shop\",\"item\":\"https:\/\/www.eliassen.nl\/de\/shop\/\"},{\"@type\":\"ListItem\",\"position\":3,\"name\":\"Blument\u00f6pfe und Pflanzgef\u00e4\u00dfe\",\"item\":\"https:\/\/www.eliassen.nl\/de\/blumentoepfe-und-pflanzgefaesse\/\"},{\"@type\":\"ListItem\",\"position\":4,\"name\":\"Feuerkorb Extradicker Rattan rund grau mit R\u00e4dern 50cm\"}]},{\"@type\":\"WebSite\",\"@id\":\"https:\/\/www.eliassen.nl\/de\/#website\",\"url\":\"https:\/\/www.eliassen.nl\/de\/\",\"name\":\"Eliassen Home & Garden Pleasure\",\"description\":\"\",\"publisher\":{\"@id\":\"https:\/\/www.eliassen.nl\/de\/#organization\"},\"alternateName\":\"Eliassen.nl\",\"potentialAction\":[{\"@type\":\"SearchAction\",\"target\":{\"@type\":\"EntryPoint\",\"urlTemplate\":\"https:\/\/www.eliassen.nl\/de\/?s={search_term_string}\"},\"query-input\":{\"@type\":\"PropertyValueSpecification\",\"valueRequired\":true,\"valueName\":\"search_term_string\"}}],\"inLanguage\":\"de\"},{\"@type\":[\"Organization\",\"Place\"],\"@id\":\"https:\/\/www.eliassen.nl\/de\/#organization\",\"name\":\"Eliassen Home & Garden Pleasure\",\"url\":\"https:\/\/www.eliassen.nl\/de\/\",\"logo\":{\"@id\":\"https:\/\/www.eliassen.nl\/de\/feuerkorb-extradicker-rattan-rund-grau-mit-raedern-50cm\/#local-main-organization-logo\"},\"image\":{\"@id\":\"https:\/\/www.eliassen.nl\/de\/feuerkorb-extradicker-rattan-rund-grau-mit-raedern-50cm\/#local-main-organization-logo\"},\"sameAs\":[\"https:\/\/www.facebook.com\/TuincentrumEliassenAmmerzoden\",\"https:\/\/www.instagram.com\/eliassenhomeandgarden\/\",\"https:\/\/nl.pinterest.com\/eliassenhomeandgarden\/\",\"https:\/\/www.youtube.com\/@eliassenhomegardenpleasure4558\"],\"telephone\":[],\"openingHoursSpecification\":[{\"@type\":\"OpeningHoursSpecification\",\"dayOfWeek\":[\"Monday\",\"Tuesday\",\"Wednesday\",\"Thursday\",\"Friday\",\"Saturday\",\"Sunday\"],\"opens\":\"09:00\",\"closes\":\"17:00\"}]},{\"@type\":\"ImageObject\",\"inLanguage\":\"de\",\"@id\":\"https:\/\/www.eliassen.nl\/de\/feuerkorb-extradicker-rattan-rund-grau-mit-raedern-50cm\/#local-main-organization-logo\",\"url\":\"https:\/\/www.eliassen.nl\/wp-content\/uploads\/2024\/01\/logo_4nd.jpg\",\"contentUrl\":\"https:\/\/www.eliassen.nl\/wp-content\/uploads\/2024\/01\/logo_4nd.jpg\",\"width\":500,\"height\":500,\"caption\":\"Eliassen Home & Garden Pleasure\"}]}<\/script>\n<meta property=\"product:price:amount\" content=\"99.00\" \/>\n<meta property=\"product:price:currency\" content=\"EUR\" \/>\n<meta property=\"og:availability\" content=\"instock\" \/>\n<meta property=\"product:availability\" content=\"instock\" \/>\n<meta property=\"product:retailer_item_id\" content=\"302872A\" \/>\n<meta property=\"product:condition\" content=\"new\" \/>\n<!-- \/ Yoast SEO Premium plugin. -->","yoast_head_json":{"title":"Sonstige Feuerkorb Extradicker Rattan rund grau mit R\u00e4dern 50cm - Eliassen.nl","description":"Grauer Feuerkorb aus extradickem Rattan (50x50cm) auf R\u00e4dern. Mit Holzboden f\u00fcr zus\u00e4tzliche Stabilit\u00e4t. Transportieren Sie Ihr Brennholz einfach und im Landhausstil.","robots":{"index":"index","follow":"follow","max-snippet":"max-snippet:-1","max-image-preview":"max-image-preview:large","max-video-preview":"max-video-preview:-1"},"canonical":"https:\/\/www.eliassen.nl\/de\/feuerkorb-extradicker-rattan-rund-grau-mit-raedern-50cm\/","og_locale":"de_DE","og_type":"article","og_title":"Sonstige Feuerkorb Extradicker Rattan rund grau mit R\u00e4dern 50cm - Eliassen.nl","og_description":"Grauer Feuerkorb aus extradickem Rattan (50x50cm) auf R\u00e4dern. Mit Holzboden f\u00fcr zus\u00e4tzliche Stabilit\u00e4t. Transportieren Sie Ihr Brennholz einfach und im Landhausstil.","og_url":"https:\/\/www.eliassen.nl\/de\/feuerkorb-extradicker-rattan-rund-grau-mit-raedern-50cm\/","og_site_name":"Eliassen.nl","article_publisher":"https:\/\/www.facebook.com\/TuincentrumEliassenAmmerzoden","article_modified_time":"2026-03-09T15:50:21+00:00","og_image":[{"width":284,"height":343,"url":"https:\/\/www.eliassen.nl\/wp-content\/uploads\/2026\/01\/Haardmand-extra-dik-rotan-rond-Eliassen.nl-302872A.jpg","type":"image\/jpeg"}],"twitter_card":"summary_large_image","schema":{"@context":"https:\/\/schema.org","@graph":[{"@type":"WebPage","@id":"https:\/\/www.eliassen.nl\/de\/feuerkorb-extradicker-rattan-rund-grau-mit-raedern-50cm\/","url":"https:\/\/www.eliassen.nl\/de\/feuerkorb-extradicker-rattan-rund-grau-mit-raedern-50cm\/","name":"Sonstige Feuerkorb Extradicker Rattan rund grau mit R\u00e4dern 50cm - Eliassen.nl","isPartOf":{"@id":"https:\/\/www.eliassen.nl\/de\/#website"},"primaryImageOfPage":{"@id":"https:\/\/www.eliassen.nl\/de\/feuerkorb-extradicker-rattan-rund-grau-mit-raedern-50cm\/#primaryimage"},"image":{"@id":"https:\/\/www.eliassen.nl\/de\/feuerkorb-extradicker-rattan-rund-grau-mit-raedern-50cm\/#primaryimage"},"thumbnailUrl":"https:\/\/www.eliassen.nl\/wp-content\/uploads\/2026\/01\/Haardmand-extra-dik-rotan-rond-Eliassen.nl-302872A.jpg","datePublished":"2026-01-26T13:39:53+00:00","dateModified":"2026-03-09T15:50:21+00:00","description":"Grauer Feuerkorb aus extradickem Rattan (50x50cm) auf R\u00e4dern. Mit Holzboden f\u00fcr zus\u00e4tzliche Stabilit\u00e4t. Transportieren Sie Ihr Brennholz einfach und im Landhausstil.","breadcrumb":{"@id":"https:\/\/www.eliassen.nl\/de\/feuerkorb-extradicker-rattan-rund-grau-mit-raedern-50cm\/#breadcrumb"},"inLanguage":"de","potentialAction":[{"@type":"ReadAction","target":["https:\/\/www.eliassen.nl\/de\/feuerkorb-extradicker-rattan-rund-grau-mit-raedern-50cm\/"]}]},{"@type":"ImageObject","inLanguage":"de","@id":"https:\/\/www.eliassen.nl\/de\/feuerkorb-extradicker-rattan-rund-grau-mit-raedern-50cm\/#primaryimage","url":"https:\/\/www.eliassen.nl\/wp-content\/uploads\/2026\/01\/Haardmand-extra-dik-rotan-rond-Eliassen.nl-302872A.jpg","contentUrl":"https:\/\/www.eliassen.nl\/wp-content\/uploads\/2026\/01\/Haardmand-extra-dik-rotan-rond-Eliassen.nl-302872A.jpg","width":284,"height":343,"caption":"Feuerkorb extra dick Rattan rund Eliassen.nl"},{"@type":"BreadcrumbList","@id":"https:\/\/www.eliassen.nl\/de\/feuerkorb-extradicker-rattan-rund-grau-mit-raedern-50cm\/#breadcrumb","itemListElement":[{"@type":"ListItem","position":1,"name":"Home","item":"https:\/\/www.eliassen.nl\/de\/"},{"@type":"ListItem","position":2,"name":"Shop","item":"https:\/\/www.eliassen.nl\/de\/shop\/"},{"@type":"ListItem","position":3,"name":"Blument\u00f6pfe und Pflanzgef\u00e4\u00dfe","item":"https:\/\/www.eliassen.nl\/de\/blumentoepfe-und-pflanzgefaesse\/"},{"@type":"ListItem","position":4,"name":"Feuerkorb Extradicker Rattan rund grau mit R\u00e4dern 50cm"}]},{"@type":"WebSite","@id":"https:\/\/www.eliassen.nl\/de\/#website","url":"https:\/\/www.eliassen.nl\/de\/","name":"Eliassen Home & Garden Pleasure","description":"","publisher":{"@id":"https:\/\/www.eliassen.nl\/de\/#organization"},"alternateName":"Eliassen.nl","potentialAction":[{"@type":"SearchAction","target":{"@type":"EntryPoint","urlTemplate":"https:\/\/www.eliassen.nl\/de\/?s={search_term_string}"},"query-input":{"@type":"PropertyValueSpecification","valueRequired":true,"valueName":"search_term_string"}}],"inLanguage":"de"},{"@type":["Organization","Place"],"@id":"https:\/\/www.eliassen.nl\/de\/#organization","name":"Eliassen Home & Garden Pleasure","url":"https:\/\/www.eliassen.nl\/de\/","logo":{"@id":"https:\/\/www.eliassen.nl\/de\/feuerkorb-extradicker-rattan-rund-grau-mit-raedern-50cm\/#local-main-organization-logo"},"image":{"@id":"https:\/\/www.eliassen.nl\/de\/feuerkorb-extradicker-rattan-rund-grau-mit-raedern-50cm\/#local-main-organization-logo"},"sameAs":["https:\/\/www.facebook.com\/TuincentrumEliassenAmmerzoden","https:\/\/www.instagram.com\/eliassenhomeandgarden\/","https:\/\/nl.pinterest.com\/eliassenhomeandgarden\/","https:\/\/www.youtube.com\/@eliassenhomegardenpleasure4558"],"telephone":[],"openingHoursSpecification":[{"@type":"OpeningHoursSpecification","dayOfWeek":["Monday","Tuesday","Wednesday","Thursday","Friday","Saturday","Sunday"],"opens":"09:00","closes":"17:00"}]},{"@type":"ImageObject","inLanguage":"de","@id":"https:\/\/www.eliassen.nl\/de\/feuerkorb-extradicker-rattan-rund-grau-mit-raedern-50cm\/#local-main-organization-logo","url":"https:\/\/www.eliassen.nl\/wp-content\/uploads\/2024\/01\/logo_4nd.jpg","contentUrl":"https:\/\/www.eliassen.nl\/wp-content\/uploads\/2024\/01\/logo_4nd.jpg","width":500,"height":500,"caption":"Eliassen Home & Garden Pleasure"}]},"product_price_amount":"99.00","product_price_currency":"EUR","og_availability":"instock","product_availability":"instock","product_retailer_item_id":"302872A","product_condition":"new"},"df_price":99,"df_sale_price":"","df_regular_price":99,"df_image_link":"https:\/\/www.eliassen.nl\/wp-content\/uploads\/2026\/01\/Haardmand-extra-dik-rotan-rond-Eliassen.nl-302872A-248x300.jpg","image":"https:\/\/www.eliassen.nl\/wp-content\/uploads\/2026\/01\/Haardmand-extra-dik-rotan-rond-Eliassen.nl-302872A-150x150.jpg","price_search":"<span class=\"woocommerce-Price-amount amount\"><bdi><span class=\"woocommerce-Price-currencySymbol\">&euro;<\/span>&nbsp;99,00<\/bdi><\/span>","category":"Blument\u00f6pfe und Pflanzgef\u00e4\u00dfe","global_unique_id":"8714763302470","_links":{"self":[{"href":"https:\/\/www.eliassen.nl\/de\/wp-json\/wp\/v2\/product\/204878","targetHints":{"allow":["GET"]}}],"collection":[{"href":"https:\/\/www.eliassen.nl\/de\/wp-json\/wp\/v2\/product"}],"about":[{"href":"https:\/\/www.eliassen.nl\/de\/wp-json\/wp\/v2\/types\/product"}],"wp:featuredmedia":[{"embeddable":true,"href":"https:\/\/www.eliassen.nl\/de\/wp-json\/wp\/v2\/media\/203984"}],"wp:attachment":[{"href":"https:\/\/www.eliassen.nl\/de\/wp-json\/wp\/v2\/media?parent=204878"}],"wp:term":[{"taxonomy":"product_brand","embeddable":true,"href":"https:\/\/www.eliassen.nl\/de\/wp-json\/wp\/v2\/product_brand?post=204878"},{"taxonomy":"product_cat","embeddable":true,"href":"https:\/\/www.eliassen.nl\/de\/wp-json\/wp\/v2\/product_cat?post=204878"},{"taxonomy":"product_tag","embeddable":true,"href":"https:\/\/www.eliassen.nl\/de\/wp-json\/wp\/v2\/product_tag?post=204878"}],"curies":[{"name":"wp","href":"https:\/\/api.w.org\/{rel}","templated":true}]}}