{"id":204863,"date":"2026-01-26T14:29:09","date_gmt":"2026-01-26T13:29:09","guid":{"rendered":"https:\/\/www.eliassen.nl\/product\/drypot-sawah-runder-hoher-korb-aus-dickem-rattan-68cm-mit-raedern\/"},"modified":"2026-03-09T16:52:01","modified_gmt":"2026-03-09T15:52:01","slug":"drypot-sawah-runder-hoher-korb-aus-dickem-rattan-68cm-mit-raedern","status":"publish","type":"product","link":"https:\/\/www.eliassen.nl\/de\/drypot-sawah-runder-hoher-korb-aus-dickem-rattan-68cm-mit-raedern\/","title":{"rendered":"Drypot Sawah runder hoher Korb aus dickem Rattan 68cm mit R\u00e4dern"},"content":{"rendered":"<p data-path-to-node=\"1\"><strong>Bitte \u00fcberpr\u00fcfen Sie die von Ihnen gew\u00e4hlte Korbgr\u00f6\u00dfe. Die Ma\u00dfe sind Au\u00dfenma\u00dfe! Wenden Sie sich im Zweifelsfall an uns.<\/strong><\/p>\n<p data-path-to-node=\"1\">Geben Sie Ihren gro\u00dfen Pflanzen einen sch\u00f6nen Halt mit diesem beeindruckenden Drypot Sawah-Korb. Dieses Modell ist aus extradickem Rattangeflecht gefertigt, wodurch ein kraftvoller, nat\u00fcrlicher Look entsteht, der perfekt zu Eliassens Sortiment passt. Dank des Holzbodens und des verst\u00e4rkten Bodens ist der Korb perfekt f\u00fcr den Transport schwerer Pflanzen oder Str\u00e4ucher geeignet.<\/p>\n<p data-path-to-node=\"2\">Mit einem gro\u00dfz\u00fcgigen Durchmesser von 68 cm und einer H\u00f6he von 61 cm bietet dieser Korb viel Platz. Der gr\u00f6\u00dfte Komfort liegt in den montierten R\u00e4dern unter dem stabilen Fahrgestell. So k\u00f6nnen Sie den Korb m\u00fchelos \u00fcber Ihre Terrasse oder durch den Ausstellungsraum bewegen, ohne ihn schwer heben zu m\u00fcssen. Die Drypot-Konstruktion wurde speziell entwickelt, um die Langlebigkeit des Rattans zu gew\u00e4hrleisten, so dass Sie sich jahrelang an diesem Qualit\u00e4tsprodukt erfreuen k\u00f6nnen.<\/p>\n","protected":false},"excerpt":{"rendered":"<p>Dieser robuste runde Korb aus dickem Rattan (68&#215;61 cm) kombiniert Landhausstil mit optimaler Benutzerfreundlichkeit dank seines Holzfu\u00dfes auf R\u00e4dern. Dank des stabilen Sockels lassen sich auch gr\u00f6\u00dfere Pflanzen leicht bewegen. Der Korb hat ein nat\u00fcrliches Aussehen und ist dank der Drypot-Technologie sehr langlebig im Gebrauch.<\/p>\n","protected":false},"featured_media":204012,"template":"","meta":{"_acf_changed":false,"_genesis_title":"","_genesis_description":""},"product_brand":[7488],"product_cat":[722,1418],"product_tag":[],"class_list":{"0":"post-204863","1":"product","2":"type-product","3":"status-publish","4":"has-post-thumbnail","6":"product_brand-trockentopf","7":"product_cat-blumentoepfe-und-pflanzgefaesse","8":"product_cat-koerbe-aus-rattan","10":"first","11":"instock","12":"taxable","13":"shipping-taxable","14":"purchasable","15":"product-type-simple"},"acf":[],"meta_all":{"cor_restricted_countries":[],"total_sales":"1"},"meta_all_flat":{"total_sales":"1"},"yoast_head":"<!-- This site is optimized with the Yoast SEO Premium plugin v26.2 (Yoast SEO v27.2) - https:\/\/yoast.com\/product\/yoast-seo-premium-wordpress\/ -->\n<title>Trockentopf Drypot Sawah runder hoher Korb aus dickem Rattan 68cm mit R\u00e4dern - Eliassen.nl<\/title>\n<meta name=\"description\" content=\"Luxuri\u00f6ser Drypot Sawah Korb aus dickem Rattan (68x61cm) mit R\u00e4dern. Bewegen Sie Ihre Pflanzen ganz einfach mit diesem robusten Korb mit Holzboden und stabiler Basis.\" \/>\n<meta name=\"robots\" content=\"index, follow, max-snippet:-1, max-image-preview:large, max-video-preview:-1\" \/>\n<link rel=\"canonical\" href=\"https:\/\/www.eliassen.nl\/de\/drypot-sawah-runder-hoher-korb-aus-dickem-rattan-68cm-mit-raedern\/\" \/>\n<meta property=\"og:locale\" content=\"de_DE\" \/>\n<meta property=\"og:type\" content=\"article\" \/>\n<meta property=\"og:title\" content=\"Trockentopf Drypot Sawah runder hoher Korb aus dickem Rattan 68cm mit R\u00e4dern - Eliassen.nl\" \/>\n<meta property=\"og:description\" content=\"Luxuri\u00f6ser Drypot Sawah Korb aus dickem Rattan (68x61cm) mit R\u00e4dern. Bewegen Sie Ihre Pflanzen ganz einfach mit diesem robusten Korb mit Holzboden und stabiler Basis.\" \/>\n<meta property=\"og:url\" content=\"https:\/\/www.eliassen.nl\/de\/drypot-sawah-runder-hoher-korb-aus-dickem-rattan-68cm-mit-raedern\/\" \/>\n<meta property=\"og:site_name\" content=\"Eliassen.nl\" \/>\n<meta property=\"article:publisher\" content=\"https:\/\/www.facebook.com\/TuincentrumEliassenAmmerzoden\" \/>\n<meta property=\"article:modified_time\" content=\"2026-03-09T15:52:01+00:00\" \/>\n<meta property=\"og:image\" content=\"https:\/\/www.eliassen.nl\/wp-content\/uploads\/2026\/01\/Drypot-Sawah-ronde-hoge-mand-van-dikke-rotan-Eliassen.nl-68cm305549.jpg\" \/>\n\t<meta property=\"og:image:width\" content=\"640\" \/>\n\t<meta property=\"og:image:height\" content=\"480\" \/>\n\t<meta property=\"og:image:type\" content=\"image\/jpeg\" \/>\n<meta name=\"twitter:card\" content=\"summary_large_image\" \/>\n<script type=\"application\/ld+json\" class=\"yoast-schema-graph\">{\"@context\":\"https:\/\/schema.org\",\"@graph\":[{\"@type\":\"WebPage\",\"@id\":\"https:\/\/www.eliassen.nl\/de\/drypot-sawah-runder-hoher-korb-aus-dickem-rattan-68cm-mit-raedern\/\",\"url\":\"https:\/\/www.eliassen.nl\/de\/drypot-sawah-runder-hoher-korb-aus-dickem-rattan-68cm-mit-raedern\/\",\"name\":\"Trockentopf Drypot Sawah runder hoher Korb aus dickem Rattan 68cm mit R\u00e4dern - Eliassen.nl\",\"isPartOf\":{\"@id\":\"https:\/\/www.eliassen.nl\/de\/#website\"},\"primaryImageOfPage\":{\"@id\":\"https:\/\/www.eliassen.nl\/de\/drypot-sawah-runder-hoher-korb-aus-dickem-rattan-68cm-mit-raedern\/#primaryimage\"},\"image\":{\"@id\":\"https:\/\/www.eliassen.nl\/de\/drypot-sawah-runder-hoher-korb-aus-dickem-rattan-68cm-mit-raedern\/#primaryimage\"},\"thumbnailUrl\":\"https:\/\/www.eliassen.nl\/wp-content\/uploads\/2026\/01\/Drypot-Sawah-ronde-hoge-mand-van-dikke-rotan-Eliassen.nl-68cm305549.jpg\",\"datePublished\":\"2026-01-26T13:29:09+00:00\",\"dateModified\":\"2026-03-09T15:52:01+00:00\",\"description\":\"Luxuri\u00f6ser Drypot Sawah Korb aus dickem Rattan (68x61cm) mit R\u00e4dern. Bewegen Sie Ihre Pflanzen ganz einfach mit diesem robusten Korb mit Holzboden und stabiler Basis.\",\"breadcrumb\":{\"@id\":\"https:\/\/www.eliassen.nl\/de\/drypot-sawah-runder-hoher-korb-aus-dickem-rattan-68cm-mit-raedern\/#breadcrumb\"},\"inLanguage\":\"de\",\"potentialAction\":[{\"@type\":\"ReadAction\",\"target\":[\"https:\/\/www.eliassen.nl\/de\/drypot-sawah-runder-hoher-korb-aus-dickem-rattan-68cm-mit-raedern\/\"]}]},{\"@type\":\"ImageObject\",\"inLanguage\":\"de\",\"@id\":\"https:\/\/www.eliassen.nl\/de\/drypot-sawah-runder-hoher-korb-aus-dickem-rattan-68cm-mit-raedern\/#primaryimage\",\"url\":\"https:\/\/www.eliassen.nl\/wp-content\/uploads\/2026\/01\/Drypot-Sawah-ronde-hoge-mand-van-dikke-rotan-Eliassen.nl-68cm305549.jpg\",\"contentUrl\":\"https:\/\/www.eliassen.nl\/wp-content\/uploads\/2026\/01\/Drypot-Sawah-ronde-hoge-mand-van-dikke-rotan-Eliassen.nl-68cm305549.jpg\",\"width\":640,\"height\":480,\"caption\":\"Drypot Sawah runder hoher Korb aus dickem Rattan Eliassen.nl 68cm\"},{\"@type\":\"BreadcrumbList\",\"@id\":\"https:\/\/www.eliassen.nl\/de\/drypot-sawah-runder-hoher-korb-aus-dickem-rattan-68cm-mit-raedern\/#breadcrumb\",\"itemListElement\":[{\"@type\":\"ListItem\",\"position\":1,\"name\":\"Home\",\"item\":\"https:\/\/www.eliassen.nl\/de\/\"},{\"@type\":\"ListItem\",\"position\":2,\"name\":\"Shop\",\"item\":\"https:\/\/www.eliassen.nl\/de\/shop\/\"},{\"@type\":\"ListItem\",\"position\":3,\"name\":\"Blument\u00f6pfe und Pflanzgef\u00e4\u00dfe\",\"item\":\"https:\/\/www.eliassen.nl\/de\/blumentoepfe-und-pflanzgefaesse\/\"},{\"@type\":\"ListItem\",\"position\":4,\"name\":\"Drypot Sawah runder hoher Korb aus dickem Rattan 68cm mit R\u00e4dern\"}]},{\"@type\":\"WebSite\",\"@id\":\"https:\/\/www.eliassen.nl\/de\/#website\",\"url\":\"https:\/\/www.eliassen.nl\/de\/\",\"name\":\"Eliassen Home & Garden Pleasure\",\"description\":\"\",\"publisher\":{\"@id\":\"https:\/\/www.eliassen.nl\/de\/#organization\"},\"alternateName\":\"Eliassen.nl\",\"potentialAction\":[{\"@type\":\"SearchAction\",\"target\":{\"@type\":\"EntryPoint\",\"urlTemplate\":\"https:\/\/www.eliassen.nl\/de\/?s={search_term_string}\"},\"query-input\":{\"@type\":\"PropertyValueSpecification\",\"valueRequired\":true,\"valueName\":\"search_term_string\"}}],\"inLanguage\":\"de\"},{\"@type\":[\"Organization\",\"Place\"],\"@id\":\"https:\/\/www.eliassen.nl\/de\/#organization\",\"name\":\"Eliassen Home & Garden Pleasure\",\"url\":\"https:\/\/www.eliassen.nl\/de\/\",\"logo\":{\"@id\":\"https:\/\/www.eliassen.nl\/de\/drypot-sawah-runder-hoher-korb-aus-dickem-rattan-68cm-mit-raedern\/#local-main-organization-logo\"},\"image\":{\"@id\":\"https:\/\/www.eliassen.nl\/de\/drypot-sawah-runder-hoher-korb-aus-dickem-rattan-68cm-mit-raedern\/#local-main-organization-logo\"},\"sameAs\":[\"https:\/\/www.facebook.com\/TuincentrumEliassenAmmerzoden\",\"https:\/\/www.instagram.com\/eliassenhomeandgarden\/\",\"https:\/\/nl.pinterest.com\/eliassenhomeandgarden\/\",\"https:\/\/www.youtube.com\/@eliassenhomegardenpleasure4558\"],\"telephone\":[],\"openingHoursSpecification\":[{\"@type\":\"OpeningHoursSpecification\",\"dayOfWeek\":[\"Monday\",\"Tuesday\",\"Wednesday\",\"Thursday\",\"Friday\",\"Saturday\",\"Sunday\"],\"opens\":\"09:00\",\"closes\":\"17:00\"}]},{\"@type\":\"ImageObject\",\"inLanguage\":\"de\",\"@id\":\"https:\/\/www.eliassen.nl\/de\/drypot-sawah-runder-hoher-korb-aus-dickem-rattan-68cm-mit-raedern\/#local-main-organization-logo\",\"url\":\"https:\/\/www.eliassen.nl\/wp-content\/uploads\/2024\/01\/logo_4nd.jpg\",\"contentUrl\":\"https:\/\/www.eliassen.nl\/wp-content\/uploads\/2024\/01\/logo_4nd.jpg\",\"width\":500,\"height\":500,\"caption\":\"Eliassen Home & Garden Pleasure\"}]}<\/script>\n<meta property=\"product:price:amount\" content=\"225.00\" \/>\n<meta property=\"product:price:currency\" content=\"EUR\" \/>\n<meta property=\"og:availability\" content=\"instock\" \/>\n<meta property=\"product:availability\" content=\"instock\" \/>\n<meta property=\"product:retailer_item_id\" content=\"305549\" \/>\n<meta property=\"product:condition\" content=\"new\" \/>\n<!-- \/ Yoast SEO Premium plugin. -->","yoast_head_json":{"title":"Trockentopf Drypot Sawah runder hoher Korb aus dickem Rattan 68cm mit R\u00e4dern - Eliassen.nl","description":"Luxuri\u00f6ser Drypot Sawah Korb aus dickem Rattan (68x61cm) mit R\u00e4dern. Bewegen Sie Ihre Pflanzen ganz einfach mit diesem robusten Korb mit Holzboden und stabiler Basis.","robots":{"index":"index","follow":"follow","max-snippet":"max-snippet:-1","max-image-preview":"max-image-preview:large","max-video-preview":"max-video-preview:-1"},"canonical":"https:\/\/www.eliassen.nl\/de\/drypot-sawah-runder-hoher-korb-aus-dickem-rattan-68cm-mit-raedern\/","og_locale":"de_DE","og_type":"article","og_title":"Trockentopf Drypot Sawah runder hoher Korb aus dickem Rattan 68cm mit R\u00e4dern - Eliassen.nl","og_description":"Luxuri\u00f6ser Drypot Sawah Korb aus dickem Rattan (68x61cm) mit R\u00e4dern. Bewegen Sie Ihre Pflanzen ganz einfach mit diesem robusten Korb mit Holzboden und stabiler Basis.","og_url":"https:\/\/www.eliassen.nl\/de\/drypot-sawah-runder-hoher-korb-aus-dickem-rattan-68cm-mit-raedern\/","og_site_name":"Eliassen.nl","article_publisher":"https:\/\/www.facebook.com\/TuincentrumEliassenAmmerzoden","article_modified_time":"2026-03-09T15:52:01+00:00","og_image":[{"width":640,"height":480,"url":"https:\/\/www.eliassen.nl\/wp-content\/uploads\/2026\/01\/Drypot-Sawah-ronde-hoge-mand-van-dikke-rotan-Eliassen.nl-68cm305549.jpg","type":"image\/jpeg"}],"twitter_card":"summary_large_image","schema":{"@context":"https:\/\/schema.org","@graph":[{"@type":"WebPage","@id":"https:\/\/www.eliassen.nl\/de\/drypot-sawah-runder-hoher-korb-aus-dickem-rattan-68cm-mit-raedern\/","url":"https:\/\/www.eliassen.nl\/de\/drypot-sawah-runder-hoher-korb-aus-dickem-rattan-68cm-mit-raedern\/","name":"Trockentopf Drypot Sawah runder hoher Korb aus dickem Rattan 68cm mit R\u00e4dern - Eliassen.nl","isPartOf":{"@id":"https:\/\/www.eliassen.nl\/de\/#website"},"primaryImageOfPage":{"@id":"https:\/\/www.eliassen.nl\/de\/drypot-sawah-runder-hoher-korb-aus-dickem-rattan-68cm-mit-raedern\/#primaryimage"},"image":{"@id":"https:\/\/www.eliassen.nl\/de\/drypot-sawah-runder-hoher-korb-aus-dickem-rattan-68cm-mit-raedern\/#primaryimage"},"thumbnailUrl":"https:\/\/www.eliassen.nl\/wp-content\/uploads\/2026\/01\/Drypot-Sawah-ronde-hoge-mand-van-dikke-rotan-Eliassen.nl-68cm305549.jpg","datePublished":"2026-01-26T13:29:09+00:00","dateModified":"2026-03-09T15:52:01+00:00","description":"Luxuri\u00f6ser Drypot Sawah Korb aus dickem Rattan (68x61cm) mit R\u00e4dern. Bewegen Sie Ihre Pflanzen ganz einfach mit diesem robusten Korb mit Holzboden und stabiler Basis.","breadcrumb":{"@id":"https:\/\/www.eliassen.nl\/de\/drypot-sawah-runder-hoher-korb-aus-dickem-rattan-68cm-mit-raedern\/#breadcrumb"},"inLanguage":"de","potentialAction":[{"@type":"ReadAction","target":["https:\/\/www.eliassen.nl\/de\/drypot-sawah-runder-hoher-korb-aus-dickem-rattan-68cm-mit-raedern\/"]}]},{"@type":"ImageObject","inLanguage":"de","@id":"https:\/\/www.eliassen.nl\/de\/drypot-sawah-runder-hoher-korb-aus-dickem-rattan-68cm-mit-raedern\/#primaryimage","url":"https:\/\/www.eliassen.nl\/wp-content\/uploads\/2026\/01\/Drypot-Sawah-ronde-hoge-mand-van-dikke-rotan-Eliassen.nl-68cm305549.jpg","contentUrl":"https:\/\/www.eliassen.nl\/wp-content\/uploads\/2026\/01\/Drypot-Sawah-ronde-hoge-mand-van-dikke-rotan-Eliassen.nl-68cm305549.jpg","width":640,"height":480,"caption":"Drypot Sawah runder hoher Korb aus dickem Rattan Eliassen.nl 68cm"},{"@type":"BreadcrumbList","@id":"https:\/\/www.eliassen.nl\/de\/drypot-sawah-runder-hoher-korb-aus-dickem-rattan-68cm-mit-raedern\/#breadcrumb","itemListElement":[{"@type":"ListItem","position":1,"name":"Home","item":"https:\/\/www.eliassen.nl\/de\/"},{"@type":"ListItem","position":2,"name":"Shop","item":"https:\/\/www.eliassen.nl\/de\/shop\/"},{"@type":"ListItem","position":3,"name":"Blument\u00f6pfe und Pflanzgef\u00e4\u00dfe","item":"https:\/\/www.eliassen.nl\/de\/blumentoepfe-und-pflanzgefaesse\/"},{"@type":"ListItem","position":4,"name":"Drypot Sawah runder hoher Korb aus dickem Rattan 68cm mit R\u00e4dern"}]},{"@type":"WebSite","@id":"https:\/\/www.eliassen.nl\/de\/#website","url":"https:\/\/www.eliassen.nl\/de\/","name":"Eliassen Home & Garden Pleasure","description":"","publisher":{"@id":"https:\/\/www.eliassen.nl\/de\/#organization"},"alternateName":"Eliassen.nl","potentialAction":[{"@type":"SearchAction","target":{"@type":"EntryPoint","urlTemplate":"https:\/\/www.eliassen.nl\/de\/?s={search_term_string}"},"query-input":{"@type":"PropertyValueSpecification","valueRequired":true,"valueName":"search_term_string"}}],"inLanguage":"de"},{"@type":["Organization","Place"],"@id":"https:\/\/www.eliassen.nl\/de\/#organization","name":"Eliassen Home & Garden Pleasure","url":"https:\/\/www.eliassen.nl\/de\/","logo":{"@id":"https:\/\/www.eliassen.nl\/de\/drypot-sawah-runder-hoher-korb-aus-dickem-rattan-68cm-mit-raedern\/#local-main-organization-logo"},"image":{"@id":"https:\/\/www.eliassen.nl\/de\/drypot-sawah-runder-hoher-korb-aus-dickem-rattan-68cm-mit-raedern\/#local-main-organization-logo"},"sameAs":["https:\/\/www.facebook.com\/TuincentrumEliassenAmmerzoden","https:\/\/www.instagram.com\/eliassenhomeandgarden\/","https:\/\/nl.pinterest.com\/eliassenhomeandgarden\/","https:\/\/www.youtube.com\/@eliassenhomegardenpleasure4558"],"telephone":[],"openingHoursSpecification":[{"@type":"OpeningHoursSpecification","dayOfWeek":["Monday","Tuesday","Wednesday","Thursday","Friday","Saturday","Sunday"],"opens":"09:00","closes":"17:00"}]},{"@type":"ImageObject","inLanguage":"de","@id":"https:\/\/www.eliassen.nl\/de\/drypot-sawah-runder-hoher-korb-aus-dickem-rattan-68cm-mit-raedern\/#local-main-organization-logo","url":"https:\/\/www.eliassen.nl\/wp-content\/uploads\/2024\/01\/logo_4nd.jpg","contentUrl":"https:\/\/www.eliassen.nl\/wp-content\/uploads\/2024\/01\/logo_4nd.jpg","width":500,"height":500,"caption":"Eliassen Home & Garden Pleasure"}]},"product_price_amount":"225.00","product_price_currency":"EUR","og_availability":"instock","product_availability":"instock","product_retailer_item_id":"305549","product_condition":"new"},"df_price":225,"df_sale_price":"","df_regular_price":225,"df_image_link":"https:\/\/www.eliassen.nl\/wp-content\/uploads\/2026\/01\/Drypot-Sawah-ronde-hoge-mand-van-dikke-rotan-Eliassen.nl-68cm305549-300x225.jpg","image":"https:\/\/www.eliassen.nl\/wp-content\/uploads\/2026\/01\/Drypot-Sawah-ronde-hoge-mand-van-dikke-rotan-Eliassen.nl-68cm305549-150x150.jpg","price_search":"<span class=\"woocommerce-Price-amount amount\"><bdi><span class=\"woocommerce-Price-currencySymbol\">&euro;<\/span>&nbsp;225,00<\/bdi><\/span>","category":"Blument\u00f6pfe und Pflanzgef\u00e4\u00dfe","global_unique_id":"8714763339629","_links":{"self":[{"href":"https:\/\/www.eliassen.nl\/de\/wp-json\/wp\/v2\/product\/204863","targetHints":{"allow":["GET"]}}],"collection":[{"href":"https:\/\/www.eliassen.nl\/de\/wp-json\/wp\/v2\/product"}],"about":[{"href":"https:\/\/www.eliassen.nl\/de\/wp-json\/wp\/v2\/types\/product"}],"wp:featuredmedia":[{"embeddable":true,"href":"https:\/\/www.eliassen.nl\/de\/wp-json\/wp\/v2\/media\/204012"}],"wp:attachment":[{"href":"https:\/\/www.eliassen.nl\/de\/wp-json\/wp\/v2\/media?parent=204863"}],"wp:term":[{"taxonomy":"product_brand","embeddable":true,"href":"https:\/\/www.eliassen.nl\/de\/wp-json\/wp\/v2\/product_brand?post=204863"},{"taxonomy":"product_cat","embeddable":true,"href":"https:\/\/www.eliassen.nl\/de\/wp-json\/wp\/v2\/product_cat?post=204863"},{"taxonomy":"product_tag","embeddable":true,"href":"https:\/\/www.eliassen.nl\/de\/wp-json\/wp\/v2\/product_tag?post=204863"}],"curies":[{"name":"wp","href":"https:\/\/api.w.org\/{rel}","templated":true}]}}