{"id":204862,"date":"2026-01-26T14:24:21","date_gmt":"2026-01-26T13:24:21","guid":{"rendered":"https:\/\/www.eliassen.nl\/product\/drypot-sawah-runder-hoher-korb-aus-dickem-rattan-51cm-mit-raedern\/"},"modified":"2026-03-09T16:51:58","modified_gmt":"2026-03-09T15:51:58","slug":"drypot-sawah-runder-hoher-korb-aus-dickem-rattan-51cm-mit-raedern","status":"publish","type":"product","link":"https:\/\/www.eliassen.nl\/de\/drypot-sawah-runder-hoher-korb-aus-dickem-rattan-51cm-mit-raedern\/","title":{"rendered":"Drypot Sawah runder hoher Korb aus dickem Rattan 51cm mit R\u00e4dern"},"content":{"rendered":"<p data-path-to-node=\"1\"><strong>Bitte \u00fcberpr\u00fcfen Sie die von Ihnen gew\u00e4hlte Korbgr\u00f6\u00dfe. Die Ma\u00dfe sind Au\u00dfenma\u00dfe! Wenden Sie sich im Zweifelsfall an uns.<\/strong><\/p>\n<p data-path-to-node=\"1\">Verleihen Sie Ihrer Terrasse oder Ihrem Innenraum einen nat\u00fcrlichen und robusten Look mit dem Drypot Sawah Korb. Dieser runde, hohe Korb ist aus extra dickem Rattan gefertigt, was ihm einen kr\u00e4ftigen und rustikalen Look verleiht. Dank der Kombination aus einem Holzboden und einem sehr starken Sockel ist dieser Topf extrem langlebig und stabil.<\/p>\n<p data-path-to-node=\"2\">Ein gro\u00dfer praktischer Vorteil dieses Modells sind die montierten R\u00e4der. So k\u00f6nnen Sie den Korb mitsamt seinem Inhalt m\u00fchelos \u00fcber den Boden oder die Terrasse schieben, was ideal ist, wenn Sie Ihren Raum reinigen oder renovieren. Mit einem Durchmesser von 58 cm und einer H\u00f6he von 51 cm bietet der Korb gen\u00fcgend Platz f\u00fcr gro\u00dfe Pflanzen oder kleine B\u00e4ume. Die Drypot-Konstruktion sch\u00fctzt das Rattan vor direktem Kontakt mit Feuchtigkeit, so dass Sie lange Freude an diesem Qualit\u00e4tsprodukt haben werden.<\/p>\n","protected":false},"excerpt":{"rendered":"<p>Dieser robuste runde Korb ist aus dickem Rattan gefertigt und verf\u00fcgt \u00fcber einen stabilen Holzfu\u00df mit einem kr\u00e4ftigen Standfu\u00df auf R\u00e4dern. Mit den Ma\u00dfen 58&#215;51 cm ist dieses hohe Modell ideal, um gro\u00dfe Pflanzen stilvoll und einfach zu transportieren. Die nat\u00fcrlichen Graut\u00f6ne des Rattans passen sowohl in l\u00e4ndliche als auch in moderne Umgebungen.<\/p>\n","protected":false},"featured_media":204026,"template":"","meta":{"_acf_changed":false,"_genesis_title":"","_genesis_description":""},"product_brand":[7488],"product_cat":[722,1418],"product_tag":[],"class_list":{"0":"post-204862","1":"product","2":"type-product","3":"status-publish","4":"has-post-thumbnail","6":"product_brand-trockentopf","7":"product_cat-blumentoepfe-und-pflanzgefaesse","8":"product_cat-koerbe-aus-rattan","10":"first","11":"instock","12":"taxable","13":"shipping-taxable","14":"purchasable","15":"product-type-simple"},"acf":[],"meta_all":{"cor_restricted_countries":[],"total_sales":"0"},"meta_all_flat":{"total_sales":"0"},"yoast_head":"<!-- This site is optimized with the Yoast SEO Premium plugin v26.2 (Yoast SEO v27.2) - https:\/\/yoast.com\/product\/yoast-seo-premium-wordpress\/ -->\n<title>Trockentopf Drypot Sawah runder hoher Korb aus dickem Rattan 51cm mit R\u00e4dern - Eliassen.nl<\/title>\n<meta name=\"description\" content=\"Gro\u00dfer Drypot Sawah Korb aus dickem Rattan (58x51cm) mit R\u00e4dern und Holzboden. Bewegen Sie Ihre gro\u00dfen Pflanzen m\u00fchelos mit diesem starken und dekorativen Rattantopf.\" \/>\n<meta name=\"robots\" content=\"index, follow, max-snippet:-1, max-image-preview:large, max-video-preview:-1\" \/>\n<link rel=\"canonical\" href=\"https:\/\/www.eliassen.nl\/de\/drypot-sawah-runder-hoher-korb-aus-dickem-rattan-51cm-mit-raedern\/\" \/>\n<meta property=\"og:locale\" content=\"de_DE\" \/>\n<meta property=\"og:type\" content=\"article\" \/>\n<meta property=\"og:title\" content=\"Trockentopf Drypot Sawah runder hoher Korb aus dickem Rattan 51cm mit R\u00e4dern - Eliassen.nl\" \/>\n<meta property=\"og:description\" content=\"Gro\u00dfer Drypot Sawah Korb aus dickem Rattan (58x51cm) mit R\u00e4dern und Holzboden. Bewegen Sie Ihre gro\u00dfen Pflanzen m\u00fchelos mit diesem starken und dekorativen Rattantopf.\" \/>\n<meta property=\"og:url\" content=\"https:\/\/www.eliassen.nl\/de\/drypot-sawah-runder-hoher-korb-aus-dickem-rattan-51cm-mit-raedern\/\" \/>\n<meta property=\"og:site_name\" content=\"Eliassen.nl\" \/>\n<meta property=\"article:publisher\" content=\"https:\/\/www.facebook.com\/TuincentrumEliassenAmmerzoden\" \/>\n<meta property=\"article:modified_time\" content=\"2026-03-09T15:51:58+00:00\" \/>\n<meta property=\"og:image\" content=\"https:\/\/www.eliassen.nl\/wp-content\/uploads\/2026\/01\/Drypot-Sawah-ronde-hoge-mand-van-dikke-rotan-Eliassen.nl-58cm-305548.jpg\" \/>\n\t<meta property=\"og:image:width\" content=\"640\" \/>\n\t<meta property=\"og:image:height\" content=\"480\" \/>\n\t<meta property=\"og:image:type\" content=\"image\/jpeg\" \/>\n<meta name=\"twitter:card\" content=\"summary_large_image\" \/>\n<script type=\"application\/ld+json\" class=\"yoast-schema-graph\">{\"@context\":\"https:\/\/schema.org\",\"@graph\":[{\"@type\":\"WebPage\",\"@id\":\"https:\/\/www.eliassen.nl\/de\/drypot-sawah-runder-hoher-korb-aus-dickem-rattan-51cm-mit-raedern\/\",\"url\":\"https:\/\/www.eliassen.nl\/de\/drypot-sawah-runder-hoher-korb-aus-dickem-rattan-51cm-mit-raedern\/\",\"name\":\"Trockentopf Drypot Sawah runder hoher Korb aus dickem Rattan 51cm mit R\u00e4dern - Eliassen.nl\",\"isPartOf\":{\"@id\":\"https:\/\/www.eliassen.nl\/de\/#website\"},\"primaryImageOfPage\":{\"@id\":\"https:\/\/www.eliassen.nl\/de\/drypot-sawah-runder-hoher-korb-aus-dickem-rattan-51cm-mit-raedern\/#primaryimage\"},\"image\":{\"@id\":\"https:\/\/www.eliassen.nl\/de\/drypot-sawah-runder-hoher-korb-aus-dickem-rattan-51cm-mit-raedern\/#primaryimage\"},\"thumbnailUrl\":\"https:\/\/www.eliassen.nl\/wp-content\/uploads\/2026\/01\/Drypot-Sawah-ronde-hoge-mand-van-dikke-rotan-Eliassen.nl-58cm-305548.jpg\",\"datePublished\":\"2026-01-26T13:24:21+00:00\",\"dateModified\":\"2026-03-09T15:51:58+00:00\",\"description\":\"Gro\u00dfer Drypot Sawah Korb aus dickem Rattan (58x51cm) mit R\u00e4dern und Holzboden. Bewegen Sie Ihre gro\u00dfen Pflanzen m\u00fchelos mit diesem starken und dekorativen Rattantopf.\",\"breadcrumb\":{\"@id\":\"https:\/\/www.eliassen.nl\/de\/drypot-sawah-runder-hoher-korb-aus-dickem-rattan-51cm-mit-raedern\/#breadcrumb\"},\"inLanguage\":\"de\",\"potentialAction\":[{\"@type\":\"ReadAction\",\"target\":[\"https:\/\/www.eliassen.nl\/de\/drypot-sawah-runder-hoher-korb-aus-dickem-rattan-51cm-mit-raedern\/\"]}]},{\"@type\":\"ImageObject\",\"inLanguage\":\"de\",\"@id\":\"https:\/\/www.eliassen.nl\/de\/drypot-sawah-runder-hoher-korb-aus-dickem-rattan-51cm-mit-raedern\/#primaryimage\",\"url\":\"https:\/\/www.eliassen.nl\/wp-content\/uploads\/2026\/01\/Drypot-Sawah-ronde-hoge-mand-van-dikke-rotan-Eliassen.nl-58cm-305548.jpg\",\"contentUrl\":\"https:\/\/www.eliassen.nl\/wp-content\/uploads\/2026\/01\/Drypot-Sawah-ronde-hoge-mand-van-dikke-rotan-Eliassen.nl-58cm-305548.jpg\",\"width\":640,\"height\":480,\"caption\":\"Drypot Sawah runder hoher Korb aus dickem Rattan Eliassen.nl 58cm\"},{\"@type\":\"BreadcrumbList\",\"@id\":\"https:\/\/www.eliassen.nl\/de\/drypot-sawah-runder-hoher-korb-aus-dickem-rattan-51cm-mit-raedern\/#breadcrumb\",\"itemListElement\":[{\"@type\":\"ListItem\",\"position\":1,\"name\":\"Home\",\"item\":\"https:\/\/www.eliassen.nl\/de\/\"},{\"@type\":\"ListItem\",\"position\":2,\"name\":\"Shop\",\"item\":\"https:\/\/www.eliassen.nl\/de\/shop\/\"},{\"@type\":\"ListItem\",\"position\":3,\"name\":\"Blument\u00f6pfe und Pflanzgef\u00e4\u00dfe\",\"item\":\"https:\/\/www.eliassen.nl\/de\/blumentoepfe-und-pflanzgefaesse\/\"},{\"@type\":\"ListItem\",\"position\":4,\"name\":\"Drypot Sawah runder hoher Korb aus dickem Rattan 51cm mit R\u00e4dern\"}]},{\"@type\":\"WebSite\",\"@id\":\"https:\/\/www.eliassen.nl\/de\/#website\",\"url\":\"https:\/\/www.eliassen.nl\/de\/\",\"name\":\"Eliassen Home & Garden Pleasure\",\"description\":\"\",\"publisher\":{\"@id\":\"https:\/\/www.eliassen.nl\/de\/#organization\"},\"alternateName\":\"Eliassen.nl\",\"potentialAction\":[{\"@type\":\"SearchAction\",\"target\":{\"@type\":\"EntryPoint\",\"urlTemplate\":\"https:\/\/www.eliassen.nl\/de\/?s={search_term_string}\"},\"query-input\":{\"@type\":\"PropertyValueSpecification\",\"valueRequired\":true,\"valueName\":\"search_term_string\"}}],\"inLanguage\":\"de\"},{\"@type\":[\"Organization\",\"Place\"],\"@id\":\"https:\/\/www.eliassen.nl\/de\/#organization\",\"name\":\"Eliassen Home & Garden Pleasure\",\"url\":\"https:\/\/www.eliassen.nl\/de\/\",\"logo\":{\"@id\":\"https:\/\/www.eliassen.nl\/de\/drypot-sawah-runder-hoher-korb-aus-dickem-rattan-51cm-mit-raedern\/#local-main-organization-logo\"},\"image\":{\"@id\":\"https:\/\/www.eliassen.nl\/de\/drypot-sawah-runder-hoher-korb-aus-dickem-rattan-51cm-mit-raedern\/#local-main-organization-logo\"},\"sameAs\":[\"https:\/\/www.facebook.com\/TuincentrumEliassenAmmerzoden\",\"https:\/\/www.instagram.com\/eliassenhomeandgarden\/\",\"https:\/\/nl.pinterest.com\/eliassenhomeandgarden\/\",\"https:\/\/www.youtube.com\/@eliassenhomegardenpleasure4558\"],\"telephone\":[],\"openingHoursSpecification\":[{\"@type\":\"OpeningHoursSpecification\",\"dayOfWeek\":[\"Monday\",\"Tuesday\",\"Wednesday\",\"Thursday\",\"Friday\",\"Saturday\",\"Sunday\"],\"opens\":\"09:00\",\"closes\":\"17:00\"}]},{\"@type\":\"ImageObject\",\"inLanguage\":\"de\",\"@id\":\"https:\/\/www.eliassen.nl\/de\/drypot-sawah-runder-hoher-korb-aus-dickem-rattan-51cm-mit-raedern\/#local-main-organization-logo\",\"url\":\"https:\/\/www.eliassen.nl\/wp-content\/uploads\/2024\/01\/logo_4nd.jpg\",\"contentUrl\":\"https:\/\/www.eliassen.nl\/wp-content\/uploads\/2024\/01\/logo_4nd.jpg\",\"width\":500,\"height\":500,\"caption\":\"Eliassen Home & Garden Pleasure\"}]}<\/script>\n<meta property=\"product:price:amount\" content=\"159.00\" \/>\n<meta property=\"product:price:currency\" content=\"EUR\" \/>\n<meta property=\"og:availability\" content=\"instock\" \/>\n<meta property=\"product:availability\" content=\"instock\" \/>\n<meta property=\"product:retailer_item_id\" content=\"305548\" \/>\n<meta property=\"product:condition\" content=\"new\" \/>\n<!-- \/ Yoast SEO Premium plugin. -->","yoast_head_json":{"title":"Trockentopf Drypot Sawah runder hoher Korb aus dickem Rattan 51cm mit R\u00e4dern - Eliassen.nl","description":"Gro\u00dfer Drypot Sawah Korb aus dickem Rattan (58x51cm) mit R\u00e4dern und Holzboden. Bewegen Sie Ihre gro\u00dfen Pflanzen m\u00fchelos mit diesem starken und dekorativen Rattantopf.","robots":{"index":"index","follow":"follow","max-snippet":"max-snippet:-1","max-image-preview":"max-image-preview:large","max-video-preview":"max-video-preview:-1"},"canonical":"https:\/\/www.eliassen.nl\/de\/drypot-sawah-runder-hoher-korb-aus-dickem-rattan-51cm-mit-raedern\/","og_locale":"de_DE","og_type":"article","og_title":"Trockentopf Drypot Sawah runder hoher Korb aus dickem Rattan 51cm mit R\u00e4dern - Eliassen.nl","og_description":"Gro\u00dfer Drypot Sawah Korb aus dickem Rattan (58x51cm) mit R\u00e4dern und Holzboden. Bewegen Sie Ihre gro\u00dfen Pflanzen m\u00fchelos mit diesem starken und dekorativen Rattantopf.","og_url":"https:\/\/www.eliassen.nl\/de\/drypot-sawah-runder-hoher-korb-aus-dickem-rattan-51cm-mit-raedern\/","og_site_name":"Eliassen.nl","article_publisher":"https:\/\/www.facebook.com\/TuincentrumEliassenAmmerzoden","article_modified_time":"2026-03-09T15:51:58+00:00","og_image":[{"width":640,"height":480,"url":"https:\/\/www.eliassen.nl\/wp-content\/uploads\/2026\/01\/Drypot-Sawah-ronde-hoge-mand-van-dikke-rotan-Eliassen.nl-58cm-305548.jpg","type":"image\/jpeg"}],"twitter_card":"summary_large_image","schema":{"@context":"https:\/\/schema.org","@graph":[{"@type":"WebPage","@id":"https:\/\/www.eliassen.nl\/de\/drypot-sawah-runder-hoher-korb-aus-dickem-rattan-51cm-mit-raedern\/","url":"https:\/\/www.eliassen.nl\/de\/drypot-sawah-runder-hoher-korb-aus-dickem-rattan-51cm-mit-raedern\/","name":"Trockentopf Drypot Sawah runder hoher Korb aus dickem Rattan 51cm mit R\u00e4dern - Eliassen.nl","isPartOf":{"@id":"https:\/\/www.eliassen.nl\/de\/#website"},"primaryImageOfPage":{"@id":"https:\/\/www.eliassen.nl\/de\/drypot-sawah-runder-hoher-korb-aus-dickem-rattan-51cm-mit-raedern\/#primaryimage"},"image":{"@id":"https:\/\/www.eliassen.nl\/de\/drypot-sawah-runder-hoher-korb-aus-dickem-rattan-51cm-mit-raedern\/#primaryimage"},"thumbnailUrl":"https:\/\/www.eliassen.nl\/wp-content\/uploads\/2026\/01\/Drypot-Sawah-ronde-hoge-mand-van-dikke-rotan-Eliassen.nl-58cm-305548.jpg","datePublished":"2026-01-26T13:24:21+00:00","dateModified":"2026-03-09T15:51:58+00:00","description":"Gro\u00dfer Drypot Sawah Korb aus dickem Rattan (58x51cm) mit R\u00e4dern und Holzboden. Bewegen Sie Ihre gro\u00dfen Pflanzen m\u00fchelos mit diesem starken und dekorativen Rattantopf.","breadcrumb":{"@id":"https:\/\/www.eliassen.nl\/de\/drypot-sawah-runder-hoher-korb-aus-dickem-rattan-51cm-mit-raedern\/#breadcrumb"},"inLanguage":"de","potentialAction":[{"@type":"ReadAction","target":["https:\/\/www.eliassen.nl\/de\/drypot-sawah-runder-hoher-korb-aus-dickem-rattan-51cm-mit-raedern\/"]}]},{"@type":"ImageObject","inLanguage":"de","@id":"https:\/\/www.eliassen.nl\/de\/drypot-sawah-runder-hoher-korb-aus-dickem-rattan-51cm-mit-raedern\/#primaryimage","url":"https:\/\/www.eliassen.nl\/wp-content\/uploads\/2026\/01\/Drypot-Sawah-ronde-hoge-mand-van-dikke-rotan-Eliassen.nl-58cm-305548.jpg","contentUrl":"https:\/\/www.eliassen.nl\/wp-content\/uploads\/2026\/01\/Drypot-Sawah-ronde-hoge-mand-van-dikke-rotan-Eliassen.nl-58cm-305548.jpg","width":640,"height":480,"caption":"Drypot Sawah runder hoher Korb aus dickem Rattan Eliassen.nl 58cm"},{"@type":"BreadcrumbList","@id":"https:\/\/www.eliassen.nl\/de\/drypot-sawah-runder-hoher-korb-aus-dickem-rattan-51cm-mit-raedern\/#breadcrumb","itemListElement":[{"@type":"ListItem","position":1,"name":"Home","item":"https:\/\/www.eliassen.nl\/de\/"},{"@type":"ListItem","position":2,"name":"Shop","item":"https:\/\/www.eliassen.nl\/de\/shop\/"},{"@type":"ListItem","position":3,"name":"Blument\u00f6pfe und Pflanzgef\u00e4\u00dfe","item":"https:\/\/www.eliassen.nl\/de\/blumentoepfe-und-pflanzgefaesse\/"},{"@type":"ListItem","position":4,"name":"Drypot Sawah runder hoher Korb aus dickem Rattan 51cm mit R\u00e4dern"}]},{"@type":"WebSite","@id":"https:\/\/www.eliassen.nl\/de\/#website","url":"https:\/\/www.eliassen.nl\/de\/","name":"Eliassen Home & Garden Pleasure","description":"","publisher":{"@id":"https:\/\/www.eliassen.nl\/de\/#organization"},"alternateName":"Eliassen.nl","potentialAction":[{"@type":"SearchAction","target":{"@type":"EntryPoint","urlTemplate":"https:\/\/www.eliassen.nl\/de\/?s={search_term_string}"},"query-input":{"@type":"PropertyValueSpecification","valueRequired":true,"valueName":"search_term_string"}}],"inLanguage":"de"},{"@type":["Organization","Place"],"@id":"https:\/\/www.eliassen.nl\/de\/#organization","name":"Eliassen Home & Garden Pleasure","url":"https:\/\/www.eliassen.nl\/de\/","logo":{"@id":"https:\/\/www.eliassen.nl\/de\/drypot-sawah-runder-hoher-korb-aus-dickem-rattan-51cm-mit-raedern\/#local-main-organization-logo"},"image":{"@id":"https:\/\/www.eliassen.nl\/de\/drypot-sawah-runder-hoher-korb-aus-dickem-rattan-51cm-mit-raedern\/#local-main-organization-logo"},"sameAs":["https:\/\/www.facebook.com\/TuincentrumEliassenAmmerzoden","https:\/\/www.instagram.com\/eliassenhomeandgarden\/","https:\/\/nl.pinterest.com\/eliassenhomeandgarden\/","https:\/\/www.youtube.com\/@eliassenhomegardenpleasure4558"],"telephone":[],"openingHoursSpecification":[{"@type":"OpeningHoursSpecification","dayOfWeek":["Monday","Tuesday","Wednesday","Thursday","Friday","Saturday","Sunday"],"opens":"09:00","closes":"17:00"}]},{"@type":"ImageObject","inLanguage":"de","@id":"https:\/\/www.eliassen.nl\/de\/drypot-sawah-runder-hoher-korb-aus-dickem-rattan-51cm-mit-raedern\/#local-main-organization-logo","url":"https:\/\/www.eliassen.nl\/wp-content\/uploads\/2024\/01\/logo_4nd.jpg","contentUrl":"https:\/\/www.eliassen.nl\/wp-content\/uploads\/2024\/01\/logo_4nd.jpg","width":500,"height":500,"caption":"Eliassen Home & Garden Pleasure"}]},"product_price_amount":"159.00","product_price_currency":"EUR","og_availability":"instock","product_availability":"instock","product_retailer_item_id":"305548","product_condition":"new"},"df_price":159,"df_sale_price":"","df_regular_price":159,"df_image_link":"https:\/\/www.eliassen.nl\/wp-content\/uploads\/2026\/01\/Drypot-Sawah-ronde-hoge-mand-van-dikke-rotan-Eliassen.nl-58cm-305548-300x225.jpg","image":"https:\/\/www.eliassen.nl\/wp-content\/uploads\/2026\/01\/Drypot-Sawah-ronde-hoge-mand-van-dikke-rotan-Eliassen.nl-58cm-305548-150x150.jpg","price_search":"<span class=\"woocommerce-Price-amount amount\"><bdi><span class=\"woocommerce-Price-currencySymbol\">&euro;<\/span>&nbsp;159,00<\/bdi><\/span>","category":"Blument\u00f6pfe und Pflanzgef\u00e4\u00dfe","global_unique_id":"8714763339612","_links":{"self":[{"href":"https:\/\/www.eliassen.nl\/de\/wp-json\/wp\/v2\/product\/204862","targetHints":{"allow":["GET"]}}],"collection":[{"href":"https:\/\/www.eliassen.nl\/de\/wp-json\/wp\/v2\/product"}],"about":[{"href":"https:\/\/www.eliassen.nl\/de\/wp-json\/wp\/v2\/types\/product"}],"wp:featuredmedia":[{"embeddable":true,"href":"https:\/\/www.eliassen.nl\/de\/wp-json\/wp\/v2\/media\/204026"}],"wp:attachment":[{"href":"https:\/\/www.eliassen.nl\/de\/wp-json\/wp\/v2\/media?parent=204862"}],"wp:term":[{"taxonomy":"product_brand","embeddable":true,"href":"https:\/\/www.eliassen.nl\/de\/wp-json\/wp\/v2\/product_brand?post=204862"},{"taxonomy":"product_cat","embeddable":true,"href":"https:\/\/www.eliassen.nl\/de\/wp-json\/wp\/v2\/product_cat?post=204862"},{"taxonomy":"product_tag","embeddable":true,"href":"https:\/\/www.eliassen.nl\/de\/wp-json\/wp\/v2\/product_tag?post=204862"}],"curies":[{"name":"wp","href":"https:\/\/api.w.org\/{rel}","templated":true}]}}