{"id":204810,"date":"2026-01-26T12:13:32","date_gmt":"2026-01-26T11:13:32","guid":{"rendered":"https:\/\/www.eliassen.nl\/product\/glasmalerei-suesser-loewe-set-120x80cm\/"},"modified":"2026-02-06T09:59:30","modified_gmt":"2026-02-06T08:59:30","slug":"glasmalerei-suesser-loewe-set-120x80cm","status":"publish","type":"product","link":"https:\/\/www.eliassen.nl\/de\/glasmalerei-suesser-loewe-set-120x80cm\/","title":{"rendered":"Glasmalerei s\u00fc\u00dfer L\u00f6we Set 120x80cm"},"content":{"rendered":"<p data-path-to-node=\"2\">Sind Sie auf der Suche nach einer Wanddekoration, die Liebe, Verbundenheit und pure Kraft ausstrahlt? Dieses wundersch\u00f6ne Glasbild &#8222;S\u00fc\u00dfes L\u00f6wenpaar&#8220; zeigt die sanfte Seite der wilden Natur. Das Bild zeigt einen intimen und liebenswerten Moment zwischen einem imposanten m\u00e4nnlichen L\u00f6wen und einer eleganten L\u00f6win, die sich liebevoll aneinander lehnen. Die messerscharfen Details des Fells und die intensiven Blicke machen diese Szene lebensecht und schaffen eine warme Atmosph\u00e4re in jedem Raum.<\/p>\n<p data-path-to-node=\"3\">Das Kunstwerk wird auf die R\u00fcckseite von hochwertigem Glas gedruckt. Dieses Material verst\u00e4rkt die Farben und verleiht dem Bild eine wunderbare Tiefe, so dass die Tiere fast greifbar erscheinen. Mit einer gro\u00dfz\u00fcgigen Gr\u00f6\u00dfe von 120 x 80 cm ist dieses Liegegem\u00e4lde der ideale Blickfang f\u00fcr \u00fcber dem Sofa im Wohnzimmer oder als romantisches Statement im Schlafzimmer.<\/p>\n<p data-path-to-node=\"4\">Bei Eliassen Home &amp; Garden Pleasure in Ammerzoden finden Sie eine umfangreiche Sammlung von Natur- und Tierbildern auf Glas. Wir laden Sie herzlich in unseren Ausstellungsraum ein, um die Emotion und Qualit\u00e4t dieses besonderen L\u00f6wensets mit eigenen Augen zu sehen.<\/p>\n","protected":false},"excerpt":{"rendered":"<p>Dieses 120 mal 80 Zentimeter gro\u00dfe, liegende Glasgem\u00e4lde zeigt einen liebenswerten und romantischen Moment zwischen einem L\u00f6wen und einer L\u00f6win. Der messerscharfe Druck auf hochwertigem Glas f\u00e4ngt die Details des Fells und die liebevolle Verbindung zwischen den Tieren wunderbar ein. Eine stimmungsvolle und kraftvolle Wanddekoration, die perfekt in ein warmes Wohn- oder Schlafzimmer passt.<\/p>\n","protected":false},"featured_media":204415,"template":"","meta":{"_acf_changed":false,"_genesis_title":"","_genesis_description":""},"product_brand":[6940],"product_cat":[410,455,443],"product_tag":[],"class_list":{"0":"post-204810","1":"product","2":"type-product","3":"status-publish","4":"has-post-thumbnail","6":"product_brand-ter-halle-de","7":"product_cat-gemaelde","8":"product_cat-glasmalerei-im-format-80x120cm","9":"product_cat-glasmalereien","11":"first","12":"instock","13":"taxable","14":"shipping-taxable","15":"purchasable","16":"product-type-simple"},"acf":[],"meta_all":{"cor_restricted_countries":[],"total_sales":"0"},"meta_all_flat":{"total_sales":"0"},"yoast_head":"<!-- This site is optimized with the Yoast SEO Premium plugin v26.2 (Yoast SEO v27.2) - https:\/\/yoast.com\/product\/yoast-seo-premium-wordpress\/ -->\n<title>Ter Halle Glasmalerei s\u00fc\u00dfer L\u00f6we Set 120x80cm - Eliassen.nl<\/title>\n<meta name=\"description\" content=\"Glasgem\u00e4lde &quot;S\u00fc\u00dfer L\u00f6we&quot; (120x80cm). Ein romantisches Portr\u00e4t eines L\u00f6wen und einer L\u00f6win auf Glas. Sehen Sie sich diesen stimmungsvollen Blickfang jetzt bei Eliassen an.\" \/>\n<meta name=\"robots\" content=\"index, follow, max-snippet:-1, max-image-preview:large, max-video-preview:-1\" \/>\n<link rel=\"canonical\" href=\"https:\/\/www.eliassen.nl\/de\/glasmalerei-suesser-loewe-set-120x80cm\/\" \/>\n<meta property=\"og:locale\" content=\"de_DE\" \/>\n<meta property=\"og:type\" content=\"article\" \/>\n<meta property=\"og:title\" content=\"Ter Halle Glasmalerei s\u00fc\u00dfer L\u00f6we Set 120x80cm - Eliassen.nl\" \/>\n<meta property=\"og:description\" content=\"Glasgem\u00e4lde &quot;S\u00fc\u00dfer L\u00f6we&quot; (120x80cm). Ein romantisches Portr\u00e4t eines L\u00f6wen und einer L\u00f6win auf Glas. Sehen Sie sich diesen stimmungsvollen Blickfang jetzt bei Eliassen an.\" \/>\n<meta property=\"og:url\" content=\"https:\/\/www.eliassen.nl\/de\/glasmalerei-suesser-loewe-set-120x80cm\/\" \/>\n<meta property=\"og:site_name\" content=\"Eliassen.nl\" \/>\n<meta property=\"article:publisher\" content=\"https:\/\/www.facebook.com\/TuincentrumEliassenAmmerzoden\" \/>\n<meta property=\"article:modified_time\" content=\"2026-02-06T08:59:30+00:00\" \/>\n<meta property=\"og:image\" content=\"https:\/\/www.eliassen.nl\/wp-content\/uploads\/2026\/01\/glasschilderij-lief-leeuwenstel-Eliassen.nl_.jpg\" \/>\n\t<meta property=\"og:image:width\" content=\"720\" \/>\n\t<meta property=\"og:image:height\" content=\"480\" \/>\n\t<meta property=\"og:image:type\" content=\"image\/jpeg\" \/>\n<meta name=\"twitter:card\" content=\"summary_large_image\" \/>\n<script type=\"application\/ld+json\" class=\"yoast-schema-graph\">{\"@context\":\"https:\/\/schema.org\",\"@graph\":[{\"@type\":\"WebPage\",\"@id\":\"https:\/\/www.eliassen.nl\/de\/glasmalerei-suesser-loewe-set-120x80cm\/\",\"url\":\"https:\/\/www.eliassen.nl\/de\/glasmalerei-suesser-loewe-set-120x80cm\/\",\"name\":\"Ter Halle Glasmalerei s\u00fc\u00dfer L\u00f6we Set 120x80cm - Eliassen.nl\",\"isPartOf\":{\"@id\":\"https:\/\/www.eliassen.nl\/de\/#website\"},\"primaryImageOfPage\":{\"@id\":\"https:\/\/www.eliassen.nl\/de\/glasmalerei-suesser-loewe-set-120x80cm\/#primaryimage\"},\"image\":{\"@id\":\"https:\/\/www.eliassen.nl\/de\/glasmalerei-suesser-loewe-set-120x80cm\/#primaryimage\"},\"thumbnailUrl\":\"https:\/\/www.eliassen.nl\/wp-content\/uploads\/2026\/01\/glasschilderij-lief-leeuwenstel-Eliassen.nl_.jpg\",\"datePublished\":\"2026-01-26T11:13:32+00:00\",\"dateModified\":\"2026-02-06T08:59:30+00:00\",\"description\":\"Glasgem\u00e4lde \\\"S\u00fc\u00dfer L\u00f6we\\\" (120x80cm). Ein romantisches Portr\u00e4t eines L\u00f6wen und einer L\u00f6win auf Glas. Sehen Sie sich diesen stimmungsvollen Blickfang jetzt bei Eliassen an.\",\"breadcrumb\":{\"@id\":\"https:\/\/www.eliassen.nl\/de\/glasmalerei-suesser-loewe-set-120x80cm\/#breadcrumb\"},\"inLanguage\":\"de\",\"potentialAction\":[{\"@type\":\"ReadAction\",\"target\":[\"https:\/\/www.eliassen.nl\/de\/glasmalerei-suesser-loewe-set-120x80cm\/\"]}]},{\"@type\":\"ImageObject\",\"inLanguage\":\"de\",\"@id\":\"https:\/\/www.eliassen.nl\/de\/glasmalerei-suesser-loewe-set-120x80cm\/#primaryimage\",\"url\":\"https:\/\/www.eliassen.nl\/wp-content\/uploads\/2026\/01\/glasschilderij-lief-leeuwenstel-Eliassen.nl_.jpg\",\"contentUrl\":\"https:\/\/www.eliassen.nl\/wp-content\/uploads\/2026\/01\/glasschilderij-lief-leeuwenstel-Eliassen.nl_.jpg\",\"width\":720,\"height\":480,\"caption\":\"Glasmalerei s\u00fc\u00dfer L\u00f6we Set - Eliassen.nl\"},{\"@type\":\"BreadcrumbList\",\"@id\":\"https:\/\/www.eliassen.nl\/de\/glasmalerei-suesser-loewe-set-120x80cm\/#breadcrumb\",\"itemListElement\":[{\"@type\":\"ListItem\",\"position\":1,\"name\":\"Home\",\"item\":\"https:\/\/www.eliassen.nl\/de\/\"},{\"@type\":\"ListItem\",\"position\":2,\"name\":\"Shop\",\"item\":\"https:\/\/www.eliassen.nl\/de\/shop\/\"},{\"@type\":\"ListItem\",\"position\":3,\"name\":\"Glasmalereien\",\"item\":\"https:\/\/www.eliassen.nl\/de\/gemaelde\/glasmalereien\/\"},{\"@type\":\"ListItem\",\"position\":4,\"name\":\"Glasmalerei s\u00fc\u00dfer L\u00f6we Set 120x80cm\"}]},{\"@type\":\"WebSite\",\"@id\":\"https:\/\/www.eliassen.nl\/de\/#website\",\"url\":\"https:\/\/www.eliassen.nl\/de\/\",\"name\":\"Eliassen Home & Garden Pleasure\",\"description\":\"\",\"publisher\":{\"@id\":\"https:\/\/www.eliassen.nl\/de\/#organization\"},\"alternateName\":\"Eliassen.nl\",\"potentialAction\":[{\"@type\":\"SearchAction\",\"target\":{\"@type\":\"EntryPoint\",\"urlTemplate\":\"https:\/\/www.eliassen.nl\/de\/?s={search_term_string}\"},\"query-input\":{\"@type\":\"PropertyValueSpecification\",\"valueRequired\":true,\"valueName\":\"search_term_string\"}}],\"inLanguage\":\"de\"},{\"@type\":[\"Organization\",\"Place\"],\"@id\":\"https:\/\/www.eliassen.nl\/de\/#organization\",\"name\":\"Eliassen Home & Garden Pleasure\",\"url\":\"https:\/\/www.eliassen.nl\/de\/\",\"logo\":{\"@id\":\"https:\/\/www.eliassen.nl\/de\/glasmalerei-suesser-loewe-set-120x80cm\/#local-main-organization-logo\"},\"image\":{\"@id\":\"https:\/\/www.eliassen.nl\/de\/glasmalerei-suesser-loewe-set-120x80cm\/#local-main-organization-logo\"},\"sameAs\":[\"https:\/\/www.facebook.com\/TuincentrumEliassenAmmerzoden\",\"https:\/\/www.instagram.com\/eliassenhomeandgarden\/\",\"https:\/\/nl.pinterest.com\/eliassenhomeandgarden\/\",\"https:\/\/www.youtube.com\/@eliassenhomegardenpleasure4558\"],\"telephone\":[],\"openingHoursSpecification\":[{\"@type\":\"OpeningHoursSpecification\",\"dayOfWeek\":[\"Monday\",\"Tuesday\",\"Wednesday\",\"Thursday\",\"Friday\",\"Saturday\",\"Sunday\"],\"opens\":\"09:00\",\"closes\":\"17:00\"}]},{\"@type\":\"ImageObject\",\"inLanguage\":\"de\",\"@id\":\"https:\/\/www.eliassen.nl\/de\/glasmalerei-suesser-loewe-set-120x80cm\/#local-main-organization-logo\",\"url\":\"https:\/\/www.eliassen.nl\/wp-content\/uploads\/2024\/01\/logo_4nd.jpg\",\"contentUrl\":\"https:\/\/www.eliassen.nl\/wp-content\/uploads\/2024\/01\/logo_4nd.jpg\",\"width\":500,\"height\":500,\"caption\":\"Eliassen Home & Garden Pleasure\"}]}<\/script>\n<meta property=\"product:price:amount\" content=\"149.00\" \/>\n<meta property=\"product:price:currency\" content=\"EUR\" \/>\n<meta property=\"og:availability\" content=\"instock\" \/>\n<meta property=\"product:availability\" content=\"instock\" \/>\n<meta property=\"product:retailer_item_id\" content=\"Glas080120-1179\" \/>\n<meta property=\"product:condition\" content=\"new\" \/>\n<!-- \/ Yoast SEO Premium plugin. -->","yoast_head_json":{"title":"Ter Halle Glasmalerei s\u00fc\u00dfer L\u00f6we Set 120x80cm - Eliassen.nl","description":"Glasgem\u00e4lde \"S\u00fc\u00dfer L\u00f6we\" (120x80cm). Ein romantisches Portr\u00e4t eines L\u00f6wen und einer L\u00f6win auf Glas. Sehen Sie sich diesen stimmungsvollen Blickfang jetzt bei Eliassen an.","robots":{"index":"index","follow":"follow","max-snippet":"max-snippet:-1","max-image-preview":"max-image-preview:large","max-video-preview":"max-video-preview:-1"},"canonical":"https:\/\/www.eliassen.nl\/de\/glasmalerei-suesser-loewe-set-120x80cm\/","og_locale":"de_DE","og_type":"article","og_title":"Ter Halle Glasmalerei s\u00fc\u00dfer L\u00f6we Set 120x80cm - Eliassen.nl","og_description":"Glasgem\u00e4lde \"S\u00fc\u00dfer L\u00f6we\" (120x80cm). Ein romantisches Portr\u00e4t eines L\u00f6wen und einer L\u00f6win auf Glas. Sehen Sie sich diesen stimmungsvollen Blickfang jetzt bei Eliassen an.","og_url":"https:\/\/www.eliassen.nl\/de\/glasmalerei-suesser-loewe-set-120x80cm\/","og_site_name":"Eliassen.nl","article_publisher":"https:\/\/www.facebook.com\/TuincentrumEliassenAmmerzoden","article_modified_time":"2026-02-06T08:59:30+00:00","og_image":[{"width":720,"height":480,"url":"https:\/\/www.eliassen.nl\/wp-content\/uploads\/2026\/01\/glasschilderij-lief-leeuwenstel-Eliassen.nl_.jpg","type":"image\/jpeg"}],"twitter_card":"summary_large_image","schema":{"@context":"https:\/\/schema.org","@graph":[{"@type":"WebPage","@id":"https:\/\/www.eliassen.nl\/de\/glasmalerei-suesser-loewe-set-120x80cm\/","url":"https:\/\/www.eliassen.nl\/de\/glasmalerei-suesser-loewe-set-120x80cm\/","name":"Ter Halle Glasmalerei s\u00fc\u00dfer L\u00f6we Set 120x80cm - Eliassen.nl","isPartOf":{"@id":"https:\/\/www.eliassen.nl\/de\/#website"},"primaryImageOfPage":{"@id":"https:\/\/www.eliassen.nl\/de\/glasmalerei-suesser-loewe-set-120x80cm\/#primaryimage"},"image":{"@id":"https:\/\/www.eliassen.nl\/de\/glasmalerei-suesser-loewe-set-120x80cm\/#primaryimage"},"thumbnailUrl":"https:\/\/www.eliassen.nl\/wp-content\/uploads\/2026\/01\/glasschilderij-lief-leeuwenstel-Eliassen.nl_.jpg","datePublished":"2026-01-26T11:13:32+00:00","dateModified":"2026-02-06T08:59:30+00:00","description":"Glasgem\u00e4lde \"S\u00fc\u00dfer L\u00f6we\" (120x80cm). Ein romantisches Portr\u00e4t eines L\u00f6wen und einer L\u00f6win auf Glas. Sehen Sie sich diesen stimmungsvollen Blickfang jetzt bei Eliassen an.","breadcrumb":{"@id":"https:\/\/www.eliassen.nl\/de\/glasmalerei-suesser-loewe-set-120x80cm\/#breadcrumb"},"inLanguage":"de","potentialAction":[{"@type":"ReadAction","target":["https:\/\/www.eliassen.nl\/de\/glasmalerei-suesser-loewe-set-120x80cm\/"]}]},{"@type":"ImageObject","inLanguage":"de","@id":"https:\/\/www.eliassen.nl\/de\/glasmalerei-suesser-loewe-set-120x80cm\/#primaryimage","url":"https:\/\/www.eliassen.nl\/wp-content\/uploads\/2026\/01\/glasschilderij-lief-leeuwenstel-Eliassen.nl_.jpg","contentUrl":"https:\/\/www.eliassen.nl\/wp-content\/uploads\/2026\/01\/glasschilderij-lief-leeuwenstel-Eliassen.nl_.jpg","width":720,"height":480,"caption":"Glasmalerei s\u00fc\u00dfer L\u00f6we Set - Eliassen.nl"},{"@type":"BreadcrumbList","@id":"https:\/\/www.eliassen.nl\/de\/glasmalerei-suesser-loewe-set-120x80cm\/#breadcrumb","itemListElement":[{"@type":"ListItem","position":1,"name":"Home","item":"https:\/\/www.eliassen.nl\/de\/"},{"@type":"ListItem","position":2,"name":"Shop","item":"https:\/\/www.eliassen.nl\/de\/shop\/"},{"@type":"ListItem","position":3,"name":"Glasmalereien","item":"https:\/\/www.eliassen.nl\/de\/gemaelde\/glasmalereien\/"},{"@type":"ListItem","position":4,"name":"Glasmalerei s\u00fc\u00dfer L\u00f6we Set 120x80cm"}]},{"@type":"WebSite","@id":"https:\/\/www.eliassen.nl\/de\/#website","url":"https:\/\/www.eliassen.nl\/de\/","name":"Eliassen Home & Garden Pleasure","description":"","publisher":{"@id":"https:\/\/www.eliassen.nl\/de\/#organization"},"alternateName":"Eliassen.nl","potentialAction":[{"@type":"SearchAction","target":{"@type":"EntryPoint","urlTemplate":"https:\/\/www.eliassen.nl\/de\/?s={search_term_string}"},"query-input":{"@type":"PropertyValueSpecification","valueRequired":true,"valueName":"search_term_string"}}],"inLanguage":"de"},{"@type":["Organization","Place"],"@id":"https:\/\/www.eliassen.nl\/de\/#organization","name":"Eliassen Home & Garden Pleasure","url":"https:\/\/www.eliassen.nl\/de\/","logo":{"@id":"https:\/\/www.eliassen.nl\/de\/glasmalerei-suesser-loewe-set-120x80cm\/#local-main-organization-logo"},"image":{"@id":"https:\/\/www.eliassen.nl\/de\/glasmalerei-suesser-loewe-set-120x80cm\/#local-main-organization-logo"},"sameAs":["https:\/\/www.facebook.com\/TuincentrumEliassenAmmerzoden","https:\/\/www.instagram.com\/eliassenhomeandgarden\/","https:\/\/nl.pinterest.com\/eliassenhomeandgarden\/","https:\/\/www.youtube.com\/@eliassenhomegardenpleasure4558"],"telephone":[],"openingHoursSpecification":[{"@type":"OpeningHoursSpecification","dayOfWeek":["Monday","Tuesday","Wednesday","Thursday","Friday","Saturday","Sunday"],"opens":"09:00","closes":"17:00"}]},{"@type":"ImageObject","inLanguage":"de","@id":"https:\/\/www.eliassen.nl\/de\/glasmalerei-suesser-loewe-set-120x80cm\/#local-main-organization-logo","url":"https:\/\/www.eliassen.nl\/wp-content\/uploads\/2024\/01\/logo_4nd.jpg","contentUrl":"https:\/\/www.eliassen.nl\/wp-content\/uploads\/2024\/01\/logo_4nd.jpg","width":500,"height":500,"caption":"Eliassen Home & Garden Pleasure"}]},"product_price_amount":"149.00","product_price_currency":"EUR","og_availability":"instock","product_availability":"instock","product_retailer_item_id":"Glas080120-1179","product_condition":"new"},"df_price":149,"df_sale_price":"","df_regular_price":149,"df_image_link":"https:\/\/www.eliassen.nl\/wp-content\/uploads\/2026\/01\/glasschilderij-lief-leeuwenstel-Eliassen.nl_-300x200.jpg","image":"https:\/\/www.eliassen.nl\/wp-content\/uploads\/2026\/01\/glasschilderij-lief-leeuwenstel-Eliassen.nl_-150x150.jpg","price_search":"<span class=\"woocommerce-Price-amount amount\"><bdi><span class=\"woocommerce-Price-currencySymbol\">&euro;<\/span>&nbsp;149,00<\/bdi><\/span>","category":"Gem\u00e4lde","global_unique_id":"8714688623704","_links":{"self":[{"href":"https:\/\/www.eliassen.nl\/de\/wp-json\/wp\/v2\/product\/204810","targetHints":{"allow":["GET"]}}],"collection":[{"href":"https:\/\/www.eliassen.nl\/de\/wp-json\/wp\/v2\/product"}],"about":[{"href":"https:\/\/www.eliassen.nl\/de\/wp-json\/wp\/v2\/types\/product"}],"wp:featuredmedia":[{"embeddable":true,"href":"https:\/\/www.eliassen.nl\/de\/wp-json\/wp\/v2\/media\/204415"}],"wp:attachment":[{"href":"https:\/\/www.eliassen.nl\/de\/wp-json\/wp\/v2\/media?parent=204810"}],"wp:term":[{"taxonomy":"product_brand","embeddable":true,"href":"https:\/\/www.eliassen.nl\/de\/wp-json\/wp\/v2\/product_brand?post=204810"},{"taxonomy":"product_cat","embeddable":true,"href":"https:\/\/www.eliassen.nl\/de\/wp-json\/wp\/v2\/product_cat?post=204810"},{"taxonomy":"product_tag","embeddable":true,"href":"https:\/\/www.eliassen.nl\/de\/wp-json\/wp\/v2\/product_tag?post=204810"}],"curies":[{"name":"wp","href":"https:\/\/api.w.org\/{rel}","templated":true}]}}