{"id":204808,"date":"2026-01-26T12:11:36","date_gmt":"2026-01-26T11:11:36","guid":{"rendered":"https:\/\/www.eliassen.nl\/product\/glasgemaelde-weisser-kakadu-80x120cm\/"},"modified":"2026-02-06T10:00:37","modified_gmt":"2026-02-06T09:00:37","slug":"glasgemaelde-weisser-kakadu-80x120cm","status":"publish","type":"product","link":"https:\/\/www.eliassen.nl\/de\/glasgemaelde-weisser-kakadu-80x120cm\/","title":{"rendered":"Glasgem\u00e4lde Wei\u00dfer Kakadu 80x120cm"},"content":{"rendered":"<p data-path-to-node=\"2\">M\u00f6chten Sie eine exotische und heitere Atmosph\u00e4re in Ihrem Wohnzimmer schaffen? Dieses wundersch\u00f6ne Glasbild &#8222;Wei\u00dfer Kakadu&#8220; bringt die Sch\u00f6nheit der Tropen direkt in Ihr Interieur. Das Bild zeigt einen pr\u00e4chtigen Kakadu mit seinem strahlend wei\u00dfen Gefieder und dem charakteristischen, anmutigen Kamm, der gestochen scharf eingefangen wurde. Das intelligente und weiche Aussehen des Vogels macht dieses Kunstwerk zu einem friedlichen Mittelpunkt an der Wand und gleichzeitig zu einem Blickfang.<\/p>\n<p data-path-to-node=\"3\">Das Kunstwerk wird auf die R\u00fcckseite von hochwertigem Glas gedruckt. Dieses Material sorgt f\u00fcr einen sch\u00f6nen Glanz und verst\u00e4rkt die Helligkeit des Wei\u00df, das oft einen atemberaubenden Kontrast zum Hintergrund bildet. Mit einer gro\u00dfz\u00fcgigen Gr\u00f6\u00dfe von 80 x 120 cm ist dieses vertikale Gem\u00e4lde perfekt f\u00fcr eine leere Wand im Flur, im Schlafzimmer oder in einem stimmungsvollen Wohnzimmer.<\/p>\n<p data-path-to-node=\"4\">Bei Eliassen Home &amp; Garden Pleasure in Ammerzoden finden Sie eine gro\u00dfe Sammlung von Natur- und Tierbildern auf Glas. Wir laden Sie herzlich in unseren Ausstellungsraum ein, um die Qualit\u00e4t und die raffinierten Details dieser tropischen Erscheinung mit eigenen Augen zu bewundern.<\/p>\n","protected":false},"excerpt":{"rendered":"<p>Dieses vertikale Glasgem\u00e4lde mit den Ma\u00dfen 80 x 120 Zentimeter zeigt ein detailliertes Bild eines wei\u00dfen Kakadus mit seinem charakteristischen Kamm. Der messerscharfe Druck auf hochwertigem Glas l\u00e4sst die wei\u00dfen Federn leuchten und sorgt f\u00fcr einen frischen, exotischen Look in Ihrem Interieur. Eine stilvolle und beruhigende Wanddekoration f\u00fcr jeden Naturliebhaber.<\/p>\n","protected":false},"featured_media":204411,"template":"","meta":{"_acf_changed":false,"_genesis_title":"","_genesis_description":""},"product_brand":[6940],"product_cat":[410,455,443],"product_tag":[],"class_list":{"0":"post-204808","1":"product","2":"type-product","3":"status-publish","4":"has-post-thumbnail","6":"product_brand-ter-halle-de","7":"product_cat-gemaelde","8":"product_cat-glasmalerei-im-format-80x120cm","9":"product_cat-glasmalereien","11":"first","12":"outofstock","13":"taxable","14":"shipping-taxable","15":"purchasable","16":"product-type-simple"},"acf":[],"meta_all":{"cor_restricted_countries":[],"total_sales":"1"},"meta_all_flat":{"total_sales":"1"},"yoast_head":"<!-- This site is optimized with the Yoast SEO Premium plugin v26.2 (Yoast SEO v27.2) - https:\/\/yoast.com\/product\/yoast-seo-premium-wordpress\/ -->\n<title>Ter Halle Glasgem\u00e4lde Wei\u00dfer Kakadu 80x120cm - Eliassen.nl<\/title>\n<meta name=\"description\" content=\"Glasgem\u00e4lde &quot;Wei\u00dfer Kakadu&quot; (80x120cm). Ein wundersch\u00f6ner, tropischer Vogel, messerscharf auf Glas abgebildet. Sehen Sie sich diesen stimmungsvollen Blickfang jetzt bei Eliassen an.\" \/>\n<meta name=\"robots\" content=\"index, follow, max-snippet:-1, max-image-preview:large, max-video-preview:-1\" \/>\n<link rel=\"canonical\" href=\"https:\/\/www.eliassen.nl\/de\/glasgemaelde-weisser-kakadu-80x120cm\/\" \/>\n<meta property=\"og:locale\" content=\"de_DE\" \/>\n<meta property=\"og:type\" content=\"article\" \/>\n<meta property=\"og:title\" content=\"Ter Halle Glasgem\u00e4lde Wei\u00dfer Kakadu 80x120cm - Eliassen.nl\" \/>\n<meta property=\"og:description\" content=\"Glasgem\u00e4lde &quot;Wei\u00dfer Kakadu&quot; (80x120cm). Ein wundersch\u00f6ner, tropischer Vogel, messerscharf auf Glas abgebildet. Sehen Sie sich diesen stimmungsvollen Blickfang jetzt bei Eliassen an.\" \/>\n<meta property=\"og:url\" content=\"https:\/\/www.eliassen.nl\/de\/glasgemaelde-weisser-kakadu-80x120cm\/\" \/>\n<meta property=\"og:site_name\" content=\"Eliassen.nl\" \/>\n<meta property=\"article:publisher\" content=\"https:\/\/www.facebook.com\/TuincentrumEliassenAmmerzoden\" \/>\n<meta property=\"article:modified_time\" content=\"2026-02-06T09:00:37+00:00\" \/>\n<meta property=\"og:image\" content=\"https:\/\/www.eliassen.nl\/wp-content\/uploads\/2026\/01\/glasschilderij-witte-kaketoe-Eliassen.nl_.png\" \/>\n\t<meta property=\"og:image:width\" content=\"480\" \/>\n\t<meta property=\"og:image:height\" content=\"720\" \/>\n\t<meta property=\"og:image:type\" content=\"image\/png\" \/>\n<meta name=\"twitter:card\" content=\"summary_large_image\" \/>\n<script type=\"application\/ld+json\" class=\"yoast-schema-graph\">{\"@context\":\"https:\/\/schema.org\",\"@graph\":[{\"@type\":\"WebPage\",\"@id\":\"https:\/\/www.eliassen.nl\/de\/glasgemaelde-weisser-kakadu-80x120cm\/\",\"url\":\"https:\/\/www.eliassen.nl\/de\/glasgemaelde-weisser-kakadu-80x120cm\/\",\"name\":\"Ter Halle Glasgem\u00e4lde Wei\u00dfer Kakadu 80x120cm - Eliassen.nl\",\"isPartOf\":{\"@id\":\"https:\/\/www.eliassen.nl\/de\/#website\"},\"primaryImageOfPage\":{\"@id\":\"https:\/\/www.eliassen.nl\/de\/glasgemaelde-weisser-kakadu-80x120cm\/#primaryimage\"},\"image\":{\"@id\":\"https:\/\/www.eliassen.nl\/de\/glasgemaelde-weisser-kakadu-80x120cm\/#primaryimage\"},\"thumbnailUrl\":\"https:\/\/www.eliassen.nl\/wp-content\/uploads\/2026\/01\/glasschilderij-witte-kaketoe-Eliassen.nl_.png\",\"datePublished\":\"2026-01-26T11:11:36+00:00\",\"dateModified\":\"2026-02-06T09:00:37+00:00\",\"description\":\"Glasgem\u00e4lde \\\"Wei\u00dfer Kakadu\\\" (80x120cm). Ein wundersch\u00f6ner, tropischer Vogel, messerscharf auf Glas abgebildet. Sehen Sie sich diesen stimmungsvollen Blickfang jetzt bei Eliassen an.\",\"breadcrumb\":{\"@id\":\"https:\/\/www.eliassen.nl\/de\/glasgemaelde-weisser-kakadu-80x120cm\/#breadcrumb\"},\"inLanguage\":\"de\",\"potentialAction\":[{\"@type\":\"ReadAction\",\"target\":[\"https:\/\/www.eliassen.nl\/de\/glasgemaelde-weisser-kakadu-80x120cm\/\"]}]},{\"@type\":\"ImageObject\",\"inLanguage\":\"de\",\"@id\":\"https:\/\/www.eliassen.nl\/de\/glasgemaelde-weisser-kakadu-80x120cm\/#primaryimage\",\"url\":\"https:\/\/www.eliassen.nl\/wp-content\/uploads\/2026\/01\/glasschilderij-witte-kaketoe-Eliassen.nl_.png\",\"contentUrl\":\"https:\/\/www.eliassen.nl\/wp-content\/uploads\/2026\/01\/glasschilderij-witte-kaketoe-Eliassen.nl_.png\",\"width\":480,\"height\":720,\"caption\":\"Glasmalerei wei\u00dfer Kakadu - Eliassen.nl\"},{\"@type\":\"BreadcrumbList\",\"@id\":\"https:\/\/www.eliassen.nl\/de\/glasgemaelde-weisser-kakadu-80x120cm\/#breadcrumb\",\"itemListElement\":[{\"@type\":\"ListItem\",\"position\":1,\"name\":\"Home\",\"item\":\"https:\/\/www.eliassen.nl\/de\/\"},{\"@type\":\"ListItem\",\"position\":2,\"name\":\"Shop\",\"item\":\"https:\/\/www.eliassen.nl\/de\/shop\/\"},{\"@type\":\"ListItem\",\"position\":3,\"name\":\"Glasmalereien\",\"item\":\"https:\/\/www.eliassen.nl\/de\/gemaelde\/glasmalereien\/\"},{\"@type\":\"ListItem\",\"position\":4,\"name\":\"Glasmalerei im Format 80x120cm\",\"item\":\"https:\/\/www.eliassen.nl\/de\/gemaelde\/glasmalereien\/glasmalerei-im-format-80x120cm\/\"},{\"@type\":\"ListItem\",\"position\":5,\"name\":\"Glasgem\u00e4lde Wei\u00dfer Kakadu 80x120cm\"}]},{\"@type\":\"WebSite\",\"@id\":\"https:\/\/www.eliassen.nl\/de\/#website\",\"url\":\"https:\/\/www.eliassen.nl\/de\/\",\"name\":\"Eliassen Home & Garden Pleasure\",\"description\":\"\",\"publisher\":{\"@id\":\"https:\/\/www.eliassen.nl\/de\/#organization\"},\"alternateName\":\"Eliassen.nl\",\"potentialAction\":[{\"@type\":\"SearchAction\",\"target\":{\"@type\":\"EntryPoint\",\"urlTemplate\":\"https:\/\/www.eliassen.nl\/de\/?s={search_term_string}\"},\"query-input\":{\"@type\":\"PropertyValueSpecification\",\"valueRequired\":true,\"valueName\":\"search_term_string\"}}],\"inLanguage\":\"de\"},{\"@type\":[\"Organization\",\"Place\"],\"@id\":\"https:\/\/www.eliassen.nl\/de\/#organization\",\"name\":\"Eliassen Home & Garden Pleasure\",\"url\":\"https:\/\/www.eliassen.nl\/de\/\",\"logo\":{\"@id\":\"https:\/\/www.eliassen.nl\/de\/glasgemaelde-weisser-kakadu-80x120cm\/#local-main-organization-logo\"},\"image\":{\"@id\":\"https:\/\/www.eliassen.nl\/de\/glasgemaelde-weisser-kakadu-80x120cm\/#local-main-organization-logo\"},\"sameAs\":[\"https:\/\/www.facebook.com\/TuincentrumEliassenAmmerzoden\",\"https:\/\/www.instagram.com\/eliassenhomeandgarden\/\",\"https:\/\/nl.pinterest.com\/eliassenhomeandgarden\/\",\"https:\/\/www.youtube.com\/@eliassenhomegardenpleasure4558\"],\"telephone\":[],\"openingHoursSpecification\":[{\"@type\":\"OpeningHoursSpecification\",\"dayOfWeek\":[\"Monday\",\"Tuesday\",\"Wednesday\",\"Thursday\",\"Friday\",\"Saturday\",\"Sunday\"],\"opens\":\"09:00\",\"closes\":\"17:00\"}]},{\"@type\":\"ImageObject\",\"inLanguage\":\"de\",\"@id\":\"https:\/\/www.eliassen.nl\/de\/glasgemaelde-weisser-kakadu-80x120cm\/#local-main-organization-logo\",\"url\":\"https:\/\/www.eliassen.nl\/wp-content\/uploads\/2024\/01\/logo_4nd.jpg\",\"contentUrl\":\"https:\/\/www.eliassen.nl\/wp-content\/uploads\/2024\/01\/logo_4nd.jpg\",\"width\":500,\"height\":500,\"caption\":\"Eliassen Home & Garden Pleasure\"}]}<\/script>\n<meta property=\"product:price:amount\" content=\"149.00\" \/>\n<meta property=\"product:price:currency\" content=\"EUR\" \/>\n<meta property=\"og:availability\" content=\"out of stock\" \/>\n<meta property=\"product:availability\" content=\"out of stock\" \/>\n<meta property=\"product:retailer_item_id\" content=\"Glas080120-1174\" \/>\n<meta property=\"product:condition\" content=\"new\" \/>\n<!-- \/ Yoast SEO Premium plugin. -->","yoast_head_json":{"title":"Ter Halle Glasgem\u00e4lde Wei\u00dfer Kakadu 80x120cm - Eliassen.nl","description":"Glasgem\u00e4lde \"Wei\u00dfer Kakadu\" (80x120cm). Ein wundersch\u00f6ner, tropischer Vogel, messerscharf auf Glas abgebildet. Sehen Sie sich diesen stimmungsvollen Blickfang jetzt bei Eliassen an.","robots":{"index":"index","follow":"follow","max-snippet":"max-snippet:-1","max-image-preview":"max-image-preview:large","max-video-preview":"max-video-preview:-1"},"canonical":"https:\/\/www.eliassen.nl\/de\/glasgemaelde-weisser-kakadu-80x120cm\/","og_locale":"de_DE","og_type":"article","og_title":"Ter Halle Glasgem\u00e4lde Wei\u00dfer Kakadu 80x120cm - Eliassen.nl","og_description":"Glasgem\u00e4lde \"Wei\u00dfer Kakadu\" (80x120cm). Ein wundersch\u00f6ner, tropischer Vogel, messerscharf auf Glas abgebildet. Sehen Sie sich diesen stimmungsvollen Blickfang jetzt bei Eliassen an.","og_url":"https:\/\/www.eliassen.nl\/de\/glasgemaelde-weisser-kakadu-80x120cm\/","og_site_name":"Eliassen.nl","article_publisher":"https:\/\/www.facebook.com\/TuincentrumEliassenAmmerzoden","article_modified_time":"2026-02-06T09:00:37+00:00","og_image":[{"width":480,"height":720,"url":"https:\/\/www.eliassen.nl\/wp-content\/uploads\/2026\/01\/glasschilderij-witte-kaketoe-Eliassen.nl_.png","type":"image\/png"}],"twitter_card":"summary_large_image","schema":{"@context":"https:\/\/schema.org","@graph":[{"@type":"WebPage","@id":"https:\/\/www.eliassen.nl\/de\/glasgemaelde-weisser-kakadu-80x120cm\/","url":"https:\/\/www.eliassen.nl\/de\/glasgemaelde-weisser-kakadu-80x120cm\/","name":"Ter Halle Glasgem\u00e4lde Wei\u00dfer Kakadu 80x120cm - Eliassen.nl","isPartOf":{"@id":"https:\/\/www.eliassen.nl\/de\/#website"},"primaryImageOfPage":{"@id":"https:\/\/www.eliassen.nl\/de\/glasgemaelde-weisser-kakadu-80x120cm\/#primaryimage"},"image":{"@id":"https:\/\/www.eliassen.nl\/de\/glasgemaelde-weisser-kakadu-80x120cm\/#primaryimage"},"thumbnailUrl":"https:\/\/www.eliassen.nl\/wp-content\/uploads\/2026\/01\/glasschilderij-witte-kaketoe-Eliassen.nl_.png","datePublished":"2026-01-26T11:11:36+00:00","dateModified":"2026-02-06T09:00:37+00:00","description":"Glasgem\u00e4lde \"Wei\u00dfer Kakadu\" (80x120cm). Ein wundersch\u00f6ner, tropischer Vogel, messerscharf auf Glas abgebildet. Sehen Sie sich diesen stimmungsvollen Blickfang jetzt bei Eliassen an.","breadcrumb":{"@id":"https:\/\/www.eliassen.nl\/de\/glasgemaelde-weisser-kakadu-80x120cm\/#breadcrumb"},"inLanguage":"de","potentialAction":[{"@type":"ReadAction","target":["https:\/\/www.eliassen.nl\/de\/glasgemaelde-weisser-kakadu-80x120cm\/"]}]},{"@type":"ImageObject","inLanguage":"de","@id":"https:\/\/www.eliassen.nl\/de\/glasgemaelde-weisser-kakadu-80x120cm\/#primaryimage","url":"https:\/\/www.eliassen.nl\/wp-content\/uploads\/2026\/01\/glasschilderij-witte-kaketoe-Eliassen.nl_.png","contentUrl":"https:\/\/www.eliassen.nl\/wp-content\/uploads\/2026\/01\/glasschilderij-witte-kaketoe-Eliassen.nl_.png","width":480,"height":720,"caption":"Glasmalerei wei\u00dfer Kakadu - Eliassen.nl"},{"@type":"BreadcrumbList","@id":"https:\/\/www.eliassen.nl\/de\/glasgemaelde-weisser-kakadu-80x120cm\/#breadcrumb","itemListElement":[{"@type":"ListItem","position":1,"name":"Home","item":"https:\/\/www.eliassen.nl\/de\/"},{"@type":"ListItem","position":2,"name":"Shop","item":"https:\/\/www.eliassen.nl\/de\/shop\/"},{"@type":"ListItem","position":3,"name":"Glasmalereien","item":"https:\/\/www.eliassen.nl\/de\/gemaelde\/glasmalereien\/"},{"@type":"ListItem","position":4,"name":"Glasmalerei im Format 80x120cm","item":"https:\/\/www.eliassen.nl\/de\/gemaelde\/glasmalereien\/glasmalerei-im-format-80x120cm\/"},{"@type":"ListItem","position":5,"name":"Glasgem\u00e4lde Wei\u00dfer Kakadu 80x120cm"}]},{"@type":"WebSite","@id":"https:\/\/www.eliassen.nl\/de\/#website","url":"https:\/\/www.eliassen.nl\/de\/","name":"Eliassen Home & Garden Pleasure","description":"","publisher":{"@id":"https:\/\/www.eliassen.nl\/de\/#organization"},"alternateName":"Eliassen.nl","potentialAction":[{"@type":"SearchAction","target":{"@type":"EntryPoint","urlTemplate":"https:\/\/www.eliassen.nl\/de\/?s={search_term_string}"},"query-input":{"@type":"PropertyValueSpecification","valueRequired":true,"valueName":"search_term_string"}}],"inLanguage":"de"},{"@type":["Organization","Place"],"@id":"https:\/\/www.eliassen.nl\/de\/#organization","name":"Eliassen Home & Garden Pleasure","url":"https:\/\/www.eliassen.nl\/de\/","logo":{"@id":"https:\/\/www.eliassen.nl\/de\/glasgemaelde-weisser-kakadu-80x120cm\/#local-main-organization-logo"},"image":{"@id":"https:\/\/www.eliassen.nl\/de\/glasgemaelde-weisser-kakadu-80x120cm\/#local-main-organization-logo"},"sameAs":["https:\/\/www.facebook.com\/TuincentrumEliassenAmmerzoden","https:\/\/www.instagram.com\/eliassenhomeandgarden\/","https:\/\/nl.pinterest.com\/eliassenhomeandgarden\/","https:\/\/www.youtube.com\/@eliassenhomegardenpleasure4558"],"telephone":[],"openingHoursSpecification":[{"@type":"OpeningHoursSpecification","dayOfWeek":["Monday","Tuesday","Wednesday","Thursday","Friday","Saturday","Sunday"],"opens":"09:00","closes":"17:00"}]},{"@type":"ImageObject","inLanguage":"de","@id":"https:\/\/www.eliassen.nl\/de\/glasgemaelde-weisser-kakadu-80x120cm\/#local-main-organization-logo","url":"https:\/\/www.eliassen.nl\/wp-content\/uploads\/2024\/01\/logo_4nd.jpg","contentUrl":"https:\/\/www.eliassen.nl\/wp-content\/uploads\/2024\/01\/logo_4nd.jpg","width":500,"height":500,"caption":"Eliassen Home & Garden Pleasure"}]},"product_price_amount":"149.00","product_price_currency":"EUR","og_availability":"out of stock","product_availability":"out of stock","product_retailer_item_id":"Glas080120-1174","product_condition":"new"},"df_price":149,"df_sale_price":"","df_regular_price":149,"df_image_link":"https:\/\/www.eliassen.nl\/wp-content\/uploads\/2026\/01\/glasschilderij-witte-kaketoe-Eliassen.nl_-200x300.png","image":"https:\/\/www.eliassen.nl\/wp-content\/uploads\/2026\/01\/glasschilderij-witte-kaketoe-Eliassen.nl_-150x150.png","price_search":"<span class=\"woocommerce-Price-amount amount\"><bdi><span class=\"woocommerce-Price-currencySymbol\">&euro;<\/span>&nbsp;149,00<\/bdi><\/span>","category":"Gem\u00e4lde","global_unique_id":"8714688623650","_links":{"self":[{"href":"https:\/\/www.eliassen.nl\/de\/wp-json\/wp\/v2\/product\/204808","targetHints":{"allow":["GET"]}}],"collection":[{"href":"https:\/\/www.eliassen.nl\/de\/wp-json\/wp\/v2\/product"}],"about":[{"href":"https:\/\/www.eliassen.nl\/de\/wp-json\/wp\/v2\/types\/product"}],"wp:featuredmedia":[{"embeddable":true,"href":"https:\/\/www.eliassen.nl\/de\/wp-json\/wp\/v2\/media\/204411"}],"wp:attachment":[{"href":"https:\/\/www.eliassen.nl\/de\/wp-json\/wp\/v2\/media?parent=204808"}],"wp:term":[{"taxonomy":"product_brand","embeddable":true,"href":"https:\/\/www.eliassen.nl\/de\/wp-json\/wp\/v2\/product_brand?post=204808"},{"taxonomy":"product_cat","embeddable":true,"href":"https:\/\/www.eliassen.nl\/de\/wp-json\/wp\/v2\/product_cat?post=204808"},{"taxonomy":"product_tag","embeddable":true,"href":"https:\/\/www.eliassen.nl\/de\/wp-json\/wp\/v2\/product_tag?post=204808"}],"curies":[{"name":"wp","href":"https:\/\/api.w.org\/{rel}","templated":true}]}}