{"id":204795,"date":"2026-01-26T12:03:23","date_gmt":"2026-01-26T11:03:23","guid":{"rendered":"https:\/\/www.eliassen.nl\/product\/glasmalerei-frau-mit-rosa-haaren-und-brille-80x80cm\/"},"modified":"2026-02-06T10:00:04","modified_gmt":"2026-02-06T09:00:04","slug":"glasmalerei-frau-mit-rosa-haaren-und-brille-80x80cm","status":"publish","type":"product","link":"https:\/\/www.eliassen.nl\/de\/glasmalerei-frau-mit-rosa-haaren-und-brille-80x80cm\/","title":{"rendered":"Glasmalerei Frau mit rosa Haaren und Brille 80x80cm"},"content":{"rendered":"<p data-path-to-node=\"2\">Sind Sie auf der Suche nach einem Kunstwerk, das Farbe, Fr\u00f6hlichkeit und einen Hauch von exotischer Mystik in Ihr Interieur bringt? Dieses wundersch\u00f6ne Glasbild &#8222;Frau mit rosa Haaren und Brille&#8220; ist eine wahre Farbexplosion f\u00fcr die Wand. Das Bild zeigt eine stilvolle Frau mit auff\u00e4lligen rosa Dreadlocks, die mit einem bunten Blumenkopfschmuck und einer modischen Sonnenbrille mit blauen Gl\u00e4sern geschm\u00fcckt ist. Die Komposition wird durch einen verzierten Kolibri belebt, der an ihrer Schulter zu sehen ist, und die leuchtend gelbe Kleidung hebt sich wunderbar von dem frischen t\u00fcrkisfarbenen Hintergrund ab.<\/p>\n<p data-path-to-node=\"3\">Das Kunstwerk wird messerscharf auf die R\u00fcckseite von hochwertigem Glas gedruckt. So kommen die leuchtenden Farben, wie Rosa, Gelb und T\u00fcrkis, am besten zur Geltung und erhalten einen sch\u00f6nen Glanz. Mit einer Gr\u00f6\u00dfe von 80 x 80 cm ist dieses quadratische Gem\u00e4lde ein perfekter Blickfang f\u00fcr ein modernes Wohnzimmer, einen Flur oder ein Schlafzimmer, das etwas W\u00fcrze gebrauchen k\u00f6nnte.<\/p>\n<p data-path-to-node=\"4\">Bei Eliassen Home &amp; Garden Pleasure in Ammerzoden finden Sie eine umfangreiche Sammlung bunter Glasbilder. Wir laden Sie herzlich in unseren Ausstellungsraum ein, um die Qualit\u00e4t und die aufschlussreichen Details dieses k\u00fcnstlerischen Portr\u00e4ts mit eigenen Augen zu bewundern.<\/p>\n","protected":false},"excerpt":{"rendered":"<p>Dieses 80 mal 80 Zentimeter gro\u00dfe, quadratische Glasgem\u00e4lde zeigt ein farbenfrohes Portr\u00e4t einer Frau mit rosa Haaren, einem blumigen Kopfschmuck und einer auff\u00e4lligen Sonnenbrille. Das Bild wird durch Kolibris in den Brillengl\u00e4sern und einen leuchtend t\u00fcrkisfarbenen Hintergrund vervollst\u00e4ndigt, wodurch ein fr\u00f6hlicher und exotischer Look entsteht. Der hochwertige Druck auf Glas garantiert intensive Farben und einen modernen Look f\u00fcr Ihr Interieur.<\/p>\n","protected":false},"featured_media":204385,"template":"","meta":{"_acf_changed":false,"_genesis_title":"","_genesis_description":""},"product_brand":[6940],"product_cat":[410,452,443],"product_tag":[],"class_list":{"0":"post-204795","1":"product","2":"type-product","3":"status-publish","4":"has-post-thumbnail","6":"product_brand-ter-halle-de","7":"product_cat-gemaelde","8":"product_cat-glasmalerei-im-format-80x80cm","9":"product_cat-glasmalereien","11":"first","12":"instock","13":"taxable","14":"shipping-taxable","15":"purchasable","16":"product-type-simple"},"acf":[],"meta_all":{"cor_restricted_countries":[],"total_sales":"0"},"meta_all_flat":{"total_sales":"0"},"yoast_head":"<!-- This site is optimized with the Yoast SEO Premium plugin v26.2 (Yoast SEO v27.2) - https:\/\/yoast.com\/product\/yoast-seo-premium-wordpress\/ -->\n<title>Ter Halle Glasmalerei Frau mit rosa Haaren und Brille 80x80cm - Eliassen.nl<\/title>\n<meta name=\"description\" content=\"Glasgem\u00e4lde &quot;Frau mit rosa Haar&quot; (80x80cm). Buntes Portr\u00e4t mit Blumen, Sonnenbrille und Kolibri auf Glas. Bestellen Sie diesen fr\u00f6hlichen Blickfang online.\" \/>\n<meta name=\"robots\" content=\"index, follow, max-snippet:-1, max-image-preview:large, max-video-preview:-1\" \/>\n<link rel=\"canonical\" href=\"https:\/\/www.eliassen.nl\/de\/glasmalerei-frau-mit-rosa-haaren-und-brille-80x80cm\/\" \/>\n<meta property=\"og:locale\" content=\"de_DE\" \/>\n<meta property=\"og:type\" content=\"article\" \/>\n<meta property=\"og:title\" content=\"Ter Halle Glasmalerei Frau mit rosa Haaren und Brille 80x80cm - Eliassen.nl\" \/>\n<meta property=\"og:description\" content=\"Glasgem\u00e4lde &quot;Frau mit rosa Haar&quot; (80x80cm). Buntes Portr\u00e4t mit Blumen, Sonnenbrille und Kolibri auf Glas. Bestellen Sie diesen fr\u00f6hlichen Blickfang online.\" \/>\n<meta property=\"og:url\" content=\"https:\/\/www.eliassen.nl\/de\/glasmalerei-frau-mit-rosa-haaren-und-brille-80x80cm\/\" \/>\n<meta property=\"og:site_name\" content=\"Eliassen.nl\" \/>\n<meta property=\"article:publisher\" content=\"https:\/\/www.facebook.com\/TuincentrumEliassenAmmerzoden\" \/>\n<meta property=\"article:modified_time\" content=\"2026-02-06T09:00:04+00:00\" \/>\n<meta property=\"og:image\" content=\"https:\/\/www.eliassen.nl\/wp-content\/uploads\/2026\/01\/glasschilderij-vrouw-met-roze-haren-en-bril-Eliassen.nl_.png\" \/>\n\t<meta property=\"og:image:width\" content=\"480\" \/>\n\t<meta property=\"og:image:height\" content=\"480\" \/>\n\t<meta property=\"og:image:type\" content=\"image\/png\" \/>\n<meta name=\"twitter:card\" content=\"summary_large_image\" \/>\n<script type=\"application\/ld+json\" class=\"yoast-schema-graph\">{\"@context\":\"https:\/\/schema.org\",\"@graph\":[{\"@type\":\"WebPage\",\"@id\":\"https:\/\/www.eliassen.nl\/de\/glasmalerei-frau-mit-rosa-haaren-und-brille-80x80cm\/\",\"url\":\"https:\/\/www.eliassen.nl\/de\/glasmalerei-frau-mit-rosa-haaren-und-brille-80x80cm\/\",\"name\":\"Ter Halle Glasmalerei Frau mit rosa Haaren und Brille 80x80cm - Eliassen.nl\",\"isPartOf\":{\"@id\":\"https:\/\/www.eliassen.nl\/de\/#website\"},\"primaryImageOfPage\":{\"@id\":\"https:\/\/www.eliassen.nl\/de\/glasmalerei-frau-mit-rosa-haaren-und-brille-80x80cm\/#primaryimage\"},\"image\":{\"@id\":\"https:\/\/www.eliassen.nl\/de\/glasmalerei-frau-mit-rosa-haaren-und-brille-80x80cm\/#primaryimage\"},\"thumbnailUrl\":\"https:\/\/www.eliassen.nl\/wp-content\/uploads\/2026\/01\/glasschilderij-vrouw-met-roze-haren-en-bril-Eliassen.nl_.png\",\"datePublished\":\"2026-01-26T11:03:23+00:00\",\"dateModified\":\"2026-02-06T09:00:04+00:00\",\"description\":\"Glasgem\u00e4lde \\\"Frau mit rosa Haar\\\" (80x80cm). Buntes Portr\u00e4t mit Blumen, Sonnenbrille und Kolibri auf Glas. Bestellen Sie diesen fr\u00f6hlichen Blickfang online.\",\"breadcrumb\":{\"@id\":\"https:\/\/www.eliassen.nl\/de\/glasmalerei-frau-mit-rosa-haaren-und-brille-80x80cm\/#breadcrumb\"},\"inLanguage\":\"de\",\"potentialAction\":[{\"@type\":\"ReadAction\",\"target\":[\"https:\/\/www.eliassen.nl\/de\/glasmalerei-frau-mit-rosa-haaren-und-brille-80x80cm\/\"]}]},{\"@type\":\"ImageObject\",\"inLanguage\":\"de\",\"@id\":\"https:\/\/www.eliassen.nl\/de\/glasmalerei-frau-mit-rosa-haaren-und-brille-80x80cm\/#primaryimage\",\"url\":\"https:\/\/www.eliassen.nl\/wp-content\/uploads\/2026\/01\/glasschilderij-vrouw-met-roze-haren-en-bril-Eliassen.nl_.png\",\"contentUrl\":\"https:\/\/www.eliassen.nl\/wp-content\/uploads\/2026\/01\/glasschilderij-vrouw-met-roze-haren-en-bril-Eliassen.nl_.png\",\"width\":480,\"height\":480,\"caption\":\"Glasmalerei Frau mit rosa Haaren und Brille - Eliassen.nl\"},{\"@type\":\"BreadcrumbList\",\"@id\":\"https:\/\/www.eliassen.nl\/de\/glasmalerei-frau-mit-rosa-haaren-und-brille-80x80cm\/#breadcrumb\",\"itemListElement\":[{\"@type\":\"ListItem\",\"position\":1,\"name\":\"Home\",\"item\":\"https:\/\/www.eliassen.nl\/de\/\"},{\"@type\":\"ListItem\",\"position\":2,\"name\":\"Shop\",\"item\":\"https:\/\/www.eliassen.nl\/de\/shop\/\"},{\"@type\":\"ListItem\",\"position\":3,\"name\":\"Glasmalereien\",\"item\":\"https:\/\/www.eliassen.nl\/de\/gemaelde\/glasmalereien\/\"},{\"@type\":\"ListItem\",\"position\":4,\"name\":\"Glasmalerei Frau mit rosa Haaren und Brille 80x80cm\"}]},{\"@type\":\"WebSite\",\"@id\":\"https:\/\/www.eliassen.nl\/de\/#website\",\"url\":\"https:\/\/www.eliassen.nl\/de\/\",\"name\":\"Eliassen Home & Garden Pleasure\",\"description\":\"\",\"publisher\":{\"@id\":\"https:\/\/www.eliassen.nl\/de\/#organization\"},\"alternateName\":\"Eliassen.nl\",\"potentialAction\":[{\"@type\":\"SearchAction\",\"target\":{\"@type\":\"EntryPoint\",\"urlTemplate\":\"https:\/\/www.eliassen.nl\/de\/?s={search_term_string}\"},\"query-input\":{\"@type\":\"PropertyValueSpecification\",\"valueRequired\":true,\"valueName\":\"search_term_string\"}}],\"inLanguage\":\"de\"},{\"@type\":[\"Organization\",\"Place\"],\"@id\":\"https:\/\/www.eliassen.nl\/de\/#organization\",\"name\":\"Eliassen Home & Garden Pleasure\",\"url\":\"https:\/\/www.eliassen.nl\/de\/\",\"logo\":{\"@id\":\"https:\/\/www.eliassen.nl\/de\/glasmalerei-frau-mit-rosa-haaren-und-brille-80x80cm\/#local-main-organization-logo\"},\"image\":{\"@id\":\"https:\/\/www.eliassen.nl\/de\/glasmalerei-frau-mit-rosa-haaren-und-brille-80x80cm\/#local-main-organization-logo\"},\"sameAs\":[\"https:\/\/www.facebook.com\/TuincentrumEliassenAmmerzoden\",\"https:\/\/www.instagram.com\/eliassenhomeandgarden\/\",\"https:\/\/nl.pinterest.com\/eliassenhomeandgarden\/\",\"https:\/\/www.youtube.com\/@eliassenhomegardenpleasure4558\"],\"telephone\":[],\"openingHoursSpecification\":[{\"@type\":\"OpeningHoursSpecification\",\"dayOfWeek\":[\"Monday\",\"Tuesday\",\"Wednesday\",\"Thursday\",\"Friday\",\"Saturday\",\"Sunday\"],\"opens\":\"09:00\",\"closes\":\"17:00\"}]},{\"@type\":\"ImageObject\",\"inLanguage\":\"de\",\"@id\":\"https:\/\/www.eliassen.nl\/de\/glasmalerei-frau-mit-rosa-haaren-und-brille-80x80cm\/#local-main-organization-logo\",\"url\":\"https:\/\/www.eliassen.nl\/wp-content\/uploads\/2024\/01\/logo_4nd.jpg\",\"contentUrl\":\"https:\/\/www.eliassen.nl\/wp-content\/uploads\/2024\/01\/logo_4nd.jpg\",\"width\":500,\"height\":500,\"caption\":\"Eliassen Home & Garden Pleasure\"}]}<\/script>\n<meta property=\"product:price:amount\" content=\"109.00\" \/>\n<meta property=\"product:price:currency\" content=\"EUR\" \/>\n<meta property=\"og:availability\" content=\"instock\" \/>\n<meta property=\"product:availability\" content=\"instock\" \/>\n<meta property=\"product:retailer_item_id\" content=\"Glas080080-259\" \/>\n<meta property=\"product:condition\" content=\"new\" \/>\n<!-- \/ Yoast SEO Premium plugin. -->","yoast_head_json":{"title":"Ter Halle Glasmalerei Frau mit rosa Haaren und Brille 80x80cm - Eliassen.nl","description":"Glasgem\u00e4lde \"Frau mit rosa Haar\" (80x80cm). Buntes Portr\u00e4t mit Blumen, Sonnenbrille und Kolibri auf Glas. Bestellen Sie diesen fr\u00f6hlichen Blickfang online.","robots":{"index":"index","follow":"follow","max-snippet":"max-snippet:-1","max-image-preview":"max-image-preview:large","max-video-preview":"max-video-preview:-1"},"canonical":"https:\/\/www.eliassen.nl\/de\/glasmalerei-frau-mit-rosa-haaren-und-brille-80x80cm\/","og_locale":"de_DE","og_type":"article","og_title":"Ter Halle Glasmalerei Frau mit rosa Haaren und Brille 80x80cm - Eliassen.nl","og_description":"Glasgem\u00e4lde \"Frau mit rosa Haar\" (80x80cm). Buntes Portr\u00e4t mit Blumen, Sonnenbrille und Kolibri auf Glas. Bestellen Sie diesen fr\u00f6hlichen Blickfang online.","og_url":"https:\/\/www.eliassen.nl\/de\/glasmalerei-frau-mit-rosa-haaren-und-brille-80x80cm\/","og_site_name":"Eliassen.nl","article_publisher":"https:\/\/www.facebook.com\/TuincentrumEliassenAmmerzoden","article_modified_time":"2026-02-06T09:00:04+00:00","og_image":[{"width":480,"height":480,"url":"https:\/\/www.eliassen.nl\/wp-content\/uploads\/2026\/01\/glasschilderij-vrouw-met-roze-haren-en-bril-Eliassen.nl_.png","type":"image\/png"}],"twitter_card":"summary_large_image","schema":{"@context":"https:\/\/schema.org","@graph":[{"@type":"WebPage","@id":"https:\/\/www.eliassen.nl\/de\/glasmalerei-frau-mit-rosa-haaren-und-brille-80x80cm\/","url":"https:\/\/www.eliassen.nl\/de\/glasmalerei-frau-mit-rosa-haaren-und-brille-80x80cm\/","name":"Ter Halle Glasmalerei Frau mit rosa Haaren und Brille 80x80cm - Eliassen.nl","isPartOf":{"@id":"https:\/\/www.eliassen.nl\/de\/#website"},"primaryImageOfPage":{"@id":"https:\/\/www.eliassen.nl\/de\/glasmalerei-frau-mit-rosa-haaren-und-brille-80x80cm\/#primaryimage"},"image":{"@id":"https:\/\/www.eliassen.nl\/de\/glasmalerei-frau-mit-rosa-haaren-und-brille-80x80cm\/#primaryimage"},"thumbnailUrl":"https:\/\/www.eliassen.nl\/wp-content\/uploads\/2026\/01\/glasschilderij-vrouw-met-roze-haren-en-bril-Eliassen.nl_.png","datePublished":"2026-01-26T11:03:23+00:00","dateModified":"2026-02-06T09:00:04+00:00","description":"Glasgem\u00e4lde \"Frau mit rosa Haar\" (80x80cm). Buntes Portr\u00e4t mit Blumen, Sonnenbrille und Kolibri auf Glas. Bestellen Sie diesen fr\u00f6hlichen Blickfang online.","breadcrumb":{"@id":"https:\/\/www.eliassen.nl\/de\/glasmalerei-frau-mit-rosa-haaren-und-brille-80x80cm\/#breadcrumb"},"inLanguage":"de","potentialAction":[{"@type":"ReadAction","target":["https:\/\/www.eliassen.nl\/de\/glasmalerei-frau-mit-rosa-haaren-und-brille-80x80cm\/"]}]},{"@type":"ImageObject","inLanguage":"de","@id":"https:\/\/www.eliassen.nl\/de\/glasmalerei-frau-mit-rosa-haaren-und-brille-80x80cm\/#primaryimage","url":"https:\/\/www.eliassen.nl\/wp-content\/uploads\/2026\/01\/glasschilderij-vrouw-met-roze-haren-en-bril-Eliassen.nl_.png","contentUrl":"https:\/\/www.eliassen.nl\/wp-content\/uploads\/2026\/01\/glasschilderij-vrouw-met-roze-haren-en-bril-Eliassen.nl_.png","width":480,"height":480,"caption":"Glasmalerei Frau mit rosa Haaren und Brille - Eliassen.nl"},{"@type":"BreadcrumbList","@id":"https:\/\/www.eliassen.nl\/de\/glasmalerei-frau-mit-rosa-haaren-und-brille-80x80cm\/#breadcrumb","itemListElement":[{"@type":"ListItem","position":1,"name":"Home","item":"https:\/\/www.eliassen.nl\/de\/"},{"@type":"ListItem","position":2,"name":"Shop","item":"https:\/\/www.eliassen.nl\/de\/shop\/"},{"@type":"ListItem","position":3,"name":"Glasmalereien","item":"https:\/\/www.eliassen.nl\/de\/gemaelde\/glasmalereien\/"},{"@type":"ListItem","position":4,"name":"Glasmalerei Frau mit rosa Haaren und Brille 80x80cm"}]},{"@type":"WebSite","@id":"https:\/\/www.eliassen.nl\/de\/#website","url":"https:\/\/www.eliassen.nl\/de\/","name":"Eliassen Home & Garden Pleasure","description":"","publisher":{"@id":"https:\/\/www.eliassen.nl\/de\/#organization"},"alternateName":"Eliassen.nl","potentialAction":[{"@type":"SearchAction","target":{"@type":"EntryPoint","urlTemplate":"https:\/\/www.eliassen.nl\/de\/?s={search_term_string}"},"query-input":{"@type":"PropertyValueSpecification","valueRequired":true,"valueName":"search_term_string"}}],"inLanguage":"de"},{"@type":["Organization","Place"],"@id":"https:\/\/www.eliassen.nl\/de\/#organization","name":"Eliassen Home & Garden Pleasure","url":"https:\/\/www.eliassen.nl\/de\/","logo":{"@id":"https:\/\/www.eliassen.nl\/de\/glasmalerei-frau-mit-rosa-haaren-und-brille-80x80cm\/#local-main-organization-logo"},"image":{"@id":"https:\/\/www.eliassen.nl\/de\/glasmalerei-frau-mit-rosa-haaren-und-brille-80x80cm\/#local-main-organization-logo"},"sameAs":["https:\/\/www.facebook.com\/TuincentrumEliassenAmmerzoden","https:\/\/www.instagram.com\/eliassenhomeandgarden\/","https:\/\/nl.pinterest.com\/eliassenhomeandgarden\/","https:\/\/www.youtube.com\/@eliassenhomegardenpleasure4558"],"telephone":[],"openingHoursSpecification":[{"@type":"OpeningHoursSpecification","dayOfWeek":["Monday","Tuesday","Wednesday","Thursday","Friday","Saturday","Sunday"],"opens":"09:00","closes":"17:00"}]},{"@type":"ImageObject","inLanguage":"de","@id":"https:\/\/www.eliassen.nl\/de\/glasmalerei-frau-mit-rosa-haaren-und-brille-80x80cm\/#local-main-organization-logo","url":"https:\/\/www.eliassen.nl\/wp-content\/uploads\/2024\/01\/logo_4nd.jpg","contentUrl":"https:\/\/www.eliassen.nl\/wp-content\/uploads\/2024\/01\/logo_4nd.jpg","width":500,"height":500,"caption":"Eliassen Home & Garden Pleasure"}]},"product_price_amount":"109.00","product_price_currency":"EUR","og_availability":"instock","product_availability":"instock","product_retailer_item_id":"Glas080080-259","product_condition":"new"},"df_price":109,"df_sale_price":"","df_regular_price":109,"df_image_link":"https:\/\/www.eliassen.nl\/wp-content\/uploads\/2026\/01\/glasschilderij-vrouw-met-roze-haren-en-bril-Eliassen.nl_-300x300.png","image":"https:\/\/www.eliassen.nl\/wp-content\/uploads\/2026\/01\/glasschilderij-vrouw-met-roze-haren-en-bril-Eliassen.nl_-150x150.png","price_search":"<span class=\"woocommerce-Price-amount amount\"><bdi><span class=\"woocommerce-Price-currencySymbol\">&euro;<\/span>&nbsp;109,00<\/bdi><\/span>","category":"Gem\u00e4lde","global_unique_id":"8714688623629","_links":{"self":[{"href":"https:\/\/www.eliassen.nl\/de\/wp-json\/wp\/v2\/product\/204795","targetHints":{"allow":["GET"]}}],"collection":[{"href":"https:\/\/www.eliassen.nl\/de\/wp-json\/wp\/v2\/product"}],"about":[{"href":"https:\/\/www.eliassen.nl\/de\/wp-json\/wp\/v2\/types\/product"}],"wp:featuredmedia":[{"embeddable":true,"href":"https:\/\/www.eliassen.nl\/de\/wp-json\/wp\/v2\/media\/204385"}],"wp:attachment":[{"href":"https:\/\/www.eliassen.nl\/de\/wp-json\/wp\/v2\/media?parent=204795"}],"wp:term":[{"taxonomy":"product_brand","embeddable":true,"href":"https:\/\/www.eliassen.nl\/de\/wp-json\/wp\/v2\/product_brand?post=204795"},{"taxonomy":"product_cat","embeddable":true,"href":"https:\/\/www.eliassen.nl\/de\/wp-json\/wp\/v2\/product_cat?post=204795"},{"taxonomy":"product_tag","embeddable":true,"href":"https:\/\/www.eliassen.nl\/de\/wp-json\/wp\/v2\/product_tag?post=204795"}],"curies":[{"name":"wp","href":"https:\/\/api.w.org\/{rel}","templated":true}]}}