{"id":204625,"date":"2026-01-23T15:04:32","date_gmt":"2026-01-23T14:04:32","guid":{"rendered":"https:\/\/www.eliassen.nl\/?post_type=product&#038;p=204625"},"modified":"2026-02-23T09:22:29","modified_gmt":"2026-02-23T08:22:29","slug":"klangkasten-haus-mit-naturgerauschen-deluxe-forest-15cm-kopie","status":"publish","type":"product","link":"https:\/\/www.eliassen.nl\/de\/klangkasten-haus-mit-naturgerauschen-deluxe-forest-15cm-kopie\/","title":{"rendered":"Klangkasten rund mit Naturger\u00e4uschen 10cm"},"content":{"rendered":"<p data-path-to-node=\"3\"><a href=\"https:\/\/www.eliassen.nl\/wp-content\/uploads\/2026\/02\/Dauzkobza-Natural-Woodland-Forest-Water-Stream-Nightingale-Birds-Chirping-Singing-.aac\">Dauzkobza &#8211; Natural Woodland &#8211; Wald Wasser Bach Nachtigall V\u00f6gel zwitschern Gesang<\/a> <a href=\"https:\/\/www.eliassen.nl\/wp-content\/uploads\/2026\/02\/Articulated-Sounds-Tropical-Ambiences-Rainforest-Morning-Rousing-Flocks-of-Birds-in-The-Canopy.aac\">Artikulierte Kl\u00e4nge &#8211; Tropisches Ambiente &#8211; Regenwald Morgenstimmung Vogelschw\u00e4rme in den Baumkronen<\/a><\/p>\n<audio class=\"wp-audio-shortcode\" id=\"audio-204625-1\" preload=\"none\" style=\"width: 100%;\" controls=\"controls\"><source type=\"audio\/wav\" src=\"https:\/\/www.eliassen.nl\/wp-content\/uploads\/2026\/02\/AMB_InsectsCricketsAmbience_02_SDLX.wav?_=1\" \/><a href=\"https:\/\/www.eliassen.nl\/wp-content\/uploads\/2026\/02\/AMB_InsectsCricketsAmbience_02_SDLX.wav\">https:\/\/www.eliassen.nl\/wp-content\/uploads\/2026\/02\/AMB_InsectsCricketsAmbience_02_SDLX.wav<\/a><\/audio>\n<p data-path-to-node=\"3\">Erleben Sie eine einzigartige Kombination aus modernem Design und purer Entspannung mit der <b data-path-to-node=\"3\" data-index-in-node=\"74\">Sound Box Round with Nature Sounds (10cm<\/b>). Dieses elegante Modell der Marke Melodiez ist ein subtiler Blickfang, der sofort eine beruhigende Atmosph\u00e4re in Ihr Interieur bringt. Ganz gleich, ob Sie sich f\u00fcr eine warme Holzoptik oder eine robuste Steinoptik entscheiden, diese Box passt m\u00fchelos in jeden Raum in Ihrem Zuhause, wie die Toilette, den Flur oder das Badezimmer.<\/p>\n<p data-path-to-node=\"4\">Die Melodiez Nature Box verf\u00fcgt \u00fcber einen intelligenten Bewegungssensor, der die Kl\u00e4nge automatisch aktiviert, sobald Sie den Raum betreten. Mit der intuitiven Ber\u00fchrungstaste auf der Vorderseite k\u00f6nnen Sie ganz einfach zwischen den vier verf\u00fcgbaren Naturger\u00e4uschen wechseln: zwei verschiedene Vogelstimmen, das beruhigende Rauschen des Meeres oder die geheimnisvollen Kl\u00e4nge des Dschungels. Au\u00dferdem k\u00f6nnen Sie die Wiedergabedauer je nach Wunsch auf 40, 80 oder 120 Sekunden einstellen. Dank seiner kompakten Gr\u00f6\u00dfe und des mitgelieferten Aufh\u00e4ngungssystems ist die Installation ein Kinderspiel.<\/p>\n<p data-path-to-node=\"5\"><b data-path-to-node=\"5\" data-index-in-node=\"0\">Sie haben die Wahl zwischen drei raffinierten Ausf\u00fchrungen:<\/b><\/p>\n<ul data-path-to-node=\"6\">\n<li>\n<p data-path-to-node=\"6,0,0\"><b data-path-to-node=\"6,0,0\" data-index-in-node=\"0\">Helles Holz:<\/b> F\u00fcr einen frischen, nat\u00fcrlichen Look.<\/p>\n<\/li>\n<li>\n<p data-path-to-node=\"6,1,0\"><b data-path-to-node=\"6,1,0\" data-index-in-node=\"0\">Dunkles Holz:<\/b> F\u00fcr einen warmen und stimmungsvollen Touch.<\/p>\n<\/li>\n<li>\n<p data-path-to-node=\"6,2,0\"><b data-path-to-node=\"6,2,0\" data-index-in-node=\"0\">Naturstein:<\/b> F\u00fcr einen luxuri\u00f6sen und zeitlosen Akzent.<\/p>\n<\/li>\n<\/ul>\n<p data-path-to-node=\"7\"><b data-path-to-node=\"7\" data-index-in-node=\"0\">Wichtige Merkmale:<\/b><\/p>\n<ul data-path-to-node=\"8\">\n<li>In sch\u00f6ner Geschenkbox<\/li>\n<li>\n<p data-path-to-node=\"8,0,0\"><b data-path-to-node=\"8,0,0\" data-index-in-node=\"0\">Design:<\/b> Kompaktes rundes Modell von 10 cm.<\/p>\n<\/li>\n<li>\n<p data-path-to-node=\"8,1,0\"><b data-path-to-node=\"8,1,0\" data-index-in-node=\"0\">Bedienung:<\/b> Ber\u00fchrungstaste f\u00fcr Lautst\u00e4rke, Tonauswahl und Dauer.<\/p>\n<\/li>\n<li>\n<p data-path-to-node=\"8,2,0\"><b data-path-to-node=\"8,2,0\" data-index-in-node=\"0\">Sensor:<\/b> Automatische Aktivierung bei Bewegung.<\/p>\n<\/li>\n<li>\n<p data-path-to-node=\"8,3,0\"><b data-path-to-node=\"8,3,0\" data-index-in-node=\"0\">Ger\u00e4usche:<\/b> 4 Variationen, darunter V\u00f6gel, Meer und Dschungel.<\/p>\n<\/li>\n<li>\n<p data-path-to-node=\"8,4,0\"><b data-path-to-node=\"8,4,0\" data-index-in-node=\"0\">Installation:<\/b> Inklusive Aufh\u00e4ngesystem und 3 AAA-Batterien.<\/p>\n<\/li>\n<\/ul>\n","protected":false},"excerpt":{"rendered":"<p data-path-to-node=\"10\">Diese runde Melodiez Nature Box kombiniert ein elegantes Design mit beruhigenden Naturger\u00e4uschen, die \u00fcber einen Bewegungssensor aktiviert werden. Die kompakte Box ist in den Ausf\u00fchrungen dunkles Holz, helles Holz und Naturstein erh\u00e4ltlich und verf\u00fcgt \u00fcber eine praktische Touch-Taste zur Steuerung von Lautst\u00e4rke und Wiedergabezeit. Das Produkt wird komplett mit einem Aufh\u00e4ngesystem und Batterien geliefert, so dass Sie sofort eine ruhige Atmosph\u00e4re in Ihrem Zuhause genie\u00dfen k\u00f6nnen.<\/p>\n","protected":false},"featured_media":204648,"template":"","meta":{"_acf_changed":false,"_genesis_title":"","_genesis_description":""},"product_brand":[7535],"product_cat":[7536],"product_tag":[],"class_list":{"0":"post-204625","1":"product","2":"type-product","3":"status-publish","4":"has-post-thumbnail","6":"product_brand-melodiez","7":"product_cat-resonanzkorper","9":"first","10":"instock","11":"taxable","12":"shipping-taxable","13":"purchasable","14":"product-type-variable"},"acf":[],"meta_all":{"total_sales":"6","cor_restricted_countries":[],"wpseo_global_identifier_values":{"gtin8":"","gtin12":"","gtin13":"","gtin14":"","isbn":"","mpn":""}},"meta_all_flat":{"total_sales":"6","wpseo_global_identifier_values.gtin8":"","wpseo_global_identifier_values.gtin12":"","wpseo_global_identifier_values.gtin13":"","wpseo_global_identifier_values.gtin14":"","wpseo_global_identifier_values.isbn":"","wpseo_global_identifier_values.mpn":""},"yoast_head":"<!-- This site is optimized with the Yoast SEO Premium plugin v26.2 (Yoast SEO v27.2) - https:\/\/yoast.com\/product\/yoast-seo-premium-wordpress\/ -->\n<title>Melodiez Klangkasten rund mit Naturger\u00e4uschen 10cm - Eliassen.nl<\/title>\n<meta name=\"description\" content=\"Runder Melodiez-Klangk\u00f6rper (10cm) mit Sensor. W\u00e4hlen Sie zwischen dunklem Holz, hellem Holz oder Naturstein. Inklusive Batterien und Aufh\u00e4ngungssystem. Bestellen Sie direkt bei Eliassen!\" \/>\n<meta name=\"robots\" content=\"index, follow, max-snippet:-1, max-image-preview:large, max-video-preview:-1\" \/>\n<link rel=\"canonical\" href=\"https:\/\/www.eliassen.nl\/de\/klangkasten-haus-mit-naturgerauschen-deluxe-forest-15cm-kopie\/\" \/>\n<meta property=\"og:locale\" content=\"de_DE\" \/>\n<meta property=\"og:type\" content=\"article\" \/>\n<meta property=\"og:title\" content=\"Melodiez Klangkasten rund mit Naturger\u00e4uschen 10cm - Eliassen.nl\" \/>\n<meta property=\"og:description\" content=\"Runder Melodiez-Klangk\u00f6rper (10cm) mit Sensor. W\u00e4hlen Sie zwischen dunklem Holz, hellem Holz oder Naturstein. Inklusive Batterien und Aufh\u00e4ngungssystem. Bestellen Sie direkt bei Eliassen!\" \/>\n<meta property=\"og:url\" content=\"https:\/\/www.eliassen.nl\/de\/klangkasten-haus-mit-naturgerauschen-deluxe-forest-15cm-kopie\/\" \/>\n<meta property=\"og:site_name\" content=\"Eliassen.nl\" \/>\n<meta property=\"article:publisher\" content=\"https:\/\/www.facebook.com\/TuincentrumEliassenAmmerzoden\" \/>\n<meta property=\"article:modified_time\" content=\"2026-02-23T08:22:29+00:00\" \/>\n<meta property=\"og:image\" content=\"https:\/\/www.eliassen.nl\/wp-content\/uploads\/2026\/01\/Geluidsdoos-rond-met-Natuurgeluiden-10cm-eliassen.nl--1024x764.png\" \/>\n\t<meta property=\"og:image:width\" content=\"1024\" \/>\n\t<meta property=\"og:image:height\" content=\"764\" \/>\n\t<meta property=\"og:image:type\" content=\"image\/png\" \/>\n<meta name=\"twitter:card\" content=\"summary_large_image\" \/>\n<script type=\"application\/ld+json\" class=\"yoast-schema-graph\">{\"@context\":\"https:\/\/schema.org\",\"@graph\":[{\"@type\":\"WebPage\",\"@id\":\"https:\/\/www.eliassen.nl\/de\/klangkasten-haus-mit-naturgerauschen-deluxe-forest-15cm-kopie\/\",\"url\":\"https:\/\/www.eliassen.nl\/de\/klangkasten-haus-mit-naturgerauschen-deluxe-forest-15cm-kopie\/\",\"name\":\"Melodiez Klangkasten rund mit Naturger\u00e4uschen 10cm - Eliassen.nl\",\"isPartOf\":{\"@id\":\"https:\/\/www.eliassen.nl\/de\/#website\"},\"primaryImageOfPage\":{\"@id\":\"https:\/\/www.eliassen.nl\/de\/klangkasten-haus-mit-naturgerauschen-deluxe-forest-15cm-kopie\/#primaryimage\"},\"image\":{\"@id\":\"https:\/\/www.eliassen.nl\/de\/klangkasten-haus-mit-naturgerauschen-deluxe-forest-15cm-kopie\/#primaryimage\"},\"thumbnailUrl\":\"https:\/\/www.eliassen.nl\/wp-content\/uploads\/2026\/01\/Geluidsdoos-rond-met-Natuurgeluiden-10cm-eliassen.nl-.png\",\"datePublished\":\"2026-01-23T14:04:32+00:00\",\"dateModified\":\"2026-02-23T08:22:29+00:00\",\"description\":\"Runder Melodiez-Klangk\u00f6rper (10cm) mit Sensor. W\u00e4hlen Sie zwischen dunklem Holz, hellem Holz oder Naturstein. Inklusive Batterien und Aufh\u00e4ngungssystem. Bestellen Sie direkt bei Eliassen!\",\"breadcrumb\":{\"@id\":\"https:\/\/www.eliassen.nl\/de\/klangkasten-haus-mit-naturgerauschen-deluxe-forest-15cm-kopie\/#breadcrumb\"},\"inLanguage\":\"de\",\"potentialAction\":[{\"@type\":\"ReadAction\",\"target\":[\"https:\/\/www.eliassen.nl\/de\/klangkasten-haus-mit-naturgerauschen-deluxe-forest-15cm-kopie\/\"]}]},{\"@type\":\"ImageObject\",\"inLanguage\":\"de\",\"@id\":\"https:\/\/www.eliassen.nl\/de\/klangkasten-haus-mit-naturgerauschen-deluxe-forest-15cm-kopie\/#primaryimage\",\"url\":\"https:\/\/www.eliassen.nl\/wp-content\/uploads\/2026\/01\/Geluidsdoos-rond-met-Natuurgeluiden-10cm-eliassen.nl-.png\",\"contentUrl\":\"https:\/\/www.eliassen.nl\/wp-content\/uploads\/2026\/01\/Geluidsdoos-rond-met-Natuurgeluiden-10cm-eliassen.nl-.png\",\"width\":1702,\"height\":1270,\"caption\":\"Klangkasten rund mit Naturger\u00e4uschen 10cm eliassen.nl\"},{\"@type\":\"BreadcrumbList\",\"@id\":\"https:\/\/www.eliassen.nl\/de\/klangkasten-haus-mit-naturgerauschen-deluxe-forest-15cm-kopie\/#breadcrumb\",\"itemListElement\":[{\"@type\":\"ListItem\",\"position\":1,\"name\":\"Home\",\"item\":\"https:\/\/www.eliassen.nl\/de\/\"},{\"@type\":\"ListItem\",\"position\":2,\"name\":\"Shop\",\"item\":\"https:\/\/www.eliassen.nl\/de\/shop\/\"},{\"@type\":\"ListItem\",\"position\":3,\"name\":\"Weitere Artikel\",\"item\":\"https:\/\/www.eliassen.nl\/de\/weitere-artikel\/\"},{\"@type\":\"ListItem\",\"position\":4,\"name\":\"Resonanzk\u00f6rper\",\"item\":\"https:\/\/www.eliassen.nl\/de\/resonanzkorper\/\"},{\"@type\":\"ListItem\",\"position\":5,\"name\":\"Klangkasten rund mit Naturger\u00e4uschen 10cm\"}]},{\"@type\":\"WebSite\",\"@id\":\"https:\/\/www.eliassen.nl\/de\/#website\",\"url\":\"https:\/\/www.eliassen.nl\/de\/\",\"name\":\"Eliassen Home & Garden Pleasure\",\"description\":\"\",\"publisher\":{\"@id\":\"https:\/\/www.eliassen.nl\/de\/#organization\"},\"alternateName\":\"Eliassen.nl\",\"potentialAction\":[{\"@type\":\"SearchAction\",\"target\":{\"@type\":\"EntryPoint\",\"urlTemplate\":\"https:\/\/www.eliassen.nl\/de\/?s={search_term_string}\"},\"query-input\":{\"@type\":\"PropertyValueSpecification\",\"valueRequired\":true,\"valueName\":\"search_term_string\"}}],\"inLanguage\":\"de\"},{\"@type\":[\"Organization\",\"Place\"],\"@id\":\"https:\/\/www.eliassen.nl\/de\/#organization\",\"name\":\"Eliassen Home & Garden Pleasure\",\"url\":\"https:\/\/www.eliassen.nl\/de\/\",\"logo\":{\"@id\":\"https:\/\/www.eliassen.nl\/de\/klangkasten-haus-mit-naturgerauschen-deluxe-forest-15cm-kopie\/#local-main-organization-logo\"},\"image\":{\"@id\":\"https:\/\/www.eliassen.nl\/de\/klangkasten-haus-mit-naturgerauschen-deluxe-forest-15cm-kopie\/#local-main-organization-logo\"},\"sameAs\":[\"https:\/\/www.facebook.com\/TuincentrumEliassenAmmerzoden\",\"https:\/\/www.instagram.com\/eliassenhomeandgarden\/\",\"https:\/\/nl.pinterest.com\/eliassenhomeandgarden\/\",\"https:\/\/www.youtube.com\/@eliassenhomegardenpleasure4558\"],\"telephone\":[],\"openingHoursSpecification\":[{\"@type\":\"OpeningHoursSpecification\",\"dayOfWeek\":[\"Monday\",\"Tuesday\",\"Wednesday\",\"Thursday\",\"Friday\",\"Saturday\",\"Sunday\"],\"opens\":\"09:00\",\"closes\":\"17:00\"}]},{\"@type\":\"ImageObject\",\"inLanguage\":\"de\",\"@id\":\"https:\/\/www.eliassen.nl\/de\/klangkasten-haus-mit-naturgerauschen-deluxe-forest-15cm-kopie\/#local-main-organization-logo\",\"url\":\"https:\/\/www.eliassen.nl\/wp-content\/uploads\/2024\/01\/logo_4nd.jpg\",\"contentUrl\":\"https:\/\/www.eliassen.nl\/wp-content\/uploads\/2024\/01\/logo_4nd.jpg\",\"width\":500,\"height\":500,\"caption\":\"Eliassen Home & Garden Pleasure\"}]}<\/script>\n<meta property=\"og:availability\" content=\"instock\" \/>\n<meta property=\"product:availability\" content=\"instock\" \/>\n<meta property=\"product:retailer_item_id\" content=\"8720938685309\" \/>\n<meta property=\"product:condition\" content=\"new\" \/>\n<!-- \/ Yoast SEO Premium plugin. -->","yoast_head_json":{"title":"Melodiez Klangkasten rund mit Naturger\u00e4uschen 10cm - Eliassen.nl","description":"Runder Melodiez-Klangk\u00f6rper (10cm) mit Sensor. W\u00e4hlen Sie zwischen dunklem Holz, hellem Holz oder Naturstein. Inklusive Batterien und Aufh\u00e4ngungssystem. Bestellen Sie direkt bei Eliassen!","robots":{"index":"index","follow":"follow","max-snippet":"max-snippet:-1","max-image-preview":"max-image-preview:large","max-video-preview":"max-video-preview:-1"},"canonical":"https:\/\/www.eliassen.nl\/de\/klangkasten-haus-mit-naturgerauschen-deluxe-forest-15cm-kopie\/","og_locale":"de_DE","og_type":"article","og_title":"Melodiez Klangkasten rund mit Naturger\u00e4uschen 10cm - Eliassen.nl","og_description":"Runder Melodiez-Klangk\u00f6rper (10cm) mit Sensor. W\u00e4hlen Sie zwischen dunklem Holz, hellem Holz oder Naturstein. Inklusive Batterien und Aufh\u00e4ngungssystem. Bestellen Sie direkt bei Eliassen!","og_url":"https:\/\/www.eliassen.nl\/de\/klangkasten-haus-mit-naturgerauschen-deluxe-forest-15cm-kopie\/","og_site_name":"Eliassen.nl","article_publisher":"https:\/\/www.facebook.com\/TuincentrumEliassenAmmerzoden","article_modified_time":"2026-02-23T08:22:29+00:00","og_image":[{"width":1024,"height":764,"url":"https:\/\/www.eliassen.nl\/wp-content\/uploads\/2026\/01\/Geluidsdoos-rond-met-Natuurgeluiden-10cm-eliassen.nl--1024x764.png","type":"image\/png"}],"twitter_card":"summary_large_image","schema":{"@context":"https:\/\/schema.org","@graph":[{"@type":"WebPage","@id":"https:\/\/www.eliassen.nl\/de\/klangkasten-haus-mit-naturgerauschen-deluxe-forest-15cm-kopie\/","url":"https:\/\/www.eliassen.nl\/de\/klangkasten-haus-mit-naturgerauschen-deluxe-forest-15cm-kopie\/","name":"Melodiez Klangkasten rund mit Naturger\u00e4uschen 10cm - Eliassen.nl","isPartOf":{"@id":"https:\/\/www.eliassen.nl\/de\/#website"},"primaryImageOfPage":{"@id":"https:\/\/www.eliassen.nl\/de\/klangkasten-haus-mit-naturgerauschen-deluxe-forest-15cm-kopie\/#primaryimage"},"image":{"@id":"https:\/\/www.eliassen.nl\/de\/klangkasten-haus-mit-naturgerauschen-deluxe-forest-15cm-kopie\/#primaryimage"},"thumbnailUrl":"https:\/\/www.eliassen.nl\/wp-content\/uploads\/2026\/01\/Geluidsdoos-rond-met-Natuurgeluiden-10cm-eliassen.nl-.png","datePublished":"2026-01-23T14:04:32+00:00","dateModified":"2026-02-23T08:22:29+00:00","description":"Runder Melodiez-Klangk\u00f6rper (10cm) mit Sensor. W\u00e4hlen Sie zwischen dunklem Holz, hellem Holz oder Naturstein. Inklusive Batterien und Aufh\u00e4ngungssystem. Bestellen Sie direkt bei Eliassen!","breadcrumb":{"@id":"https:\/\/www.eliassen.nl\/de\/klangkasten-haus-mit-naturgerauschen-deluxe-forest-15cm-kopie\/#breadcrumb"},"inLanguage":"de","potentialAction":[{"@type":"ReadAction","target":["https:\/\/www.eliassen.nl\/de\/klangkasten-haus-mit-naturgerauschen-deluxe-forest-15cm-kopie\/"]}]},{"@type":"ImageObject","inLanguage":"de","@id":"https:\/\/www.eliassen.nl\/de\/klangkasten-haus-mit-naturgerauschen-deluxe-forest-15cm-kopie\/#primaryimage","url":"https:\/\/www.eliassen.nl\/wp-content\/uploads\/2026\/01\/Geluidsdoos-rond-met-Natuurgeluiden-10cm-eliassen.nl-.png","contentUrl":"https:\/\/www.eliassen.nl\/wp-content\/uploads\/2026\/01\/Geluidsdoos-rond-met-Natuurgeluiden-10cm-eliassen.nl-.png","width":1702,"height":1270,"caption":"Klangkasten rund mit Naturger\u00e4uschen 10cm eliassen.nl"},{"@type":"BreadcrumbList","@id":"https:\/\/www.eliassen.nl\/de\/klangkasten-haus-mit-naturgerauschen-deluxe-forest-15cm-kopie\/#breadcrumb","itemListElement":[{"@type":"ListItem","position":1,"name":"Home","item":"https:\/\/www.eliassen.nl\/de\/"},{"@type":"ListItem","position":2,"name":"Shop","item":"https:\/\/www.eliassen.nl\/de\/shop\/"},{"@type":"ListItem","position":3,"name":"Weitere Artikel","item":"https:\/\/www.eliassen.nl\/de\/weitere-artikel\/"},{"@type":"ListItem","position":4,"name":"Resonanzk\u00f6rper","item":"https:\/\/www.eliassen.nl\/de\/resonanzkorper\/"},{"@type":"ListItem","position":5,"name":"Klangkasten rund mit Naturger\u00e4uschen 10cm"}]},{"@type":"WebSite","@id":"https:\/\/www.eliassen.nl\/de\/#website","url":"https:\/\/www.eliassen.nl\/de\/","name":"Eliassen Home & Garden Pleasure","description":"","publisher":{"@id":"https:\/\/www.eliassen.nl\/de\/#organization"},"alternateName":"Eliassen.nl","potentialAction":[{"@type":"SearchAction","target":{"@type":"EntryPoint","urlTemplate":"https:\/\/www.eliassen.nl\/de\/?s={search_term_string}"},"query-input":{"@type":"PropertyValueSpecification","valueRequired":true,"valueName":"search_term_string"}}],"inLanguage":"de"},{"@type":["Organization","Place"],"@id":"https:\/\/www.eliassen.nl\/de\/#organization","name":"Eliassen Home & Garden Pleasure","url":"https:\/\/www.eliassen.nl\/de\/","logo":{"@id":"https:\/\/www.eliassen.nl\/de\/klangkasten-haus-mit-naturgerauschen-deluxe-forest-15cm-kopie\/#local-main-organization-logo"},"image":{"@id":"https:\/\/www.eliassen.nl\/de\/klangkasten-haus-mit-naturgerauschen-deluxe-forest-15cm-kopie\/#local-main-organization-logo"},"sameAs":["https:\/\/www.facebook.com\/TuincentrumEliassenAmmerzoden","https:\/\/www.instagram.com\/eliassenhomeandgarden\/","https:\/\/nl.pinterest.com\/eliassenhomeandgarden\/","https:\/\/www.youtube.com\/@eliassenhomegardenpleasure4558"],"telephone":[],"openingHoursSpecification":[{"@type":"OpeningHoursSpecification","dayOfWeek":["Monday","Tuesday","Wednesday","Thursday","Friday","Saturday","Sunday"],"opens":"09:00","closes":"17:00"}]},{"@type":"ImageObject","inLanguage":"de","@id":"https:\/\/www.eliassen.nl\/de\/klangkasten-haus-mit-naturgerauschen-deluxe-forest-15cm-kopie\/#local-main-organization-logo","url":"https:\/\/www.eliassen.nl\/wp-content\/uploads\/2024\/01\/logo_4nd.jpg","contentUrl":"https:\/\/www.eliassen.nl\/wp-content\/uploads\/2024\/01\/logo_4nd.jpg","width":500,"height":500,"caption":"Eliassen Home & Garden Pleasure"}]},"og_availability":"instock","product_availability":"instock","product_retailer_item_id":"8720938685309","product_condition":"new"},"df_price":29.5,"df_sale_price":"","df_regular_price":29.5,"df_image_link":"https:\/\/www.eliassen.nl\/wp-content\/uploads\/2026\/01\/Geluidsdoos-rond-met-Natuurgeluiden-10cm-eliassen.nl--300x224.png","image":"https:\/\/www.eliassen.nl\/wp-content\/uploads\/2026\/01\/Geluidsdoos-rond-met-Natuurgeluiden-10cm-eliassen.nl--150x150.png","price_search":"<span class=\"woocommerce-Price-amount amount\"><bdi><span class=\"woocommerce-Price-currencySymbol\">&euro;<\/span>&nbsp;29,50<\/bdi><\/span>","category":"Resonanzk\u00f6rper","global_unique_id":"8720938685309","_links":{"self":[{"href":"https:\/\/www.eliassen.nl\/de\/wp-json\/wp\/v2\/product\/204625","targetHints":{"allow":["GET"]}}],"collection":[{"href":"https:\/\/www.eliassen.nl\/de\/wp-json\/wp\/v2\/product"}],"about":[{"href":"https:\/\/www.eliassen.nl\/de\/wp-json\/wp\/v2\/types\/product"}],"wp:featuredmedia":[{"embeddable":true,"href":"https:\/\/www.eliassen.nl\/de\/wp-json\/wp\/v2\/media\/204648"}],"wp:attachment":[{"href":"https:\/\/www.eliassen.nl\/de\/wp-json\/wp\/v2\/media?parent=204625"}],"wp:term":[{"taxonomy":"product_brand","embeddable":true,"href":"https:\/\/www.eliassen.nl\/de\/wp-json\/wp\/v2\/product_brand?post=204625"},{"taxonomy":"product_cat","embeddable":true,"href":"https:\/\/www.eliassen.nl\/de\/wp-json\/wp\/v2\/product_cat?post=204625"},{"taxonomy":"product_tag","embeddable":true,"href":"https:\/\/www.eliassen.nl\/de\/wp-json\/wp\/v2\/product_tag?post=204625"}],"curies":[{"name":"wp","href":"https:\/\/api.w.org\/{rel}","templated":true}]}}