{"id":204595,"date":"2026-01-23T14:51:41","date_gmt":"2026-01-23T13:51:41","guid":{"rendered":"https:\/\/www.eliassen.nl\/?post_type=product&#038;p=204595"},"modified":"2026-02-03T16:46:09","modified_gmt":"2026-02-03T15:46:09","slug":"klangkasten-haus-mit-naturgerauschen-deluxe-eiche-15cm-kopie","status":"publish","type":"product","link":"https:\/\/www.eliassen.nl\/de\/klangkasten-haus-mit-naturgerauschen-deluxe-eiche-15cm-kopie\/","title":{"rendered":"Klangkasten Haus mit Naturger\u00e4uschen Deluxe Forest 15cm"},"content":{"rendered":"<p data-path-to-node=\"3\"><a href=\"https:\/\/www.eliassen.nl\/wp-content\/uploads\/2026\/02\/Dauzkobza-Natural-Woodland-Forest-Water-Stream-Nightingale-Birds-Chirping-Singing-.aac\">Dauzkobza &#8211; Natural Woodland &#8211; Wald Wasser Bach Nachtigall V\u00f6gel zwitschern Gesang<\/a> <a href=\"https:\/\/www.eliassen.nl\/wp-content\/uploads\/2026\/02\/Articulated-Sounds-Tropical-Ambiences-Rainforest-Morning-Rousing-Flocks-of-Birds-in-The-Canopy.aac\">Artikulierte Kl\u00e4nge &#8211; Tropisches Ambiente &#8211; Regenwald Morgenstimmung Vogelschw\u00e4rme in den Baumkronen<\/a><\/p>\n<audio class=\"wp-audio-shortcode\" id=\"audio-204595-1\" preload=\"none\" style=\"width: 100%;\" controls=\"controls\"><source type=\"audio\/wav\" src=\"https:\/\/www.eliassen.nl\/wp-content\/uploads\/2026\/02\/AMB_InsectsCricketsAmbience_02_SDLX.wav?_=1\" \/><a href=\"https:\/\/www.eliassen.nl\/wp-content\/uploads\/2026\/02\/AMB_InsectsCricketsAmbience_02_SDLX.wav\">https:\/\/www.eliassen.nl\/wp-content\/uploads\/2026\/02\/AMB_InsectsCricketsAmbience_02_SDLX.wav<\/a><\/audio>\n<p data-path-to-node=\"3\">Holen Sie sich die Ruhe und Frische der Natur direkt in Ihr Zuhause mit dieser <b data-path-to-node=\"3\" data-index-in-node=\"62\">Sound Box &#8218;Cottage&#8216; Deluxe mit Waldaufdruck<\/b>. Dieses Modell der Marke Melodiez zeigt ein wundersch\u00f6nes, lebendiges Bild eines gr\u00fcnen Waldes, in dem die Sonnenstrahlen stimmungsvoll durch die B\u00e4ume scheinen. Das aus hochwertigem Kunststoff gefertigte Haus ist ein einzigartiges Dekorationsst\u00fcck, das nicht nur visuell, sondern auch klanglich f\u00fcr Entspannung sorgt.<\/p>\n<p data-path-to-node=\"4\">Das Cottage ist mit einem empfindlichen Bewegungssensor ausgestattet. Sobald Sie sich n\u00e4hern, spielt er automatisch eines von f\u00fcnf beruhigenden Naturger\u00e4uschen ab. Sie haben die Wahl zwischen den geheimnisvollen Kl\u00e4ngen des Dschungels, fr\u00f6hlichem Gezwitscher, zwei verschiedenen Vogelstimmen oder dem Rauschen des Meeres. Mit den seitlichen Tasten k\u00f6nnen Sie ganz einfach die Lautst\u00e4rke regeln und die Wiedergabedauer auf 40, 80 oder 120 Sekunden einstellen. Dank seiner handlichen Gr\u00f6\u00dfe von 15 cm und dem kabellosen Batteriebetrieb (im Lieferumfang enthalten) k\u00f6nnen Sie dieses H\u00e4uschen problemlos auf der Toilette, im Badezimmer oder im Flur platzieren.<\/p>\n<p data-path-to-node=\"5\"><b data-path-to-node=\"5\" data-index-in-node=\"0\">Wichtige Merkmale:<\/b><\/p>\n<ul data-path-to-node=\"6\">\n<li>In sch\u00f6ner Geschenkbox<\/li>\n<li>\n<p data-path-to-node=\"6,0,0\"><b data-path-to-node=\"6,0,0\" data-index-in-node=\"0\">Material:<\/b> hochwertiger Kunststoff.<\/p>\n<\/li>\n<li>\n<p data-path-to-node=\"6,1,0\"><b data-path-to-node=\"6,1,0\" data-index-in-node=\"0\">Design:<\/b> Kleines Haus mit einem Aufdruck eines sonnen\u00fcberfluteten Waldes.<\/p>\n<\/li>\n<li>\n<p data-path-to-node=\"6,2,0\"><b data-path-to-node=\"6,2,0\" data-index-in-node=\"0\">Gr\u00f6\u00dfe:<\/b> 15 cm hoch.<\/p>\n<\/li>\n<li>\n<p data-path-to-node=\"6,3,0\"><b data-path-to-node=\"6,3,0\" data-index-in-node=\"0\">Ger\u00e4usche:<\/b> 5 Naturger\u00e4usche (Dschungel, Zwitschern, 2x V\u00f6gel, Meer).<\/p>\n<\/li>\n<li>\n<p data-path-to-node=\"6,4,0\"><b data-path-to-node=\"6,4,0\" data-index-in-node=\"0\">Funktionalit\u00e4t:<\/b> Bewegungssensor und einstellbare Wiedergabedauer (40s, 80s, 120s).<\/p>\n<\/li>\n<li>\n<p data-path-to-node=\"6,5,0\"><b data-path-to-node=\"6,5,0\" data-index-in-node=\"0\">Enth\u00e4lt:<\/b> Wird komplett mit Batterien geliefert.<\/p>\n<\/li>\n<\/ul>\n","protected":false},"excerpt":{"rendered":"<p data-path-to-node=\"8\">Diese entspannende Soundbox in Form eines Hauses ist mit einem Aufdruck eines sonnigen Waldes verziert und spielt Naturger\u00e4usche, sobald der Bewegungssensor aktiviert wird. Sie haben die Wahl zwischen f\u00fcnf Kl\u00e4ngen, z.B. Vogelgezwitscher oder Meeresrauschen, und k\u00f6nnen die Wiedergabedauer von 40 bis 120 Sekunden einstellen. Das 15 cm hohe Modell ist batteriebetrieben, so dass Sie es \u00fcberall in Ihrer Einrichtung aufstellen k\u00f6nnen.<\/p>\n","protected":false},"featured_media":204623,"template":"","meta":{"_acf_changed":false,"_genesis_title":"","_genesis_description":""},"product_brand":[7535],"product_cat":[7536],"product_tag":[],"class_list":{"0":"post-204595","1":"product","2":"type-product","3":"status-publish","4":"has-post-thumbnail","6":"product_brand-melodiez","7":"product_cat-resonanzkorper","9":"first","10":"instock","11":"taxable","12":"shipping-taxable","13":"purchasable","14":"product-type-simple"},"acf":[],"meta_all":{"total_sales":"1","cor_restricted_countries":[],"wpseo_global_identifier_values":{"gtin8":"","gtin12":"","gtin13":"","gtin14":"","isbn":"","mpn":""}},"meta_all_flat":{"total_sales":"1","wpseo_global_identifier_values.gtin8":"","wpseo_global_identifier_values.gtin12":"","wpseo_global_identifier_values.gtin13":"","wpseo_global_identifier_values.gtin14":"","wpseo_global_identifier_values.isbn":"","wpseo_global_identifier_values.mpn":""},"yoast_head":"<!-- This site is optimized with the Yoast SEO Premium plugin v26.2 (Yoast SEO v27.2) - https:\/\/yoast.com\/product\/yoast-seo-premium-wordpress\/ -->\n<title>Melodiez Klangkasten Haus mit Naturger\u00e4uschen Deluxe Forest 15cm - Eliassen.nl<\/title>\n<meta name=\"description\" content=\"Melodiez Soundbox &#039;Forest&#039; (15cm) mit Bewegungssensor. Genie\u00dfen Sie 5 Naturger\u00e4usche in einem gr\u00fcnen Ambiente. Inklusive Batterien. Jetzt online bestellen!\" \/>\n<meta name=\"robots\" content=\"index, follow, max-snippet:-1, max-image-preview:large, max-video-preview:-1\" \/>\n<link rel=\"canonical\" href=\"https:\/\/www.eliassen.nl\/de\/klangkasten-haus-mit-naturgerauschen-deluxe-eiche-15cm-kopie\/\" \/>\n<meta property=\"og:locale\" content=\"de_DE\" \/>\n<meta property=\"og:type\" content=\"article\" \/>\n<meta property=\"og:title\" content=\"Melodiez Klangkasten Haus mit Naturger\u00e4uschen Deluxe Forest 15cm - Eliassen.nl\" \/>\n<meta property=\"og:description\" content=\"Melodiez Soundbox &#039;Forest&#039; (15cm) mit Bewegungssensor. Genie\u00dfen Sie 5 Naturger\u00e4usche in einem gr\u00fcnen Ambiente. Inklusive Batterien. Jetzt online bestellen!\" \/>\n<meta property=\"og:url\" content=\"https:\/\/www.eliassen.nl\/de\/klangkasten-haus-mit-naturgerauschen-deluxe-eiche-15cm-kopie\/\" \/>\n<meta property=\"og:site_name\" content=\"Eliassen.nl\" \/>\n<meta property=\"article:publisher\" content=\"https:\/\/www.facebook.com\/TuincentrumEliassenAmmerzoden\" \/>\n<meta property=\"article:modified_time\" content=\"2026-02-03T15:46:09+00:00\" \/>\n<meta property=\"og:image\" content=\"https:\/\/www.eliassen.nl\/wp-content\/uploads\/2026\/01\/Geluidsdoos-huisje-met-Natuurgeluiden-Deluxe-Bos-15cm-eliassen.nl-1.jpg\" \/>\n\t<meta property=\"og:image:width\" content=\"768\" \/>\n\t<meta property=\"og:image:height\" content=\"768\" \/>\n\t<meta property=\"og:image:type\" content=\"image\/jpeg\" \/>\n<meta name=\"twitter:card\" content=\"summary_large_image\" \/>\n<script type=\"application\/ld+json\" class=\"yoast-schema-graph\">{\"@context\":\"https:\/\/schema.org\",\"@graph\":[{\"@type\":\"WebPage\",\"@id\":\"https:\/\/www.eliassen.nl\/de\/klangkasten-haus-mit-naturgerauschen-deluxe-eiche-15cm-kopie\/\",\"url\":\"https:\/\/www.eliassen.nl\/de\/klangkasten-haus-mit-naturgerauschen-deluxe-eiche-15cm-kopie\/\",\"name\":\"Melodiez Klangkasten Haus mit Naturger\u00e4uschen Deluxe Forest 15cm - Eliassen.nl\",\"isPartOf\":{\"@id\":\"https:\/\/www.eliassen.nl\/de\/#website\"},\"primaryImageOfPage\":{\"@id\":\"https:\/\/www.eliassen.nl\/de\/klangkasten-haus-mit-naturgerauschen-deluxe-eiche-15cm-kopie\/#primaryimage\"},\"image\":{\"@id\":\"https:\/\/www.eliassen.nl\/de\/klangkasten-haus-mit-naturgerauschen-deluxe-eiche-15cm-kopie\/#primaryimage\"},\"thumbnailUrl\":\"https:\/\/www.eliassen.nl\/wp-content\/uploads\/2026\/01\/Geluidsdoos-huisje-met-Natuurgeluiden-Deluxe-Bos-15cm-eliassen.nl-1.jpg\",\"datePublished\":\"2026-01-23T13:51:41+00:00\",\"dateModified\":\"2026-02-03T15:46:09+00:00\",\"description\":\"Melodiez Soundbox 'Forest' (15cm) mit Bewegungssensor. Genie\u00dfen Sie 5 Naturger\u00e4usche in einem gr\u00fcnen Ambiente. Inklusive Batterien. Jetzt online bestellen!\",\"breadcrumb\":{\"@id\":\"https:\/\/www.eliassen.nl\/de\/klangkasten-haus-mit-naturgerauschen-deluxe-eiche-15cm-kopie\/#breadcrumb\"},\"inLanguage\":\"de\",\"potentialAction\":[{\"@type\":\"ReadAction\",\"target\":[\"https:\/\/www.eliassen.nl\/de\/klangkasten-haus-mit-naturgerauschen-deluxe-eiche-15cm-kopie\/\"]}]},{\"@type\":\"ImageObject\",\"inLanguage\":\"de\",\"@id\":\"https:\/\/www.eliassen.nl\/de\/klangkasten-haus-mit-naturgerauschen-deluxe-eiche-15cm-kopie\/#primaryimage\",\"url\":\"https:\/\/www.eliassen.nl\/wp-content\/uploads\/2026\/01\/Geluidsdoos-huisje-met-Natuurgeluiden-Deluxe-Bos-15cm-eliassen.nl-1.jpg\",\"contentUrl\":\"https:\/\/www.eliassen.nl\/wp-content\/uploads\/2026\/01\/Geluidsdoos-huisje-met-Natuurgeluiden-Deluxe-Bos-15cm-eliassen.nl-1.jpg\",\"width\":768,\"height\":768,\"caption\":\"Klangkasten Haus mit Naturger\u00e4uschen Deluxe Wald 15cm eliassen.co.uk 8\"},{\"@type\":\"BreadcrumbList\",\"@id\":\"https:\/\/www.eliassen.nl\/de\/klangkasten-haus-mit-naturgerauschen-deluxe-eiche-15cm-kopie\/#breadcrumb\",\"itemListElement\":[{\"@type\":\"ListItem\",\"position\":1,\"name\":\"Home\",\"item\":\"https:\/\/www.eliassen.nl\/de\/\"},{\"@type\":\"ListItem\",\"position\":2,\"name\":\"Shop\",\"item\":\"https:\/\/www.eliassen.nl\/de\/shop\/\"},{\"@type\":\"ListItem\",\"position\":3,\"name\":\"Weitere Artikel\",\"item\":\"https:\/\/www.eliassen.nl\/de\/weitere-artikel\/\"},{\"@type\":\"ListItem\",\"position\":4,\"name\":\"Resonanzk\u00f6rper\",\"item\":\"https:\/\/www.eliassen.nl\/de\/resonanzkorper\/\"},{\"@type\":\"ListItem\",\"position\":5,\"name\":\"Klangkasten Haus mit Naturger\u00e4uschen Deluxe Forest 15cm\"}]},{\"@type\":\"WebSite\",\"@id\":\"https:\/\/www.eliassen.nl\/de\/#website\",\"url\":\"https:\/\/www.eliassen.nl\/de\/\",\"name\":\"Eliassen Home & Garden Pleasure\",\"description\":\"\",\"publisher\":{\"@id\":\"https:\/\/www.eliassen.nl\/de\/#organization\"},\"alternateName\":\"Eliassen.nl\",\"potentialAction\":[{\"@type\":\"SearchAction\",\"target\":{\"@type\":\"EntryPoint\",\"urlTemplate\":\"https:\/\/www.eliassen.nl\/de\/?s={search_term_string}\"},\"query-input\":{\"@type\":\"PropertyValueSpecification\",\"valueRequired\":true,\"valueName\":\"search_term_string\"}}],\"inLanguage\":\"de\"},{\"@type\":[\"Organization\",\"Place\"],\"@id\":\"https:\/\/www.eliassen.nl\/de\/#organization\",\"name\":\"Eliassen Home & Garden Pleasure\",\"url\":\"https:\/\/www.eliassen.nl\/de\/\",\"logo\":{\"@id\":\"https:\/\/www.eliassen.nl\/de\/klangkasten-haus-mit-naturgerauschen-deluxe-eiche-15cm-kopie\/#local-main-organization-logo\"},\"image\":{\"@id\":\"https:\/\/www.eliassen.nl\/de\/klangkasten-haus-mit-naturgerauschen-deluxe-eiche-15cm-kopie\/#local-main-organization-logo\"},\"sameAs\":[\"https:\/\/www.facebook.com\/TuincentrumEliassenAmmerzoden\",\"https:\/\/www.instagram.com\/eliassenhomeandgarden\/\",\"https:\/\/nl.pinterest.com\/eliassenhomeandgarden\/\",\"https:\/\/www.youtube.com\/@eliassenhomegardenpleasure4558\"],\"telephone\":[],\"openingHoursSpecification\":[{\"@type\":\"OpeningHoursSpecification\",\"dayOfWeek\":[\"Monday\",\"Tuesday\",\"Wednesday\",\"Thursday\",\"Friday\",\"Saturday\",\"Sunday\"],\"opens\":\"09:00\",\"closes\":\"17:00\"}]},{\"@type\":\"ImageObject\",\"inLanguage\":\"de\",\"@id\":\"https:\/\/www.eliassen.nl\/de\/klangkasten-haus-mit-naturgerauschen-deluxe-eiche-15cm-kopie\/#local-main-organization-logo\",\"url\":\"https:\/\/www.eliassen.nl\/wp-content\/uploads\/2024\/01\/logo_4nd.jpg\",\"contentUrl\":\"https:\/\/www.eliassen.nl\/wp-content\/uploads\/2024\/01\/logo_4nd.jpg\",\"width\":500,\"height\":500,\"caption\":\"Eliassen Home & Garden Pleasure\"}]}<\/script>\n<meta property=\"product:price:amount\" content=\"34.50\" \/>\n<meta property=\"product:price:currency\" content=\"EUR\" \/>\n<meta property=\"og:availability\" content=\"instock\" \/>\n<meta property=\"product:availability\" content=\"instock\" \/>\n<meta property=\"product:retailer_item_id\" content=\"8720938685408\" \/>\n<meta property=\"product:condition\" content=\"new\" \/>\n<!-- \/ Yoast SEO Premium plugin. -->","yoast_head_json":{"title":"Melodiez Klangkasten Haus mit Naturger\u00e4uschen Deluxe Forest 15cm - Eliassen.nl","description":"Melodiez Soundbox 'Forest' (15cm) mit Bewegungssensor. Genie\u00dfen Sie 5 Naturger\u00e4usche in einem gr\u00fcnen Ambiente. Inklusive Batterien. Jetzt online bestellen!","robots":{"index":"index","follow":"follow","max-snippet":"max-snippet:-1","max-image-preview":"max-image-preview:large","max-video-preview":"max-video-preview:-1"},"canonical":"https:\/\/www.eliassen.nl\/de\/klangkasten-haus-mit-naturgerauschen-deluxe-eiche-15cm-kopie\/","og_locale":"de_DE","og_type":"article","og_title":"Melodiez Klangkasten Haus mit Naturger\u00e4uschen Deluxe Forest 15cm - Eliassen.nl","og_description":"Melodiez Soundbox 'Forest' (15cm) mit Bewegungssensor. Genie\u00dfen Sie 5 Naturger\u00e4usche in einem gr\u00fcnen Ambiente. Inklusive Batterien. Jetzt online bestellen!","og_url":"https:\/\/www.eliassen.nl\/de\/klangkasten-haus-mit-naturgerauschen-deluxe-eiche-15cm-kopie\/","og_site_name":"Eliassen.nl","article_publisher":"https:\/\/www.facebook.com\/TuincentrumEliassenAmmerzoden","article_modified_time":"2026-02-03T15:46:09+00:00","og_image":[{"width":768,"height":768,"url":"https:\/\/www.eliassen.nl\/wp-content\/uploads\/2026\/01\/Geluidsdoos-huisje-met-Natuurgeluiden-Deluxe-Bos-15cm-eliassen.nl-1.jpg","type":"image\/jpeg"}],"twitter_card":"summary_large_image","schema":{"@context":"https:\/\/schema.org","@graph":[{"@type":"WebPage","@id":"https:\/\/www.eliassen.nl\/de\/klangkasten-haus-mit-naturgerauschen-deluxe-eiche-15cm-kopie\/","url":"https:\/\/www.eliassen.nl\/de\/klangkasten-haus-mit-naturgerauschen-deluxe-eiche-15cm-kopie\/","name":"Melodiez Klangkasten Haus mit Naturger\u00e4uschen Deluxe Forest 15cm - Eliassen.nl","isPartOf":{"@id":"https:\/\/www.eliassen.nl\/de\/#website"},"primaryImageOfPage":{"@id":"https:\/\/www.eliassen.nl\/de\/klangkasten-haus-mit-naturgerauschen-deluxe-eiche-15cm-kopie\/#primaryimage"},"image":{"@id":"https:\/\/www.eliassen.nl\/de\/klangkasten-haus-mit-naturgerauschen-deluxe-eiche-15cm-kopie\/#primaryimage"},"thumbnailUrl":"https:\/\/www.eliassen.nl\/wp-content\/uploads\/2026\/01\/Geluidsdoos-huisje-met-Natuurgeluiden-Deluxe-Bos-15cm-eliassen.nl-1.jpg","datePublished":"2026-01-23T13:51:41+00:00","dateModified":"2026-02-03T15:46:09+00:00","description":"Melodiez Soundbox 'Forest' (15cm) mit Bewegungssensor. Genie\u00dfen Sie 5 Naturger\u00e4usche in einem gr\u00fcnen Ambiente. Inklusive Batterien. Jetzt online bestellen!","breadcrumb":{"@id":"https:\/\/www.eliassen.nl\/de\/klangkasten-haus-mit-naturgerauschen-deluxe-eiche-15cm-kopie\/#breadcrumb"},"inLanguage":"de","potentialAction":[{"@type":"ReadAction","target":["https:\/\/www.eliassen.nl\/de\/klangkasten-haus-mit-naturgerauschen-deluxe-eiche-15cm-kopie\/"]}]},{"@type":"ImageObject","inLanguage":"de","@id":"https:\/\/www.eliassen.nl\/de\/klangkasten-haus-mit-naturgerauschen-deluxe-eiche-15cm-kopie\/#primaryimage","url":"https:\/\/www.eliassen.nl\/wp-content\/uploads\/2026\/01\/Geluidsdoos-huisje-met-Natuurgeluiden-Deluxe-Bos-15cm-eliassen.nl-1.jpg","contentUrl":"https:\/\/www.eliassen.nl\/wp-content\/uploads\/2026\/01\/Geluidsdoos-huisje-met-Natuurgeluiden-Deluxe-Bos-15cm-eliassen.nl-1.jpg","width":768,"height":768,"caption":"Klangkasten Haus mit Naturger\u00e4uschen Deluxe Wald 15cm eliassen.co.uk 8"},{"@type":"BreadcrumbList","@id":"https:\/\/www.eliassen.nl\/de\/klangkasten-haus-mit-naturgerauschen-deluxe-eiche-15cm-kopie\/#breadcrumb","itemListElement":[{"@type":"ListItem","position":1,"name":"Home","item":"https:\/\/www.eliassen.nl\/de\/"},{"@type":"ListItem","position":2,"name":"Shop","item":"https:\/\/www.eliassen.nl\/de\/shop\/"},{"@type":"ListItem","position":3,"name":"Weitere Artikel","item":"https:\/\/www.eliassen.nl\/de\/weitere-artikel\/"},{"@type":"ListItem","position":4,"name":"Resonanzk\u00f6rper","item":"https:\/\/www.eliassen.nl\/de\/resonanzkorper\/"},{"@type":"ListItem","position":5,"name":"Klangkasten Haus mit Naturger\u00e4uschen Deluxe Forest 15cm"}]},{"@type":"WebSite","@id":"https:\/\/www.eliassen.nl\/de\/#website","url":"https:\/\/www.eliassen.nl\/de\/","name":"Eliassen Home & Garden Pleasure","description":"","publisher":{"@id":"https:\/\/www.eliassen.nl\/de\/#organization"},"alternateName":"Eliassen.nl","potentialAction":[{"@type":"SearchAction","target":{"@type":"EntryPoint","urlTemplate":"https:\/\/www.eliassen.nl\/de\/?s={search_term_string}"},"query-input":{"@type":"PropertyValueSpecification","valueRequired":true,"valueName":"search_term_string"}}],"inLanguage":"de"},{"@type":["Organization","Place"],"@id":"https:\/\/www.eliassen.nl\/de\/#organization","name":"Eliassen Home & Garden Pleasure","url":"https:\/\/www.eliassen.nl\/de\/","logo":{"@id":"https:\/\/www.eliassen.nl\/de\/klangkasten-haus-mit-naturgerauschen-deluxe-eiche-15cm-kopie\/#local-main-organization-logo"},"image":{"@id":"https:\/\/www.eliassen.nl\/de\/klangkasten-haus-mit-naturgerauschen-deluxe-eiche-15cm-kopie\/#local-main-organization-logo"},"sameAs":["https:\/\/www.facebook.com\/TuincentrumEliassenAmmerzoden","https:\/\/www.instagram.com\/eliassenhomeandgarden\/","https:\/\/nl.pinterest.com\/eliassenhomeandgarden\/","https:\/\/www.youtube.com\/@eliassenhomegardenpleasure4558"],"telephone":[],"openingHoursSpecification":[{"@type":"OpeningHoursSpecification","dayOfWeek":["Monday","Tuesday","Wednesday","Thursday","Friday","Saturday","Sunday"],"opens":"09:00","closes":"17:00"}]},{"@type":"ImageObject","inLanguage":"de","@id":"https:\/\/www.eliassen.nl\/de\/klangkasten-haus-mit-naturgerauschen-deluxe-eiche-15cm-kopie\/#local-main-organization-logo","url":"https:\/\/www.eliassen.nl\/wp-content\/uploads\/2024\/01\/logo_4nd.jpg","contentUrl":"https:\/\/www.eliassen.nl\/wp-content\/uploads\/2024\/01\/logo_4nd.jpg","width":500,"height":500,"caption":"Eliassen Home & Garden Pleasure"}]},"product_price_amount":"34.50","product_price_currency":"EUR","og_availability":"instock","product_availability":"instock","product_retailer_item_id":"8720938685408","product_condition":"new"},"df_price":34.5,"df_sale_price":"","df_regular_price":34.5,"df_image_link":"https:\/\/www.eliassen.nl\/wp-content\/uploads\/2026\/01\/Geluidsdoos-huisje-met-Natuurgeluiden-Deluxe-Bos-15cm-eliassen.nl-1-300x300.jpg","image":"https:\/\/www.eliassen.nl\/wp-content\/uploads\/2026\/01\/Geluidsdoos-huisje-met-Natuurgeluiden-Deluxe-Bos-15cm-eliassen.nl-1-150x150.jpg","price_search":"<span class=\"woocommerce-Price-amount amount\"><bdi><span class=\"woocommerce-Price-currencySymbol\">&euro;<\/span>&nbsp;34,50<\/bdi><\/span>","category":"Resonanzk\u00f6rper","global_unique_id":"8720938685408","_links":{"self":[{"href":"https:\/\/www.eliassen.nl\/de\/wp-json\/wp\/v2\/product\/204595","targetHints":{"allow":["GET"]}}],"collection":[{"href":"https:\/\/www.eliassen.nl\/de\/wp-json\/wp\/v2\/product"}],"about":[{"href":"https:\/\/www.eliassen.nl\/de\/wp-json\/wp\/v2\/types\/product"}],"wp:featuredmedia":[{"embeddable":true,"href":"https:\/\/www.eliassen.nl\/de\/wp-json\/wp\/v2\/media\/204623"}],"wp:attachment":[{"href":"https:\/\/www.eliassen.nl\/de\/wp-json\/wp\/v2\/media?parent=204595"}],"wp:term":[{"taxonomy":"product_brand","embeddable":true,"href":"https:\/\/www.eliassen.nl\/de\/wp-json\/wp\/v2\/product_brand?post=204595"},{"taxonomy":"product_cat","embeddable":true,"href":"https:\/\/www.eliassen.nl\/de\/wp-json\/wp\/v2\/product_cat?post=204595"},{"taxonomy":"product_tag","embeddable":true,"href":"https:\/\/www.eliassen.nl\/de\/wp-json\/wp\/v2\/product_tag?post=204595"}],"curies":[{"name":"wp","href":"https:\/\/api.w.org\/{rel}","templated":true}]}}