{"id":204490,"date":"2026-01-23T12:07:01","date_gmt":"2026-01-23T11:07:01","guid":{"rendered":"https:\/\/www.eliassen.nl\/product\/glasmalerei-kolibri-zwischen-blumen-80x120cm\/"},"modified":"2026-02-06T10:02:10","modified_gmt":"2026-02-06T09:02:10","slug":"glasmalerei-kolibri-zwischen-blumen-80x120cm","status":"publish","type":"product","link":"https:\/\/www.eliassen.nl\/de\/glasmalerei-kolibri-zwischen-blumen-80x120cm\/","title":{"rendered":"Glasmalerei Kolibri zwischen Blumen 80x120cm"},"content":{"rendered":"<p data-path-to-node=\"3\">M\u00f6chten Sie den Fr\u00fchling in Ihr Zuhause holen und ein lebhaftes und fr\u00f6hliches Kunstwerk an Ihrer Wand genie\u00dfen? Dieses wundersch\u00f6ne Glasgem\u00e4lde mit dem Titel &#8222;Hummingbird among flowers&#8220; zeigt ein dynamisches und farbenfrohes Schauspiel der Natur. Im Zentrum steht ein pr\u00e4chtiger Kolibri mit schillerndem gr\u00fcnem Gefieder, der in der N\u00e4he gro\u00dfer, zartrosa und pfirsichfarbener Lilien schwebt. Die Szene wird durch mehrere Schmetterlinge mit orangefarbenen und schwarzen Fl\u00fcgeln belebt, die verspielt um die Blumen herumtanzen. Der weiche, blaugr\u00fcne Hintergrund schafft eine vertr\u00e4umte Atmosph\u00e4re, in der die Blumen und Tiere wunderbar zur Geltung kommen.<\/p>\n<p data-path-to-node=\"4\">Das Bild wird messerscharf auf die R\u00fcckseite des Glases gedruckt. Da der Druck auf der R\u00fcckseite des 4 mm dicken geh\u00e4rteten Glases aufgebracht wird, ist das Bild gesch\u00fctzt und die sanften Pastellt\u00f6ne und leuchtenden Farben gewinnen an Tiefe und Brillanz. Dieses 80x120cm gro\u00dfe Standmodell ist die perfekte Wahl f\u00fcr alle, die Flora und Fauna lieben und passt wunderbar in ein helles Wohnzimmer, Schlafzimmer oder einen Wintergarten.<\/p>\n<p data-path-to-node=\"5\"><b data-path-to-node=\"5\" data-index-in-node=\"0\">Warum sollten Sie sich f\u00fcr diese Glasmalerei bei Eliassen entscheiden?<\/b><\/p>\n<ul data-path-to-node=\"6\">\n<li>\n<p data-path-to-node=\"6,0,0\"><b data-path-to-node=\"6,0,0\" data-index-in-node=\"0\">Druck auf die Glasr\u00fcckseite:<\/b> Diese Technik sorgt f\u00fcr leuchtende Farben, sch\u00fctzt das Bild vor Kratzern und macht das Glas leicht abnehmbar.<\/p>\n<\/li>\n<li>\n<p data-path-to-node=\"6,1,0\"><b data-path-to-node=\"6,1,0\" data-index-in-node=\"0\">Nat\u00fcrliche Atmosph\u00e4re:<\/b> Die Kombination aus Kolibri, Schmetterlingen und Blumen bringt Ruhe und Fr\u00f6hlichkeit in Ihr Interieur.<\/p>\n<\/li>\n<li>\n<p data-path-to-node=\"6,2,0\"><b data-path-to-node=\"6,2,0\" data-index-in-node=\"0\">Einfache Montage:<\/b> Das Panel ist mit stabilen Aufh\u00e4ngeb\u00fcgeln f\u00fcr eine sichere und feste Montage an der Wand ausgestattet.<\/p>\n<\/li>\n<\/ul>\n<p data-path-to-node=\"7\">M\u00f6chten Sie die Farben dieser Naturszene einmal in natura bewundern? Dann kommen Sie doch einfach in unserem Ausstellungsraum in Ammerzoden vorbei. Wir haben eine sehr gro\u00dfe Auswahl an Glasbildern zum Aufh\u00e4ngen, so dass Sie in aller Ruhe pr\u00fcfen k\u00f6nnen, ob dieses Modell perfekt zu Ihrer Einrichtung passt.<\/p>\n","protected":false},"excerpt":{"rendered":"<p>Dieses vertr\u00e4umte 80x120cm gro\u00dfe Glasgem\u00e4lde zeigt einen wundersch\u00f6nen Kolibri, der zwischen gro\u00dfen rosa Lilien schwebt, umgeben von mehreren umherfliegenden Schmetterlingen. Das Bild wird in hoher Qualit\u00e4t auf die R\u00fcckseite des geh\u00e4rteten Glases gedruckt und bietet ein intensives Farberlebnis, einen luxuri\u00f6sen Glanz und dauerhaften Schutz. Eine fr\u00f6hliche und stimmungsvolle Wanddekoration, die die Sch\u00f6nheit der Natur direkt in Ihr Wohnzimmer bringt.<\/p>\n","protected":false},"featured_media":204035,"template":"","meta":{"_acf_changed":false,"_genesis_title":"","_genesis_description":""},"product_brand":[6940],"product_cat":[410,455,443],"product_tag":[],"class_list":{"0":"post-204490","1":"product","2":"type-product","3":"status-publish","4":"has-post-thumbnail","6":"product_brand-ter-halle-de","7":"product_cat-gemaelde","8":"product_cat-glasmalerei-im-format-80x120cm","9":"product_cat-glasmalereien","11":"first","12":"outofstock","13":"taxable","14":"shipping-taxable","15":"purchasable","16":"product-type-simple"},"acf":[],"meta_all":{"cor_restricted_countries":[],"total_sales":"1"},"meta_all_flat":{"total_sales":"1"},"yoast_head":"<!-- This site is optimized with the Yoast SEO Premium plugin v26.2 (Yoast SEO v27.2) - https:\/\/yoast.com\/product\/yoast-seo-premium-wordpress\/ -->\n<title>Ter Halle Glasmalerei Kolibri zwischen Blumen 80x120cm - Eliassen.nl<\/title>\n<meta name=\"description\" content=\"Glasgem\u00e4lde Kolibri zwischen Blumen (80x120cm). Eine farbenfrohe Szene mit Schmetterlingen, gedruckt auf der R\u00fcckseite des Glases. Jetzt bei Eliassen!\" \/>\n<meta name=\"robots\" content=\"index, follow, max-snippet:-1, max-image-preview:large, max-video-preview:-1\" \/>\n<link rel=\"canonical\" href=\"https:\/\/www.eliassen.nl\/de\/glasmalerei-kolibri-zwischen-blumen-80x120cm\/\" \/>\n<meta property=\"og:locale\" content=\"de_DE\" \/>\n<meta property=\"og:type\" content=\"article\" \/>\n<meta property=\"og:title\" content=\"Ter Halle Glasmalerei Kolibri zwischen Blumen 80x120cm - Eliassen.nl\" \/>\n<meta property=\"og:description\" content=\"Glasgem\u00e4lde Kolibri zwischen Blumen (80x120cm). Eine farbenfrohe Szene mit Schmetterlingen, gedruckt auf der R\u00fcckseite des Glases. Jetzt bei Eliassen!\" \/>\n<meta property=\"og:url\" content=\"https:\/\/www.eliassen.nl\/de\/glasmalerei-kolibri-zwischen-blumen-80x120cm\/\" \/>\n<meta property=\"og:site_name\" content=\"Eliassen.nl\" \/>\n<meta property=\"article:publisher\" content=\"https:\/\/www.facebook.com\/TuincentrumEliassenAmmerzoden\" \/>\n<meta property=\"article:modified_time\" content=\"2026-02-06T09:02:10+00:00\" \/>\n<meta property=\"og:image\" content=\"https:\/\/www.eliassen.nl\/wp-content\/uploads\/2026\/01\/Glasschilderij-kolibrie-in-de-bloemen-Eliassen.nl_.jpg\" \/>\n\t<meta property=\"og:image:width\" content=\"768\" \/>\n\t<meta property=\"og:image:height\" content=\"1152\" \/>\n\t<meta property=\"og:image:type\" content=\"image\/jpeg\" \/>\n<meta name=\"twitter:card\" content=\"summary_large_image\" \/>\n<script type=\"application\/ld+json\" class=\"yoast-schema-graph\">{\"@context\":\"https:\/\/schema.org\",\"@graph\":[{\"@type\":\"WebPage\",\"@id\":\"https:\/\/www.eliassen.nl\/de\/glasmalerei-kolibri-zwischen-blumen-80x120cm\/\",\"url\":\"https:\/\/www.eliassen.nl\/de\/glasmalerei-kolibri-zwischen-blumen-80x120cm\/\",\"name\":\"Ter Halle Glasmalerei Kolibri zwischen Blumen 80x120cm - Eliassen.nl\",\"isPartOf\":{\"@id\":\"https:\/\/www.eliassen.nl\/de\/#website\"},\"primaryImageOfPage\":{\"@id\":\"https:\/\/www.eliassen.nl\/de\/glasmalerei-kolibri-zwischen-blumen-80x120cm\/#primaryimage\"},\"image\":{\"@id\":\"https:\/\/www.eliassen.nl\/de\/glasmalerei-kolibri-zwischen-blumen-80x120cm\/#primaryimage\"},\"thumbnailUrl\":\"https:\/\/www.eliassen.nl\/wp-content\/uploads\/2026\/01\/Glasschilderij-kolibrie-in-de-bloemen-Eliassen.nl_.jpg\",\"datePublished\":\"2026-01-23T11:07:01+00:00\",\"dateModified\":\"2026-02-06T09:02:10+00:00\",\"description\":\"Glasgem\u00e4lde Kolibri zwischen Blumen (80x120cm). Eine farbenfrohe Szene mit Schmetterlingen, gedruckt auf der R\u00fcckseite des Glases. Jetzt bei Eliassen!\",\"breadcrumb\":{\"@id\":\"https:\/\/www.eliassen.nl\/de\/glasmalerei-kolibri-zwischen-blumen-80x120cm\/#breadcrumb\"},\"inLanguage\":\"de\",\"potentialAction\":[{\"@type\":\"ReadAction\",\"target\":[\"https:\/\/www.eliassen.nl\/de\/glasmalerei-kolibri-zwischen-blumen-80x120cm\/\"]}]},{\"@type\":\"ImageObject\",\"inLanguage\":\"de\",\"@id\":\"https:\/\/www.eliassen.nl\/de\/glasmalerei-kolibri-zwischen-blumen-80x120cm\/#primaryimage\",\"url\":\"https:\/\/www.eliassen.nl\/wp-content\/uploads\/2026\/01\/Glasschilderij-kolibrie-in-de-bloemen-Eliassen.nl_.jpg\",\"contentUrl\":\"https:\/\/www.eliassen.nl\/wp-content\/uploads\/2026\/01\/Glasschilderij-kolibrie-in-de-bloemen-Eliassen.nl_.jpg\",\"width\":768,\"height\":1152,\"caption\":\"Glasmalerei Kolibri in Blumen - Eliassen.nl\"},{\"@type\":\"BreadcrumbList\",\"@id\":\"https:\/\/www.eliassen.nl\/de\/glasmalerei-kolibri-zwischen-blumen-80x120cm\/#breadcrumb\",\"itemListElement\":[{\"@type\":\"ListItem\",\"position\":1,\"name\":\"Home\",\"item\":\"https:\/\/www.eliassen.nl\/de\/\"},{\"@type\":\"ListItem\",\"position\":2,\"name\":\"Shop\",\"item\":\"https:\/\/www.eliassen.nl\/de\/shop\/\"},{\"@type\":\"ListItem\",\"position\":3,\"name\":\"Glasmalereien\",\"item\":\"https:\/\/www.eliassen.nl\/de\/gemaelde\/glasmalereien\/\"},{\"@type\":\"ListItem\",\"position\":4,\"name\":\"Glasmalerei Kolibri zwischen Blumen 80x120cm\"}]},{\"@type\":\"WebSite\",\"@id\":\"https:\/\/www.eliassen.nl\/de\/#website\",\"url\":\"https:\/\/www.eliassen.nl\/de\/\",\"name\":\"Eliassen Home & Garden Pleasure\",\"description\":\"\",\"publisher\":{\"@id\":\"https:\/\/www.eliassen.nl\/de\/#organization\"},\"alternateName\":\"Eliassen.nl\",\"potentialAction\":[{\"@type\":\"SearchAction\",\"target\":{\"@type\":\"EntryPoint\",\"urlTemplate\":\"https:\/\/www.eliassen.nl\/de\/?s={search_term_string}\"},\"query-input\":{\"@type\":\"PropertyValueSpecification\",\"valueRequired\":true,\"valueName\":\"search_term_string\"}}],\"inLanguage\":\"de\"},{\"@type\":[\"Organization\",\"Place\"],\"@id\":\"https:\/\/www.eliassen.nl\/de\/#organization\",\"name\":\"Eliassen Home & Garden Pleasure\",\"url\":\"https:\/\/www.eliassen.nl\/de\/\",\"logo\":{\"@id\":\"https:\/\/www.eliassen.nl\/de\/glasmalerei-kolibri-zwischen-blumen-80x120cm\/#local-main-organization-logo\"},\"image\":{\"@id\":\"https:\/\/www.eliassen.nl\/de\/glasmalerei-kolibri-zwischen-blumen-80x120cm\/#local-main-organization-logo\"},\"sameAs\":[\"https:\/\/www.facebook.com\/TuincentrumEliassenAmmerzoden\",\"https:\/\/www.instagram.com\/eliassenhomeandgarden\/\",\"https:\/\/nl.pinterest.com\/eliassenhomeandgarden\/\",\"https:\/\/www.youtube.com\/@eliassenhomegardenpleasure4558\"],\"telephone\":[],\"openingHoursSpecification\":[{\"@type\":\"OpeningHoursSpecification\",\"dayOfWeek\":[\"Monday\",\"Tuesday\",\"Wednesday\",\"Thursday\",\"Friday\",\"Saturday\",\"Sunday\"],\"opens\":\"09:00\",\"closes\":\"17:00\"}]},{\"@type\":\"ImageObject\",\"inLanguage\":\"de\",\"@id\":\"https:\/\/www.eliassen.nl\/de\/glasmalerei-kolibri-zwischen-blumen-80x120cm\/#local-main-organization-logo\",\"url\":\"https:\/\/www.eliassen.nl\/wp-content\/uploads\/2024\/01\/logo_4nd.jpg\",\"contentUrl\":\"https:\/\/www.eliassen.nl\/wp-content\/uploads\/2024\/01\/logo_4nd.jpg\",\"width\":500,\"height\":500,\"caption\":\"Eliassen Home & Garden Pleasure\"}]}<\/script>\n<meta property=\"product:price:amount\" content=\"149.00\" \/>\n<meta property=\"product:price:currency\" content=\"EUR\" \/>\n<meta property=\"og:availability\" content=\"out of stock\" \/>\n<meta property=\"product:availability\" content=\"out of stock\" \/>\n<meta property=\"product:retailer_item_id\" content=\"Glas080120-1157\" \/>\n<meta property=\"product:condition\" content=\"new\" \/>\n<!-- \/ Yoast SEO Premium plugin. -->","yoast_head_json":{"title":"Ter Halle Glasmalerei Kolibri zwischen Blumen 80x120cm - Eliassen.nl","description":"Glasgem\u00e4lde Kolibri zwischen Blumen (80x120cm). Eine farbenfrohe Szene mit Schmetterlingen, gedruckt auf der R\u00fcckseite des Glases. Jetzt bei Eliassen!","robots":{"index":"index","follow":"follow","max-snippet":"max-snippet:-1","max-image-preview":"max-image-preview:large","max-video-preview":"max-video-preview:-1"},"canonical":"https:\/\/www.eliassen.nl\/de\/glasmalerei-kolibri-zwischen-blumen-80x120cm\/","og_locale":"de_DE","og_type":"article","og_title":"Ter Halle Glasmalerei Kolibri zwischen Blumen 80x120cm - Eliassen.nl","og_description":"Glasgem\u00e4lde Kolibri zwischen Blumen (80x120cm). Eine farbenfrohe Szene mit Schmetterlingen, gedruckt auf der R\u00fcckseite des Glases. Jetzt bei Eliassen!","og_url":"https:\/\/www.eliassen.nl\/de\/glasmalerei-kolibri-zwischen-blumen-80x120cm\/","og_site_name":"Eliassen.nl","article_publisher":"https:\/\/www.facebook.com\/TuincentrumEliassenAmmerzoden","article_modified_time":"2026-02-06T09:02:10+00:00","og_image":[{"width":768,"height":1152,"url":"https:\/\/www.eliassen.nl\/wp-content\/uploads\/2026\/01\/Glasschilderij-kolibrie-in-de-bloemen-Eliassen.nl_.jpg","type":"image\/jpeg"}],"twitter_card":"summary_large_image","schema":{"@context":"https:\/\/schema.org","@graph":[{"@type":"WebPage","@id":"https:\/\/www.eliassen.nl\/de\/glasmalerei-kolibri-zwischen-blumen-80x120cm\/","url":"https:\/\/www.eliassen.nl\/de\/glasmalerei-kolibri-zwischen-blumen-80x120cm\/","name":"Ter Halle Glasmalerei Kolibri zwischen Blumen 80x120cm - Eliassen.nl","isPartOf":{"@id":"https:\/\/www.eliassen.nl\/de\/#website"},"primaryImageOfPage":{"@id":"https:\/\/www.eliassen.nl\/de\/glasmalerei-kolibri-zwischen-blumen-80x120cm\/#primaryimage"},"image":{"@id":"https:\/\/www.eliassen.nl\/de\/glasmalerei-kolibri-zwischen-blumen-80x120cm\/#primaryimage"},"thumbnailUrl":"https:\/\/www.eliassen.nl\/wp-content\/uploads\/2026\/01\/Glasschilderij-kolibrie-in-de-bloemen-Eliassen.nl_.jpg","datePublished":"2026-01-23T11:07:01+00:00","dateModified":"2026-02-06T09:02:10+00:00","description":"Glasgem\u00e4lde Kolibri zwischen Blumen (80x120cm). Eine farbenfrohe Szene mit Schmetterlingen, gedruckt auf der R\u00fcckseite des Glases. Jetzt bei Eliassen!","breadcrumb":{"@id":"https:\/\/www.eliassen.nl\/de\/glasmalerei-kolibri-zwischen-blumen-80x120cm\/#breadcrumb"},"inLanguage":"de","potentialAction":[{"@type":"ReadAction","target":["https:\/\/www.eliassen.nl\/de\/glasmalerei-kolibri-zwischen-blumen-80x120cm\/"]}]},{"@type":"ImageObject","inLanguage":"de","@id":"https:\/\/www.eliassen.nl\/de\/glasmalerei-kolibri-zwischen-blumen-80x120cm\/#primaryimage","url":"https:\/\/www.eliassen.nl\/wp-content\/uploads\/2026\/01\/Glasschilderij-kolibrie-in-de-bloemen-Eliassen.nl_.jpg","contentUrl":"https:\/\/www.eliassen.nl\/wp-content\/uploads\/2026\/01\/Glasschilderij-kolibrie-in-de-bloemen-Eliassen.nl_.jpg","width":768,"height":1152,"caption":"Glasmalerei Kolibri in Blumen - Eliassen.nl"},{"@type":"BreadcrumbList","@id":"https:\/\/www.eliassen.nl\/de\/glasmalerei-kolibri-zwischen-blumen-80x120cm\/#breadcrumb","itemListElement":[{"@type":"ListItem","position":1,"name":"Home","item":"https:\/\/www.eliassen.nl\/de\/"},{"@type":"ListItem","position":2,"name":"Shop","item":"https:\/\/www.eliassen.nl\/de\/shop\/"},{"@type":"ListItem","position":3,"name":"Glasmalereien","item":"https:\/\/www.eliassen.nl\/de\/gemaelde\/glasmalereien\/"},{"@type":"ListItem","position":4,"name":"Glasmalerei Kolibri zwischen Blumen 80x120cm"}]},{"@type":"WebSite","@id":"https:\/\/www.eliassen.nl\/de\/#website","url":"https:\/\/www.eliassen.nl\/de\/","name":"Eliassen Home & Garden Pleasure","description":"","publisher":{"@id":"https:\/\/www.eliassen.nl\/de\/#organization"},"alternateName":"Eliassen.nl","potentialAction":[{"@type":"SearchAction","target":{"@type":"EntryPoint","urlTemplate":"https:\/\/www.eliassen.nl\/de\/?s={search_term_string}"},"query-input":{"@type":"PropertyValueSpecification","valueRequired":true,"valueName":"search_term_string"}}],"inLanguage":"de"},{"@type":["Organization","Place"],"@id":"https:\/\/www.eliassen.nl\/de\/#organization","name":"Eliassen Home & Garden Pleasure","url":"https:\/\/www.eliassen.nl\/de\/","logo":{"@id":"https:\/\/www.eliassen.nl\/de\/glasmalerei-kolibri-zwischen-blumen-80x120cm\/#local-main-organization-logo"},"image":{"@id":"https:\/\/www.eliassen.nl\/de\/glasmalerei-kolibri-zwischen-blumen-80x120cm\/#local-main-organization-logo"},"sameAs":["https:\/\/www.facebook.com\/TuincentrumEliassenAmmerzoden","https:\/\/www.instagram.com\/eliassenhomeandgarden\/","https:\/\/nl.pinterest.com\/eliassenhomeandgarden\/","https:\/\/www.youtube.com\/@eliassenhomegardenpleasure4558"],"telephone":[],"openingHoursSpecification":[{"@type":"OpeningHoursSpecification","dayOfWeek":["Monday","Tuesday","Wednesday","Thursday","Friday","Saturday","Sunday"],"opens":"09:00","closes":"17:00"}]},{"@type":"ImageObject","inLanguage":"de","@id":"https:\/\/www.eliassen.nl\/de\/glasmalerei-kolibri-zwischen-blumen-80x120cm\/#local-main-organization-logo","url":"https:\/\/www.eliassen.nl\/wp-content\/uploads\/2024\/01\/logo_4nd.jpg","contentUrl":"https:\/\/www.eliassen.nl\/wp-content\/uploads\/2024\/01\/logo_4nd.jpg","width":500,"height":500,"caption":"Eliassen Home & Garden Pleasure"}]},"product_price_amount":"149.00","product_price_currency":"EUR","og_availability":"out of stock","product_availability":"out of stock","product_retailer_item_id":"Glas080120-1157","product_condition":"new"},"df_price":149,"df_sale_price":"","df_regular_price":149,"df_image_link":"https:\/\/www.eliassen.nl\/wp-content\/uploads\/2026\/01\/Glasschilderij-kolibrie-in-de-bloemen-Eliassen.nl_-200x300.jpg","image":"https:\/\/www.eliassen.nl\/wp-content\/uploads\/2026\/01\/Glasschilderij-kolibrie-in-de-bloemen-Eliassen.nl_-150x150.jpg","price_search":"<span class=\"woocommerce-Price-amount amount\"><bdi><span class=\"woocommerce-Price-currencySymbol\">&euro;<\/span>&nbsp;149,00<\/bdi><\/span>","category":"Gem\u00e4lde","global_unique_id":"8714688621106","_links":{"self":[{"href":"https:\/\/www.eliassen.nl\/de\/wp-json\/wp\/v2\/product\/204490","targetHints":{"allow":["GET"]}}],"collection":[{"href":"https:\/\/www.eliassen.nl\/de\/wp-json\/wp\/v2\/product"}],"about":[{"href":"https:\/\/www.eliassen.nl\/de\/wp-json\/wp\/v2\/types\/product"}],"wp:featuredmedia":[{"embeddable":true,"href":"https:\/\/www.eliassen.nl\/de\/wp-json\/wp\/v2\/media\/204035"}],"wp:attachment":[{"href":"https:\/\/www.eliassen.nl\/de\/wp-json\/wp\/v2\/media?parent=204490"}],"wp:term":[{"taxonomy":"product_brand","embeddable":true,"href":"https:\/\/www.eliassen.nl\/de\/wp-json\/wp\/v2\/product_brand?post=204490"},{"taxonomy":"product_cat","embeddable":true,"href":"https:\/\/www.eliassen.nl\/de\/wp-json\/wp\/v2\/product_cat?post=204490"},{"taxonomy":"product_tag","embeddable":true,"href":"https:\/\/www.eliassen.nl\/de\/wp-json\/wp\/v2\/product_tag?post=204490"}],"curies":[{"name":"wp","href":"https:\/\/api.w.org\/{rel}","templated":true}]}}