{"id":204487,"date":"2026-01-23T12:04:49","date_gmt":"2026-01-23T11:04:49","guid":{"rendered":"https:\/\/www.eliassen.nl\/product\/glasmalerei-loewenfamilie-auf-schwarzem-hintergrund-80x120cm\/"},"modified":"2026-02-06T10:02:04","modified_gmt":"2026-02-06T09:02:04","slug":"glasmalerei-loewenfamilie-auf-schwarzem-hintergrund-80x120cm","status":"publish","type":"product","link":"https:\/\/www.eliassen.nl\/de\/glasmalerei-loewenfamilie-auf-schwarzem-hintergrund-80x120cm\/","title":{"rendered":"Glasmalerei L\u00f6wenfamilie auf schwarzem Hintergrund 80x120cm"},"content":{"rendered":"<p data-path-to-node=\"3\">M\u00f6chten Sie die Kraft und Verbundenheit der Natur in Ihre Innenr\u00e4ume bringen? Dieses beeindruckende Glasgem\u00e4lde mit dem Titel &#8222;L\u00f6wenfamilie auf schwarzem Hintergrund&#8220; ist eine wundersch\u00f6ne Hommage an das Tierreich. Das Bild zeigt ein intimes Portr\u00e4t einer L\u00f6wenfamilie: ein m\u00e4chtiger L\u00f6we mit \u00fcppiger M\u00e4hne, eine aufmerksame L\u00f6win und ein liebenswertes Junges in der Mitte. Die Tiere sind vor einem tiefschwarzen Hintergrund messerscharf eingefangen, so dass ihr goldenes Fell und ihre ausdrucksstarken Augen wundersch\u00f6n leuchten und die ganze Aufmerksamkeit auf sich ziehen. Ihr liebevoller Blick und ihre k\u00f6rperliche N\u00e4he strahlen W\u00e4rme, Schutz und Ruhe aus.<\/p>\n<p data-path-to-node=\"4\">Das Bild wird messerscharf auf die R\u00fcckseite des Glases gedruckt. Da der Druck auf der R\u00fcckseite des 4 mm dicken geh\u00e4rteten Glases aufgebracht wird, ist das Bild gesch\u00fctzt und die nat\u00fcrlichen Farben gewinnen an Tiefe und Brillanz. Das Glas verst\u00e4rkt den Kontrast mit dem dunklen Hintergrund und sorgt f\u00fcr einen modernen und schicken Look. Mit einer Gr\u00f6\u00dfe von 80x120cm ist dieses Gem\u00e4lde ein perfekter Blickfang \u00fcber dem Sofa oder einem Sideboard in einer modernen oder l\u00e4ndlichen Einrichtung.<\/p>\n<p data-path-to-node=\"5\"><b data-path-to-node=\"5\" data-index-in-node=\"0\">Warum sollten Sie sich f\u00fcr diese Glasmalerei bei Eliassen entscheiden?<\/b><\/p>\n<ul data-path-to-node=\"6\">\n<li>\n<p data-path-to-node=\"6,0,0\"><b data-path-to-node=\"6,0,0\" data-index-in-node=\"0\">Druck auf der R\u00fcckseite des Glases:<\/b> Diese Technik sorgt f\u00fcr lebendige, naturgetreue Farben und macht die Oberfl\u00e4che leicht abl\u00f6sbar.<\/p>\n<\/li>\n<li>\n<p data-path-to-node=\"6,1,0\"><b data-path-to-node=\"6,1,0\" data-index-in-node=\"0\">Stimmungsvoller Look:<\/b> Die Skulptur der L\u00f6wenfamilie bringt sofort ein Gef\u00fchl von Zusammengeh\u00f6rigkeit und Ruhe in Ihr Zimmer.<\/p>\n<\/li>\n<li>\n<p data-path-to-node=\"6,2,0\"><b data-path-to-node=\"6,2,0\" data-index-in-node=\"0\">Einfache Montage:<\/b> Das Panel ist mit stabilen Aufh\u00e4ngeb\u00fcgeln f\u00fcr eine sichere und feste Montage an der Wand ausgestattet.<\/p>\n<\/li>\n<\/ul>\n<p data-path-to-node=\"7\">M\u00f6chten Sie die Details dieser besonderen Familienszene in natura sehen? Dann kommen Sie doch einfach in unserem Ausstellungsraum in Ammerzoden vorbei. Wir haben eine einzigartige Sammlung von Glasgem\u00e4lden aufgeh\u00e4ngt, so dass Sie sicher sein k\u00f6nnen, die richtige Wahl zu treffen.<\/p>\n","protected":false},"excerpt":{"rendered":"<p>Dieses wundersch\u00f6ne 80x120cm gro\u00dfe Glasgem\u00e4lde zeigt ein intimes und messerscharfes Portr\u00e4t einer L\u00f6wenfamilie mit einem M\u00e4nnchen, einem Weibchen und einem Jungen vor einem tiefschwarzen Hintergrund. Das Bild wird in hoher Qualit\u00e4t auf die R\u00fcckseite des geh\u00e4rteten Glases gedruckt, wodurch ein intensives Farberlebnis, ein luxuri\u00f6ser Glanz und ein dauerhafter Schutz des Drucks gew\u00e4hrleistet werden. Eine beeindruckende Wanddekoration, die W\u00e4rme und St\u00e4rke ausstrahlt, perfekt f\u00fcr jede moderne Einrichtung.<\/p>\n","protected":false},"featured_media":204038,"template":"","meta":{"_acf_changed":false,"_genesis_title":"","_genesis_description":""},"product_brand":[6940],"product_cat":[410,455,443],"product_tag":[],"class_list":{"0":"post-204487","1":"product","2":"type-product","3":"status-publish","4":"has-post-thumbnail","6":"product_brand-ter-halle-de","7":"product_cat-gemaelde","8":"product_cat-glasmalerei-im-format-80x120cm","9":"product_cat-glasmalereien","11":"first","12":"instock","13":"taxable","14":"shipping-taxable","15":"purchasable","16":"product-type-simple"},"acf":[],"meta_all":{"cor_restricted_countries":[],"total_sales":"0"},"meta_all_flat":{"total_sales":"0"},"yoast_head":"<!-- This site is optimized with the Yoast SEO Premium plugin v26.2 (Yoast SEO v27.2) - https:\/\/yoast.com\/product\/yoast-seo-premium-wordpress\/ -->\n<title>Ter Halle Glasmalerei L\u00f6wenfamilie auf schwarzem Hintergrund 80x120cm - Eliassen.nl<\/title>\n<meta name=\"description\" content=\"Glasgem\u00e4lde L\u00f6wenfamilie (80x120cm). Ein aussagekr\u00e4ftiges Portr\u00e4t auf schwarzem Hintergrund, gedruckt auf der R\u00fcckseite eines Glases. Sehen Sie sich das jetzt bei Eliassen an!\" \/>\n<meta name=\"robots\" content=\"index, follow, max-snippet:-1, max-image-preview:large, max-video-preview:-1\" \/>\n<link rel=\"canonical\" href=\"https:\/\/www.eliassen.nl\/de\/glasmalerei-loewenfamilie-auf-schwarzem-hintergrund-80x120cm\/\" \/>\n<meta property=\"og:locale\" content=\"de_DE\" \/>\n<meta property=\"og:type\" content=\"article\" \/>\n<meta property=\"og:title\" content=\"Ter Halle Glasmalerei L\u00f6wenfamilie auf schwarzem Hintergrund 80x120cm - Eliassen.nl\" \/>\n<meta property=\"og:description\" content=\"Glasgem\u00e4lde L\u00f6wenfamilie (80x120cm). Ein aussagekr\u00e4ftiges Portr\u00e4t auf schwarzem Hintergrund, gedruckt auf der R\u00fcckseite eines Glases. Sehen Sie sich das jetzt bei Eliassen an!\" \/>\n<meta property=\"og:url\" content=\"https:\/\/www.eliassen.nl\/de\/glasmalerei-loewenfamilie-auf-schwarzem-hintergrund-80x120cm\/\" \/>\n<meta property=\"og:site_name\" content=\"Eliassen.nl\" \/>\n<meta property=\"article:publisher\" content=\"https:\/\/www.facebook.com\/TuincentrumEliassenAmmerzoden\" \/>\n<meta property=\"article:modified_time\" content=\"2026-02-06T09:02:04+00:00\" \/>\n<meta property=\"og:image\" content=\"https:\/\/www.eliassen.nl\/wp-content\/uploads\/2026\/01\/glasschilderij-leeuwenfamilie-op-zwarte-achtergrond-Eliassen.nl_.jpg\" \/>\n\t<meta property=\"og:image:width\" content=\"709\" \/>\n\t<meta property=\"og:image:height\" content=\"1004\" \/>\n\t<meta property=\"og:image:type\" content=\"image\/jpeg\" \/>\n<meta name=\"twitter:card\" content=\"summary_large_image\" \/>\n<script type=\"application\/ld+json\" class=\"yoast-schema-graph\">{\"@context\":\"https:\/\/schema.org\",\"@graph\":[{\"@type\":\"WebPage\",\"@id\":\"https:\/\/www.eliassen.nl\/de\/glasmalerei-loewenfamilie-auf-schwarzem-hintergrund-80x120cm\/\",\"url\":\"https:\/\/www.eliassen.nl\/de\/glasmalerei-loewenfamilie-auf-schwarzem-hintergrund-80x120cm\/\",\"name\":\"Ter Halle Glasmalerei L\u00f6wenfamilie auf schwarzem Hintergrund 80x120cm - Eliassen.nl\",\"isPartOf\":{\"@id\":\"https:\/\/www.eliassen.nl\/de\/#website\"},\"primaryImageOfPage\":{\"@id\":\"https:\/\/www.eliassen.nl\/de\/glasmalerei-loewenfamilie-auf-schwarzem-hintergrund-80x120cm\/#primaryimage\"},\"image\":{\"@id\":\"https:\/\/www.eliassen.nl\/de\/glasmalerei-loewenfamilie-auf-schwarzem-hintergrund-80x120cm\/#primaryimage\"},\"thumbnailUrl\":\"https:\/\/www.eliassen.nl\/wp-content\/uploads\/2026\/01\/glasschilderij-leeuwenfamilie-op-zwarte-achtergrond-Eliassen.nl_.jpg\",\"datePublished\":\"2026-01-23T11:04:49+00:00\",\"dateModified\":\"2026-02-06T09:02:04+00:00\",\"description\":\"Glasgem\u00e4lde L\u00f6wenfamilie (80x120cm). Ein aussagekr\u00e4ftiges Portr\u00e4t auf schwarzem Hintergrund, gedruckt auf der R\u00fcckseite eines Glases. Sehen Sie sich das jetzt bei Eliassen an!\",\"breadcrumb\":{\"@id\":\"https:\/\/www.eliassen.nl\/de\/glasmalerei-loewenfamilie-auf-schwarzem-hintergrund-80x120cm\/#breadcrumb\"},\"inLanguage\":\"de\",\"potentialAction\":[{\"@type\":\"ReadAction\",\"target\":[\"https:\/\/www.eliassen.nl\/de\/glasmalerei-loewenfamilie-auf-schwarzem-hintergrund-80x120cm\/\"]}]},{\"@type\":\"ImageObject\",\"inLanguage\":\"de\",\"@id\":\"https:\/\/www.eliassen.nl\/de\/glasmalerei-loewenfamilie-auf-schwarzem-hintergrund-80x120cm\/#primaryimage\",\"url\":\"https:\/\/www.eliassen.nl\/wp-content\/uploads\/2026\/01\/glasschilderij-leeuwenfamilie-op-zwarte-achtergrond-Eliassen.nl_.jpg\",\"contentUrl\":\"https:\/\/www.eliassen.nl\/wp-content\/uploads\/2026\/01\/glasschilderij-leeuwenfamilie-op-zwarte-achtergrond-Eliassen.nl_.jpg\",\"width\":709,\"height\":1004,\"caption\":\"Glasmalerei L\u00f6we Familie schwarzer Hintergrund - Eliassen.de\"},{\"@type\":\"BreadcrumbList\",\"@id\":\"https:\/\/www.eliassen.nl\/de\/glasmalerei-loewenfamilie-auf-schwarzem-hintergrund-80x120cm\/#breadcrumb\",\"itemListElement\":[{\"@type\":\"ListItem\",\"position\":1,\"name\":\"Home\",\"item\":\"https:\/\/www.eliassen.nl\/de\/\"},{\"@type\":\"ListItem\",\"position\":2,\"name\":\"Shop\",\"item\":\"https:\/\/www.eliassen.nl\/de\/shop\/\"},{\"@type\":\"ListItem\",\"position\":3,\"name\":\"Glasmalereien\",\"item\":\"https:\/\/www.eliassen.nl\/de\/gemaelde\/glasmalereien\/\"},{\"@type\":\"ListItem\",\"position\":4,\"name\":\"Glasmalerei im Format 80x120cm\",\"item\":\"https:\/\/www.eliassen.nl\/de\/gemaelde\/glasmalereien\/glasmalerei-im-format-80x120cm\/\"},{\"@type\":\"ListItem\",\"position\":5,\"name\":\"Glasmalerei L\u00f6wenfamilie auf schwarzem Hintergrund 80x120cm\"}]},{\"@type\":\"WebSite\",\"@id\":\"https:\/\/www.eliassen.nl\/de\/#website\",\"url\":\"https:\/\/www.eliassen.nl\/de\/\",\"name\":\"Eliassen Home & Garden Pleasure\",\"description\":\"\",\"publisher\":{\"@id\":\"https:\/\/www.eliassen.nl\/de\/#organization\"},\"alternateName\":\"Eliassen.nl\",\"potentialAction\":[{\"@type\":\"SearchAction\",\"target\":{\"@type\":\"EntryPoint\",\"urlTemplate\":\"https:\/\/www.eliassen.nl\/de\/?s={search_term_string}\"},\"query-input\":{\"@type\":\"PropertyValueSpecification\",\"valueRequired\":true,\"valueName\":\"search_term_string\"}}],\"inLanguage\":\"de\"},{\"@type\":[\"Organization\",\"Place\"],\"@id\":\"https:\/\/www.eliassen.nl\/de\/#organization\",\"name\":\"Eliassen Home & Garden Pleasure\",\"url\":\"https:\/\/www.eliassen.nl\/de\/\",\"logo\":{\"@id\":\"https:\/\/www.eliassen.nl\/de\/glasmalerei-loewenfamilie-auf-schwarzem-hintergrund-80x120cm\/#local-main-organization-logo\"},\"image\":{\"@id\":\"https:\/\/www.eliassen.nl\/de\/glasmalerei-loewenfamilie-auf-schwarzem-hintergrund-80x120cm\/#local-main-organization-logo\"},\"sameAs\":[\"https:\/\/www.facebook.com\/TuincentrumEliassenAmmerzoden\",\"https:\/\/www.instagram.com\/eliassenhomeandgarden\/\",\"https:\/\/nl.pinterest.com\/eliassenhomeandgarden\/\",\"https:\/\/www.youtube.com\/@eliassenhomegardenpleasure4558\"],\"telephone\":[],\"openingHoursSpecification\":[{\"@type\":\"OpeningHoursSpecification\",\"dayOfWeek\":[\"Monday\",\"Tuesday\",\"Wednesday\",\"Thursday\",\"Friday\",\"Saturday\",\"Sunday\"],\"opens\":\"09:00\",\"closes\":\"17:00\"}]},{\"@type\":\"ImageObject\",\"inLanguage\":\"de\",\"@id\":\"https:\/\/www.eliassen.nl\/de\/glasmalerei-loewenfamilie-auf-schwarzem-hintergrund-80x120cm\/#local-main-organization-logo\",\"url\":\"https:\/\/www.eliassen.nl\/wp-content\/uploads\/2024\/01\/logo_4nd.jpg\",\"contentUrl\":\"https:\/\/www.eliassen.nl\/wp-content\/uploads\/2024\/01\/logo_4nd.jpg\",\"width\":500,\"height\":500,\"caption\":\"Eliassen Home & Garden Pleasure\"}]}<\/script>\n<meta property=\"product:price:amount\" content=\"149.00\" \/>\n<meta property=\"product:price:currency\" content=\"EUR\" \/>\n<meta property=\"og:availability\" content=\"instock\" \/>\n<meta property=\"product:availability\" content=\"instock\" \/>\n<meta property=\"product:retailer_item_id\" content=\"Glas080120-1160\" \/>\n<meta property=\"product:condition\" content=\"new\" \/>\n<!-- \/ Yoast SEO Premium plugin. -->","yoast_head_json":{"title":"Ter Halle Glasmalerei L\u00f6wenfamilie auf schwarzem Hintergrund 80x120cm - Eliassen.nl","description":"Glasgem\u00e4lde L\u00f6wenfamilie (80x120cm). Ein aussagekr\u00e4ftiges Portr\u00e4t auf schwarzem Hintergrund, gedruckt auf der R\u00fcckseite eines Glases. Sehen Sie sich das jetzt bei Eliassen an!","robots":{"index":"index","follow":"follow","max-snippet":"max-snippet:-1","max-image-preview":"max-image-preview:large","max-video-preview":"max-video-preview:-1"},"canonical":"https:\/\/www.eliassen.nl\/de\/glasmalerei-loewenfamilie-auf-schwarzem-hintergrund-80x120cm\/","og_locale":"de_DE","og_type":"article","og_title":"Ter Halle Glasmalerei L\u00f6wenfamilie auf schwarzem Hintergrund 80x120cm - Eliassen.nl","og_description":"Glasgem\u00e4lde L\u00f6wenfamilie (80x120cm). Ein aussagekr\u00e4ftiges Portr\u00e4t auf schwarzem Hintergrund, gedruckt auf der R\u00fcckseite eines Glases. Sehen Sie sich das jetzt bei Eliassen an!","og_url":"https:\/\/www.eliassen.nl\/de\/glasmalerei-loewenfamilie-auf-schwarzem-hintergrund-80x120cm\/","og_site_name":"Eliassen.nl","article_publisher":"https:\/\/www.facebook.com\/TuincentrumEliassenAmmerzoden","article_modified_time":"2026-02-06T09:02:04+00:00","og_image":[{"width":709,"height":1004,"url":"https:\/\/www.eliassen.nl\/wp-content\/uploads\/2026\/01\/glasschilderij-leeuwenfamilie-op-zwarte-achtergrond-Eliassen.nl_.jpg","type":"image\/jpeg"}],"twitter_card":"summary_large_image","schema":{"@context":"https:\/\/schema.org","@graph":[{"@type":"WebPage","@id":"https:\/\/www.eliassen.nl\/de\/glasmalerei-loewenfamilie-auf-schwarzem-hintergrund-80x120cm\/","url":"https:\/\/www.eliassen.nl\/de\/glasmalerei-loewenfamilie-auf-schwarzem-hintergrund-80x120cm\/","name":"Ter Halle Glasmalerei L\u00f6wenfamilie auf schwarzem Hintergrund 80x120cm - Eliassen.nl","isPartOf":{"@id":"https:\/\/www.eliassen.nl\/de\/#website"},"primaryImageOfPage":{"@id":"https:\/\/www.eliassen.nl\/de\/glasmalerei-loewenfamilie-auf-schwarzem-hintergrund-80x120cm\/#primaryimage"},"image":{"@id":"https:\/\/www.eliassen.nl\/de\/glasmalerei-loewenfamilie-auf-schwarzem-hintergrund-80x120cm\/#primaryimage"},"thumbnailUrl":"https:\/\/www.eliassen.nl\/wp-content\/uploads\/2026\/01\/glasschilderij-leeuwenfamilie-op-zwarte-achtergrond-Eliassen.nl_.jpg","datePublished":"2026-01-23T11:04:49+00:00","dateModified":"2026-02-06T09:02:04+00:00","description":"Glasgem\u00e4lde L\u00f6wenfamilie (80x120cm). Ein aussagekr\u00e4ftiges Portr\u00e4t auf schwarzem Hintergrund, gedruckt auf der R\u00fcckseite eines Glases. Sehen Sie sich das jetzt bei Eliassen an!","breadcrumb":{"@id":"https:\/\/www.eliassen.nl\/de\/glasmalerei-loewenfamilie-auf-schwarzem-hintergrund-80x120cm\/#breadcrumb"},"inLanguage":"de","potentialAction":[{"@type":"ReadAction","target":["https:\/\/www.eliassen.nl\/de\/glasmalerei-loewenfamilie-auf-schwarzem-hintergrund-80x120cm\/"]}]},{"@type":"ImageObject","inLanguage":"de","@id":"https:\/\/www.eliassen.nl\/de\/glasmalerei-loewenfamilie-auf-schwarzem-hintergrund-80x120cm\/#primaryimage","url":"https:\/\/www.eliassen.nl\/wp-content\/uploads\/2026\/01\/glasschilderij-leeuwenfamilie-op-zwarte-achtergrond-Eliassen.nl_.jpg","contentUrl":"https:\/\/www.eliassen.nl\/wp-content\/uploads\/2026\/01\/glasschilderij-leeuwenfamilie-op-zwarte-achtergrond-Eliassen.nl_.jpg","width":709,"height":1004,"caption":"Glasmalerei L\u00f6we Familie schwarzer Hintergrund - Eliassen.de"},{"@type":"BreadcrumbList","@id":"https:\/\/www.eliassen.nl\/de\/glasmalerei-loewenfamilie-auf-schwarzem-hintergrund-80x120cm\/#breadcrumb","itemListElement":[{"@type":"ListItem","position":1,"name":"Home","item":"https:\/\/www.eliassen.nl\/de\/"},{"@type":"ListItem","position":2,"name":"Shop","item":"https:\/\/www.eliassen.nl\/de\/shop\/"},{"@type":"ListItem","position":3,"name":"Glasmalereien","item":"https:\/\/www.eliassen.nl\/de\/gemaelde\/glasmalereien\/"},{"@type":"ListItem","position":4,"name":"Glasmalerei im Format 80x120cm","item":"https:\/\/www.eliassen.nl\/de\/gemaelde\/glasmalereien\/glasmalerei-im-format-80x120cm\/"},{"@type":"ListItem","position":5,"name":"Glasmalerei L\u00f6wenfamilie auf schwarzem Hintergrund 80x120cm"}]},{"@type":"WebSite","@id":"https:\/\/www.eliassen.nl\/de\/#website","url":"https:\/\/www.eliassen.nl\/de\/","name":"Eliassen Home & Garden Pleasure","description":"","publisher":{"@id":"https:\/\/www.eliassen.nl\/de\/#organization"},"alternateName":"Eliassen.nl","potentialAction":[{"@type":"SearchAction","target":{"@type":"EntryPoint","urlTemplate":"https:\/\/www.eliassen.nl\/de\/?s={search_term_string}"},"query-input":{"@type":"PropertyValueSpecification","valueRequired":true,"valueName":"search_term_string"}}],"inLanguage":"de"},{"@type":["Organization","Place"],"@id":"https:\/\/www.eliassen.nl\/de\/#organization","name":"Eliassen Home & Garden Pleasure","url":"https:\/\/www.eliassen.nl\/de\/","logo":{"@id":"https:\/\/www.eliassen.nl\/de\/glasmalerei-loewenfamilie-auf-schwarzem-hintergrund-80x120cm\/#local-main-organization-logo"},"image":{"@id":"https:\/\/www.eliassen.nl\/de\/glasmalerei-loewenfamilie-auf-schwarzem-hintergrund-80x120cm\/#local-main-organization-logo"},"sameAs":["https:\/\/www.facebook.com\/TuincentrumEliassenAmmerzoden","https:\/\/www.instagram.com\/eliassenhomeandgarden\/","https:\/\/nl.pinterest.com\/eliassenhomeandgarden\/","https:\/\/www.youtube.com\/@eliassenhomegardenpleasure4558"],"telephone":[],"openingHoursSpecification":[{"@type":"OpeningHoursSpecification","dayOfWeek":["Monday","Tuesday","Wednesday","Thursday","Friday","Saturday","Sunday"],"opens":"09:00","closes":"17:00"}]},{"@type":"ImageObject","inLanguage":"de","@id":"https:\/\/www.eliassen.nl\/de\/glasmalerei-loewenfamilie-auf-schwarzem-hintergrund-80x120cm\/#local-main-organization-logo","url":"https:\/\/www.eliassen.nl\/wp-content\/uploads\/2024\/01\/logo_4nd.jpg","contentUrl":"https:\/\/www.eliassen.nl\/wp-content\/uploads\/2024\/01\/logo_4nd.jpg","width":500,"height":500,"caption":"Eliassen Home & Garden Pleasure"}]},"product_price_amount":"149.00","product_price_currency":"EUR","og_availability":"instock","product_availability":"instock","product_retailer_item_id":"Glas080120-1160","product_condition":"new"},"df_price":149,"df_sale_price":"","df_regular_price":149,"df_image_link":"https:\/\/www.eliassen.nl\/wp-content\/uploads\/2026\/01\/glasschilderij-leeuwenfamilie-op-zwarte-achtergrond-Eliassen.nl_-212x300.jpg","image":"https:\/\/www.eliassen.nl\/wp-content\/uploads\/2026\/01\/glasschilderij-leeuwenfamilie-op-zwarte-achtergrond-Eliassen.nl_-150x150.jpg","price_search":"<span class=\"woocommerce-Price-amount amount\"><bdi><span class=\"woocommerce-Price-currencySymbol\">&euro;<\/span>&nbsp;149,00<\/bdi><\/span>","category":"Gem\u00e4lde","global_unique_id":"8714688621137","_links":{"self":[{"href":"https:\/\/www.eliassen.nl\/de\/wp-json\/wp\/v2\/product\/204487","targetHints":{"allow":["GET"]}}],"collection":[{"href":"https:\/\/www.eliassen.nl\/de\/wp-json\/wp\/v2\/product"}],"about":[{"href":"https:\/\/www.eliassen.nl\/de\/wp-json\/wp\/v2\/types\/product"}],"wp:featuredmedia":[{"embeddable":true,"href":"https:\/\/www.eliassen.nl\/de\/wp-json\/wp\/v2\/media\/204038"}],"wp:attachment":[{"href":"https:\/\/www.eliassen.nl\/de\/wp-json\/wp\/v2\/media?parent=204487"}],"wp:term":[{"taxonomy":"product_brand","embeddable":true,"href":"https:\/\/www.eliassen.nl\/de\/wp-json\/wp\/v2\/product_brand?post=204487"},{"taxonomy":"product_cat","embeddable":true,"href":"https:\/\/www.eliassen.nl\/de\/wp-json\/wp\/v2\/product_cat?post=204487"},{"taxonomy":"product_tag","embeddable":true,"href":"https:\/\/www.eliassen.nl\/de\/wp-json\/wp\/v2\/product_tag?post=204487"}],"curies":[{"name":"wp","href":"https:\/\/api.w.org\/{rel}","templated":true}]}}