{"id":204481,"date":"2026-01-23T11:57:54","date_gmt":"2026-01-23T10:57:54","guid":{"rendered":"https:\/\/www.eliassen.nl\/product\/glasgemaelde-atm-graffiti-80x80cm\/"},"modified":"2026-02-06T10:02:03","modified_gmt":"2026-02-06T09:02:03","slug":"glasgemaelde-atm-graffiti-80x80cm","status":"publish","type":"product","link":"https:\/\/www.eliassen.nl\/de\/glasgemaelde-atm-graffiti-80x80cm\/","title":{"rendered":"Glasgem\u00e4lde ATM Graffiti 80x80cm"},"content":{"rendered":"<p data-path-to-node=\"3\">Sind Sie auf der Suche nach einem robusten und modernen Blickfang, der Ihrer Einrichtung sofort einen modernen Look verleiht? Dieses auff\u00e4llige Glasgem\u00e4lde mit dem Titel &#8222;ATM Graffiti&#8220; ist ein perfektes Beispiel f\u00fcr moderne Stra\u00dfenkunst. Das Bild zeigt eine ikonische, cartoonartige Figur mit den charakteristischen Kreuzen als Augen, die einen Geldautomaten h\u00e4lt. Der dunkle Hintergrund bildet einen starken Kontrast zu den leuchtenden Graffiti-Elementen in Gelb, Blau, Gr\u00fcn und Pink, die von der Tafel zu spritzen scheinen. Die wei\u00dfen G\u00e4nsebl\u00fcmchen am unteren Rand verleihen dem Ganzen eine verspielte Note.<\/p>\n<p data-path-to-node=\"4\">Das Bild wird messerscharf auf die R\u00fcckseite des Glases gedruckt. Da sich der Druck auf der R\u00fcckseite des 4 mm dicken geh\u00e4rteten Glases befindet, ist die k\u00fcnstlerische Darstellung gesch\u00fctzt und die leuchtenden Neonfarben erhalten eine sch\u00f6ne Tiefe und einen sch\u00f6nen Glanz. Dieses quadratische Modell mit den Ma\u00dfen 80x80cm passt perfekt in ein modernes Interieur, das Zimmer eines Teenagers oder ein kreatives B\u00fcro.<\/p>\n<p data-path-to-node=\"5\"><b data-path-to-node=\"5\" data-index-in-node=\"0\">Warum sollten Sie sich f\u00fcr diese Glasmalerei bei Eliassen entscheiden?<\/b><\/p>\n<ul data-path-to-node=\"6\">\n<li>\n<p data-path-to-node=\"6,0,0\"><b data-path-to-node=\"6,0,0\" data-index-in-node=\"0\">Druck auf Hinterglas:<\/b> Diese Technik gew\u00e4hrleistet eine hohe Farbintensit\u00e4t, sch\u00fctzt das Bild und macht das Gem\u00e4lde leicht entfernbar.<\/p>\n<\/li>\n<li>\n<p data-path-to-node=\"6,1,0\"><b data-path-to-node=\"6,1,0\" data-index-in-node=\"0\">Modernes Statement:<\/b> Die Kombination aus Street Art und Elementen der Popkultur macht es zu einem echten Gespr\u00e4chsanlass.<\/p>\n<\/li>\n<li>\n<p data-path-to-node=\"6,2,0\"><b data-path-to-node=\"6,2,0\" data-index-in-node=\"0\">Einfache Montage:<\/b> Das Panel ist mit einem soliden Aufh\u00e4ngungssystem ausgestattet, mit dem Sie es fest und sicher an der Wand befestigen k\u00f6nnen.<\/p>\n<\/li>\n<\/ul>\n<p data-path-to-node=\"7\">M\u00f6chten Sie die Farben dieses Kunstwerks erst einmal in natura sehen? Sie sind herzlich eingeladen, unseren Ausstellungsraum in Ammerzoden zu besuchen, wo wir eine umfangreiche Kollektion moderner Glasgem\u00e4lde ausstellen.<\/p>\n","protected":false},"excerpt":{"rendered":"<p>Dieses 80x80cm gro\u00dfe quadratische Glasgem\u00e4lde bringt Street Art in Ihr Wohnzimmer. Es zeigt das Bild einer bekannten Pop-Art-Figur und bunte Graffiti-Akzente auf schwarzem Hintergrund. Das Bild wird in hoher Qualit\u00e4t auf die R\u00fcckseite des geh\u00e4rteten Glases gedruckt und sorgt f\u00fcr leuchtende Neonfarben, einen luxuri\u00f6sen Glanz und eine langlebige Oberfl\u00e4che. Ein k\u00fchnes und k\u00fcnstlerisches Statement, das perfekt in eine moderne oder industrielle Einrichtung passt.<\/p>\n","protected":false},"featured_media":204047,"template":"","meta":{"_acf_changed":false,"_genesis_title":"","_genesis_description":""},"product_brand":[6940],"product_cat":[410,452,443],"product_tag":[],"class_list":{"0":"post-204481","1":"product","2":"type-product","3":"status-publish","4":"has-post-thumbnail","6":"product_brand-ter-halle-de","7":"product_cat-gemaelde","8":"product_cat-glasmalerei-im-format-80x80cm","9":"product_cat-glasmalereien","11":"first","12":"instock","13":"taxable","14":"shipping-taxable","15":"purchasable","16":"product-type-simple"},"acf":[],"meta_all":{"cor_restricted_countries":[],"total_sales":"0"},"meta_all_flat":{"total_sales":"0"},"yoast_head":"<!-- This site is optimized with the Yoast SEO Premium plugin v26.2 (Yoast SEO v27.2) - https:\/\/yoast.com\/product\/yoast-seo-premium-wordpress\/ -->\n<title>Ter Halle Glasgem\u00e4lde ATM Graffiti 80x80cm - Eliassen.nl<\/title>\n<meta name=\"description\" content=\"Glasgem\u00e4lde ATM Graffiti (80x80cm). Harte Street Art mit leuchtenden Farben, auf die R\u00fcckseite von Glas gedruckt. Ein moderner Blickfang bei Eliassen!\" \/>\n<meta name=\"robots\" content=\"index, follow, max-snippet:-1, max-image-preview:large, max-video-preview:-1\" \/>\n<link rel=\"canonical\" href=\"https:\/\/www.eliassen.nl\/de\/glasgemaelde-atm-graffiti-80x80cm\/\" \/>\n<meta property=\"og:locale\" content=\"de_DE\" \/>\n<meta property=\"og:type\" content=\"article\" \/>\n<meta property=\"og:title\" content=\"Ter Halle Glasgem\u00e4lde ATM Graffiti 80x80cm - Eliassen.nl\" \/>\n<meta property=\"og:description\" content=\"Glasgem\u00e4lde ATM Graffiti (80x80cm). Harte Street Art mit leuchtenden Farben, auf die R\u00fcckseite von Glas gedruckt. Ein moderner Blickfang bei Eliassen!\" \/>\n<meta property=\"og:url\" content=\"https:\/\/www.eliassen.nl\/de\/glasgemaelde-atm-graffiti-80x80cm\/\" \/>\n<meta property=\"og:site_name\" content=\"Eliassen.nl\" \/>\n<meta property=\"article:publisher\" content=\"https:\/\/www.facebook.com\/TuincentrumEliassenAmmerzoden\" \/>\n<meta property=\"article:modified_time\" content=\"2026-02-06T09:02:03+00:00\" \/>\n<meta property=\"og:image\" content=\"https:\/\/www.eliassen.nl\/wp-content\/uploads\/2026\/01\/glasschilderij-ATM-graffiti-Eliassen.nl_.jpg\" \/>\n\t<meta property=\"og:image:width\" content=\"600\" \/>\n\t<meta property=\"og:image:height\" content=\"600\" \/>\n\t<meta property=\"og:image:type\" content=\"image\/jpeg\" \/>\n<meta name=\"twitter:card\" content=\"summary_large_image\" \/>\n<script type=\"application\/ld+json\" class=\"yoast-schema-graph\">{\"@context\":\"https:\/\/schema.org\",\"@graph\":[{\"@type\":\"WebPage\",\"@id\":\"https:\/\/www.eliassen.nl\/de\/glasgemaelde-atm-graffiti-80x80cm\/\",\"url\":\"https:\/\/www.eliassen.nl\/de\/glasgemaelde-atm-graffiti-80x80cm\/\",\"name\":\"Ter Halle Glasgem\u00e4lde ATM Graffiti 80x80cm - Eliassen.nl\",\"isPartOf\":{\"@id\":\"https:\/\/www.eliassen.nl\/de\/#website\"},\"primaryImageOfPage\":{\"@id\":\"https:\/\/www.eliassen.nl\/de\/glasgemaelde-atm-graffiti-80x80cm\/#primaryimage\"},\"image\":{\"@id\":\"https:\/\/www.eliassen.nl\/de\/glasgemaelde-atm-graffiti-80x80cm\/#primaryimage\"},\"thumbnailUrl\":\"https:\/\/www.eliassen.nl\/wp-content\/uploads\/2026\/01\/glasschilderij-ATM-graffiti-Eliassen.nl_.jpg\",\"datePublished\":\"2026-01-23T10:57:54+00:00\",\"dateModified\":\"2026-02-06T09:02:03+00:00\",\"description\":\"Glasgem\u00e4lde ATM Graffiti (80x80cm). Harte Street Art mit leuchtenden Farben, auf die R\u00fcckseite von Glas gedruckt. Ein moderner Blickfang bei Eliassen!\",\"breadcrumb\":{\"@id\":\"https:\/\/www.eliassen.nl\/de\/glasgemaelde-atm-graffiti-80x80cm\/#breadcrumb\"},\"inLanguage\":\"de\",\"potentialAction\":[{\"@type\":\"ReadAction\",\"target\":[\"https:\/\/www.eliassen.nl\/de\/glasgemaelde-atm-graffiti-80x80cm\/\"]}]},{\"@type\":\"ImageObject\",\"inLanguage\":\"de\",\"@id\":\"https:\/\/www.eliassen.nl\/de\/glasgemaelde-atm-graffiti-80x80cm\/#primaryimage\",\"url\":\"https:\/\/www.eliassen.nl\/wp-content\/uploads\/2026\/01\/glasschilderij-ATM-graffiti-Eliassen.nl_.jpg\",\"contentUrl\":\"https:\/\/www.eliassen.nl\/wp-content\/uploads\/2026\/01\/glasschilderij-ATM-graffiti-Eliassen.nl_.jpg\",\"width\":600,\"height\":600,\"caption\":\"Glasmalerei ATM Graffiti - Eliassen.nl\"},{\"@type\":\"BreadcrumbList\",\"@id\":\"https:\/\/www.eliassen.nl\/de\/glasgemaelde-atm-graffiti-80x80cm\/#breadcrumb\",\"itemListElement\":[{\"@type\":\"ListItem\",\"position\":1,\"name\":\"Home\",\"item\":\"https:\/\/www.eliassen.nl\/de\/\"},{\"@type\":\"ListItem\",\"position\":2,\"name\":\"Shop\",\"item\":\"https:\/\/www.eliassen.nl\/de\/shop\/\"},{\"@type\":\"ListItem\",\"position\":3,\"name\":\"Glasmalereien\",\"item\":\"https:\/\/www.eliassen.nl\/de\/gemaelde\/glasmalereien\/\"},{\"@type\":\"ListItem\",\"position\":4,\"name\":\"Glasgem\u00e4lde ATM Graffiti 80x80cm\"}]},{\"@type\":\"WebSite\",\"@id\":\"https:\/\/www.eliassen.nl\/de\/#website\",\"url\":\"https:\/\/www.eliassen.nl\/de\/\",\"name\":\"Eliassen Home & Garden Pleasure\",\"description\":\"\",\"publisher\":{\"@id\":\"https:\/\/www.eliassen.nl\/de\/#organization\"},\"alternateName\":\"Eliassen.nl\",\"potentialAction\":[{\"@type\":\"SearchAction\",\"target\":{\"@type\":\"EntryPoint\",\"urlTemplate\":\"https:\/\/www.eliassen.nl\/de\/?s={search_term_string}\"},\"query-input\":{\"@type\":\"PropertyValueSpecification\",\"valueRequired\":true,\"valueName\":\"search_term_string\"}}],\"inLanguage\":\"de\"},{\"@type\":[\"Organization\",\"Place\"],\"@id\":\"https:\/\/www.eliassen.nl\/de\/#organization\",\"name\":\"Eliassen Home & Garden Pleasure\",\"url\":\"https:\/\/www.eliassen.nl\/de\/\",\"logo\":{\"@id\":\"https:\/\/www.eliassen.nl\/de\/glasgemaelde-atm-graffiti-80x80cm\/#local-main-organization-logo\"},\"image\":{\"@id\":\"https:\/\/www.eliassen.nl\/de\/glasgemaelde-atm-graffiti-80x80cm\/#local-main-organization-logo\"},\"sameAs\":[\"https:\/\/www.facebook.com\/TuincentrumEliassenAmmerzoden\",\"https:\/\/www.instagram.com\/eliassenhomeandgarden\/\",\"https:\/\/nl.pinterest.com\/eliassenhomeandgarden\/\",\"https:\/\/www.youtube.com\/@eliassenhomegardenpleasure4558\"],\"telephone\":[],\"openingHoursSpecification\":[{\"@type\":\"OpeningHoursSpecification\",\"dayOfWeek\":[\"Monday\",\"Tuesday\",\"Wednesday\",\"Thursday\",\"Friday\",\"Saturday\",\"Sunday\"],\"opens\":\"09:00\",\"closes\":\"17:00\"}]},{\"@type\":\"ImageObject\",\"inLanguage\":\"de\",\"@id\":\"https:\/\/www.eliassen.nl\/de\/glasgemaelde-atm-graffiti-80x80cm\/#local-main-organization-logo\",\"url\":\"https:\/\/www.eliassen.nl\/wp-content\/uploads\/2024\/01\/logo_4nd.jpg\",\"contentUrl\":\"https:\/\/www.eliassen.nl\/wp-content\/uploads\/2024\/01\/logo_4nd.jpg\",\"width\":500,\"height\":500,\"caption\":\"Eliassen Home & Garden Pleasure\"}]}<\/script>\n<meta property=\"product:price:amount\" content=\"109.00\" \/>\n<meta property=\"product:price:currency\" content=\"EUR\" \/>\n<meta property=\"og:availability\" content=\"instock\" \/>\n<meta property=\"product:availability\" content=\"instock\" \/>\n<meta property=\"product:retailer_item_id\" content=\"Glas080080-239\" \/>\n<meta property=\"product:condition\" content=\"new\" \/>\n<!-- \/ Yoast SEO Premium plugin. -->","yoast_head_json":{"title":"Ter Halle Glasgem\u00e4lde ATM Graffiti 80x80cm - Eliassen.nl","description":"Glasgem\u00e4lde ATM Graffiti (80x80cm). Harte Street Art mit leuchtenden Farben, auf die R\u00fcckseite von Glas gedruckt. Ein moderner Blickfang bei Eliassen!","robots":{"index":"index","follow":"follow","max-snippet":"max-snippet:-1","max-image-preview":"max-image-preview:large","max-video-preview":"max-video-preview:-1"},"canonical":"https:\/\/www.eliassen.nl\/de\/glasgemaelde-atm-graffiti-80x80cm\/","og_locale":"de_DE","og_type":"article","og_title":"Ter Halle Glasgem\u00e4lde ATM Graffiti 80x80cm - Eliassen.nl","og_description":"Glasgem\u00e4lde ATM Graffiti (80x80cm). Harte Street Art mit leuchtenden Farben, auf die R\u00fcckseite von Glas gedruckt. Ein moderner Blickfang bei Eliassen!","og_url":"https:\/\/www.eliassen.nl\/de\/glasgemaelde-atm-graffiti-80x80cm\/","og_site_name":"Eliassen.nl","article_publisher":"https:\/\/www.facebook.com\/TuincentrumEliassenAmmerzoden","article_modified_time":"2026-02-06T09:02:03+00:00","og_image":[{"width":600,"height":600,"url":"https:\/\/www.eliassen.nl\/wp-content\/uploads\/2026\/01\/glasschilderij-ATM-graffiti-Eliassen.nl_.jpg","type":"image\/jpeg"}],"twitter_card":"summary_large_image","schema":{"@context":"https:\/\/schema.org","@graph":[{"@type":"WebPage","@id":"https:\/\/www.eliassen.nl\/de\/glasgemaelde-atm-graffiti-80x80cm\/","url":"https:\/\/www.eliassen.nl\/de\/glasgemaelde-atm-graffiti-80x80cm\/","name":"Ter Halle Glasgem\u00e4lde ATM Graffiti 80x80cm - Eliassen.nl","isPartOf":{"@id":"https:\/\/www.eliassen.nl\/de\/#website"},"primaryImageOfPage":{"@id":"https:\/\/www.eliassen.nl\/de\/glasgemaelde-atm-graffiti-80x80cm\/#primaryimage"},"image":{"@id":"https:\/\/www.eliassen.nl\/de\/glasgemaelde-atm-graffiti-80x80cm\/#primaryimage"},"thumbnailUrl":"https:\/\/www.eliassen.nl\/wp-content\/uploads\/2026\/01\/glasschilderij-ATM-graffiti-Eliassen.nl_.jpg","datePublished":"2026-01-23T10:57:54+00:00","dateModified":"2026-02-06T09:02:03+00:00","description":"Glasgem\u00e4lde ATM Graffiti (80x80cm). Harte Street Art mit leuchtenden Farben, auf die R\u00fcckseite von Glas gedruckt. Ein moderner Blickfang bei Eliassen!","breadcrumb":{"@id":"https:\/\/www.eliassen.nl\/de\/glasgemaelde-atm-graffiti-80x80cm\/#breadcrumb"},"inLanguage":"de","potentialAction":[{"@type":"ReadAction","target":["https:\/\/www.eliassen.nl\/de\/glasgemaelde-atm-graffiti-80x80cm\/"]}]},{"@type":"ImageObject","inLanguage":"de","@id":"https:\/\/www.eliassen.nl\/de\/glasgemaelde-atm-graffiti-80x80cm\/#primaryimage","url":"https:\/\/www.eliassen.nl\/wp-content\/uploads\/2026\/01\/glasschilderij-ATM-graffiti-Eliassen.nl_.jpg","contentUrl":"https:\/\/www.eliassen.nl\/wp-content\/uploads\/2026\/01\/glasschilderij-ATM-graffiti-Eliassen.nl_.jpg","width":600,"height":600,"caption":"Glasmalerei ATM Graffiti - Eliassen.nl"},{"@type":"BreadcrumbList","@id":"https:\/\/www.eliassen.nl\/de\/glasgemaelde-atm-graffiti-80x80cm\/#breadcrumb","itemListElement":[{"@type":"ListItem","position":1,"name":"Home","item":"https:\/\/www.eliassen.nl\/de\/"},{"@type":"ListItem","position":2,"name":"Shop","item":"https:\/\/www.eliassen.nl\/de\/shop\/"},{"@type":"ListItem","position":3,"name":"Glasmalereien","item":"https:\/\/www.eliassen.nl\/de\/gemaelde\/glasmalereien\/"},{"@type":"ListItem","position":4,"name":"Glasgem\u00e4lde ATM Graffiti 80x80cm"}]},{"@type":"WebSite","@id":"https:\/\/www.eliassen.nl\/de\/#website","url":"https:\/\/www.eliassen.nl\/de\/","name":"Eliassen Home & Garden Pleasure","description":"","publisher":{"@id":"https:\/\/www.eliassen.nl\/de\/#organization"},"alternateName":"Eliassen.nl","potentialAction":[{"@type":"SearchAction","target":{"@type":"EntryPoint","urlTemplate":"https:\/\/www.eliassen.nl\/de\/?s={search_term_string}"},"query-input":{"@type":"PropertyValueSpecification","valueRequired":true,"valueName":"search_term_string"}}],"inLanguage":"de"},{"@type":["Organization","Place"],"@id":"https:\/\/www.eliassen.nl\/de\/#organization","name":"Eliassen Home & Garden Pleasure","url":"https:\/\/www.eliassen.nl\/de\/","logo":{"@id":"https:\/\/www.eliassen.nl\/de\/glasgemaelde-atm-graffiti-80x80cm\/#local-main-organization-logo"},"image":{"@id":"https:\/\/www.eliassen.nl\/de\/glasgemaelde-atm-graffiti-80x80cm\/#local-main-organization-logo"},"sameAs":["https:\/\/www.facebook.com\/TuincentrumEliassenAmmerzoden","https:\/\/www.instagram.com\/eliassenhomeandgarden\/","https:\/\/nl.pinterest.com\/eliassenhomeandgarden\/","https:\/\/www.youtube.com\/@eliassenhomegardenpleasure4558"],"telephone":[],"openingHoursSpecification":[{"@type":"OpeningHoursSpecification","dayOfWeek":["Monday","Tuesday","Wednesday","Thursday","Friday","Saturday","Sunday"],"opens":"09:00","closes":"17:00"}]},{"@type":"ImageObject","inLanguage":"de","@id":"https:\/\/www.eliassen.nl\/de\/glasgemaelde-atm-graffiti-80x80cm\/#local-main-organization-logo","url":"https:\/\/www.eliassen.nl\/wp-content\/uploads\/2024\/01\/logo_4nd.jpg","contentUrl":"https:\/\/www.eliassen.nl\/wp-content\/uploads\/2024\/01\/logo_4nd.jpg","width":500,"height":500,"caption":"Eliassen Home & Garden Pleasure"}]},"product_price_amount":"109.00","product_price_currency":"EUR","og_availability":"instock","product_availability":"instock","product_retailer_item_id":"Glas080080-239","product_condition":"new"},"df_price":109,"df_sale_price":"","df_regular_price":109,"df_image_link":"https:\/\/www.eliassen.nl\/wp-content\/uploads\/2026\/01\/glasschilderij-ATM-graffiti-Eliassen.nl_-300x300.jpg","image":"https:\/\/www.eliassen.nl\/wp-content\/uploads\/2026\/01\/glasschilderij-ATM-graffiti-Eliassen.nl_-150x150.jpg","price_search":"<span class=\"woocommerce-Price-amount amount\"><bdi><span class=\"woocommerce-Price-currencySymbol\">&euro;<\/span>&nbsp;109,00<\/bdi><\/span>","category":"Gem\u00e4lde","global_unique_id":"8714688617239","_links":{"self":[{"href":"https:\/\/www.eliassen.nl\/de\/wp-json\/wp\/v2\/product\/204481","targetHints":{"allow":["GET"]}}],"collection":[{"href":"https:\/\/www.eliassen.nl\/de\/wp-json\/wp\/v2\/product"}],"about":[{"href":"https:\/\/www.eliassen.nl\/de\/wp-json\/wp\/v2\/types\/product"}],"wp:featuredmedia":[{"embeddable":true,"href":"https:\/\/www.eliassen.nl\/de\/wp-json\/wp\/v2\/media\/204047"}],"wp:attachment":[{"href":"https:\/\/www.eliassen.nl\/de\/wp-json\/wp\/v2\/media?parent=204481"}],"wp:term":[{"taxonomy":"product_brand","embeddable":true,"href":"https:\/\/www.eliassen.nl\/de\/wp-json\/wp\/v2\/product_brand?post=204481"},{"taxonomy":"product_cat","embeddable":true,"href":"https:\/\/www.eliassen.nl\/de\/wp-json\/wp\/v2\/product_cat?post=204481"},{"taxonomy":"product_tag","embeddable":true,"href":"https:\/\/www.eliassen.nl\/de\/wp-json\/wp\/v2\/product_tag?post=204481"}],"curies":[{"name":"wp","href":"https:\/\/api.w.org\/{rel}","templated":true}]}}