{"id":204478,"date":"2026-01-23T11:55:44","date_gmt":"2026-01-23T10:55:44","guid":{"rendered":"https:\/\/www.eliassen.nl\/product\/glasgemaelde-palace-hall-120x80cm\/"},"modified":"2026-02-06T10:02:02","modified_gmt":"2026-02-06T09:02:02","slug":"glasgemaelde-palace-hall-120x80cm","status":"publish","type":"product","link":"https:\/\/www.eliassen.nl\/de\/glasgemaelde-palace-hall-120x80cm\/","title":{"rendered":"Glasgem\u00e4lde Palace Hall 120x80cm"},"content":{"rendered":"<p data-path-to-node=\"3\">M\u00f6chten Sie Ihrem Zuhause ein Gef\u00fchl von nie dagewesenem Raum und Luxus verleihen? Dieses imposante Glasgem\u00e4lde mit dem Titel &#8222;Palace Hall&#8220; bietet einen faszinierenden Einblick in einen atemberaubenden architektonischen Raum. Das Bild zeigt einen majest\u00e4tischen Korridor eines orientalischen Palastes oder einer Moschee, der durch hohe wei\u00dfe S\u00e4ulen mit goldenen Kapitellen und zarten Schnitzereien in den B\u00f6gen gekennzeichnet ist. Die riesigen Kristallkronleuchter und das Licht, das am Ende der Halle hereinstr\u00f6mt, erzeugen eine enorme Tiefenwirkung. Der reichhaltig mit Rot und Gold verzierte Teppich bildet einen sch\u00f6nen warmen Kontrast zu den hellen, wei\u00dfen Marmorelementen.<\/p>\n<p data-path-to-node=\"4\">Das Bild wird messerscharf auf die R\u00fcckseite des Glases gedruckt. Da der Druck auf die R\u00fcckseite des 4 mm dicken geh\u00e4rteten Glases aufgebracht wird, ist das Bild gesch\u00fctzt und erh\u00e4lt eine brillante Tiefe und einen Glanz, der die r\u00e4umliche Wirkung verst\u00e4rkt. Dieses Liegemodell mit den Ma\u00dfen 120x80cm ist ideal, um einen kleinen Raum optisch gr\u00f6\u00dfer erscheinen zu lassen, aber auch als Blickfang in einem ger\u00e4umigen Wohnzimmer oder Flur w\u00e4re es sicher nicht fehl am Platz.<\/p>\n<p data-path-to-node=\"5\"><b data-path-to-node=\"5\" data-index-in-node=\"0\">Warum sollten Sie sich f\u00fcr diese Glasmalerei bei Eliassen entscheiden?<\/b><\/p>\n<ul data-path-to-node=\"6\">\n<li>\n<p data-path-to-node=\"6,0,0\"><b data-path-to-node=\"6,0,0\" data-index-in-node=\"0\">Druck auf der R\u00fcckseite des Glases:<\/b> Diese Technik garantiert leuchtende Farben, sch\u00fctzt das Bild und macht das Glas leicht zu reinigen.<\/p>\n<\/li>\n<li>\n<p data-path-to-node=\"6,1,0\"><b data-path-to-node=\"6,1,0\" data-index-in-node=\"0\">R\u00e4umliche Wirkung:<\/b> Die starke Perspektive des Bildes schafft visuell mehr Tiefe in Ihrem Raum.<\/p>\n<\/li>\n<li>\n<p data-path-to-node=\"6,2,0\"><b data-path-to-node=\"6,2,0\" data-index-in-node=\"0\">Einfache Montage:<\/b> Das Panel wird mit stabilen Aufh\u00e4ngeb\u00fcgeln f\u00fcr eine sichere und feste Montage geliefert.<\/p>\n<\/li>\n<\/ul>\n<p data-path-to-node=\"7\">M\u00f6chten Sie die Gro\u00dfartigkeit dieses Gem\u00e4ldes selbst erleben? Dann besuchen Sie unseren Ausstellungsraum in Ammerzoden. Wir haben viele Wanddekorationen aufgeh\u00e4ngt, damit Sie selbst sehen k\u00f6nnen, wie dieses Kunstwerk Ihre Einrichtung bereichern kann.<\/p>\n","protected":false},"excerpt":{"rendered":"<p>Dieses beeindruckende 120x80cm gro\u00dfe Glasgem\u00e4lde zeigt einen majest\u00e4tischen Palastsaal mit wei\u00dfen S\u00e4ulen, goldenen Details und Kristalll\u00fcstern, die eine enorme Tiefenwirkung erzeugen. Das Bild wird in hoher Qualit\u00e4t auf die R\u00fcckseite des geh\u00e4rteten Glases gedruckt und bringt die warmen Farben des Teppichs und die helle Architektur wundersch\u00f6n zur Geltung. Eine luxuri\u00f6se Wanddekoration, die Ihrer Einrichtung sofort ein Gef\u00fchl von Raum und Eleganz verleiht.<\/p>\n","protected":false},"featured_media":204050,"template":"","meta":{"_acf_changed":false,"_genesis_title":"","_genesis_description":""},"product_brand":[6940],"product_cat":[410,455,443],"product_tag":[],"class_list":{"0":"post-204478","1":"product","2":"type-product","3":"status-publish","4":"has-post-thumbnail","6":"product_brand-ter-halle-de","7":"product_cat-gemaelde","8":"product_cat-glasmalerei-im-format-80x120cm","9":"product_cat-glasmalereien","11":"first","12":"instock","13":"taxable","14":"shipping-taxable","15":"purchasable","16":"product-type-simple"},"acf":[],"meta_all":{"cor_restricted_countries":[],"total_sales":"0"},"meta_all_flat":{"total_sales":"0"},"yoast_head":"<!-- This site is optimized with the Yoast SEO Premium plugin v26.2 (Yoast SEO v27.2) - https:\/\/yoast.com\/product\/yoast-seo-premium-wordpress\/ -->\n<title>Ter Halle Glasgem\u00e4lde Palace Hall 120x80cm - Eliassen.nl<\/title>\n<meta name=\"description\" content=\"Glasgem\u00e4lde Palace Hall (120x80cm). Eine majest\u00e4tische Halle mit goldenen Akzenten, die auf die R\u00fcckseite des Glases gedruckt sind. Schaffen Sie Tiefe und Luxus in Ihrem Zuhause. Eliases!\" \/>\n<meta name=\"robots\" content=\"index, follow, max-snippet:-1, max-image-preview:large, max-video-preview:-1\" \/>\n<link rel=\"canonical\" href=\"https:\/\/www.eliassen.nl\/de\/glasgemaelde-palace-hall-120x80cm\/\" \/>\n<meta property=\"og:locale\" content=\"de_DE\" \/>\n<meta property=\"og:type\" content=\"article\" \/>\n<meta property=\"og:title\" content=\"Ter Halle Glasgem\u00e4lde Palace Hall 120x80cm - Eliassen.nl\" \/>\n<meta property=\"og:description\" content=\"Glasgem\u00e4lde Palace Hall (120x80cm). Eine majest\u00e4tische Halle mit goldenen Akzenten, die auf die R\u00fcckseite des Glases gedruckt sind. Schaffen Sie Tiefe und Luxus in Ihrem Zuhause. Eliases!\" \/>\n<meta property=\"og:url\" content=\"https:\/\/www.eliassen.nl\/de\/glasgemaelde-palace-hall-120x80cm\/\" \/>\n<meta property=\"og:site_name\" content=\"Eliassen.nl\" \/>\n<meta property=\"article:publisher\" content=\"https:\/\/www.facebook.com\/TuincentrumEliassenAmmerzoden\" \/>\n<meta property=\"article:modified_time\" content=\"2026-02-06T09:02:02+00:00\" \/>\n<meta property=\"og:image\" content=\"https:\/\/www.eliassen.nl\/wp-content\/uploads\/2026\/01\/Glasschilderij-paleishal-Eliassen.nl_.jpg\" \/>\n\t<meta property=\"og:image:width\" content=\"1152\" \/>\n\t<meta property=\"og:image:height\" content=\"768\" \/>\n\t<meta property=\"og:image:type\" content=\"image\/jpeg\" \/>\n<meta name=\"twitter:card\" content=\"summary_large_image\" \/>\n<script type=\"application\/ld+json\" class=\"yoast-schema-graph\">{\"@context\":\"https:\/\/schema.org\",\"@graph\":[{\"@type\":\"WebPage\",\"@id\":\"https:\/\/www.eliassen.nl\/de\/glasgemaelde-palace-hall-120x80cm\/\",\"url\":\"https:\/\/www.eliassen.nl\/de\/glasgemaelde-palace-hall-120x80cm\/\",\"name\":\"Ter Halle Glasgem\u00e4lde Palace Hall 120x80cm - Eliassen.nl\",\"isPartOf\":{\"@id\":\"https:\/\/www.eliassen.nl\/de\/#website\"},\"primaryImageOfPage\":{\"@id\":\"https:\/\/www.eliassen.nl\/de\/glasgemaelde-palace-hall-120x80cm\/#primaryimage\"},\"image\":{\"@id\":\"https:\/\/www.eliassen.nl\/de\/glasgemaelde-palace-hall-120x80cm\/#primaryimage\"},\"thumbnailUrl\":\"https:\/\/www.eliassen.nl\/wp-content\/uploads\/2026\/01\/Glasschilderij-paleishal-Eliassen.nl_.jpg\",\"datePublished\":\"2026-01-23T10:55:44+00:00\",\"dateModified\":\"2026-02-06T09:02:02+00:00\",\"description\":\"Glasgem\u00e4lde Palace Hall (120x80cm). Eine majest\u00e4tische Halle mit goldenen Akzenten, die auf die R\u00fcckseite des Glases gedruckt sind. Schaffen Sie Tiefe und Luxus in Ihrem Zuhause. Eliases!\",\"breadcrumb\":{\"@id\":\"https:\/\/www.eliassen.nl\/de\/glasgemaelde-palace-hall-120x80cm\/#breadcrumb\"},\"inLanguage\":\"de\",\"potentialAction\":[{\"@type\":\"ReadAction\",\"target\":[\"https:\/\/www.eliassen.nl\/de\/glasgemaelde-palace-hall-120x80cm\/\"]}]},{\"@type\":\"ImageObject\",\"inLanguage\":\"de\",\"@id\":\"https:\/\/www.eliassen.nl\/de\/glasgemaelde-palace-hall-120x80cm\/#primaryimage\",\"url\":\"https:\/\/www.eliassen.nl\/wp-content\/uploads\/2026\/01\/Glasschilderij-paleishal-Eliassen.nl_.jpg\",\"contentUrl\":\"https:\/\/www.eliassen.nl\/wp-content\/uploads\/2026\/01\/Glasschilderij-paleishal-Eliassen.nl_.jpg\",\"width\":1152,\"height\":768,\"caption\":\"Glasmalerei Palastsaal - Eliassen.de\"},{\"@type\":\"BreadcrumbList\",\"@id\":\"https:\/\/www.eliassen.nl\/de\/glasgemaelde-palace-hall-120x80cm\/#breadcrumb\",\"itemListElement\":[{\"@type\":\"ListItem\",\"position\":1,\"name\":\"Home\",\"item\":\"https:\/\/www.eliassen.nl\/de\/\"},{\"@type\":\"ListItem\",\"position\":2,\"name\":\"Shop\",\"item\":\"https:\/\/www.eliassen.nl\/de\/shop\/\"},{\"@type\":\"ListItem\",\"position\":3,\"name\":\"Glasmalereien\",\"item\":\"https:\/\/www.eliassen.nl\/de\/gemaelde\/glasmalereien\/\"},{\"@type\":\"ListItem\",\"position\":4,\"name\":\"Glasgem\u00e4lde Palace Hall 120x80cm\"}]},{\"@type\":\"WebSite\",\"@id\":\"https:\/\/www.eliassen.nl\/de\/#website\",\"url\":\"https:\/\/www.eliassen.nl\/de\/\",\"name\":\"Eliassen Home & Garden Pleasure\",\"description\":\"\",\"publisher\":{\"@id\":\"https:\/\/www.eliassen.nl\/de\/#organization\"},\"alternateName\":\"Eliassen.nl\",\"potentialAction\":[{\"@type\":\"SearchAction\",\"target\":{\"@type\":\"EntryPoint\",\"urlTemplate\":\"https:\/\/www.eliassen.nl\/de\/?s={search_term_string}\"},\"query-input\":{\"@type\":\"PropertyValueSpecification\",\"valueRequired\":true,\"valueName\":\"search_term_string\"}}],\"inLanguage\":\"de\"},{\"@type\":[\"Organization\",\"Place\"],\"@id\":\"https:\/\/www.eliassen.nl\/de\/#organization\",\"name\":\"Eliassen Home & Garden Pleasure\",\"url\":\"https:\/\/www.eliassen.nl\/de\/\",\"logo\":{\"@id\":\"https:\/\/www.eliassen.nl\/de\/glasgemaelde-palace-hall-120x80cm\/#local-main-organization-logo\"},\"image\":{\"@id\":\"https:\/\/www.eliassen.nl\/de\/glasgemaelde-palace-hall-120x80cm\/#local-main-organization-logo\"},\"sameAs\":[\"https:\/\/www.facebook.com\/TuincentrumEliassenAmmerzoden\",\"https:\/\/www.instagram.com\/eliassenhomeandgarden\/\",\"https:\/\/nl.pinterest.com\/eliassenhomeandgarden\/\",\"https:\/\/www.youtube.com\/@eliassenhomegardenpleasure4558\"],\"telephone\":[],\"openingHoursSpecification\":[{\"@type\":\"OpeningHoursSpecification\",\"dayOfWeek\":[\"Monday\",\"Tuesday\",\"Wednesday\",\"Thursday\",\"Friday\",\"Saturday\",\"Sunday\"],\"opens\":\"09:00\",\"closes\":\"17:00\"}]},{\"@type\":\"ImageObject\",\"inLanguage\":\"de\",\"@id\":\"https:\/\/www.eliassen.nl\/de\/glasgemaelde-palace-hall-120x80cm\/#local-main-organization-logo\",\"url\":\"https:\/\/www.eliassen.nl\/wp-content\/uploads\/2024\/01\/logo_4nd.jpg\",\"contentUrl\":\"https:\/\/www.eliassen.nl\/wp-content\/uploads\/2024\/01\/logo_4nd.jpg\",\"width\":500,\"height\":500,\"caption\":\"Eliassen Home & Garden Pleasure\"}]}<\/script>\n<meta property=\"product:price:amount\" content=\"149.00\" \/>\n<meta property=\"product:price:currency\" content=\"EUR\" \/>\n<meta property=\"og:availability\" content=\"instock\" \/>\n<meta property=\"product:availability\" content=\"instock\" \/>\n<meta property=\"product:retailer_item_id\" content=\"Glas080120-1153\" \/>\n<meta property=\"product:condition\" content=\"new\" \/>\n<!-- \/ Yoast SEO Premium plugin. -->","yoast_head_json":{"title":"Ter Halle Glasgem\u00e4lde Palace Hall 120x80cm - Eliassen.nl","description":"Glasgem\u00e4lde Palace Hall (120x80cm). Eine majest\u00e4tische Halle mit goldenen Akzenten, die auf die R\u00fcckseite des Glases gedruckt sind. Schaffen Sie Tiefe und Luxus in Ihrem Zuhause. Eliases!","robots":{"index":"index","follow":"follow","max-snippet":"max-snippet:-1","max-image-preview":"max-image-preview:large","max-video-preview":"max-video-preview:-1"},"canonical":"https:\/\/www.eliassen.nl\/de\/glasgemaelde-palace-hall-120x80cm\/","og_locale":"de_DE","og_type":"article","og_title":"Ter Halle Glasgem\u00e4lde Palace Hall 120x80cm - Eliassen.nl","og_description":"Glasgem\u00e4lde Palace Hall (120x80cm). Eine majest\u00e4tische Halle mit goldenen Akzenten, die auf die R\u00fcckseite des Glases gedruckt sind. Schaffen Sie Tiefe und Luxus in Ihrem Zuhause. Eliases!","og_url":"https:\/\/www.eliassen.nl\/de\/glasgemaelde-palace-hall-120x80cm\/","og_site_name":"Eliassen.nl","article_publisher":"https:\/\/www.facebook.com\/TuincentrumEliassenAmmerzoden","article_modified_time":"2026-02-06T09:02:02+00:00","og_image":[{"width":1152,"height":768,"url":"https:\/\/www.eliassen.nl\/wp-content\/uploads\/2026\/01\/Glasschilderij-paleishal-Eliassen.nl_.jpg","type":"image\/jpeg"}],"twitter_card":"summary_large_image","schema":{"@context":"https:\/\/schema.org","@graph":[{"@type":"WebPage","@id":"https:\/\/www.eliassen.nl\/de\/glasgemaelde-palace-hall-120x80cm\/","url":"https:\/\/www.eliassen.nl\/de\/glasgemaelde-palace-hall-120x80cm\/","name":"Ter Halle Glasgem\u00e4lde Palace Hall 120x80cm - Eliassen.nl","isPartOf":{"@id":"https:\/\/www.eliassen.nl\/de\/#website"},"primaryImageOfPage":{"@id":"https:\/\/www.eliassen.nl\/de\/glasgemaelde-palace-hall-120x80cm\/#primaryimage"},"image":{"@id":"https:\/\/www.eliassen.nl\/de\/glasgemaelde-palace-hall-120x80cm\/#primaryimage"},"thumbnailUrl":"https:\/\/www.eliassen.nl\/wp-content\/uploads\/2026\/01\/Glasschilderij-paleishal-Eliassen.nl_.jpg","datePublished":"2026-01-23T10:55:44+00:00","dateModified":"2026-02-06T09:02:02+00:00","description":"Glasgem\u00e4lde Palace Hall (120x80cm). Eine majest\u00e4tische Halle mit goldenen Akzenten, die auf die R\u00fcckseite des Glases gedruckt sind. Schaffen Sie Tiefe und Luxus in Ihrem Zuhause. Eliases!","breadcrumb":{"@id":"https:\/\/www.eliassen.nl\/de\/glasgemaelde-palace-hall-120x80cm\/#breadcrumb"},"inLanguage":"de","potentialAction":[{"@type":"ReadAction","target":["https:\/\/www.eliassen.nl\/de\/glasgemaelde-palace-hall-120x80cm\/"]}]},{"@type":"ImageObject","inLanguage":"de","@id":"https:\/\/www.eliassen.nl\/de\/glasgemaelde-palace-hall-120x80cm\/#primaryimage","url":"https:\/\/www.eliassen.nl\/wp-content\/uploads\/2026\/01\/Glasschilderij-paleishal-Eliassen.nl_.jpg","contentUrl":"https:\/\/www.eliassen.nl\/wp-content\/uploads\/2026\/01\/Glasschilderij-paleishal-Eliassen.nl_.jpg","width":1152,"height":768,"caption":"Glasmalerei Palastsaal - Eliassen.de"},{"@type":"BreadcrumbList","@id":"https:\/\/www.eliassen.nl\/de\/glasgemaelde-palace-hall-120x80cm\/#breadcrumb","itemListElement":[{"@type":"ListItem","position":1,"name":"Home","item":"https:\/\/www.eliassen.nl\/de\/"},{"@type":"ListItem","position":2,"name":"Shop","item":"https:\/\/www.eliassen.nl\/de\/shop\/"},{"@type":"ListItem","position":3,"name":"Glasmalereien","item":"https:\/\/www.eliassen.nl\/de\/gemaelde\/glasmalereien\/"},{"@type":"ListItem","position":4,"name":"Glasgem\u00e4lde Palace Hall 120x80cm"}]},{"@type":"WebSite","@id":"https:\/\/www.eliassen.nl\/de\/#website","url":"https:\/\/www.eliassen.nl\/de\/","name":"Eliassen Home & Garden Pleasure","description":"","publisher":{"@id":"https:\/\/www.eliassen.nl\/de\/#organization"},"alternateName":"Eliassen.nl","potentialAction":[{"@type":"SearchAction","target":{"@type":"EntryPoint","urlTemplate":"https:\/\/www.eliassen.nl\/de\/?s={search_term_string}"},"query-input":{"@type":"PropertyValueSpecification","valueRequired":true,"valueName":"search_term_string"}}],"inLanguage":"de"},{"@type":["Organization","Place"],"@id":"https:\/\/www.eliassen.nl\/de\/#organization","name":"Eliassen Home & Garden Pleasure","url":"https:\/\/www.eliassen.nl\/de\/","logo":{"@id":"https:\/\/www.eliassen.nl\/de\/glasgemaelde-palace-hall-120x80cm\/#local-main-organization-logo"},"image":{"@id":"https:\/\/www.eliassen.nl\/de\/glasgemaelde-palace-hall-120x80cm\/#local-main-organization-logo"},"sameAs":["https:\/\/www.facebook.com\/TuincentrumEliassenAmmerzoden","https:\/\/www.instagram.com\/eliassenhomeandgarden\/","https:\/\/nl.pinterest.com\/eliassenhomeandgarden\/","https:\/\/www.youtube.com\/@eliassenhomegardenpleasure4558"],"telephone":[],"openingHoursSpecification":[{"@type":"OpeningHoursSpecification","dayOfWeek":["Monday","Tuesday","Wednesday","Thursday","Friday","Saturday","Sunday"],"opens":"09:00","closes":"17:00"}]},{"@type":"ImageObject","inLanguage":"de","@id":"https:\/\/www.eliassen.nl\/de\/glasgemaelde-palace-hall-120x80cm\/#local-main-organization-logo","url":"https:\/\/www.eliassen.nl\/wp-content\/uploads\/2024\/01\/logo_4nd.jpg","contentUrl":"https:\/\/www.eliassen.nl\/wp-content\/uploads\/2024\/01\/logo_4nd.jpg","width":500,"height":500,"caption":"Eliassen Home & Garden Pleasure"}]},"product_price_amount":"149.00","product_price_currency":"EUR","og_availability":"instock","product_availability":"instock","product_retailer_item_id":"Glas080120-1153","product_condition":"new"},"df_price":149,"df_sale_price":"","df_regular_price":149,"df_image_link":"https:\/\/www.eliassen.nl\/wp-content\/uploads\/2026\/01\/Glasschilderij-paleishal-Eliassen.nl_-300x200.jpg","image":"https:\/\/www.eliassen.nl\/wp-content\/uploads\/2026\/01\/Glasschilderij-paleishal-Eliassen.nl_-150x150.jpg","price_search":"<span class=\"woocommerce-Price-amount amount\"><bdi><span class=\"woocommerce-Price-currencySymbol\">&euro;<\/span>&nbsp;149,00<\/bdi><\/span>","category":"Gem\u00e4lde","global_unique_id":"8714688621069","_links":{"self":[{"href":"https:\/\/www.eliassen.nl\/de\/wp-json\/wp\/v2\/product\/204478","targetHints":{"allow":["GET"]}}],"collection":[{"href":"https:\/\/www.eliassen.nl\/de\/wp-json\/wp\/v2\/product"}],"about":[{"href":"https:\/\/www.eliassen.nl\/de\/wp-json\/wp\/v2\/types\/product"}],"wp:featuredmedia":[{"embeddable":true,"href":"https:\/\/www.eliassen.nl\/de\/wp-json\/wp\/v2\/media\/204050"}],"wp:attachment":[{"href":"https:\/\/www.eliassen.nl\/de\/wp-json\/wp\/v2\/media?parent=204478"}],"wp:term":[{"taxonomy":"product_brand","embeddable":true,"href":"https:\/\/www.eliassen.nl\/de\/wp-json\/wp\/v2\/product_brand?post=204478"},{"taxonomy":"product_cat","embeddable":true,"href":"https:\/\/www.eliassen.nl\/de\/wp-json\/wp\/v2\/product_cat?post=204478"},{"taxonomy":"product_tag","embeddable":true,"href":"https:\/\/www.eliassen.nl\/de\/wp-json\/wp\/v2\/product_tag?post=204478"}],"curies":[{"name":"wp","href":"https:\/\/api.w.org\/{rel}","templated":true}]}}