{"id":204470,"date":"2026-01-23T11:51:23","date_gmt":"2026-01-23T10:51:23","guid":{"rendered":"https:\/\/www.eliassen.nl\/product\/glasmalerei-blumen-in-glitter-80x120cm\/"},"modified":"2026-02-06T10:01:56","modified_gmt":"2026-02-06T09:01:56","slug":"glasmalerei-blumen-in-glitter-80x120cm","status":"publish","type":"product","link":"https:\/\/www.eliassen.nl\/de\/glasmalerei-blumen-in-glitter-80x120cm\/","title":{"rendered":"Glasmalerei Blumen in Glitter 80x120cm"},"content":{"rendered":"<p data-path-to-node=\"3\">Suchen Sie nach einer Wanddekoration, die Ihr Interieur sofort zum Strahlen bringt? Dieses atemberaubende Glasgem\u00e4lde mit dem Titel &#8222;Flowers in glitter&#8220; bringt eine magische Atmosph\u00e4re in jeden Raum. Das Bild zeigt einen reichhaltigen und farbenfrohen Strau\u00df mit Blumen in verschiedenen Schattierungen wie tiefem Rosa, frischem Wei\u00df, zartem Blau und Lila. Was dieses Kunstwerk wirklich einzigartig macht, ist die k\u00fcnstlerische Hinzuf\u00fcgung von goldenem &#8218;Glitter&#8216; und Lichtpunkten, die \u00fcber die Bl\u00fctenbl\u00e4tter zu tanzen scheinen. Auf der linken Seite vervollst\u00e4ndigt ein wundersch\u00f6ner, goldgelber Schmetterling die romantische Szene.<\/p>\n<p data-path-to-node=\"4\">Das Bild wird messerscharf auf die R\u00fcckseite des Glases gedruckt. Da sich der Druck auf der R\u00fcckseite des 4 mm dicken geh\u00e4rteten Glases befindet, sind die Farben gesch\u00fctzt und gewinnen an beispielloser Tiefe und Klarheit. Der dunkelblaue Hintergrund schafft einen starken Kontrast, der die bunten Blumen und goldenen Details von der Wand abhebt. Mit den Ma\u00dfen 80x120cm ist es ein perfektes Schmuckst\u00fcck f\u00fcr das Sofa oder den Esstisch.<\/p>\n<p data-path-to-node=\"5\"><b data-path-to-node=\"5\" data-index-in-node=\"0\">Warum sollten Sie sich f\u00fcr diese Glasmalerei bei Eliassen entscheiden?<\/b><\/p>\n<ul data-path-to-node=\"6\">\n<li>\n<p data-path-to-node=\"6,0,0\"><b data-path-to-node=\"6,0,0\" data-index-in-node=\"0\">Druck auf der R\u00fcckseite des Glases:<\/b> Diese hochwertige Technik garantiert, dass die Farben \u00fcber Jahre hinweg sch\u00f6n bleiben und verleiht dem Gem\u00e4lde einen luxuri\u00f6sen Glasglanz.<\/p>\n<\/li>\n<li>\n<p data-path-to-node=\"6,1,0\"><b data-path-to-node=\"6,1,0\" data-index-in-node=\"0\">Stimmungsvolle Details:<\/b> Die Kombination aus leuchtenden Blumen mit einem subtilen Glitzereffekt und einem Schmetterling schafft einen verspielten und warmen Look.<\/p>\n<\/li>\n<li>\n<p data-path-to-node=\"6,2,0\"><b data-path-to-node=\"6,2,0\" data-index-in-node=\"0\">Einfache Montage:<\/b> Das Panel wird mit Aufh\u00e4ngeb\u00fcgeln geliefert, mit denen Sie es fest und sicher an der Wand befestigen k\u00f6nnen.<\/p>\n<\/li>\n<\/ul>\n<p>M\u00f6chten Sie das Funkeln dieses Gem\u00e4ldes erst mit eigenen Augen sehen? Sie sind herzlich eingeladen, unseren Ausstellungsraum in Ammerzoden zu besuchen. Wir haben eine riesige Sammlung von Glasgem\u00e4lden aufgeh\u00e4ngt, so dass Sie sich in aller Ruhe ansehen k\u00f6nnen, welches Modell am besten zu Ihrem Geschmack passt.<\/p>\n","protected":false},"excerpt":{"rendered":"<p>Dieses lebhafte 80x120cm gro\u00dfe Glasgem\u00e4lde zeigt einen farbenfrohen Blumenstrau\u00df in Rosa-, Blau- und Wei\u00dft\u00f6nen, der durch einen zauberhaften goldenen Glitzereffekt und einen gelben Schmetterling aufgewertet wird. Das Bild wird in hoher Qualit\u00e4t auf die R\u00fcckseite des geh\u00e4rteten Glases gedruckt, was eine dauerhafte Oberfl\u00e4che, intensive Farben und einen luxuri\u00f6sen Glanz gew\u00e4hrleistet. Ein wundersch\u00f6ner Blickfang, der Atmosph\u00e4re und Fr\u00f6hlichkeit in jedes Interieur bringt und sich mit den mitgelieferten Halterungen leicht aufh\u00e4ngen l\u00e4sst.<\/p>\n","protected":false},"featured_media":204053,"template":"","meta":{"_acf_changed":false,"_genesis_title":"","_genesis_description":""},"product_brand":[6940],"product_cat":[410,455,443],"product_tag":[],"class_list":{"0":"post-204470","1":"product","2":"type-product","3":"status-publish","4":"has-post-thumbnail","6":"product_brand-ter-halle-de","7":"product_cat-gemaelde","8":"product_cat-glasmalerei-im-format-80x120cm","9":"product_cat-glasmalereien","11":"first","12":"instock","13":"taxable","14":"shipping-taxable","15":"purchasable","16":"product-type-simple"},"acf":[],"meta_all":{"cor_restricted_countries":[],"total_sales":"1"},"meta_all_flat":{"total_sales":"1"},"yoast_head":"<!-- This site is optimized with the Yoast SEO Premium plugin v26.2 (Yoast SEO v27.2) - https:\/\/yoast.com\/product\/yoast-seo-premium-wordpress\/ -->\n<title>Ter Halle Glasmalerei Blumen in Glitter 80x120cm - Eliassen.nl<\/title>\n<meta name=\"description\" content=\"Glasgem\u00e4lde Flowers in the glitter (80x120cm). Ein farbenfroher Strau\u00df mit Schmetterlingen und goldenen Details auf der R\u00fcckseite des Glases. Sehen Sie sich das bei Eliassen an!\" \/>\n<meta name=\"robots\" content=\"index, follow, max-snippet:-1, max-image-preview:large, max-video-preview:-1\" \/>\n<link rel=\"canonical\" href=\"https:\/\/www.eliassen.nl\/de\/glasmalerei-blumen-in-glitter-80x120cm\/\" \/>\n<meta property=\"og:locale\" content=\"de_DE\" \/>\n<meta property=\"og:type\" content=\"article\" \/>\n<meta property=\"og:title\" content=\"Ter Halle Glasmalerei Blumen in Glitter 80x120cm - Eliassen.nl\" \/>\n<meta property=\"og:description\" content=\"Glasgem\u00e4lde Flowers in the glitter (80x120cm). Ein farbenfroher Strau\u00df mit Schmetterlingen und goldenen Details auf der R\u00fcckseite des Glases. Sehen Sie sich das bei Eliassen an!\" \/>\n<meta property=\"og:url\" content=\"https:\/\/www.eliassen.nl\/de\/glasmalerei-blumen-in-glitter-80x120cm\/\" \/>\n<meta property=\"og:site_name\" content=\"Eliassen.nl\" \/>\n<meta property=\"article:publisher\" content=\"https:\/\/www.facebook.com\/TuincentrumEliassenAmmerzoden\" \/>\n<meta property=\"article:modified_time\" content=\"2026-02-06T09:01:56+00:00\" \/>\n<meta property=\"og:image\" content=\"https:\/\/www.eliassen.nl\/wp-content\/uploads\/2026\/01\/glasschilderij-bloemen-in-de-glitters-Eliassen.nl_.jpg\" \/>\n\t<meta property=\"og:image:width\" content=\"768\" \/>\n\t<meta property=\"og:image:height\" content=\"1152\" \/>\n\t<meta property=\"og:image:type\" content=\"image\/jpeg\" \/>\n<meta name=\"twitter:card\" content=\"summary_large_image\" \/>\n<script type=\"application\/ld+json\" class=\"yoast-schema-graph\">{\"@context\":\"https:\/\/schema.org\",\"@graph\":[{\"@type\":\"WebPage\",\"@id\":\"https:\/\/www.eliassen.nl\/de\/glasmalerei-blumen-in-glitter-80x120cm\/\",\"url\":\"https:\/\/www.eliassen.nl\/de\/glasmalerei-blumen-in-glitter-80x120cm\/\",\"name\":\"Ter Halle Glasmalerei Blumen in Glitter 80x120cm - Eliassen.nl\",\"isPartOf\":{\"@id\":\"https:\/\/www.eliassen.nl\/de\/#website\"},\"primaryImageOfPage\":{\"@id\":\"https:\/\/www.eliassen.nl\/de\/glasmalerei-blumen-in-glitter-80x120cm\/#primaryimage\"},\"image\":{\"@id\":\"https:\/\/www.eliassen.nl\/de\/glasmalerei-blumen-in-glitter-80x120cm\/#primaryimage\"},\"thumbnailUrl\":\"https:\/\/www.eliassen.nl\/wp-content\/uploads\/2026\/01\/glasschilderij-bloemen-in-de-glitters-Eliassen.nl_.jpg\",\"datePublished\":\"2026-01-23T10:51:23+00:00\",\"dateModified\":\"2026-02-06T09:01:56+00:00\",\"description\":\"Glasgem\u00e4lde Flowers in the glitter (80x120cm). Ein farbenfroher Strau\u00df mit Schmetterlingen und goldenen Details auf der R\u00fcckseite des Glases. Sehen Sie sich das bei Eliassen an!\",\"breadcrumb\":{\"@id\":\"https:\/\/www.eliassen.nl\/de\/glasmalerei-blumen-in-glitter-80x120cm\/#breadcrumb\"},\"inLanguage\":\"de\",\"potentialAction\":[{\"@type\":\"ReadAction\",\"target\":[\"https:\/\/www.eliassen.nl\/de\/glasmalerei-blumen-in-glitter-80x120cm\/\"]}]},{\"@type\":\"ImageObject\",\"inLanguage\":\"de\",\"@id\":\"https:\/\/www.eliassen.nl\/de\/glasmalerei-blumen-in-glitter-80x120cm\/#primaryimage\",\"url\":\"https:\/\/www.eliassen.nl\/wp-content\/uploads\/2026\/01\/glasschilderij-bloemen-in-de-glitters-Eliassen.nl_.jpg\",\"contentUrl\":\"https:\/\/www.eliassen.nl\/wp-content\/uploads\/2026\/01\/glasschilderij-bloemen-in-de-glitters-Eliassen.nl_.jpg\",\"width\":768,\"height\":1152,\"caption\":\"Glasmalerei Blumen in Glitter - Eliassen.de\"},{\"@type\":\"BreadcrumbList\",\"@id\":\"https:\/\/www.eliassen.nl\/de\/glasmalerei-blumen-in-glitter-80x120cm\/#breadcrumb\",\"itemListElement\":[{\"@type\":\"ListItem\",\"position\":1,\"name\":\"Home\",\"item\":\"https:\/\/www.eliassen.nl\/de\/\"},{\"@type\":\"ListItem\",\"position\":2,\"name\":\"Shop\",\"item\":\"https:\/\/www.eliassen.nl\/de\/shop\/\"},{\"@type\":\"ListItem\",\"position\":3,\"name\":\"Glasmalereien\",\"item\":\"https:\/\/www.eliassen.nl\/de\/gemaelde\/glasmalereien\/\"},{\"@type\":\"ListItem\",\"position\":4,\"name\":\"Glasmalerei Blumen in Glitter 80x120cm\"}]},{\"@type\":\"WebSite\",\"@id\":\"https:\/\/www.eliassen.nl\/de\/#website\",\"url\":\"https:\/\/www.eliassen.nl\/de\/\",\"name\":\"Eliassen Home & Garden Pleasure\",\"description\":\"\",\"publisher\":{\"@id\":\"https:\/\/www.eliassen.nl\/de\/#organization\"},\"alternateName\":\"Eliassen.nl\",\"potentialAction\":[{\"@type\":\"SearchAction\",\"target\":{\"@type\":\"EntryPoint\",\"urlTemplate\":\"https:\/\/www.eliassen.nl\/de\/?s={search_term_string}\"},\"query-input\":{\"@type\":\"PropertyValueSpecification\",\"valueRequired\":true,\"valueName\":\"search_term_string\"}}],\"inLanguage\":\"de\"},{\"@type\":[\"Organization\",\"Place\"],\"@id\":\"https:\/\/www.eliassen.nl\/de\/#organization\",\"name\":\"Eliassen Home & Garden Pleasure\",\"url\":\"https:\/\/www.eliassen.nl\/de\/\",\"logo\":{\"@id\":\"https:\/\/www.eliassen.nl\/de\/glasmalerei-blumen-in-glitter-80x120cm\/#local-main-organization-logo\"},\"image\":{\"@id\":\"https:\/\/www.eliassen.nl\/de\/glasmalerei-blumen-in-glitter-80x120cm\/#local-main-organization-logo\"},\"sameAs\":[\"https:\/\/www.facebook.com\/TuincentrumEliassenAmmerzoden\",\"https:\/\/www.instagram.com\/eliassenhomeandgarden\/\",\"https:\/\/nl.pinterest.com\/eliassenhomeandgarden\/\",\"https:\/\/www.youtube.com\/@eliassenhomegardenpleasure4558\"],\"telephone\":[],\"openingHoursSpecification\":[{\"@type\":\"OpeningHoursSpecification\",\"dayOfWeek\":[\"Monday\",\"Tuesday\",\"Wednesday\",\"Thursday\",\"Friday\",\"Saturday\",\"Sunday\"],\"opens\":\"09:00\",\"closes\":\"17:00\"}]},{\"@type\":\"ImageObject\",\"inLanguage\":\"de\",\"@id\":\"https:\/\/www.eliassen.nl\/de\/glasmalerei-blumen-in-glitter-80x120cm\/#local-main-organization-logo\",\"url\":\"https:\/\/www.eliassen.nl\/wp-content\/uploads\/2024\/01\/logo_4nd.jpg\",\"contentUrl\":\"https:\/\/www.eliassen.nl\/wp-content\/uploads\/2024\/01\/logo_4nd.jpg\",\"width\":500,\"height\":500,\"caption\":\"Eliassen Home & Garden Pleasure\"}]}<\/script>\n<meta property=\"product:price:amount\" content=\"149.00\" \/>\n<meta property=\"product:price:currency\" content=\"EUR\" \/>\n<meta property=\"og:availability\" content=\"instock\" \/>\n<meta property=\"product:availability\" content=\"instock\" \/>\n<meta property=\"product:retailer_item_id\" content=\"Glas080120-1144\" \/>\n<meta property=\"product:condition\" content=\"new\" \/>\n<!-- \/ Yoast SEO Premium plugin. -->","yoast_head_json":{"title":"Ter Halle Glasmalerei Blumen in Glitter 80x120cm - Eliassen.nl","description":"Glasgem\u00e4lde Flowers in the glitter (80x120cm). Ein farbenfroher Strau\u00df mit Schmetterlingen und goldenen Details auf der R\u00fcckseite des Glases. Sehen Sie sich das bei Eliassen an!","robots":{"index":"index","follow":"follow","max-snippet":"max-snippet:-1","max-image-preview":"max-image-preview:large","max-video-preview":"max-video-preview:-1"},"canonical":"https:\/\/www.eliassen.nl\/de\/glasmalerei-blumen-in-glitter-80x120cm\/","og_locale":"de_DE","og_type":"article","og_title":"Ter Halle Glasmalerei Blumen in Glitter 80x120cm - Eliassen.nl","og_description":"Glasgem\u00e4lde Flowers in the glitter (80x120cm). Ein farbenfroher Strau\u00df mit Schmetterlingen und goldenen Details auf der R\u00fcckseite des Glases. Sehen Sie sich das bei Eliassen an!","og_url":"https:\/\/www.eliassen.nl\/de\/glasmalerei-blumen-in-glitter-80x120cm\/","og_site_name":"Eliassen.nl","article_publisher":"https:\/\/www.facebook.com\/TuincentrumEliassenAmmerzoden","article_modified_time":"2026-02-06T09:01:56+00:00","og_image":[{"width":768,"height":1152,"url":"https:\/\/www.eliassen.nl\/wp-content\/uploads\/2026\/01\/glasschilderij-bloemen-in-de-glitters-Eliassen.nl_.jpg","type":"image\/jpeg"}],"twitter_card":"summary_large_image","schema":{"@context":"https:\/\/schema.org","@graph":[{"@type":"WebPage","@id":"https:\/\/www.eliassen.nl\/de\/glasmalerei-blumen-in-glitter-80x120cm\/","url":"https:\/\/www.eliassen.nl\/de\/glasmalerei-blumen-in-glitter-80x120cm\/","name":"Ter Halle Glasmalerei Blumen in Glitter 80x120cm - Eliassen.nl","isPartOf":{"@id":"https:\/\/www.eliassen.nl\/de\/#website"},"primaryImageOfPage":{"@id":"https:\/\/www.eliassen.nl\/de\/glasmalerei-blumen-in-glitter-80x120cm\/#primaryimage"},"image":{"@id":"https:\/\/www.eliassen.nl\/de\/glasmalerei-blumen-in-glitter-80x120cm\/#primaryimage"},"thumbnailUrl":"https:\/\/www.eliassen.nl\/wp-content\/uploads\/2026\/01\/glasschilderij-bloemen-in-de-glitters-Eliassen.nl_.jpg","datePublished":"2026-01-23T10:51:23+00:00","dateModified":"2026-02-06T09:01:56+00:00","description":"Glasgem\u00e4lde Flowers in the glitter (80x120cm). Ein farbenfroher Strau\u00df mit Schmetterlingen und goldenen Details auf der R\u00fcckseite des Glases. Sehen Sie sich das bei Eliassen an!","breadcrumb":{"@id":"https:\/\/www.eliassen.nl\/de\/glasmalerei-blumen-in-glitter-80x120cm\/#breadcrumb"},"inLanguage":"de","potentialAction":[{"@type":"ReadAction","target":["https:\/\/www.eliassen.nl\/de\/glasmalerei-blumen-in-glitter-80x120cm\/"]}]},{"@type":"ImageObject","inLanguage":"de","@id":"https:\/\/www.eliassen.nl\/de\/glasmalerei-blumen-in-glitter-80x120cm\/#primaryimage","url":"https:\/\/www.eliassen.nl\/wp-content\/uploads\/2026\/01\/glasschilderij-bloemen-in-de-glitters-Eliassen.nl_.jpg","contentUrl":"https:\/\/www.eliassen.nl\/wp-content\/uploads\/2026\/01\/glasschilderij-bloemen-in-de-glitters-Eliassen.nl_.jpg","width":768,"height":1152,"caption":"Glasmalerei Blumen in Glitter - Eliassen.de"},{"@type":"BreadcrumbList","@id":"https:\/\/www.eliassen.nl\/de\/glasmalerei-blumen-in-glitter-80x120cm\/#breadcrumb","itemListElement":[{"@type":"ListItem","position":1,"name":"Home","item":"https:\/\/www.eliassen.nl\/de\/"},{"@type":"ListItem","position":2,"name":"Shop","item":"https:\/\/www.eliassen.nl\/de\/shop\/"},{"@type":"ListItem","position":3,"name":"Glasmalereien","item":"https:\/\/www.eliassen.nl\/de\/gemaelde\/glasmalereien\/"},{"@type":"ListItem","position":4,"name":"Glasmalerei Blumen in Glitter 80x120cm"}]},{"@type":"WebSite","@id":"https:\/\/www.eliassen.nl\/de\/#website","url":"https:\/\/www.eliassen.nl\/de\/","name":"Eliassen Home & Garden Pleasure","description":"","publisher":{"@id":"https:\/\/www.eliassen.nl\/de\/#organization"},"alternateName":"Eliassen.nl","potentialAction":[{"@type":"SearchAction","target":{"@type":"EntryPoint","urlTemplate":"https:\/\/www.eliassen.nl\/de\/?s={search_term_string}"},"query-input":{"@type":"PropertyValueSpecification","valueRequired":true,"valueName":"search_term_string"}}],"inLanguage":"de"},{"@type":["Organization","Place"],"@id":"https:\/\/www.eliassen.nl\/de\/#organization","name":"Eliassen Home & Garden Pleasure","url":"https:\/\/www.eliassen.nl\/de\/","logo":{"@id":"https:\/\/www.eliassen.nl\/de\/glasmalerei-blumen-in-glitter-80x120cm\/#local-main-organization-logo"},"image":{"@id":"https:\/\/www.eliassen.nl\/de\/glasmalerei-blumen-in-glitter-80x120cm\/#local-main-organization-logo"},"sameAs":["https:\/\/www.facebook.com\/TuincentrumEliassenAmmerzoden","https:\/\/www.instagram.com\/eliassenhomeandgarden\/","https:\/\/nl.pinterest.com\/eliassenhomeandgarden\/","https:\/\/www.youtube.com\/@eliassenhomegardenpleasure4558"],"telephone":[],"openingHoursSpecification":[{"@type":"OpeningHoursSpecification","dayOfWeek":["Monday","Tuesday","Wednesday","Thursday","Friday","Saturday","Sunday"],"opens":"09:00","closes":"17:00"}]},{"@type":"ImageObject","inLanguage":"de","@id":"https:\/\/www.eliassen.nl\/de\/glasmalerei-blumen-in-glitter-80x120cm\/#local-main-organization-logo","url":"https:\/\/www.eliassen.nl\/wp-content\/uploads\/2024\/01\/logo_4nd.jpg","contentUrl":"https:\/\/www.eliassen.nl\/wp-content\/uploads\/2024\/01\/logo_4nd.jpg","width":500,"height":500,"caption":"Eliassen Home & Garden Pleasure"}]},"product_price_amount":"149.00","product_price_currency":"EUR","og_availability":"instock","product_availability":"instock","product_retailer_item_id":"Glas080120-1144","product_condition":"new"},"df_price":149,"df_sale_price":"","df_regular_price":149,"df_image_link":"https:\/\/www.eliassen.nl\/wp-content\/uploads\/2026\/01\/glasschilderij-bloemen-in-de-glitters-Eliassen.nl_-200x300.jpg","image":"https:\/\/www.eliassen.nl\/wp-content\/uploads\/2026\/01\/glasschilderij-bloemen-in-de-glitters-Eliassen.nl_-150x150.jpg","price_search":"<span class=\"woocommerce-Price-amount amount\"><bdi><span class=\"woocommerce-Price-currencySymbol\">&euro;<\/span>&nbsp;149,00<\/bdi><\/span>","category":"Gem\u00e4lde","global_unique_id":"8714688619196","_links":{"self":[{"href":"https:\/\/www.eliassen.nl\/de\/wp-json\/wp\/v2\/product\/204470","targetHints":{"allow":["GET"]}}],"collection":[{"href":"https:\/\/www.eliassen.nl\/de\/wp-json\/wp\/v2\/product"}],"about":[{"href":"https:\/\/www.eliassen.nl\/de\/wp-json\/wp\/v2\/types\/product"}],"wp:featuredmedia":[{"embeddable":true,"href":"https:\/\/www.eliassen.nl\/de\/wp-json\/wp\/v2\/media\/204053"}],"wp:attachment":[{"href":"https:\/\/www.eliassen.nl\/de\/wp-json\/wp\/v2\/media?parent=204470"}],"wp:term":[{"taxonomy":"product_brand","embeddable":true,"href":"https:\/\/www.eliassen.nl\/de\/wp-json\/wp\/v2\/product_brand?post=204470"},{"taxonomy":"product_cat","embeddable":true,"href":"https:\/\/www.eliassen.nl\/de\/wp-json\/wp\/v2\/product_cat?post=204470"},{"taxonomy":"product_tag","embeddable":true,"href":"https:\/\/www.eliassen.nl\/de\/wp-json\/wp\/v2\/product_tag?post=204470"}],"curies":[{"name":"wp","href":"https:\/\/api.w.org\/{rel}","templated":true}]}}