{"id":204468,"date":"2026-01-23T11:42:20","date_gmt":"2026-01-23T10:42:20","guid":{"rendered":"https:\/\/www.eliassen.nl\/product\/glasmalerei-blumen-im-licht-120x80cm\/"},"modified":"2026-02-06T10:01:57","modified_gmt":"2026-02-06T09:01:57","slug":"glasmalerei-blumen-im-licht-120x80cm","status":"publish","type":"product","link":"https:\/\/www.eliassen.nl\/de\/glasmalerei-blumen-im-licht-120x80cm\/","title":{"rendered":"Glasmalerei Blumen im Licht 120x80cm"},"content":{"rendered":"<p data-path-to-node=\"3\">Sind Sie auf der Suche nach einer Wanddekoration, die Ihrem Wohnzimmer sofort Atmosph\u00e4re und W\u00e4rme verleiht? Dieses wundersch\u00f6ne Glasgem\u00e4lde mit dem Titel &#8222;Blumen im Licht&#8220; ist ein echter Blickfang. Das Bild zeigt einen \u00fcppigen Strau\u00df aus Pfingstrosen, Anemonen und Wildblumen in sanften Pastellt\u00f6nen, tiefem Lila und strahlendem Wei\u00df. Was dieses Kunstwerk so besonders macht, ist das magische Finish: Es sieht aus, als w\u00e4ren goldener Sternenstaub und funkelnde Lichter \u00fcber die Blumen gestreut worden, was einen vertr\u00e4umten und luxuri\u00f6sen Look erzeugt.<\/p>\n<p data-path-to-node=\"4\">Da das Bild auf die R\u00fcckseite von hochwertigem, geh\u00e4rtetem Glas (4 mm dick) gedruckt wird, kommen die Farben unglaublich leuchtend und tief zum Vorschein. Der dunkle Kontrast im Hintergrund l\u00e4sst die Blumen und die goldenen Details f\u00f6rmlich von der Wand springen. Beachten Sie auch die charmanten Details, wie den kleinen Marienk\u00e4fer, der sich auf einem der wei\u00dfen Bl\u00fctenbl\u00e4tter ausruht. Dieses 120&#215;80 cm gro\u00dfe Gem\u00e4lde passt perfekt \u00fcber ein Sofa, ein Sideboard oder einen Esstisch und verleiht Ihrem Raum sofort einen romantischen und modernen Touch.<\/p>\n<p data-path-to-node=\"5\"><b data-path-to-node=\"5\" data-index-in-node=\"0\">Warum sollten Sie sich f\u00fcr diese Glasmalerei bei Eliassen entscheiden?<\/b><\/p>\n<ul data-path-to-node=\"6\">\n<li>\n<p data-path-to-node=\"6,0,0\"><b data-path-to-node=\"6,0,0\" data-index-in-node=\"0\">Gestochen scharfe Qualit\u00e4t:<\/b> Der Druck auf der R\u00fcckseite des Glases garantiert die sch\u00e4rfsten Details und lebendigsten Farben.<\/p>\n<\/li>\n<li>\n<p data-path-to-node=\"6,1,0\"><b data-path-to-node=\"6,1,0\" data-index-in-node=\"0\">Einzigartig:<\/b> Die Kombination von klassischen Blumen mit modernen &#8218;Lichteffekten&#8216; macht dieses St\u00fcck zu einem Unikat.<\/p>\n<\/li>\n<li>\n<p data-path-to-node=\"6,2,0\"><b data-path-to-node=\"6,2,0\" data-index-in-node=\"0\">Einfache Montage:<\/b> Das Panel l\u00e4sst sich einfach und fest an der Wand befestigen.<\/p>\n<\/li>\n<\/ul>\n<p data-path-to-node=\"7\">M\u00f6chten Sie dieses Kunstwerk erst einmal in natura bewundern? Sie sind herzlich eingeladen, unseren Ausstellungsraum in Ammerzoden zu besuchen, wo wir eine einzigartige Sammlung von Hunderten von Glasgem\u00e4lden h\u00e4ngen haben. Auf diese Weise k\u00f6nnen Sie sicher sein, dass Sie die richtige Wahl f\u00fcr Ihre Einrichtung treffen.<\/p>\n","protected":false},"excerpt":{"rendered":"<p>Dieses bezaubernde 80x120cm gro\u00dfe Glasgem\u00e4lde zeigt einen romantischen Blumenstrau\u00df in verschiedenen Farben, angereichert mit zauberhaften goldenen Akzenten und einem funkelnden Lichteffekt auf dunklem Hintergrund. Der messerscharfe Druck auf geh\u00e4rtetem Glas sorgt f\u00fcr ein luxuri\u00f6ses Aussehen und eine tiefe Farbintensit\u00e4t, bei der selbst kleine Details wie ein Marienk\u00e4fer gut sichtbar sind. Ein idealer Stimmungsmacher f\u00fcr jede moderne oder klassische Einrichtung, der sofort W\u00e4rme und Eleganz ausstrahlt.<\/p>\n","protected":false},"featured_media":204056,"template":"","meta":{"_acf_changed":false,"_genesis_title":"","_genesis_description":""},"product_brand":[6940],"product_cat":[410,455,443],"product_tag":[],"class_list":{"0":"post-204468","1":"product","2":"type-product","3":"status-publish","4":"has-post-thumbnail","6":"product_brand-ter-halle-de","7":"product_cat-gemaelde","8":"product_cat-glasmalerei-im-format-80x120cm","9":"product_cat-glasmalereien","11":"first","12":"instock","13":"taxable","14":"shipping-taxable","15":"purchasable","16":"product-type-simple"},"acf":[],"meta_all":{"cor_restricted_countries":[],"total_sales":"0"},"meta_all_flat":{"total_sales":"0"},"yoast_head":"<!-- This site is optimized with the Yoast SEO Premium plugin v26.2 (Yoast SEO v27.2) - https:\/\/yoast.com\/product\/yoast-seo-premium-wordpress\/ -->\n<title>Ter Halle Glasmalerei Blumen im Licht 120x80cm - Eliassen.nl<\/title>\n<meta name=\"description\" content=\"Glasgem\u00e4lde Blumen im Licht (80x120cm). Ein zauberhafter Blumenstrau\u00df auf Glas mit goldenen Details und Stimmungslicht. Sehen Sie sich diese einzigartige Wanddekoration bei Eliassen an!\" \/>\n<meta name=\"robots\" content=\"index, follow, max-snippet:-1, max-image-preview:large, max-video-preview:-1\" \/>\n<link rel=\"canonical\" href=\"https:\/\/www.eliassen.nl\/de\/glasmalerei-blumen-im-licht-120x80cm\/\" \/>\n<meta property=\"og:locale\" content=\"de_DE\" \/>\n<meta property=\"og:type\" content=\"article\" \/>\n<meta property=\"og:title\" content=\"Ter Halle Glasmalerei Blumen im Licht 120x80cm - Eliassen.nl\" \/>\n<meta property=\"og:description\" content=\"Glasgem\u00e4lde Blumen im Licht (80x120cm). Ein zauberhafter Blumenstrau\u00df auf Glas mit goldenen Details und Stimmungslicht. Sehen Sie sich diese einzigartige Wanddekoration bei Eliassen an!\" \/>\n<meta property=\"og:url\" content=\"https:\/\/www.eliassen.nl\/de\/glasmalerei-blumen-im-licht-120x80cm\/\" \/>\n<meta property=\"og:site_name\" content=\"Eliassen.nl\" \/>\n<meta property=\"article:publisher\" content=\"https:\/\/www.facebook.com\/TuincentrumEliassenAmmerzoden\" \/>\n<meta property=\"article:modified_time\" content=\"2026-02-06T09:01:57+00:00\" \/>\n<meta property=\"og:image\" content=\"https:\/\/www.eliassen.nl\/wp-content\/uploads\/2026\/01\/glasschilderij-bloemen-in-de-lichtjes-Eliassen.nl_-rotated.jpg\" \/>\n\t<meta property=\"og:image:width\" content=\"1152\" \/>\n\t<meta property=\"og:image:height\" content=\"768\" \/>\n\t<meta property=\"og:image:type\" content=\"image\/jpeg\" \/>\n<meta name=\"twitter:card\" content=\"summary_large_image\" \/>\n<script type=\"application\/ld+json\" class=\"yoast-schema-graph\">{\"@context\":\"https:\/\/schema.org\",\"@graph\":[{\"@type\":\"WebPage\",\"@id\":\"https:\/\/www.eliassen.nl\/de\/glasmalerei-blumen-im-licht-120x80cm\/\",\"url\":\"https:\/\/www.eliassen.nl\/de\/glasmalerei-blumen-im-licht-120x80cm\/\",\"name\":\"Ter Halle Glasmalerei Blumen im Licht 120x80cm - Eliassen.nl\",\"isPartOf\":{\"@id\":\"https:\/\/www.eliassen.nl\/de\/#website\"},\"primaryImageOfPage\":{\"@id\":\"https:\/\/www.eliassen.nl\/de\/glasmalerei-blumen-im-licht-120x80cm\/#primaryimage\"},\"image\":{\"@id\":\"https:\/\/www.eliassen.nl\/de\/glasmalerei-blumen-im-licht-120x80cm\/#primaryimage\"},\"thumbnailUrl\":\"https:\/\/www.eliassen.nl\/wp-content\/uploads\/2026\/01\/glasschilderij-bloemen-in-de-lichtjes-Eliassen.nl_-rotated.jpg\",\"datePublished\":\"2026-01-23T10:42:20+00:00\",\"dateModified\":\"2026-02-06T09:01:57+00:00\",\"description\":\"Glasgem\u00e4lde Blumen im Licht (80x120cm). Ein zauberhafter Blumenstrau\u00df auf Glas mit goldenen Details und Stimmungslicht. Sehen Sie sich diese einzigartige Wanddekoration bei Eliassen an!\",\"breadcrumb\":{\"@id\":\"https:\/\/www.eliassen.nl\/de\/glasmalerei-blumen-im-licht-120x80cm\/#breadcrumb\"},\"inLanguage\":\"de\",\"potentialAction\":[{\"@type\":\"ReadAction\",\"target\":[\"https:\/\/www.eliassen.nl\/de\/glasmalerei-blumen-im-licht-120x80cm\/\"]}]},{\"@type\":\"ImageObject\",\"inLanguage\":\"de\",\"@id\":\"https:\/\/www.eliassen.nl\/de\/glasmalerei-blumen-im-licht-120x80cm\/#primaryimage\",\"url\":\"https:\/\/www.eliassen.nl\/wp-content\/uploads\/2026\/01\/glasschilderij-bloemen-in-de-lichtjes-Eliassen.nl_-rotated.jpg\",\"contentUrl\":\"https:\/\/www.eliassen.nl\/wp-content\/uploads\/2026\/01\/glasschilderij-bloemen-in-de-lichtjes-Eliassen.nl_-rotated.jpg\",\"width\":1152,\"height\":768,\"caption\":\"Glasmalerei Blumen im Licht - Eliassen.nl\"},{\"@type\":\"BreadcrumbList\",\"@id\":\"https:\/\/www.eliassen.nl\/de\/glasmalerei-blumen-im-licht-120x80cm\/#breadcrumb\",\"itemListElement\":[{\"@type\":\"ListItem\",\"position\":1,\"name\":\"Home\",\"item\":\"https:\/\/www.eliassen.nl\/de\/\"},{\"@type\":\"ListItem\",\"position\":2,\"name\":\"Shop\",\"item\":\"https:\/\/www.eliassen.nl\/de\/shop\/\"},{\"@type\":\"ListItem\",\"position\":3,\"name\":\"Glasmalereien\",\"item\":\"https:\/\/www.eliassen.nl\/de\/gemaelde\/glasmalereien\/\"},{\"@type\":\"ListItem\",\"position\":4,\"name\":\"Glasmalerei Blumen im Licht 120x80cm\"}]},{\"@type\":\"WebSite\",\"@id\":\"https:\/\/www.eliassen.nl\/de\/#website\",\"url\":\"https:\/\/www.eliassen.nl\/de\/\",\"name\":\"Eliassen Home & Garden Pleasure\",\"description\":\"\",\"publisher\":{\"@id\":\"https:\/\/www.eliassen.nl\/de\/#organization\"},\"alternateName\":\"Eliassen.nl\",\"potentialAction\":[{\"@type\":\"SearchAction\",\"target\":{\"@type\":\"EntryPoint\",\"urlTemplate\":\"https:\/\/www.eliassen.nl\/de\/?s={search_term_string}\"},\"query-input\":{\"@type\":\"PropertyValueSpecification\",\"valueRequired\":true,\"valueName\":\"search_term_string\"}}],\"inLanguage\":\"de\"},{\"@type\":[\"Organization\",\"Place\"],\"@id\":\"https:\/\/www.eliassen.nl\/de\/#organization\",\"name\":\"Eliassen Home & Garden Pleasure\",\"url\":\"https:\/\/www.eliassen.nl\/de\/\",\"logo\":{\"@id\":\"https:\/\/www.eliassen.nl\/de\/glasmalerei-blumen-im-licht-120x80cm\/#local-main-organization-logo\"},\"image\":{\"@id\":\"https:\/\/www.eliassen.nl\/de\/glasmalerei-blumen-im-licht-120x80cm\/#local-main-organization-logo\"},\"sameAs\":[\"https:\/\/www.facebook.com\/TuincentrumEliassenAmmerzoden\",\"https:\/\/www.instagram.com\/eliassenhomeandgarden\/\",\"https:\/\/nl.pinterest.com\/eliassenhomeandgarden\/\",\"https:\/\/www.youtube.com\/@eliassenhomegardenpleasure4558\"],\"telephone\":[],\"openingHoursSpecification\":[{\"@type\":\"OpeningHoursSpecification\",\"dayOfWeek\":[\"Monday\",\"Tuesday\",\"Wednesday\",\"Thursday\",\"Friday\",\"Saturday\",\"Sunday\"],\"opens\":\"09:00\",\"closes\":\"17:00\"}]},{\"@type\":\"ImageObject\",\"inLanguage\":\"de\",\"@id\":\"https:\/\/www.eliassen.nl\/de\/glasmalerei-blumen-im-licht-120x80cm\/#local-main-organization-logo\",\"url\":\"https:\/\/www.eliassen.nl\/wp-content\/uploads\/2024\/01\/logo_4nd.jpg\",\"contentUrl\":\"https:\/\/www.eliassen.nl\/wp-content\/uploads\/2024\/01\/logo_4nd.jpg\",\"width\":500,\"height\":500,\"caption\":\"Eliassen Home & Garden Pleasure\"}]}<\/script>\n<meta property=\"product:price:amount\" content=\"149.00\" \/>\n<meta property=\"product:price:currency\" content=\"EUR\" \/>\n<meta property=\"og:availability\" content=\"instock\" \/>\n<meta property=\"product:availability\" content=\"instock\" \/>\n<meta property=\"product:retailer_item_id\" content=\"Glas080120-1143\" \/>\n<meta property=\"product:condition\" content=\"new\" \/>\n<!-- \/ Yoast SEO Premium plugin. -->","yoast_head_json":{"title":"Ter Halle Glasmalerei Blumen im Licht 120x80cm - Eliassen.nl","description":"Glasgem\u00e4lde Blumen im Licht (80x120cm). Ein zauberhafter Blumenstrau\u00df auf Glas mit goldenen Details und Stimmungslicht. Sehen Sie sich diese einzigartige Wanddekoration bei Eliassen an!","robots":{"index":"index","follow":"follow","max-snippet":"max-snippet:-1","max-image-preview":"max-image-preview:large","max-video-preview":"max-video-preview:-1"},"canonical":"https:\/\/www.eliassen.nl\/de\/glasmalerei-blumen-im-licht-120x80cm\/","og_locale":"de_DE","og_type":"article","og_title":"Ter Halle Glasmalerei Blumen im Licht 120x80cm - Eliassen.nl","og_description":"Glasgem\u00e4lde Blumen im Licht (80x120cm). Ein zauberhafter Blumenstrau\u00df auf Glas mit goldenen Details und Stimmungslicht. Sehen Sie sich diese einzigartige Wanddekoration bei Eliassen an!","og_url":"https:\/\/www.eliassen.nl\/de\/glasmalerei-blumen-im-licht-120x80cm\/","og_site_name":"Eliassen.nl","article_publisher":"https:\/\/www.facebook.com\/TuincentrumEliassenAmmerzoden","article_modified_time":"2026-02-06T09:01:57+00:00","og_image":[{"width":1152,"height":768,"url":"https:\/\/www.eliassen.nl\/wp-content\/uploads\/2026\/01\/glasschilderij-bloemen-in-de-lichtjes-Eliassen.nl_-rotated.jpg","type":"image\/jpeg"}],"twitter_card":"summary_large_image","schema":{"@context":"https:\/\/schema.org","@graph":[{"@type":"WebPage","@id":"https:\/\/www.eliassen.nl\/de\/glasmalerei-blumen-im-licht-120x80cm\/","url":"https:\/\/www.eliassen.nl\/de\/glasmalerei-blumen-im-licht-120x80cm\/","name":"Ter Halle Glasmalerei Blumen im Licht 120x80cm - Eliassen.nl","isPartOf":{"@id":"https:\/\/www.eliassen.nl\/de\/#website"},"primaryImageOfPage":{"@id":"https:\/\/www.eliassen.nl\/de\/glasmalerei-blumen-im-licht-120x80cm\/#primaryimage"},"image":{"@id":"https:\/\/www.eliassen.nl\/de\/glasmalerei-blumen-im-licht-120x80cm\/#primaryimage"},"thumbnailUrl":"https:\/\/www.eliassen.nl\/wp-content\/uploads\/2026\/01\/glasschilderij-bloemen-in-de-lichtjes-Eliassen.nl_-rotated.jpg","datePublished":"2026-01-23T10:42:20+00:00","dateModified":"2026-02-06T09:01:57+00:00","description":"Glasgem\u00e4lde Blumen im Licht (80x120cm). Ein zauberhafter Blumenstrau\u00df auf Glas mit goldenen Details und Stimmungslicht. Sehen Sie sich diese einzigartige Wanddekoration bei Eliassen an!","breadcrumb":{"@id":"https:\/\/www.eliassen.nl\/de\/glasmalerei-blumen-im-licht-120x80cm\/#breadcrumb"},"inLanguage":"de","potentialAction":[{"@type":"ReadAction","target":["https:\/\/www.eliassen.nl\/de\/glasmalerei-blumen-im-licht-120x80cm\/"]}]},{"@type":"ImageObject","inLanguage":"de","@id":"https:\/\/www.eliassen.nl\/de\/glasmalerei-blumen-im-licht-120x80cm\/#primaryimage","url":"https:\/\/www.eliassen.nl\/wp-content\/uploads\/2026\/01\/glasschilderij-bloemen-in-de-lichtjes-Eliassen.nl_-rotated.jpg","contentUrl":"https:\/\/www.eliassen.nl\/wp-content\/uploads\/2026\/01\/glasschilderij-bloemen-in-de-lichtjes-Eliassen.nl_-rotated.jpg","width":1152,"height":768,"caption":"Glasmalerei Blumen im Licht - Eliassen.nl"},{"@type":"BreadcrumbList","@id":"https:\/\/www.eliassen.nl\/de\/glasmalerei-blumen-im-licht-120x80cm\/#breadcrumb","itemListElement":[{"@type":"ListItem","position":1,"name":"Home","item":"https:\/\/www.eliassen.nl\/de\/"},{"@type":"ListItem","position":2,"name":"Shop","item":"https:\/\/www.eliassen.nl\/de\/shop\/"},{"@type":"ListItem","position":3,"name":"Glasmalereien","item":"https:\/\/www.eliassen.nl\/de\/gemaelde\/glasmalereien\/"},{"@type":"ListItem","position":4,"name":"Glasmalerei Blumen im Licht 120x80cm"}]},{"@type":"WebSite","@id":"https:\/\/www.eliassen.nl\/de\/#website","url":"https:\/\/www.eliassen.nl\/de\/","name":"Eliassen Home & Garden Pleasure","description":"","publisher":{"@id":"https:\/\/www.eliassen.nl\/de\/#organization"},"alternateName":"Eliassen.nl","potentialAction":[{"@type":"SearchAction","target":{"@type":"EntryPoint","urlTemplate":"https:\/\/www.eliassen.nl\/de\/?s={search_term_string}"},"query-input":{"@type":"PropertyValueSpecification","valueRequired":true,"valueName":"search_term_string"}}],"inLanguage":"de"},{"@type":["Organization","Place"],"@id":"https:\/\/www.eliassen.nl\/de\/#organization","name":"Eliassen Home & Garden Pleasure","url":"https:\/\/www.eliassen.nl\/de\/","logo":{"@id":"https:\/\/www.eliassen.nl\/de\/glasmalerei-blumen-im-licht-120x80cm\/#local-main-organization-logo"},"image":{"@id":"https:\/\/www.eliassen.nl\/de\/glasmalerei-blumen-im-licht-120x80cm\/#local-main-organization-logo"},"sameAs":["https:\/\/www.facebook.com\/TuincentrumEliassenAmmerzoden","https:\/\/www.instagram.com\/eliassenhomeandgarden\/","https:\/\/nl.pinterest.com\/eliassenhomeandgarden\/","https:\/\/www.youtube.com\/@eliassenhomegardenpleasure4558"],"telephone":[],"openingHoursSpecification":[{"@type":"OpeningHoursSpecification","dayOfWeek":["Monday","Tuesday","Wednesday","Thursday","Friday","Saturday","Sunday"],"opens":"09:00","closes":"17:00"}]},{"@type":"ImageObject","inLanguage":"de","@id":"https:\/\/www.eliassen.nl\/de\/glasmalerei-blumen-im-licht-120x80cm\/#local-main-organization-logo","url":"https:\/\/www.eliassen.nl\/wp-content\/uploads\/2024\/01\/logo_4nd.jpg","contentUrl":"https:\/\/www.eliassen.nl\/wp-content\/uploads\/2024\/01\/logo_4nd.jpg","width":500,"height":500,"caption":"Eliassen Home & Garden Pleasure"}]},"product_price_amount":"149.00","product_price_currency":"EUR","og_availability":"instock","product_availability":"instock","product_retailer_item_id":"Glas080120-1143","product_condition":"new"},"df_price":149,"df_sale_price":"","df_regular_price":149,"df_image_link":"https:\/\/www.eliassen.nl\/wp-content\/uploads\/2026\/01\/glasschilderij-bloemen-in-de-lichtjes-Eliassen.nl_-300x200.jpg","image":"https:\/\/www.eliassen.nl\/wp-content\/uploads\/2026\/01\/glasschilderij-bloemen-in-de-lichtjes-Eliassen.nl_-150x150.jpg","price_search":"<span class=\"woocommerce-Price-amount amount\"><bdi><span class=\"woocommerce-Price-currencySymbol\">&euro;<\/span>&nbsp;149,00<\/bdi><\/span>","category":"Gem\u00e4lde","global_unique_id":"8714688619189","_links":{"self":[{"href":"https:\/\/www.eliassen.nl\/de\/wp-json\/wp\/v2\/product\/204468","targetHints":{"allow":["GET"]}}],"collection":[{"href":"https:\/\/www.eliassen.nl\/de\/wp-json\/wp\/v2\/product"}],"about":[{"href":"https:\/\/www.eliassen.nl\/de\/wp-json\/wp\/v2\/types\/product"}],"wp:featuredmedia":[{"embeddable":true,"href":"https:\/\/www.eliassen.nl\/de\/wp-json\/wp\/v2\/media\/204056"}],"wp:attachment":[{"href":"https:\/\/www.eliassen.nl\/de\/wp-json\/wp\/v2\/media?parent=204468"}],"wp:term":[{"taxonomy":"product_brand","embeddable":true,"href":"https:\/\/www.eliassen.nl\/de\/wp-json\/wp\/v2\/product_brand?post=204468"},{"taxonomy":"product_cat","embeddable":true,"href":"https:\/\/www.eliassen.nl\/de\/wp-json\/wp\/v2\/product_cat?post=204468"},{"taxonomy":"product_tag","embeddable":true,"href":"https:\/\/www.eliassen.nl\/de\/wp-json\/wp\/v2\/product_tag?post=204468"}],"curies":[{"name":"wp","href":"https:\/\/api.w.org\/{rel}","templated":true}]}}