{"id":203832,"date":"2026-01-16T16:35:14","date_gmt":"2026-01-16T15:35:14","guid":{"rendered":"https:\/\/www.eliassen.nl\/product\/strass-glasmalerei-dagobert-duck-in-the-money-160x70cm\/"},"modified":"2026-02-25T20:31:50","modified_gmt":"2026-02-25T19:31:50","slug":"strass-glasmalerei-dagobert-duck-in-the-money-160x70cm","status":"publish","type":"product","link":"https:\/\/www.eliassen.nl\/de\/strass-glasmalerei-dagobert-duck-in-the-money-160x70cm\/","title":{"rendered":"Strass-Glasmalerei Dagobert Duck in the money 160x70cm"},"content":{"rendered":"<p data-path-to-node=\"2\">Bringen Sie ein ikonisches Bild von Reichtum und Erfolg in Ihr Zuhause mit diesem Panorama-Glasgem\u00e4lde &#8218;Dagobert Duck in the money&#8216; von Strass. Mit einer beeindruckenden Breite von 160 cm und einer H\u00f6he von 70 cm eignet sich dieses l\u00e4ngliche Kunstwerk perfekt \u00fcber einem breiten Sofa, einem Sideboard oder als Blickfang in einem Besprechungsraum.<\/p>\n<p data-path-to-node=\"3\">Das Gem\u00e4lde f\u00e4ngt den charakteristischen Moment der reichsten Ente der Welt ein: Dagobert st\u00fcrzt sich kopf\u00fcber in sein Lagerhaus voller Goldm\u00fcnzen. Er tr\u00e4gt seine klassische rote Jacke und blaue Gamaschen, w\u00e4hrend er buchst\u00e4blich im Reichtum schwimmt. Der Hintergrund ist stilvoll dunkel und zeigt eine k\u00fcnstlerische, grafische Darstellung einer Dollarnoten-Briefmarke, die das Thema unterstreicht.<\/p>\n<p data-path-to-node=\"4\">Was dieses St\u00fcck wirklich exklusiv macht, ist die luxuri\u00f6se Verarbeitung mit Strasssteinen. Seine ikonische Brille ist mit diesen glitzernden Kristallen besetzt, und auch die Details der fliegenden M\u00fcnzen und des Dollarzeichens setzen funkelnde Akzente. So entsteht ein atemberaubender 3D-Effekt, der sich mit dem Licht ver\u00e4ndert. Der rasiermesserscharfe Druck auf Glas verleiht den Farben eine intensive Tiefe. Sie sind herzlich eingeladen, dieses spektakul\u00e4re Kunstwerk in unserem Ausstellungsraum bei Eliassen zu bewundern, oder es einfach und sicher online zu bestellen.<\/p>\n","protected":false},"excerpt":{"rendered":"<p>Dieses 160&#215;70 cm gro\u00dfe Glasgem\u00e4lde zeigt einen tauchenden Dagobert Duck inmitten eines Meeres von Goldm\u00fcnzen und Dollar-Details. Das Kunstwerk ist u.a. mit echten Strasssteinen auf seiner Brille verziert, was f\u00fcr einen luxuri\u00f6sen und lebendigen Look sorgt. Eine perfekte Wanddekoration f\u00fcr alle, die ein klassisches Disney-Thema mit einem modernen, schicken Twist lieben.<\/p>\n","protected":false},"featured_media":203709,"template":"","meta":{"_acf_changed":false,"_genesis_title":"","_genesis_description":""},"product_brand":[7505],"product_cat":[470,410,443,7035],"product_tag":[],"class_list":{"0":"post-203832","1":"product","2":"type-product","3":"status-publish","4":"has-post-thumbnail","6":"product_brand-sonstige","7":"product_cat-andere-groessen-von-glasgemaelden","8":"product_cat-gemaelde","9":"product_cat-glasmalereien","10":"product_cat-strass-glasgemaelde","12":"first","13":"instock","14":"taxable","15":"shipping-taxable","16":"purchasable","17":"product-type-simple"},"acf":[],"meta_all":{"cor_restricted_countries":[],"total_sales":"1"},"meta_all_flat":{"total_sales":"1"},"yoast_head":"<!-- This site is optimized with the Yoast SEO Premium plugin v26.2 (Yoast SEO v27.2) - https:\/\/yoast.com\/product\/yoast-seo-premium-wordpress\/ -->\n<title>Sonstige Strass-Glasmalerei Dagobert Duck in the money 160x70cm - Eliassen.nl<\/title>\n<meta name=\"description\" content=\"Luxuri\u00f6ses Strass-Glasgem\u00e4lde (160x70cm) einer tauchenden Dagobert Duck im Geld. Mit schimmernden Kristalldetails. Bestellen Sie diesen Blickfang jetzt bei Eliassen!\" \/>\n<meta name=\"robots\" content=\"index, follow, max-snippet:-1, max-image-preview:large, max-video-preview:-1\" \/>\n<link rel=\"canonical\" href=\"https:\/\/www.eliassen.nl\/de\/strass-glasmalerei-dagobert-duck-in-the-money-160x70cm\/\" \/>\n<meta property=\"og:locale\" content=\"de_DE\" \/>\n<meta property=\"og:type\" content=\"article\" \/>\n<meta property=\"og:title\" content=\"Sonstige Strass-Glasmalerei Dagobert Duck in the money 160x70cm - Eliassen.nl\" \/>\n<meta property=\"og:description\" content=\"Luxuri\u00f6ses Strass-Glasgem\u00e4lde (160x70cm) einer tauchenden Dagobert Duck im Geld. Mit schimmernden Kristalldetails. Bestellen Sie diesen Blickfang jetzt bei Eliassen!\" \/>\n<meta property=\"og:url\" content=\"https:\/\/www.eliassen.nl\/de\/strass-glasmalerei-dagobert-duck-in-the-money-160x70cm\/\" \/>\n<meta property=\"og:site_name\" content=\"Eliassen.nl\" \/>\n<meta property=\"article:publisher\" content=\"https:\/\/www.facebook.com\/TuincentrumEliassenAmmerzoden\" \/>\n<meta property=\"article:modified_time\" content=\"2026-02-25T19:31:50+00:00\" \/>\n<meta property=\"og:image\" content=\"https:\/\/www.eliassen.nl\/wp-content\/uploads\/2026\/01\/strass-glasschilderij-dagobert-duck-in-het-geld-Eliassen.nl_-scaled.jpg\" \/>\n\t<meta property=\"og:image:width\" content=\"2560\" \/>\n\t<meta property=\"og:image:height\" content=\"1116\" \/>\n\t<meta property=\"og:image:type\" content=\"image\/jpeg\" \/>\n<meta name=\"twitter:card\" content=\"summary_large_image\" \/>\n<script type=\"application\/ld+json\" class=\"yoast-schema-graph\">{\"@context\":\"https:\/\/schema.org\",\"@graph\":[{\"@type\":\"WebPage\",\"@id\":\"https:\/\/www.eliassen.nl\/de\/strass-glasmalerei-dagobert-duck-in-the-money-160x70cm\/\",\"url\":\"https:\/\/www.eliassen.nl\/de\/strass-glasmalerei-dagobert-duck-in-the-money-160x70cm\/\",\"name\":\"Sonstige Strass-Glasmalerei Dagobert Duck in the money 160x70cm - Eliassen.nl\",\"isPartOf\":{\"@id\":\"https:\/\/www.eliassen.nl\/de\/#website\"},\"primaryImageOfPage\":{\"@id\":\"https:\/\/www.eliassen.nl\/de\/strass-glasmalerei-dagobert-duck-in-the-money-160x70cm\/#primaryimage\"},\"image\":{\"@id\":\"https:\/\/www.eliassen.nl\/de\/strass-glasmalerei-dagobert-duck-in-the-money-160x70cm\/#primaryimage\"},\"thumbnailUrl\":\"https:\/\/www.eliassen.nl\/wp-content\/uploads\/2026\/01\/strass-glasschilderij-dagobert-duck-in-het-geld-Eliassen.nl_-scaled.jpg\",\"datePublished\":\"2026-01-16T15:35:14+00:00\",\"dateModified\":\"2026-02-25T19:31:50+00:00\",\"description\":\"Luxuri\u00f6ses Strass-Glasgem\u00e4lde (160x70cm) einer tauchenden Dagobert Duck im Geld. Mit schimmernden Kristalldetails. Bestellen Sie diesen Blickfang jetzt bei Eliassen!\",\"breadcrumb\":{\"@id\":\"https:\/\/www.eliassen.nl\/de\/strass-glasmalerei-dagobert-duck-in-the-money-160x70cm\/#breadcrumb\"},\"inLanguage\":\"de\",\"potentialAction\":[{\"@type\":\"ReadAction\",\"target\":[\"https:\/\/www.eliassen.nl\/de\/strass-glasmalerei-dagobert-duck-in-the-money-160x70cm\/\"]}]},{\"@type\":\"ImageObject\",\"inLanguage\":\"de\",\"@id\":\"https:\/\/www.eliassen.nl\/de\/strass-glasmalerei-dagobert-duck-in-the-money-160x70cm\/#primaryimage\",\"url\":\"https:\/\/www.eliassen.nl\/wp-content\/uploads\/2026\/01\/strass-glasschilderij-dagobert-duck-in-het-geld-Eliassen.nl_-scaled.jpg\",\"contentUrl\":\"https:\/\/www.eliassen.nl\/wp-content\/uploads\/2026\/01\/strass-glasschilderij-dagobert-duck-in-het-geld-Eliassen.nl_-scaled.jpg\",\"width\":2560,\"height\":1116,\"caption\":\"strass glasmalerei dagobert duck in the money - Eliassen.de\"},{\"@type\":\"BreadcrumbList\",\"@id\":\"https:\/\/www.eliassen.nl\/de\/strass-glasmalerei-dagobert-duck-in-the-money-160x70cm\/#breadcrumb\",\"itemListElement\":[{\"@type\":\"ListItem\",\"position\":1,\"name\":\"Home\",\"item\":\"https:\/\/www.eliassen.nl\/de\/\"},{\"@type\":\"ListItem\",\"position\":2,\"name\":\"Shop\",\"item\":\"https:\/\/www.eliassen.nl\/de\/shop\/\"},{\"@type\":\"ListItem\",\"position\":3,\"name\":\"Glasmalereien\",\"item\":\"https:\/\/www.eliassen.nl\/de\/gemaelde\/glasmalereien\/\"},{\"@type\":\"ListItem\",\"position\":4,\"name\":\"Strass-Glasmalerei Dagobert Duck in the money 160x70cm\"}]},{\"@type\":\"WebSite\",\"@id\":\"https:\/\/www.eliassen.nl\/de\/#website\",\"url\":\"https:\/\/www.eliassen.nl\/de\/\",\"name\":\"Eliassen Home & Garden Pleasure\",\"description\":\"\",\"publisher\":{\"@id\":\"https:\/\/www.eliassen.nl\/de\/#organization\"},\"alternateName\":\"Eliassen.nl\",\"potentialAction\":[{\"@type\":\"SearchAction\",\"target\":{\"@type\":\"EntryPoint\",\"urlTemplate\":\"https:\/\/www.eliassen.nl\/de\/?s={search_term_string}\"},\"query-input\":{\"@type\":\"PropertyValueSpecification\",\"valueRequired\":true,\"valueName\":\"search_term_string\"}}],\"inLanguage\":\"de\"},{\"@type\":[\"Organization\",\"Place\"],\"@id\":\"https:\/\/www.eliassen.nl\/de\/#organization\",\"name\":\"Eliassen Home & Garden Pleasure\",\"url\":\"https:\/\/www.eliassen.nl\/de\/\",\"logo\":{\"@id\":\"https:\/\/www.eliassen.nl\/de\/strass-glasmalerei-dagobert-duck-in-the-money-160x70cm\/#local-main-organization-logo\"},\"image\":{\"@id\":\"https:\/\/www.eliassen.nl\/de\/strass-glasmalerei-dagobert-duck-in-the-money-160x70cm\/#local-main-organization-logo\"},\"sameAs\":[\"https:\/\/www.facebook.com\/TuincentrumEliassenAmmerzoden\",\"https:\/\/www.instagram.com\/eliassenhomeandgarden\/\",\"https:\/\/nl.pinterest.com\/eliassenhomeandgarden\/\",\"https:\/\/www.youtube.com\/@eliassenhomegardenpleasure4558\"],\"telephone\":[],\"openingHoursSpecification\":[{\"@type\":\"OpeningHoursSpecification\",\"dayOfWeek\":[\"Monday\",\"Tuesday\",\"Wednesday\",\"Thursday\",\"Friday\",\"Saturday\",\"Sunday\"],\"opens\":\"09:00\",\"closes\":\"17:00\"}]},{\"@type\":\"ImageObject\",\"inLanguage\":\"de\",\"@id\":\"https:\/\/www.eliassen.nl\/de\/strass-glasmalerei-dagobert-duck-in-the-money-160x70cm\/#local-main-organization-logo\",\"url\":\"https:\/\/www.eliassen.nl\/wp-content\/uploads\/2024\/01\/logo_4nd.jpg\",\"contentUrl\":\"https:\/\/www.eliassen.nl\/wp-content\/uploads\/2024\/01\/logo_4nd.jpg\",\"width\":500,\"height\":500,\"caption\":\"Eliassen Home & Garden Pleasure\"}]}<\/script>\n<meta property=\"product:price:amount\" content=\"219.00\" \/>\n<meta property=\"product:price:currency\" content=\"EUR\" \/>\n<meta property=\"og:availability\" content=\"instock\" \/>\n<meta property=\"product:availability\" content=\"instock\" \/>\n<meta property=\"product:retailer_item_id\" content=\"S-376\" \/>\n<meta property=\"product:condition\" content=\"new\" \/>\n<!-- \/ Yoast SEO Premium plugin. -->","yoast_head_json":{"title":"Sonstige Strass-Glasmalerei Dagobert Duck in the money 160x70cm - Eliassen.nl","description":"Luxuri\u00f6ses Strass-Glasgem\u00e4lde (160x70cm) einer tauchenden Dagobert Duck im Geld. Mit schimmernden Kristalldetails. Bestellen Sie diesen Blickfang jetzt bei Eliassen!","robots":{"index":"index","follow":"follow","max-snippet":"max-snippet:-1","max-image-preview":"max-image-preview:large","max-video-preview":"max-video-preview:-1"},"canonical":"https:\/\/www.eliassen.nl\/de\/strass-glasmalerei-dagobert-duck-in-the-money-160x70cm\/","og_locale":"de_DE","og_type":"article","og_title":"Sonstige Strass-Glasmalerei Dagobert Duck in the money 160x70cm - Eliassen.nl","og_description":"Luxuri\u00f6ses Strass-Glasgem\u00e4lde (160x70cm) einer tauchenden Dagobert Duck im Geld. Mit schimmernden Kristalldetails. Bestellen Sie diesen Blickfang jetzt bei Eliassen!","og_url":"https:\/\/www.eliassen.nl\/de\/strass-glasmalerei-dagobert-duck-in-the-money-160x70cm\/","og_site_name":"Eliassen.nl","article_publisher":"https:\/\/www.facebook.com\/TuincentrumEliassenAmmerzoden","article_modified_time":"2026-02-25T19:31:50+00:00","og_image":[{"width":2560,"height":1116,"url":"https:\/\/www.eliassen.nl\/wp-content\/uploads\/2026\/01\/strass-glasschilderij-dagobert-duck-in-het-geld-Eliassen.nl_-scaled.jpg","type":"image\/jpeg"}],"twitter_card":"summary_large_image","schema":{"@context":"https:\/\/schema.org","@graph":[{"@type":"WebPage","@id":"https:\/\/www.eliassen.nl\/de\/strass-glasmalerei-dagobert-duck-in-the-money-160x70cm\/","url":"https:\/\/www.eliassen.nl\/de\/strass-glasmalerei-dagobert-duck-in-the-money-160x70cm\/","name":"Sonstige Strass-Glasmalerei Dagobert Duck in the money 160x70cm - Eliassen.nl","isPartOf":{"@id":"https:\/\/www.eliassen.nl\/de\/#website"},"primaryImageOfPage":{"@id":"https:\/\/www.eliassen.nl\/de\/strass-glasmalerei-dagobert-duck-in-the-money-160x70cm\/#primaryimage"},"image":{"@id":"https:\/\/www.eliassen.nl\/de\/strass-glasmalerei-dagobert-duck-in-the-money-160x70cm\/#primaryimage"},"thumbnailUrl":"https:\/\/www.eliassen.nl\/wp-content\/uploads\/2026\/01\/strass-glasschilderij-dagobert-duck-in-het-geld-Eliassen.nl_-scaled.jpg","datePublished":"2026-01-16T15:35:14+00:00","dateModified":"2026-02-25T19:31:50+00:00","description":"Luxuri\u00f6ses Strass-Glasgem\u00e4lde (160x70cm) einer tauchenden Dagobert Duck im Geld. Mit schimmernden Kristalldetails. Bestellen Sie diesen Blickfang jetzt bei Eliassen!","breadcrumb":{"@id":"https:\/\/www.eliassen.nl\/de\/strass-glasmalerei-dagobert-duck-in-the-money-160x70cm\/#breadcrumb"},"inLanguage":"de","potentialAction":[{"@type":"ReadAction","target":["https:\/\/www.eliassen.nl\/de\/strass-glasmalerei-dagobert-duck-in-the-money-160x70cm\/"]}]},{"@type":"ImageObject","inLanguage":"de","@id":"https:\/\/www.eliassen.nl\/de\/strass-glasmalerei-dagobert-duck-in-the-money-160x70cm\/#primaryimage","url":"https:\/\/www.eliassen.nl\/wp-content\/uploads\/2026\/01\/strass-glasschilderij-dagobert-duck-in-het-geld-Eliassen.nl_-scaled.jpg","contentUrl":"https:\/\/www.eliassen.nl\/wp-content\/uploads\/2026\/01\/strass-glasschilderij-dagobert-duck-in-het-geld-Eliassen.nl_-scaled.jpg","width":2560,"height":1116,"caption":"strass glasmalerei dagobert duck in the money - Eliassen.de"},{"@type":"BreadcrumbList","@id":"https:\/\/www.eliassen.nl\/de\/strass-glasmalerei-dagobert-duck-in-the-money-160x70cm\/#breadcrumb","itemListElement":[{"@type":"ListItem","position":1,"name":"Home","item":"https:\/\/www.eliassen.nl\/de\/"},{"@type":"ListItem","position":2,"name":"Shop","item":"https:\/\/www.eliassen.nl\/de\/shop\/"},{"@type":"ListItem","position":3,"name":"Glasmalereien","item":"https:\/\/www.eliassen.nl\/de\/gemaelde\/glasmalereien\/"},{"@type":"ListItem","position":4,"name":"Strass-Glasmalerei Dagobert Duck in the money 160x70cm"}]},{"@type":"WebSite","@id":"https:\/\/www.eliassen.nl\/de\/#website","url":"https:\/\/www.eliassen.nl\/de\/","name":"Eliassen Home & Garden Pleasure","description":"","publisher":{"@id":"https:\/\/www.eliassen.nl\/de\/#organization"},"alternateName":"Eliassen.nl","potentialAction":[{"@type":"SearchAction","target":{"@type":"EntryPoint","urlTemplate":"https:\/\/www.eliassen.nl\/de\/?s={search_term_string}"},"query-input":{"@type":"PropertyValueSpecification","valueRequired":true,"valueName":"search_term_string"}}],"inLanguage":"de"},{"@type":["Organization","Place"],"@id":"https:\/\/www.eliassen.nl\/de\/#organization","name":"Eliassen Home & Garden Pleasure","url":"https:\/\/www.eliassen.nl\/de\/","logo":{"@id":"https:\/\/www.eliassen.nl\/de\/strass-glasmalerei-dagobert-duck-in-the-money-160x70cm\/#local-main-organization-logo"},"image":{"@id":"https:\/\/www.eliassen.nl\/de\/strass-glasmalerei-dagobert-duck-in-the-money-160x70cm\/#local-main-organization-logo"},"sameAs":["https:\/\/www.facebook.com\/TuincentrumEliassenAmmerzoden","https:\/\/www.instagram.com\/eliassenhomeandgarden\/","https:\/\/nl.pinterest.com\/eliassenhomeandgarden\/","https:\/\/www.youtube.com\/@eliassenhomegardenpleasure4558"],"telephone":[],"openingHoursSpecification":[{"@type":"OpeningHoursSpecification","dayOfWeek":["Monday","Tuesday","Wednesday","Thursday","Friday","Saturday","Sunday"],"opens":"09:00","closes":"17:00"}]},{"@type":"ImageObject","inLanguage":"de","@id":"https:\/\/www.eliassen.nl\/de\/strass-glasmalerei-dagobert-duck-in-the-money-160x70cm\/#local-main-organization-logo","url":"https:\/\/www.eliassen.nl\/wp-content\/uploads\/2024\/01\/logo_4nd.jpg","contentUrl":"https:\/\/www.eliassen.nl\/wp-content\/uploads\/2024\/01\/logo_4nd.jpg","width":500,"height":500,"caption":"Eliassen Home & Garden Pleasure"}]},"product_price_amount":"219.00","product_price_currency":"EUR","og_availability":"instock","product_availability":"instock","product_retailer_item_id":"S-376","product_condition":"new"},"df_price":219,"df_sale_price":"","df_regular_price":219,"df_image_link":"https:\/\/www.eliassen.nl\/wp-content\/uploads\/2026\/01\/strass-glasschilderij-dagobert-duck-in-het-geld-Eliassen.nl_-300x131.jpg","image":"https:\/\/www.eliassen.nl\/wp-content\/uploads\/2026\/01\/strass-glasschilderij-dagobert-duck-in-het-geld-Eliassen.nl_-150x150.jpg","price_search":"<span class=\"woocommerce-Price-amount amount\"><bdi><span class=\"woocommerce-Price-currencySymbol\">&euro;<\/span>&nbsp;219,00<\/bdi><\/span>","category":"Andere Gr\u00f6\u00dfen von Glasgem\u00e4lden","global_unique_id":"","_links":{"self":[{"href":"https:\/\/www.eliassen.nl\/de\/wp-json\/wp\/v2\/product\/203832","targetHints":{"allow":["GET"]}}],"collection":[{"href":"https:\/\/www.eliassen.nl\/de\/wp-json\/wp\/v2\/product"}],"about":[{"href":"https:\/\/www.eliassen.nl\/de\/wp-json\/wp\/v2\/types\/product"}],"wp:featuredmedia":[{"embeddable":true,"href":"https:\/\/www.eliassen.nl\/de\/wp-json\/wp\/v2\/media\/203709"}],"wp:attachment":[{"href":"https:\/\/www.eliassen.nl\/de\/wp-json\/wp\/v2\/media?parent=203832"}],"wp:term":[{"taxonomy":"product_brand","embeddable":true,"href":"https:\/\/www.eliassen.nl\/de\/wp-json\/wp\/v2\/product_brand?post=203832"},{"taxonomy":"product_cat","embeddable":true,"href":"https:\/\/www.eliassen.nl\/de\/wp-json\/wp\/v2\/product_cat?post=203832"},{"taxonomy":"product_tag","embeddable":true,"href":"https:\/\/www.eliassen.nl\/de\/wp-json\/wp\/v2\/product_tag?post=203832"}],"curies":[{"name":"wp","href":"https:\/\/api.w.org\/{rel}","templated":true}]}}