{"id":203831,"date":"2026-01-16T16:32:45","date_gmt":"2026-01-16T15:32:45","guid":{"rendered":"https:\/\/www.eliassen.nl\/product\/strass-glasmalerei-dagobert-duck-time-is-money-80x120cm\/"},"modified":"2026-02-06T10:01:55","modified_gmt":"2026-02-06T09:01:55","slug":"strass-glasmalerei-dagobert-duck-time-is-money-80x120cm","status":"publish","type":"product","link":"https:\/\/www.eliassen.nl\/de\/strass-glasmalerei-dagobert-duck-time-is-money-80x120cm\/","title":{"rendered":"Strass Glasmalerei Dagobert Duck Time is Money 80x120cm"},"content":{"rendered":"<p data-path-to-node=\"2\">Machen Sie Eindruck mit diesem exklusiven und coolen Strass-Glasbild &#8218;Dagobert Duck &#8211; Time is Money&#8216;. Mit einer gro\u00dfz\u00fcgigen Gr\u00f6\u00dfe von 80 x 120 cm ist dieses Kunstwerk ein dominanter Blickfang, der Luxus und Macht ausstrahlt. Die reichste Ente der Welt wird hier als seri\u00f6ser Gesch\u00e4ftsmann mit Gangster-Ambitionen dargestellt, gekleidet in einen engen dunkelblauen Anzug mit roter Fliege und seinem unzertrennlichen Zylinderhut.<\/p>\n<p data-path-to-node=\"3\">Das Thema &#8218;Zeit ist Geld&#8216; wird durch die gro\u00dfe, luxuri\u00f6se Taschenuhr im Rolex-Stil deutlich, die prominent im Hintergrund h\u00e4ngt, umgeben von wirbelnden Dollarnoten. In seinen H\u00e4nden h\u00e4lt Dagobert fest eine goldfarbene Pistole, die seine sch\u00fctzende Haltung gegen\u00fcber seinem Verm\u00f6gen unterstreicht. Das Gem\u00e4lde erh\u00e4lt sein einzigartiges und kostbares Aussehen durch die Einarbeitung von echten Strasssteinen. Diese schimmernden Kristalle sind reichlich auf der goldenen Pistole, dem Zifferblatt und dem Text auf der Unterseite appliziert und lassen das Kunstwerk buchst\u00e4blich im Licht funkeln.<\/p>\n<p data-path-to-node=\"4\">Das gestochen scharfe Bild auf Glas sorgt f\u00fcr satte Farben und einen modernen Effekt. Dies ist die ultimative Wanddekoration f\u00fcr ein B\u00fcro, ein Wohnzimmer oder eine &#8222;M\u00e4nnerh\u00f6hle&#8220;. Sie sind herzlich eingeladen, dieses au\u00dfergew\u00f6hnliche Kunstwerk in unserem Ausstellungsraum bei Eliassen zu besichtigen, oder es einfach und sicher online zu bestellen.<\/p>\n","protected":false},"excerpt":{"rendered":"<p>Dieses beeindruckende 80&#215;120 cm gro\u00dfe Glasgem\u00e4lde zeigt Dagobert Duck in einer coolen &#8218;Time is Money&#8216; Umgebung, komplett mit einer Luxusuhr und einer goldenen Pistole. Das Kunstwerk ist mit glitzernden Strasssteinen auf dem Wappen und den Details veredelt, wodurch ein atemberaubender 3D-Effekt und ein exklusiver Look entsteht. Ein starkes Statement f\u00fcr jede moderne Einrichtung.<\/p>\n","protected":false},"featured_media":203775,"template":"","meta":{"_acf_changed":false,"_genesis_title":"","_genesis_description":""},"product_brand":[],"product_cat":[410,455,443,7035],"product_tag":[],"class_list":{"0":"post-203831","1":"product","2":"type-product","3":"status-publish","4":"has-post-thumbnail","6":"product_cat-gemaelde","7":"product_cat-glasmalerei-im-format-80x120cm","8":"product_cat-glasmalereien","9":"product_cat-strass-glasgemaelde","11":"first","12":"instock","13":"taxable","14":"shipping-taxable","15":"purchasable","16":"product-type-simple"},"acf":[],"meta_all":{"cor_restricted_countries":[],"total_sales":"1"},"meta_all_flat":{"total_sales":"1"},"yoast_head":"<!-- This site is optimized with the Yoast SEO Premium plugin v26.2 (Yoast SEO v27.2) - https:\/\/yoast.com\/product\/yoast-seo-premium-wordpress\/ -->\n<title>Strass Glasmalerei Dagobert Duck Time is Money 80x120cm - Eliassen.nl<\/title>\n<meta name=\"description\" content=\"Exklusive Strassglasmalerei Dagobert Duck &#039;Zeit ist Geld&#039; (80x120cm). Mit Goldpistole, Luxusuhr und glitzernden Steinen. Bestellen Sie jetzt bei Eliassen!\" \/>\n<meta name=\"robots\" content=\"index, follow, max-snippet:-1, max-image-preview:large, max-video-preview:-1\" \/>\n<link rel=\"canonical\" href=\"https:\/\/www.eliassen.nl\/de\/strass-glasmalerei-dagobert-duck-time-is-money-80x120cm\/\" \/>\n<meta property=\"og:locale\" content=\"de_DE\" \/>\n<meta property=\"og:type\" content=\"article\" \/>\n<meta property=\"og:title\" content=\"Strass Glasmalerei Dagobert Duck Time is Money 80x120cm - Eliassen.nl\" \/>\n<meta property=\"og:description\" content=\"Exklusive Strassglasmalerei Dagobert Duck &#039;Zeit ist Geld&#039; (80x120cm). Mit Goldpistole, Luxusuhr und glitzernden Steinen. Bestellen Sie jetzt bei Eliassen!\" \/>\n<meta property=\"og:url\" content=\"https:\/\/www.eliassen.nl\/de\/strass-glasmalerei-dagobert-duck-time-is-money-80x120cm\/\" \/>\n<meta property=\"og:site_name\" content=\"Eliassen.nl\" \/>\n<meta property=\"article:publisher\" content=\"https:\/\/www.facebook.com\/TuincentrumEliassenAmmerzoden\" \/>\n<meta property=\"article:modified_time\" content=\"2026-02-06T09:01:55+00:00\" \/>\n<meta property=\"og:image\" content=\"https:\/\/www.eliassen.nl\/wp-content\/uploads\/2026\/01\/strass-glasschilderij-dagobert-duck-Eliassen.nl_-scaled.jpg\" \/>\n\t<meta property=\"og:image:width\" content=\"1722\" \/>\n\t<meta property=\"og:image:height\" content=\"2560\" \/>\n\t<meta property=\"og:image:type\" content=\"image\/jpeg\" \/>\n<meta name=\"twitter:card\" content=\"summary_large_image\" \/>\n<script type=\"application\/ld+json\" class=\"yoast-schema-graph\">{\"@context\":\"https:\/\/schema.org\",\"@graph\":[{\"@type\":\"WebPage\",\"@id\":\"https:\/\/www.eliassen.nl\/de\/strass-glasmalerei-dagobert-duck-time-is-money-80x120cm\/\",\"url\":\"https:\/\/www.eliassen.nl\/de\/strass-glasmalerei-dagobert-duck-time-is-money-80x120cm\/\",\"name\":\"Strass Glasmalerei Dagobert Duck Time is Money 80x120cm - Eliassen.nl\",\"isPartOf\":{\"@id\":\"https:\/\/www.eliassen.nl\/de\/#website\"},\"primaryImageOfPage\":{\"@id\":\"https:\/\/www.eliassen.nl\/de\/strass-glasmalerei-dagobert-duck-time-is-money-80x120cm\/#primaryimage\"},\"image\":{\"@id\":\"https:\/\/www.eliassen.nl\/de\/strass-glasmalerei-dagobert-duck-time-is-money-80x120cm\/#primaryimage\"},\"thumbnailUrl\":\"https:\/\/www.eliassen.nl\/wp-content\/uploads\/2026\/01\/strass-glasschilderij-dagobert-duck-Eliassen.nl_-scaled.jpg\",\"datePublished\":\"2026-01-16T15:32:45+00:00\",\"dateModified\":\"2026-02-06T09:01:55+00:00\",\"description\":\"Exklusive Strassglasmalerei Dagobert Duck 'Zeit ist Geld' (80x120cm). Mit Goldpistole, Luxusuhr und glitzernden Steinen. Bestellen Sie jetzt bei Eliassen!\",\"breadcrumb\":{\"@id\":\"https:\/\/www.eliassen.nl\/de\/strass-glasmalerei-dagobert-duck-time-is-money-80x120cm\/#breadcrumb\"},\"inLanguage\":\"de\",\"potentialAction\":[{\"@type\":\"ReadAction\",\"target\":[\"https:\/\/www.eliassen.nl\/de\/strass-glasmalerei-dagobert-duck-time-is-money-80x120cm\/\"]}]},{\"@type\":\"ImageObject\",\"inLanguage\":\"de\",\"@id\":\"https:\/\/www.eliassen.nl\/de\/strass-glasmalerei-dagobert-duck-time-is-money-80x120cm\/#primaryimage\",\"url\":\"https:\/\/www.eliassen.nl\/wp-content\/uploads\/2026\/01\/strass-glasschilderij-dagobert-duck-Eliassen.nl_-scaled.jpg\",\"contentUrl\":\"https:\/\/www.eliassen.nl\/wp-content\/uploads\/2026\/01\/strass-glasschilderij-dagobert-duck-Eliassen.nl_-scaled.jpg\",\"width\":1722,\"height\":2560,\"caption\":\"Strassglasmalerei dagobert duck - Eliassen.nl\"},{\"@type\":\"BreadcrumbList\",\"@id\":\"https:\/\/www.eliassen.nl\/de\/strass-glasmalerei-dagobert-duck-time-is-money-80x120cm\/#breadcrumb\",\"itemListElement\":[{\"@type\":\"ListItem\",\"position\":1,\"name\":\"Home\",\"item\":\"https:\/\/www.eliassen.nl\/de\/\"},{\"@type\":\"ListItem\",\"position\":2,\"name\":\"Shop\",\"item\":\"https:\/\/www.eliassen.nl\/de\/shop\/\"},{\"@type\":\"ListItem\",\"position\":3,\"name\":\"Glasmalereien\",\"item\":\"https:\/\/www.eliassen.nl\/de\/gemaelde\/glasmalereien\/\"},{\"@type\":\"ListItem\",\"position\":4,\"name\":\"Strass Glasmalerei Dagobert Duck Time is Money 80x120cm\"}]},{\"@type\":\"WebSite\",\"@id\":\"https:\/\/www.eliassen.nl\/de\/#website\",\"url\":\"https:\/\/www.eliassen.nl\/de\/\",\"name\":\"Eliassen Home & Garden Pleasure\",\"description\":\"\",\"publisher\":{\"@id\":\"https:\/\/www.eliassen.nl\/de\/#organization\"},\"alternateName\":\"Eliassen.nl\",\"potentialAction\":[{\"@type\":\"SearchAction\",\"target\":{\"@type\":\"EntryPoint\",\"urlTemplate\":\"https:\/\/www.eliassen.nl\/de\/?s={search_term_string}\"},\"query-input\":{\"@type\":\"PropertyValueSpecification\",\"valueRequired\":true,\"valueName\":\"search_term_string\"}}],\"inLanguage\":\"de\"},{\"@type\":[\"Organization\",\"Place\"],\"@id\":\"https:\/\/www.eliassen.nl\/de\/#organization\",\"name\":\"Eliassen Home & Garden Pleasure\",\"url\":\"https:\/\/www.eliassen.nl\/de\/\",\"logo\":{\"@id\":\"https:\/\/www.eliassen.nl\/de\/strass-glasmalerei-dagobert-duck-time-is-money-80x120cm\/#local-main-organization-logo\"},\"image\":{\"@id\":\"https:\/\/www.eliassen.nl\/de\/strass-glasmalerei-dagobert-duck-time-is-money-80x120cm\/#local-main-organization-logo\"},\"sameAs\":[\"https:\/\/www.facebook.com\/TuincentrumEliassenAmmerzoden\",\"https:\/\/www.instagram.com\/eliassenhomeandgarden\/\",\"https:\/\/nl.pinterest.com\/eliassenhomeandgarden\/\",\"https:\/\/www.youtube.com\/@eliassenhomegardenpleasure4558\"],\"telephone\":[],\"openingHoursSpecification\":[{\"@type\":\"OpeningHoursSpecification\",\"dayOfWeek\":[\"Monday\",\"Tuesday\",\"Wednesday\",\"Thursday\",\"Friday\",\"Saturday\",\"Sunday\"],\"opens\":\"09:00\",\"closes\":\"17:00\"}]},{\"@type\":\"ImageObject\",\"inLanguage\":\"de\",\"@id\":\"https:\/\/www.eliassen.nl\/de\/strass-glasmalerei-dagobert-duck-time-is-money-80x120cm\/#local-main-organization-logo\",\"url\":\"https:\/\/www.eliassen.nl\/wp-content\/uploads\/2024\/01\/logo_4nd.jpg\",\"contentUrl\":\"https:\/\/www.eliassen.nl\/wp-content\/uploads\/2024\/01\/logo_4nd.jpg\",\"width\":500,\"height\":500,\"caption\":\"Eliassen Home & Garden Pleasure\"}]}<\/script>\n<meta property=\"product:price:amount\" content=\"189.00\" \/>\n<meta property=\"product:price:currency\" content=\"EUR\" \/>\n<meta property=\"og:availability\" content=\"instock\" \/>\n<meta property=\"product:availability\" content=\"instock\" \/>\n<meta property=\"product:retailer_item_id\" content=\"S-377\" \/>\n<meta property=\"product:condition\" content=\"new\" \/>\n<!-- \/ Yoast SEO Premium plugin. -->","yoast_head_json":{"title":"Strass Glasmalerei Dagobert Duck Time is Money 80x120cm - Eliassen.nl","description":"Exklusive Strassglasmalerei Dagobert Duck 'Zeit ist Geld' (80x120cm). Mit Goldpistole, Luxusuhr und glitzernden Steinen. Bestellen Sie jetzt bei Eliassen!","robots":{"index":"index","follow":"follow","max-snippet":"max-snippet:-1","max-image-preview":"max-image-preview:large","max-video-preview":"max-video-preview:-1"},"canonical":"https:\/\/www.eliassen.nl\/de\/strass-glasmalerei-dagobert-duck-time-is-money-80x120cm\/","og_locale":"de_DE","og_type":"article","og_title":"Strass Glasmalerei Dagobert Duck Time is Money 80x120cm - Eliassen.nl","og_description":"Exklusive Strassglasmalerei Dagobert Duck 'Zeit ist Geld' (80x120cm). Mit Goldpistole, Luxusuhr und glitzernden Steinen. Bestellen Sie jetzt bei Eliassen!","og_url":"https:\/\/www.eliassen.nl\/de\/strass-glasmalerei-dagobert-duck-time-is-money-80x120cm\/","og_site_name":"Eliassen.nl","article_publisher":"https:\/\/www.facebook.com\/TuincentrumEliassenAmmerzoden","article_modified_time":"2026-02-06T09:01:55+00:00","og_image":[{"width":1722,"height":2560,"url":"https:\/\/www.eliassen.nl\/wp-content\/uploads\/2026\/01\/strass-glasschilderij-dagobert-duck-Eliassen.nl_-scaled.jpg","type":"image\/jpeg"}],"twitter_card":"summary_large_image","schema":{"@context":"https:\/\/schema.org","@graph":[{"@type":"WebPage","@id":"https:\/\/www.eliassen.nl\/de\/strass-glasmalerei-dagobert-duck-time-is-money-80x120cm\/","url":"https:\/\/www.eliassen.nl\/de\/strass-glasmalerei-dagobert-duck-time-is-money-80x120cm\/","name":"Strass Glasmalerei Dagobert Duck Time is Money 80x120cm - Eliassen.nl","isPartOf":{"@id":"https:\/\/www.eliassen.nl\/de\/#website"},"primaryImageOfPage":{"@id":"https:\/\/www.eliassen.nl\/de\/strass-glasmalerei-dagobert-duck-time-is-money-80x120cm\/#primaryimage"},"image":{"@id":"https:\/\/www.eliassen.nl\/de\/strass-glasmalerei-dagobert-duck-time-is-money-80x120cm\/#primaryimage"},"thumbnailUrl":"https:\/\/www.eliassen.nl\/wp-content\/uploads\/2026\/01\/strass-glasschilderij-dagobert-duck-Eliassen.nl_-scaled.jpg","datePublished":"2026-01-16T15:32:45+00:00","dateModified":"2026-02-06T09:01:55+00:00","description":"Exklusive Strassglasmalerei Dagobert Duck 'Zeit ist Geld' (80x120cm). Mit Goldpistole, Luxusuhr und glitzernden Steinen. Bestellen Sie jetzt bei Eliassen!","breadcrumb":{"@id":"https:\/\/www.eliassen.nl\/de\/strass-glasmalerei-dagobert-duck-time-is-money-80x120cm\/#breadcrumb"},"inLanguage":"de","potentialAction":[{"@type":"ReadAction","target":["https:\/\/www.eliassen.nl\/de\/strass-glasmalerei-dagobert-duck-time-is-money-80x120cm\/"]}]},{"@type":"ImageObject","inLanguage":"de","@id":"https:\/\/www.eliassen.nl\/de\/strass-glasmalerei-dagobert-duck-time-is-money-80x120cm\/#primaryimage","url":"https:\/\/www.eliassen.nl\/wp-content\/uploads\/2026\/01\/strass-glasschilderij-dagobert-duck-Eliassen.nl_-scaled.jpg","contentUrl":"https:\/\/www.eliassen.nl\/wp-content\/uploads\/2026\/01\/strass-glasschilderij-dagobert-duck-Eliassen.nl_-scaled.jpg","width":1722,"height":2560,"caption":"Strassglasmalerei dagobert duck - Eliassen.nl"},{"@type":"BreadcrumbList","@id":"https:\/\/www.eliassen.nl\/de\/strass-glasmalerei-dagobert-duck-time-is-money-80x120cm\/#breadcrumb","itemListElement":[{"@type":"ListItem","position":1,"name":"Home","item":"https:\/\/www.eliassen.nl\/de\/"},{"@type":"ListItem","position":2,"name":"Shop","item":"https:\/\/www.eliassen.nl\/de\/shop\/"},{"@type":"ListItem","position":3,"name":"Glasmalereien","item":"https:\/\/www.eliassen.nl\/de\/gemaelde\/glasmalereien\/"},{"@type":"ListItem","position":4,"name":"Strass Glasmalerei Dagobert Duck Time is Money 80x120cm"}]},{"@type":"WebSite","@id":"https:\/\/www.eliassen.nl\/de\/#website","url":"https:\/\/www.eliassen.nl\/de\/","name":"Eliassen Home & Garden Pleasure","description":"","publisher":{"@id":"https:\/\/www.eliassen.nl\/de\/#organization"},"alternateName":"Eliassen.nl","potentialAction":[{"@type":"SearchAction","target":{"@type":"EntryPoint","urlTemplate":"https:\/\/www.eliassen.nl\/de\/?s={search_term_string}"},"query-input":{"@type":"PropertyValueSpecification","valueRequired":true,"valueName":"search_term_string"}}],"inLanguage":"de"},{"@type":["Organization","Place"],"@id":"https:\/\/www.eliassen.nl\/de\/#organization","name":"Eliassen Home & Garden Pleasure","url":"https:\/\/www.eliassen.nl\/de\/","logo":{"@id":"https:\/\/www.eliassen.nl\/de\/strass-glasmalerei-dagobert-duck-time-is-money-80x120cm\/#local-main-organization-logo"},"image":{"@id":"https:\/\/www.eliassen.nl\/de\/strass-glasmalerei-dagobert-duck-time-is-money-80x120cm\/#local-main-organization-logo"},"sameAs":["https:\/\/www.facebook.com\/TuincentrumEliassenAmmerzoden","https:\/\/www.instagram.com\/eliassenhomeandgarden\/","https:\/\/nl.pinterest.com\/eliassenhomeandgarden\/","https:\/\/www.youtube.com\/@eliassenhomegardenpleasure4558"],"telephone":[],"openingHoursSpecification":[{"@type":"OpeningHoursSpecification","dayOfWeek":["Monday","Tuesday","Wednesday","Thursday","Friday","Saturday","Sunday"],"opens":"09:00","closes":"17:00"}]},{"@type":"ImageObject","inLanguage":"de","@id":"https:\/\/www.eliassen.nl\/de\/strass-glasmalerei-dagobert-duck-time-is-money-80x120cm\/#local-main-organization-logo","url":"https:\/\/www.eliassen.nl\/wp-content\/uploads\/2024\/01\/logo_4nd.jpg","contentUrl":"https:\/\/www.eliassen.nl\/wp-content\/uploads\/2024\/01\/logo_4nd.jpg","width":500,"height":500,"caption":"Eliassen Home & Garden Pleasure"}]},"product_price_amount":"189.00","product_price_currency":"EUR","og_availability":"instock","product_availability":"instock","product_retailer_item_id":"S-377","product_condition":"new"},"df_price":189,"df_sale_price":"","df_regular_price":189,"df_image_link":"https:\/\/www.eliassen.nl\/wp-content\/uploads\/2026\/01\/strass-glasschilderij-dagobert-duck-Eliassen.nl_-202x300.jpg","image":"https:\/\/www.eliassen.nl\/wp-content\/uploads\/2026\/01\/strass-glasschilderij-dagobert-duck-Eliassen.nl_-150x150.jpg","price_search":"<span class=\"woocommerce-Price-amount amount\"><bdi><span class=\"woocommerce-Price-currencySymbol\">&euro;<\/span>&nbsp;189,00<\/bdi><\/span>","category":"Gem\u00e4lde","global_unique_id":"","_links":{"self":[{"href":"https:\/\/www.eliassen.nl\/de\/wp-json\/wp\/v2\/product\/203831","targetHints":{"allow":["GET"]}}],"collection":[{"href":"https:\/\/www.eliassen.nl\/de\/wp-json\/wp\/v2\/product"}],"about":[{"href":"https:\/\/www.eliassen.nl\/de\/wp-json\/wp\/v2\/types\/product"}],"wp:featuredmedia":[{"embeddable":true,"href":"https:\/\/www.eliassen.nl\/de\/wp-json\/wp\/v2\/media\/203775"}],"wp:attachment":[{"href":"https:\/\/www.eliassen.nl\/de\/wp-json\/wp\/v2\/media?parent=203831"}],"wp:term":[{"taxonomy":"product_brand","embeddable":true,"href":"https:\/\/www.eliassen.nl\/de\/wp-json\/wp\/v2\/product_brand?post=203831"},{"taxonomy":"product_cat","embeddable":true,"href":"https:\/\/www.eliassen.nl\/de\/wp-json\/wp\/v2\/product_cat?post=203831"},{"taxonomy":"product_tag","embeddable":true,"href":"https:\/\/www.eliassen.nl\/de\/wp-json\/wp\/v2\/product_tag?post=203831"}],"curies":[{"name":"wp","href":"https:\/\/api.w.org\/{rel}","templated":true}]}}