{"id":20365,"date":"2019-12-04T12:25:19","date_gmt":"2019-12-04T12:25:19","guid":{"rendered":"https:\/\/www.eliassen.nl\/?product=miniatuur-blik-scooter-kerst"},"modified":"2025-12-20T12:16:42","modified_gmt":"2025-12-20T11:16:42","slug":"miniatur-blechroller-weihnachten","status":"publish","type":"product","link":"https:\/\/www.eliassen.nl\/de\/miniatur-blechroller-weihnachten\/","title":{"rendered":"Miniatur-Blechroller Weihnachten"},"content":{"rendered":"<div class=\"product-tabs row\">\n<div class=\"tabsPages\">\n<div class=\"page info active\">\n<p>Sch\u00f6nes handgefertigtes gro\u00dfes Modell eines Motorrollers in Weihnachtsstimmung. Ein absoluter Stimmungsmacher in den dunklen Tagen. Hergestellt aus Zinn mit h\u00f6chster Genauigkeit, mit vielen kleinen Details. Ein sehr sch\u00f6nes Dekorationsst\u00fcck f\u00fcr Ihr Zuhause oder Ihr Gesch\u00e4ft.<\/p>\n<p>Farben und Details k\u00f6nnen leicht vom Foto abweichen, da es sich um handgefertigte Produkte handelt. Fast alles aus dieser Serie k\u00f6nnen Sie sich auch in unserem Shop ansehen<\/p>\n<ul>\n<li>Material: Wei\u00dfblech<\/li>\n<li>Gr\u00f6\u00dfe: 20x12x28cm<\/li>\n<li>Verpackt in stabilem Karton<\/li>\n<li>Schnelle Lieferung<\/li>\n<li>Bitte beachten Sie, dass es sich hierbei nicht um ein Spielzeug handelt.<\/li>\n<\/ul>\n<\/div>\n<\/div>\n<\/div>\n<div class=\"product-actions row\">\n<div class=\"social-media col-xs-12 col-md-4\">\n<div class=\"social-block social-block-facebook\"> <\/div>\n<\/div>\n<\/div>\n","protected":false},"excerpt":{"rendered":"<p>Sch\u00f6nes handgefertigtes gro\u00dfes Modell eines Motorrollers in Weihnachtsstimmung. Ein absoluter Stimmungsmacher in den dunklen Tagen. Hergestellt aus Zinn mit h\u00f6chster Genauigkeit, mit vielen kleinen Details. Ein sehr sch\u00f6nes Dekorationsst\u00fcck f\u00fcr Ihr Zuhause oder Ihr Gesch\u00e4ft. Farben und Details k\u00f6nnen leicht vom Foto abweichen, da es sich um handgefertigte Produkte handelt. Fast alles aus dieser Serie &hellip;<\/p>\n","protected":false},"featured_media":20362,"template":"","meta":{"_acf_changed":false,"_genesis_title":"","_genesis_description":""},"product_brand":[7505],"product_cat":[659,668,7468],"product_tag":[],"class_list":{"0":"post-20365","1":"product","2":"type-product","3":"status-publish","4":"has-post-thumbnail","6":"product_brand-sonstige","7":"product_cat-dekoration-aus-metall","8":"product_cat-miniaturfahrzeuge-aus-metall","9":"product_cat-weihnachtsdekoration","11":"first","12":"instock","13":"sale","14":"taxable","15":"shipping-taxable","16":"purchasable","17":"product-type-simple"},"acf":[],"meta_all":{"total_sales":"4","wcml_sync_hash":{"postmeta_fields":"de648abb130dda30528ccb879271176e"},"attr_label_translations":[]},"meta_all_flat":{"total_sales":"4","wcml_sync_hash.postmeta_fields":"de648abb130dda30528ccb879271176e"},"yoast_head":"<!-- This site is optimized with the Yoast SEO Premium plugin v26.2 (Yoast SEO v27.2) - https:\/\/yoast.com\/product\/yoast-seo-premium-wordpress\/ -->\n<title>Miniatur-Blechroller Weihnachten - Eliassen<\/title>\n<meta name=\"description\" content=\"Suchen Sie eine Figur? Bestellen Sie jetzt Miniatur-Blechdosen-Roller Weihnachten. Kaufen Sie Metallfiguren ganz einfach auf unserer Website. Gro\u00dfe Auswahl \u2713 Schnelle Lieferung\" \/>\n<meta name=\"robots\" content=\"index, follow, max-snippet:-1, max-image-preview:large, max-video-preview:-1\" \/>\n<link rel=\"canonical\" href=\"https:\/\/www.eliassen.nl\/de\/miniatur-blechroller-weihnachten\/\" \/>\n<meta property=\"og:locale\" content=\"de_DE\" \/>\n<meta property=\"og:type\" content=\"article\" \/>\n<meta property=\"og:title\" content=\"Sonstige Miniatur-Blechroller Weihnachten - Eliassen.nl\" \/>\n<meta property=\"og:description\" content=\"Suchen Sie eine Figur? Bestellen Sie jetzt Miniatur-Blechdosen-Roller Weihnachten. Kaufen Sie Metallfiguren ganz einfach auf unserer Website. Gro\u00dfe Auswahl \u2713 Schnelle Lieferung\" \/>\n<meta property=\"og:url\" content=\"https:\/\/www.eliassen.nl\/de\/miniatur-blechroller-weihnachten\/\" \/>\n<meta property=\"og:site_name\" content=\"Eliassen.nl\" \/>\n<meta property=\"article:publisher\" content=\"https:\/\/www.facebook.com\/TuincentrumEliassenAmmerzoden\" \/>\n<meta property=\"article:modified_time\" content=\"2025-12-20T11:16:42+00:00\" \/>\n<meta property=\"og:image\" content=\"https:\/\/www.eliassen.nl\/wp-content\/uploads\/2024\/01\/bl303.jpg\" \/>\n\t<meta property=\"og:image:width\" content=\"2048\" \/>\n\t<meta property=\"og:image:height\" content=\"1631\" \/>\n\t<meta property=\"og:image:type\" content=\"image\/jpeg\" \/>\n<meta name=\"twitter:card\" content=\"summary_large_image\" \/>\n<script type=\"application\/ld+json\" class=\"yoast-schema-graph\">{\"@context\":\"https:\/\/schema.org\",\"@graph\":[{\"@type\":\"WebPage\",\"@id\":\"https:\/\/www.eliassen.nl\/de\/miniatur-blechroller-weihnachten\/\",\"url\":\"https:\/\/www.eliassen.nl\/de\/miniatur-blechroller-weihnachten\/\",\"name\":\"Miniatur-Blechroller Weihnachten - Eliassen\",\"isPartOf\":{\"@id\":\"https:\/\/www.eliassen.nl\/de\/#website\"},\"primaryImageOfPage\":{\"@id\":\"https:\/\/www.eliassen.nl\/de\/miniatur-blechroller-weihnachten\/#primaryimage\"},\"image\":{\"@id\":\"https:\/\/www.eliassen.nl\/de\/miniatur-blechroller-weihnachten\/#primaryimage\"},\"thumbnailUrl\":\"https:\/\/www.eliassen.nl\/wp-content\/uploads\/2024\/01\/bl303.jpg\",\"datePublished\":\"2019-12-04T12:25:19+00:00\",\"dateModified\":\"2025-12-20T11:16:42+00:00\",\"description\":\"Suchen Sie eine Figur? Bestellen Sie jetzt Miniatur-Blechdosen-Roller Weihnachten. Kaufen Sie Metallfiguren ganz einfach auf unserer Website. Gro\u00dfe Auswahl \u2713 Schnelle Lieferung\",\"breadcrumb\":{\"@id\":\"https:\/\/www.eliassen.nl\/de\/miniatur-blechroller-weihnachten\/#breadcrumb\"},\"inLanguage\":\"de\",\"potentialAction\":[{\"@type\":\"ReadAction\",\"target\":[\"https:\/\/www.eliassen.nl\/de\/miniatur-blechroller-weihnachten\/\"]}]},{\"@type\":\"ImageObject\",\"inLanguage\":\"de\",\"@id\":\"https:\/\/www.eliassen.nl\/de\/miniatur-blechroller-weihnachten\/#primaryimage\",\"url\":\"https:\/\/www.eliassen.nl\/wp-content\/uploads\/2024\/01\/bl303.jpg\",\"contentUrl\":\"https:\/\/www.eliassen.nl\/wp-content\/uploads\/2024\/01\/bl303.jpg\",\"width\":2048,\"height\":1631,\"caption\":\"bl-303\"},{\"@type\":\"BreadcrumbList\",\"@id\":\"https:\/\/www.eliassen.nl\/de\/miniatur-blechroller-weihnachten\/#breadcrumb\",\"itemListElement\":[{\"@type\":\"ListItem\",\"position\":1,\"name\":\"Home\",\"item\":\"https:\/\/www.eliassen.nl\/de\/\"},{\"@type\":\"ListItem\",\"position\":2,\"name\":\"Shop\",\"item\":\"https:\/\/www.eliassen.nl\/de\/shop\/\"},{\"@type\":\"ListItem\",\"position\":3,\"name\":\"Dekoration aus Metall\",\"item\":\"https:\/\/www.eliassen.nl\/de\/dekoration-aus-metall\/\"},{\"@type\":\"ListItem\",\"position\":4,\"name\":\"Miniaturfahrzeuge aus Metall\",\"item\":\"https:\/\/www.eliassen.nl\/de\/dekoration-aus-metall\/miniaturfahrzeuge-aus-metall\/\"},{\"@type\":\"ListItem\",\"position\":5,\"name\":\"Miniatur-Blechroller Weihnachten\"}]},{\"@type\":\"WebSite\",\"@id\":\"https:\/\/www.eliassen.nl\/de\/#website\",\"url\":\"https:\/\/www.eliassen.nl\/de\/\",\"name\":\"Eliassen Home & Garden Pleasure\",\"description\":\"\",\"publisher\":{\"@id\":\"https:\/\/www.eliassen.nl\/de\/#organization\"},\"alternateName\":\"Eliassen.nl\",\"potentialAction\":[{\"@type\":\"SearchAction\",\"target\":{\"@type\":\"EntryPoint\",\"urlTemplate\":\"https:\/\/www.eliassen.nl\/de\/?s={search_term_string}\"},\"query-input\":{\"@type\":\"PropertyValueSpecification\",\"valueRequired\":true,\"valueName\":\"search_term_string\"}}],\"inLanguage\":\"de\"},{\"@type\":[\"Organization\",\"Place\"],\"@id\":\"https:\/\/www.eliassen.nl\/de\/#organization\",\"name\":\"Eliassen Home & Garden Pleasure\",\"url\":\"https:\/\/www.eliassen.nl\/de\/\",\"logo\":{\"@id\":\"https:\/\/www.eliassen.nl\/de\/miniatur-blechroller-weihnachten\/#local-main-organization-logo\"},\"image\":{\"@id\":\"https:\/\/www.eliassen.nl\/de\/miniatur-blechroller-weihnachten\/#local-main-organization-logo\"},\"sameAs\":[\"https:\/\/www.facebook.com\/TuincentrumEliassenAmmerzoden\",\"https:\/\/www.instagram.com\/eliassenhomeandgarden\/\",\"https:\/\/nl.pinterest.com\/eliassenhomeandgarden\/\",\"https:\/\/www.youtube.com\/@eliassenhomegardenpleasure4558\"],\"telephone\":[],\"openingHoursSpecification\":[{\"@type\":\"OpeningHoursSpecification\",\"dayOfWeek\":[\"Monday\",\"Tuesday\",\"Wednesday\",\"Thursday\",\"Friday\",\"Saturday\",\"Sunday\"],\"opens\":\"09:00\",\"closes\":\"17:00\"}]},{\"@type\":\"ImageObject\",\"inLanguage\":\"de\",\"@id\":\"https:\/\/www.eliassen.nl\/de\/miniatur-blechroller-weihnachten\/#local-main-organization-logo\",\"url\":\"https:\/\/www.eliassen.nl\/wp-content\/uploads\/2024\/01\/logo_4nd.jpg\",\"contentUrl\":\"https:\/\/www.eliassen.nl\/wp-content\/uploads\/2024\/01\/logo_4nd.jpg\",\"width\":500,\"height\":500,\"caption\":\"Eliassen Home & Garden Pleasure\"}]}<\/script>\n<meta property=\"product:price:amount\" content=\"17.50\" \/>\n<meta property=\"product:price:currency\" content=\"EUR\" \/>\n<meta property=\"og:availability\" content=\"instock\" \/>\n<meta property=\"product:availability\" content=\"instock\" \/>\n<meta property=\"product:retailer_item_id\" content=\"Bl-303\" \/>\n<meta property=\"product:condition\" content=\"new\" \/>\n<!-- \/ Yoast SEO Premium plugin. -->","yoast_head_json":{"title":"Miniatur-Blechroller Weihnachten - Eliassen","description":"Suchen Sie eine Figur? Bestellen Sie jetzt Miniatur-Blechdosen-Roller Weihnachten. Kaufen Sie Metallfiguren ganz einfach auf unserer Website. Gro\u00dfe Auswahl \u2713 Schnelle Lieferung","robots":{"index":"index","follow":"follow","max-snippet":"max-snippet:-1","max-image-preview":"max-image-preview:large","max-video-preview":"max-video-preview:-1"},"canonical":"https:\/\/www.eliassen.nl\/de\/miniatur-blechroller-weihnachten\/","og_locale":"de_DE","og_type":"article","og_title":"Sonstige Miniatur-Blechroller Weihnachten - Eliassen.nl","og_description":"Suchen Sie eine Figur? Bestellen Sie jetzt Miniatur-Blechdosen-Roller Weihnachten. Kaufen Sie Metallfiguren ganz einfach auf unserer Website. Gro\u00dfe Auswahl \u2713 Schnelle Lieferung","og_url":"https:\/\/www.eliassen.nl\/de\/miniatur-blechroller-weihnachten\/","og_site_name":"Eliassen.nl","article_publisher":"https:\/\/www.facebook.com\/TuincentrumEliassenAmmerzoden","article_modified_time":"2025-12-20T11:16:42+00:00","og_image":[{"width":2048,"height":1631,"url":"https:\/\/www.eliassen.nl\/wp-content\/uploads\/2024\/01\/bl303.jpg","type":"image\/jpeg"}],"twitter_card":"summary_large_image","schema":{"@context":"https:\/\/schema.org","@graph":[{"@type":"WebPage","@id":"https:\/\/www.eliassen.nl\/de\/miniatur-blechroller-weihnachten\/","url":"https:\/\/www.eliassen.nl\/de\/miniatur-blechroller-weihnachten\/","name":"Miniatur-Blechroller Weihnachten - Eliassen","isPartOf":{"@id":"https:\/\/www.eliassen.nl\/de\/#website"},"primaryImageOfPage":{"@id":"https:\/\/www.eliassen.nl\/de\/miniatur-blechroller-weihnachten\/#primaryimage"},"image":{"@id":"https:\/\/www.eliassen.nl\/de\/miniatur-blechroller-weihnachten\/#primaryimage"},"thumbnailUrl":"https:\/\/www.eliassen.nl\/wp-content\/uploads\/2024\/01\/bl303.jpg","datePublished":"2019-12-04T12:25:19+00:00","dateModified":"2025-12-20T11:16:42+00:00","description":"Suchen Sie eine Figur? Bestellen Sie jetzt Miniatur-Blechdosen-Roller Weihnachten. Kaufen Sie Metallfiguren ganz einfach auf unserer Website. Gro\u00dfe Auswahl \u2713 Schnelle Lieferung","breadcrumb":{"@id":"https:\/\/www.eliassen.nl\/de\/miniatur-blechroller-weihnachten\/#breadcrumb"},"inLanguage":"de","potentialAction":[{"@type":"ReadAction","target":["https:\/\/www.eliassen.nl\/de\/miniatur-blechroller-weihnachten\/"]}]},{"@type":"ImageObject","inLanguage":"de","@id":"https:\/\/www.eliassen.nl\/de\/miniatur-blechroller-weihnachten\/#primaryimage","url":"https:\/\/www.eliassen.nl\/wp-content\/uploads\/2024\/01\/bl303.jpg","contentUrl":"https:\/\/www.eliassen.nl\/wp-content\/uploads\/2024\/01\/bl303.jpg","width":2048,"height":1631,"caption":"bl-303"},{"@type":"BreadcrumbList","@id":"https:\/\/www.eliassen.nl\/de\/miniatur-blechroller-weihnachten\/#breadcrumb","itemListElement":[{"@type":"ListItem","position":1,"name":"Home","item":"https:\/\/www.eliassen.nl\/de\/"},{"@type":"ListItem","position":2,"name":"Shop","item":"https:\/\/www.eliassen.nl\/de\/shop\/"},{"@type":"ListItem","position":3,"name":"Dekoration aus Metall","item":"https:\/\/www.eliassen.nl\/de\/dekoration-aus-metall\/"},{"@type":"ListItem","position":4,"name":"Miniaturfahrzeuge aus Metall","item":"https:\/\/www.eliassen.nl\/de\/dekoration-aus-metall\/miniaturfahrzeuge-aus-metall\/"},{"@type":"ListItem","position":5,"name":"Miniatur-Blechroller Weihnachten"}]},{"@type":"WebSite","@id":"https:\/\/www.eliassen.nl\/de\/#website","url":"https:\/\/www.eliassen.nl\/de\/","name":"Eliassen Home & Garden Pleasure","description":"","publisher":{"@id":"https:\/\/www.eliassen.nl\/de\/#organization"},"alternateName":"Eliassen.nl","potentialAction":[{"@type":"SearchAction","target":{"@type":"EntryPoint","urlTemplate":"https:\/\/www.eliassen.nl\/de\/?s={search_term_string}"},"query-input":{"@type":"PropertyValueSpecification","valueRequired":true,"valueName":"search_term_string"}}],"inLanguage":"de"},{"@type":["Organization","Place"],"@id":"https:\/\/www.eliassen.nl\/de\/#organization","name":"Eliassen Home & Garden Pleasure","url":"https:\/\/www.eliassen.nl\/de\/","logo":{"@id":"https:\/\/www.eliassen.nl\/de\/miniatur-blechroller-weihnachten\/#local-main-organization-logo"},"image":{"@id":"https:\/\/www.eliassen.nl\/de\/miniatur-blechroller-weihnachten\/#local-main-organization-logo"},"sameAs":["https:\/\/www.facebook.com\/TuincentrumEliassenAmmerzoden","https:\/\/www.instagram.com\/eliassenhomeandgarden\/","https:\/\/nl.pinterest.com\/eliassenhomeandgarden\/","https:\/\/www.youtube.com\/@eliassenhomegardenpleasure4558"],"telephone":[],"openingHoursSpecification":[{"@type":"OpeningHoursSpecification","dayOfWeek":["Monday","Tuesday","Wednesday","Thursday","Friday","Saturday","Sunday"],"opens":"09:00","closes":"17:00"}]},{"@type":"ImageObject","inLanguage":"de","@id":"https:\/\/www.eliassen.nl\/de\/miniatur-blechroller-weihnachten\/#local-main-organization-logo","url":"https:\/\/www.eliassen.nl\/wp-content\/uploads\/2024\/01\/logo_4nd.jpg","contentUrl":"https:\/\/www.eliassen.nl\/wp-content\/uploads\/2024\/01\/logo_4nd.jpg","width":500,"height":500,"caption":"Eliassen Home & Garden Pleasure"}]},"product_price_amount":"17.50","product_price_currency":"EUR","og_availability":"instock","product_availability":"instock","product_retailer_item_id":"Bl-303","product_condition":"new"},"df_price":17.5,"df_sale_price":17.5,"df_regular_price":23.5,"df_image_link":"https:\/\/www.eliassen.nl\/wp-content\/uploads\/2024\/01\/bl303.jpg","image":"https:\/\/www.eliassen.nl\/wp-content\/uploads\/2024\/01\/bl303.jpg","price_search":"<span class=\"woocommerce-Price-amount amount\"><bdi><span class=\"woocommerce-Price-currencySymbol\">&euro;<\/span>&nbsp;17,50<\/bdi><\/span>","category":"Dekoration aus Metall","global_unique_id":"6013807066036","_links":{"self":[{"href":"https:\/\/www.eliassen.nl\/de\/wp-json\/wp\/v2\/product\/20365","targetHints":{"allow":["GET"]}}],"collection":[{"href":"https:\/\/www.eliassen.nl\/de\/wp-json\/wp\/v2\/product"}],"about":[{"href":"https:\/\/www.eliassen.nl\/de\/wp-json\/wp\/v2\/types\/product"}],"wp:featuredmedia":[{"embeddable":true,"href":"https:\/\/www.eliassen.nl\/de\/wp-json\/wp\/v2\/media\/20362"}],"wp:attachment":[{"href":"https:\/\/www.eliassen.nl\/de\/wp-json\/wp\/v2\/media?parent=20365"}],"wp:term":[{"taxonomy":"product_brand","embeddable":true,"href":"https:\/\/www.eliassen.nl\/de\/wp-json\/wp\/v2\/product_brand?post=20365"},{"taxonomy":"product_cat","embeddable":true,"href":"https:\/\/www.eliassen.nl\/de\/wp-json\/wp\/v2\/product_cat?post=20365"},{"taxonomy":"product_tag","embeddable":true,"href":"https:\/\/www.eliassen.nl\/de\/wp-json\/wp\/v2\/product_tag?post=20365"}],"curies":[{"name":"wp","href":"https:\/\/api.w.org\/{rel}","templated":true}]}}