{"id":203585,"date":"2026-01-16T15:23:26","date_gmt":"2026-01-16T14:23:26","guid":{"rendered":"https:\/\/www.eliassen.nl\/product\/statue-bronze-auf-stein-blick-in-den-himmel-13cm\/"},"modified":"2026-01-16T15:23:26","modified_gmt":"2026-01-16T14:23:26","slug":"statue-bronze-auf-stein-blick-in-den-himmel-13cm","status":"publish","type":"product","link":"https:\/\/www.eliassen.nl\/de\/statue-bronze-auf-stein-blick-in-den-himmel-13cm\/","title":{"rendered":"Statue Bronze auf Stein Blick in den Himmel 13cm"},"content":{"rendered":"<p data-path-to-node=\"2\">Lassen Sie sich von dem ruhigen und vertr\u00e4umten Look dieser Bronzeskulptur &#8218;Looking at the sky&#8216; inspirieren. Mit einer kompakten H\u00f6he von 13 cm ist dieses Kunstobjekt ein subtiler Blickfang, der sich hervorragend auf einem Wandregal, einem Beistelltisch oder als sinnvoller Akzent auf Ihrem Schreibtisch macht.<\/p>\n<p data-path-to-node=\"3\">Die Skulptur zeigt eine stilisierte Figur, die ruhig auf dem Rand eines Blocks sitzt, den Kopf in den Nacken gelegt, als ob sie aufmerksam in die Wolken oder die Sterne schaut. Die Figur ist aus dunkler Bronze mit einer absichtlich rauen, strukturierten Oberfl\u00e4che gefertigt, die der Skulptur einen authentischen und k\u00fcnstlerischen Charakter verleiht. Diese dunkle Silhouette bildet einen atemberaubenden modernen Kontrast zum Sockel: ein robuster, grob behauener Block aus wei\u00dfem Naturstein.<\/p>\n<p data-path-to-node=\"4\">Da Naturstein ein Naturprodukt ist und die Bronze von Hand bearbeitet wird, ist jedes Exemplar einzigartig in Form und Farbton. Diese Figur symbolisiert Visionen, Hoffnung und den Mut zum Tr\u00e4umen, was sie auch zu einem wunderbaren Geschenk macht. Sie sind herzlich eingeladen, dieses inspirierende Kunstwerk in unserem Ausstellungsraum bei Eliassen zu besichtigen, oder es einfach online zu bestellen.<\/p>\n","protected":false},"excerpt":{"rendered":"<p>Diese stimmungsvolle 13 cm gro\u00dfe Bronzefigur mit dem Namen &#8218;Looking at the sky&#8216; zeigt eine sitzende Figur, die aufmerksam von einem robusten Sockel aus wei\u00dfem Naturstein nach oben schaut. Der Kontrast zwischen der dunklen, rohen Bronze und dem hellen, zerkl\u00fcfteten Stein schafft einen modernen und zeitlosen Look. Ein inspirierendes und handgefertigtes Dekorationsst\u00fcck, das Tr\u00e4ume und Reflexion symbolisiert.<\/p>\n","protected":false},"featured_media":203406,"template":"","meta":{"_acf_changed":false,"_genesis_title":"","_genesis_description":""},"product_brand":[],"product_cat":[613,833,623],"product_tag":[],"class_list":{"0":"post-203585","1":"product","2":"type-product","3":"status-publish","4":"has-post-thumbnail","6":"product_cat-bronzestatuen","7":"product_cat-bronzetiere-auf-stein","8":"product_cat-klassische-bronzestatuen","10":"first","11":"instock","12":"taxable","13":"shipping-taxable","14":"purchasable","15":"product-type-simple"},"acf":[],"meta_all":{"cor_restricted_countries":[],"total_sales":"0"},"meta_all_flat":{"total_sales":"0"},"yoast_head":"<!-- This site is optimized with the Yoast SEO Premium plugin v26.2 (Yoast SEO v27.2) - https:\/\/yoast.com\/product\/yoast-seo-premium-wordpress\/ -->\n<title>Statue Bronze auf Stein Blick in den Himmel 13cm - Eliassen.nl<\/title>\n<meta name=\"description\" content=\"Vertr\u00e4umte Bronzeskulptur &#039;Looking at the sky&#039; (13cm) auf wei\u00dfem Stein. Ein inspirierendes und einzigartiges Kunstobjekt f\u00fcr Ihr Interieur. Bestellen Sie jetzt bei Eliassen!\" \/>\n<meta name=\"robots\" content=\"index, follow, max-snippet:-1, max-image-preview:large, max-video-preview:-1\" \/>\n<link rel=\"canonical\" href=\"https:\/\/www.eliassen.nl\/de\/statue-bronze-auf-stein-blick-in-den-himmel-13cm\/\" \/>\n<meta property=\"og:locale\" content=\"de_DE\" \/>\n<meta property=\"og:type\" content=\"article\" \/>\n<meta property=\"og:title\" content=\"Statue Bronze auf Stein Blick in den Himmel 13cm - Eliassen.nl\" \/>\n<meta property=\"og:description\" content=\"Vertr\u00e4umte Bronzeskulptur &#039;Looking at the sky&#039; (13cm) auf wei\u00dfem Stein. Ein inspirierendes und einzigartiges Kunstobjekt f\u00fcr Ihr Interieur. Bestellen Sie jetzt bei Eliassen!\" \/>\n<meta property=\"og:url\" content=\"https:\/\/www.eliassen.nl\/de\/statue-bronze-auf-stein-blick-in-den-himmel-13cm\/\" \/>\n<meta property=\"og:site_name\" content=\"Eliassen.nl\" \/>\n<meta property=\"article:publisher\" content=\"https:\/\/www.facebook.com\/TuincentrumEliassenAmmerzoden\" \/>\n<meta property=\"og:image\" content=\"https:\/\/www.eliassen.nl\/wp-content\/uploads\/2026\/01\/Bronzen-beeld-op-steen-Loking-at-the-sky-Eliassen.nl-bs1567.jpg\" \/>\n\t<meta property=\"og:image:width\" content=\"657\" \/>\n\t<meta property=\"og:image:height\" content=\"660\" \/>\n\t<meta property=\"og:image:type\" content=\"image\/jpeg\" \/>\n<meta name=\"twitter:card\" content=\"summary_large_image\" \/>\n<script type=\"application\/ld+json\" class=\"yoast-schema-graph\">{\"@context\":\"https:\/\/schema.org\",\"@graph\":[{\"@type\":\"WebPage\",\"@id\":\"https:\/\/www.eliassen.nl\/de\/statue-bronze-auf-stein-blick-in-den-himmel-13cm\/\",\"url\":\"https:\/\/www.eliassen.nl\/de\/statue-bronze-auf-stein-blick-in-den-himmel-13cm\/\",\"name\":\"Statue Bronze auf Stein Blick in den Himmel 13cm - Eliassen.nl\",\"isPartOf\":{\"@id\":\"https:\/\/www.eliassen.nl\/de\/#website\"},\"primaryImageOfPage\":{\"@id\":\"https:\/\/www.eliassen.nl\/de\/statue-bronze-auf-stein-blick-in-den-himmel-13cm\/#primaryimage\"},\"image\":{\"@id\":\"https:\/\/www.eliassen.nl\/de\/statue-bronze-auf-stein-blick-in-den-himmel-13cm\/#primaryimage\"},\"thumbnailUrl\":\"https:\/\/www.eliassen.nl\/wp-content\/uploads\/2026\/01\/Bronzen-beeld-op-steen-Loking-at-the-sky-Eliassen.nl-bs1567.jpg\",\"datePublished\":\"2026-01-16T14:23:26+00:00\",\"description\":\"Vertr\u00e4umte Bronzeskulptur 'Looking at the sky' (13cm) auf wei\u00dfem Stein. Ein inspirierendes und einzigartiges Kunstobjekt f\u00fcr Ihr Interieur. Bestellen Sie jetzt bei Eliassen!\",\"breadcrumb\":{\"@id\":\"https:\/\/www.eliassen.nl\/de\/statue-bronze-auf-stein-blick-in-den-himmel-13cm\/#breadcrumb\"},\"inLanguage\":\"de\",\"potentialAction\":[{\"@type\":\"ReadAction\",\"target\":[\"https:\/\/www.eliassen.nl\/de\/statue-bronze-auf-stein-blick-in-den-himmel-13cm\/\"]}]},{\"@type\":\"ImageObject\",\"inLanguage\":\"de\",\"@id\":\"https:\/\/www.eliassen.nl\/de\/statue-bronze-auf-stein-blick-in-den-himmel-13cm\/#primaryimage\",\"url\":\"https:\/\/www.eliassen.nl\/wp-content\/uploads\/2026\/01\/Bronzen-beeld-op-steen-Loking-at-the-sky-Eliassen.nl-bs1567.jpg\",\"contentUrl\":\"https:\/\/www.eliassen.nl\/wp-content\/uploads\/2026\/01\/Bronzen-beeld-op-steen-Loking-at-the-sky-Eliassen.nl-bs1567.jpg\",\"width\":657,\"height\":660,\"caption\":\"Bronzeskulptur auf Stein Blick in den Himmel Eliassen.de bs1567\"},{\"@type\":\"BreadcrumbList\",\"@id\":\"https:\/\/www.eliassen.nl\/de\/statue-bronze-auf-stein-blick-in-den-himmel-13cm\/#breadcrumb\",\"itemListElement\":[{\"@type\":\"ListItem\",\"position\":1,\"name\":\"Home\",\"item\":\"https:\/\/www.eliassen.nl\/de\/\"},{\"@type\":\"ListItem\",\"position\":2,\"name\":\"Shop\",\"item\":\"https:\/\/www.eliassen.nl\/de\/shop\/\"},{\"@type\":\"ListItem\",\"position\":3,\"name\":\"Bronzestatuen\",\"item\":\"https:\/\/www.eliassen.nl\/de\/bronzestatuen\/\"},{\"@type\":\"ListItem\",\"position\":4,\"name\":\"Bronzetiere auf Stein\",\"item\":\"https:\/\/www.eliassen.nl\/de\/bilder\/bronzestatuen\/bronzetiere-auf-stein\/\"},{\"@type\":\"ListItem\",\"position\":5,\"name\":\"Statue Bronze auf Stein Blick in den Himmel 13cm\"}]},{\"@type\":\"WebSite\",\"@id\":\"https:\/\/www.eliassen.nl\/de\/#website\",\"url\":\"https:\/\/www.eliassen.nl\/de\/\",\"name\":\"Eliassen Home & Garden Pleasure\",\"description\":\"\",\"publisher\":{\"@id\":\"https:\/\/www.eliassen.nl\/de\/#organization\"},\"alternateName\":\"Eliassen.nl\",\"potentialAction\":[{\"@type\":\"SearchAction\",\"target\":{\"@type\":\"EntryPoint\",\"urlTemplate\":\"https:\/\/www.eliassen.nl\/de\/?s={search_term_string}\"},\"query-input\":{\"@type\":\"PropertyValueSpecification\",\"valueRequired\":true,\"valueName\":\"search_term_string\"}}],\"inLanguage\":\"de\"},{\"@type\":[\"Organization\",\"Place\"],\"@id\":\"https:\/\/www.eliassen.nl\/de\/#organization\",\"name\":\"Eliassen Home & Garden Pleasure\",\"url\":\"https:\/\/www.eliassen.nl\/de\/\",\"logo\":{\"@id\":\"https:\/\/www.eliassen.nl\/de\/statue-bronze-auf-stein-blick-in-den-himmel-13cm\/#local-main-organization-logo\"},\"image\":{\"@id\":\"https:\/\/www.eliassen.nl\/de\/statue-bronze-auf-stein-blick-in-den-himmel-13cm\/#local-main-organization-logo\"},\"sameAs\":[\"https:\/\/www.facebook.com\/TuincentrumEliassenAmmerzoden\",\"https:\/\/www.instagram.com\/eliassenhomeandgarden\/\",\"https:\/\/nl.pinterest.com\/eliassenhomeandgarden\/\",\"https:\/\/www.youtube.com\/@eliassenhomegardenpleasure4558\"],\"telephone\":[],\"openingHoursSpecification\":[{\"@type\":\"OpeningHoursSpecification\",\"dayOfWeek\":[\"Monday\",\"Tuesday\",\"Wednesday\",\"Thursday\",\"Friday\",\"Saturday\",\"Sunday\"],\"opens\":\"09:00\",\"closes\":\"17:00\"}]},{\"@type\":\"ImageObject\",\"inLanguage\":\"de\",\"@id\":\"https:\/\/www.eliassen.nl\/de\/statue-bronze-auf-stein-blick-in-den-himmel-13cm\/#local-main-organization-logo\",\"url\":\"https:\/\/www.eliassen.nl\/wp-content\/uploads\/2024\/01\/logo_4nd.jpg\",\"contentUrl\":\"https:\/\/www.eliassen.nl\/wp-content\/uploads\/2024\/01\/logo_4nd.jpg\",\"width\":500,\"height\":500,\"caption\":\"Eliassen Home & Garden Pleasure\"}]}<\/script>\n<meta property=\"product:price:amount\" content=\"180.00\" \/>\n<meta property=\"product:price:currency\" content=\"EUR\" \/>\n<meta property=\"og:availability\" content=\"instock\" \/>\n<meta property=\"product:availability\" content=\"instock\" \/>\n<meta property=\"product:retailer_item_id\" content=\"bs1567\" \/>\n<meta property=\"product:condition\" content=\"new\" \/>\n<!-- \/ Yoast SEO Premium plugin. -->","yoast_head_json":{"title":"Statue Bronze auf Stein Blick in den Himmel 13cm - Eliassen.nl","description":"Vertr\u00e4umte Bronzeskulptur 'Looking at the sky' (13cm) auf wei\u00dfem Stein. Ein inspirierendes und einzigartiges Kunstobjekt f\u00fcr Ihr Interieur. Bestellen Sie jetzt bei Eliassen!","robots":{"index":"index","follow":"follow","max-snippet":"max-snippet:-1","max-image-preview":"max-image-preview:large","max-video-preview":"max-video-preview:-1"},"canonical":"https:\/\/www.eliassen.nl\/de\/statue-bronze-auf-stein-blick-in-den-himmel-13cm\/","og_locale":"de_DE","og_type":"article","og_title":"Statue Bronze auf Stein Blick in den Himmel 13cm - Eliassen.nl","og_description":"Vertr\u00e4umte Bronzeskulptur 'Looking at the sky' (13cm) auf wei\u00dfem Stein. Ein inspirierendes und einzigartiges Kunstobjekt f\u00fcr Ihr Interieur. Bestellen Sie jetzt bei Eliassen!","og_url":"https:\/\/www.eliassen.nl\/de\/statue-bronze-auf-stein-blick-in-den-himmel-13cm\/","og_site_name":"Eliassen.nl","article_publisher":"https:\/\/www.facebook.com\/TuincentrumEliassenAmmerzoden","og_image":[{"width":657,"height":660,"url":"https:\/\/www.eliassen.nl\/wp-content\/uploads\/2026\/01\/Bronzen-beeld-op-steen-Loking-at-the-sky-Eliassen.nl-bs1567.jpg","type":"image\/jpeg"}],"twitter_card":"summary_large_image","schema":{"@context":"https:\/\/schema.org","@graph":[{"@type":"WebPage","@id":"https:\/\/www.eliassen.nl\/de\/statue-bronze-auf-stein-blick-in-den-himmel-13cm\/","url":"https:\/\/www.eliassen.nl\/de\/statue-bronze-auf-stein-blick-in-den-himmel-13cm\/","name":"Statue Bronze auf Stein Blick in den Himmel 13cm - Eliassen.nl","isPartOf":{"@id":"https:\/\/www.eliassen.nl\/de\/#website"},"primaryImageOfPage":{"@id":"https:\/\/www.eliassen.nl\/de\/statue-bronze-auf-stein-blick-in-den-himmel-13cm\/#primaryimage"},"image":{"@id":"https:\/\/www.eliassen.nl\/de\/statue-bronze-auf-stein-blick-in-den-himmel-13cm\/#primaryimage"},"thumbnailUrl":"https:\/\/www.eliassen.nl\/wp-content\/uploads\/2026\/01\/Bronzen-beeld-op-steen-Loking-at-the-sky-Eliassen.nl-bs1567.jpg","datePublished":"2026-01-16T14:23:26+00:00","description":"Vertr\u00e4umte Bronzeskulptur 'Looking at the sky' (13cm) auf wei\u00dfem Stein. Ein inspirierendes und einzigartiges Kunstobjekt f\u00fcr Ihr Interieur. Bestellen Sie jetzt bei Eliassen!","breadcrumb":{"@id":"https:\/\/www.eliassen.nl\/de\/statue-bronze-auf-stein-blick-in-den-himmel-13cm\/#breadcrumb"},"inLanguage":"de","potentialAction":[{"@type":"ReadAction","target":["https:\/\/www.eliassen.nl\/de\/statue-bronze-auf-stein-blick-in-den-himmel-13cm\/"]}]},{"@type":"ImageObject","inLanguage":"de","@id":"https:\/\/www.eliassen.nl\/de\/statue-bronze-auf-stein-blick-in-den-himmel-13cm\/#primaryimage","url":"https:\/\/www.eliassen.nl\/wp-content\/uploads\/2026\/01\/Bronzen-beeld-op-steen-Loking-at-the-sky-Eliassen.nl-bs1567.jpg","contentUrl":"https:\/\/www.eliassen.nl\/wp-content\/uploads\/2026\/01\/Bronzen-beeld-op-steen-Loking-at-the-sky-Eliassen.nl-bs1567.jpg","width":657,"height":660,"caption":"Bronzeskulptur auf Stein Blick in den Himmel Eliassen.de bs1567"},{"@type":"BreadcrumbList","@id":"https:\/\/www.eliassen.nl\/de\/statue-bronze-auf-stein-blick-in-den-himmel-13cm\/#breadcrumb","itemListElement":[{"@type":"ListItem","position":1,"name":"Home","item":"https:\/\/www.eliassen.nl\/de\/"},{"@type":"ListItem","position":2,"name":"Shop","item":"https:\/\/www.eliassen.nl\/de\/shop\/"},{"@type":"ListItem","position":3,"name":"Bronzestatuen","item":"https:\/\/www.eliassen.nl\/de\/bronzestatuen\/"},{"@type":"ListItem","position":4,"name":"Bronzetiere auf Stein","item":"https:\/\/www.eliassen.nl\/de\/bilder\/bronzestatuen\/bronzetiere-auf-stein\/"},{"@type":"ListItem","position":5,"name":"Statue Bronze auf Stein Blick in den Himmel 13cm"}]},{"@type":"WebSite","@id":"https:\/\/www.eliassen.nl\/de\/#website","url":"https:\/\/www.eliassen.nl\/de\/","name":"Eliassen Home & Garden Pleasure","description":"","publisher":{"@id":"https:\/\/www.eliassen.nl\/de\/#organization"},"alternateName":"Eliassen.nl","potentialAction":[{"@type":"SearchAction","target":{"@type":"EntryPoint","urlTemplate":"https:\/\/www.eliassen.nl\/de\/?s={search_term_string}"},"query-input":{"@type":"PropertyValueSpecification","valueRequired":true,"valueName":"search_term_string"}}],"inLanguage":"de"},{"@type":["Organization","Place"],"@id":"https:\/\/www.eliassen.nl\/de\/#organization","name":"Eliassen Home & Garden Pleasure","url":"https:\/\/www.eliassen.nl\/de\/","logo":{"@id":"https:\/\/www.eliassen.nl\/de\/statue-bronze-auf-stein-blick-in-den-himmel-13cm\/#local-main-organization-logo"},"image":{"@id":"https:\/\/www.eliassen.nl\/de\/statue-bronze-auf-stein-blick-in-den-himmel-13cm\/#local-main-organization-logo"},"sameAs":["https:\/\/www.facebook.com\/TuincentrumEliassenAmmerzoden","https:\/\/www.instagram.com\/eliassenhomeandgarden\/","https:\/\/nl.pinterest.com\/eliassenhomeandgarden\/","https:\/\/www.youtube.com\/@eliassenhomegardenpleasure4558"],"telephone":[],"openingHoursSpecification":[{"@type":"OpeningHoursSpecification","dayOfWeek":["Monday","Tuesday","Wednesday","Thursday","Friday","Saturday","Sunday"],"opens":"09:00","closes":"17:00"}]},{"@type":"ImageObject","inLanguage":"de","@id":"https:\/\/www.eliassen.nl\/de\/statue-bronze-auf-stein-blick-in-den-himmel-13cm\/#local-main-organization-logo","url":"https:\/\/www.eliassen.nl\/wp-content\/uploads\/2024\/01\/logo_4nd.jpg","contentUrl":"https:\/\/www.eliassen.nl\/wp-content\/uploads\/2024\/01\/logo_4nd.jpg","width":500,"height":500,"caption":"Eliassen Home & Garden Pleasure"}]},"product_price_amount":"180.00","product_price_currency":"EUR","og_availability":"instock","product_availability":"instock","product_retailer_item_id":"bs1567","product_condition":"new"},"df_price":180,"df_sale_price":"","df_regular_price":180,"df_image_link":"https:\/\/www.eliassen.nl\/wp-content\/uploads\/2026\/01\/Bronzen-beeld-op-steen-Loking-at-the-sky-Eliassen.nl-bs1567-300x300.jpg","image":"https:\/\/www.eliassen.nl\/wp-content\/uploads\/2026\/01\/Bronzen-beeld-op-steen-Loking-at-the-sky-Eliassen.nl-bs1567-150x150.jpg","price_search":"<span class=\"woocommerce-Price-amount amount\"><bdi><span class=\"woocommerce-Price-currencySymbol\">&euro;<\/span>&nbsp;180,00<\/bdi><\/span>","category":"Bronzestatuen","global_unique_id":"5410807015674","_links":{"self":[{"href":"https:\/\/www.eliassen.nl\/de\/wp-json\/wp\/v2\/product\/203585","targetHints":{"allow":["GET"]}}],"collection":[{"href":"https:\/\/www.eliassen.nl\/de\/wp-json\/wp\/v2\/product"}],"about":[{"href":"https:\/\/www.eliassen.nl\/de\/wp-json\/wp\/v2\/types\/product"}],"wp:featuredmedia":[{"embeddable":true,"href":"https:\/\/www.eliassen.nl\/de\/wp-json\/wp\/v2\/media\/203406"}],"wp:attachment":[{"href":"https:\/\/www.eliassen.nl\/de\/wp-json\/wp\/v2\/media?parent=203585"}],"wp:term":[{"taxonomy":"product_brand","embeddable":true,"href":"https:\/\/www.eliassen.nl\/de\/wp-json\/wp\/v2\/product_brand?post=203585"},{"taxonomy":"product_cat","embeddable":true,"href":"https:\/\/www.eliassen.nl\/de\/wp-json\/wp\/v2\/product_cat?post=203585"},{"taxonomy":"product_tag","embeddable":true,"href":"https:\/\/www.eliassen.nl\/de\/wp-json\/wp\/v2\/product_tag?post=203585"}],"curies":[{"name":"wp","href":"https:\/\/api.w.org\/{rel}","templated":true}]}}