{"id":203571,"date":"2026-01-16T14:54:15","date_gmt":"2026-01-16T13:54:15","guid":{"rendered":"https:\/\/www.eliassen.nl\/product\/ziege-metall-klein-20cm\/"},"modified":"2026-01-16T14:54:15","modified_gmt":"2026-01-16T13:54:15","slug":"ziege-metall-klein-20cm","status":"publish","type":"product","link":"https:\/\/www.eliassen.nl\/de\/ziege-metall-klein-20cm\/","title":{"rendered":"Ziege Metall klein 20cm"},"content":{"rendered":"<p data-path-to-node=\"2\">Bringen Sie eine rustikale und verspielte Atmosph\u00e4re in Ihr Interieur mit dieser charmanten Metallziege. Mit einer kompakten Gr\u00f6\u00dfe von 20 cm ist dieses &#8218;Small&#8216;-Modell eine perfekte Dekoration f\u00fcr die Fensterbank, ein Sideboard oder als sch\u00f6ner Akzent in der K\u00fcche. Diese Figur ist ein Fairtrade-Produkt, das hei\u00dft, sie wurde mit Sorgfalt hergestellt und tr\u00e4gt zum fairen Handel bei.<\/p>\n<p data-path-to-node=\"3\">Die Ziege zeichnet sich durch ein unverwechselbares und rustikales Design aus. Der Korpus ist in wei\u00dfer Farbe gehalten und hat einen bewusst &#8222;verwitterten&#8220; Look. Kleine Kratzer und Flecken unterstreichen den industriellen und recycelten Ursprung des Materials. Dieses Wei\u00df steht in sch\u00f6nem Kontrast zu dem dunklen, schwarzen Kopf und Hals, den kr\u00e4ftigen Beinen und den anmutig geschwungenen H\u00f6rnern. Der kleine Ziegenbart unter dem Kinn und der freche Schwanz vervollst\u00e4ndigen das Aussehen dieses Bauernhoftiers.<\/p>\n<p data-path-to-node=\"4\">Da jedes Exemplar aus Metall handgefertigt ist, gleicht keine Ziege der anderen. So bringen Sie immer ein einzigartiges Objekt mit seiner eigenen Geschichte mit nach Hause. Sie sind herzlich eingeladen, dieses liebenswerte Tier in unserem Ausstellungsraum bei Eliassen zu besichtigen, oder es direkt und bequem online zu bestellen.<\/p>\n","protected":false},"excerpt":{"rendered":"<p>Diese charmante 20 cm gro\u00dfe Metallziege bringt dank der rustikalen Kombination aus wei\u00dfem K\u00f6rper und schwarzem Kopf und Beinen sofort ein l\u00e4ndliches Gef\u00fchl in Ihr Zuhause. Das Fairtrade-Kunstwerk ist handgefertigt und besticht durch witzige Details wie die lockigen H\u00f6rner und den charakteristischen Ziegenbart. Ein einzigartiges und langlebiges Dekorationsst\u00fcck, das dank seiner kompakten Gr\u00f6\u00dfe \u00fcberall einen sch\u00f6nen Platz findet.<\/p>\n","protected":false},"featured_media":202880,"template":"","meta":{"_acf_changed":false,"_genesis_title":"","_genesis_description":""},"product_brand":[6960],"product_cat":[665,659],"product_tag":[],"class_list":{"0":"post-203571","1":"product","2":"type-product","3":"status-publish","4":"has-post-thumbnail","6":"product_brand-zimba-arts-de","7":"product_cat-dekofiguren-aus-metall","8":"product_cat-dekoration-aus-metall","10":"first","11":"instock","12":"taxable","13":"shipping-taxable","14":"purchasable","15":"product-type-simple"},"acf":[],"meta_all":{"cor_restricted_countries":[],"total_sales":"0"},"meta_all_flat":{"total_sales":"0"},"yoast_head":"<!-- This site is optimized with the Yoast SEO Premium plugin v26.2 (Yoast SEO v27.2) - https:\/\/yoast.com\/product\/yoast-seo-premium-wordpress\/ -->\n<title>Zimba-arts Ziege Metall klein 20cm - Eliassen.nl<\/title>\n<meta name=\"description\" content=\"Charmante Metallziege (20cm) mit rustikalem wei\u00df-schwarzem Look. Fairtrade und handgefertigte Kunstobjekte f\u00fcr eine l\u00e4ndliche Atmosph\u00e4re. Bestellen Sie jetzt bei Eliassen!\" \/>\n<meta name=\"robots\" content=\"index, follow, max-snippet:-1, max-image-preview:large, max-video-preview:-1\" \/>\n<link rel=\"canonical\" href=\"https:\/\/www.eliassen.nl\/de\/ziege-metall-klein-20cm\/\" \/>\n<meta property=\"og:locale\" content=\"de_DE\" \/>\n<meta property=\"og:type\" content=\"article\" \/>\n<meta property=\"og:title\" content=\"Zimba-arts Ziege Metall klein 20cm - Eliassen.nl\" \/>\n<meta property=\"og:description\" content=\"Charmante Metallziege (20cm) mit rustikalem wei\u00df-schwarzem Look. Fairtrade und handgefertigte Kunstobjekte f\u00fcr eine l\u00e4ndliche Atmosph\u00e4re. Bestellen Sie jetzt bei Eliassen!\" \/>\n<meta property=\"og:url\" content=\"https:\/\/www.eliassen.nl\/de\/ziege-metall-klein-20cm\/\" \/>\n<meta property=\"og:site_name\" content=\"Eliassen.nl\" \/>\n<meta property=\"article:publisher\" content=\"https:\/\/www.facebook.com\/TuincentrumEliassenAmmerzoden\" \/>\n<meta property=\"og:image\" content=\"https:\/\/www.eliassen.nl\/wp-content\/uploads\/2026\/01\/Geit-metaal-20cm-Eliassen.nl-Zimba-za404132.png\" \/>\n\t<meta property=\"og:image:width\" content=\"679\" \/>\n\t<meta property=\"og:image:height\" content=\"1206\" \/>\n\t<meta property=\"og:image:type\" content=\"image\/png\" \/>\n<meta name=\"twitter:card\" content=\"summary_large_image\" \/>\n<script type=\"application\/ld+json\" class=\"yoast-schema-graph\">{\"@context\":\"https:\/\/schema.org\",\"@graph\":[{\"@type\":\"WebPage\",\"@id\":\"https:\/\/www.eliassen.nl\/de\/ziege-metall-klein-20cm\/\",\"url\":\"https:\/\/www.eliassen.nl\/de\/ziege-metall-klein-20cm\/\",\"name\":\"Zimba-arts Ziege Metall klein 20cm - Eliassen.nl\",\"isPartOf\":{\"@id\":\"https:\/\/www.eliassen.nl\/de\/#website\"},\"primaryImageOfPage\":{\"@id\":\"https:\/\/www.eliassen.nl\/de\/ziege-metall-klein-20cm\/#primaryimage\"},\"image\":{\"@id\":\"https:\/\/www.eliassen.nl\/de\/ziege-metall-klein-20cm\/#primaryimage\"},\"thumbnailUrl\":\"https:\/\/www.eliassen.nl\/wp-content\/uploads\/2026\/01\/Geit-metaal-20cm-Eliassen.nl-Zimba-za404132.png\",\"datePublished\":\"2026-01-16T13:54:15+00:00\",\"description\":\"Charmante Metallziege (20cm) mit rustikalem wei\u00df-schwarzem Look. Fairtrade und handgefertigte Kunstobjekte f\u00fcr eine l\u00e4ndliche Atmosph\u00e4re. Bestellen Sie jetzt bei Eliassen!\",\"breadcrumb\":{\"@id\":\"https:\/\/www.eliassen.nl\/de\/ziege-metall-klein-20cm\/#breadcrumb\"},\"inLanguage\":\"de\",\"potentialAction\":[{\"@type\":\"ReadAction\",\"target\":[\"https:\/\/www.eliassen.nl\/de\/ziege-metall-klein-20cm\/\"]}]},{\"@type\":\"ImageObject\",\"inLanguage\":\"de\",\"@id\":\"https:\/\/www.eliassen.nl\/de\/ziege-metall-klein-20cm\/#primaryimage\",\"url\":\"https:\/\/www.eliassen.nl\/wp-content\/uploads\/2026\/01\/Geit-metaal-20cm-Eliassen.nl-Zimba-za404132.png\",\"contentUrl\":\"https:\/\/www.eliassen.nl\/wp-content\/uploads\/2026\/01\/Geit-metaal-20cm-Eliassen.nl-Zimba-za404132.png\",\"width\":679,\"height\":1206,\"caption\":\"Ziege Metall 20cm Eliassen.nl Zimba za404132\"},{\"@type\":\"BreadcrumbList\",\"@id\":\"https:\/\/www.eliassen.nl\/de\/ziege-metall-klein-20cm\/#breadcrumb\",\"itemListElement\":[{\"@type\":\"ListItem\",\"position\":1,\"name\":\"Home\",\"item\":\"https:\/\/www.eliassen.nl\/de\/\"},{\"@type\":\"ListItem\",\"position\":2,\"name\":\"Shop\",\"item\":\"https:\/\/www.eliassen.nl\/de\/shop\/\"},{\"@type\":\"ListItem\",\"position\":3,\"name\":\"Dekoration aus Metall\",\"item\":\"https:\/\/www.eliassen.nl\/de\/dekoration-aus-metall\/\"},{\"@type\":\"ListItem\",\"position\":4,\"name\":\"Ziege Metall klein 20cm\"}]},{\"@type\":\"WebSite\",\"@id\":\"https:\/\/www.eliassen.nl\/de\/#website\",\"url\":\"https:\/\/www.eliassen.nl\/de\/\",\"name\":\"Eliassen Home & Garden Pleasure\",\"description\":\"\",\"publisher\":{\"@id\":\"https:\/\/www.eliassen.nl\/de\/#organization\"},\"alternateName\":\"Eliassen.nl\",\"potentialAction\":[{\"@type\":\"SearchAction\",\"target\":{\"@type\":\"EntryPoint\",\"urlTemplate\":\"https:\/\/www.eliassen.nl\/de\/?s={search_term_string}\"},\"query-input\":{\"@type\":\"PropertyValueSpecification\",\"valueRequired\":true,\"valueName\":\"search_term_string\"}}],\"inLanguage\":\"de\"},{\"@type\":[\"Organization\",\"Place\"],\"@id\":\"https:\/\/www.eliassen.nl\/de\/#organization\",\"name\":\"Eliassen Home & Garden Pleasure\",\"url\":\"https:\/\/www.eliassen.nl\/de\/\",\"logo\":{\"@id\":\"https:\/\/www.eliassen.nl\/de\/ziege-metall-klein-20cm\/#local-main-organization-logo\"},\"image\":{\"@id\":\"https:\/\/www.eliassen.nl\/de\/ziege-metall-klein-20cm\/#local-main-organization-logo\"},\"sameAs\":[\"https:\/\/www.facebook.com\/TuincentrumEliassenAmmerzoden\",\"https:\/\/www.instagram.com\/eliassenhomeandgarden\/\",\"https:\/\/nl.pinterest.com\/eliassenhomeandgarden\/\",\"https:\/\/www.youtube.com\/@eliassenhomegardenpleasure4558\"],\"telephone\":[],\"openingHoursSpecification\":[{\"@type\":\"OpeningHoursSpecification\",\"dayOfWeek\":[\"Monday\",\"Tuesday\",\"Wednesday\",\"Thursday\",\"Friday\",\"Saturday\",\"Sunday\"],\"opens\":\"09:00\",\"closes\":\"17:00\"}]},{\"@type\":\"ImageObject\",\"inLanguage\":\"de\",\"@id\":\"https:\/\/www.eliassen.nl\/de\/ziege-metall-klein-20cm\/#local-main-organization-logo\",\"url\":\"https:\/\/www.eliassen.nl\/wp-content\/uploads\/2024\/01\/logo_4nd.jpg\",\"contentUrl\":\"https:\/\/www.eliassen.nl\/wp-content\/uploads\/2024\/01\/logo_4nd.jpg\",\"width\":500,\"height\":500,\"caption\":\"Eliassen Home & Garden Pleasure\"}]}<\/script>\n<meta property=\"product:price:amount\" content=\"42.50\" \/>\n<meta property=\"product:price:currency\" content=\"EUR\" \/>\n<meta property=\"og:availability\" content=\"instock\" \/>\n<meta property=\"product:availability\" content=\"instock\" \/>\n<meta property=\"product:retailer_item_id\" content=\"za404132\" \/>\n<meta property=\"product:condition\" content=\"new\" \/>\n<!-- \/ Yoast SEO Premium plugin. -->","yoast_head_json":{"title":"Zimba-arts Ziege Metall klein 20cm - Eliassen.nl","description":"Charmante Metallziege (20cm) mit rustikalem wei\u00df-schwarzem Look. Fairtrade und handgefertigte Kunstobjekte f\u00fcr eine l\u00e4ndliche Atmosph\u00e4re. Bestellen Sie jetzt bei Eliassen!","robots":{"index":"index","follow":"follow","max-snippet":"max-snippet:-1","max-image-preview":"max-image-preview:large","max-video-preview":"max-video-preview:-1"},"canonical":"https:\/\/www.eliassen.nl\/de\/ziege-metall-klein-20cm\/","og_locale":"de_DE","og_type":"article","og_title":"Zimba-arts Ziege Metall klein 20cm - Eliassen.nl","og_description":"Charmante Metallziege (20cm) mit rustikalem wei\u00df-schwarzem Look. Fairtrade und handgefertigte Kunstobjekte f\u00fcr eine l\u00e4ndliche Atmosph\u00e4re. Bestellen Sie jetzt bei Eliassen!","og_url":"https:\/\/www.eliassen.nl\/de\/ziege-metall-klein-20cm\/","og_site_name":"Eliassen.nl","article_publisher":"https:\/\/www.facebook.com\/TuincentrumEliassenAmmerzoden","og_image":[{"width":679,"height":1206,"url":"https:\/\/www.eliassen.nl\/wp-content\/uploads\/2026\/01\/Geit-metaal-20cm-Eliassen.nl-Zimba-za404132.png","type":"image\/png"}],"twitter_card":"summary_large_image","schema":{"@context":"https:\/\/schema.org","@graph":[{"@type":"WebPage","@id":"https:\/\/www.eliassen.nl\/de\/ziege-metall-klein-20cm\/","url":"https:\/\/www.eliassen.nl\/de\/ziege-metall-klein-20cm\/","name":"Zimba-arts Ziege Metall klein 20cm - Eliassen.nl","isPartOf":{"@id":"https:\/\/www.eliassen.nl\/de\/#website"},"primaryImageOfPage":{"@id":"https:\/\/www.eliassen.nl\/de\/ziege-metall-klein-20cm\/#primaryimage"},"image":{"@id":"https:\/\/www.eliassen.nl\/de\/ziege-metall-klein-20cm\/#primaryimage"},"thumbnailUrl":"https:\/\/www.eliassen.nl\/wp-content\/uploads\/2026\/01\/Geit-metaal-20cm-Eliassen.nl-Zimba-za404132.png","datePublished":"2026-01-16T13:54:15+00:00","description":"Charmante Metallziege (20cm) mit rustikalem wei\u00df-schwarzem Look. Fairtrade und handgefertigte Kunstobjekte f\u00fcr eine l\u00e4ndliche Atmosph\u00e4re. Bestellen Sie jetzt bei Eliassen!","breadcrumb":{"@id":"https:\/\/www.eliassen.nl\/de\/ziege-metall-klein-20cm\/#breadcrumb"},"inLanguage":"de","potentialAction":[{"@type":"ReadAction","target":["https:\/\/www.eliassen.nl\/de\/ziege-metall-klein-20cm\/"]}]},{"@type":"ImageObject","inLanguage":"de","@id":"https:\/\/www.eliassen.nl\/de\/ziege-metall-klein-20cm\/#primaryimage","url":"https:\/\/www.eliassen.nl\/wp-content\/uploads\/2026\/01\/Geit-metaal-20cm-Eliassen.nl-Zimba-za404132.png","contentUrl":"https:\/\/www.eliassen.nl\/wp-content\/uploads\/2026\/01\/Geit-metaal-20cm-Eliassen.nl-Zimba-za404132.png","width":679,"height":1206,"caption":"Ziege Metall 20cm Eliassen.nl Zimba za404132"},{"@type":"BreadcrumbList","@id":"https:\/\/www.eliassen.nl\/de\/ziege-metall-klein-20cm\/#breadcrumb","itemListElement":[{"@type":"ListItem","position":1,"name":"Home","item":"https:\/\/www.eliassen.nl\/de\/"},{"@type":"ListItem","position":2,"name":"Shop","item":"https:\/\/www.eliassen.nl\/de\/shop\/"},{"@type":"ListItem","position":3,"name":"Dekoration aus Metall","item":"https:\/\/www.eliassen.nl\/de\/dekoration-aus-metall\/"},{"@type":"ListItem","position":4,"name":"Ziege Metall klein 20cm"}]},{"@type":"WebSite","@id":"https:\/\/www.eliassen.nl\/de\/#website","url":"https:\/\/www.eliassen.nl\/de\/","name":"Eliassen Home & Garden Pleasure","description":"","publisher":{"@id":"https:\/\/www.eliassen.nl\/de\/#organization"},"alternateName":"Eliassen.nl","potentialAction":[{"@type":"SearchAction","target":{"@type":"EntryPoint","urlTemplate":"https:\/\/www.eliassen.nl\/de\/?s={search_term_string}"},"query-input":{"@type":"PropertyValueSpecification","valueRequired":true,"valueName":"search_term_string"}}],"inLanguage":"de"},{"@type":["Organization","Place"],"@id":"https:\/\/www.eliassen.nl\/de\/#organization","name":"Eliassen Home & Garden Pleasure","url":"https:\/\/www.eliassen.nl\/de\/","logo":{"@id":"https:\/\/www.eliassen.nl\/de\/ziege-metall-klein-20cm\/#local-main-organization-logo"},"image":{"@id":"https:\/\/www.eliassen.nl\/de\/ziege-metall-klein-20cm\/#local-main-organization-logo"},"sameAs":["https:\/\/www.facebook.com\/TuincentrumEliassenAmmerzoden","https:\/\/www.instagram.com\/eliassenhomeandgarden\/","https:\/\/nl.pinterest.com\/eliassenhomeandgarden\/","https:\/\/www.youtube.com\/@eliassenhomegardenpleasure4558"],"telephone":[],"openingHoursSpecification":[{"@type":"OpeningHoursSpecification","dayOfWeek":["Monday","Tuesday","Wednesday","Thursday","Friday","Saturday","Sunday"],"opens":"09:00","closes":"17:00"}]},{"@type":"ImageObject","inLanguage":"de","@id":"https:\/\/www.eliassen.nl\/de\/ziege-metall-klein-20cm\/#local-main-organization-logo","url":"https:\/\/www.eliassen.nl\/wp-content\/uploads\/2024\/01\/logo_4nd.jpg","contentUrl":"https:\/\/www.eliassen.nl\/wp-content\/uploads\/2024\/01\/logo_4nd.jpg","width":500,"height":500,"caption":"Eliassen Home & Garden Pleasure"}]},"product_price_amount":"42.50","product_price_currency":"EUR","og_availability":"instock","product_availability":"instock","product_retailer_item_id":"za404132","product_condition":"new"},"df_price":42.5,"df_sale_price":"","df_regular_price":42.5,"df_image_link":"https:\/\/www.eliassen.nl\/wp-content\/uploads\/2026\/01\/Geit-metaal-20cm-Eliassen.nl-Zimba-za404132-169x300.png","image":"https:\/\/www.eliassen.nl\/wp-content\/uploads\/2026\/01\/Geit-metaal-20cm-Eliassen.nl-Zimba-za404132-150x150.png","price_search":"<span class=\"woocommerce-Price-amount amount\"><bdi><span class=\"woocommerce-Price-currencySymbol\">&euro;<\/span>&nbsp;42,50<\/bdi><\/span>","category":"Dekofiguren aus Metall","global_unique_id":"8719632404132","_links":{"self":[{"href":"https:\/\/www.eliassen.nl\/de\/wp-json\/wp\/v2\/product\/203571","targetHints":{"allow":["GET"]}}],"collection":[{"href":"https:\/\/www.eliassen.nl\/de\/wp-json\/wp\/v2\/product"}],"about":[{"href":"https:\/\/www.eliassen.nl\/de\/wp-json\/wp\/v2\/types\/product"}],"wp:featuredmedia":[{"embeddable":true,"href":"https:\/\/www.eliassen.nl\/de\/wp-json\/wp\/v2\/media\/202880"}],"wp:attachment":[{"href":"https:\/\/www.eliassen.nl\/de\/wp-json\/wp\/v2\/media?parent=203571"}],"wp:term":[{"taxonomy":"product_brand","embeddable":true,"href":"https:\/\/www.eliassen.nl\/de\/wp-json\/wp\/v2\/product_brand?post=203571"},{"taxonomy":"product_cat","embeddable":true,"href":"https:\/\/www.eliassen.nl\/de\/wp-json\/wp\/v2\/product_cat?post=203571"},{"taxonomy":"product_tag","embeddable":true,"href":"https:\/\/www.eliassen.nl\/de\/wp-json\/wp\/v2\/product_tag?post=203571"}],"curies":[{"name":"wp","href":"https:\/\/api.w.org\/{rel}","templated":true}]}}