{"id":203515,"date":"2026-01-16T14:09:14","date_gmt":"2026-01-16T13:09:14","guid":{"rendered":"https:\/\/www.eliassen.nl\/product\/pelikan-metall-gross-63cm\/"},"modified":"2026-02-13T15:36:20","modified_gmt":"2026-02-13T14:36:20","slug":"pelikan-metall-gross-63cm","status":"publish","type":"product","link":"https:\/\/www.eliassen.nl\/de\/pelikan-metall-gross-63cm\/","title":{"rendered":"Pelikan Metall gro\u00df 63cm"},"content":{"rendered":"<p data-path-to-node=\"2\">Setzen Sie mit diesem beeindruckenden gro\u00dfen Metallpelikan ein gro\u00dfartiges und dauerhaftes Zeichen in Ihrem Garten oder Wohnzimmer. Mit einer gro\u00dfz\u00fcgigen H\u00f6he von 63 cm ist dies der gro\u00dfe Bruder unserer mittleren Variante, perfekt f\u00fcr alle, die ein dekoratives St\u00fcck suchen, das wirklich auff\u00e4llt. Diese Skulptur ist nicht nur eine Augenweide, sondern tr\u00e4gt auch das Fairtrade-Siegel, was bedeutet, dass Sie einen Beitrag zum fairen Handel und zu besseren Lebensbedingungen f\u00fcr Kunsthandwerker leisten.<\/p>\n<p data-path-to-node=\"3\">Die Skulptur hat einen robusten, industriellen Look. Er wird in fachm\u00e4nnischer Handarbeit aus zusammengeschwei\u00dften Metallplatten hergestellt, wobei die rohe Struktur und die silbergrauen Farbt\u00f6ne des Materials erhalten bleiben. Die sichtbaren Schwei\u00dfn\u00e4hte und die robuste Verarbeitung verleihen dem Vogel einen authentischen und k\u00fcnstlerischen Charakter. Der Pelikan steht fest auf seinen gro\u00dfen flachen Beinen und blickt mit seinem charakteristischen langen Schnabel ruhig nach unten.<\/p>\n<p data-path-to-node=\"4\">Da jedes Exemplar vollst\u00e4ndig von Hand gefertigt wird, ist kein Vogel identisch. Kleine Variationen in Metall und Design unterstreichen den einzigartigen, handwerklichen Prozess. Sie sind herzlich eingeladen, diesen charaktervollen, ehrlichen Blickfang in unserem Ausstellungsraum bei Eliassen zu bewundern, oder ihn direkt und sicher online zu bestellen.<\/p>\n","protected":false},"excerpt":{"rendered":"<p>Dieser gro\u00dfe 63 cm gro\u00dfe Pelikan aus Metall ist ein robustes und ehrliches Fairtrade-Kunstobjekt. Die aus Metall handgefertigte Skulptur zeichnet sich durch einen robusten, industriellen Look mit freiliegenden Schwei\u00dfn\u00e4hten und einem rohen silbergrauen Finish aus. Ein einzigartiges und langlebiges Schmuckst\u00fcck, dessen Gr\u00f6\u00dfe und Charakter sowohl modernen Innenr\u00e4umen als auch gr\u00fcnen G\u00e4rten ein sch\u00f6nes Ambiente verleiht.<\/p>\n","protected":false},"featured_media":202834,"template":"","meta":{"_acf_changed":false,"_genesis_title":"","_genesis_description":""},"product_brand":[6960],"product_cat":[665,659],"product_tag":[],"class_list":{"0":"post-203515","1":"product","2":"type-product","3":"status-publish","4":"has-post-thumbnail","6":"product_brand-zimba-arts-de","7":"product_cat-dekofiguren-aus-metall","8":"product_cat-dekoration-aus-metall","10":"first","11":"instock","12":"taxable","13":"shipping-taxable","14":"purchasable","15":"product-type-simple"},"acf":[],"meta_all":{"cor_restricted_countries":[],"total_sales":"2"},"meta_all_flat":{"total_sales":"2"},"yoast_head":"<!-- This site is optimized with the Yoast SEO Premium plugin v26.2 (Yoast SEO v27.2) - https:\/\/yoast.com\/product\/yoast-seo-premium-wordpress\/ -->\n<title>Zimba-arts Pelikan Metall gro\u00df 63cm - Eliassen.nl<\/title>\n<meta name=\"description\" content=\"Gro\u00dfer Metallpelikan (63cm). Robustes Fairtrade-Kunstobjekt im industriellen, silbergrauen Look. Handgefertigt und langlebig. Bestellen Sie jetzt bei Eliassen!\" \/>\n<meta name=\"robots\" content=\"index, follow, max-snippet:-1, max-image-preview:large, max-video-preview:-1\" \/>\n<link rel=\"canonical\" href=\"https:\/\/www.eliassen.nl\/de\/pelikan-metall-gross-63cm\/\" \/>\n<meta property=\"og:locale\" content=\"de_DE\" \/>\n<meta property=\"og:type\" content=\"article\" \/>\n<meta property=\"og:title\" content=\"Zimba-arts Pelikan Metall gro\u00df 63cm - Eliassen.nl\" \/>\n<meta property=\"og:description\" content=\"Gro\u00dfer Metallpelikan (63cm). Robustes Fairtrade-Kunstobjekt im industriellen, silbergrauen Look. Handgefertigt und langlebig. Bestellen Sie jetzt bei Eliassen!\" \/>\n<meta property=\"og:url\" content=\"https:\/\/www.eliassen.nl\/de\/pelikan-metall-gross-63cm\/\" \/>\n<meta property=\"og:site_name\" content=\"Eliassen.nl\" \/>\n<meta property=\"article:publisher\" content=\"https:\/\/www.facebook.com\/TuincentrumEliassenAmmerzoden\" \/>\n<meta property=\"article:modified_time\" content=\"2026-02-13T14:36:20+00:00\" \/>\n<meta property=\"og:image\" content=\"https:\/\/www.eliassen.nl\/wp-content\/uploads\/2026\/01\/Pelikaan-metaal-L-Eliassen.nl-Zimba-za403401.png\" \/>\n\t<meta property=\"og:image:width\" content=\"1500\" \/>\n\t<meta property=\"og:image:height\" content=\"2000\" \/>\n\t<meta property=\"og:image:type\" content=\"image\/png\" \/>\n<meta name=\"twitter:card\" content=\"summary_large_image\" \/>\n<script type=\"application\/ld+json\" class=\"yoast-schema-graph\">{\"@context\":\"https:\/\/schema.org\",\"@graph\":[{\"@type\":\"WebPage\",\"@id\":\"https:\/\/www.eliassen.nl\/de\/pelikan-metall-gross-63cm\/\",\"url\":\"https:\/\/www.eliassen.nl\/de\/pelikan-metall-gross-63cm\/\",\"name\":\"Zimba-arts Pelikan Metall gro\u00df 63cm - Eliassen.nl\",\"isPartOf\":{\"@id\":\"https:\/\/www.eliassen.nl\/de\/#website\"},\"primaryImageOfPage\":{\"@id\":\"https:\/\/www.eliassen.nl\/de\/pelikan-metall-gross-63cm\/#primaryimage\"},\"image\":{\"@id\":\"https:\/\/www.eliassen.nl\/de\/pelikan-metall-gross-63cm\/#primaryimage\"},\"thumbnailUrl\":\"https:\/\/www.eliassen.nl\/wp-content\/uploads\/2026\/01\/Pelikaan-metaal-L-Eliassen.nl-Zimba-za403401.png\",\"datePublished\":\"2026-01-16T13:09:14+00:00\",\"dateModified\":\"2026-02-13T14:36:20+00:00\",\"description\":\"Gro\u00dfer Metallpelikan (63cm). Robustes Fairtrade-Kunstobjekt im industriellen, silbergrauen Look. Handgefertigt und langlebig. Bestellen Sie jetzt bei Eliassen!\",\"breadcrumb\":{\"@id\":\"https:\/\/www.eliassen.nl\/de\/pelikan-metall-gross-63cm\/#breadcrumb\"},\"inLanguage\":\"de\",\"potentialAction\":[{\"@type\":\"ReadAction\",\"target\":[\"https:\/\/www.eliassen.nl\/de\/pelikan-metall-gross-63cm\/\"]}]},{\"@type\":\"ImageObject\",\"inLanguage\":\"de\",\"@id\":\"https:\/\/www.eliassen.nl\/de\/pelikan-metall-gross-63cm\/#primaryimage\",\"url\":\"https:\/\/www.eliassen.nl\/wp-content\/uploads\/2026\/01\/Pelikaan-metaal-L-Eliassen.nl-Zimba-za403401.png\",\"contentUrl\":\"https:\/\/www.eliassen.nl\/wp-content\/uploads\/2026\/01\/Pelikaan-metaal-L-Eliassen.nl-Zimba-za403401.png\",\"width\":1500,\"height\":2000},{\"@type\":\"BreadcrumbList\",\"@id\":\"https:\/\/www.eliassen.nl\/de\/pelikan-metall-gross-63cm\/#breadcrumb\",\"itemListElement\":[{\"@type\":\"ListItem\",\"position\":1,\"name\":\"Home\",\"item\":\"https:\/\/www.eliassen.nl\/de\/\"},{\"@type\":\"ListItem\",\"position\":2,\"name\":\"Shop\",\"item\":\"https:\/\/www.eliassen.nl\/de\/shop\/\"},{\"@type\":\"ListItem\",\"position\":3,\"name\":\"Dekoration aus Metall\",\"item\":\"https:\/\/www.eliassen.nl\/de\/dekoration-aus-metall\/\"},{\"@type\":\"ListItem\",\"position\":4,\"name\":\"Pelikan Metall gro\u00df 63cm\"}]},{\"@type\":\"WebSite\",\"@id\":\"https:\/\/www.eliassen.nl\/de\/#website\",\"url\":\"https:\/\/www.eliassen.nl\/de\/\",\"name\":\"Eliassen Home & Garden Pleasure\",\"description\":\"\",\"publisher\":{\"@id\":\"https:\/\/www.eliassen.nl\/de\/#organization\"},\"alternateName\":\"Eliassen.nl\",\"potentialAction\":[{\"@type\":\"SearchAction\",\"target\":{\"@type\":\"EntryPoint\",\"urlTemplate\":\"https:\/\/www.eliassen.nl\/de\/?s={search_term_string}\"},\"query-input\":{\"@type\":\"PropertyValueSpecification\",\"valueRequired\":true,\"valueName\":\"search_term_string\"}}],\"inLanguage\":\"de\"},{\"@type\":[\"Organization\",\"Place\"],\"@id\":\"https:\/\/www.eliassen.nl\/de\/#organization\",\"name\":\"Eliassen Home & Garden Pleasure\",\"url\":\"https:\/\/www.eliassen.nl\/de\/\",\"logo\":{\"@id\":\"https:\/\/www.eliassen.nl\/de\/pelikan-metall-gross-63cm\/#local-main-organization-logo\"},\"image\":{\"@id\":\"https:\/\/www.eliassen.nl\/de\/pelikan-metall-gross-63cm\/#local-main-organization-logo\"},\"sameAs\":[\"https:\/\/www.facebook.com\/TuincentrumEliassenAmmerzoden\",\"https:\/\/www.instagram.com\/eliassenhomeandgarden\/\",\"https:\/\/nl.pinterest.com\/eliassenhomeandgarden\/\",\"https:\/\/www.youtube.com\/@eliassenhomegardenpleasure4558\"],\"telephone\":[],\"openingHoursSpecification\":[{\"@type\":\"OpeningHoursSpecification\",\"dayOfWeek\":[\"Monday\",\"Tuesday\",\"Wednesday\",\"Thursday\",\"Friday\",\"Saturday\",\"Sunday\"],\"opens\":\"09:00\",\"closes\":\"17:00\"}]},{\"@type\":\"ImageObject\",\"inLanguage\":\"de\",\"@id\":\"https:\/\/www.eliassen.nl\/de\/pelikan-metall-gross-63cm\/#local-main-organization-logo\",\"url\":\"https:\/\/www.eliassen.nl\/wp-content\/uploads\/2024\/01\/logo_4nd.jpg\",\"contentUrl\":\"https:\/\/www.eliassen.nl\/wp-content\/uploads\/2024\/01\/logo_4nd.jpg\",\"width\":500,\"height\":500,\"caption\":\"Eliassen Home & Garden Pleasure\"}]}<\/script>\n<meta property=\"product:price:amount\" content=\"44.50\" \/>\n<meta property=\"product:price:currency\" content=\"EUR\" \/>\n<meta property=\"og:availability\" content=\"instock\" \/>\n<meta property=\"product:availability\" content=\"instock\" \/>\n<meta property=\"product:retailer_item_id\" content=\"8719632403401 \/ za403401\" \/>\n<meta property=\"product:condition\" content=\"new\" \/>\n<!-- \/ Yoast SEO Premium plugin. -->","yoast_head_json":{"title":"Zimba-arts Pelikan Metall gro\u00df 63cm - Eliassen.nl","description":"Gro\u00dfer Metallpelikan (63cm). Robustes Fairtrade-Kunstobjekt im industriellen, silbergrauen Look. Handgefertigt und langlebig. Bestellen Sie jetzt bei Eliassen!","robots":{"index":"index","follow":"follow","max-snippet":"max-snippet:-1","max-image-preview":"max-image-preview:large","max-video-preview":"max-video-preview:-1"},"canonical":"https:\/\/www.eliassen.nl\/de\/pelikan-metall-gross-63cm\/","og_locale":"de_DE","og_type":"article","og_title":"Zimba-arts Pelikan Metall gro\u00df 63cm - Eliassen.nl","og_description":"Gro\u00dfer Metallpelikan (63cm). Robustes Fairtrade-Kunstobjekt im industriellen, silbergrauen Look. Handgefertigt und langlebig. Bestellen Sie jetzt bei Eliassen!","og_url":"https:\/\/www.eliassen.nl\/de\/pelikan-metall-gross-63cm\/","og_site_name":"Eliassen.nl","article_publisher":"https:\/\/www.facebook.com\/TuincentrumEliassenAmmerzoden","article_modified_time":"2026-02-13T14:36:20+00:00","og_image":[{"width":1500,"height":2000,"url":"https:\/\/www.eliassen.nl\/wp-content\/uploads\/2026\/01\/Pelikaan-metaal-L-Eliassen.nl-Zimba-za403401.png","type":"image\/png"}],"twitter_card":"summary_large_image","schema":{"@context":"https:\/\/schema.org","@graph":[{"@type":"WebPage","@id":"https:\/\/www.eliassen.nl\/de\/pelikan-metall-gross-63cm\/","url":"https:\/\/www.eliassen.nl\/de\/pelikan-metall-gross-63cm\/","name":"Zimba-arts Pelikan Metall gro\u00df 63cm - Eliassen.nl","isPartOf":{"@id":"https:\/\/www.eliassen.nl\/de\/#website"},"primaryImageOfPage":{"@id":"https:\/\/www.eliassen.nl\/de\/pelikan-metall-gross-63cm\/#primaryimage"},"image":{"@id":"https:\/\/www.eliassen.nl\/de\/pelikan-metall-gross-63cm\/#primaryimage"},"thumbnailUrl":"https:\/\/www.eliassen.nl\/wp-content\/uploads\/2026\/01\/Pelikaan-metaal-L-Eliassen.nl-Zimba-za403401.png","datePublished":"2026-01-16T13:09:14+00:00","dateModified":"2026-02-13T14:36:20+00:00","description":"Gro\u00dfer Metallpelikan (63cm). Robustes Fairtrade-Kunstobjekt im industriellen, silbergrauen Look. Handgefertigt und langlebig. Bestellen Sie jetzt bei Eliassen!","breadcrumb":{"@id":"https:\/\/www.eliassen.nl\/de\/pelikan-metall-gross-63cm\/#breadcrumb"},"inLanguage":"de","potentialAction":[{"@type":"ReadAction","target":["https:\/\/www.eliassen.nl\/de\/pelikan-metall-gross-63cm\/"]}]},{"@type":"ImageObject","inLanguage":"de","@id":"https:\/\/www.eliassen.nl\/de\/pelikan-metall-gross-63cm\/#primaryimage","url":"https:\/\/www.eliassen.nl\/wp-content\/uploads\/2026\/01\/Pelikaan-metaal-L-Eliassen.nl-Zimba-za403401.png","contentUrl":"https:\/\/www.eliassen.nl\/wp-content\/uploads\/2026\/01\/Pelikaan-metaal-L-Eliassen.nl-Zimba-za403401.png","width":1500,"height":2000},{"@type":"BreadcrumbList","@id":"https:\/\/www.eliassen.nl\/de\/pelikan-metall-gross-63cm\/#breadcrumb","itemListElement":[{"@type":"ListItem","position":1,"name":"Home","item":"https:\/\/www.eliassen.nl\/de\/"},{"@type":"ListItem","position":2,"name":"Shop","item":"https:\/\/www.eliassen.nl\/de\/shop\/"},{"@type":"ListItem","position":3,"name":"Dekoration aus Metall","item":"https:\/\/www.eliassen.nl\/de\/dekoration-aus-metall\/"},{"@type":"ListItem","position":4,"name":"Pelikan Metall gro\u00df 63cm"}]},{"@type":"WebSite","@id":"https:\/\/www.eliassen.nl\/de\/#website","url":"https:\/\/www.eliassen.nl\/de\/","name":"Eliassen Home & Garden Pleasure","description":"","publisher":{"@id":"https:\/\/www.eliassen.nl\/de\/#organization"},"alternateName":"Eliassen.nl","potentialAction":[{"@type":"SearchAction","target":{"@type":"EntryPoint","urlTemplate":"https:\/\/www.eliassen.nl\/de\/?s={search_term_string}"},"query-input":{"@type":"PropertyValueSpecification","valueRequired":true,"valueName":"search_term_string"}}],"inLanguage":"de"},{"@type":["Organization","Place"],"@id":"https:\/\/www.eliassen.nl\/de\/#organization","name":"Eliassen Home & Garden Pleasure","url":"https:\/\/www.eliassen.nl\/de\/","logo":{"@id":"https:\/\/www.eliassen.nl\/de\/pelikan-metall-gross-63cm\/#local-main-organization-logo"},"image":{"@id":"https:\/\/www.eliassen.nl\/de\/pelikan-metall-gross-63cm\/#local-main-organization-logo"},"sameAs":["https:\/\/www.facebook.com\/TuincentrumEliassenAmmerzoden","https:\/\/www.instagram.com\/eliassenhomeandgarden\/","https:\/\/nl.pinterest.com\/eliassenhomeandgarden\/","https:\/\/www.youtube.com\/@eliassenhomegardenpleasure4558"],"telephone":[],"openingHoursSpecification":[{"@type":"OpeningHoursSpecification","dayOfWeek":["Monday","Tuesday","Wednesday","Thursday","Friday","Saturday","Sunday"],"opens":"09:00","closes":"17:00"}]},{"@type":"ImageObject","inLanguage":"de","@id":"https:\/\/www.eliassen.nl\/de\/pelikan-metall-gross-63cm\/#local-main-organization-logo","url":"https:\/\/www.eliassen.nl\/wp-content\/uploads\/2024\/01\/logo_4nd.jpg","contentUrl":"https:\/\/www.eliassen.nl\/wp-content\/uploads\/2024\/01\/logo_4nd.jpg","width":500,"height":500,"caption":"Eliassen Home & Garden Pleasure"}]},"product_price_amount":"44.50","product_price_currency":"EUR","og_availability":"instock","product_availability":"instock","product_retailer_item_id":"8719632403401 \/ za403401","product_condition":"new"},"df_price":44.5,"df_sale_price":"","df_regular_price":44.5,"df_image_link":"https:\/\/www.eliassen.nl\/wp-content\/uploads\/2026\/01\/Pelikaan-metaal-L-Eliassen.nl-Zimba-za403401-225x300.png","image":"https:\/\/www.eliassen.nl\/wp-content\/uploads\/2026\/01\/Pelikaan-metaal-L-Eliassen.nl-Zimba-za403401-150x150.png","price_search":"<span class=\"woocommerce-Price-amount amount\"><bdi><span class=\"woocommerce-Price-currencySymbol\">&euro;<\/span>&nbsp;44,50<\/bdi><\/span>","category":"Dekofiguren aus Metall","global_unique_id":"8719632403401","_links":{"self":[{"href":"https:\/\/www.eliassen.nl\/de\/wp-json\/wp\/v2\/product\/203515","targetHints":{"allow":["GET"]}}],"collection":[{"href":"https:\/\/www.eliassen.nl\/de\/wp-json\/wp\/v2\/product"}],"about":[{"href":"https:\/\/www.eliassen.nl\/de\/wp-json\/wp\/v2\/types\/product"}],"wp:featuredmedia":[{"embeddable":true,"href":"https:\/\/www.eliassen.nl\/de\/wp-json\/wp\/v2\/media\/202834"}],"wp:attachment":[{"href":"https:\/\/www.eliassen.nl\/de\/wp-json\/wp\/v2\/media?parent=203515"}],"wp:term":[{"taxonomy":"product_brand","embeddable":true,"href":"https:\/\/www.eliassen.nl\/de\/wp-json\/wp\/v2\/product_brand?post=203515"},{"taxonomy":"product_cat","embeddable":true,"href":"https:\/\/www.eliassen.nl\/de\/wp-json\/wp\/v2\/product_cat?post=203515"},{"taxonomy":"product_tag","embeddable":true,"href":"https:\/\/www.eliassen.nl\/de\/wp-json\/wp\/v2\/product_tag?post=203515"}],"curies":[{"name":"wp","href":"https:\/\/api.w.org\/{rel}","templated":true}]}}