{"id":203513,"date":"2026-01-16T14:03:18","date_gmt":"2026-01-16T13:03:18","guid":{"rendered":"https:\/\/www.eliassen.nl\/product\/pfau-metall-22cm\/"},"modified":"2026-01-16T14:03:18","modified_gmt":"2026-01-16T13:03:18","slug":"pfau-metall-22cm","status":"publish","type":"product","link":"https:\/\/www.eliassen.nl\/de\/pfau-metall-22cm\/","title":{"rendered":"Pfau Metall 22cm"},"content":{"rendered":"<p data-path-to-node=\"2\">Setzen Sie ein einzigartiges und k\u00fcnstlerisches Zeichen mit diesem charaktervollen Pfau aus Metall. Mit einer kompakten Gr\u00f6\u00dfe von 22 cm ist diese Figur ein perfekter Akzent f\u00fcr einen Beistelltisch, auf der Fensterbank oder zwischen Ihren Pflanzen. Die Skulptur ist aus recycelten \u00d6lf\u00e4ssern gefertigt, was ihr einen robusten, industriellen Look mit einer nachhaltigen Geschichte verleiht.<\/p>\n<p data-path-to-node=\"3\">Der Pfau steht stolz aufrecht und f\u00e4llt sofort durch seinen F\u00e4cherschwanz auf. Er ist kunstvoll aus mehreren Metallstreifen mit gezackten Kanten zusammengesetzt, wobei Reste der urspr\u00fcnglichen Farbschichten in Wei\u00df, Gr\u00fcn und Blau einen verspielten und lebendigen Kontrast bilden. Die robusten Schwei\u00dfn\u00e4hte und der dunkle Metallk\u00f6rper verleihen ihr einen rauen Charakter, w\u00e4hrend das kecke Wappen auf dem Kopf und die aufmerksame Pose der Figur ein sympathisches Aussehen verleihen.<\/p>\n<p data-path-to-node=\"4\">Da jedes Exemplar aus verf\u00fcgbarem &#8218;Schrott&#8216; handgefertigt wird, ist kein Pfau wie der andere. Dellen, Kratzer und Farbabweichungen sind ein Beweis f\u00fcr die industrielle Herkunft und machen Ihren Kauf einzigartig. Sie sind herzlich eingeladen, dieses robuste, langlebige Kunstobjekt in unserem Ausstellungsraum bei Eliassen zu besichtigen, oder es einfach online zu bestellen.<\/p>\n","protected":false},"excerpt":{"rendered":"<p>Dieser kompakte 22 cm gro\u00dfe Metallpfau ist ein cooler Blickfang, der fachm\u00e4nnisch aus recycelten \u00d6lf\u00e4ssern hergestellt wurde. Das industrielle Design zeigt einen F\u00e4cherschwanz mit gezackten Kanten und farbigen Akzenten in Wei\u00df, Gr\u00fcn und Blau, die einen sch\u00f6nen Kontrast zu dem dunklen Metall bilden. Ein einzigartiges, handgefertigtes Kunstwerk, das Ihrer Einrichtung Haltbarkeit und Charakter verleiht.<\/p>\n","protected":false},"featured_media":202851,"template":"","meta":{"_acf_changed":false,"_genesis_title":"","_genesis_description":""},"product_brand":[6960],"product_cat":[665,659],"product_tag":[],"class_list":{"0":"post-203513","1":"product","2":"type-product","3":"status-publish","4":"has-post-thumbnail","6":"product_brand-zimba-arts-de","7":"product_cat-dekofiguren-aus-metall","8":"product_cat-dekoration-aus-metall","10":"first","11":"instock","12":"taxable","13":"shipping-taxable","14":"purchasable","15":"product-type-simple"},"acf":[],"meta_all":{"cor_restricted_countries":[],"total_sales":"1"},"meta_all_flat":{"total_sales":"1"},"yoast_head":"<!-- This site is optimized with the Yoast SEO Premium plugin v26.2 (Yoast SEO v27.2) - https:\/\/yoast.com\/product\/yoast-seo-premium-wordpress\/ -->\n<title>Zimba-arts Pfau Metall 22cm - Eliassen.nl<\/title>\n<meta name=\"description\" content=\"Einzigartiger Pfau (22 cm) aus Metall, hergestellt aus recycelten \u00d6lf\u00e4ssern. Robustes, industrielles Design mit bunten Akzenten. Bestellen Sie nachhaltig bei Eliassen!\" \/>\n<meta name=\"robots\" content=\"index, follow, max-snippet:-1, max-image-preview:large, max-video-preview:-1\" \/>\n<link rel=\"canonical\" href=\"https:\/\/www.eliassen.nl\/de\/pfau-metall-22cm\/\" \/>\n<meta property=\"og:locale\" content=\"de_DE\" \/>\n<meta property=\"og:type\" content=\"article\" \/>\n<meta property=\"og:title\" content=\"Zimba-arts Pfau Metall 22cm - Eliassen.nl\" \/>\n<meta property=\"og:description\" content=\"Einzigartiger Pfau (22 cm) aus Metall, hergestellt aus recycelten \u00d6lf\u00e4ssern. Robustes, industrielles Design mit bunten Akzenten. Bestellen Sie nachhaltig bei Eliassen!\" \/>\n<meta property=\"og:url\" content=\"https:\/\/www.eliassen.nl\/de\/pfau-metall-22cm\/\" \/>\n<meta property=\"og:site_name\" content=\"Eliassen.nl\" \/>\n<meta property=\"article:publisher\" content=\"https:\/\/www.facebook.com\/TuincentrumEliassenAmmerzoden\" \/>\n<meta property=\"og:image\" content=\"https:\/\/www.eliassen.nl\/wp-content\/uploads\/2026\/01\/Pauw-metaal-Eliassen.nl-Zimba-za409113.jpg\" \/>\n\t<meta property=\"og:image:width\" content=\"1651\" \/>\n\t<meta property=\"og:image:height\" content=\"1101\" \/>\n\t<meta property=\"og:image:type\" content=\"image\/jpeg\" \/>\n<meta name=\"twitter:card\" content=\"summary_large_image\" \/>\n<script type=\"application\/ld+json\" class=\"yoast-schema-graph\">{\"@context\":\"https:\/\/schema.org\",\"@graph\":[{\"@type\":\"WebPage\",\"@id\":\"https:\/\/www.eliassen.nl\/de\/pfau-metall-22cm\/\",\"url\":\"https:\/\/www.eliassen.nl\/de\/pfau-metall-22cm\/\",\"name\":\"Zimba-arts Pfau Metall 22cm - Eliassen.nl\",\"isPartOf\":{\"@id\":\"https:\/\/www.eliassen.nl\/de\/#website\"},\"primaryImageOfPage\":{\"@id\":\"https:\/\/www.eliassen.nl\/de\/pfau-metall-22cm\/#primaryimage\"},\"image\":{\"@id\":\"https:\/\/www.eliassen.nl\/de\/pfau-metall-22cm\/#primaryimage\"},\"thumbnailUrl\":\"https:\/\/www.eliassen.nl\/wp-content\/uploads\/2026\/01\/Pauw-metaal-Eliassen.nl-Zimba-za409113.jpg\",\"datePublished\":\"2026-01-16T13:03:18+00:00\",\"description\":\"Einzigartiger Pfau (22 cm) aus Metall, hergestellt aus recycelten \u00d6lf\u00e4ssern. Robustes, industrielles Design mit bunten Akzenten. Bestellen Sie nachhaltig bei Eliassen!\",\"breadcrumb\":{\"@id\":\"https:\/\/www.eliassen.nl\/de\/pfau-metall-22cm\/#breadcrumb\"},\"inLanguage\":\"de\",\"potentialAction\":[{\"@type\":\"ReadAction\",\"target\":[\"https:\/\/www.eliassen.nl\/de\/pfau-metall-22cm\/\"]}]},{\"@type\":\"ImageObject\",\"inLanguage\":\"de\",\"@id\":\"https:\/\/www.eliassen.nl\/de\/pfau-metall-22cm\/#primaryimage\",\"url\":\"https:\/\/www.eliassen.nl\/wp-content\/uploads\/2026\/01\/Pauw-metaal-Eliassen.nl-Zimba-za409113.jpg\",\"contentUrl\":\"https:\/\/www.eliassen.nl\/wp-content\/uploads\/2026\/01\/Pauw-metaal-Eliassen.nl-Zimba-za409113.jpg\",\"width\":1651,\"height\":1101,\"caption\":\"Pfau Metall Eliassen.nl Zimba za409113\"},{\"@type\":\"BreadcrumbList\",\"@id\":\"https:\/\/www.eliassen.nl\/de\/pfau-metall-22cm\/#breadcrumb\",\"itemListElement\":[{\"@type\":\"ListItem\",\"position\":1,\"name\":\"Home\",\"item\":\"https:\/\/www.eliassen.nl\/de\/\"},{\"@type\":\"ListItem\",\"position\":2,\"name\":\"Shop\",\"item\":\"https:\/\/www.eliassen.nl\/de\/shop\/\"},{\"@type\":\"ListItem\",\"position\":3,\"name\":\"Dekoration aus Metall\",\"item\":\"https:\/\/www.eliassen.nl\/de\/dekoration-aus-metall\/\"},{\"@type\":\"ListItem\",\"position\":4,\"name\":\"Pfau Metall 22cm\"}]},{\"@type\":\"WebSite\",\"@id\":\"https:\/\/www.eliassen.nl\/de\/#website\",\"url\":\"https:\/\/www.eliassen.nl\/de\/\",\"name\":\"Eliassen Home & Garden Pleasure\",\"description\":\"\",\"publisher\":{\"@id\":\"https:\/\/www.eliassen.nl\/de\/#organization\"},\"alternateName\":\"Eliassen.nl\",\"potentialAction\":[{\"@type\":\"SearchAction\",\"target\":{\"@type\":\"EntryPoint\",\"urlTemplate\":\"https:\/\/www.eliassen.nl\/de\/?s={search_term_string}\"},\"query-input\":{\"@type\":\"PropertyValueSpecification\",\"valueRequired\":true,\"valueName\":\"search_term_string\"}}],\"inLanguage\":\"de\"},{\"@type\":[\"Organization\",\"Place\"],\"@id\":\"https:\/\/www.eliassen.nl\/de\/#organization\",\"name\":\"Eliassen Home & Garden Pleasure\",\"url\":\"https:\/\/www.eliassen.nl\/de\/\",\"logo\":{\"@id\":\"https:\/\/www.eliassen.nl\/de\/pfau-metall-22cm\/#local-main-organization-logo\"},\"image\":{\"@id\":\"https:\/\/www.eliassen.nl\/de\/pfau-metall-22cm\/#local-main-organization-logo\"},\"sameAs\":[\"https:\/\/www.facebook.com\/TuincentrumEliassenAmmerzoden\",\"https:\/\/www.instagram.com\/eliassenhomeandgarden\/\",\"https:\/\/nl.pinterest.com\/eliassenhomeandgarden\/\",\"https:\/\/www.youtube.com\/@eliassenhomegardenpleasure4558\"],\"telephone\":[],\"openingHoursSpecification\":[{\"@type\":\"OpeningHoursSpecification\",\"dayOfWeek\":[\"Monday\",\"Tuesday\",\"Wednesday\",\"Thursday\",\"Friday\",\"Saturday\",\"Sunday\"],\"opens\":\"09:00\",\"closes\":\"17:00\"}]},{\"@type\":\"ImageObject\",\"inLanguage\":\"de\",\"@id\":\"https:\/\/www.eliassen.nl\/de\/pfau-metall-22cm\/#local-main-organization-logo\",\"url\":\"https:\/\/www.eliassen.nl\/wp-content\/uploads\/2024\/01\/logo_4nd.jpg\",\"contentUrl\":\"https:\/\/www.eliassen.nl\/wp-content\/uploads\/2024\/01\/logo_4nd.jpg\",\"width\":500,\"height\":500,\"caption\":\"Eliassen Home & Garden Pleasure\"}]}<\/script>\n<meta property=\"product:price:amount\" content=\"19.50\" \/>\n<meta property=\"product:price:currency\" content=\"EUR\" \/>\n<meta property=\"og:availability\" content=\"instock\" \/>\n<meta property=\"product:availability\" content=\"instock\" \/>\n<meta property=\"product:retailer_item_id\" content=\"za409113\" \/>\n<meta property=\"product:condition\" content=\"new\" \/>\n<!-- \/ Yoast SEO Premium plugin. -->","yoast_head_json":{"title":"Zimba-arts Pfau Metall 22cm - Eliassen.nl","description":"Einzigartiger Pfau (22 cm) aus Metall, hergestellt aus recycelten \u00d6lf\u00e4ssern. Robustes, industrielles Design mit bunten Akzenten. Bestellen Sie nachhaltig bei Eliassen!","robots":{"index":"index","follow":"follow","max-snippet":"max-snippet:-1","max-image-preview":"max-image-preview:large","max-video-preview":"max-video-preview:-1"},"canonical":"https:\/\/www.eliassen.nl\/de\/pfau-metall-22cm\/","og_locale":"de_DE","og_type":"article","og_title":"Zimba-arts Pfau Metall 22cm - Eliassen.nl","og_description":"Einzigartiger Pfau (22 cm) aus Metall, hergestellt aus recycelten \u00d6lf\u00e4ssern. Robustes, industrielles Design mit bunten Akzenten. Bestellen Sie nachhaltig bei Eliassen!","og_url":"https:\/\/www.eliassen.nl\/de\/pfau-metall-22cm\/","og_site_name":"Eliassen.nl","article_publisher":"https:\/\/www.facebook.com\/TuincentrumEliassenAmmerzoden","og_image":[{"width":1651,"height":1101,"url":"https:\/\/www.eliassen.nl\/wp-content\/uploads\/2026\/01\/Pauw-metaal-Eliassen.nl-Zimba-za409113.jpg","type":"image\/jpeg"}],"twitter_card":"summary_large_image","schema":{"@context":"https:\/\/schema.org","@graph":[{"@type":"WebPage","@id":"https:\/\/www.eliassen.nl\/de\/pfau-metall-22cm\/","url":"https:\/\/www.eliassen.nl\/de\/pfau-metall-22cm\/","name":"Zimba-arts Pfau Metall 22cm - Eliassen.nl","isPartOf":{"@id":"https:\/\/www.eliassen.nl\/de\/#website"},"primaryImageOfPage":{"@id":"https:\/\/www.eliassen.nl\/de\/pfau-metall-22cm\/#primaryimage"},"image":{"@id":"https:\/\/www.eliassen.nl\/de\/pfau-metall-22cm\/#primaryimage"},"thumbnailUrl":"https:\/\/www.eliassen.nl\/wp-content\/uploads\/2026\/01\/Pauw-metaal-Eliassen.nl-Zimba-za409113.jpg","datePublished":"2026-01-16T13:03:18+00:00","description":"Einzigartiger Pfau (22 cm) aus Metall, hergestellt aus recycelten \u00d6lf\u00e4ssern. Robustes, industrielles Design mit bunten Akzenten. Bestellen Sie nachhaltig bei Eliassen!","breadcrumb":{"@id":"https:\/\/www.eliassen.nl\/de\/pfau-metall-22cm\/#breadcrumb"},"inLanguage":"de","potentialAction":[{"@type":"ReadAction","target":["https:\/\/www.eliassen.nl\/de\/pfau-metall-22cm\/"]}]},{"@type":"ImageObject","inLanguage":"de","@id":"https:\/\/www.eliassen.nl\/de\/pfau-metall-22cm\/#primaryimage","url":"https:\/\/www.eliassen.nl\/wp-content\/uploads\/2026\/01\/Pauw-metaal-Eliassen.nl-Zimba-za409113.jpg","contentUrl":"https:\/\/www.eliassen.nl\/wp-content\/uploads\/2026\/01\/Pauw-metaal-Eliassen.nl-Zimba-za409113.jpg","width":1651,"height":1101,"caption":"Pfau Metall Eliassen.nl Zimba za409113"},{"@type":"BreadcrumbList","@id":"https:\/\/www.eliassen.nl\/de\/pfau-metall-22cm\/#breadcrumb","itemListElement":[{"@type":"ListItem","position":1,"name":"Home","item":"https:\/\/www.eliassen.nl\/de\/"},{"@type":"ListItem","position":2,"name":"Shop","item":"https:\/\/www.eliassen.nl\/de\/shop\/"},{"@type":"ListItem","position":3,"name":"Dekoration aus Metall","item":"https:\/\/www.eliassen.nl\/de\/dekoration-aus-metall\/"},{"@type":"ListItem","position":4,"name":"Pfau Metall 22cm"}]},{"@type":"WebSite","@id":"https:\/\/www.eliassen.nl\/de\/#website","url":"https:\/\/www.eliassen.nl\/de\/","name":"Eliassen Home & Garden Pleasure","description":"","publisher":{"@id":"https:\/\/www.eliassen.nl\/de\/#organization"},"alternateName":"Eliassen.nl","potentialAction":[{"@type":"SearchAction","target":{"@type":"EntryPoint","urlTemplate":"https:\/\/www.eliassen.nl\/de\/?s={search_term_string}"},"query-input":{"@type":"PropertyValueSpecification","valueRequired":true,"valueName":"search_term_string"}}],"inLanguage":"de"},{"@type":["Organization","Place"],"@id":"https:\/\/www.eliassen.nl\/de\/#organization","name":"Eliassen Home & Garden Pleasure","url":"https:\/\/www.eliassen.nl\/de\/","logo":{"@id":"https:\/\/www.eliassen.nl\/de\/pfau-metall-22cm\/#local-main-organization-logo"},"image":{"@id":"https:\/\/www.eliassen.nl\/de\/pfau-metall-22cm\/#local-main-organization-logo"},"sameAs":["https:\/\/www.facebook.com\/TuincentrumEliassenAmmerzoden","https:\/\/www.instagram.com\/eliassenhomeandgarden\/","https:\/\/nl.pinterest.com\/eliassenhomeandgarden\/","https:\/\/www.youtube.com\/@eliassenhomegardenpleasure4558"],"telephone":[],"openingHoursSpecification":[{"@type":"OpeningHoursSpecification","dayOfWeek":["Monday","Tuesday","Wednesday","Thursday","Friday","Saturday","Sunday"],"opens":"09:00","closes":"17:00"}]},{"@type":"ImageObject","inLanguage":"de","@id":"https:\/\/www.eliassen.nl\/de\/pfau-metall-22cm\/#local-main-organization-logo","url":"https:\/\/www.eliassen.nl\/wp-content\/uploads\/2024\/01\/logo_4nd.jpg","contentUrl":"https:\/\/www.eliassen.nl\/wp-content\/uploads\/2024\/01\/logo_4nd.jpg","width":500,"height":500,"caption":"Eliassen Home & Garden Pleasure"}]},"product_price_amount":"19.50","product_price_currency":"EUR","og_availability":"instock","product_availability":"instock","product_retailer_item_id":"za409113","product_condition":"new"},"df_price":19.5,"df_sale_price":"","df_regular_price":19.5,"df_image_link":"https:\/\/www.eliassen.nl\/wp-content\/uploads\/2026\/01\/Pauw-metaal-Eliassen.nl-Zimba-za409113-300x200.jpg","image":"https:\/\/www.eliassen.nl\/wp-content\/uploads\/2026\/01\/Pauw-metaal-Eliassen.nl-Zimba-za409113-150x150.jpg","price_search":"<span class=\"woocommerce-Price-amount amount\"><bdi><span class=\"woocommerce-Price-currencySymbol\">&euro;<\/span>&nbsp;19,50<\/bdi><\/span>","category":"Dekofiguren aus Metall","global_unique_id":"8719632409113","_links":{"self":[{"href":"https:\/\/www.eliassen.nl\/de\/wp-json\/wp\/v2\/product\/203513","targetHints":{"allow":["GET"]}}],"collection":[{"href":"https:\/\/www.eliassen.nl\/de\/wp-json\/wp\/v2\/product"}],"about":[{"href":"https:\/\/www.eliassen.nl\/de\/wp-json\/wp\/v2\/types\/product"}],"wp:featuredmedia":[{"embeddable":true,"href":"https:\/\/www.eliassen.nl\/de\/wp-json\/wp\/v2\/media\/202851"}],"wp:attachment":[{"href":"https:\/\/www.eliassen.nl\/de\/wp-json\/wp\/v2\/media?parent=203513"}],"wp:term":[{"taxonomy":"product_brand","embeddable":true,"href":"https:\/\/www.eliassen.nl\/de\/wp-json\/wp\/v2\/product_brand?post=203513"},{"taxonomy":"product_cat","embeddable":true,"href":"https:\/\/www.eliassen.nl\/de\/wp-json\/wp\/v2\/product_cat?post=203513"},{"taxonomy":"product_tag","embeddable":true,"href":"https:\/\/www.eliassen.nl\/de\/wp-json\/wp\/v2\/product_tag?post=203513"}],"curies":[{"name":"wp","href":"https:\/\/api.w.org\/{rel}","templated":true}]}}