{"id":203510,"date":"2026-01-16T14:00:01","date_gmt":"2026-01-16T13:00:01","guid":{"rendered":"https:\/\/www.eliassen.nl\/product\/pelikan-metall-mittel-44cm\/"},"modified":"2026-01-16T14:00:01","modified_gmt":"2026-01-16T13:00:01","slug":"pelikan-metall-mittel-44cm","status":"publish","type":"product","link":"https:\/\/www.eliassen.nl\/de\/pelikan-metall-mittel-44cm\/","title":{"rendered":"Pelikan Metall mittel 44cm"},"content":{"rendered":"<p data-path-to-node=\"2\">F\u00fcgen Sie Ihrem Garten oder Ihrem Interieur mit diesem einzigartigen Pelikan aus Metall ein robustes und langlebiges Element hinzu. Mit einer H\u00f6he von 44 cm ist diese mittelgro\u00dfe Skulptur ein sch\u00f6ner Blickfang, der sofort die Geschichte ihrer Herkunft erz\u00e4hlt. Die Skulptur ist n\u00e4mlich aus recycelten \u00d6lf\u00e4ssern gefertigt und verleiht altem Material ein brillantes zweites Leben als Kunstobjekt.<\/p>\n<p data-path-to-node=\"3\">Die Skulptur zeichnet sich durch einen rohen, industriellen Look aus. Die Metallplatten werden fachm\u00e4nnisch zusammengeschwei\u00dft, so dass die urspr\u00fcngliche Textur und die silberne, manchmal leicht verwitterte Oberfl\u00e4che des Metalls sichtbar bleiben. Dies verleiht dem Pelikan einen robusten und authentischen Charakter. Der Vogel steht fest auf seinen Metallbeinen mit Schwimmh\u00e4uten und schaut mit seinem langen Schnabel nach unten, eine f\u00fcr diese Wasserv\u00f6gel typische Haltung. Da das Material witterungsbest\u00e4ndig ist (wenn es mit einem Klarlack behandelt wird, um es langfristig im Freien zu erhalten), ist es ein vielseitiges Dekorationsst\u00fcck.<\/p>\n<p data-path-to-node=\"4\">Da jedes Exemplar aus recycelten Materialien handgefertigt wird, ist kein Pelikan identisch. Dellen, Schwei\u00dfn\u00e4hte und Farbnuancen sind Teil des Charmes dieser &#8218;Altmetallkunst&#8216;. Sie sind herzlich eingeladen, diese charaktervolle und umweltbewusste Skulptur in unserem Ausstellungsraum bei Eliassen zu besichtigen, oder sie einfach online zu bestellen.<\/p>\n","protected":false},"excerpt":{"rendered":"<p>Dieser robuste 44 cm gro\u00dfe Pelikan wurde fachm\u00e4nnisch aus recycelten \u00d6lf\u00e4ssern gefertigt und strahlt einen robusten, industriellen Charakter aus. Das silberfarbene Metall mit freiliegenden Schwei\u00dfn\u00e4hten und einem rohen Finish macht jedes St\u00fcck zu einem einzigartigen und dauerhaften Kunstwerk. Eine stimmungsvolle und umweltbewusste Erg\u00e4nzung, die sowohl in ein modernes Wohnzimmer als auch in einen gr\u00fcnen Garten perfekt passt.<\/p>\n","protected":false},"featured_media":202827,"template":"","meta":{"_acf_changed":false,"_genesis_title":"","_genesis_description":""},"product_brand":[6960],"product_cat":[665,659],"product_tag":[],"class_list":{"0":"post-203510","1":"product","2":"type-product","3":"status-publish","4":"has-post-thumbnail","6":"product_brand-zimba-arts-de","7":"product_cat-dekofiguren-aus-metall","8":"product_cat-dekoration-aus-metall","10":"first","11":"instock","12":"taxable","13":"shipping-taxable","14":"purchasable","15":"product-type-simple"},"acf":[],"meta_all":{"cor_restricted_countries":[],"total_sales":"0"},"meta_all_flat":{"total_sales":"0"},"yoast_head":"<!-- This site is optimized with the Yoast SEO Premium plugin v26.2 (Yoast SEO v27.2) - https:\/\/yoast.com\/product\/yoast-seo-premium-wordpress\/ -->\n<title>Zimba-arts Pelikan Metall mittel 44cm - Eliassen.nl<\/title>\n<meta name=\"description\" content=\"Robuster Metallpelikan (44cm) aus recycelten \u00d6lf\u00e4ssern. Einzigartiges industrielles Design f\u00fcr den Innen- und Au\u00dfenbereich. Bestellen Sie diese nachhaltige Skulptur von Eliassen!\" \/>\n<meta name=\"robots\" content=\"index, follow, max-snippet:-1, max-image-preview:large, max-video-preview:-1\" \/>\n<link rel=\"canonical\" href=\"https:\/\/www.eliassen.nl\/de\/pelikan-metall-mittel-44cm\/\" \/>\n<meta property=\"og:locale\" content=\"de_DE\" \/>\n<meta property=\"og:type\" content=\"article\" \/>\n<meta property=\"og:title\" content=\"Zimba-arts Pelikan Metall mittel 44cm - Eliassen.nl\" \/>\n<meta property=\"og:description\" content=\"Robuster Metallpelikan (44cm) aus recycelten \u00d6lf\u00e4ssern. Einzigartiges industrielles Design f\u00fcr den Innen- und Au\u00dfenbereich. Bestellen Sie diese nachhaltige Skulptur von Eliassen!\" \/>\n<meta property=\"og:url\" content=\"https:\/\/www.eliassen.nl\/de\/pelikan-metall-mittel-44cm\/\" \/>\n<meta property=\"og:site_name\" content=\"Eliassen.nl\" \/>\n<meta property=\"article:publisher\" content=\"https:\/\/www.facebook.com\/TuincentrumEliassenAmmerzoden\" \/>\n<meta property=\"og:image\" content=\"https:\/\/www.eliassen.nl\/wp-content\/uploads\/2026\/01\/Pelikaan-metaal-M-Eliassen.nl-Zimba-za409441.png\" \/>\n\t<meta property=\"og:image:width\" content=\"1500\" \/>\n\t<meta property=\"og:image:height\" content=\"2000\" \/>\n\t<meta property=\"og:image:type\" content=\"image\/png\" \/>\n<meta name=\"twitter:card\" content=\"summary_large_image\" \/>\n<script type=\"application\/ld+json\" class=\"yoast-schema-graph\">{\"@context\":\"https:\/\/schema.org\",\"@graph\":[{\"@type\":\"WebPage\",\"@id\":\"https:\/\/www.eliassen.nl\/de\/pelikan-metall-mittel-44cm\/\",\"url\":\"https:\/\/www.eliassen.nl\/de\/pelikan-metall-mittel-44cm\/\",\"name\":\"Zimba-arts Pelikan Metall mittel 44cm - Eliassen.nl\",\"isPartOf\":{\"@id\":\"https:\/\/www.eliassen.nl\/de\/#website\"},\"primaryImageOfPage\":{\"@id\":\"https:\/\/www.eliassen.nl\/de\/pelikan-metall-mittel-44cm\/#primaryimage\"},\"image\":{\"@id\":\"https:\/\/www.eliassen.nl\/de\/pelikan-metall-mittel-44cm\/#primaryimage\"},\"thumbnailUrl\":\"https:\/\/www.eliassen.nl\/wp-content\/uploads\/2026\/01\/Pelikaan-metaal-M-Eliassen.nl-Zimba-za409441.png\",\"datePublished\":\"2026-01-16T13:00:01+00:00\",\"description\":\"Robuster Metallpelikan (44cm) aus recycelten \u00d6lf\u00e4ssern. Einzigartiges industrielles Design f\u00fcr den Innen- und Au\u00dfenbereich. Bestellen Sie diese nachhaltige Skulptur von Eliassen!\",\"breadcrumb\":{\"@id\":\"https:\/\/www.eliassen.nl\/de\/pelikan-metall-mittel-44cm\/#breadcrumb\"},\"inLanguage\":\"de\",\"potentialAction\":[{\"@type\":\"ReadAction\",\"target\":[\"https:\/\/www.eliassen.nl\/de\/pelikan-metall-mittel-44cm\/\"]}]},{\"@type\":\"ImageObject\",\"inLanguage\":\"de\",\"@id\":\"https:\/\/www.eliassen.nl\/de\/pelikan-metall-mittel-44cm\/#primaryimage\",\"url\":\"https:\/\/www.eliassen.nl\/wp-content\/uploads\/2026\/01\/Pelikaan-metaal-M-Eliassen.nl-Zimba-za409441.png\",\"contentUrl\":\"https:\/\/www.eliassen.nl\/wp-content\/uploads\/2026\/01\/Pelikaan-metaal-M-Eliassen.nl-Zimba-za409441.png\",\"width\":1500,\"height\":2000},{\"@type\":\"BreadcrumbList\",\"@id\":\"https:\/\/www.eliassen.nl\/de\/pelikan-metall-mittel-44cm\/#breadcrumb\",\"itemListElement\":[{\"@type\":\"ListItem\",\"position\":1,\"name\":\"Home\",\"item\":\"https:\/\/www.eliassen.nl\/de\/\"},{\"@type\":\"ListItem\",\"position\":2,\"name\":\"Shop\",\"item\":\"https:\/\/www.eliassen.nl\/de\/shop\/\"},{\"@type\":\"ListItem\",\"position\":3,\"name\":\"Dekoration aus Metall\",\"item\":\"https:\/\/www.eliassen.nl\/de\/dekoration-aus-metall\/\"},{\"@type\":\"ListItem\",\"position\":4,\"name\":\"Pelikan Metall mittel 44cm\"}]},{\"@type\":\"WebSite\",\"@id\":\"https:\/\/www.eliassen.nl\/de\/#website\",\"url\":\"https:\/\/www.eliassen.nl\/de\/\",\"name\":\"Eliassen Home & Garden Pleasure\",\"description\":\"\",\"publisher\":{\"@id\":\"https:\/\/www.eliassen.nl\/de\/#organization\"},\"alternateName\":\"Eliassen.nl\",\"potentialAction\":[{\"@type\":\"SearchAction\",\"target\":{\"@type\":\"EntryPoint\",\"urlTemplate\":\"https:\/\/www.eliassen.nl\/de\/?s={search_term_string}\"},\"query-input\":{\"@type\":\"PropertyValueSpecification\",\"valueRequired\":true,\"valueName\":\"search_term_string\"}}],\"inLanguage\":\"de\"},{\"@type\":[\"Organization\",\"Place\"],\"@id\":\"https:\/\/www.eliassen.nl\/de\/#organization\",\"name\":\"Eliassen Home & Garden Pleasure\",\"url\":\"https:\/\/www.eliassen.nl\/de\/\",\"logo\":{\"@id\":\"https:\/\/www.eliassen.nl\/de\/pelikan-metall-mittel-44cm\/#local-main-organization-logo\"},\"image\":{\"@id\":\"https:\/\/www.eliassen.nl\/de\/pelikan-metall-mittel-44cm\/#local-main-organization-logo\"},\"sameAs\":[\"https:\/\/www.facebook.com\/TuincentrumEliassenAmmerzoden\",\"https:\/\/www.instagram.com\/eliassenhomeandgarden\/\",\"https:\/\/nl.pinterest.com\/eliassenhomeandgarden\/\",\"https:\/\/www.youtube.com\/@eliassenhomegardenpleasure4558\"],\"telephone\":[],\"openingHoursSpecification\":[{\"@type\":\"OpeningHoursSpecification\",\"dayOfWeek\":[\"Monday\",\"Tuesday\",\"Wednesday\",\"Thursday\",\"Friday\",\"Saturday\",\"Sunday\"],\"opens\":\"09:00\",\"closes\":\"17:00\"}]},{\"@type\":\"ImageObject\",\"inLanguage\":\"de\",\"@id\":\"https:\/\/www.eliassen.nl\/de\/pelikan-metall-mittel-44cm\/#local-main-organization-logo\",\"url\":\"https:\/\/www.eliassen.nl\/wp-content\/uploads\/2024\/01\/logo_4nd.jpg\",\"contentUrl\":\"https:\/\/www.eliassen.nl\/wp-content\/uploads\/2024\/01\/logo_4nd.jpg\",\"width\":500,\"height\":500,\"caption\":\"Eliassen Home & Garden Pleasure\"}]}<\/script>\n<meta property=\"product:price:amount\" content=\"43.50\" \/>\n<meta property=\"product:price:currency\" content=\"EUR\" \/>\n<meta property=\"og:availability\" content=\"instock\" \/>\n<meta property=\"product:availability\" content=\"instock\" \/>\n<meta property=\"product:retailer_item_id\" content=\"za408185\" \/>\n<meta property=\"product:condition\" content=\"new\" \/>\n<!-- \/ Yoast SEO Premium plugin. -->","yoast_head_json":{"title":"Zimba-arts Pelikan Metall mittel 44cm - Eliassen.nl","description":"Robuster Metallpelikan (44cm) aus recycelten \u00d6lf\u00e4ssern. Einzigartiges industrielles Design f\u00fcr den Innen- und Au\u00dfenbereich. Bestellen Sie diese nachhaltige Skulptur von Eliassen!","robots":{"index":"index","follow":"follow","max-snippet":"max-snippet:-1","max-image-preview":"max-image-preview:large","max-video-preview":"max-video-preview:-1"},"canonical":"https:\/\/www.eliassen.nl\/de\/pelikan-metall-mittel-44cm\/","og_locale":"de_DE","og_type":"article","og_title":"Zimba-arts Pelikan Metall mittel 44cm - Eliassen.nl","og_description":"Robuster Metallpelikan (44cm) aus recycelten \u00d6lf\u00e4ssern. Einzigartiges industrielles Design f\u00fcr den Innen- und Au\u00dfenbereich. Bestellen Sie diese nachhaltige Skulptur von Eliassen!","og_url":"https:\/\/www.eliassen.nl\/de\/pelikan-metall-mittel-44cm\/","og_site_name":"Eliassen.nl","article_publisher":"https:\/\/www.facebook.com\/TuincentrumEliassenAmmerzoden","og_image":[{"width":1500,"height":2000,"url":"https:\/\/www.eliassen.nl\/wp-content\/uploads\/2026\/01\/Pelikaan-metaal-M-Eliassen.nl-Zimba-za409441.png","type":"image\/png"}],"twitter_card":"summary_large_image","schema":{"@context":"https:\/\/schema.org","@graph":[{"@type":"WebPage","@id":"https:\/\/www.eliassen.nl\/de\/pelikan-metall-mittel-44cm\/","url":"https:\/\/www.eliassen.nl\/de\/pelikan-metall-mittel-44cm\/","name":"Zimba-arts Pelikan Metall mittel 44cm - Eliassen.nl","isPartOf":{"@id":"https:\/\/www.eliassen.nl\/de\/#website"},"primaryImageOfPage":{"@id":"https:\/\/www.eliassen.nl\/de\/pelikan-metall-mittel-44cm\/#primaryimage"},"image":{"@id":"https:\/\/www.eliassen.nl\/de\/pelikan-metall-mittel-44cm\/#primaryimage"},"thumbnailUrl":"https:\/\/www.eliassen.nl\/wp-content\/uploads\/2026\/01\/Pelikaan-metaal-M-Eliassen.nl-Zimba-za409441.png","datePublished":"2026-01-16T13:00:01+00:00","description":"Robuster Metallpelikan (44cm) aus recycelten \u00d6lf\u00e4ssern. Einzigartiges industrielles Design f\u00fcr den Innen- und Au\u00dfenbereich. Bestellen Sie diese nachhaltige Skulptur von Eliassen!","breadcrumb":{"@id":"https:\/\/www.eliassen.nl\/de\/pelikan-metall-mittel-44cm\/#breadcrumb"},"inLanguage":"de","potentialAction":[{"@type":"ReadAction","target":["https:\/\/www.eliassen.nl\/de\/pelikan-metall-mittel-44cm\/"]}]},{"@type":"ImageObject","inLanguage":"de","@id":"https:\/\/www.eliassen.nl\/de\/pelikan-metall-mittel-44cm\/#primaryimage","url":"https:\/\/www.eliassen.nl\/wp-content\/uploads\/2026\/01\/Pelikaan-metaal-M-Eliassen.nl-Zimba-za409441.png","contentUrl":"https:\/\/www.eliassen.nl\/wp-content\/uploads\/2026\/01\/Pelikaan-metaal-M-Eliassen.nl-Zimba-za409441.png","width":1500,"height":2000},{"@type":"BreadcrumbList","@id":"https:\/\/www.eliassen.nl\/de\/pelikan-metall-mittel-44cm\/#breadcrumb","itemListElement":[{"@type":"ListItem","position":1,"name":"Home","item":"https:\/\/www.eliassen.nl\/de\/"},{"@type":"ListItem","position":2,"name":"Shop","item":"https:\/\/www.eliassen.nl\/de\/shop\/"},{"@type":"ListItem","position":3,"name":"Dekoration aus Metall","item":"https:\/\/www.eliassen.nl\/de\/dekoration-aus-metall\/"},{"@type":"ListItem","position":4,"name":"Pelikan Metall mittel 44cm"}]},{"@type":"WebSite","@id":"https:\/\/www.eliassen.nl\/de\/#website","url":"https:\/\/www.eliassen.nl\/de\/","name":"Eliassen Home & Garden Pleasure","description":"","publisher":{"@id":"https:\/\/www.eliassen.nl\/de\/#organization"},"alternateName":"Eliassen.nl","potentialAction":[{"@type":"SearchAction","target":{"@type":"EntryPoint","urlTemplate":"https:\/\/www.eliassen.nl\/de\/?s={search_term_string}"},"query-input":{"@type":"PropertyValueSpecification","valueRequired":true,"valueName":"search_term_string"}}],"inLanguage":"de"},{"@type":["Organization","Place"],"@id":"https:\/\/www.eliassen.nl\/de\/#organization","name":"Eliassen Home & Garden Pleasure","url":"https:\/\/www.eliassen.nl\/de\/","logo":{"@id":"https:\/\/www.eliassen.nl\/de\/pelikan-metall-mittel-44cm\/#local-main-organization-logo"},"image":{"@id":"https:\/\/www.eliassen.nl\/de\/pelikan-metall-mittel-44cm\/#local-main-organization-logo"},"sameAs":["https:\/\/www.facebook.com\/TuincentrumEliassenAmmerzoden","https:\/\/www.instagram.com\/eliassenhomeandgarden\/","https:\/\/nl.pinterest.com\/eliassenhomeandgarden\/","https:\/\/www.youtube.com\/@eliassenhomegardenpleasure4558"],"telephone":[],"openingHoursSpecification":[{"@type":"OpeningHoursSpecification","dayOfWeek":["Monday","Tuesday","Wednesday","Thursday","Friday","Saturday","Sunday"],"opens":"09:00","closes":"17:00"}]},{"@type":"ImageObject","inLanguage":"de","@id":"https:\/\/www.eliassen.nl\/de\/pelikan-metall-mittel-44cm\/#local-main-organization-logo","url":"https:\/\/www.eliassen.nl\/wp-content\/uploads\/2024\/01\/logo_4nd.jpg","contentUrl":"https:\/\/www.eliassen.nl\/wp-content\/uploads\/2024\/01\/logo_4nd.jpg","width":500,"height":500,"caption":"Eliassen Home & Garden Pleasure"}]},"product_price_amount":"43.50","product_price_currency":"EUR","og_availability":"instock","product_availability":"instock","product_retailer_item_id":"za408185","product_condition":"new"},"df_price":43.5,"df_sale_price":"","df_regular_price":43.5,"df_image_link":"https:\/\/www.eliassen.nl\/wp-content\/uploads\/2026\/01\/Pelikaan-metaal-M-Eliassen.nl-Zimba-za409441-225x300.png","image":"https:\/\/www.eliassen.nl\/wp-content\/uploads\/2026\/01\/Pelikaan-metaal-M-Eliassen.nl-Zimba-za409441-150x150.png","price_search":"<span class=\"woocommerce-Price-amount amount\"><bdi><span class=\"woocommerce-Price-currencySymbol\">&euro;<\/span>&nbsp;43,50<\/bdi><\/span>","category":"Dekofiguren aus Metall","global_unique_id":"8719632409441","_links":{"self":[{"href":"https:\/\/www.eliassen.nl\/de\/wp-json\/wp\/v2\/product\/203510","targetHints":{"allow":["GET"]}}],"collection":[{"href":"https:\/\/www.eliassen.nl\/de\/wp-json\/wp\/v2\/product"}],"about":[{"href":"https:\/\/www.eliassen.nl\/de\/wp-json\/wp\/v2\/types\/product"}],"wp:featuredmedia":[{"embeddable":true,"href":"https:\/\/www.eliassen.nl\/de\/wp-json\/wp\/v2\/media\/202827"}],"wp:attachment":[{"href":"https:\/\/www.eliassen.nl\/de\/wp-json\/wp\/v2\/media?parent=203510"}],"wp:term":[{"taxonomy":"product_brand","embeddable":true,"href":"https:\/\/www.eliassen.nl\/de\/wp-json\/wp\/v2\/product_brand?post=203510"},{"taxonomy":"product_cat","embeddable":true,"href":"https:\/\/www.eliassen.nl\/de\/wp-json\/wp\/v2\/product_cat?post=203510"},{"taxonomy":"product_tag","embeddable":true,"href":"https:\/\/www.eliassen.nl\/de\/wp-json\/wp\/v2\/product_tag?post=203510"}],"curies":[{"name":"wp","href":"https:\/\/api.w.org\/{rel}","templated":true}]}}