{"id":203296,"date":"2026-01-15T10:05:31","date_gmt":"2026-01-15T09:05:31","guid":{"rendered":"https:\/\/www.eliassen.nl\/product\/glasgemaelde-romantischer-loewe-160x110cm\/"},"modified":"2026-02-06T10:01:28","modified_gmt":"2026-02-06T09:01:28","slug":"glasgemaelde-romantischer-loewe-160x110cm","status":"publish","type":"product","link":"https:\/\/www.eliassen.nl\/de\/glasgemaelde-romantischer-loewe-160x110cm\/","title":{"rendered":"Glasgem\u00e4lde Romantischer L\u00f6we 160x110cm"},"content":{"rendered":"<p><span style=\"font-weight: 400;\">Wundersch\u00f6n in sch\u00f6nen, schlichten Interieurs, aber nat\u00fcrlich auch geschmackvoll f\u00fcr Ihr Zuhause oder B\u00fcro. Dieser Glasteller mit dem superscharfen Bild eines phantasievollen L\u00f6wen, der von Blumen in warmen Farben umgeben ist, ist wundersch\u00f6n f\u00fcr jedes Interieur.<\/span><span style=\"font-weight: 400;\"><br \/>\n<\/span><span style=\"font-weight: 400;\">Da sich das Bild auf der R\u00fcckseite befindet, ergibt das Glas auf der Vorderseite einen beeindruckenden Effekt.<\/span><\/p>\n<p>Dieses Bild stammt von dem Designer Shounak Tewarie.<\/p>\n<p><b>Wir haben fast die gesamte Kollektion dieser Gem\u00e4ldesammlung in unserem Gesch\u00e4ft vorr\u00e4tig, was in den Niederlanden sehr einzigartig ist!<\/b><\/p>\n<ul>\n<li style=\"font-weight: 400;\" aria-level=\"1\"><span style=\"font-weight: 400;\">  Gr\u00f6\u00dfe 160x110cm<\/span><\/li>\n<li style=\"font-weight: 400;\" aria-level=\"1\"><span style=\"font-weight: 400;\"> Schnelle Lieferung<\/span><\/li>\n<li style=\"font-weight: 400;\" aria-level=\"1\"><span style=\"font-weight: 400;\"> Praktisch unzerbrechlich<\/span><\/li>\n<li style=\"font-weight: 400;\" aria-level=\"1\"><span style=\"font-weight: 400;\"> Superscharfes Bild<\/span><\/li>\n<li style=\"font-weight: 400;\" aria-level=\"1\"><span style=\"font-weight: 400;\"> 4 mm dickes geh\u00e4rtetes Glas<\/span><\/li>\n<li style=\"font-weight: 400;\" aria-level=\"1\"><span style=\"font-weight: 400;\"> Praktisch unempfindlich gegen Kratzer<\/span><\/li>\n<li style=\"font-weight: 400;\" aria-level=\"1\"><span style=\"font-weight: 400;\"> Einfaches Aufh\u00e4ngen mit 2 Haken<\/span><\/li>\n<\/ul>\n","protected":false},"excerpt":{"rendered":"<p>Verleihen Sie Ihrer modernen Einrichtung oder Ihrem B\u00fcro mit diesem beeindruckenden Glasgem\u00e4lde einen k\u00fcnstlerischen Touch. Das Bild eines fantasievollen L\u00f6wen in warmen Farben spritzt vom Teller. Da sich das Foto hinter 4 mm dickem geh\u00e4rtetem Glas befindet, erh\u00e4lt es einen luxuri\u00f6sen Glanz und eine besondere Dynamik. Der Designer dieses Bildes ist Shounak Tewarie.<\/p>\n","protected":false},"featured_media":203295,"template":"","meta":{"_acf_changed":false,"_genesis_title":"","_genesis_description":""},"product_brand":[6940],"product_cat":[410,464,443],"product_tag":[],"class_list":{"0":"post-203296","1":"product","2":"type-product","3":"status-publish","4":"has-post-thumbnail","6":"product_brand-ter-halle-de","7":"product_cat-gemaelde","8":"product_cat-glasmalerei-im-format-110x160cm","9":"product_cat-glasmalereien","11":"first","12":"instock","13":"taxable","14":"shipping-taxable","15":"purchasable","16":"product-type-simple"},"acf":[],"meta_all":{"cor_restricted_countries":[],"total_sales":"1"},"meta_all_flat":{"total_sales":"1"},"yoast_head":"<!-- This site is optimized with the Yoast SEO Premium plugin v26.2 (Yoast SEO v27.2) - https:\/\/yoast.com\/product\/yoast-seo-premium-wordpress\/ -->\n<title>Ter Halle Glasgem\u00e4lde Romantischer L\u00f6we 160x110cm - Eliassen.nl<\/title>\n<meta name=\"description\" content=\"Fantasievolle Glasmalerei Romantischer L\u00f6we (110x160cm). Sch\u00f6nes Design auf geh\u00e4rtetem Glas. Gr\u00f6\u00dfte Sammlung in NL bei Eliassen. Jetzt online bestellen!\" \/>\n<meta name=\"robots\" content=\"index, follow, max-snippet:-1, max-image-preview:large, max-video-preview:-1\" \/>\n<link rel=\"canonical\" href=\"https:\/\/www.eliassen.nl\/de\/glasgemaelde-romantischer-loewe-160x110cm\/\" \/>\n<meta property=\"og:locale\" content=\"de_DE\" \/>\n<meta property=\"og:type\" content=\"article\" \/>\n<meta property=\"og:title\" content=\"Ter Halle Glasgem\u00e4lde Romantischer L\u00f6we 160x110cm - Eliassen.nl\" \/>\n<meta property=\"og:description\" content=\"Fantasievolle Glasmalerei Romantischer L\u00f6we (110x160cm). Sch\u00f6nes Design auf geh\u00e4rtetem Glas. Gr\u00f6\u00dfte Sammlung in NL bei Eliassen. Jetzt online bestellen!\" \/>\n<meta property=\"og:url\" content=\"https:\/\/www.eliassen.nl\/de\/glasgemaelde-romantischer-loewe-160x110cm\/\" \/>\n<meta property=\"og:site_name\" content=\"Eliassen.nl\" \/>\n<meta property=\"article:publisher\" content=\"https:\/\/www.facebook.com\/TuincentrumEliassenAmmerzoden\" \/>\n<meta property=\"article:modified_time\" content=\"2026-02-06T09:01:28+00:00\" \/>\n<meta property=\"og:image\" content=\"https:\/\/www.eliassen.nl\/wp-content\/uploads\/2026\/01\/glasschilderij-romantisch-leeuwen-Eliassen.nl_.jpg\" \/>\n\t<meta property=\"og:image:width\" content=\"1500\" \/>\n\t<meta property=\"og:image:height\" content=\"1034\" \/>\n\t<meta property=\"og:image:type\" content=\"image\/jpeg\" \/>\n<meta name=\"twitter:card\" content=\"summary_large_image\" \/>\n<script type=\"application\/ld+json\" class=\"yoast-schema-graph\">{\"@context\":\"https:\/\/schema.org\",\"@graph\":[{\"@type\":\"WebPage\",\"@id\":\"https:\/\/www.eliassen.nl\/de\/glasgemaelde-romantischer-loewe-160x110cm\/\",\"url\":\"https:\/\/www.eliassen.nl\/de\/glasgemaelde-romantischer-loewe-160x110cm\/\",\"name\":\"Ter Halle Glasgem\u00e4lde Romantischer L\u00f6we 160x110cm - Eliassen.nl\",\"isPartOf\":{\"@id\":\"https:\/\/www.eliassen.nl\/de\/#website\"},\"primaryImageOfPage\":{\"@id\":\"https:\/\/www.eliassen.nl\/de\/glasgemaelde-romantischer-loewe-160x110cm\/#primaryimage\"},\"image\":{\"@id\":\"https:\/\/www.eliassen.nl\/de\/glasgemaelde-romantischer-loewe-160x110cm\/#primaryimage\"},\"thumbnailUrl\":\"https:\/\/www.eliassen.nl\/wp-content\/uploads\/2026\/01\/glasschilderij-romantisch-leeuwen-Eliassen.nl_.jpg\",\"datePublished\":\"2026-01-15T09:05:31+00:00\",\"dateModified\":\"2026-02-06T09:01:28+00:00\",\"description\":\"Fantasievolle Glasmalerei Romantischer L\u00f6we (110x160cm). Sch\u00f6nes Design auf geh\u00e4rtetem Glas. Gr\u00f6\u00dfte Sammlung in NL bei Eliassen. Jetzt online bestellen!\",\"breadcrumb\":{\"@id\":\"https:\/\/www.eliassen.nl\/de\/glasgemaelde-romantischer-loewe-160x110cm\/#breadcrumb\"},\"inLanguage\":\"de\",\"potentialAction\":[{\"@type\":\"ReadAction\",\"target\":[\"https:\/\/www.eliassen.nl\/de\/glasgemaelde-romantischer-loewe-160x110cm\/\"]}]},{\"@type\":\"ImageObject\",\"inLanguage\":\"de\",\"@id\":\"https:\/\/www.eliassen.nl\/de\/glasgemaelde-romantischer-loewe-160x110cm\/#primaryimage\",\"url\":\"https:\/\/www.eliassen.nl\/wp-content\/uploads\/2026\/01\/glasschilderij-romantisch-leeuwen-Eliassen.nl_.jpg\",\"contentUrl\":\"https:\/\/www.eliassen.nl\/wp-content\/uploads\/2026\/01\/glasschilderij-romantisch-leeuwen-Eliassen.nl_.jpg\",\"width\":1500,\"height\":1034,\"caption\":\"Glasmalerei romantische L\u00f6wen - Eliassen.nl\"},{\"@type\":\"BreadcrumbList\",\"@id\":\"https:\/\/www.eliassen.nl\/de\/glasgemaelde-romantischer-loewe-160x110cm\/#breadcrumb\",\"itemListElement\":[{\"@type\":\"ListItem\",\"position\":1,\"name\":\"Home\",\"item\":\"https:\/\/www.eliassen.nl\/de\/\"},{\"@type\":\"ListItem\",\"position\":2,\"name\":\"Shop\",\"item\":\"https:\/\/www.eliassen.nl\/de\/shop\/\"},{\"@type\":\"ListItem\",\"position\":3,\"name\":\"Glasmalereien\",\"item\":\"https:\/\/www.eliassen.nl\/de\/gemaelde\/glasmalereien\/\"},{\"@type\":\"ListItem\",\"position\":4,\"name\":\"Glasgem\u00e4lde Romantischer L\u00f6we 160x110cm\"}]},{\"@type\":\"WebSite\",\"@id\":\"https:\/\/www.eliassen.nl\/de\/#website\",\"url\":\"https:\/\/www.eliassen.nl\/de\/\",\"name\":\"Eliassen Home & Garden Pleasure\",\"description\":\"\",\"publisher\":{\"@id\":\"https:\/\/www.eliassen.nl\/de\/#organization\"},\"alternateName\":\"Eliassen.nl\",\"potentialAction\":[{\"@type\":\"SearchAction\",\"target\":{\"@type\":\"EntryPoint\",\"urlTemplate\":\"https:\/\/www.eliassen.nl\/de\/?s={search_term_string}\"},\"query-input\":{\"@type\":\"PropertyValueSpecification\",\"valueRequired\":true,\"valueName\":\"search_term_string\"}}],\"inLanguage\":\"de\"},{\"@type\":[\"Organization\",\"Place\"],\"@id\":\"https:\/\/www.eliassen.nl\/de\/#organization\",\"name\":\"Eliassen Home & Garden Pleasure\",\"url\":\"https:\/\/www.eliassen.nl\/de\/\",\"logo\":{\"@id\":\"https:\/\/www.eliassen.nl\/de\/glasgemaelde-romantischer-loewe-160x110cm\/#local-main-organization-logo\"},\"image\":{\"@id\":\"https:\/\/www.eliassen.nl\/de\/glasgemaelde-romantischer-loewe-160x110cm\/#local-main-organization-logo\"},\"sameAs\":[\"https:\/\/www.facebook.com\/TuincentrumEliassenAmmerzoden\",\"https:\/\/www.instagram.com\/eliassenhomeandgarden\/\",\"https:\/\/nl.pinterest.com\/eliassenhomeandgarden\/\",\"https:\/\/www.youtube.com\/@eliassenhomegardenpleasure4558\"],\"telephone\":[],\"openingHoursSpecification\":[{\"@type\":\"OpeningHoursSpecification\",\"dayOfWeek\":[\"Monday\",\"Tuesday\",\"Wednesday\",\"Thursday\",\"Friday\",\"Saturday\",\"Sunday\"],\"opens\":\"09:00\",\"closes\":\"17:00\"}]},{\"@type\":\"ImageObject\",\"inLanguage\":\"de\",\"@id\":\"https:\/\/www.eliassen.nl\/de\/glasgemaelde-romantischer-loewe-160x110cm\/#local-main-organization-logo\",\"url\":\"https:\/\/www.eliassen.nl\/wp-content\/uploads\/2024\/01\/logo_4nd.jpg\",\"contentUrl\":\"https:\/\/www.eliassen.nl\/wp-content\/uploads\/2024\/01\/logo_4nd.jpg\",\"width\":500,\"height\":500,\"caption\":\"Eliassen Home & Garden Pleasure\"}]}<\/script>\n<meta property=\"product:price:amount\" content=\"289.00\" \/>\n<meta property=\"product:price:currency\" content=\"EUR\" \/>\n<meta property=\"og:availability\" content=\"instock\" \/>\n<meta property=\"product:availability\" content=\"instock\" \/>\n<meta property=\"product:retailer_item_id\" content=\"Glas110160bs-653\" \/>\n<meta property=\"product:condition\" content=\"new\" \/>\n<!-- \/ Yoast SEO Premium plugin. -->","yoast_head_json":{"title":"Ter Halle Glasgem\u00e4lde Romantischer L\u00f6we 160x110cm - Eliassen.nl","description":"Fantasievolle Glasmalerei Romantischer L\u00f6we (110x160cm). Sch\u00f6nes Design auf geh\u00e4rtetem Glas. Gr\u00f6\u00dfte Sammlung in NL bei Eliassen. Jetzt online bestellen!","robots":{"index":"index","follow":"follow","max-snippet":"max-snippet:-1","max-image-preview":"max-image-preview:large","max-video-preview":"max-video-preview:-1"},"canonical":"https:\/\/www.eliassen.nl\/de\/glasgemaelde-romantischer-loewe-160x110cm\/","og_locale":"de_DE","og_type":"article","og_title":"Ter Halle Glasgem\u00e4lde Romantischer L\u00f6we 160x110cm - Eliassen.nl","og_description":"Fantasievolle Glasmalerei Romantischer L\u00f6we (110x160cm). Sch\u00f6nes Design auf geh\u00e4rtetem Glas. Gr\u00f6\u00dfte Sammlung in NL bei Eliassen. Jetzt online bestellen!","og_url":"https:\/\/www.eliassen.nl\/de\/glasgemaelde-romantischer-loewe-160x110cm\/","og_site_name":"Eliassen.nl","article_publisher":"https:\/\/www.facebook.com\/TuincentrumEliassenAmmerzoden","article_modified_time":"2026-02-06T09:01:28+00:00","og_image":[{"width":1500,"height":1034,"url":"https:\/\/www.eliassen.nl\/wp-content\/uploads\/2026\/01\/glasschilderij-romantisch-leeuwen-Eliassen.nl_.jpg","type":"image\/jpeg"}],"twitter_card":"summary_large_image","schema":{"@context":"https:\/\/schema.org","@graph":[{"@type":"WebPage","@id":"https:\/\/www.eliassen.nl\/de\/glasgemaelde-romantischer-loewe-160x110cm\/","url":"https:\/\/www.eliassen.nl\/de\/glasgemaelde-romantischer-loewe-160x110cm\/","name":"Ter Halle Glasgem\u00e4lde Romantischer L\u00f6we 160x110cm - Eliassen.nl","isPartOf":{"@id":"https:\/\/www.eliassen.nl\/de\/#website"},"primaryImageOfPage":{"@id":"https:\/\/www.eliassen.nl\/de\/glasgemaelde-romantischer-loewe-160x110cm\/#primaryimage"},"image":{"@id":"https:\/\/www.eliassen.nl\/de\/glasgemaelde-romantischer-loewe-160x110cm\/#primaryimage"},"thumbnailUrl":"https:\/\/www.eliassen.nl\/wp-content\/uploads\/2026\/01\/glasschilderij-romantisch-leeuwen-Eliassen.nl_.jpg","datePublished":"2026-01-15T09:05:31+00:00","dateModified":"2026-02-06T09:01:28+00:00","description":"Fantasievolle Glasmalerei Romantischer L\u00f6we (110x160cm). Sch\u00f6nes Design auf geh\u00e4rtetem Glas. Gr\u00f6\u00dfte Sammlung in NL bei Eliassen. Jetzt online bestellen!","breadcrumb":{"@id":"https:\/\/www.eliassen.nl\/de\/glasgemaelde-romantischer-loewe-160x110cm\/#breadcrumb"},"inLanguage":"de","potentialAction":[{"@type":"ReadAction","target":["https:\/\/www.eliassen.nl\/de\/glasgemaelde-romantischer-loewe-160x110cm\/"]}]},{"@type":"ImageObject","inLanguage":"de","@id":"https:\/\/www.eliassen.nl\/de\/glasgemaelde-romantischer-loewe-160x110cm\/#primaryimage","url":"https:\/\/www.eliassen.nl\/wp-content\/uploads\/2026\/01\/glasschilderij-romantisch-leeuwen-Eliassen.nl_.jpg","contentUrl":"https:\/\/www.eliassen.nl\/wp-content\/uploads\/2026\/01\/glasschilderij-romantisch-leeuwen-Eliassen.nl_.jpg","width":1500,"height":1034,"caption":"Glasmalerei romantische L\u00f6wen - Eliassen.nl"},{"@type":"BreadcrumbList","@id":"https:\/\/www.eliassen.nl\/de\/glasgemaelde-romantischer-loewe-160x110cm\/#breadcrumb","itemListElement":[{"@type":"ListItem","position":1,"name":"Home","item":"https:\/\/www.eliassen.nl\/de\/"},{"@type":"ListItem","position":2,"name":"Shop","item":"https:\/\/www.eliassen.nl\/de\/shop\/"},{"@type":"ListItem","position":3,"name":"Glasmalereien","item":"https:\/\/www.eliassen.nl\/de\/gemaelde\/glasmalereien\/"},{"@type":"ListItem","position":4,"name":"Glasgem\u00e4lde Romantischer L\u00f6we 160x110cm"}]},{"@type":"WebSite","@id":"https:\/\/www.eliassen.nl\/de\/#website","url":"https:\/\/www.eliassen.nl\/de\/","name":"Eliassen Home & Garden Pleasure","description":"","publisher":{"@id":"https:\/\/www.eliassen.nl\/de\/#organization"},"alternateName":"Eliassen.nl","potentialAction":[{"@type":"SearchAction","target":{"@type":"EntryPoint","urlTemplate":"https:\/\/www.eliassen.nl\/de\/?s={search_term_string}"},"query-input":{"@type":"PropertyValueSpecification","valueRequired":true,"valueName":"search_term_string"}}],"inLanguage":"de"},{"@type":["Organization","Place"],"@id":"https:\/\/www.eliassen.nl\/de\/#organization","name":"Eliassen Home & Garden Pleasure","url":"https:\/\/www.eliassen.nl\/de\/","logo":{"@id":"https:\/\/www.eliassen.nl\/de\/glasgemaelde-romantischer-loewe-160x110cm\/#local-main-organization-logo"},"image":{"@id":"https:\/\/www.eliassen.nl\/de\/glasgemaelde-romantischer-loewe-160x110cm\/#local-main-organization-logo"},"sameAs":["https:\/\/www.facebook.com\/TuincentrumEliassenAmmerzoden","https:\/\/www.instagram.com\/eliassenhomeandgarden\/","https:\/\/nl.pinterest.com\/eliassenhomeandgarden\/","https:\/\/www.youtube.com\/@eliassenhomegardenpleasure4558"],"telephone":[],"openingHoursSpecification":[{"@type":"OpeningHoursSpecification","dayOfWeek":["Monday","Tuesday","Wednesday","Thursday","Friday","Saturday","Sunday"],"opens":"09:00","closes":"17:00"}]},{"@type":"ImageObject","inLanguage":"de","@id":"https:\/\/www.eliassen.nl\/de\/glasgemaelde-romantischer-loewe-160x110cm\/#local-main-organization-logo","url":"https:\/\/www.eliassen.nl\/wp-content\/uploads\/2024\/01\/logo_4nd.jpg","contentUrl":"https:\/\/www.eliassen.nl\/wp-content\/uploads\/2024\/01\/logo_4nd.jpg","width":500,"height":500,"caption":"Eliassen Home & Garden Pleasure"}]},"product_price_amount":"289.00","product_price_currency":"EUR","og_availability":"instock","product_availability":"instock","product_retailer_item_id":"Glas110160bs-653","product_condition":"new"},"df_price":289,"df_sale_price":"","df_regular_price":289,"df_image_link":"https:\/\/www.eliassen.nl\/wp-content\/uploads\/2026\/01\/glasschilderij-romantisch-leeuwen-Eliassen.nl_-300x207.jpg","image":"https:\/\/www.eliassen.nl\/wp-content\/uploads\/2026\/01\/glasschilderij-romantisch-leeuwen-Eliassen.nl_-150x150.jpg","price_search":"<span class=\"woocommerce-Price-amount amount\"><bdi><span class=\"woocommerce-Price-currencySymbol\">&euro;<\/span>&nbsp;289,00<\/bdi><\/span>","category":"Gem\u00e4lde","global_unique_id":"8714688619288","_links":{"self":[{"href":"https:\/\/www.eliassen.nl\/de\/wp-json\/wp\/v2\/product\/203296","targetHints":{"allow":["GET"]}}],"collection":[{"href":"https:\/\/www.eliassen.nl\/de\/wp-json\/wp\/v2\/product"}],"about":[{"href":"https:\/\/www.eliassen.nl\/de\/wp-json\/wp\/v2\/types\/product"}],"wp:featuredmedia":[{"embeddable":true,"href":"https:\/\/www.eliassen.nl\/de\/wp-json\/wp\/v2\/media\/203295"}],"wp:attachment":[{"href":"https:\/\/www.eliassen.nl\/de\/wp-json\/wp\/v2\/media?parent=203296"}],"wp:term":[{"taxonomy":"product_brand","embeddable":true,"href":"https:\/\/www.eliassen.nl\/de\/wp-json\/wp\/v2\/product_brand?post=203296"},{"taxonomy":"product_cat","embeddable":true,"href":"https:\/\/www.eliassen.nl\/de\/wp-json\/wp\/v2\/product_cat?post=203296"},{"taxonomy":"product_tag","embeddable":true,"href":"https:\/\/www.eliassen.nl\/de\/wp-json\/wp\/v2\/product_tag?post=203296"}],"curies":[{"name":"wp","href":"https:\/\/api.w.org\/{rel}","templated":true}]}}