{"id":203189,"date":"2026-01-12T14:20:04","date_gmt":"2026-01-12T13:20:04","guid":{"rendered":"https:\/\/www.eliassen.nl\/product\/vogelfutterhaus-haengend-2x-eisvogel-45cm\/"},"modified":"2026-01-16T16:13:58","modified_gmt":"2026-01-16T15:13:58","slug":"vogelfutterhaus-haengend-2x-eisvogel-45cm","status":"publish","type":"product","link":"https:\/\/www.eliassen.nl\/de\/vogelfutterhaus-haengend-2x-eisvogel-45cm\/","title":{"rendered":"Vogelfutterhaus h\u00e4ngend mit zwei Eisv\u00f6geln 45cm"},"content":{"rendered":"<p>Bieten Sie V\u00f6geln mit dieser lustigen Vogeltr\u00e4nke einen sicheren Platz zum Essen oder Trinken.<br \/>\nAuf dem Rand dieser niedlichen Vogeltr\u00e4nkeschale sind 2 Eisv\u00f6gel zu sehen, und die anderen V\u00f6gel m\u00fcssen nachziehen.<br \/>\nDiese Vogelschale ist sowohl zum Essen als auch zum Trinken geeignet.<\/p>\n<p>H\u00e4ngen Sie diese Schale an einen stabilen Haken oder einen Ast.<\/p>\n<ul>\n<li>Durchmesser der Sch\u00fcssel 45cm<\/li>\n<li>Handgefertigtes Produkt aus rostfreiem Stahl aus \u00d6lf\u00e4ssern<\/li>\n<li>Vollst\u00e4ndig handgefertigt, kann also vom Foto abweichen<\/li>\n<li>Fairtrade-Produkt aus Afrika (Simbabwe)<\/li>\n<\/ul>\n","protected":false},"excerpt":{"rendered":"<p>Diese handgefertigte, fair gehandelte Vogeltr\u00e4nke (\u00d8 45 cm) aus recyceltem Stahl bietet V\u00f6geln einen sicheren Platz f\u00fcr Futter oder Wasser. Die Schale ist mit zwei Eisv\u00f6geln verziert und kann einfach an einen Ast oder Haken geh\u00e4ngt werden.<\/p>\n","protected":false},"featured_media":201390,"template":"","meta":{"_acf_changed":false,"_genesis_title":"","_genesis_description":""},"product_brand":[6960],"product_cat":[665,659,707],"product_tag":[],"class_list":{"0":"post-203189","1":"product","2":"type-product","3":"status-publish","4":"has-post-thumbnail","6":"product_brand-zimba-arts-de","7":"product_cat-dekofiguren-aus-metall","8":"product_cat-dekoration-aus-metall","9":"product_cat-vogeltraenken","11":"first","12":"outofstock","13":"taxable","14":"shipping-taxable","15":"purchasable","16":"product-type-simple"},"acf":[],"meta_all":{"cor_restricted_countries":[],"total_sales":"1"},"meta_all_flat":{"total_sales":"1"},"yoast_head":"<!-- This site is optimized with the Yoast SEO Premium plugin v26.2 (Yoast SEO v27.2) - https:\/\/yoast.com\/product\/yoast-seo-premium-wordpress\/ -->\n<title>Zimba-arts Vogelfutterhaus h\u00e4ngend mit zwei Eisv\u00f6geln 45cm - Eliassen.nl<\/title>\n<meta name=\"description\" content=\"Eine \u00e4u\u00dferst dekorative Vogeltr\u00e4nke f\u00fcr den Baum oder die Wand. Ein Fairtrade-Produkt aus Afrika. Vollst\u00e4ndig von Hand gefertigt.\" \/>\n<meta name=\"robots\" content=\"index, follow, max-snippet:-1, max-image-preview:large, max-video-preview:-1\" \/>\n<link rel=\"canonical\" href=\"https:\/\/www.eliassen.nl\/de\/vogelfutterhaus-haengend-2x-eisvogel-45cm\/\" \/>\n<meta property=\"og:locale\" content=\"de_DE\" \/>\n<meta property=\"og:type\" content=\"article\" \/>\n<meta property=\"og:title\" content=\"Zimba-arts Vogelfutterhaus h\u00e4ngend mit zwei Eisv\u00f6geln 45cm - Eliassen.nl\" \/>\n<meta property=\"og:description\" content=\"Eine \u00e4u\u00dferst dekorative Vogeltr\u00e4nke f\u00fcr den Baum oder die Wand. Ein Fairtrade-Produkt aus Afrika. Vollst\u00e4ndig von Hand gefertigt.\" \/>\n<meta property=\"og:url\" content=\"https:\/\/www.eliassen.nl\/de\/vogelfutterhaus-haengend-2x-eisvogel-45cm\/\" \/>\n<meta property=\"og:site_name\" content=\"Eliassen.nl\" \/>\n<meta property=\"article:publisher\" content=\"https:\/\/www.facebook.com\/TuincentrumEliassenAmmerzoden\" \/>\n<meta property=\"article:modified_time\" content=\"2026-01-16T15:13:58+00:00\" \/>\n<meta property=\"og:image\" content=\"https:\/\/www.eliassen.nl\/wp-content\/uploads\/2025\/12\/Vogervoerschaal-2x-ijvogel-Eliassen.nl-Zimba-za401223.jpg\" \/>\n\t<meta property=\"og:image:width\" content=\"988\" \/>\n\t<meta property=\"og:image:height\" content=\"1080\" \/>\n\t<meta property=\"og:image:type\" content=\"image\/jpeg\" \/>\n<meta name=\"twitter:card\" content=\"summary_large_image\" \/>\n<script type=\"application\/ld+json\" class=\"yoast-schema-graph\">{\"@context\":\"https:\/\/schema.org\",\"@graph\":[{\"@type\":\"WebPage\",\"@id\":\"https:\/\/www.eliassen.nl\/de\/vogelfutterhaus-haengend-2x-eisvogel-45cm\/\",\"url\":\"https:\/\/www.eliassen.nl\/de\/vogelfutterhaus-haengend-2x-eisvogel-45cm\/\",\"name\":\"Zimba-arts Vogelfutterhaus h\u00e4ngend mit zwei Eisv\u00f6geln 45cm - Eliassen.nl\",\"isPartOf\":{\"@id\":\"https:\/\/www.eliassen.nl\/de\/#website\"},\"primaryImageOfPage\":{\"@id\":\"https:\/\/www.eliassen.nl\/de\/vogelfutterhaus-haengend-2x-eisvogel-45cm\/#primaryimage\"},\"image\":{\"@id\":\"https:\/\/www.eliassen.nl\/de\/vogelfutterhaus-haengend-2x-eisvogel-45cm\/#primaryimage\"},\"thumbnailUrl\":\"https:\/\/www.eliassen.nl\/wp-content\/uploads\/2025\/12\/Vogervoerschaal-2x-ijvogel-Eliassen.nl-Zimba-za401223.jpg\",\"datePublished\":\"2026-01-12T13:20:04+00:00\",\"dateModified\":\"2026-01-16T15:13:58+00:00\",\"description\":\"Eine \u00e4u\u00dferst dekorative Vogeltr\u00e4nke f\u00fcr den Baum oder die Wand. Ein Fairtrade-Produkt aus Afrika. Vollst\u00e4ndig von Hand gefertigt.\",\"breadcrumb\":{\"@id\":\"https:\/\/www.eliassen.nl\/de\/vogelfutterhaus-haengend-2x-eisvogel-45cm\/#breadcrumb\"},\"inLanguage\":\"de\",\"potentialAction\":[{\"@type\":\"ReadAction\",\"target\":[\"https:\/\/www.eliassen.nl\/de\/vogelfutterhaus-haengend-2x-eisvogel-45cm\/\"]}]},{\"@type\":\"ImageObject\",\"inLanguage\":\"de\",\"@id\":\"https:\/\/www.eliassen.nl\/de\/vogelfutterhaus-haengend-2x-eisvogel-45cm\/#primaryimage\",\"url\":\"https:\/\/www.eliassen.nl\/wp-content\/uploads\/2025\/12\/Vogervoerschaal-2x-ijvogel-Eliassen.nl-Zimba-za401223.jpg\",\"contentUrl\":\"https:\/\/www.eliassen.nl\/wp-content\/uploads\/2025\/12\/Vogervoerschaal-2x-ijvogel-Eliassen.nl-Zimba-za401223.jpg\",\"width\":988,\"height\":1080,\"caption\":\"Vogelfutterhaus 2x Eisvogel Eliassen.nl Zimba za401223\"},{\"@type\":\"BreadcrumbList\",\"@id\":\"https:\/\/www.eliassen.nl\/de\/vogelfutterhaus-haengend-2x-eisvogel-45cm\/#breadcrumb\",\"itemListElement\":[{\"@type\":\"ListItem\",\"position\":1,\"name\":\"Home\",\"item\":\"https:\/\/www.eliassen.nl\/de\/\"},{\"@type\":\"ListItem\",\"position\":2,\"name\":\"Shop\",\"item\":\"https:\/\/www.eliassen.nl\/de\/shop\/\"},{\"@type\":\"ListItem\",\"position\":3,\"name\":\"Dekoration aus Metall\",\"item\":\"https:\/\/www.eliassen.nl\/de\/dekoration-aus-metall\/\"},{\"@type\":\"ListItem\",\"position\":4,\"name\":\"Vogelfutterhaus h\u00e4ngend mit zwei Eisv\u00f6geln 45cm\"}]},{\"@type\":\"WebSite\",\"@id\":\"https:\/\/www.eliassen.nl\/de\/#website\",\"url\":\"https:\/\/www.eliassen.nl\/de\/\",\"name\":\"Eliassen Home & Garden Pleasure\",\"description\":\"\",\"publisher\":{\"@id\":\"https:\/\/www.eliassen.nl\/de\/#organization\"},\"alternateName\":\"Eliassen.nl\",\"potentialAction\":[{\"@type\":\"SearchAction\",\"target\":{\"@type\":\"EntryPoint\",\"urlTemplate\":\"https:\/\/www.eliassen.nl\/de\/?s={search_term_string}\"},\"query-input\":{\"@type\":\"PropertyValueSpecification\",\"valueRequired\":true,\"valueName\":\"search_term_string\"}}],\"inLanguage\":\"de\"},{\"@type\":[\"Organization\",\"Place\"],\"@id\":\"https:\/\/www.eliassen.nl\/de\/#organization\",\"name\":\"Eliassen Home & Garden Pleasure\",\"url\":\"https:\/\/www.eliassen.nl\/de\/\",\"logo\":{\"@id\":\"https:\/\/www.eliassen.nl\/de\/vogelfutterhaus-haengend-2x-eisvogel-45cm\/#local-main-organization-logo\"},\"image\":{\"@id\":\"https:\/\/www.eliassen.nl\/de\/vogelfutterhaus-haengend-2x-eisvogel-45cm\/#local-main-organization-logo\"},\"sameAs\":[\"https:\/\/www.facebook.com\/TuincentrumEliassenAmmerzoden\",\"https:\/\/www.instagram.com\/eliassenhomeandgarden\/\",\"https:\/\/nl.pinterest.com\/eliassenhomeandgarden\/\",\"https:\/\/www.youtube.com\/@eliassenhomegardenpleasure4558\"],\"telephone\":[],\"openingHoursSpecification\":[{\"@type\":\"OpeningHoursSpecification\",\"dayOfWeek\":[\"Monday\",\"Tuesday\",\"Wednesday\",\"Thursday\",\"Friday\",\"Saturday\",\"Sunday\"],\"opens\":\"09:00\",\"closes\":\"17:00\"}]},{\"@type\":\"ImageObject\",\"inLanguage\":\"de\",\"@id\":\"https:\/\/www.eliassen.nl\/de\/vogelfutterhaus-haengend-2x-eisvogel-45cm\/#local-main-organization-logo\",\"url\":\"https:\/\/www.eliassen.nl\/wp-content\/uploads\/2024\/01\/logo_4nd.jpg\",\"contentUrl\":\"https:\/\/www.eliassen.nl\/wp-content\/uploads\/2024\/01\/logo_4nd.jpg\",\"width\":500,\"height\":500,\"caption\":\"Eliassen Home & Garden Pleasure\"}]}<\/script>\n<meta property=\"product:price:amount\" content=\"35.00\" \/>\n<meta property=\"product:price:currency\" content=\"EUR\" \/>\n<meta property=\"og:availability\" content=\"out of stock\" \/>\n<meta property=\"product:availability\" content=\"out of stock\" \/>\n<meta property=\"product:retailer_item_id\" content=\"za401223\" \/>\n<meta property=\"product:condition\" content=\"new\" \/>\n<!-- \/ Yoast SEO Premium plugin. -->","yoast_head_json":{"title":"Zimba-arts Vogelfutterhaus h\u00e4ngend mit zwei Eisv\u00f6geln 45cm - Eliassen.nl","description":"Eine \u00e4u\u00dferst dekorative Vogeltr\u00e4nke f\u00fcr den Baum oder die Wand. Ein Fairtrade-Produkt aus Afrika. Vollst\u00e4ndig von Hand gefertigt.","robots":{"index":"index","follow":"follow","max-snippet":"max-snippet:-1","max-image-preview":"max-image-preview:large","max-video-preview":"max-video-preview:-1"},"canonical":"https:\/\/www.eliassen.nl\/de\/vogelfutterhaus-haengend-2x-eisvogel-45cm\/","og_locale":"de_DE","og_type":"article","og_title":"Zimba-arts Vogelfutterhaus h\u00e4ngend mit zwei Eisv\u00f6geln 45cm - Eliassen.nl","og_description":"Eine \u00e4u\u00dferst dekorative Vogeltr\u00e4nke f\u00fcr den Baum oder die Wand. Ein Fairtrade-Produkt aus Afrika. Vollst\u00e4ndig von Hand gefertigt.","og_url":"https:\/\/www.eliassen.nl\/de\/vogelfutterhaus-haengend-2x-eisvogel-45cm\/","og_site_name":"Eliassen.nl","article_publisher":"https:\/\/www.facebook.com\/TuincentrumEliassenAmmerzoden","article_modified_time":"2026-01-16T15:13:58+00:00","og_image":[{"width":988,"height":1080,"url":"https:\/\/www.eliassen.nl\/wp-content\/uploads\/2025\/12\/Vogervoerschaal-2x-ijvogel-Eliassen.nl-Zimba-za401223.jpg","type":"image\/jpeg"}],"twitter_card":"summary_large_image","schema":{"@context":"https:\/\/schema.org","@graph":[{"@type":"WebPage","@id":"https:\/\/www.eliassen.nl\/de\/vogelfutterhaus-haengend-2x-eisvogel-45cm\/","url":"https:\/\/www.eliassen.nl\/de\/vogelfutterhaus-haengend-2x-eisvogel-45cm\/","name":"Zimba-arts Vogelfutterhaus h\u00e4ngend mit zwei Eisv\u00f6geln 45cm - Eliassen.nl","isPartOf":{"@id":"https:\/\/www.eliassen.nl\/de\/#website"},"primaryImageOfPage":{"@id":"https:\/\/www.eliassen.nl\/de\/vogelfutterhaus-haengend-2x-eisvogel-45cm\/#primaryimage"},"image":{"@id":"https:\/\/www.eliassen.nl\/de\/vogelfutterhaus-haengend-2x-eisvogel-45cm\/#primaryimage"},"thumbnailUrl":"https:\/\/www.eliassen.nl\/wp-content\/uploads\/2025\/12\/Vogervoerschaal-2x-ijvogel-Eliassen.nl-Zimba-za401223.jpg","datePublished":"2026-01-12T13:20:04+00:00","dateModified":"2026-01-16T15:13:58+00:00","description":"Eine \u00e4u\u00dferst dekorative Vogeltr\u00e4nke f\u00fcr den Baum oder die Wand. Ein Fairtrade-Produkt aus Afrika. Vollst\u00e4ndig von Hand gefertigt.","breadcrumb":{"@id":"https:\/\/www.eliassen.nl\/de\/vogelfutterhaus-haengend-2x-eisvogel-45cm\/#breadcrumb"},"inLanguage":"de","potentialAction":[{"@type":"ReadAction","target":["https:\/\/www.eliassen.nl\/de\/vogelfutterhaus-haengend-2x-eisvogel-45cm\/"]}]},{"@type":"ImageObject","inLanguage":"de","@id":"https:\/\/www.eliassen.nl\/de\/vogelfutterhaus-haengend-2x-eisvogel-45cm\/#primaryimage","url":"https:\/\/www.eliassen.nl\/wp-content\/uploads\/2025\/12\/Vogervoerschaal-2x-ijvogel-Eliassen.nl-Zimba-za401223.jpg","contentUrl":"https:\/\/www.eliassen.nl\/wp-content\/uploads\/2025\/12\/Vogervoerschaal-2x-ijvogel-Eliassen.nl-Zimba-za401223.jpg","width":988,"height":1080,"caption":"Vogelfutterhaus 2x Eisvogel Eliassen.nl Zimba za401223"},{"@type":"BreadcrumbList","@id":"https:\/\/www.eliassen.nl\/de\/vogelfutterhaus-haengend-2x-eisvogel-45cm\/#breadcrumb","itemListElement":[{"@type":"ListItem","position":1,"name":"Home","item":"https:\/\/www.eliassen.nl\/de\/"},{"@type":"ListItem","position":2,"name":"Shop","item":"https:\/\/www.eliassen.nl\/de\/shop\/"},{"@type":"ListItem","position":3,"name":"Dekoration aus Metall","item":"https:\/\/www.eliassen.nl\/de\/dekoration-aus-metall\/"},{"@type":"ListItem","position":4,"name":"Vogelfutterhaus h\u00e4ngend mit zwei Eisv\u00f6geln 45cm"}]},{"@type":"WebSite","@id":"https:\/\/www.eliassen.nl\/de\/#website","url":"https:\/\/www.eliassen.nl\/de\/","name":"Eliassen Home & Garden Pleasure","description":"","publisher":{"@id":"https:\/\/www.eliassen.nl\/de\/#organization"},"alternateName":"Eliassen.nl","potentialAction":[{"@type":"SearchAction","target":{"@type":"EntryPoint","urlTemplate":"https:\/\/www.eliassen.nl\/de\/?s={search_term_string}"},"query-input":{"@type":"PropertyValueSpecification","valueRequired":true,"valueName":"search_term_string"}}],"inLanguage":"de"},{"@type":["Organization","Place"],"@id":"https:\/\/www.eliassen.nl\/de\/#organization","name":"Eliassen Home & Garden Pleasure","url":"https:\/\/www.eliassen.nl\/de\/","logo":{"@id":"https:\/\/www.eliassen.nl\/de\/vogelfutterhaus-haengend-2x-eisvogel-45cm\/#local-main-organization-logo"},"image":{"@id":"https:\/\/www.eliassen.nl\/de\/vogelfutterhaus-haengend-2x-eisvogel-45cm\/#local-main-organization-logo"},"sameAs":["https:\/\/www.facebook.com\/TuincentrumEliassenAmmerzoden","https:\/\/www.instagram.com\/eliassenhomeandgarden\/","https:\/\/nl.pinterest.com\/eliassenhomeandgarden\/","https:\/\/www.youtube.com\/@eliassenhomegardenpleasure4558"],"telephone":[],"openingHoursSpecification":[{"@type":"OpeningHoursSpecification","dayOfWeek":["Monday","Tuesday","Wednesday","Thursday","Friday","Saturday","Sunday"],"opens":"09:00","closes":"17:00"}]},{"@type":"ImageObject","inLanguage":"de","@id":"https:\/\/www.eliassen.nl\/de\/vogelfutterhaus-haengend-2x-eisvogel-45cm\/#local-main-organization-logo","url":"https:\/\/www.eliassen.nl\/wp-content\/uploads\/2024\/01\/logo_4nd.jpg","contentUrl":"https:\/\/www.eliassen.nl\/wp-content\/uploads\/2024\/01\/logo_4nd.jpg","width":500,"height":500,"caption":"Eliassen Home & Garden Pleasure"}]},"product_price_amount":"35.00","product_price_currency":"EUR","og_availability":"out of stock","product_availability":"out of stock","product_retailer_item_id":"za401223","product_condition":"new"},"df_price":35,"df_sale_price":"","df_regular_price":35,"df_image_link":"https:\/\/www.eliassen.nl\/wp-content\/uploads\/2025\/12\/Vogervoerschaal-2x-ijvogel-Eliassen.nl-Zimba-za401223-274x300.jpg","image":"https:\/\/www.eliassen.nl\/wp-content\/uploads\/2025\/12\/Vogervoerschaal-2x-ijvogel-Eliassen.nl-Zimba-za401223-150x150.jpg","price_search":"<span class=\"woocommerce-Price-amount amount\"><bdi><span class=\"woocommerce-Price-currencySymbol\">&euro;<\/span>&nbsp;35,00<\/bdi><\/span>","category":"Dekofiguren aus Metall","global_unique_id":"8719632401223","_links":{"self":[{"href":"https:\/\/www.eliassen.nl\/de\/wp-json\/wp\/v2\/product\/203189","targetHints":{"allow":["GET"]}}],"collection":[{"href":"https:\/\/www.eliassen.nl\/de\/wp-json\/wp\/v2\/product"}],"about":[{"href":"https:\/\/www.eliassen.nl\/de\/wp-json\/wp\/v2\/types\/product"}],"wp:featuredmedia":[{"embeddable":true,"href":"https:\/\/www.eliassen.nl\/de\/wp-json\/wp\/v2\/media\/201390"}],"wp:attachment":[{"href":"https:\/\/www.eliassen.nl\/de\/wp-json\/wp\/v2\/media?parent=203189"}],"wp:term":[{"taxonomy":"product_brand","embeddable":true,"href":"https:\/\/www.eliassen.nl\/de\/wp-json\/wp\/v2\/product_brand?post=203189"},{"taxonomy":"product_cat","embeddable":true,"href":"https:\/\/www.eliassen.nl\/de\/wp-json\/wp\/v2\/product_cat?post=203189"},{"taxonomy":"product_tag","embeddable":true,"href":"https:\/\/www.eliassen.nl\/de\/wp-json\/wp\/v2\/product_tag?post=203189"}],"curies":[{"name":"wp","href":"https:\/\/api.w.org\/{rel}","templated":true}]}}