{"id":203183,"date":"2026-01-12T14:19:22","date_gmt":"2026-01-12T13:19:22","guid":{"rendered":"https:\/\/www.eliassen.nl\/product\/vogelfutterschale-an-kette-2-eisvoegel-37cm\/"},"modified":"2026-01-16T16:16:10","modified_gmt":"2026-01-16T15:16:10","slug":"vogelfutterschale-an-kette-2-eisvoegel-37cm","status":"publish","type":"product","link":"https:\/\/www.eliassen.nl\/de\/vogelfutterschale-an-kette-2-eisvoegel-37cm\/","title":{"rendered":"Vogelfutterschale an Kette mit zwei Eisv\u00f6geln 37cm"},"content":{"rendered":"<p>Bieten Sie V\u00f6geln mit dieser lustigen Vogeltr\u00e4nke einen sicheren Platz zum Essen oder Trinken.<br \/>\nAuf dem Rand dieser niedlichen Vogeltr\u00e4nkeschale sind 2 Eisv\u00f6gel zu sehen, und die anderen V\u00f6gel m\u00fcssen nachziehen.<br \/>\nDiese Vogelschale ist sowohl zum Essen als auch zum Trinken geeignet.<\/p>\n<p>H\u00e4ngen Sie diese Schale an einen stabilen Haken oder einen Ast.<\/p>\n<ul>\n<li>Durchmesser der Sch\u00fcssel 37cm<\/li>\n<li>Handgefertigtes Produkt aus recyceltem Stahl von \u00d6lf\u00e4ssern<\/li>\n<li>Vollst\u00e4ndig handgefertigt, kann also vom Foto abweichen<\/li>\n<li>Fairtrade-Produkt aus Afrika (Simbabwe)<\/li>\n<\/ul>\n","protected":false},"excerpt":{"rendered":"<p>Diese handgefertigte, fair gehandelte Vogeltr\u00e4nke (\u00d8 37 cm) aus recyceltem Stahl bietet V\u00f6geln einen sicheren Platz f\u00fcr Futter oder Wasser. Die Schale ist mit zwei Eisv\u00f6geln verziert und kann einfach an einen Ast oder Haken geh\u00e4ngt werden.<\/p>\n","protected":false},"featured_media":201682,"template":"","meta":{"_acf_changed":false,"_genesis_title":"","_genesis_description":""},"product_brand":[6960],"product_cat":[665,659,707],"product_tag":[],"class_list":{"0":"post-203183","1":"product","2":"type-product","3":"status-publish","4":"has-post-thumbnail","6":"product_brand-zimba-arts-de","7":"product_cat-dekofiguren-aus-metall","8":"product_cat-dekoration-aus-metall","9":"product_cat-vogeltraenken","11":"first","12":"instock","13":"taxable","14":"shipping-taxable","15":"purchasable","16":"product-type-simple"},"acf":[],"meta_all":{"cor_restricted_countries":[],"total_sales":"0"},"meta_all_flat":{"total_sales":"0"},"yoast_head":"<!-- This site is optimized with the Yoast SEO Premium plugin v26.2 (Yoast SEO v27.2) - https:\/\/yoast.com\/product\/yoast-seo-premium-wordpress\/ -->\n<title>Zimba-arts Vogelfutterschale an Kette mit zwei Eisv\u00f6geln 37cm - Eliassen.nl<\/title>\n<meta name=\"description\" content=\"Eine \u00e4u\u00dferst dekorative Vogeltr\u00e4nke f\u00fcr den Baum oder die Wand. Ein Fairtrade-Produkt aus Afrika. Vollst\u00e4ndig von Hand gefertigt.\" \/>\n<meta name=\"robots\" content=\"index, follow, max-snippet:-1, max-image-preview:large, max-video-preview:-1\" \/>\n<link rel=\"canonical\" href=\"https:\/\/www.eliassen.nl\/de\/vogelfutterschale-an-kette-2-eisvoegel-37cm\/\" \/>\n<meta property=\"og:locale\" content=\"de_DE\" \/>\n<meta property=\"og:type\" content=\"article\" \/>\n<meta property=\"og:title\" content=\"Zimba-arts Vogelfutterschale an Kette mit zwei Eisv\u00f6geln 37cm - Eliassen.nl\" \/>\n<meta property=\"og:description\" content=\"Eine \u00e4u\u00dferst dekorative Vogeltr\u00e4nke f\u00fcr den Baum oder die Wand. Ein Fairtrade-Produkt aus Afrika. Vollst\u00e4ndig von Hand gefertigt.\" \/>\n<meta property=\"og:url\" content=\"https:\/\/www.eliassen.nl\/de\/vogelfutterschale-an-kette-2-eisvoegel-37cm\/\" \/>\n<meta property=\"og:site_name\" content=\"Eliassen.nl\" \/>\n<meta property=\"article:publisher\" content=\"https:\/\/www.facebook.com\/TuincentrumEliassenAmmerzoden\" \/>\n<meta property=\"article:modified_time\" content=\"2026-01-16T15:16:10+00:00\" \/>\n<meta property=\"og:image\" content=\"https:\/\/www.eliassen.nl\/wp-content\/uploads\/2025\/12\/Vogelvoer-schaal-aan-ketting-2-ijsvogels-Eliassen.nl-Zimba-za403791.jpg\" \/>\n\t<meta property=\"og:image:width\" content=\"1651\" \/>\n\t<meta property=\"og:image:height\" content=\"1101\" \/>\n\t<meta property=\"og:image:type\" content=\"image\/jpeg\" \/>\n<meta name=\"twitter:card\" content=\"summary_large_image\" \/>\n<script type=\"application\/ld+json\" class=\"yoast-schema-graph\">{\"@context\":\"https:\/\/schema.org\",\"@graph\":[{\"@type\":\"WebPage\",\"@id\":\"https:\/\/www.eliassen.nl\/de\/vogelfutterschale-an-kette-2-eisvoegel-37cm\/\",\"url\":\"https:\/\/www.eliassen.nl\/de\/vogelfutterschale-an-kette-2-eisvoegel-37cm\/\",\"name\":\"Zimba-arts Vogelfutterschale an Kette mit zwei Eisv\u00f6geln 37cm - Eliassen.nl\",\"isPartOf\":{\"@id\":\"https:\/\/www.eliassen.nl\/de\/#website\"},\"primaryImageOfPage\":{\"@id\":\"https:\/\/www.eliassen.nl\/de\/vogelfutterschale-an-kette-2-eisvoegel-37cm\/#primaryimage\"},\"image\":{\"@id\":\"https:\/\/www.eliassen.nl\/de\/vogelfutterschale-an-kette-2-eisvoegel-37cm\/#primaryimage\"},\"thumbnailUrl\":\"https:\/\/www.eliassen.nl\/wp-content\/uploads\/2025\/12\/Vogelvoer-schaal-aan-ketting-2-ijsvogels-Eliassen.nl-Zimba-za403791.jpg\",\"datePublished\":\"2026-01-12T13:19:22+00:00\",\"dateModified\":\"2026-01-16T15:16:10+00:00\",\"description\":\"Eine \u00e4u\u00dferst dekorative Vogeltr\u00e4nke f\u00fcr den Baum oder die Wand. Ein Fairtrade-Produkt aus Afrika. Vollst\u00e4ndig von Hand gefertigt.\",\"breadcrumb\":{\"@id\":\"https:\/\/www.eliassen.nl\/de\/vogelfutterschale-an-kette-2-eisvoegel-37cm\/#breadcrumb\"},\"inLanguage\":\"de\",\"potentialAction\":[{\"@type\":\"ReadAction\",\"target\":[\"https:\/\/www.eliassen.nl\/de\/vogelfutterschale-an-kette-2-eisvoegel-37cm\/\"]}]},{\"@type\":\"ImageObject\",\"inLanguage\":\"de\",\"@id\":\"https:\/\/www.eliassen.nl\/de\/vogelfutterschale-an-kette-2-eisvoegel-37cm\/#primaryimage\",\"url\":\"https:\/\/www.eliassen.nl\/wp-content\/uploads\/2025\/12\/Vogelvoer-schaal-aan-ketting-2-ijsvogels-Eliassen.nl-Zimba-za403791.jpg\",\"contentUrl\":\"https:\/\/www.eliassen.nl\/wp-content\/uploads\/2025\/12\/Vogelvoer-schaal-aan-ketting-2-ijsvogels-Eliassen.nl-Zimba-za403791.jpg\",\"width\":1651,\"height\":1101,\"caption\":\"Vogelfutterschale an Kette 2 Eisv\u00f6gel Eliassen.nl Zimba za403791\"},{\"@type\":\"BreadcrumbList\",\"@id\":\"https:\/\/www.eliassen.nl\/de\/vogelfutterschale-an-kette-2-eisvoegel-37cm\/#breadcrumb\",\"itemListElement\":[{\"@type\":\"ListItem\",\"position\":1,\"name\":\"Home\",\"item\":\"https:\/\/www.eliassen.nl\/de\/\"},{\"@type\":\"ListItem\",\"position\":2,\"name\":\"Shop\",\"item\":\"https:\/\/www.eliassen.nl\/de\/shop\/\"},{\"@type\":\"ListItem\",\"position\":3,\"name\":\"Vogeltr\u00e4nken\",\"item\":\"https:\/\/www.eliassen.nl\/de\/vogeltraenken\/\"},{\"@type\":\"ListItem\",\"position\":4,\"name\":\"Vogelfutterschale an Kette mit zwei Eisv\u00f6geln 37cm\"}]},{\"@type\":\"WebSite\",\"@id\":\"https:\/\/www.eliassen.nl\/de\/#website\",\"url\":\"https:\/\/www.eliassen.nl\/de\/\",\"name\":\"Eliassen Home & Garden Pleasure\",\"description\":\"\",\"publisher\":{\"@id\":\"https:\/\/www.eliassen.nl\/de\/#organization\"},\"alternateName\":\"Eliassen.nl\",\"potentialAction\":[{\"@type\":\"SearchAction\",\"target\":{\"@type\":\"EntryPoint\",\"urlTemplate\":\"https:\/\/www.eliassen.nl\/de\/?s={search_term_string}\"},\"query-input\":{\"@type\":\"PropertyValueSpecification\",\"valueRequired\":true,\"valueName\":\"search_term_string\"}}],\"inLanguage\":\"de\"},{\"@type\":[\"Organization\",\"Place\"],\"@id\":\"https:\/\/www.eliassen.nl\/de\/#organization\",\"name\":\"Eliassen Home & Garden Pleasure\",\"url\":\"https:\/\/www.eliassen.nl\/de\/\",\"logo\":{\"@id\":\"https:\/\/www.eliassen.nl\/de\/vogelfutterschale-an-kette-2-eisvoegel-37cm\/#local-main-organization-logo\"},\"image\":{\"@id\":\"https:\/\/www.eliassen.nl\/de\/vogelfutterschale-an-kette-2-eisvoegel-37cm\/#local-main-organization-logo\"},\"sameAs\":[\"https:\/\/www.facebook.com\/TuincentrumEliassenAmmerzoden\",\"https:\/\/www.instagram.com\/eliassenhomeandgarden\/\",\"https:\/\/nl.pinterest.com\/eliassenhomeandgarden\/\",\"https:\/\/www.youtube.com\/@eliassenhomegardenpleasure4558\"],\"telephone\":[],\"openingHoursSpecification\":[{\"@type\":\"OpeningHoursSpecification\",\"dayOfWeek\":[\"Monday\",\"Tuesday\",\"Wednesday\",\"Thursday\",\"Friday\",\"Saturday\",\"Sunday\"],\"opens\":\"09:00\",\"closes\":\"17:00\"}]},{\"@type\":\"ImageObject\",\"inLanguage\":\"de\",\"@id\":\"https:\/\/www.eliassen.nl\/de\/vogelfutterschale-an-kette-2-eisvoegel-37cm\/#local-main-organization-logo\",\"url\":\"https:\/\/www.eliassen.nl\/wp-content\/uploads\/2024\/01\/logo_4nd.jpg\",\"contentUrl\":\"https:\/\/www.eliassen.nl\/wp-content\/uploads\/2024\/01\/logo_4nd.jpg\",\"width\":500,\"height\":500,\"caption\":\"Eliassen Home & Garden Pleasure\"}]}<\/script>\n<meta property=\"product:price:amount\" content=\"39.50\" \/>\n<meta property=\"product:price:currency\" content=\"EUR\" \/>\n<meta property=\"og:availability\" content=\"instock\" \/>\n<meta property=\"product:availability\" content=\"instock\" \/>\n<meta property=\"product:retailer_item_id\" content=\"za403791\" \/>\n<meta property=\"product:condition\" content=\"new\" \/>\n<!-- \/ Yoast SEO Premium plugin. -->","yoast_head_json":{"title":"Zimba-arts Vogelfutterschale an Kette mit zwei Eisv\u00f6geln 37cm - Eliassen.nl","description":"Eine \u00e4u\u00dferst dekorative Vogeltr\u00e4nke f\u00fcr den Baum oder die Wand. Ein Fairtrade-Produkt aus Afrika. Vollst\u00e4ndig von Hand gefertigt.","robots":{"index":"index","follow":"follow","max-snippet":"max-snippet:-1","max-image-preview":"max-image-preview:large","max-video-preview":"max-video-preview:-1"},"canonical":"https:\/\/www.eliassen.nl\/de\/vogelfutterschale-an-kette-2-eisvoegel-37cm\/","og_locale":"de_DE","og_type":"article","og_title":"Zimba-arts Vogelfutterschale an Kette mit zwei Eisv\u00f6geln 37cm - Eliassen.nl","og_description":"Eine \u00e4u\u00dferst dekorative Vogeltr\u00e4nke f\u00fcr den Baum oder die Wand. Ein Fairtrade-Produkt aus Afrika. Vollst\u00e4ndig von Hand gefertigt.","og_url":"https:\/\/www.eliassen.nl\/de\/vogelfutterschale-an-kette-2-eisvoegel-37cm\/","og_site_name":"Eliassen.nl","article_publisher":"https:\/\/www.facebook.com\/TuincentrumEliassenAmmerzoden","article_modified_time":"2026-01-16T15:16:10+00:00","og_image":[{"width":1651,"height":1101,"url":"https:\/\/www.eliassen.nl\/wp-content\/uploads\/2025\/12\/Vogelvoer-schaal-aan-ketting-2-ijsvogels-Eliassen.nl-Zimba-za403791.jpg","type":"image\/jpeg"}],"twitter_card":"summary_large_image","schema":{"@context":"https:\/\/schema.org","@graph":[{"@type":"WebPage","@id":"https:\/\/www.eliassen.nl\/de\/vogelfutterschale-an-kette-2-eisvoegel-37cm\/","url":"https:\/\/www.eliassen.nl\/de\/vogelfutterschale-an-kette-2-eisvoegel-37cm\/","name":"Zimba-arts Vogelfutterschale an Kette mit zwei Eisv\u00f6geln 37cm - Eliassen.nl","isPartOf":{"@id":"https:\/\/www.eliassen.nl\/de\/#website"},"primaryImageOfPage":{"@id":"https:\/\/www.eliassen.nl\/de\/vogelfutterschale-an-kette-2-eisvoegel-37cm\/#primaryimage"},"image":{"@id":"https:\/\/www.eliassen.nl\/de\/vogelfutterschale-an-kette-2-eisvoegel-37cm\/#primaryimage"},"thumbnailUrl":"https:\/\/www.eliassen.nl\/wp-content\/uploads\/2025\/12\/Vogelvoer-schaal-aan-ketting-2-ijsvogels-Eliassen.nl-Zimba-za403791.jpg","datePublished":"2026-01-12T13:19:22+00:00","dateModified":"2026-01-16T15:16:10+00:00","description":"Eine \u00e4u\u00dferst dekorative Vogeltr\u00e4nke f\u00fcr den Baum oder die Wand. Ein Fairtrade-Produkt aus Afrika. Vollst\u00e4ndig von Hand gefertigt.","breadcrumb":{"@id":"https:\/\/www.eliassen.nl\/de\/vogelfutterschale-an-kette-2-eisvoegel-37cm\/#breadcrumb"},"inLanguage":"de","potentialAction":[{"@type":"ReadAction","target":["https:\/\/www.eliassen.nl\/de\/vogelfutterschale-an-kette-2-eisvoegel-37cm\/"]}]},{"@type":"ImageObject","inLanguage":"de","@id":"https:\/\/www.eliassen.nl\/de\/vogelfutterschale-an-kette-2-eisvoegel-37cm\/#primaryimage","url":"https:\/\/www.eliassen.nl\/wp-content\/uploads\/2025\/12\/Vogelvoer-schaal-aan-ketting-2-ijsvogels-Eliassen.nl-Zimba-za403791.jpg","contentUrl":"https:\/\/www.eliassen.nl\/wp-content\/uploads\/2025\/12\/Vogelvoer-schaal-aan-ketting-2-ijsvogels-Eliassen.nl-Zimba-za403791.jpg","width":1651,"height":1101,"caption":"Vogelfutterschale an Kette 2 Eisv\u00f6gel Eliassen.nl Zimba za403791"},{"@type":"BreadcrumbList","@id":"https:\/\/www.eliassen.nl\/de\/vogelfutterschale-an-kette-2-eisvoegel-37cm\/#breadcrumb","itemListElement":[{"@type":"ListItem","position":1,"name":"Home","item":"https:\/\/www.eliassen.nl\/de\/"},{"@type":"ListItem","position":2,"name":"Shop","item":"https:\/\/www.eliassen.nl\/de\/shop\/"},{"@type":"ListItem","position":3,"name":"Vogeltr\u00e4nken","item":"https:\/\/www.eliassen.nl\/de\/vogeltraenken\/"},{"@type":"ListItem","position":4,"name":"Vogelfutterschale an Kette mit zwei Eisv\u00f6geln 37cm"}]},{"@type":"WebSite","@id":"https:\/\/www.eliassen.nl\/de\/#website","url":"https:\/\/www.eliassen.nl\/de\/","name":"Eliassen Home & Garden Pleasure","description":"","publisher":{"@id":"https:\/\/www.eliassen.nl\/de\/#organization"},"alternateName":"Eliassen.nl","potentialAction":[{"@type":"SearchAction","target":{"@type":"EntryPoint","urlTemplate":"https:\/\/www.eliassen.nl\/de\/?s={search_term_string}"},"query-input":{"@type":"PropertyValueSpecification","valueRequired":true,"valueName":"search_term_string"}}],"inLanguage":"de"},{"@type":["Organization","Place"],"@id":"https:\/\/www.eliassen.nl\/de\/#organization","name":"Eliassen Home & Garden Pleasure","url":"https:\/\/www.eliassen.nl\/de\/","logo":{"@id":"https:\/\/www.eliassen.nl\/de\/vogelfutterschale-an-kette-2-eisvoegel-37cm\/#local-main-organization-logo"},"image":{"@id":"https:\/\/www.eliassen.nl\/de\/vogelfutterschale-an-kette-2-eisvoegel-37cm\/#local-main-organization-logo"},"sameAs":["https:\/\/www.facebook.com\/TuincentrumEliassenAmmerzoden","https:\/\/www.instagram.com\/eliassenhomeandgarden\/","https:\/\/nl.pinterest.com\/eliassenhomeandgarden\/","https:\/\/www.youtube.com\/@eliassenhomegardenpleasure4558"],"telephone":[],"openingHoursSpecification":[{"@type":"OpeningHoursSpecification","dayOfWeek":["Monday","Tuesday","Wednesday","Thursday","Friday","Saturday","Sunday"],"opens":"09:00","closes":"17:00"}]},{"@type":"ImageObject","inLanguage":"de","@id":"https:\/\/www.eliassen.nl\/de\/vogelfutterschale-an-kette-2-eisvoegel-37cm\/#local-main-organization-logo","url":"https:\/\/www.eliassen.nl\/wp-content\/uploads\/2024\/01\/logo_4nd.jpg","contentUrl":"https:\/\/www.eliassen.nl\/wp-content\/uploads\/2024\/01\/logo_4nd.jpg","width":500,"height":500,"caption":"Eliassen Home & Garden Pleasure"}]},"product_price_amount":"39.50","product_price_currency":"EUR","og_availability":"instock","product_availability":"instock","product_retailer_item_id":"za403791","product_condition":"new"},"df_price":39.5,"df_sale_price":"","df_regular_price":39.5,"df_image_link":"https:\/\/www.eliassen.nl\/wp-content\/uploads\/2025\/12\/Vogelvoer-schaal-aan-ketting-2-ijsvogels-Eliassen.nl-Zimba-za403791-300x200.jpg","image":"https:\/\/www.eliassen.nl\/wp-content\/uploads\/2025\/12\/Vogelvoer-schaal-aan-ketting-2-ijsvogels-Eliassen.nl-Zimba-za403791-150x150.jpg","price_search":"<span class=\"woocommerce-Price-amount amount\"><bdi><span class=\"woocommerce-Price-currencySymbol\">&euro;<\/span>&nbsp;39,50<\/bdi><\/span>","category":"Dekofiguren aus Metall","global_unique_id":"8719632403791","_links":{"self":[{"href":"https:\/\/www.eliassen.nl\/de\/wp-json\/wp\/v2\/product\/203183","targetHints":{"allow":["GET"]}}],"collection":[{"href":"https:\/\/www.eliassen.nl\/de\/wp-json\/wp\/v2\/product"}],"about":[{"href":"https:\/\/www.eliassen.nl\/de\/wp-json\/wp\/v2\/types\/product"}],"wp:featuredmedia":[{"embeddable":true,"href":"https:\/\/www.eliassen.nl\/de\/wp-json\/wp\/v2\/media\/201682"}],"wp:attachment":[{"href":"https:\/\/www.eliassen.nl\/de\/wp-json\/wp\/v2\/media?parent=203183"}],"wp:term":[{"taxonomy":"product_brand","embeddable":true,"href":"https:\/\/www.eliassen.nl\/de\/wp-json\/wp\/v2\/product_brand?post=203183"},{"taxonomy":"product_cat","embeddable":true,"href":"https:\/\/www.eliassen.nl\/de\/wp-json\/wp\/v2\/product_cat?post=203183"},{"taxonomy":"product_tag","embeddable":true,"href":"https:\/\/www.eliassen.nl\/de\/wp-json\/wp\/v2\/product_tag?post=203183"}],"curies":[{"name":"wp","href":"https:\/\/api.w.org\/{rel}","templated":true}]}}