{"id":203063,"date":"2026-01-10T13:24:41","date_gmt":"2026-01-10T12:24:41","guid":{"rendered":"https:\/\/www.eliassen.nl\/product\/gartenstab-schmetterling-doppelt-weiss-90cm\/"},"modified":"2026-01-16T16:15:40","modified_gmt":"2026-01-16T15:15:40","slug":"gartenstab-schmetterling-doppelt-weiss-90cm","status":"publish","type":"product","link":"https:\/\/www.eliassen.nl\/de\/gartenstab-schmetterling-doppelt-weiss-90cm\/","title":{"rendered":"Gartenstab Schmetterling doppelt wei\u00df 90cm"},"content":{"rendered":"<p>Hervorragend verarbeitete Metall-Gartenstele, die Sie \u00fcberall im Garten aufstellen k\u00f6nnen.<br \/>\nEine Zierde im Garten und sch\u00f6n zum Verschenken. Vollst\u00e4ndig von Hand aus einem recycelten \u00d6lfass gefertigt und anschlie\u00dfend handbemalt.<br \/>\nDieses Produkt stammt aus Afrika (Simbabwe) und ist ein Fair-Trade-Produkt.<br \/>\nDa es sich um ein handgefertigtes Produkt handelt, kann die Abbildung geringf\u00fcgig von einer echten Abbildung abweichen.<\/p>\n<p><strong>Wir haben fast alles aus dieser Serie im Ausstellungsraum, kommen Sie doch einfach vorbei und schauen Sie sich um.<\/strong><\/p>\n<ul>\n<li>Gr\u00f6\u00dfe: 24x6x90cm hoch<\/li>\n<li>Schnelle Lieferung.<\/li>\n<li>100% handgefertigt.<\/li>\n<li>1 Jahr Garantie.<\/li>\n<\/ul>\n<p>Bitte beachten Sie, dass dieses Produkt nicht f\u00fcr die Aufstellung bei starkem Wind geeignet ist.<\/p>\n","protected":false},"excerpt":{"rendered":"<p>\u2713 Handgefertigter Gartenhocker aus Metall (24x6x90cm) aus recyceltem \u00d6lfass \u2713 Handbemalt in Simbabwe \u2713 Fairtrade Produkt \u2713 Ein Jahr Garantie<\/p>\n","protected":false},"featured_media":202793,"template":"","meta":{"_acf_changed":false,"_genesis_title":"","_genesis_description":""},"product_brand":[6960],"product_cat":[851,836],"product_tag":[],"class_list":{"0":"post-203063","1":"product","2":"type-product","3":"status-publish","4":"has-post-thumbnail","6":"product_brand-zimba-arts-de","7":"product_cat-gartenpfaehle-aus-still","8":"product_cat-gartenstecker","10":"first","11":"instock","12":"taxable","13":"shipping-taxable","14":"purchasable","15":"product-type-simple"},"acf":[],"meta_all":{"cor_restricted_countries":[],"total_sales":"0"},"meta_all_flat":{"total_sales":"0"},"yoast_head":"<!-- This site is optimized with the Yoast SEO Premium plugin v26.2 (Yoast SEO v27.2) - https:\/\/yoast.com\/product\/yoast-seo-premium-wordpress\/ -->\n<title>Zimba-arts Gartenstab Schmetterling doppelt wei\u00df 90cm - Eliassen.nl<\/title>\n<meta name=\"description\" content=\"Eine sch\u00f6ne Gartenkirsche mit einem handgefertigten Schmetterlingspaar, das aus einem recycelten \u00d6lfass hergestellt wurde. Ein Fairtrade-Produkt aus Simbabwe.\" \/>\n<meta name=\"robots\" content=\"index, follow, max-snippet:-1, max-image-preview:large, max-video-preview:-1\" \/>\n<link rel=\"canonical\" href=\"https:\/\/www.eliassen.nl\/de\/gartenstab-schmetterling-doppelt-weiss-90cm\/\" \/>\n<meta property=\"og:locale\" content=\"de_DE\" \/>\n<meta property=\"og:type\" content=\"article\" \/>\n<meta property=\"og:title\" content=\"Zimba-arts Gartenstab Schmetterling doppelt wei\u00df 90cm - Eliassen.nl\" \/>\n<meta property=\"og:description\" content=\"Eine sch\u00f6ne Gartenkirsche mit einem handgefertigten Schmetterlingspaar, das aus einem recycelten \u00d6lfass hergestellt wurde. Ein Fairtrade-Produkt aus Simbabwe.\" \/>\n<meta property=\"og:url\" content=\"https:\/\/www.eliassen.nl\/de\/gartenstab-schmetterling-doppelt-weiss-90cm\/\" \/>\n<meta property=\"og:site_name\" content=\"Eliassen.nl\" \/>\n<meta property=\"article:publisher\" content=\"https:\/\/www.facebook.com\/TuincentrumEliassenAmmerzoden\" \/>\n<meta property=\"article:modified_time\" content=\"2026-01-16T15:15:40+00:00\" \/>\n<meta property=\"og:image\" content=\"https:\/\/www.eliassen.nl\/wp-content\/uploads\/2026\/01\/tuinsteker-vlinder-dubbel-wit-Eliassen.nl-Zimba-za409816.png\" \/>\n\t<meta property=\"og:image:width\" content=\"1500\" \/>\n\t<meta property=\"og:image:height\" content=\"2000\" \/>\n\t<meta property=\"og:image:type\" content=\"image\/png\" \/>\n<meta name=\"twitter:card\" content=\"summary_large_image\" \/>\n<script type=\"application\/ld+json\" class=\"yoast-schema-graph\">{\"@context\":\"https:\/\/schema.org\",\"@graph\":[{\"@type\":\"WebPage\",\"@id\":\"https:\/\/www.eliassen.nl\/de\/gartenstab-schmetterling-doppelt-weiss-90cm\/\",\"url\":\"https:\/\/www.eliassen.nl\/de\/gartenstab-schmetterling-doppelt-weiss-90cm\/\",\"name\":\"Zimba-arts Gartenstab Schmetterling doppelt wei\u00df 90cm - Eliassen.nl\",\"isPartOf\":{\"@id\":\"https:\/\/www.eliassen.nl\/de\/#website\"},\"primaryImageOfPage\":{\"@id\":\"https:\/\/www.eliassen.nl\/de\/gartenstab-schmetterling-doppelt-weiss-90cm\/#primaryimage\"},\"image\":{\"@id\":\"https:\/\/www.eliassen.nl\/de\/gartenstab-schmetterling-doppelt-weiss-90cm\/#primaryimage\"},\"thumbnailUrl\":\"https:\/\/www.eliassen.nl\/wp-content\/uploads\/2026\/01\/tuinsteker-vlinder-dubbel-wit-Eliassen.nl-Zimba-za409816.png\",\"datePublished\":\"2026-01-10T12:24:41+00:00\",\"dateModified\":\"2026-01-16T15:15:40+00:00\",\"description\":\"Eine sch\u00f6ne Gartenkirsche mit einem handgefertigten Schmetterlingspaar, das aus einem recycelten \u00d6lfass hergestellt wurde. Ein Fairtrade-Produkt aus Simbabwe.\",\"breadcrumb\":{\"@id\":\"https:\/\/www.eliassen.nl\/de\/gartenstab-schmetterling-doppelt-weiss-90cm\/#breadcrumb\"},\"inLanguage\":\"de\",\"potentialAction\":[{\"@type\":\"ReadAction\",\"target\":[\"https:\/\/www.eliassen.nl\/de\/gartenstab-schmetterling-doppelt-weiss-90cm\/\"]}]},{\"@type\":\"ImageObject\",\"inLanguage\":\"de\",\"@id\":\"https:\/\/www.eliassen.nl\/de\/gartenstab-schmetterling-doppelt-weiss-90cm\/#primaryimage\",\"url\":\"https:\/\/www.eliassen.nl\/wp-content\/uploads\/2026\/01\/tuinsteker-vlinder-dubbel-wit-Eliassen.nl-Zimba-za409816.png\",\"contentUrl\":\"https:\/\/www.eliassen.nl\/wp-content\/uploads\/2026\/01\/tuinsteker-vlinder-dubbel-wit-Eliassen.nl-Zimba-za409816.png\",\"width\":1500,\"height\":2000,\"caption\":\"Gartenstab Schmetterling doppelt wei\u00df Eliassen.nl Zimba za409816\"},{\"@type\":\"BreadcrumbList\",\"@id\":\"https:\/\/www.eliassen.nl\/de\/gartenstab-schmetterling-doppelt-weiss-90cm\/#breadcrumb\",\"itemListElement\":[{\"@type\":\"ListItem\",\"position\":1,\"name\":\"Home\",\"item\":\"https:\/\/www.eliassen.nl\/de\/\"},{\"@type\":\"ListItem\",\"position\":2,\"name\":\"Shop\",\"item\":\"https:\/\/www.eliassen.nl\/de\/shop\/\"},{\"@type\":\"ListItem\",\"position\":3,\"name\":\"Gartenstecker\",\"item\":\"https:\/\/www.eliassen.nl\/de\/gartenstecker\/\"},{\"@type\":\"ListItem\",\"position\":4,\"name\":\"Gartenstab Schmetterling doppelt wei\u00df 90cm\"}]},{\"@type\":\"WebSite\",\"@id\":\"https:\/\/www.eliassen.nl\/de\/#website\",\"url\":\"https:\/\/www.eliassen.nl\/de\/\",\"name\":\"Eliassen Home & Garden Pleasure\",\"description\":\"\",\"publisher\":{\"@id\":\"https:\/\/www.eliassen.nl\/de\/#organization\"},\"alternateName\":\"Eliassen.nl\",\"potentialAction\":[{\"@type\":\"SearchAction\",\"target\":{\"@type\":\"EntryPoint\",\"urlTemplate\":\"https:\/\/www.eliassen.nl\/de\/?s={search_term_string}\"},\"query-input\":{\"@type\":\"PropertyValueSpecification\",\"valueRequired\":true,\"valueName\":\"search_term_string\"}}],\"inLanguage\":\"de\"},{\"@type\":[\"Organization\",\"Place\"],\"@id\":\"https:\/\/www.eliassen.nl\/de\/#organization\",\"name\":\"Eliassen Home & Garden Pleasure\",\"url\":\"https:\/\/www.eliassen.nl\/de\/\",\"logo\":{\"@id\":\"https:\/\/www.eliassen.nl\/de\/gartenstab-schmetterling-doppelt-weiss-90cm\/#local-main-organization-logo\"},\"image\":{\"@id\":\"https:\/\/www.eliassen.nl\/de\/gartenstab-schmetterling-doppelt-weiss-90cm\/#local-main-organization-logo\"},\"sameAs\":[\"https:\/\/www.facebook.com\/TuincentrumEliassenAmmerzoden\",\"https:\/\/www.instagram.com\/eliassenhomeandgarden\/\",\"https:\/\/nl.pinterest.com\/eliassenhomeandgarden\/\",\"https:\/\/www.youtube.com\/@eliassenhomegardenpleasure4558\"],\"telephone\":[],\"openingHoursSpecification\":[{\"@type\":\"OpeningHoursSpecification\",\"dayOfWeek\":[\"Monday\",\"Tuesday\",\"Wednesday\",\"Thursday\",\"Friday\",\"Saturday\",\"Sunday\"],\"opens\":\"09:00\",\"closes\":\"17:00\"}]},{\"@type\":\"ImageObject\",\"inLanguage\":\"de\",\"@id\":\"https:\/\/www.eliassen.nl\/de\/gartenstab-schmetterling-doppelt-weiss-90cm\/#local-main-organization-logo\",\"url\":\"https:\/\/www.eliassen.nl\/wp-content\/uploads\/2024\/01\/logo_4nd.jpg\",\"contentUrl\":\"https:\/\/www.eliassen.nl\/wp-content\/uploads\/2024\/01\/logo_4nd.jpg\",\"width\":500,\"height\":500,\"caption\":\"Eliassen Home & Garden Pleasure\"}]}<\/script>\n<meta property=\"product:price:amount\" content=\"24.50\" \/>\n<meta property=\"product:price:currency\" content=\"EUR\" \/>\n<meta property=\"og:availability\" content=\"instock\" \/>\n<meta property=\"product:availability\" content=\"instock\" \/>\n<meta property=\"product:retailer_item_id\" content=\"za409816\" \/>\n<meta property=\"product:condition\" content=\"new\" \/>\n<!-- \/ Yoast SEO Premium plugin. -->","yoast_head_json":{"title":"Zimba-arts Gartenstab Schmetterling doppelt wei\u00df 90cm - Eliassen.nl","description":"Eine sch\u00f6ne Gartenkirsche mit einem handgefertigten Schmetterlingspaar, das aus einem recycelten \u00d6lfass hergestellt wurde. Ein Fairtrade-Produkt aus Simbabwe.","robots":{"index":"index","follow":"follow","max-snippet":"max-snippet:-1","max-image-preview":"max-image-preview:large","max-video-preview":"max-video-preview:-1"},"canonical":"https:\/\/www.eliassen.nl\/de\/gartenstab-schmetterling-doppelt-weiss-90cm\/","og_locale":"de_DE","og_type":"article","og_title":"Zimba-arts Gartenstab Schmetterling doppelt wei\u00df 90cm - Eliassen.nl","og_description":"Eine sch\u00f6ne Gartenkirsche mit einem handgefertigten Schmetterlingspaar, das aus einem recycelten \u00d6lfass hergestellt wurde. Ein Fairtrade-Produkt aus Simbabwe.","og_url":"https:\/\/www.eliassen.nl\/de\/gartenstab-schmetterling-doppelt-weiss-90cm\/","og_site_name":"Eliassen.nl","article_publisher":"https:\/\/www.facebook.com\/TuincentrumEliassenAmmerzoden","article_modified_time":"2026-01-16T15:15:40+00:00","og_image":[{"width":1500,"height":2000,"url":"https:\/\/www.eliassen.nl\/wp-content\/uploads\/2026\/01\/tuinsteker-vlinder-dubbel-wit-Eliassen.nl-Zimba-za409816.png","type":"image\/png"}],"twitter_card":"summary_large_image","schema":{"@context":"https:\/\/schema.org","@graph":[{"@type":"WebPage","@id":"https:\/\/www.eliassen.nl\/de\/gartenstab-schmetterling-doppelt-weiss-90cm\/","url":"https:\/\/www.eliassen.nl\/de\/gartenstab-schmetterling-doppelt-weiss-90cm\/","name":"Zimba-arts Gartenstab Schmetterling doppelt wei\u00df 90cm - Eliassen.nl","isPartOf":{"@id":"https:\/\/www.eliassen.nl\/de\/#website"},"primaryImageOfPage":{"@id":"https:\/\/www.eliassen.nl\/de\/gartenstab-schmetterling-doppelt-weiss-90cm\/#primaryimage"},"image":{"@id":"https:\/\/www.eliassen.nl\/de\/gartenstab-schmetterling-doppelt-weiss-90cm\/#primaryimage"},"thumbnailUrl":"https:\/\/www.eliassen.nl\/wp-content\/uploads\/2026\/01\/tuinsteker-vlinder-dubbel-wit-Eliassen.nl-Zimba-za409816.png","datePublished":"2026-01-10T12:24:41+00:00","dateModified":"2026-01-16T15:15:40+00:00","description":"Eine sch\u00f6ne Gartenkirsche mit einem handgefertigten Schmetterlingspaar, das aus einem recycelten \u00d6lfass hergestellt wurde. Ein Fairtrade-Produkt aus Simbabwe.","breadcrumb":{"@id":"https:\/\/www.eliassen.nl\/de\/gartenstab-schmetterling-doppelt-weiss-90cm\/#breadcrumb"},"inLanguage":"de","potentialAction":[{"@type":"ReadAction","target":["https:\/\/www.eliassen.nl\/de\/gartenstab-schmetterling-doppelt-weiss-90cm\/"]}]},{"@type":"ImageObject","inLanguage":"de","@id":"https:\/\/www.eliassen.nl\/de\/gartenstab-schmetterling-doppelt-weiss-90cm\/#primaryimage","url":"https:\/\/www.eliassen.nl\/wp-content\/uploads\/2026\/01\/tuinsteker-vlinder-dubbel-wit-Eliassen.nl-Zimba-za409816.png","contentUrl":"https:\/\/www.eliassen.nl\/wp-content\/uploads\/2026\/01\/tuinsteker-vlinder-dubbel-wit-Eliassen.nl-Zimba-za409816.png","width":1500,"height":2000,"caption":"Gartenstab Schmetterling doppelt wei\u00df Eliassen.nl Zimba za409816"},{"@type":"BreadcrumbList","@id":"https:\/\/www.eliassen.nl\/de\/gartenstab-schmetterling-doppelt-weiss-90cm\/#breadcrumb","itemListElement":[{"@type":"ListItem","position":1,"name":"Home","item":"https:\/\/www.eliassen.nl\/de\/"},{"@type":"ListItem","position":2,"name":"Shop","item":"https:\/\/www.eliassen.nl\/de\/shop\/"},{"@type":"ListItem","position":3,"name":"Gartenstecker","item":"https:\/\/www.eliassen.nl\/de\/gartenstecker\/"},{"@type":"ListItem","position":4,"name":"Gartenstab Schmetterling doppelt wei\u00df 90cm"}]},{"@type":"WebSite","@id":"https:\/\/www.eliassen.nl\/de\/#website","url":"https:\/\/www.eliassen.nl\/de\/","name":"Eliassen Home & Garden Pleasure","description":"","publisher":{"@id":"https:\/\/www.eliassen.nl\/de\/#organization"},"alternateName":"Eliassen.nl","potentialAction":[{"@type":"SearchAction","target":{"@type":"EntryPoint","urlTemplate":"https:\/\/www.eliassen.nl\/de\/?s={search_term_string}"},"query-input":{"@type":"PropertyValueSpecification","valueRequired":true,"valueName":"search_term_string"}}],"inLanguage":"de"},{"@type":["Organization","Place"],"@id":"https:\/\/www.eliassen.nl\/de\/#organization","name":"Eliassen Home & Garden Pleasure","url":"https:\/\/www.eliassen.nl\/de\/","logo":{"@id":"https:\/\/www.eliassen.nl\/de\/gartenstab-schmetterling-doppelt-weiss-90cm\/#local-main-organization-logo"},"image":{"@id":"https:\/\/www.eliassen.nl\/de\/gartenstab-schmetterling-doppelt-weiss-90cm\/#local-main-organization-logo"},"sameAs":["https:\/\/www.facebook.com\/TuincentrumEliassenAmmerzoden","https:\/\/www.instagram.com\/eliassenhomeandgarden\/","https:\/\/nl.pinterest.com\/eliassenhomeandgarden\/","https:\/\/www.youtube.com\/@eliassenhomegardenpleasure4558"],"telephone":[],"openingHoursSpecification":[{"@type":"OpeningHoursSpecification","dayOfWeek":["Monday","Tuesday","Wednesday","Thursday","Friday","Saturday","Sunday"],"opens":"09:00","closes":"17:00"}]},{"@type":"ImageObject","inLanguage":"de","@id":"https:\/\/www.eliassen.nl\/de\/gartenstab-schmetterling-doppelt-weiss-90cm\/#local-main-organization-logo","url":"https:\/\/www.eliassen.nl\/wp-content\/uploads\/2024\/01\/logo_4nd.jpg","contentUrl":"https:\/\/www.eliassen.nl\/wp-content\/uploads\/2024\/01\/logo_4nd.jpg","width":500,"height":500,"caption":"Eliassen Home & Garden Pleasure"}]},"product_price_amount":"24.50","product_price_currency":"EUR","og_availability":"instock","product_availability":"instock","product_retailer_item_id":"za409816","product_condition":"new"},"df_price":24.5,"df_sale_price":"","df_regular_price":24.5,"df_image_link":"https:\/\/www.eliassen.nl\/wp-content\/uploads\/2026\/01\/tuinsteker-vlinder-dubbel-wit-Eliassen.nl-Zimba-za409816-225x300.png","image":"https:\/\/www.eliassen.nl\/wp-content\/uploads\/2026\/01\/tuinsteker-vlinder-dubbel-wit-Eliassen.nl-Zimba-za409816-150x150.png","price_search":"<span class=\"woocommerce-Price-amount amount\"><bdi><span class=\"woocommerce-Price-currencySymbol\">&euro;<\/span>&nbsp;24,50<\/bdi><\/span>","category":"Gartenpf\u00e4hle aus still","global_unique_id":"8719632409816","_links":{"self":[{"href":"https:\/\/www.eliassen.nl\/de\/wp-json\/wp\/v2\/product\/203063","targetHints":{"allow":["GET"]}}],"collection":[{"href":"https:\/\/www.eliassen.nl\/de\/wp-json\/wp\/v2\/product"}],"about":[{"href":"https:\/\/www.eliassen.nl\/de\/wp-json\/wp\/v2\/types\/product"}],"wp:featuredmedia":[{"embeddable":true,"href":"https:\/\/www.eliassen.nl\/de\/wp-json\/wp\/v2\/media\/202793"}],"wp:attachment":[{"href":"https:\/\/www.eliassen.nl\/de\/wp-json\/wp\/v2\/media?parent=203063"}],"wp:term":[{"taxonomy":"product_brand","embeddable":true,"href":"https:\/\/www.eliassen.nl\/de\/wp-json\/wp\/v2\/product_brand?post=203063"},{"taxonomy":"product_cat","embeddable":true,"href":"https:\/\/www.eliassen.nl\/de\/wp-json\/wp\/v2\/product_cat?post=203063"},{"taxonomy":"product_tag","embeddable":true,"href":"https:\/\/www.eliassen.nl\/de\/wp-json\/wp\/v2\/product_tag?post=203063"}],"curies":[{"name":"wp","href":"https:\/\/api.w.org\/{rel}","templated":true}]}}