{"id":20263,"date":"2019-10-28T19:45:27","date_gmt":"2019-10-28T19:45:27","guid":{"rendered":"https:\/\/www.eliassen.nl\/?product=malerei-dibond-edelstahl-elegant-98x48cm-copy"},"modified":"2026-01-07T13:18:36","modified_gmt":"2026-01-07T12:18:36","slug":"lackierung-dibond-edelstahl-heavy-98x48cm","status":"publish","type":"product","link":"https:\/\/www.eliassen.nl\/de\/lackierung-dibond-edelstahl-heavy-98x48cm\/","title":{"rendered":"Gem\u00e4lde Dibond Edelstahl Heavy 98x48cm"},"content":{"rendered":"<p>Dieses Wandkraft-Fotobild, das superscharf und klar auf eine geschliffene, klare Dibondplatte mit einer St\u00e4rke von 3 mm gedruckt ist, ist genau das Richtige f\u00fcr Sie, wenn Sie ein mattes, metallisch wirkendes und superscharfes Fotobild in einem modernen Ambiente w\u00fcnschen. Dieses Gem\u00e4lde, das ein industrielles Umfeld darstellt, ist ein sch\u00f6nes St\u00fcck Wanddekoration in jedem modernen Interieur.  <strong>Wir haben auch fast die gesamte Kollektion dieser Serie in unserem Gesch\u00e4ft, was in den Niederlanden einzigartig ist. Nirgendwo finden Sie eine so gro\u00dfe Sammlung. Sie sind herzlich willkommen.<\/strong><\/p>\n<ul>\n<li>Gr\u00f6\u00dfe 98&#215;48 cm  <\/li>\n<li>Leichtgewicht<\/li>\n<li>Material: Aluminium blank geschliffenes Dibondblech 3mm.<\/li>\n<li>Einfaches Aufh\u00e4ngen mit 2 Schrauben und Kunststoffhaken<\/li>\n<li>Schnelle Lieferung<\/li>\n<li>1 Jahr Garantie<\/li>\n<\/ul>\n","protected":false},"excerpt":{"rendered":"<p>Dieses Wandkraft-Fotobild, das superscharf und klar auf eine geschliffene, klare Dibondplatte mit einer St\u00e4rke von 3 mm gedruckt ist, ist genau das Richtige f\u00fcr Sie, wenn Sie ein mattes, metallisch wirkendes und superscharfes Fotobild in einem modernen Ambiente w\u00fcnschen. Dieses Gem\u00e4lde, das ein industrielles Umfeld darstellt, ist ein sch\u00f6nes St\u00fcck Wanddekoration in jedem modernen Interieur. &hellip;<\/p>\n","protected":false},"featured_media":20245,"template":"","meta":{"_acf_changed":false,"_genesis_title":"","_genesis_description":""},"product_brand":[6926],"product_cat":[479,410,413,482],"product_tag":[],"class_list":{"0":"post-20263","1":"product","2":"type-product","3":"status-publish","4":"has-post-thumbnail","6":"product_brand-wandkraft-de","7":"product_cat-dibond-gemaelde-aus-aluminium","8":"product_cat-gemaelde","9":"product_cat-gemaelde-outlet","10":"product_cat-wandkraft-gemaelde","12":"first","13":"instock","14":"sale","15":"taxable","16":"shipping-taxable","17":"purchasable","18":"product-type-simple"},"acf":[],"meta_all":{"total_sales":"0","wcml_sync_hash":{"postmeta_fields":"87a2d4ac69673cb471e49f48ea42a804"},"attr_label_translations":[]},"meta_all_flat":{"total_sales":"0","wcml_sync_hash.postmeta_fields":"87a2d4ac69673cb471e49f48ea42a804"},"yoast_head":"<!-- This site is optimized with the Yoast SEO Premium plugin v26.2 (Yoast SEO v27.2) - https:\/\/yoast.com\/product\/yoast-seo-premium-wordpress\/ -->\n<title>Gem\u00e4lde Dibond Edelstahl Heavy 98x48cm - Eliassen<\/title>\n<meta name=\"description\" content=\"Suchen Sie ein Gem\u00e4lde? Bestellen Sie jetzt Wandkraft Malerei dibond Edelstahl Heavy. Kaufen Sie Gem\u00e4lde einfach auf unserer Website. Gro\u00dfe Auswahl \u2713 Schnelle Lieferung\" \/>\n<meta name=\"robots\" content=\"index, follow, max-snippet:-1, max-image-preview:large, max-video-preview:-1\" \/>\n<link rel=\"canonical\" href=\"https:\/\/www.eliassen.nl\/de\/lackierung-dibond-edelstahl-heavy-98x48cm\/\" \/>\n<meta property=\"og:locale\" content=\"de_DE\" \/>\n<meta property=\"og:type\" content=\"article\" \/>\n<meta property=\"og:title\" content=\"Wandkraft Gem\u00e4lde Dibond Edelstahl Heavy 98x48cm - Eliassen.nl\" \/>\n<meta property=\"og:description\" content=\"Suchen Sie ein Gem\u00e4lde? Bestellen Sie jetzt Wandkraft Malerei dibond Edelstahl Heavy. Kaufen Sie Gem\u00e4lde einfach auf unserer Website. Gro\u00dfe Auswahl \u2713 Schnelle Lieferung\" \/>\n<meta property=\"og:url\" content=\"https:\/\/www.eliassen.nl\/de\/lackierung-dibond-edelstahl-heavy-98x48cm\/\" \/>\n<meta property=\"og:site_name\" content=\"Eliassen.nl\" \/>\n<meta property=\"article:publisher\" content=\"https:\/\/www.facebook.com\/TuincentrumEliassenAmmerzoden\" \/>\n<meta property=\"article:modified_time\" content=\"2026-01-07T12:18:36+00:00\" \/>\n<meta property=\"og:image\" content=\"https:\/\/www.eliassen.nl\/wp-content\/uploads\/2024\/01\/eliassenwandkraftschilderijdibondrvsheavy98x.jpg\" \/>\n\t<meta property=\"og:image:width\" content=\"504\" \/>\n\t<meta property=\"og:image:height\" content=\"1024\" \/>\n\t<meta property=\"og:image:type\" content=\"image\/jpeg\" \/>\n<meta name=\"twitter:card\" content=\"summary_large_image\" \/>\n<script type=\"application\/ld+json\" class=\"yoast-schema-graph\">{\"@context\":\"https:\/\/schema.org\",\"@graph\":[{\"@type\":\"WebPage\",\"@id\":\"https:\/\/www.eliassen.nl\/de\/lackierung-dibond-edelstahl-heavy-98x48cm\/\",\"url\":\"https:\/\/www.eliassen.nl\/de\/lackierung-dibond-edelstahl-heavy-98x48cm\/\",\"name\":\"Gem\u00e4lde Dibond Edelstahl Heavy 98x48cm - Eliassen\",\"isPartOf\":{\"@id\":\"https:\/\/www.eliassen.nl\/de\/#website\"},\"primaryImageOfPage\":{\"@id\":\"https:\/\/www.eliassen.nl\/de\/lackierung-dibond-edelstahl-heavy-98x48cm\/#primaryimage\"},\"image\":{\"@id\":\"https:\/\/www.eliassen.nl\/de\/lackierung-dibond-edelstahl-heavy-98x48cm\/#primaryimage\"},\"thumbnailUrl\":\"https:\/\/www.eliassen.nl\/wp-content\/uploads\/2024\/01\/eliassenwandkraftschilderijdibondrvsheavy98x.jpg\",\"datePublished\":\"2019-10-28T19:45:27+00:00\",\"dateModified\":\"2026-01-07T12:18:36+00:00\",\"description\":\"Suchen Sie ein Gem\u00e4lde? Bestellen Sie jetzt Wandkraft Malerei dibond Edelstahl Heavy. Kaufen Sie Gem\u00e4lde einfach auf unserer Website. Gro\u00dfe Auswahl \u2713 Schnelle Lieferung\",\"breadcrumb\":{\"@id\":\"https:\/\/www.eliassen.nl\/de\/lackierung-dibond-edelstahl-heavy-98x48cm\/#breadcrumb\"},\"inLanguage\":\"de\",\"potentialAction\":[{\"@type\":\"ReadAction\",\"target\":[\"https:\/\/www.eliassen.nl\/de\/lackierung-dibond-edelstahl-heavy-98x48cm\/\"]}]},{\"@type\":\"ImageObject\",\"inLanguage\":\"de\",\"@id\":\"https:\/\/www.eliassen.nl\/de\/lackierung-dibond-edelstahl-heavy-98x48cm\/#primaryimage\",\"url\":\"https:\/\/www.eliassen.nl\/wp-content\/uploads\/2024\/01\/eliassenwandkraftschilderijdibondrvsheavy98x.jpg\",\"contentUrl\":\"https:\/\/www.eliassen.nl\/wp-content\/uploads\/2024\/01\/eliassenwandkraftschilderijdibondrvsheavy98x.jpg\",\"width\":504,\"height\":1024,\"caption\":\"Eliassen Wandkraft Gem\u00e4lde Dibond Edelstahl Heavy 98x48cm\"},{\"@type\":\"BreadcrumbList\",\"@id\":\"https:\/\/www.eliassen.nl\/de\/lackierung-dibond-edelstahl-heavy-98x48cm\/#breadcrumb\",\"itemListElement\":[{\"@type\":\"ListItem\",\"position\":1,\"name\":\"Home\",\"item\":\"https:\/\/www.eliassen.nl\/de\/\"},{\"@type\":\"ListItem\",\"position\":2,\"name\":\"Shop\",\"item\":\"https:\/\/www.eliassen.nl\/de\/shop\/\"},{\"@type\":\"ListItem\",\"position\":3,\"name\":\"Gem\u00e4lde\",\"item\":\"https:\/\/www.eliassen.nl\/de\/gemaelde\/\"},{\"@type\":\"ListItem\",\"position\":4,\"name\":\"Dibond-Gem\u00e4lde aus Aluminium\",\"item\":\"https:\/\/www.eliassen.nl\/de\/gemaelde\/dibond-gemaelde-aus-aluminium\/\"},{\"@type\":\"ListItem\",\"position\":5,\"name\":\"Gem\u00e4lde Dibond Edelstahl Heavy 98x48cm\"}]},{\"@type\":\"WebSite\",\"@id\":\"https:\/\/www.eliassen.nl\/de\/#website\",\"url\":\"https:\/\/www.eliassen.nl\/de\/\",\"name\":\"Eliassen Home & Garden Pleasure\",\"description\":\"\",\"publisher\":{\"@id\":\"https:\/\/www.eliassen.nl\/de\/#organization\"},\"alternateName\":\"Eliassen.nl\",\"potentialAction\":[{\"@type\":\"SearchAction\",\"target\":{\"@type\":\"EntryPoint\",\"urlTemplate\":\"https:\/\/www.eliassen.nl\/de\/?s={search_term_string}\"},\"query-input\":{\"@type\":\"PropertyValueSpecification\",\"valueRequired\":true,\"valueName\":\"search_term_string\"}}],\"inLanguage\":\"de\"},{\"@type\":[\"Organization\",\"Place\"],\"@id\":\"https:\/\/www.eliassen.nl\/de\/#organization\",\"name\":\"Eliassen Home & Garden Pleasure\",\"url\":\"https:\/\/www.eliassen.nl\/de\/\",\"logo\":{\"@id\":\"https:\/\/www.eliassen.nl\/de\/lackierung-dibond-edelstahl-heavy-98x48cm\/#local-main-organization-logo\"},\"image\":{\"@id\":\"https:\/\/www.eliassen.nl\/de\/lackierung-dibond-edelstahl-heavy-98x48cm\/#local-main-organization-logo\"},\"sameAs\":[\"https:\/\/www.facebook.com\/TuincentrumEliassenAmmerzoden\",\"https:\/\/www.instagram.com\/eliassenhomeandgarden\/\",\"https:\/\/nl.pinterest.com\/eliassenhomeandgarden\/\",\"https:\/\/www.youtube.com\/@eliassenhomegardenpleasure4558\"],\"telephone\":[],\"openingHoursSpecification\":[{\"@type\":\"OpeningHoursSpecification\",\"dayOfWeek\":[\"Monday\",\"Tuesday\",\"Wednesday\",\"Thursday\",\"Friday\",\"Saturday\",\"Sunday\"],\"opens\":\"09:00\",\"closes\":\"17:00\"}]},{\"@type\":\"ImageObject\",\"inLanguage\":\"de\",\"@id\":\"https:\/\/www.eliassen.nl\/de\/lackierung-dibond-edelstahl-heavy-98x48cm\/#local-main-organization-logo\",\"url\":\"https:\/\/www.eliassen.nl\/wp-content\/uploads\/2024\/01\/logo_4nd.jpg\",\"contentUrl\":\"https:\/\/www.eliassen.nl\/wp-content\/uploads\/2024\/01\/logo_4nd.jpg\",\"width\":500,\"height\":500,\"caption\":\"Eliassen Home & Garden Pleasure\"}]}<\/script>\n<meta property=\"product:price:amount\" content=\"39.60\" \/>\n<meta property=\"product:price:currency\" content=\"EUR\" \/>\n<meta property=\"og:availability\" content=\"instock\" \/>\n<meta property=\"product:availability\" content=\"instock\" \/>\n<meta property=\"product:retailer_item_id\" content=\"013-188-48\" \/>\n<meta property=\"product:condition\" content=\"new\" \/>\n<!-- \/ Yoast SEO Premium plugin. -->","yoast_head_json":{"title":"Gem\u00e4lde Dibond Edelstahl Heavy 98x48cm - Eliassen","description":"Suchen Sie ein Gem\u00e4lde? Bestellen Sie jetzt Wandkraft Malerei dibond Edelstahl Heavy. Kaufen Sie Gem\u00e4lde einfach auf unserer Website. Gro\u00dfe Auswahl \u2713 Schnelle Lieferung","robots":{"index":"index","follow":"follow","max-snippet":"max-snippet:-1","max-image-preview":"max-image-preview:large","max-video-preview":"max-video-preview:-1"},"canonical":"https:\/\/www.eliassen.nl\/de\/lackierung-dibond-edelstahl-heavy-98x48cm\/","og_locale":"de_DE","og_type":"article","og_title":"Wandkraft Gem\u00e4lde Dibond Edelstahl Heavy 98x48cm - Eliassen.nl","og_description":"Suchen Sie ein Gem\u00e4lde? Bestellen Sie jetzt Wandkraft Malerei dibond Edelstahl Heavy. Kaufen Sie Gem\u00e4lde einfach auf unserer Website. Gro\u00dfe Auswahl \u2713 Schnelle Lieferung","og_url":"https:\/\/www.eliassen.nl\/de\/lackierung-dibond-edelstahl-heavy-98x48cm\/","og_site_name":"Eliassen.nl","article_publisher":"https:\/\/www.facebook.com\/TuincentrumEliassenAmmerzoden","article_modified_time":"2026-01-07T12:18:36+00:00","og_image":[{"width":504,"height":1024,"url":"https:\/\/www.eliassen.nl\/wp-content\/uploads\/2024\/01\/eliassenwandkraftschilderijdibondrvsheavy98x.jpg","type":"image\/jpeg"}],"twitter_card":"summary_large_image","schema":{"@context":"https:\/\/schema.org","@graph":[{"@type":"WebPage","@id":"https:\/\/www.eliassen.nl\/de\/lackierung-dibond-edelstahl-heavy-98x48cm\/","url":"https:\/\/www.eliassen.nl\/de\/lackierung-dibond-edelstahl-heavy-98x48cm\/","name":"Gem\u00e4lde Dibond Edelstahl Heavy 98x48cm - Eliassen","isPartOf":{"@id":"https:\/\/www.eliassen.nl\/de\/#website"},"primaryImageOfPage":{"@id":"https:\/\/www.eliassen.nl\/de\/lackierung-dibond-edelstahl-heavy-98x48cm\/#primaryimage"},"image":{"@id":"https:\/\/www.eliassen.nl\/de\/lackierung-dibond-edelstahl-heavy-98x48cm\/#primaryimage"},"thumbnailUrl":"https:\/\/www.eliassen.nl\/wp-content\/uploads\/2024\/01\/eliassenwandkraftschilderijdibondrvsheavy98x.jpg","datePublished":"2019-10-28T19:45:27+00:00","dateModified":"2026-01-07T12:18:36+00:00","description":"Suchen Sie ein Gem\u00e4lde? Bestellen Sie jetzt Wandkraft Malerei dibond Edelstahl Heavy. Kaufen Sie Gem\u00e4lde einfach auf unserer Website. Gro\u00dfe Auswahl \u2713 Schnelle Lieferung","breadcrumb":{"@id":"https:\/\/www.eliassen.nl\/de\/lackierung-dibond-edelstahl-heavy-98x48cm\/#breadcrumb"},"inLanguage":"de","potentialAction":[{"@type":"ReadAction","target":["https:\/\/www.eliassen.nl\/de\/lackierung-dibond-edelstahl-heavy-98x48cm\/"]}]},{"@type":"ImageObject","inLanguage":"de","@id":"https:\/\/www.eliassen.nl\/de\/lackierung-dibond-edelstahl-heavy-98x48cm\/#primaryimage","url":"https:\/\/www.eliassen.nl\/wp-content\/uploads\/2024\/01\/eliassenwandkraftschilderijdibondrvsheavy98x.jpg","contentUrl":"https:\/\/www.eliassen.nl\/wp-content\/uploads\/2024\/01\/eliassenwandkraftschilderijdibondrvsheavy98x.jpg","width":504,"height":1024,"caption":"Eliassen Wandkraft Gem\u00e4lde Dibond Edelstahl Heavy 98x48cm"},{"@type":"BreadcrumbList","@id":"https:\/\/www.eliassen.nl\/de\/lackierung-dibond-edelstahl-heavy-98x48cm\/#breadcrumb","itemListElement":[{"@type":"ListItem","position":1,"name":"Home","item":"https:\/\/www.eliassen.nl\/de\/"},{"@type":"ListItem","position":2,"name":"Shop","item":"https:\/\/www.eliassen.nl\/de\/shop\/"},{"@type":"ListItem","position":3,"name":"Gem\u00e4lde","item":"https:\/\/www.eliassen.nl\/de\/gemaelde\/"},{"@type":"ListItem","position":4,"name":"Dibond-Gem\u00e4lde aus Aluminium","item":"https:\/\/www.eliassen.nl\/de\/gemaelde\/dibond-gemaelde-aus-aluminium\/"},{"@type":"ListItem","position":5,"name":"Gem\u00e4lde Dibond Edelstahl Heavy 98x48cm"}]},{"@type":"WebSite","@id":"https:\/\/www.eliassen.nl\/de\/#website","url":"https:\/\/www.eliassen.nl\/de\/","name":"Eliassen Home & Garden Pleasure","description":"","publisher":{"@id":"https:\/\/www.eliassen.nl\/de\/#organization"},"alternateName":"Eliassen.nl","potentialAction":[{"@type":"SearchAction","target":{"@type":"EntryPoint","urlTemplate":"https:\/\/www.eliassen.nl\/de\/?s={search_term_string}"},"query-input":{"@type":"PropertyValueSpecification","valueRequired":true,"valueName":"search_term_string"}}],"inLanguage":"de"},{"@type":["Organization","Place"],"@id":"https:\/\/www.eliassen.nl\/de\/#organization","name":"Eliassen Home & Garden Pleasure","url":"https:\/\/www.eliassen.nl\/de\/","logo":{"@id":"https:\/\/www.eliassen.nl\/de\/lackierung-dibond-edelstahl-heavy-98x48cm\/#local-main-organization-logo"},"image":{"@id":"https:\/\/www.eliassen.nl\/de\/lackierung-dibond-edelstahl-heavy-98x48cm\/#local-main-organization-logo"},"sameAs":["https:\/\/www.facebook.com\/TuincentrumEliassenAmmerzoden","https:\/\/www.instagram.com\/eliassenhomeandgarden\/","https:\/\/nl.pinterest.com\/eliassenhomeandgarden\/","https:\/\/www.youtube.com\/@eliassenhomegardenpleasure4558"],"telephone":[],"openingHoursSpecification":[{"@type":"OpeningHoursSpecification","dayOfWeek":["Monday","Tuesday","Wednesday","Thursday","Friday","Saturday","Sunday"],"opens":"09:00","closes":"17:00"}]},{"@type":"ImageObject","inLanguage":"de","@id":"https:\/\/www.eliassen.nl\/de\/lackierung-dibond-edelstahl-heavy-98x48cm\/#local-main-organization-logo","url":"https:\/\/www.eliassen.nl\/wp-content\/uploads\/2024\/01\/logo_4nd.jpg","contentUrl":"https:\/\/www.eliassen.nl\/wp-content\/uploads\/2024\/01\/logo_4nd.jpg","width":500,"height":500,"caption":"Eliassen Home & Garden Pleasure"}]},"product_price_amount":"39.60","product_price_currency":"EUR","og_availability":"instock","product_availability":"instock","product_retailer_item_id":"013-188-48","product_condition":"new"},"df_price":39.6,"df_sale_price":39.6,"df_regular_price":99,"df_image_link":"https:\/\/www.eliassen.nl\/wp-content\/uploads\/2024\/01\/eliassenwandkraftschilderijdibondrvsheavy98x.jpg","image":"https:\/\/www.eliassen.nl\/wp-content\/uploads\/2024\/01\/eliassenwandkraftschilderijdibondrvsheavy98x.jpg","price_search":"<span class=\"woocommerce-Price-amount amount\"><bdi><span class=\"woocommerce-Price-currencySymbol\">&euro;<\/span>&nbsp;39,60<\/bdi><\/span>","category":"Dibond-Gem\u00e4lde aus Aluminium","global_unique_id":"4260626694656","_links":{"self":[{"href":"https:\/\/www.eliassen.nl\/de\/wp-json\/wp\/v2\/product\/20263","targetHints":{"allow":["GET"]}}],"collection":[{"href":"https:\/\/www.eliassen.nl\/de\/wp-json\/wp\/v2\/product"}],"about":[{"href":"https:\/\/www.eliassen.nl\/de\/wp-json\/wp\/v2\/types\/product"}],"wp:featuredmedia":[{"embeddable":true,"href":"https:\/\/www.eliassen.nl\/de\/wp-json\/wp\/v2\/media\/20245"}],"wp:attachment":[{"href":"https:\/\/www.eliassen.nl\/de\/wp-json\/wp\/v2\/media?parent=20263"}],"wp:term":[{"taxonomy":"product_brand","embeddable":true,"href":"https:\/\/www.eliassen.nl\/de\/wp-json\/wp\/v2\/product_brand?post=20263"},{"taxonomy":"product_cat","embeddable":true,"href":"https:\/\/www.eliassen.nl\/de\/wp-json\/wp\/v2\/product_cat?post=20263"},{"taxonomy":"product_tag","embeddable":true,"href":"https:\/\/www.eliassen.nl\/de\/wp-json\/wp\/v2\/product_tag?post=20263"}],"curies":[{"name":"wp","href":"https:\/\/api.w.org\/{rel}","templated":true}]}}