{"id":202518,"date":"2025-04-15T14:27:21","date_gmt":"2025-04-15T12:27:21","guid":{"rendered":"https:\/\/www.eliassen.nl\/product\/vase-metall-pfingstrose-grau-gold-51cm\/"},"modified":"2025-04-15T14:27:21","modified_gmt":"2025-04-15T12:27:21","slug":"vase-metall-pfingstrose-grau-gold-51cm","status":"publish","type":"product","link":"https:\/\/www.eliassen.nl\/de\/vase-metall-pfingstrose-grau-gold-51cm\/","title":{"rendered":"Vase Metall Pfingstrose grau gold 51cm"},"content":{"rendered":"<p>Sind Sie auf der Suche nach einer sch\u00f6nen und einzigartigen Vase? Entscheiden Sie sich f\u00fcr eine Metallvase! Unsere Auswahl an Metallvasen mit verschiedenen Blumen und Dekorationen in mehreren Farben ist eine fr\u00f6hliche Erg\u00e4nzung f\u00fcr Ihre Einrichtung.<\/p>\n<p>Dieses Pfingstrosenmodell ist in den Farben Grau, Schwarz und Wei\u00df mit goldenen Akzenten gehalten.<\/p>\n<p>Diese T\u00f6pfe und Vasen sind sorgf\u00e4ltig aus Metall impr\u00e4gniert, mit dem sch\u00f6nen Farbtransfer auf der Oberseite.<\/p>\n<p>Trotz der Tatsache, dass diese Topfserie wasserdicht ist, ist es ratsam, einen passenden wasserdichten Topf oder eine Vase in den \u00dcbertopf zu stellen, in dem die frischen Blumen ankommen werden, um Rost zu vermeiden.<br \/>\nBei Seidenblumen ist das nat\u00fcrlich nicht n\u00f6tig.<\/p>\n<p>Seien Sie live dabei, wenn wir diese Serie in unserem Ausstellungsraum zeigen!<\/p>\n<ul>\n<li>Abmessungen: 35x51cm hoch<\/li>\n<li>Nicht f\u00fcr den Au\u00dfenbereich geeignet<\/li>\n<\/ul>\n","protected":false},"excerpt":{"rendered":"<p>\u2713 35x51cm \u2713 Landhausstil \u2713 ca. 5kg<\/p>\n","protected":false},"featured_media":179399,"template":"","meta":{"_acf_changed":false,"_genesis_title":"","_genesis_description":""},"product_brand":[6962],"product_cat":[7032],"product_tag":[],"class_list":{"0":"post-202518","1":"product","2":"type-product","3":"status-publish","4":"has-post-thumbnail","6":"product_brand-countryfield-de","7":"product_cat-metalltoepfe-und-vasen","9":"first","10":"instock","11":"taxable","12":"shipping-taxable","13":"purchasable","14":"product-type-simple"},"acf":[],"meta_all":{"cor_restricted_countries":[],"total_sales":"0"},"meta_all_flat":{"total_sales":"0"},"yoast_head":"<!-- This site is optimized with the Yoast SEO Premium plugin v26.2 (Yoast SEO v27.2) - https:\/\/yoast.com\/product\/yoast-seo-premium-wordpress\/ -->\n<title>Countryfield Vase Metall Pfingstrose grau gold 51cm - Eliassen.nl<\/title>\n<meta name=\"description\" content=\"Suchen Sie eine sch\u00f6ne, einzigartige Vase? Sie werden dieses wundersch\u00f6ne, metallische Modell mit Pfingstrosen in Schwarz, Grau und Wei\u00df mit goldenen Details lieben.\" \/>\n<meta name=\"robots\" content=\"index, follow, max-snippet:-1, max-image-preview:large, max-video-preview:-1\" \/>\n<link rel=\"canonical\" href=\"https:\/\/www.eliassen.nl\/de\/vase-metall-pfingstrose-grau-gold-51cm\/\" \/>\n<meta property=\"og:locale\" content=\"de_DE\" \/>\n<meta property=\"og:type\" content=\"article\" \/>\n<meta property=\"og:title\" content=\"Countryfield Vase Metall Pfingstrose grau gold 51cm - Eliassen.nl\" \/>\n<meta property=\"og:description\" content=\"Suchen Sie eine sch\u00f6ne, einzigartige Vase? Sie werden dieses wundersch\u00f6ne, metallische Modell mit Pfingstrosen in Schwarz, Grau und Wei\u00df mit goldenen Details lieben.\" \/>\n<meta property=\"og:url\" content=\"https:\/\/www.eliassen.nl\/de\/vase-metall-pfingstrose-grau-gold-51cm\/\" \/>\n<meta property=\"og:site_name\" content=\"Eliassen.nl\" \/>\n<meta property=\"article:publisher\" content=\"https:\/\/www.facebook.com\/TuincentrumEliassenAmmerzoden\" \/>\n<meta property=\"og:image\" content=\"https:\/\/www.eliassen.nl\/wp-content\/uploads\/2025\/04\/Vaas-metaal-Pioen-grijs-goud-51cm-Eliassen.nl-817022.jpg\" \/>\n\t<meta property=\"og:image:width\" content=\"2362\" \/>\n\t<meta property=\"og:image:height\" content=\"1575\" \/>\n\t<meta property=\"og:image:type\" content=\"image\/jpeg\" \/>\n<meta name=\"twitter:card\" content=\"summary_large_image\" \/>\n<script type=\"application\/ld+json\" class=\"yoast-schema-graph\">{\"@context\":\"https:\/\/schema.org\",\"@graph\":[{\"@type\":\"WebPage\",\"@id\":\"https:\/\/www.eliassen.nl\/de\/vase-metall-pfingstrose-grau-gold-51cm\/\",\"url\":\"https:\/\/www.eliassen.nl\/de\/vase-metall-pfingstrose-grau-gold-51cm\/\",\"name\":\"Countryfield Vase Metall Pfingstrose grau gold 51cm - Eliassen.nl\",\"isPartOf\":{\"@id\":\"https:\/\/www.eliassen.nl\/de\/#website\"},\"primaryImageOfPage\":{\"@id\":\"https:\/\/www.eliassen.nl\/de\/vase-metall-pfingstrose-grau-gold-51cm\/#primaryimage\"},\"image\":{\"@id\":\"https:\/\/www.eliassen.nl\/de\/vase-metall-pfingstrose-grau-gold-51cm\/#primaryimage\"},\"thumbnailUrl\":\"https:\/\/www.eliassen.nl\/wp-content\/uploads\/2025\/04\/Vaas-metaal-Pioen-grijs-goud-51cm-Eliassen.nl-817022.jpg\",\"datePublished\":\"2025-04-15T12:27:21+00:00\",\"description\":\"Suchen Sie eine sch\u00f6ne, einzigartige Vase? Sie werden dieses wundersch\u00f6ne, metallische Modell mit Pfingstrosen in Schwarz, Grau und Wei\u00df mit goldenen Details lieben.\",\"breadcrumb\":{\"@id\":\"https:\/\/www.eliassen.nl\/de\/vase-metall-pfingstrose-grau-gold-51cm\/#breadcrumb\"},\"inLanguage\":\"de\",\"potentialAction\":[{\"@type\":\"ReadAction\",\"target\":[\"https:\/\/www.eliassen.nl\/de\/vase-metall-pfingstrose-grau-gold-51cm\/\"]}]},{\"@type\":\"ImageObject\",\"inLanguage\":\"de\",\"@id\":\"https:\/\/www.eliassen.nl\/de\/vase-metall-pfingstrose-grau-gold-51cm\/#primaryimage\",\"url\":\"https:\/\/www.eliassen.nl\/wp-content\/uploads\/2025\/04\/Vaas-metaal-Pioen-grijs-goud-51cm-Eliassen.nl-817022.jpg\",\"contentUrl\":\"https:\/\/www.eliassen.nl\/wp-content\/uploads\/2025\/04\/Vaas-metaal-Pioen-grijs-goud-51cm-Eliassen.nl-817022.jpg\",\"width\":2362,\"height\":1575},{\"@type\":\"BreadcrumbList\",\"@id\":\"https:\/\/www.eliassen.nl\/de\/vase-metall-pfingstrose-grau-gold-51cm\/#breadcrumb\",\"itemListElement\":[{\"@type\":\"ListItem\",\"position\":1,\"name\":\"Home\",\"item\":\"https:\/\/www.eliassen.nl\/de\/\"},{\"@type\":\"ListItem\",\"position\":2,\"name\":\"Shop\",\"item\":\"https:\/\/www.eliassen.nl\/de\/shop\/\"},{\"@type\":\"ListItem\",\"position\":3,\"name\":\"Metallt\u00f6pfe und Vasen\",\"item\":\"https:\/\/www.eliassen.nl\/de\/product-categorie\/metalltoepfe-und-vasen\/\"},{\"@type\":\"ListItem\",\"position\":4,\"name\":\"Vase Metall Pfingstrose grau gold 51cm\"}]},{\"@type\":\"WebSite\",\"@id\":\"https:\/\/www.eliassen.nl\/de\/#website\",\"url\":\"https:\/\/www.eliassen.nl\/de\/\",\"name\":\"Eliassen Home & Garden Pleasure\",\"description\":\"\",\"publisher\":{\"@id\":\"https:\/\/www.eliassen.nl\/de\/#organization\"},\"alternateName\":\"Eliassen.nl\",\"potentialAction\":[{\"@type\":\"SearchAction\",\"target\":{\"@type\":\"EntryPoint\",\"urlTemplate\":\"https:\/\/www.eliassen.nl\/de\/?s={search_term_string}\"},\"query-input\":{\"@type\":\"PropertyValueSpecification\",\"valueRequired\":true,\"valueName\":\"search_term_string\"}}],\"inLanguage\":\"de\"},{\"@type\":[\"Organization\",\"Place\"],\"@id\":\"https:\/\/www.eliassen.nl\/de\/#organization\",\"name\":\"Eliassen Home & Garden Pleasure\",\"url\":\"https:\/\/www.eliassen.nl\/de\/\",\"logo\":{\"@id\":\"https:\/\/www.eliassen.nl\/de\/vase-metall-pfingstrose-grau-gold-51cm\/#local-main-organization-logo\"},\"image\":{\"@id\":\"https:\/\/www.eliassen.nl\/de\/vase-metall-pfingstrose-grau-gold-51cm\/#local-main-organization-logo\"},\"sameAs\":[\"https:\/\/www.facebook.com\/TuincentrumEliassenAmmerzoden\",\"https:\/\/www.instagram.com\/eliassenhomeandgarden\/\",\"https:\/\/nl.pinterest.com\/eliassenhomeandgarden\/\",\"https:\/\/www.youtube.com\/@eliassenhomegardenpleasure4558\"],\"telephone\":[],\"openingHoursSpecification\":[{\"@type\":\"OpeningHoursSpecification\",\"dayOfWeek\":[\"Monday\",\"Tuesday\",\"Wednesday\",\"Thursday\",\"Friday\",\"Saturday\",\"Sunday\"],\"opens\":\"09:00\",\"closes\":\"17:00\"}]},{\"@type\":\"ImageObject\",\"inLanguage\":\"de\",\"@id\":\"https:\/\/www.eliassen.nl\/de\/vase-metall-pfingstrose-grau-gold-51cm\/#local-main-organization-logo\",\"url\":\"https:\/\/www.eliassen.nl\/wp-content\/uploads\/2024\/01\/logo_4nd.jpg\",\"contentUrl\":\"https:\/\/www.eliassen.nl\/wp-content\/uploads\/2024\/01\/logo_4nd.jpg\",\"width\":500,\"height\":500,\"caption\":\"Eliassen Home & Garden Pleasure\"}]}<\/script>\n<meta property=\"product:price:amount\" content=\"119.00\" \/>\n<meta property=\"product:price:currency\" content=\"EUR\" \/>\n<meta property=\"og:availability\" content=\"instock\" \/>\n<meta property=\"product:availability\" content=\"instock\" \/>\n<meta property=\"product:retailer_item_id\" content=\"817022\" \/>\n<meta property=\"product:condition\" content=\"new\" \/>\n<!-- \/ Yoast SEO Premium plugin. -->","yoast_head_json":{"title":"Countryfield Vase Metall Pfingstrose grau gold 51cm - Eliassen.nl","description":"Suchen Sie eine sch\u00f6ne, einzigartige Vase? Sie werden dieses wundersch\u00f6ne, metallische Modell mit Pfingstrosen in Schwarz, Grau und Wei\u00df mit goldenen Details lieben.","robots":{"index":"index","follow":"follow","max-snippet":"max-snippet:-1","max-image-preview":"max-image-preview:large","max-video-preview":"max-video-preview:-1"},"canonical":"https:\/\/www.eliassen.nl\/de\/vase-metall-pfingstrose-grau-gold-51cm\/","og_locale":"de_DE","og_type":"article","og_title":"Countryfield Vase Metall Pfingstrose grau gold 51cm - Eliassen.nl","og_description":"Suchen Sie eine sch\u00f6ne, einzigartige Vase? Sie werden dieses wundersch\u00f6ne, metallische Modell mit Pfingstrosen in Schwarz, Grau und Wei\u00df mit goldenen Details lieben.","og_url":"https:\/\/www.eliassen.nl\/de\/vase-metall-pfingstrose-grau-gold-51cm\/","og_site_name":"Eliassen.nl","article_publisher":"https:\/\/www.facebook.com\/TuincentrumEliassenAmmerzoden","og_image":[{"width":2362,"height":1575,"url":"https:\/\/www.eliassen.nl\/wp-content\/uploads\/2025\/04\/Vaas-metaal-Pioen-grijs-goud-51cm-Eliassen.nl-817022.jpg","type":"image\/jpeg"}],"twitter_card":"summary_large_image","schema":{"@context":"https:\/\/schema.org","@graph":[{"@type":"WebPage","@id":"https:\/\/www.eliassen.nl\/de\/vase-metall-pfingstrose-grau-gold-51cm\/","url":"https:\/\/www.eliassen.nl\/de\/vase-metall-pfingstrose-grau-gold-51cm\/","name":"Countryfield Vase Metall Pfingstrose grau gold 51cm - Eliassen.nl","isPartOf":{"@id":"https:\/\/www.eliassen.nl\/de\/#website"},"primaryImageOfPage":{"@id":"https:\/\/www.eliassen.nl\/de\/vase-metall-pfingstrose-grau-gold-51cm\/#primaryimage"},"image":{"@id":"https:\/\/www.eliassen.nl\/de\/vase-metall-pfingstrose-grau-gold-51cm\/#primaryimage"},"thumbnailUrl":"https:\/\/www.eliassen.nl\/wp-content\/uploads\/2025\/04\/Vaas-metaal-Pioen-grijs-goud-51cm-Eliassen.nl-817022.jpg","datePublished":"2025-04-15T12:27:21+00:00","description":"Suchen Sie eine sch\u00f6ne, einzigartige Vase? Sie werden dieses wundersch\u00f6ne, metallische Modell mit Pfingstrosen in Schwarz, Grau und Wei\u00df mit goldenen Details lieben.","breadcrumb":{"@id":"https:\/\/www.eliassen.nl\/de\/vase-metall-pfingstrose-grau-gold-51cm\/#breadcrumb"},"inLanguage":"de","potentialAction":[{"@type":"ReadAction","target":["https:\/\/www.eliassen.nl\/de\/vase-metall-pfingstrose-grau-gold-51cm\/"]}]},{"@type":"ImageObject","inLanguage":"de","@id":"https:\/\/www.eliassen.nl\/de\/vase-metall-pfingstrose-grau-gold-51cm\/#primaryimage","url":"https:\/\/www.eliassen.nl\/wp-content\/uploads\/2025\/04\/Vaas-metaal-Pioen-grijs-goud-51cm-Eliassen.nl-817022.jpg","contentUrl":"https:\/\/www.eliassen.nl\/wp-content\/uploads\/2025\/04\/Vaas-metaal-Pioen-grijs-goud-51cm-Eliassen.nl-817022.jpg","width":2362,"height":1575},{"@type":"BreadcrumbList","@id":"https:\/\/www.eliassen.nl\/de\/vase-metall-pfingstrose-grau-gold-51cm\/#breadcrumb","itemListElement":[{"@type":"ListItem","position":1,"name":"Home","item":"https:\/\/www.eliassen.nl\/de\/"},{"@type":"ListItem","position":2,"name":"Shop","item":"https:\/\/www.eliassen.nl\/de\/shop\/"},{"@type":"ListItem","position":3,"name":"Metallt\u00f6pfe und Vasen","item":"https:\/\/www.eliassen.nl\/de\/product-categorie\/metalltoepfe-und-vasen\/"},{"@type":"ListItem","position":4,"name":"Vase Metall Pfingstrose grau gold 51cm"}]},{"@type":"WebSite","@id":"https:\/\/www.eliassen.nl\/de\/#website","url":"https:\/\/www.eliassen.nl\/de\/","name":"Eliassen Home & Garden Pleasure","description":"","publisher":{"@id":"https:\/\/www.eliassen.nl\/de\/#organization"},"alternateName":"Eliassen.nl","potentialAction":[{"@type":"SearchAction","target":{"@type":"EntryPoint","urlTemplate":"https:\/\/www.eliassen.nl\/de\/?s={search_term_string}"},"query-input":{"@type":"PropertyValueSpecification","valueRequired":true,"valueName":"search_term_string"}}],"inLanguage":"de"},{"@type":["Organization","Place"],"@id":"https:\/\/www.eliassen.nl\/de\/#organization","name":"Eliassen Home & Garden Pleasure","url":"https:\/\/www.eliassen.nl\/de\/","logo":{"@id":"https:\/\/www.eliassen.nl\/de\/vase-metall-pfingstrose-grau-gold-51cm\/#local-main-organization-logo"},"image":{"@id":"https:\/\/www.eliassen.nl\/de\/vase-metall-pfingstrose-grau-gold-51cm\/#local-main-organization-logo"},"sameAs":["https:\/\/www.facebook.com\/TuincentrumEliassenAmmerzoden","https:\/\/www.instagram.com\/eliassenhomeandgarden\/","https:\/\/nl.pinterest.com\/eliassenhomeandgarden\/","https:\/\/www.youtube.com\/@eliassenhomegardenpleasure4558"],"telephone":[],"openingHoursSpecification":[{"@type":"OpeningHoursSpecification","dayOfWeek":["Monday","Tuesday","Wednesday","Thursday","Friday","Saturday","Sunday"],"opens":"09:00","closes":"17:00"}]},{"@type":"ImageObject","inLanguage":"de","@id":"https:\/\/www.eliassen.nl\/de\/vase-metall-pfingstrose-grau-gold-51cm\/#local-main-organization-logo","url":"https:\/\/www.eliassen.nl\/wp-content\/uploads\/2024\/01\/logo_4nd.jpg","contentUrl":"https:\/\/www.eliassen.nl\/wp-content\/uploads\/2024\/01\/logo_4nd.jpg","width":500,"height":500,"caption":"Eliassen Home & Garden Pleasure"}]},"product_price_amount":"119.00","product_price_currency":"EUR","og_availability":"instock","product_availability":"instock","product_retailer_item_id":"817022","product_condition":"new"},"df_price":119,"df_sale_price":"","df_regular_price":119,"df_image_link":"https:\/\/www.eliassen.nl\/wp-content\/uploads\/2025\/04\/Vaas-metaal-Pioen-grijs-goud-51cm-Eliassen.nl-817022-300x200.jpg","image":"https:\/\/www.eliassen.nl\/wp-content\/uploads\/2025\/04\/Vaas-metaal-Pioen-grijs-goud-51cm-Eliassen.nl-817022-150x150.jpg","price_search":"<span class=\"woocommerce-Price-amount amount\"><bdi><span class=\"woocommerce-Price-currencySymbol\">&euro;<\/span>&nbsp;119,00<\/bdi><\/span>","category":"Metallt\u00f6pfe und Vasen ","global_unique_id":"08718318170224","_links":{"self":[{"href":"https:\/\/www.eliassen.nl\/de\/wp-json\/wp\/v2\/product\/202518","targetHints":{"allow":["GET"]}}],"collection":[{"href":"https:\/\/www.eliassen.nl\/de\/wp-json\/wp\/v2\/product"}],"about":[{"href":"https:\/\/www.eliassen.nl\/de\/wp-json\/wp\/v2\/types\/product"}],"wp:featuredmedia":[{"embeddable":true,"href":"https:\/\/www.eliassen.nl\/de\/wp-json\/wp\/v2\/media\/179399"}],"wp:attachment":[{"href":"https:\/\/www.eliassen.nl\/de\/wp-json\/wp\/v2\/media?parent=202518"}],"wp:term":[{"taxonomy":"product_brand","embeddable":true,"href":"https:\/\/www.eliassen.nl\/de\/wp-json\/wp\/v2\/product_brand?post=202518"},{"taxonomy":"product_cat","embeddable":true,"href":"https:\/\/www.eliassen.nl\/de\/wp-json\/wp\/v2\/product_cat?post=202518"},{"taxonomy":"product_tag","embeddable":true,"href":"https:\/\/www.eliassen.nl\/de\/wp-json\/wp\/v2\/product_tag?post=202518"}],"curies":[{"name":"wp","href":"https:\/\/api.w.org\/{rel}","templated":true}]}}