{"id":202372,"date":"2025-12-31T13:50:16","date_gmt":"2025-12-31T12:50:16","guid":{"rendered":"https:\/\/www.eliassen.nl\/product\/glasmalerei-blumenfeld-rundes-blatt-80x120cm-matteffekt\/"},"modified":"2025-12-31T13:50:16","modified_gmt":"2025-12-31T12:50:16","slug":"glasmalerei-blumenfeld-rundes-blatt-80x120cm-matteffekt","status":"publish","type":"product","link":"https:\/\/www.eliassen.nl\/de\/glasmalerei-blumenfeld-rundes-blatt-80x120cm-matteffekt\/","title":{"rendered":"Glasmalerei Blumenfeld rundes Blatt 80x120cm Matteffekt"},"content":{"rendered":"<p data-path-to-node=\"2\">Wundersch\u00f6n in sch\u00f6nen, schlichten Interieurs, aber nat\u00fcrlich auch geschmackvoll f\u00fcr Ihr Zuhause oder B\u00fcro. Diese Glasplatte mit einem superscharfen Bild von  <b data-path-to-node=\"2\" data-index-in-node=\"147\">ein \u00fcppiges und vertr\u00e4umtes Blumenfeld mit runden, geschichteten Bl\u00fctenbl\u00e4ttern in raffinierten Schattierungen von tiefem Marineblau, Altrosa und sanftem Grau, schafft eine heitere und luxuri\u00f6se Atmosph\u00e4re. Die subtilen goldenen Funken und Spritzer auf den Blumen verleihen dem Kunstwerk Dimension und einen Hauch von Mystik.<\/b><\/p>\n<p data-path-to-node=\"3\">Dieses besondere Modell hat einen <b data-path-to-node=\"3\" data-index-in-node=\"43\">matten Effekt<\/b>. Da sich das Bild auf der R\u00fcckseite befindet und das Glas auf der Vorderseite eine matte Oberfl\u00e4che hat, wirkt das Gem\u00e4lde seidenweich, ohne st\u00f6rende Reflexionen durch einfallendes Licht.<\/p>\n<p data-path-to-node=\"4\">Wir haben fast die gesamte Kollektion dieser Gem\u00e4ldesammlung in unserem Gesch\u00e4ft vorr\u00e4tig, was in den Niederlanden sehr einzigartig ist!<\/p>\n<ul data-path-to-node=\"5\">\n<li>\n<p data-path-to-node=\"5,0,0\"><b data-path-to-node=\"5,0,0\" data-index-in-node=\"0\">Gr\u00f6\u00dfe:<\/b> 80x120cm<\/p>\n<\/li>\n<li>\n<p data-path-to-node=\"5,1,0\"><b data-path-to-node=\"5,1,0\" data-index-in-node=\"0\">Schnelle Lieferung<\/b><\/p>\n<\/li>\n<li>\n<p data-path-to-node=\"5,2,0\"><b data-path-to-node=\"5,2,0\" data-index-in-node=\"0\">Praktisch unzerbrechlich<\/b><\/p>\n<\/li>\n<li>\n<p data-path-to-node=\"5,3,0\"><b data-path-to-node=\"5,3,0\" data-index-in-node=\"0\">Superscharfes Bild<\/b><\/p>\n<\/li>\n<li>\n<p data-path-to-node=\"5,4,0\"><b data-path-to-node=\"5,4,0\" data-index-in-node=\"0\">4 mm starkes, geh\u00e4rtetes Glas mit Matteffekt<\/b><\/p>\n<\/li>\n<li>\n<p data-path-to-node=\"5,5,0\"><b data-path-to-node=\"5,5,0\" data-index-in-node=\"0\">Praktisch unempfindlich gegen Kratzer<\/b><\/p>\n<\/li>\n<li>\n<p data-path-to-node=\"5,6,0\"><b data-path-to-node=\"5,6,0\" data-index-in-node=\"0\">Einfaches Aufh\u00e4ngen mit 2 Haken<\/b><\/p>\n<\/li>\n<\/ul>\n","protected":false},"excerpt":{"rendered":"<p data-path-to-node=\"8\">Dieses stimmungsvolle 80x120cm gro\u00dfe Glasgem\u00e4lde zeigt ein kunstvolles Blumenfeld mit abgerundeten Bl\u00e4ttern in tiefen Blau-, Rosa- und Graut\u00f6nen, die mit eleganten Goldakzenten verziert sind. Dank der speziellen matten Oberfl\u00e4che des 4 mm dicken geh\u00e4rteten Glases genie\u00dfen Sie eine sch\u00f6ne Tiefenwirkung ohne st\u00f6rende Reflexionen. Ein stilvolles und beruhigendes Statement-St\u00fcck, das perfekt in moderne und gehobene Innenr\u00e4ume passt.<\/p>\n","protected":false},"featured_media":202018,"template":"","meta":{"_acf_changed":false,"_genesis_title":"","_genesis_description":""},"product_brand":[6940],"product_cat":[410,455,443],"product_tag":[],"class_list":{"0":"post-202372","1":"product","2":"type-product","3":"status-publish","4":"has-post-thumbnail","6":"product_brand-ter-halle-de","7":"product_cat-gemaelde","8":"product_cat-glasmalerei-im-format-80x120cm","9":"product_cat-glasmalereien","11":"first","12":"instock","13":"taxable","14":"shipping-taxable","15":"purchasable","16":"product-type-simple"},"acf":[],"meta_all":{"cor_restricted_countries":[],"total_sales":"0"},"meta_all_flat":{"total_sales":"0"},"yoast_head":"<!-- This site is optimized with the Yoast SEO Premium plugin v26.2 (Yoast SEO v27.2) - https:\/\/yoast.com\/product\/yoast-seo-premium-wordpress\/ -->\n<title>Ter Halle Glasmalerei Blumenfeld rundes Blatt 80x120cm Matteffekt - Eliassen.nl<\/title>\n<meta name=\"description\" content=\"Kaufen Sie dieses Milchglasbild Flower Field (80x120cm) von Eliassen. Ein vertr\u00e4umtes Bild mit runden Bl\u00e4ttern in Blau, Rosa und Gold auf entspiegeltem Glas. Wunderbar!\" \/>\n<meta name=\"robots\" content=\"index, follow, max-snippet:-1, max-image-preview:large, max-video-preview:-1\" \/>\n<link rel=\"canonical\" href=\"https:\/\/www.eliassen.nl\/de\/glasmalerei-blumenfeld-rundes-blatt-80x120cm-matteffekt\/\" \/>\n<meta property=\"og:locale\" content=\"de_DE\" \/>\n<meta property=\"og:type\" content=\"article\" \/>\n<meta property=\"og:title\" content=\"Ter Halle Glasmalerei Blumenfeld rundes Blatt 80x120cm Matteffekt - Eliassen.nl\" \/>\n<meta property=\"og:description\" content=\"Kaufen Sie dieses Milchglasbild Flower Field (80x120cm) von Eliassen. Ein vertr\u00e4umtes Bild mit runden Bl\u00e4ttern in Blau, Rosa und Gold auf entspiegeltem Glas. Wunderbar!\" \/>\n<meta property=\"og:url\" content=\"https:\/\/www.eliassen.nl\/de\/glasmalerei-blumenfeld-rundes-blatt-80x120cm-matteffekt\/\" \/>\n<meta property=\"og:site_name\" content=\"Eliassen.nl\" \/>\n<meta property=\"article:publisher\" content=\"https:\/\/www.facebook.com\/TuincentrumEliassenAmmerzoden\" \/>\n<meta property=\"og:image\" content=\"https:\/\/www.eliassen.nl\/wp-content\/uploads\/2025\/12\/glasschilderij-bloemenveld-rond-blad-Eliassen.nl_.jpg\" \/>\n\t<meta property=\"og:image:width\" content=\"896\" \/>\n\t<meta property=\"og:image:height\" content=\"1344\" \/>\n\t<meta property=\"og:image:type\" content=\"image\/jpeg\" \/>\n<meta name=\"twitter:card\" content=\"summary_large_image\" \/>\n<script type=\"application\/ld+json\" class=\"yoast-schema-graph\">{\"@context\":\"https:\/\/schema.org\",\"@graph\":[{\"@type\":\"WebPage\",\"@id\":\"https:\/\/www.eliassen.nl\/de\/glasmalerei-blumenfeld-rundes-blatt-80x120cm-matteffekt\/\",\"url\":\"https:\/\/www.eliassen.nl\/de\/glasmalerei-blumenfeld-rundes-blatt-80x120cm-matteffekt\/\",\"name\":\"Ter Halle Glasmalerei Blumenfeld rundes Blatt 80x120cm Matteffekt - Eliassen.nl\",\"isPartOf\":{\"@id\":\"https:\/\/www.eliassen.nl\/de\/#website\"},\"primaryImageOfPage\":{\"@id\":\"https:\/\/www.eliassen.nl\/de\/glasmalerei-blumenfeld-rundes-blatt-80x120cm-matteffekt\/#primaryimage\"},\"image\":{\"@id\":\"https:\/\/www.eliassen.nl\/de\/glasmalerei-blumenfeld-rundes-blatt-80x120cm-matteffekt\/#primaryimage\"},\"thumbnailUrl\":\"https:\/\/www.eliassen.nl\/wp-content\/uploads\/2025\/12\/glasschilderij-bloemenveld-rond-blad-Eliassen.nl_.jpg\",\"datePublished\":\"2025-12-31T12:50:16+00:00\",\"description\":\"Kaufen Sie dieses Milchglasbild Flower Field (80x120cm) von Eliassen. Ein vertr\u00e4umtes Bild mit runden Bl\u00e4ttern in Blau, Rosa und Gold auf entspiegeltem Glas. Wunderbar!\",\"breadcrumb\":{\"@id\":\"https:\/\/www.eliassen.nl\/de\/glasmalerei-blumenfeld-rundes-blatt-80x120cm-matteffekt\/#breadcrumb\"},\"inLanguage\":\"de\",\"potentialAction\":[{\"@type\":\"ReadAction\",\"target\":[\"https:\/\/www.eliassen.nl\/de\/glasmalerei-blumenfeld-rundes-blatt-80x120cm-matteffekt\/\"]}]},{\"@type\":\"ImageObject\",\"inLanguage\":\"de\",\"@id\":\"https:\/\/www.eliassen.nl\/de\/glasmalerei-blumenfeld-rundes-blatt-80x120cm-matteffekt\/#primaryimage\",\"url\":\"https:\/\/www.eliassen.nl\/wp-content\/uploads\/2025\/12\/glasschilderij-bloemenveld-rond-blad-Eliassen.nl_.jpg\",\"contentUrl\":\"https:\/\/www.eliassen.nl\/wp-content\/uploads\/2025\/12\/glasschilderij-bloemenveld-rond-blad-Eliassen.nl_.jpg\",\"width\":896,\"height\":1344,\"caption\":\"Glasmalerei Blumenfeld um Blatt - Eliassen.nl\"},{\"@type\":\"BreadcrumbList\",\"@id\":\"https:\/\/www.eliassen.nl\/de\/glasmalerei-blumenfeld-rundes-blatt-80x120cm-matteffekt\/#breadcrumb\",\"itemListElement\":[{\"@type\":\"ListItem\",\"position\":1,\"name\":\"Home\",\"item\":\"https:\/\/www.eliassen.nl\/de\/\"},{\"@type\":\"ListItem\",\"position\":2,\"name\":\"Shop\",\"item\":\"https:\/\/www.eliassen.nl\/de\/shop\/\"},{\"@type\":\"ListItem\",\"position\":3,\"name\":\"Glasmalereien\",\"item\":\"https:\/\/www.eliassen.nl\/de\/gemaelde\/glasmalereien\/\"},{\"@type\":\"ListItem\",\"position\":4,\"name\":\"Glasmalerei Blumenfeld rundes Blatt 80x120cm Matteffekt\"}]},{\"@type\":\"WebSite\",\"@id\":\"https:\/\/www.eliassen.nl\/de\/#website\",\"url\":\"https:\/\/www.eliassen.nl\/de\/\",\"name\":\"Eliassen Home & Garden Pleasure\",\"description\":\"\",\"publisher\":{\"@id\":\"https:\/\/www.eliassen.nl\/de\/#organization\"},\"alternateName\":\"Eliassen.nl\",\"potentialAction\":[{\"@type\":\"SearchAction\",\"target\":{\"@type\":\"EntryPoint\",\"urlTemplate\":\"https:\/\/www.eliassen.nl\/de\/?s={search_term_string}\"},\"query-input\":{\"@type\":\"PropertyValueSpecification\",\"valueRequired\":true,\"valueName\":\"search_term_string\"}}],\"inLanguage\":\"de\"},{\"@type\":[\"Organization\",\"Place\"],\"@id\":\"https:\/\/www.eliassen.nl\/de\/#organization\",\"name\":\"Eliassen Home & Garden Pleasure\",\"url\":\"https:\/\/www.eliassen.nl\/de\/\",\"logo\":{\"@id\":\"https:\/\/www.eliassen.nl\/de\/glasmalerei-blumenfeld-rundes-blatt-80x120cm-matteffekt\/#local-main-organization-logo\"},\"image\":{\"@id\":\"https:\/\/www.eliassen.nl\/de\/glasmalerei-blumenfeld-rundes-blatt-80x120cm-matteffekt\/#local-main-organization-logo\"},\"sameAs\":[\"https:\/\/www.facebook.com\/TuincentrumEliassenAmmerzoden\",\"https:\/\/www.instagram.com\/eliassenhomeandgarden\/\",\"https:\/\/nl.pinterest.com\/eliassenhomeandgarden\/\",\"https:\/\/www.youtube.com\/@eliassenhomegardenpleasure4558\"],\"telephone\":[],\"openingHoursSpecification\":[{\"@type\":\"OpeningHoursSpecification\",\"dayOfWeek\":[\"Monday\",\"Tuesday\",\"Wednesday\",\"Thursday\",\"Friday\",\"Saturday\",\"Sunday\"],\"opens\":\"09:00\",\"closes\":\"17:00\"}]},{\"@type\":\"ImageObject\",\"inLanguage\":\"de\",\"@id\":\"https:\/\/www.eliassen.nl\/de\/glasmalerei-blumenfeld-rundes-blatt-80x120cm-matteffekt\/#local-main-organization-logo\",\"url\":\"https:\/\/www.eliassen.nl\/wp-content\/uploads\/2024\/01\/logo_4nd.jpg\",\"contentUrl\":\"https:\/\/www.eliassen.nl\/wp-content\/uploads\/2024\/01\/logo_4nd.jpg\",\"width\":500,\"height\":500,\"caption\":\"Eliassen Home & Garden Pleasure\"}]}<\/script>\n<meta property=\"product:price:amount\" content=\"229.00\" \/>\n<meta property=\"product:price:currency\" content=\"EUR\" \/>\n<meta property=\"og:availability\" content=\"instock\" \/>\n<meta property=\"product:availability\" content=\"instock\" \/>\n<meta property=\"product:retailer_item_id\" content=\"Glas0801203d-048\" \/>\n<meta property=\"product:condition\" content=\"new\" \/>\n<!-- \/ Yoast SEO Premium plugin. -->","yoast_head_json":{"title":"Ter Halle Glasmalerei Blumenfeld rundes Blatt 80x120cm Matteffekt - Eliassen.nl","description":"Kaufen Sie dieses Milchglasbild Flower Field (80x120cm) von Eliassen. Ein vertr\u00e4umtes Bild mit runden Bl\u00e4ttern in Blau, Rosa und Gold auf entspiegeltem Glas. Wunderbar!","robots":{"index":"index","follow":"follow","max-snippet":"max-snippet:-1","max-image-preview":"max-image-preview:large","max-video-preview":"max-video-preview:-1"},"canonical":"https:\/\/www.eliassen.nl\/de\/glasmalerei-blumenfeld-rundes-blatt-80x120cm-matteffekt\/","og_locale":"de_DE","og_type":"article","og_title":"Ter Halle Glasmalerei Blumenfeld rundes Blatt 80x120cm Matteffekt - Eliassen.nl","og_description":"Kaufen Sie dieses Milchglasbild Flower Field (80x120cm) von Eliassen. Ein vertr\u00e4umtes Bild mit runden Bl\u00e4ttern in Blau, Rosa und Gold auf entspiegeltem Glas. Wunderbar!","og_url":"https:\/\/www.eliassen.nl\/de\/glasmalerei-blumenfeld-rundes-blatt-80x120cm-matteffekt\/","og_site_name":"Eliassen.nl","article_publisher":"https:\/\/www.facebook.com\/TuincentrumEliassenAmmerzoden","og_image":[{"width":896,"height":1344,"url":"https:\/\/www.eliassen.nl\/wp-content\/uploads\/2025\/12\/glasschilderij-bloemenveld-rond-blad-Eliassen.nl_.jpg","type":"image\/jpeg"}],"twitter_card":"summary_large_image","schema":{"@context":"https:\/\/schema.org","@graph":[{"@type":"WebPage","@id":"https:\/\/www.eliassen.nl\/de\/glasmalerei-blumenfeld-rundes-blatt-80x120cm-matteffekt\/","url":"https:\/\/www.eliassen.nl\/de\/glasmalerei-blumenfeld-rundes-blatt-80x120cm-matteffekt\/","name":"Ter Halle Glasmalerei Blumenfeld rundes Blatt 80x120cm Matteffekt - Eliassen.nl","isPartOf":{"@id":"https:\/\/www.eliassen.nl\/de\/#website"},"primaryImageOfPage":{"@id":"https:\/\/www.eliassen.nl\/de\/glasmalerei-blumenfeld-rundes-blatt-80x120cm-matteffekt\/#primaryimage"},"image":{"@id":"https:\/\/www.eliassen.nl\/de\/glasmalerei-blumenfeld-rundes-blatt-80x120cm-matteffekt\/#primaryimage"},"thumbnailUrl":"https:\/\/www.eliassen.nl\/wp-content\/uploads\/2025\/12\/glasschilderij-bloemenveld-rond-blad-Eliassen.nl_.jpg","datePublished":"2025-12-31T12:50:16+00:00","description":"Kaufen Sie dieses Milchglasbild Flower Field (80x120cm) von Eliassen. Ein vertr\u00e4umtes Bild mit runden Bl\u00e4ttern in Blau, Rosa und Gold auf entspiegeltem Glas. Wunderbar!","breadcrumb":{"@id":"https:\/\/www.eliassen.nl\/de\/glasmalerei-blumenfeld-rundes-blatt-80x120cm-matteffekt\/#breadcrumb"},"inLanguage":"de","potentialAction":[{"@type":"ReadAction","target":["https:\/\/www.eliassen.nl\/de\/glasmalerei-blumenfeld-rundes-blatt-80x120cm-matteffekt\/"]}]},{"@type":"ImageObject","inLanguage":"de","@id":"https:\/\/www.eliassen.nl\/de\/glasmalerei-blumenfeld-rundes-blatt-80x120cm-matteffekt\/#primaryimage","url":"https:\/\/www.eliassen.nl\/wp-content\/uploads\/2025\/12\/glasschilderij-bloemenveld-rond-blad-Eliassen.nl_.jpg","contentUrl":"https:\/\/www.eliassen.nl\/wp-content\/uploads\/2025\/12\/glasschilderij-bloemenveld-rond-blad-Eliassen.nl_.jpg","width":896,"height":1344,"caption":"Glasmalerei Blumenfeld um Blatt - Eliassen.nl"},{"@type":"BreadcrumbList","@id":"https:\/\/www.eliassen.nl\/de\/glasmalerei-blumenfeld-rundes-blatt-80x120cm-matteffekt\/#breadcrumb","itemListElement":[{"@type":"ListItem","position":1,"name":"Home","item":"https:\/\/www.eliassen.nl\/de\/"},{"@type":"ListItem","position":2,"name":"Shop","item":"https:\/\/www.eliassen.nl\/de\/shop\/"},{"@type":"ListItem","position":3,"name":"Glasmalereien","item":"https:\/\/www.eliassen.nl\/de\/gemaelde\/glasmalereien\/"},{"@type":"ListItem","position":4,"name":"Glasmalerei Blumenfeld rundes Blatt 80x120cm Matteffekt"}]},{"@type":"WebSite","@id":"https:\/\/www.eliassen.nl\/de\/#website","url":"https:\/\/www.eliassen.nl\/de\/","name":"Eliassen Home & Garden Pleasure","description":"","publisher":{"@id":"https:\/\/www.eliassen.nl\/de\/#organization"},"alternateName":"Eliassen.nl","potentialAction":[{"@type":"SearchAction","target":{"@type":"EntryPoint","urlTemplate":"https:\/\/www.eliassen.nl\/de\/?s={search_term_string}"},"query-input":{"@type":"PropertyValueSpecification","valueRequired":true,"valueName":"search_term_string"}}],"inLanguage":"de"},{"@type":["Organization","Place"],"@id":"https:\/\/www.eliassen.nl\/de\/#organization","name":"Eliassen Home & Garden Pleasure","url":"https:\/\/www.eliassen.nl\/de\/","logo":{"@id":"https:\/\/www.eliassen.nl\/de\/glasmalerei-blumenfeld-rundes-blatt-80x120cm-matteffekt\/#local-main-organization-logo"},"image":{"@id":"https:\/\/www.eliassen.nl\/de\/glasmalerei-blumenfeld-rundes-blatt-80x120cm-matteffekt\/#local-main-organization-logo"},"sameAs":["https:\/\/www.facebook.com\/TuincentrumEliassenAmmerzoden","https:\/\/www.instagram.com\/eliassenhomeandgarden\/","https:\/\/nl.pinterest.com\/eliassenhomeandgarden\/","https:\/\/www.youtube.com\/@eliassenhomegardenpleasure4558"],"telephone":[],"openingHoursSpecification":[{"@type":"OpeningHoursSpecification","dayOfWeek":["Monday","Tuesday","Wednesday","Thursday","Friday","Saturday","Sunday"],"opens":"09:00","closes":"17:00"}]},{"@type":"ImageObject","inLanguage":"de","@id":"https:\/\/www.eliassen.nl\/de\/glasmalerei-blumenfeld-rundes-blatt-80x120cm-matteffekt\/#local-main-organization-logo","url":"https:\/\/www.eliassen.nl\/wp-content\/uploads\/2024\/01\/logo_4nd.jpg","contentUrl":"https:\/\/www.eliassen.nl\/wp-content\/uploads\/2024\/01\/logo_4nd.jpg","width":500,"height":500,"caption":"Eliassen Home & Garden Pleasure"}]},"product_price_amount":"229.00","product_price_currency":"EUR","og_availability":"instock","product_availability":"instock","product_retailer_item_id":"Glas0801203d-048","product_condition":"new"},"df_price":229,"df_sale_price":"","df_regular_price":229,"df_image_link":"https:\/\/www.eliassen.nl\/wp-content\/uploads\/2025\/12\/glasschilderij-bloemenveld-rond-blad-Eliassen.nl_-200x300.jpg","image":"https:\/\/www.eliassen.nl\/wp-content\/uploads\/2025\/12\/glasschilderij-bloemenveld-rond-blad-Eliassen.nl_-150x150.jpg","price_search":"<span class=\"woocommerce-Price-amount amount\"><bdi><span class=\"woocommerce-Price-currencySymbol\">&euro;<\/span>&nbsp;229,00<\/bdi><\/span>","category":"Gem\u00e4lde","global_unique_id":"8714688621342","_links":{"self":[{"href":"https:\/\/www.eliassen.nl\/de\/wp-json\/wp\/v2\/product\/202372","targetHints":{"allow":["GET"]}}],"collection":[{"href":"https:\/\/www.eliassen.nl\/de\/wp-json\/wp\/v2\/product"}],"about":[{"href":"https:\/\/www.eliassen.nl\/de\/wp-json\/wp\/v2\/types\/product"}],"wp:featuredmedia":[{"embeddable":true,"href":"https:\/\/www.eliassen.nl\/de\/wp-json\/wp\/v2\/media\/202018"}],"wp:attachment":[{"href":"https:\/\/www.eliassen.nl\/de\/wp-json\/wp\/v2\/media?parent=202372"}],"wp:term":[{"taxonomy":"product_brand","embeddable":true,"href":"https:\/\/www.eliassen.nl\/de\/wp-json\/wp\/v2\/product_brand?post=202372"},{"taxonomy":"product_cat","embeddable":true,"href":"https:\/\/www.eliassen.nl\/de\/wp-json\/wp\/v2\/product_cat?post=202372"},{"taxonomy":"product_tag","embeddable":true,"href":"https:\/\/www.eliassen.nl\/de\/wp-json\/wp\/v2\/product_tag?post=202372"}],"curies":[{"name":"wp","href":"https:\/\/api.w.org\/{rel}","templated":true}]}}