{"id":202363,"date":"2025-12-31T12:36:18","date_gmt":"2025-12-31T11:36:18","guid":{"rendered":"https:\/\/www.eliassen.nl\/product\/glasmalerei-schoene-frau-in-blau-und-gold-80x120cm\/"},"modified":"2025-12-31T12:36:18","modified_gmt":"2025-12-31T11:36:18","slug":"glasmalerei-schoene-frau-in-blau-und-gold-80x120cm","status":"publish","type":"product","link":"https:\/\/www.eliassen.nl\/de\/glasmalerei-schoene-frau-in-blau-und-gold-80x120cm\/","title":{"rendered":"Glasmalerei Sch\u00f6ne Frau in Blau und Gold 80x120cm"},"content":{"rendered":"<p data-path-to-node=\"2\">Wundersch\u00f6n in sch\u00f6nen, schlichten Interieurs, aber nat\u00fcrlich auch geschmackvoll f\u00fcr Ihr Zuhause oder B\u00fcro. Diese Glasplatte mit einem superscharfen Bild von  <b data-path-to-node=\"2\" data-index-in-node=\"147\">eine heitere Frau mit einem beeindruckenden Kopfschmuck aus gro\u00dfen, tiefblauen Blumen und zarten goldenen Zweigen, bildet einen mystischen und k\u00fcnstlerischen Mittelpunkt an Ihrer Wand. Die leuchtenden T\u00fcrkist\u00f6ne der Bl\u00e4tter harmonieren wunderbar mit den goldgl\u00e4nzenden Details und der weichen, warmen Beleuchtung des Gesichts.<\/b><\/p>\n<p data-path-to-node=\"3\">Da sich das Bild auf der R\u00fcckseite befindet, ergibt das Glas auf der Vorderseite einen beeindruckenden Effekt. Wir haben fast die gesamte Kollektion dieser Gem\u00e4ldesammlung in unserem Gesch\u00e4ft vorr\u00e4tig, was in den Niederlanden sehr einzigartig ist!<\/p>\n<ul data-path-to-node=\"4\">\n<li>\n<p data-path-to-node=\"4,0,0\"><b data-path-to-node=\"4,0,0\" data-index-in-node=\"0\">Gr\u00f6\u00dfe:<\/b> 80x120cm<\/p>\n<\/li>\n<li>\n<p data-path-to-node=\"4,1,0\"><b data-path-to-node=\"4,1,0\" data-index-in-node=\"0\">Schnelle Lieferung<\/b><\/p>\n<\/li>\n<li>\n<p data-path-to-node=\"4,2,0\"><b data-path-to-node=\"4,2,0\" data-index-in-node=\"0\">Praktisch unzerbrechlich<\/b><\/p>\n<\/li>\n<li>\n<p data-path-to-node=\"4,3,0\"><b data-path-to-node=\"4,3,0\" data-index-in-node=\"0\">Superscharfes Bild<\/b><\/p>\n<\/li>\n<li>\n<p data-path-to-node=\"4,4,0\"><b data-path-to-node=\"4,4,0\" data-index-in-node=\"0\">4 mm dickes geh\u00e4rtetes Glas<\/b><\/p>\n<\/li>\n<li>\n<p data-path-to-node=\"4,5,0\"><b data-path-to-node=\"4,5,0\" data-index-in-node=\"0\">Praktisch unempfindlich gegen Kratzer<\/b><\/p>\n<\/li>\n<li>\n<p data-path-to-node=\"4,6,0\"><b data-path-to-node=\"4,6,0\" data-index-in-node=\"0\">Einfaches Aufh\u00e4ngen mit 2 Haken<\/b><\/p>\n<\/li>\n<\/ul>\n","protected":false},"excerpt":{"rendered":"<p data-path-to-node=\"7\">Dieses beeindruckende 80x120cm gro\u00dfe Glasgem\u00e4lde zeigt ein kunstvolles Portr\u00e4t einer Frau, die einen spektakul\u00e4ren Kopfschmuck aus tiefblauen Blumen und goldenen Bl\u00e4ttern tr\u00e4gt. Der Kontrast zwischen den leuchtenden T\u00fcrkist\u00f6nen und den warmen goldenen Details auf dem glatten Glas schafft eine luxuri\u00f6se, moderne Atmosph\u00e4re in Ihrer Einrichtung. Das Kunstwerk ist aus hochwertigem, 4 mm dickem, geh\u00e4rtetem Glas gefertigt, das eine sch\u00f6ne Tiefenwirkung und eine langlebige Oberfl\u00e4che bietet.<\/p>\n","protected":false},"featured_media":202006,"template":"","meta":{"_acf_changed":false,"_genesis_title":"","_genesis_description":""},"product_brand":[6940],"product_cat":[410,455,443],"product_tag":[],"class_list":{"0":"post-202363","1":"product","2":"type-product","3":"status-publish","4":"has-post-thumbnail","6":"product_brand-ter-halle-de","7":"product_cat-gemaelde","8":"product_cat-glasmalerei-im-format-80x120cm","9":"product_cat-glasmalereien","11":"first","12":"instock","13":"taxable","14":"shipping-taxable","15":"purchasable","16":"product-type-simple"},"acf":[],"meta_all":{"cor_restricted_countries":[],"total_sales":"1"},"meta_all_flat":{"total_sales":"1"},"yoast_head":"<!-- This site is optimized with the Yoast SEO Premium plugin v26.2 (Yoast SEO v27.2) - https:\/\/yoast.com\/product\/yoast-seo-premium-wordpress\/ -->\n<title>Ter Halle Glasmalerei Sch\u00f6ne Frau in Blau und Gold 80x120cm - Eliassen.nl<\/title>\n<meta name=\"description\" content=\"Versch\u00f6nern Sie Ihr Interieur mit diesem Glasgem\u00e4lde einer Frau in Blau und Gold (80x120cm). Hochwertiges geh\u00e4rtetes Glas mit einem scharfen, k\u00fcnstlerischen Druck bei Eliassen.\" \/>\n<meta name=\"robots\" content=\"index, follow, max-snippet:-1, max-image-preview:large, max-video-preview:-1\" \/>\n<link rel=\"canonical\" href=\"https:\/\/www.eliassen.nl\/de\/glasmalerei-schoene-frau-in-blau-und-gold-80x120cm\/\" \/>\n<meta property=\"og:locale\" content=\"de_DE\" \/>\n<meta property=\"og:type\" content=\"article\" \/>\n<meta property=\"og:title\" content=\"Ter Halle Glasmalerei Sch\u00f6ne Frau in Blau und Gold 80x120cm - Eliassen.nl\" \/>\n<meta property=\"og:description\" content=\"Versch\u00f6nern Sie Ihr Interieur mit diesem Glasgem\u00e4lde einer Frau in Blau und Gold (80x120cm). Hochwertiges geh\u00e4rtetes Glas mit einem scharfen, k\u00fcnstlerischen Druck bei Eliassen.\" \/>\n<meta property=\"og:url\" content=\"https:\/\/www.eliassen.nl\/de\/glasmalerei-schoene-frau-in-blau-und-gold-80x120cm\/\" \/>\n<meta property=\"og:site_name\" content=\"Eliassen.nl\" \/>\n<meta property=\"article:publisher\" content=\"https:\/\/www.facebook.com\/TuincentrumEliassenAmmerzoden\" \/>\n<meta property=\"og:image\" content=\"https:\/\/www.eliassen.nl\/wp-content\/uploads\/2025\/12\/glasschilderij-mooie-vrouw-in-goud-en-blauw-Eliassen.nl_.jpg\" \/>\n\t<meta property=\"og:image:width\" content=\"945\" \/>\n\t<meta property=\"og:image:height\" content=\"1417\" \/>\n\t<meta property=\"og:image:type\" content=\"image\/jpeg\" \/>\n<meta name=\"twitter:card\" content=\"summary_large_image\" \/>\n<script type=\"application\/ld+json\" class=\"yoast-schema-graph\">{\"@context\":\"https:\/\/schema.org\",\"@graph\":[{\"@type\":\"WebPage\",\"@id\":\"https:\/\/www.eliassen.nl\/de\/glasmalerei-schoene-frau-in-blau-und-gold-80x120cm\/\",\"url\":\"https:\/\/www.eliassen.nl\/de\/glasmalerei-schoene-frau-in-blau-und-gold-80x120cm\/\",\"name\":\"Ter Halle Glasmalerei Sch\u00f6ne Frau in Blau und Gold 80x120cm - Eliassen.nl\",\"isPartOf\":{\"@id\":\"https:\/\/www.eliassen.nl\/de\/#website\"},\"primaryImageOfPage\":{\"@id\":\"https:\/\/www.eliassen.nl\/de\/glasmalerei-schoene-frau-in-blau-und-gold-80x120cm\/#primaryimage\"},\"image\":{\"@id\":\"https:\/\/www.eliassen.nl\/de\/glasmalerei-schoene-frau-in-blau-und-gold-80x120cm\/#primaryimage\"},\"thumbnailUrl\":\"https:\/\/www.eliassen.nl\/wp-content\/uploads\/2025\/12\/glasschilderij-mooie-vrouw-in-goud-en-blauw-Eliassen.nl_.jpg\",\"datePublished\":\"2025-12-31T11:36:18+00:00\",\"description\":\"Versch\u00f6nern Sie Ihr Interieur mit diesem Glasgem\u00e4lde einer Frau in Blau und Gold (80x120cm). Hochwertiges geh\u00e4rtetes Glas mit einem scharfen, k\u00fcnstlerischen Druck bei Eliassen.\",\"breadcrumb\":{\"@id\":\"https:\/\/www.eliassen.nl\/de\/glasmalerei-schoene-frau-in-blau-und-gold-80x120cm\/#breadcrumb\"},\"inLanguage\":\"de\",\"potentialAction\":[{\"@type\":\"ReadAction\",\"target\":[\"https:\/\/www.eliassen.nl\/de\/glasmalerei-schoene-frau-in-blau-und-gold-80x120cm\/\"]}]},{\"@type\":\"ImageObject\",\"inLanguage\":\"de\",\"@id\":\"https:\/\/www.eliassen.nl\/de\/glasmalerei-schoene-frau-in-blau-und-gold-80x120cm\/#primaryimage\",\"url\":\"https:\/\/www.eliassen.nl\/wp-content\/uploads\/2025\/12\/glasschilderij-mooie-vrouw-in-goud-en-blauw-Eliassen.nl_.jpg\",\"contentUrl\":\"https:\/\/www.eliassen.nl\/wp-content\/uploads\/2025\/12\/glasschilderij-mooie-vrouw-in-goud-en-blauw-Eliassen.nl_.jpg\",\"width\":945,\"height\":1417,\"caption\":\"Glasmalerei sch\u00f6ne Frau in Gold und Blau - Eliassen.de\"},{\"@type\":\"BreadcrumbList\",\"@id\":\"https:\/\/www.eliassen.nl\/de\/glasmalerei-schoene-frau-in-blau-und-gold-80x120cm\/#breadcrumb\",\"itemListElement\":[{\"@type\":\"ListItem\",\"position\":1,\"name\":\"Home\",\"item\":\"https:\/\/www.eliassen.nl\/de\/\"},{\"@type\":\"ListItem\",\"position\":2,\"name\":\"Shop\",\"item\":\"https:\/\/www.eliassen.nl\/de\/shop\/\"},{\"@type\":\"ListItem\",\"position\":3,\"name\":\"Glasmalereien\",\"item\":\"https:\/\/www.eliassen.nl\/de\/gemaelde\/glasmalereien\/\"},{\"@type\":\"ListItem\",\"position\":4,\"name\":\"Glasmalerei Sch\u00f6ne Frau in Blau und Gold 80x120cm\"}]},{\"@type\":\"WebSite\",\"@id\":\"https:\/\/www.eliassen.nl\/de\/#website\",\"url\":\"https:\/\/www.eliassen.nl\/de\/\",\"name\":\"Eliassen Home & Garden Pleasure\",\"description\":\"\",\"publisher\":{\"@id\":\"https:\/\/www.eliassen.nl\/de\/#organization\"},\"alternateName\":\"Eliassen.nl\",\"potentialAction\":[{\"@type\":\"SearchAction\",\"target\":{\"@type\":\"EntryPoint\",\"urlTemplate\":\"https:\/\/www.eliassen.nl\/de\/?s={search_term_string}\"},\"query-input\":{\"@type\":\"PropertyValueSpecification\",\"valueRequired\":true,\"valueName\":\"search_term_string\"}}],\"inLanguage\":\"de\"},{\"@type\":[\"Organization\",\"Place\"],\"@id\":\"https:\/\/www.eliassen.nl\/de\/#organization\",\"name\":\"Eliassen Home & Garden Pleasure\",\"url\":\"https:\/\/www.eliassen.nl\/de\/\",\"logo\":{\"@id\":\"https:\/\/www.eliassen.nl\/de\/glasmalerei-schoene-frau-in-blau-und-gold-80x120cm\/#local-main-organization-logo\"},\"image\":{\"@id\":\"https:\/\/www.eliassen.nl\/de\/glasmalerei-schoene-frau-in-blau-und-gold-80x120cm\/#local-main-organization-logo\"},\"sameAs\":[\"https:\/\/www.facebook.com\/TuincentrumEliassenAmmerzoden\",\"https:\/\/www.instagram.com\/eliassenhomeandgarden\/\",\"https:\/\/nl.pinterest.com\/eliassenhomeandgarden\/\",\"https:\/\/www.youtube.com\/@eliassenhomegardenpleasure4558\"],\"telephone\":[],\"openingHoursSpecification\":[{\"@type\":\"OpeningHoursSpecification\",\"dayOfWeek\":[\"Monday\",\"Tuesday\",\"Wednesday\",\"Thursday\",\"Friday\",\"Saturday\",\"Sunday\"],\"opens\":\"09:00\",\"closes\":\"17:00\"}]},{\"@type\":\"ImageObject\",\"inLanguage\":\"de\",\"@id\":\"https:\/\/www.eliassen.nl\/de\/glasmalerei-schoene-frau-in-blau-und-gold-80x120cm\/#local-main-organization-logo\",\"url\":\"https:\/\/www.eliassen.nl\/wp-content\/uploads\/2024\/01\/logo_4nd.jpg\",\"contentUrl\":\"https:\/\/www.eliassen.nl\/wp-content\/uploads\/2024\/01\/logo_4nd.jpg\",\"width\":500,\"height\":500,\"caption\":\"Eliassen Home & Garden Pleasure\"}]}<\/script>\n<meta property=\"product:price:amount\" content=\"149.00\" \/>\n<meta property=\"product:price:currency\" content=\"EUR\" \/>\n<meta property=\"og:availability\" content=\"instock\" \/>\n<meta property=\"product:availability\" content=\"instock\" \/>\n<meta property=\"product:retailer_item_id\" content=\"Glas080120-1166\" \/>\n<meta property=\"product:condition\" content=\"new\" \/>\n<!-- \/ Yoast SEO Premium plugin. -->","yoast_head_json":{"title":"Ter Halle Glasmalerei Sch\u00f6ne Frau in Blau und Gold 80x120cm - Eliassen.nl","description":"Versch\u00f6nern Sie Ihr Interieur mit diesem Glasgem\u00e4lde einer Frau in Blau und Gold (80x120cm). Hochwertiges geh\u00e4rtetes Glas mit einem scharfen, k\u00fcnstlerischen Druck bei Eliassen.","robots":{"index":"index","follow":"follow","max-snippet":"max-snippet:-1","max-image-preview":"max-image-preview:large","max-video-preview":"max-video-preview:-1"},"canonical":"https:\/\/www.eliassen.nl\/de\/glasmalerei-schoene-frau-in-blau-und-gold-80x120cm\/","og_locale":"de_DE","og_type":"article","og_title":"Ter Halle Glasmalerei Sch\u00f6ne Frau in Blau und Gold 80x120cm - Eliassen.nl","og_description":"Versch\u00f6nern Sie Ihr Interieur mit diesem Glasgem\u00e4lde einer Frau in Blau und Gold (80x120cm). Hochwertiges geh\u00e4rtetes Glas mit einem scharfen, k\u00fcnstlerischen Druck bei Eliassen.","og_url":"https:\/\/www.eliassen.nl\/de\/glasmalerei-schoene-frau-in-blau-und-gold-80x120cm\/","og_site_name":"Eliassen.nl","article_publisher":"https:\/\/www.facebook.com\/TuincentrumEliassenAmmerzoden","og_image":[{"width":945,"height":1417,"url":"https:\/\/www.eliassen.nl\/wp-content\/uploads\/2025\/12\/glasschilderij-mooie-vrouw-in-goud-en-blauw-Eliassen.nl_.jpg","type":"image\/jpeg"}],"twitter_card":"summary_large_image","schema":{"@context":"https:\/\/schema.org","@graph":[{"@type":"WebPage","@id":"https:\/\/www.eliassen.nl\/de\/glasmalerei-schoene-frau-in-blau-und-gold-80x120cm\/","url":"https:\/\/www.eliassen.nl\/de\/glasmalerei-schoene-frau-in-blau-und-gold-80x120cm\/","name":"Ter Halle Glasmalerei Sch\u00f6ne Frau in Blau und Gold 80x120cm - Eliassen.nl","isPartOf":{"@id":"https:\/\/www.eliassen.nl\/de\/#website"},"primaryImageOfPage":{"@id":"https:\/\/www.eliassen.nl\/de\/glasmalerei-schoene-frau-in-blau-und-gold-80x120cm\/#primaryimage"},"image":{"@id":"https:\/\/www.eliassen.nl\/de\/glasmalerei-schoene-frau-in-blau-und-gold-80x120cm\/#primaryimage"},"thumbnailUrl":"https:\/\/www.eliassen.nl\/wp-content\/uploads\/2025\/12\/glasschilderij-mooie-vrouw-in-goud-en-blauw-Eliassen.nl_.jpg","datePublished":"2025-12-31T11:36:18+00:00","description":"Versch\u00f6nern Sie Ihr Interieur mit diesem Glasgem\u00e4lde einer Frau in Blau und Gold (80x120cm). Hochwertiges geh\u00e4rtetes Glas mit einem scharfen, k\u00fcnstlerischen Druck bei Eliassen.","breadcrumb":{"@id":"https:\/\/www.eliassen.nl\/de\/glasmalerei-schoene-frau-in-blau-und-gold-80x120cm\/#breadcrumb"},"inLanguage":"de","potentialAction":[{"@type":"ReadAction","target":["https:\/\/www.eliassen.nl\/de\/glasmalerei-schoene-frau-in-blau-und-gold-80x120cm\/"]}]},{"@type":"ImageObject","inLanguage":"de","@id":"https:\/\/www.eliassen.nl\/de\/glasmalerei-schoene-frau-in-blau-und-gold-80x120cm\/#primaryimage","url":"https:\/\/www.eliassen.nl\/wp-content\/uploads\/2025\/12\/glasschilderij-mooie-vrouw-in-goud-en-blauw-Eliassen.nl_.jpg","contentUrl":"https:\/\/www.eliassen.nl\/wp-content\/uploads\/2025\/12\/glasschilderij-mooie-vrouw-in-goud-en-blauw-Eliassen.nl_.jpg","width":945,"height":1417,"caption":"Glasmalerei sch\u00f6ne Frau in Gold und Blau - Eliassen.de"},{"@type":"BreadcrumbList","@id":"https:\/\/www.eliassen.nl\/de\/glasmalerei-schoene-frau-in-blau-und-gold-80x120cm\/#breadcrumb","itemListElement":[{"@type":"ListItem","position":1,"name":"Home","item":"https:\/\/www.eliassen.nl\/de\/"},{"@type":"ListItem","position":2,"name":"Shop","item":"https:\/\/www.eliassen.nl\/de\/shop\/"},{"@type":"ListItem","position":3,"name":"Glasmalereien","item":"https:\/\/www.eliassen.nl\/de\/gemaelde\/glasmalereien\/"},{"@type":"ListItem","position":4,"name":"Glasmalerei Sch\u00f6ne Frau in Blau und Gold 80x120cm"}]},{"@type":"WebSite","@id":"https:\/\/www.eliassen.nl\/de\/#website","url":"https:\/\/www.eliassen.nl\/de\/","name":"Eliassen Home & Garden Pleasure","description":"","publisher":{"@id":"https:\/\/www.eliassen.nl\/de\/#organization"},"alternateName":"Eliassen.nl","potentialAction":[{"@type":"SearchAction","target":{"@type":"EntryPoint","urlTemplate":"https:\/\/www.eliassen.nl\/de\/?s={search_term_string}"},"query-input":{"@type":"PropertyValueSpecification","valueRequired":true,"valueName":"search_term_string"}}],"inLanguage":"de"},{"@type":["Organization","Place"],"@id":"https:\/\/www.eliassen.nl\/de\/#organization","name":"Eliassen Home & Garden Pleasure","url":"https:\/\/www.eliassen.nl\/de\/","logo":{"@id":"https:\/\/www.eliassen.nl\/de\/glasmalerei-schoene-frau-in-blau-und-gold-80x120cm\/#local-main-organization-logo"},"image":{"@id":"https:\/\/www.eliassen.nl\/de\/glasmalerei-schoene-frau-in-blau-und-gold-80x120cm\/#local-main-organization-logo"},"sameAs":["https:\/\/www.facebook.com\/TuincentrumEliassenAmmerzoden","https:\/\/www.instagram.com\/eliassenhomeandgarden\/","https:\/\/nl.pinterest.com\/eliassenhomeandgarden\/","https:\/\/www.youtube.com\/@eliassenhomegardenpleasure4558"],"telephone":[],"openingHoursSpecification":[{"@type":"OpeningHoursSpecification","dayOfWeek":["Monday","Tuesday","Wednesday","Thursday","Friday","Saturday","Sunday"],"opens":"09:00","closes":"17:00"}]},{"@type":"ImageObject","inLanguage":"de","@id":"https:\/\/www.eliassen.nl\/de\/glasmalerei-schoene-frau-in-blau-und-gold-80x120cm\/#local-main-organization-logo","url":"https:\/\/www.eliassen.nl\/wp-content\/uploads\/2024\/01\/logo_4nd.jpg","contentUrl":"https:\/\/www.eliassen.nl\/wp-content\/uploads\/2024\/01\/logo_4nd.jpg","width":500,"height":500,"caption":"Eliassen Home & Garden Pleasure"}]},"product_price_amount":"149.00","product_price_currency":"EUR","og_availability":"instock","product_availability":"instock","product_retailer_item_id":"Glas080120-1166","product_condition":"new"},"df_price":149,"df_sale_price":"","df_regular_price":149,"df_image_link":"https:\/\/www.eliassen.nl\/wp-content\/uploads\/2025\/12\/glasschilderij-mooie-vrouw-in-goud-en-blauw-Eliassen.nl_-200x300.jpg","image":"https:\/\/www.eliassen.nl\/wp-content\/uploads\/2025\/12\/glasschilderij-mooie-vrouw-in-goud-en-blauw-Eliassen.nl_-150x150.jpg","price_search":"<span class=\"woocommerce-Price-amount amount\"><bdi><span class=\"woocommerce-Price-currencySymbol\">&euro;<\/span>&nbsp;149,00<\/bdi><\/span>","category":"Gem\u00e4lde","global_unique_id":"8714688621199","_links":{"self":[{"href":"https:\/\/www.eliassen.nl\/de\/wp-json\/wp\/v2\/product\/202363","targetHints":{"allow":["GET"]}}],"collection":[{"href":"https:\/\/www.eliassen.nl\/de\/wp-json\/wp\/v2\/product"}],"about":[{"href":"https:\/\/www.eliassen.nl\/de\/wp-json\/wp\/v2\/types\/product"}],"wp:featuredmedia":[{"embeddable":true,"href":"https:\/\/www.eliassen.nl\/de\/wp-json\/wp\/v2\/media\/202006"}],"wp:attachment":[{"href":"https:\/\/www.eliassen.nl\/de\/wp-json\/wp\/v2\/media?parent=202363"}],"wp:term":[{"taxonomy":"product_brand","embeddable":true,"href":"https:\/\/www.eliassen.nl\/de\/wp-json\/wp\/v2\/product_brand?post=202363"},{"taxonomy":"product_cat","embeddable":true,"href":"https:\/\/www.eliassen.nl\/de\/wp-json\/wp\/v2\/product_cat?post=202363"},{"taxonomy":"product_tag","embeddable":true,"href":"https:\/\/www.eliassen.nl\/de\/wp-json\/wp\/v2\/product_tag?post=202363"}],"curies":[{"name":"wp","href":"https:\/\/api.w.org\/{rel}","templated":true}]}}