{"id":202048,"date":"2025-12-23T11:57:02","date_gmt":"2025-12-23T10:57:02","guid":{"rendered":"https:\/\/www.eliassen.nl\/product\/3d-metallbild-wohnmobil-und-surfbrett-am-tropischen-strand-120x80cm\/"},"modified":"2025-12-23T12:29:42","modified_gmt":"2025-12-23T11:29:42","slug":"3d-metallbild-wohnmobil-und-surfbrett-am-tropischen-strand-120x80cm","status":"publish","type":"product","link":"https:\/\/www.eliassen.nl\/de\/3d-metallbild-wohnmobil-und-surfbrett-am-tropischen-strand-120x80cm\/","title":{"rendered":"3D Metallbild Wohnmobil und Surfbrett am tropischen Strand 120x80cm"},"content":{"rendered":"<p><span style=\"font-weight: 400;\">Mit dieser vollst\u00e4ndig von Hand gefertigten Wanddekoration wird Ihr Zuhause oder Ihr Gesch\u00e4ft wundersch\u00f6n.  <\/span><span style=\"font-weight: 400;\">Erhaben aus einzelnen Metallst\u00fccken gefertigt, die alle von Hand zusammengeschwei\u00dft wurden, um den bestm\u00f6glichen 3D-Effekt zu erzielen.  <\/span><span style=\"font-weight: 400;\">Ein sehr arbeitsintensives St\u00fcck Wanddekoration, jedes mit einem einzigartigen Charakter. Dieses Modell aus Metall, das ein Wohnmobil und ein Surfbrett an einem tropischen Strand zeigt, ist vollst\u00e4ndig handgefertigt. Alles an diesem Wandobjekt ist aus Metall gefertigt, also sowohl der Hintergrund als auch die Figur.  <\/span><\/p>\n<p><span style=\"font-weight: 400;\">Da es von Hand gemalt und angefertigt wurde, kann die Farbe leicht vom Foto abweichen. 3D-Gem\u00e4lde sind nie genau gleich. Bei diesen etwas groben Gem\u00e4lden kann es immer wieder zu kleineren Abweichungen kommen. Manchmal wird dies sogar absichtlich gemacht, um die handgemalte Atmosph\u00e4re zu erreichen.<\/span><\/p>\n<p><b>Wir haben auch fast die gesamte Kollektion dieser Serie in unserem Gesch\u00e4ft, was in den Niederlanden einzigartig ist.<\/b><span style=\"font-weight: 400;\">. <\/span><b>Nirgendwo finden Sie eine so gro\u00dfe Kollektion und Sie sind herzlich eingeladen, unseren Ausstellungsraum zu besuchen.<\/b><\/p>\n<p><span style=\"font-weight: 400;\">Dieses 3D-Metallgem\u00e4lde mit Wohnmobil und Surfbrett ist eine gro\u00dfartige Erg\u00e4nzung f\u00fcr Ihr Interieur, wenn Sie Ihr Zuhause aufhellen und ihm Gem\u00fctlichkeit verleihen m\u00f6chten. Auf dem 3d-Wandobjekt sind viele Farben zu sehen. Diese 3D-Wanddekoration kommt also in der Umgebung eines Urlaubsliebhabers besonders gut zur Geltung.<\/span><\/p>\n<ul>\n<li style=\"font-weight: 400;\" aria-level=\"1\"><span style=\"font-weight: 400;\">Gr\u00f6\u00dfe 120x80cm<\/span><\/li>\n<li style=\"font-weight: 400;\" aria-level=\"1\"><span style=\"font-weight: 400;\">Einfach mit 2 Schrauben aufzuh\u00e4ngen<\/span><\/li>\n<li style=\"font-weight: 400;\" aria-level=\"1\"><span style=\"font-weight: 400;\">Schnelle Lieferung<\/span><\/li>\n<li style=\"font-weight: 400;\" aria-level=\"1\"><span style=\"font-weight: 400;\">Handbemalt<\/span><\/li>\n<li style=\"font-weight: 400;\" aria-level=\"1\"><span style=\"font-weight: 400;\">F\u00fcr drinnen oder unter einer Veranda<\/span><\/li>\n<li style=\"font-weight: 400;\" aria-level=\"1\"><span style=\"font-weight: 400;\">Gr\u00f6\u00dfte Sammlung in den Benelux-L\u00e4ndern, auch f\u00fcr Live-Viewing verf\u00fcgbar<\/span><\/li>\n<\/ul>\n","protected":false},"excerpt":{"rendered":"<p>Dieses 120&#215;80 cm gro\u00dfe 3D-Gem\u00e4lde aus Metall besteht vollst\u00e4ndig aus handgeschwei\u00dften Teilen und zeigt ein Wohnmobil mit Surfbrett an einem tropischen Strand. Das gesamte Objekt, einschlie\u00dflich des Hintergrunds, ist aus Metall gefertigt und handbemalt, so dass jedes St\u00fcck einzigartige Details und Farbvariationen aufweist. Sie befestigen diese robuste Wanddekoration mit zwei Schrauben und k\u00f6nnen das Objekt im Innenbereich oder unter einer Veranda aufstellen.<\/p>\n","protected":false},"featured_media":202045,"template":"","meta":{"_acf_changed":false,"_genesis_title":"","_genesis_description":""},"product_brand":[7505],"product_cat":[419,434,410],"product_tag":[],"class_list":{"0":"post-202048","1":"product","2":"type-product","3":"status-publish","4":"has-post-thumbnail","6":"product_brand-sonstige","7":"product_cat-3d-gemaelde-aus-metall","8":"product_cat-3d-gemaelde-aus-metall-im-format-80x120cm","9":"product_cat-gemaelde","11":"first","12":"instock","13":"taxable","14":"shipping-taxable","15":"purchasable","16":"product-type-simple"},"acf":[],"meta_all":{"cor_restricted_countries":[],"total_sales":"1"},"meta_all_flat":{"total_sales":"1"},"yoast_head":"<!-- This site is optimized with the Yoast SEO Premium plugin v26.2 (Yoast SEO v27.2) - https:\/\/yoast.com\/product\/yoast-seo-premium-wordpress\/ -->\n<title>- %<\/title>\n<meta name=\"description\" content=\"Sind Sie auf der Suche nach einem Gem\u00e4lde f\u00fcr einen Urlaubsliebhaber? Dieses mehrfarbige Modell springt als Dekoration von Ihrer Wand ab.\" \/>\n<meta name=\"robots\" content=\"index, follow, max-snippet:-1, max-image-preview:large, max-video-preview:-1\" \/>\n<link rel=\"canonical\" href=\"https:\/\/www.eliassen.nl\/de\/3d-metallbild-wohnmobil-und-surfbrett-am-tropischen-strand-120x80cm\/\" \/>\n<meta property=\"og:locale\" content=\"de_DE\" \/>\n<meta property=\"og:type\" content=\"article\" \/>\n<meta property=\"og:title\" content=\"Sonstige 3D Metallbild Wohnmobil und Surfbrett am tropischen Strand 120x80cm - Eliassen.nl\" \/>\n<meta property=\"og:description\" content=\"Sind Sie auf der Suche nach einem Gem\u00e4lde f\u00fcr einen Urlaubsliebhaber? Dieses mehrfarbige Modell springt als Dekoration von Ihrer Wand ab.\" \/>\n<meta property=\"og:url\" content=\"https:\/\/www.eliassen.nl\/de\/3d-metallbild-wohnmobil-und-surfbrett-am-tropischen-strand-120x80cm\/\" \/>\n<meta property=\"og:site_name\" content=\"Eliassen.nl\" \/>\n<meta property=\"article:publisher\" content=\"https:\/\/www.facebook.com\/TuincentrumEliassenAmmerzoden\" \/>\n<meta property=\"article:modified_time\" content=\"2025-12-23T11:29:42+00:00\" \/>\n<meta property=\"og:image\" content=\"https:\/\/www.eliassen.nl\/wp-content\/uploads\/2025\/12\/Metalen-3D-schilderij-kampeerbus-en-surfplank-op-tropisch-strand-120x80cm-eliassen.nl_.jpg\" \/>\n\t<meta property=\"og:image:width\" content=\"1024\" \/>\n\t<meta property=\"og:image:height\" content=\"685\" \/>\n\t<meta property=\"og:image:type\" content=\"image\/jpeg\" \/>\n<meta name=\"twitter:card\" content=\"summary_large_image\" \/>\n<script type=\"application\/ld+json\" class=\"yoast-schema-graph\">{\"@context\":\"https:\/\/schema.org\",\"@graph\":[{\"@type\":\"WebPage\",\"@id\":\"https:\/\/www.eliassen.nl\/de\/3d-metallbild-wohnmobil-und-surfbrett-am-tropischen-strand-120x80cm\/\",\"url\":\"https:\/\/www.eliassen.nl\/de\/3d-metallbild-wohnmobil-und-surfbrett-am-tropischen-strand-120x80cm\/\",\"name\":\"- %\",\"isPartOf\":{\"@id\":\"https:\/\/www.eliassen.nl\/de\/#website\"},\"primaryImageOfPage\":{\"@id\":\"https:\/\/www.eliassen.nl\/de\/3d-metallbild-wohnmobil-und-surfbrett-am-tropischen-strand-120x80cm\/#primaryimage\"},\"image\":{\"@id\":\"https:\/\/www.eliassen.nl\/de\/3d-metallbild-wohnmobil-und-surfbrett-am-tropischen-strand-120x80cm\/#primaryimage\"},\"thumbnailUrl\":\"https:\/\/www.eliassen.nl\/wp-content\/uploads\/2025\/12\/Metalen-3D-schilderij-kampeerbus-en-surfplank-op-tropisch-strand-120x80cm-eliassen.nl_.jpg\",\"datePublished\":\"2025-12-23T10:57:02+00:00\",\"dateModified\":\"2025-12-23T11:29:42+00:00\",\"description\":\"Sind Sie auf der Suche nach einem Gem\u00e4lde f\u00fcr einen Urlaubsliebhaber? Dieses mehrfarbige Modell springt als Dekoration von Ihrer Wand ab.\",\"breadcrumb\":{\"@id\":\"https:\/\/www.eliassen.nl\/de\/3d-metallbild-wohnmobil-und-surfbrett-am-tropischen-strand-120x80cm\/#breadcrumb\"},\"inLanguage\":\"de\",\"potentialAction\":[{\"@type\":\"ReadAction\",\"target\":[\"https:\/\/www.eliassen.nl\/de\/3d-metallbild-wohnmobil-und-surfbrett-am-tropischen-strand-120x80cm\/\"]}]},{\"@type\":\"ImageObject\",\"inLanguage\":\"de\",\"@id\":\"https:\/\/www.eliassen.nl\/de\/3d-metallbild-wohnmobil-und-surfbrett-am-tropischen-strand-120x80cm\/#primaryimage\",\"url\":\"https:\/\/www.eliassen.nl\/wp-content\/uploads\/2025\/12\/Metalen-3D-schilderij-kampeerbus-en-surfplank-op-tropisch-strand-120x80cm-eliassen.nl_.jpg\",\"contentUrl\":\"https:\/\/www.eliassen.nl\/wp-content\/uploads\/2025\/12\/Metalen-3D-schilderij-kampeerbus-en-surfplank-op-tropisch-strand-120x80cm-eliassen.nl_.jpg\",\"width\":1024,\"height\":685,\"caption\":\"3D Metallbild Wohnmobil und Surfbrett am tropischen Strand 120x80cm eliassen.nl\"},{\"@type\":\"BreadcrumbList\",\"@id\":\"https:\/\/www.eliassen.nl\/de\/3d-metallbild-wohnmobil-und-surfbrett-am-tropischen-strand-120x80cm\/#breadcrumb\",\"itemListElement\":[{\"@type\":\"ListItem\",\"position\":1,\"name\":\"Home\",\"item\":\"https:\/\/www.eliassen.nl\/de\/\"},{\"@type\":\"ListItem\",\"position\":2,\"name\":\"Shop\",\"item\":\"https:\/\/www.eliassen.nl\/de\/shop\/\"},{\"@type\":\"ListItem\",\"position\":3,\"name\":\"Gem\u00e4lde\",\"item\":\"https:\/\/www.eliassen.nl\/de\/gemaelde\/\"},{\"@type\":\"ListItem\",\"position\":4,\"name\":\"3D Metallbild Wohnmobil und Surfbrett am tropischen Strand 120x80cm\"}]},{\"@type\":\"WebSite\",\"@id\":\"https:\/\/www.eliassen.nl\/de\/#website\",\"url\":\"https:\/\/www.eliassen.nl\/de\/\",\"name\":\"Eliassen Home & Garden Pleasure\",\"description\":\"\",\"publisher\":{\"@id\":\"https:\/\/www.eliassen.nl\/de\/#organization\"},\"alternateName\":\"Eliassen.nl\",\"potentialAction\":[{\"@type\":\"SearchAction\",\"target\":{\"@type\":\"EntryPoint\",\"urlTemplate\":\"https:\/\/www.eliassen.nl\/de\/?s={search_term_string}\"},\"query-input\":{\"@type\":\"PropertyValueSpecification\",\"valueRequired\":true,\"valueName\":\"search_term_string\"}}],\"inLanguage\":\"de\"},{\"@type\":[\"Organization\",\"Place\"],\"@id\":\"https:\/\/www.eliassen.nl\/de\/#organization\",\"name\":\"Eliassen Home & Garden Pleasure\",\"url\":\"https:\/\/www.eliassen.nl\/de\/\",\"logo\":{\"@id\":\"https:\/\/www.eliassen.nl\/de\/3d-metallbild-wohnmobil-und-surfbrett-am-tropischen-strand-120x80cm\/#local-main-organization-logo\"},\"image\":{\"@id\":\"https:\/\/www.eliassen.nl\/de\/3d-metallbild-wohnmobil-und-surfbrett-am-tropischen-strand-120x80cm\/#local-main-organization-logo\"},\"sameAs\":[\"https:\/\/www.facebook.com\/TuincentrumEliassenAmmerzoden\",\"https:\/\/www.instagram.com\/eliassenhomeandgarden\/\",\"https:\/\/nl.pinterest.com\/eliassenhomeandgarden\/\",\"https:\/\/www.youtube.com\/@eliassenhomegardenpleasure4558\"],\"telephone\":[],\"openingHoursSpecification\":[{\"@type\":\"OpeningHoursSpecification\",\"dayOfWeek\":[\"Monday\",\"Tuesday\",\"Wednesday\",\"Thursday\",\"Friday\",\"Saturday\",\"Sunday\"],\"opens\":\"09:00\",\"closes\":\"17:00\"}]},{\"@type\":\"ImageObject\",\"inLanguage\":\"de\",\"@id\":\"https:\/\/www.eliassen.nl\/de\/3d-metallbild-wohnmobil-und-surfbrett-am-tropischen-strand-120x80cm\/#local-main-organization-logo\",\"url\":\"https:\/\/www.eliassen.nl\/wp-content\/uploads\/2024\/01\/logo_4nd.jpg\",\"contentUrl\":\"https:\/\/www.eliassen.nl\/wp-content\/uploads\/2024\/01\/logo_4nd.jpg\",\"width\":500,\"height\":500,\"caption\":\"Eliassen Home & Garden Pleasure\"}]}<\/script>\n<meta property=\"product:price:amount\" content=\"199.00\" \/>\n<meta property=\"product:price:currency\" content=\"EUR\" \/>\n<meta property=\"og:availability\" content=\"instock\" \/>\n<meta property=\"product:availability\" content=\"instock\" \/>\n<meta property=\"product:retailer_item_id\" content=\"T2357\" \/>\n<meta property=\"product:condition\" content=\"new\" \/>\n<!-- \/ Yoast SEO Premium plugin. -->","yoast_head_json":{"title":"- %","description":"Sind Sie auf der Suche nach einem Gem\u00e4lde f\u00fcr einen Urlaubsliebhaber? Dieses mehrfarbige Modell springt als Dekoration von Ihrer Wand ab.","robots":{"index":"index","follow":"follow","max-snippet":"max-snippet:-1","max-image-preview":"max-image-preview:large","max-video-preview":"max-video-preview:-1"},"canonical":"https:\/\/www.eliassen.nl\/de\/3d-metallbild-wohnmobil-und-surfbrett-am-tropischen-strand-120x80cm\/","og_locale":"de_DE","og_type":"article","og_title":"Sonstige 3D Metallbild Wohnmobil und Surfbrett am tropischen Strand 120x80cm - Eliassen.nl","og_description":"Sind Sie auf der Suche nach einem Gem\u00e4lde f\u00fcr einen Urlaubsliebhaber? Dieses mehrfarbige Modell springt als Dekoration von Ihrer Wand ab.","og_url":"https:\/\/www.eliassen.nl\/de\/3d-metallbild-wohnmobil-und-surfbrett-am-tropischen-strand-120x80cm\/","og_site_name":"Eliassen.nl","article_publisher":"https:\/\/www.facebook.com\/TuincentrumEliassenAmmerzoden","article_modified_time":"2025-12-23T11:29:42+00:00","og_image":[{"width":1024,"height":685,"url":"https:\/\/www.eliassen.nl\/wp-content\/uploads\/2025\/12\/Metalen-3D-schilderij-kampeerbus-en-surfplank-op-tropisch-strand-120x80cm-eliassen.nl_.jpg","type":"image\/jpeg"}],"twitter_card":"summary_large_image","schema":{"@context":"https:\/\/schema.org","@graph":[{"@type":"WebPage","@id":"https:\/\/www.eliassen.nl\/de\/3d-metallbild-wohnmobil-und-surfbrett-am-tropischen-strand-120x80cm\/","url":"https:\/\/www.eliassen.nl\/de\/3d-metallbild-wohnmobil-und-surfbrett-am-tropischen-strand-120x80cm\/","name":"- %","isPartOf":{"@id":"https:\/\/www.eliassen.nl\/de\/#website"},"primaryImageOfPage":{"@id":"https:\/\/www.eliassen.nl\/de\/3d-metallbild-wohnmobil-und-surfbrett-am-tropischen-strand-120x80cm\/#primaryimage"},"image":{"@id":"https:\/\/www.eliassen.nl\/de\/3d-metallbild-wohnmobil-und-surfbrett-am-tropischen-strand-120x80cm\/#primaryimage"},"thumbnailUrl":"https:\/\/www.eliassen.nl\/wp-content\/uploads\/2025\/12\/Metalen-3D-schilderij-kampeerbus-en-surfplank-op-tropisch-strand-120x80cm-eliassen.nl_.jpg","datePublished":"2025-12-23T10:57:02+00:00","dateModified":"2025-12-23T11:29:42+00:00","description":"Sind Sie auf der Suche nach einem Gem\u00e4lde f\u00fcr einen Urlaubsliebhaber? Dieses mehrfarbige Modell springt als Dekoration von Ihrer Wand ab.","breadcrumb":{"@id":"https:\/\/www.eliassen.nl\/de\/3d-metallbild-wohnmobil-und-surfbrett-am-tropischen-strand-120x80cm\/#breadcrumb"},"inLanguage":"de","potentialAction":[{"@type":"ReadAction","target":["https:\/\/www.eliassen.nl\/de\/3d-metallbild-wohnmobil-und-surfbrett-am-tropischen-strand-120x80cm\/"]}]},{"@type":"ImageObject","inLanguage":"de","@id":"https:\/\/www.eliassen.nl\/de\/3d-metallbild-wohnmobil-und-surfbrett-am-tropischen-strand-120x80cm\/#primaryimage","url":"https:\/\/www.eliassen.nl\/wp-content\/uploads\/2025\/12\/Metalen-3D-schilderij-kampeerbus-en-surfplank-op-tropisch-strand-120x80cm-eliassen.nl_.jpg","contentUrl":"https:\/\/www.eliassen.nl\/wp-content\/uploads\/2025\/12\/Metalen-3D-schilderij-kampeerbus-en-surfplank-op-tropisch-strand-120x80cm-eliassen.nl_.jpg","width":1024,"height":685,"caption":"3D Metallbild Wohnmobil und Surfbrett am tropischen Strand 120x80cm eliassen.nl"},{"@type":"BreadcrumbList","@id":"https:\/\/www.eliassen.nl\/de\/3d-metallbild-wohnmobil-und-surfbrett-am-tropischen-strand-120x80cm\/#breadcrumb","itemListElement":[{"@type":"ListItem","position":1,"name":"Home","item":"https:\/\/www.eliassen.nl\/de\/"},{"@type":"ListItem","position":2,"name":"Shop","item":"https:\/\/www.eliassen.nl\/de\/shop\/"},{"@type":"ListItem","position":3,"name":"Gem\u00e4lde","item":"https:\/\/www.eliassen.nl\/de\/gemaelde\/"},{"@type":"ListItem","position":4,"name":"3D Metallbild Wohnmobil und Surfbrett am tropischen Strand 120x80cm"}]},{"@type":"WebSite","@id":"https:\/\/www.eliassen.nl\/de\/#website","url":"https:\/\/www.eliassen.nl\/de\/","name":"Eliassen Home & Garden Pleasure","description":"","publisher":{"@id":"https:\/\/www.eliassen.nl\/de\/#organization"},"alternateName":"Eliassen.nl","potentialAction":[{"@type":"SearchAction","target":{"@type":"EntryPoint","urlTemplate":"https:\/\/www.eliassen.nl\/de\/?s={search_term_string}"},"query-input":{"@type":"PropertyValueSpecification","valueRequired":true,"valueName":"search_term_string"}}],"inLanguage":"de"},{"@type":["Organization","Place"],"@id":"https:\/\/www.eliassen.nl\/de\/#organization","name":"Eliassen Home & Garden Pleasure","url":"https:\/\/www.eliassen.nl\/de\/","logo":{"@id":"https:\/\/www.eliassen.nl\/de\/3d-metallbild-wohnmobil-und-surfbrett-am-tropischen-strand-120x80cm\/#local-main-organization-logo"},"image":{"@id":"https:\/\/www.eliassen.nl\/de\/3d-metallbild-wohnmobil-und-surfbrett-am-tropischen-strand-120x80cm\/#local-main-organization-logo"},"sameAs":["https:\/\/www.facebook.com\/TuincentrumEliassenAmmerzoden","https:\/\/www.instagram.com\/eliassenhomeandgarden\/","https:\/\/nl.pinterest.com\/eliassenhomeandgarden\/","https:\/\/www.youtube.com\/@eliassenhomegardenpleasure4558"],"telephone":[],"openingHoursSpecification":[{"@type":"OpeningHoursSpecification","dayOfWeek":["Monday","Tuesday","Wednesday","Thursday","Friday","Saturday","Sunday"],"opens":"09:00","closes":"17:00"}]},{"@type":"ImageObject","inLanguage":"de","@id":"https:\/\/www.eliassen.nl\/de\/3d-metallbild-wohnmobil-und-surfbrett-am-tropischen-strand-120x80cm\/#local-main-organization-logo","url":"https:\/\/www.eliassen.nl\/wp-content\/uploads\/2024\/01\/logo_4nd.jpg","contentUrl":"https:\/\/www.eliassen.nl\/wp-content\/uploads\/2024\/01\/logo_4nd.jpg","width":500,"height":500,"caption":"Eliassen Home & Garden Pleasure"}]},"product_price_amount":"199.00","product_price_currency":"EUR","og_availability":"instock","product_availability":"instock","product_retailer_item_id":"T2357","product_condition":"new"},"df_price":199,"df_sale_price":"","df_regular_price":199,"df_image_link":"https:\/\/www.eliassen.nl\/wp-content\/uploads\/2025\/12\/Metalen-3D-schilderij-kampeerbus-en-surfplank-op-tropisch-strand-120x80cm-eliassen.nl_-300x201.jpg","image":"https:\/\/www.eliassen.nl\/wp-content\/uploads\/2025\/12\/Metalen-3D-schilderij-kampeerbus-en-surfplank-op-tropisch-strand-120x80cm-eliassen.nl_-150x150.jpg","price_search":"<span class=\"woocommerce-Price-amount amount\"><bdi><span class=\"woocommerce-Price-currencySymbol\">&euro;<\/span>&nbsp;199,00<\/bdi><\/span>","category":"3D Gem\u00e4lde aus Metall","global_unique_id":"5410807023570","_links":{"self":[{"href":"https:\/\/www.eliassen.nl\/de\/wp-json\/wp\/v2\/product\/202048","targetHints":{"allow":["GET"]}}],"collection":[{"href":"https:\/\/www.eliassen.nl\/de\/wp-json\/wp\/v2\/product"}],"about":[{"href":"https:\/\/www.eliassen.nl\/de\/wp-json\/wp\/v2\/types\/product"}],"wp:featuredmedia":[{"embeddable":true,"href":"https:\/\/www.eliassen.nl\/de\/wp-json\/wp\/v2\/media\/202045"}],"wp:attachment":[{"href":"https:\/\/www.eliassen.nl\/de\/wp-json\/wp\/v2\/media?parent=202048"}],"wp:term":[{"taxonomy":"product_brand","embeddable":true,"href":"https:\/\/www.eliassen.nl\/de\/wp-json\/wp\/v2\/product_brand?post=202048"},{"taxonomy":"product_cat","embeddable":true,"href":"https:\/\/www.eliassen.nl\/de\/wp-json\/wp\/v2\/product_cat?post=202048"},{"taxonomy":"product_tag","embeddable":true,"href":"https:\/\/www.eliassen.nl\/de\/wp-json\/wp\/v2\/product_tag?post=202048"}],"curies":[{"name":"wp","href":"https:\/\/api.w.org\/{rel}","templated":true}]}}