{"id":201751,"date":"2025-12-18T15:51:22","date_gmt":"2025-12-18T14:51:22","guid":{"rendered":"https:\/\/www.eliassen.nl\/product\/glasvase-giulia-hochfrost-37cm\/"},"modified":"2026-02-06T14:36:30","modified_gmt":"2026-02-06T13:36:30","slug":"glasvase-giulia-hochfrost-37cm","status":"publish","type":"product","link":"https:\/\/www.eliassen.nl\/de\/glasvase-giulia-hochfrost-37cm\/","title":{"rendered":"Glasvase Giulia Hochfrost 37cm"},"content":{"rendered":"<p>In warmen Farben und mit abstraktem Design ist dieses sch\u00f6ne Modell aus der Giulia Glaswaren-Serie von Vasen und Schalen eine echte Dekoration f\u00fcr Ihr Zuhause.<br \/>\nDie sch\u00f6nen Farbverl\u00e4ufe schaffen ein dynamisches Spektakel und eine Augenweide.<\/p>\n<p>Diese hochgl\u00e4nzende Vase ist mundgeblasen und handbemalt. So entsteht ein authentischer Look f\u00fcr mehr Stil und Klasse in Ihrem Zuhause.<\/p>\n<p>Dieses Glasvasenmodell eignet sich, wenn Sie nach einer farbenfrohen und farbenpr\u00e4chtigen Erg\u00e4nzung f\u00fcr Ihr Zuhause mit modernem Stil und Klasse suchen. Auch f\u00fcr das B\u00fcro ist dieses Produkt ein echter Blickfang, da diese Schale in ihrer Art und ihren Farben im Giulia-Stil einzigartig ist.<\/p>\n<ul>\n<li>Gr\u00f6\u00dfe: ca. 22x10x37cm<\/li>\n<li>Material Glas in einem Metallhalter<\/li>\n<\/ul>\n<ul>\n<li>Schnelle Lieferung<\/li>\n<li>Gro\u00dfe eigene Aktien<\/li>\n<li>Nur f\u00fcr die Verwendung in Innenr\u00e4umen geeignet<\/li>\n<li>Garantie 2 Jahre<\/li>\n<\/ul>\n","protected":false},"excerpt":{"rendered":"<p>In warmen Farben und mit abstraktem Design ist dieses sch\u00f6ne Modell aus der Giulia Glaswaren-Serie von Vasen und Schalen eine echte Dekoration f\u00fcr Ihr Zuhause. Die sch\u00f6nen Farbverl\u00e4ufe schaffen ein dynamisches Spektakel und eine Augenweide. Diese hochgl\u00e4nzende Vase ist mundgeblasen und handbemalt. So entsteht ein authentischer Look f\u00fcr mehr Stil und Klasse in Ihrem Zuhause. &hellip;<\/p>\n","protected":false},"featured_media":201750,"template":"","meta":{"_acf_changed":false,"_genesis_title":"","_genesis_description":""},"product_brand":[7396],"product_cat":[800,7241],"product_tag":[],"class_list":{"0":"post-201751","1":"product","2":"type-product","3":"status-publish","4":"has-post-thumbnail","6":"product_brand-giulia-de","7":"product_cat-glaskunst","8":"product_cat-new-age-glas-giulia-de","10":"first","11":"instock","12":"taxable","13":"shipping-taxable","14":"purchasable","15":"product-type-simple"},"acf":[],"meta_all":{"cor_restricted_countries":[],"total_sales":"3"},"meta_all_flat":{"total_sales":"3"},"yoast_head":"<!-- This site is optimized with the Yoast SEO Premium plugin v26.2 (Yoast SEO v27.2) - https:\/\/yoast.com\/product\/yoast-seo-premium-wordpress\/ -->\n<title>Giulia Glasvase Giulia Hochfrost 37cm - Eliassen.nl<\/title>\n<meta name=\"description\" content=\"Eine sch\u00f6ne, hohe Glasvase mit gewelltem oberen Rand. Mundgeblasene und handgefertigte Vasen der Marke Giulia. Hochwertige Vasen. Schnelle Lieferung.\" \/>\n<meta name=\"robots\" content=\"index, follow, max-snippet:-1, max-image-preview:large, max-video-preview:-1\" \/>\n<link rel=\"canonical\" href=\"https:\/\/www.eliassen.nl\/de\/glasvase-giulia-hochfrost-37cm\/\" \/>\n<meta property=\"og:locale\" content=\"de_DE\" \/>\n<meta property=\"og:type\" content=\"article\" \/>\n<meta property=\"og:title\" content=\"Giulia Glasvase Giulia Hochfrost 37cm - Eliassen.nl\" \/>\n<meta property=\"og:description\" content=\"Eine sch\u00f6ne, hohe Glasvase mit gewelltem oberen Rand. Mundgeblasene und handgefertigte Vasen der Marke Giulia. Hochwertige Vasen. Schnelle Lieferung.\" \/>\n<meta property=\"og:url\" content=\"https:\/\/www.eliassen.nl\/de\/glasvase-giulia-hochfrost-37cm\/\" \/>\n<meta property=\"og:site_name\" content=\"Eliassen.nl\" \/>\n<meta property=\"article:publisher\" content=\"https:\/\/www.facebook.com\/TuincentrumEliassenAmmerzoden\" \/>\n<meta property=\"article:modified_time\" content=\"2026-02-06T13:36:30+00:00\" \/>\n<meta property=\"og:image\" content=\"https:\/\/www.eliassen.nl\/wp-content\/uploads\/2025\/12\/Glasvaas-Giulia-hoog-frost-37cm-eliassen.nl-1-1024x1024.png\" \/>\n\t<meta property=\"og:image:width\" content=\"1024\" \/>\n\t<meta property=\"og:image:height\" content=\"1024\" \/>\n\t<meta property=\"og:image:type\" content=\"image\/png\" \/>\n<meta name=\"twitter:card\" content=\"summary_large_image\" \/>\n<script type=\"application\/ld+json\" class=\"yoast-schema-graph\">{\"@context\":\"https:\/\/schema.org\",\"@graph\":[{\"@type\":\"WebPage\",\"@id\":\"https:\/\/www.eliassen.nl\/de\/glasvase-giulia-hochfrost-37cm\/\",\"url\":\"https:\/\/www.eliassen.nl\/de\/glasvase-giulia-hochfrost-37cm\/\",\"name\":\"Giulia Glasvase Giulia Hochfrost 37cm - Eliassen.nl\",\"isPartOf\":{\"@id\":\"https:\/\/www.eliassen.nl\/de\/#website\"},\"primaryImageOfPage\":{\"@id\":\"https:\/\/www.eliassen.nl\/de\/glasvase-giulia-hochfrost-37cm\/#primaryimage\"},\"image\":{\"@id\":\"https:\/\/www.eliassen.nl\/de\/glasvase-giulia-hochfrost-37cm\/#primaryimage\"},\"thumbnailUrl\":\"https:\/\/www.eliassen.nl\/wp-content\/uploads\/2025\/12\/Glasvaas-Giulia-hoog-frost-37cm-eliassen.nl-1.png\",\"datePublished\":\"2025-12-18T14:51:22+00:00\",\"dateModified\":\"2026-02-06T13:36:30+00:00\",\"description\":\"Eine sch\u00f6ne, hohe Glasvase mit gewelltem oberen Rand. Mundgeblasene und handgefertigte Vasen der Marke Giulia. Hochwertige Vasen. Schnelle Lieferung.\",\"breadcrumb\":{\"@id\":\"https:\/\/www.eliassen.nl\/de\/glasvase-giulia-hochfrost-37cm\/#breadcrumb\"},\"inLanguage\":\"de\",\"potentialAction\":[{\"@type\":\"ReadAction\",\"target\":[\"https:\/\/www.eliassen.nl\/de\/glasvase-giulia-hochfrost-37cm\/\"]}]},{\"@type\":\"ImageObject\",\"inLanguage\":\"de\",\"@id\":\"https:\/\/www.eliassen.nl\/de\/glasvase-giulia-hochfrost-37cm\/#primaryimage\",\"url\":\"https:\/\/www.eliassen.nl\/wp-content\/uploads\/2025\/12\/Glasvaas-Giulia-hoog-frost-37cm-eliassen.nl-1.png\",\"contentUrl\":\"https:\/\/www.eliassen.nl\/wp-content\/uploads\/2025\/12\/Glasvaas-Giulia-hoog-frost-37cm-eliassen.nl-1.png\",\"width\":2560,\"height\":2560,\"caption\":\"Glasvase Giulia high frost 37cm eliassen.de 1\"},{\"@type\":\"BreadcrumbList\",\"@id\":\"https:\/\/www.eliassen.nl\/de\/glasvase-giulia-hochfrost-37cm\/#breadcrumb\",\"itemListElement\":[{\"@type\":\"ListItem\",\"position\":1,\"name\":\"Home\",\"item\":\"https:\/\/www.eliassen.nl\/de\/\"},{\"@type\":\"ListItem\",\"position\":2,\"name\":\"Shop\",\"item\":\"https:\/\/www.eliassen.nl\/de\/shop\/\"},{\"@type\":\"ListItem\",\"position\":3,\"name\":\"Glaskunst\",\"item\":\"https:\/\/www.eliassen.nl\/de\/glaskunst\/\"},{\"@type\":\"ListItem\",\"position\":4,\"name\":\"New Age glas Giulia\",\"item\":\"https:\/\/www.eliassen.nl\/de\/glaskunst\/new-age-glas-de\/\"},{\"@type\":\"ListItem\",\"position\":5,\"name\":\"Glasvase Giulia Hochfrost 37cm\"}]},{\"@type\":\"WebSite\",\"@id\":\"https:\/\/www.eliassen.nl\/de\/#website\",\"url\":\"https:\/\/www.eliassen.nl\/de\/\",\"name\":\"Eliassen Home & Garden Pleasure\",\"description\":\"\",\"publisher\":{\"@id\":\"https:\/\/www.eliassen.nl\/de\/#organization\"},\"alternateName\":\"Eliassen.nl\",\"potentialAction\":[{\"@type\":\"SearchAction\",\"target\":{\"@type\":\"EntryPoint\",\"urlTemplate\":\"https:\/\/www.eliassen.nl\/de\/?s={search_term_string}\"},\"query-input\":{\"@type\":\"PropertyValueSpecification\",\"valueRequired\":true,\"valueName\":\"search_term_string\"}}],\"inLanguage\":\"de\"},{\"@type\":[\"Organization\",\"Place\"],\"@id\":\"https:\/\/www.eliassen.nl\/de\/#organization\",\"name\":\"Eliassen Home & Garden Pleasure\",\"url\":\"https:\/\/www.eliassen.nl\/de\/\",\"logo\":{\"@id\":\"https:\/\/www.eliassen.nl\/de\/glasvase-giulia-hochfrost-37cm\/#local-main-organization-logo\"},\"image\":{\"@id\":\"https:\/\/www.eliassen.nl\/de\/glasvase-giulia-hochfrost-37cm\/#local-main-organization-logo\"},\"sameAs\":[\"https:\/\/www.facebook.com\/TuincentrumEliassenAmmerzoden\",\"https:\/\/www.instagram.com\/eliassenhomeandgarden\/\",\"https:\/\/nl.pinterest.com\/eliassenhomeandgarden\/\",\"https:\/\/www.youtube.com\/@eliassenhomegardenpleasure4558\"],\"telephone\":[],\"openingHoursSpecification\":[{\"@type\":\"OpeningHoursSpecification\",\"dayOfWeek\":[\"Monday\",\"Tuesday\",\"Wednesday\",\"Thursday\",\"Friday\",\"Saturday\",\"Sunday\"],\"opens\":\"09:00\",\"closes\":\"17:00\"}]},{\"@type\":\"ImageObject\",\"inLanguage\":\"de\",\"@id\":\"https:\/\/www.eliassen.nl\/de\/glasvase-giulia-hochfrost-37cm\/#local-main-organization-logo\",\"url\":\"https:\/\/www.eliassen.nl\/wp-content\/uploads\/2024\/01\/logo_4nd.jpg\",\"contentUrl\":\"https:\/\/www.eliassen.nl\/wp-content\/uploads\/2024\/01\/logo_4nd.jpg\",\"width\":500,\"height\":500,\"caption\":\"Eliassen Home & Garden Pleasure\"}]}<\/script>\n<meta property=\"product:price:amount\" content=\"99.00\" \/>\n<meta property=\"product:price:currency\" content=\"EUR\" \/>\n<meta property=\"og:availability\" content=\"instock\" \/>\n<meta property=\"product:availability\" content=\"instock\" \/>\n<meta property=\"product:retailer_item_id\" content=\"2025.7.4\" \/>\n<meta property=\"product:condition\" content=\"new\" \/>\n<!-- \/ Yoast SEO Premium plugin. -->","yoast_head_json":{"title":"Giulia Glasvase Giulia Hochfrost 37cm - Eliassen.nl","description":"Eine sch\u00f6ne, hohe Glasvase mit gewelltem oberen Rand. Mundgeblasene und handgefertigte Vasen der Marke Giulia. Hochwertige Vasen. Schnelle Lieferung.","robots":{"index":"index","follow":"follow","max-snippet":"max-snippet:-1","max-image-preview":"max-image-preview:large","max-video-preview":"max-video-preview:-1"},"canonical":"https:\/\/www.eliassen.nl\/de\/glasvase-giulia-hochfrost-37cm\/","og_locale":"de_DE","og_type":"article","og_title":"Giulia Glasvase Giulia Hochfrost 37cm - Eliassen.nl","og_description":"Eine sch\u00f6ne, hohe Glasvase mit gewelltem oberen Rand. Mundgeblasene und handgefertigte Vasen der Marke Giulia. Hochwertige Vasen. Schnelle Lieferung.","og_url":"https:\/\/www.eliassen.nl\/de\/glasvase-giulia-hochfrost-37cm\/","og_site_name":"Eliassen.nl","article_publisher":"https:\/\/www.facebook.com\/TuincentrumEliassenAmmerzoden","article_modified_time":"2026-02-06T13:36:30+00:00","og_image":[{"width":1024,"height":1024,"url":"https:\/\/www.eliassen.nl\/wp-content\/uploads\/2025\/12\/Glasvaas-Giulia-hoog-frost-37cm-eliassen.nl-1-1024x1024.png","type":"image\/png"}],"twitter_card":"summary_large_image","schema":{"@context":"https:\/\/schema.org","@graph":[{"@type":"WebPage","@id":"https:\/\/www.eliassen.nl\/de\/glasvase-giulia-hochfrost-37cm\/","url":"https:\/\/www.eliassen.nl\/de\/glasvase-giulia-hochfrost-37cm\/","name":"Giulia Glasvase Giulia Hochfrost 37cm - Eliassen.nl","isPartOf":{"@id":"https:\/\/www.eliassen.nl\/de\/#website"},"primaryImageOfPage":{"@id":"https:\/\/www.eliassen.nl\/de\/glasvase-giulia-hochfrost-37cm\/#primaryimage"},"image":{"@id":"https:\/\/www.eliassen.nl\/de\/glasvase-giulia-hochfrost-37cm\/#primaryimage"},"thumbnailUrl":"https:\/\/www.eliassen.nl\/wp-content\/uploads\/2025\/12\/Glasvaas-Giulia-hoog-frost-37cm-eliassen.nl-1.png","datePublished":"2025-12-18T14:51:22+00:00","dateModified":"2026-02-06T13:36:30+00:00","description":"Eine sch\u00f6ne, hohe Glasvase mit gewelltem oberen Rand. Mundgeblasene und handgefertigte Vasen der Marke Giulia. Hochwertige Vasen. Schnelle Lieferung.","breadcrumb":{"@id":"https:\/\/www.eliassen.nl\/de\/glasvase-giulia-hochfrost-37cm\/#breadcrumb"},"inLanguage":"de","potentialAction":[{"@type":"ReadAction","target":["https:\/\/www.eliassen.nl\/de\/glasvase-giulia-hochfrost-37cm\/"]}]},{"@type":"ImageObject","inLanguage":"de","@id":"https:\/\/www.eliassen.nl\/de\/glasvase-giulia-hochfrost-37cm\/#primaryimage","url":"https:\/\/www.eliassen.nl\/wp-content\/uploads\/2025\/12\/Glasvaas-Giulia-hoog-frost-37cm-eliassen.nl-1.png","contentUrl":"https:\/\/www.eliassen.nl\/wp-content\/uploads\/2025\/12\/Glasvaas-Giulia-hoog-frost-37cm-eliassen.nl-1.png","width":2560,"height":2560,"caption":"Glasvase Giulia high frost 37cm eliassen.de 1"},{"@type":"BreadcrumbList","@id":"https:\/\/www.eliassen.nl\/de\/glasvase-giulia-hochfrost-37cm\/#breadcrumb","itemListElement":[{"@type":"ListItem","position":1,"name":"Home","item":"https:\/\/www.eliassen.nl\/de\/"},{"@type":"ListItem","position":2,"name":"Shop","item":"https:\/\/www.eliassen.nl\/de\/shop\/"},{"@type":"ListItem","position":3,"name":"Glaskunst","item":"https:\/\/www.eliassen.nl\/de\/glaskunst\/"},{"@type":"ListItem","position":4,"name":"New Age glas Giulia","item":"https:\/\/www.eliassen.nl\/de\/glaskunst\/new-age-glas-de\/"},{"@type":"ListItem","position":5,"name":"Glasvase Giulia Hochfrost 37cm"}]},{"@type":"WebSite","@id":"https:\/\/www.eliassen.nl\/de\/#website","url":"https:\/\/www.eliassen.nl\/de\/","name":"Eliassen Home & Garden Pleasure","description":"","publisher":{"@id":"https:\/\/www.eliassen.nl\/de\/#organization"},"alternateName":"Eliassen.nl","potentialAction":[{"@type":"SearchAction","target":{"@type":"EntryPoint","urlTemplate":"https:\/\/www.eliassen.nl\/de\/?s={search_term_string}"},"query-input":{"@type":"PropertyValueSpecification","valueRequired":true,"valueName":"search_term_string"}}],"inLanguage":"de"},{"@type":["Organization","Place"],"@id":"https:\/\/www.eliassen.nl\/de\/#organization","name":"Eliassen Home & Garden Pleasure","url":"https:\/\/www.eliassen.nl\/de\/","logo":{"@id":"https:\/\/www.eliassen.nl\/de\/glasvase-giulia-hochfrost-37cm\/#local-main-organization-logo"},"image":{"@id":"https:\/\/www.eliassen.nl\/de\/glasvase-giulia-hochfrost-37cm\/#local-main-organization-logo"},"sameAs":["https:\/\/www.facebook.com\/TuincentrumEliassenAmmerzoden","https:\/\/www.instagram.com\/eliassenhomeandgarden\/","https:\/\/nl.pinterest.com\/eliassenhomeandgarden\/","https:\/\/www.youtube.com\/@eliassenhomegardenpleasure4558"],"telephone":[],"openingHoursSpecification":[{"@type":"OpeningHoursSpecification","dayOfWeek":["Monday","Tuesday","Wednesday","Thursday","Friday","Saturday","Sunday"],"opens":"09:00","closes":"17:00"}]},{"@type":"ImageObject","inLanguage":"de","@id":"https:\/\/www.eliassen.nl\/de\/glasvase-giulia-hochfrost-37cm\/#local-main-organization-logo","url":"https:\/\/www.eliassen.nl\/wp-content\/uploads\/2024\/01\/logo_4nd.jpg","contentUrl":"https:\/\/www.eliassen.nl\/wp-content\/uploads\/2024\/01\/logo_4nd.jpg","width":500,"height":500,"caption":"Eliassen Home & Garden Pleasure"}]},"product_price_amount":"99.00","product_price_currency":"EUR","og_availability":"instock","product_availability":"instock","product_retailer_item_id":"2025.7.4","product_condition":"new"},"df_price":99,"df_sale_price":"","df_regular_price":99,"df_image_link":"https:\/\/www.eliassen.nl\/wp-content\/uploads\/2025\/12\/Glasvaas-Giulia-hoog-frost-37cm-eliassen.nl-1-300x300.png","image":"https:\/\/www.eliassen.nl\/wp-content\/uploads\/2025\/12\/Glasvaas-Giulia-hoog-frost-37cm-eliassen.nl-1-150x150.png","price_search":"<span class=\"woocommerce-Price-amount amount\"><bdi><span class=\"woocommerce-Price-currencySymbol\">&euro;<\/span>&nbsp;99,00<\/bdi><\/span>","category":"Glaskunst","global_unique_id":"6096519025010","_links":{"self":[{"href":"https:\/\/www.eliassen.nl\/de\/wp-json\/wp\/v2\/product\/201751","targetHints":{"allow":["GET"]}}],"collection":[{"href":"https:\/\/www.eliassen.nl\/de\/wp-json\/wp\/v2\/product"}],"about":[{"href":"https:\/\/www.eliassen.nl\/de\/wp-json\/wp\/v2\/types\/product"}],"wp:featuredmedia":[{"embeddable":true,"href":"https:\/\/www.eliassen.nl\/de\/wp-json\/wp\/v2\/media\/201750"}],"wp:attachment":[{"href":"https:\/\/www.eliassen.nl\/de\/wp-json\/wp\/v2\/media?parent=201751"}],"wp:term":[{"taxonomy":"product_brand","embeddable":true,"href":"https:\/\/www.eliassen.nl\/de\/wp-json\/wp\/v2\/product_brand?post=201751"},{"taxonomy":"product_cat","embeddable":true,"href":"https:\/\/www.eliassen.nl\/de\/wp-json\/wp\/v2\/product_cat?post=201751"},{"taxonomy":"product_tag","embeddable":true,"href":"https:\/\/www.eliassen.nl\/de\/wp-json\/wp\/v2\/product_tag?post=201751"}],"curies":[{"name":"wp","href":"https:\/\/api.w.org\/{rel}","templated":true}]}}