{"id":200939,"date":"2025-12-11T10:08:58","date_gmt":"2025-12-11T09:08:58","guid":{"rendered":"https:\/\/www.eliassen.nl\/product\/metall-3d-gemaelde-kuehe-auf-der-wiese-120x80cm\/"},"modified":"2025-12-11T10:08:58","modified_gmt":"2025-12-11T09:08:58","slug":"metall-3d-gemaelde-kuehe-auf-der-wiese-120x80cm","status":"publish","type":"product","link":"https:\/\/www.eliassen.nl\/de\/metall-3d-gemaelde-kuehe-auf-der-wiese-120x80cm\/","title":{"rendered":"Metall 3d Gem\u00e4lde K\u00fche auf der Wiese 120x80cm"},"content":{"rendered":"<p>Versch\u00f6nern Sie Ihr Interieur mit diesem 3D-Gem\u00e4lde. Sie k\u00f6nnen dieses 3D-Metallbild, das f\u00fcnf neugierige K\u00fche auf der Wiese zeigt, zum Beispiel in Ihrem Wohnzimmer oder Schlafzimmer aufh\u00e4ngen, um die Umgebung zu versch\u00f6nern.<\/p>\n<p>Dieses Metallbild hat einen 3D-Effekt. Dieser Effekt wurde mit der auf dem Gem\u00e4lde abgebildeten Figur erzielt. Das liegt daran, dass es weiter vom Hintergrund entfernt ist. Dadurch ragen die Bildelemente weiter nach vorne, wodurch das Bild lebendiger wird und ein 3D-Effekt entsteht.<\/p>\n<p>Unsere gesamte Kollektion von 3D-Gem\u00e4lden ist handgemacht! Aus diesem Grund k\u00f6nnen die Bilder jedes Mal etwas anders aussehen.<\/p>\n<p><strong>Wir haben eine gro\u00dfe Sammlung von 3D-Gem\u00e4lden! Sie k\u00f6nnen sich die gesamte Serie in unserem Gesch\u00e4ft ansehen. In der Tat haben wir fast unsere gesamte Kollektion auf Lager. Das ist einzigartig in den Niederlanden!<\/strong><\/p>\n<ul>\n<li>Einfach mit 2 Schrauben aufzuh\u00e4ngen<\/li>\n<li>Schnelle Lieferzeiten<\/li>\n<li>Gr\u00f6\u00dfte Sammlung in den Benelux-L\u00e4ndern, auch f\u00fcr Live-Viewing verf\u00fcgbar<\/li>\n<\/ul>\n","protected":false},"excerpt":{"rendered":"<p>\u2713Handgefertigt \u2713Jedes Modell einzigartig \u2713Breites Modell<\/p>\n","protected":false},"featured_media":200623,"template":"","meta":{"_acf_changed":false,"_genesis_title":"","_genesis_description":""},"product_brand":[],"product_cat":[419,434,410],"product_tag":[],"class_list":{"0":"post-200939","1":"product","2":"type-product","3":"status-publish","4":"has-post-thumbnail","6":"product_cat-3d-gemaelde-aus-metall","7":"product_cat-3d-gemaelde-aus-metall-im-format-80x120cm","8":"product_cat-gemaelde","10":"first","11":"instock","12":"taxable","13":"shipping-taxable","14":"purchasable","15":"product-type-simple"},"acf":[],"meta_all":{"cor_restricted_countries":[],"total_sales":"0"},"meta_all_flat":{"total_sales":"0"},"yoast_head":"<!-- This site is optimized with the Yoast SEO Premium plugin v26.2 (Yoast SEO v27.2) - https:\/\/yoast.com\/product\/yoast-seo-premium-wordpress\/ -->\n<title>Metall 3d Gem\u00e4lde K\u00fche auf der Wiese 120x80cm - Eliassen.nl<\/title>\n<meta name=\"description\" content=\"Ein l\u00e4ndliches Gem\u00e4lde f\u00fcr jedes Interieur. Ein Gem\u00e4lde aus Metall, das f\u00fcnf K\u00fche auf einer Wiese zeigt. Gr\u00f6\u00dfe 80x120cm.\" \/>\n<meta name=\"robots\" content=\"index, follow, max-snippet:-1, max-image-preview:large, max-video-preview:-1\" \/>\n<link rel=\"canonical\" href=\"https:\/\/www.eliassen.nl\/de\/metall-3d-gemaelde-kuehe-auf-der-wiese-120x80cm\/\" \/>\n<meta property=\"og:locale\" content=\"de_DE\" \/>\n<meta property=\"og:type\" content=\"article\" \/>\n<meta property=\"og:title\" content=\"Metall 3d Gem\u00e4lde K\u00fche auf der Wiese 120x80cm - Eliassen.nl\" \/>\n<meta property=\"og:description\" content=\"Ein l\u00e4ndliches Gem\u00e4lde f\u00fcr jedes Interieur. Ein Gem\u00e4lde aus Metall, das f\u00fcnf K\u00fche auf einer Wiese zeigt. Gr\u00f6\u00dfe 80x120cm.\" \/>\n<meta property=\"og:url\" content=\"https:\/\/www.eliassen.nl\/de\/metall-3d-gemaelde-kuehe-auf-der-wiese-120x80cm\/\" \/>\n<meta property=\"og:site_name\" content=\"Eliassen.nl\" \/>\n<meta property=\"article:publisher\" content=\"https:\/\/www.facebook.com\/TuincentrumEliassenAmmerzoden\" \/>\n<meta property=\"og:image\" content=\"https:\/\/www.eliassen.nl\/wp-content\/uploads\/2025\/12\/metalen-schilerij-koeien-in-de-wei-Eliassen.nl_.jpg\" \/>\n\t<meta property=\"og:image:width\" content=\"500\" \/>\n\t<meta property=\"og:image:height\" content=\"333\" \/>\n\t<meta property=\"og:image:type\" content=\"image\/jpeg\" \/>\n<meta name=\"twitter:card\" content=\"summary_large_image\" \/>\n<script type=\"application\/ld+json\" class=\"yoast-schema-graph\">{\"@context\":\"https:\/\/schema.org\",\"@graph\":[{\"@type\":\"WebPage\",\"@id\":\"https:\/\/www.eliassen.nl\/de\/metall-3d-gemaelde-kuehe-auf-der-wiese-120x80cm\/\",\"url\":\"https:\/\/www.eliassen.nl\/de\/metall-3d-gemaelde-kuehe-auf-der-wiese-120x80cm\/\",\"name\":\"Metall 3d Gem\u00e4lde K\u00fche auf der Wiese 120x80cm - Eliassen.nl\",\"isPartOf\":{\"@id\":\"https:\/\/www.eliassen.nl\/de\/#website\"},\"primaryImageOfPage\":{\"@id\":\"https:\/\/www.eliassen.nl\/de\/metall-3d-gemaelde-kuehe-auf-der-wiese-120x80cm\/#primaryimage\"},\"image\":{\"@id\":\"https:\/\/www.eliassen.nl\/de\/metall-3d-gemaelde-kuehe-auf-der-wiese-120x80cm\/#primaryimage\"},\"thumbnailUrl\":\"https:\/\/www.eliassen.nl\/wp-content\/uploads\/2025\/12\/metalen-schilerij-koeien-in-de-wei-Eliassen.nl_.jpg\",\"datePublished\":\"2025-12-11T09:08:58+00:00\",\"description\":\"Ein l\u00e4ndliches Gem\u00e4lde f\u00fcr jedes Interieur. Ein Gem\u00e4lde aus Metall, das f\u00fcnf K\u00fche auf einer Wiese zeigt. Gr\u00f6\u00dfe 80x120cm.\",\"breadcrumb\":{\"@id\":\"https:\/\/www.eliassen.nl\/de\/metall-3d-gemaelde-kuehe-auf-der-wiese-120x80cm\/#breadcrumb\"},\"inLanguage\":\"de\",\"potentialAction\":[{\"@type\":\"ReadAction\",\"target\":[\"https:\/\/www.eliassen.nl\/de\/metall-3d-gemaelde-kuehe-auf-der-wiese-120x80cm\/\"]}]},{\"@type\":\"ImageObject\",\"inLanguage\":\"de\",\"@id\":\"https:\/\/www.eliassen.nl\/de\/metall-3d-gemaelde-kuehe-auf-der-wiese-120x80cm\/#primaryimage\",\"url\":\"https:\/\/www.eliassen.nl\/wp-content\/uploads\/2025\/12\/metalen-schilerij-koeien-in-de-wei-Eliassen.nl_.jpg\",\"contentUrl\":\"https:\/\/www.eliassen.nl\/wp-content\/uploads\/2025\/12\/metalen-schilerij-koeien-in-de-wei-Eliassen.nl_.jpg\",\"width\":500,\"height\":333,\"caption\":\"Metall sch\u00e4lende K\u00fche auf der Weide - Eliassen.de\"},{\"@type\":\"BreadcrumbList\",\"@id\":\"https:\/\/www.eliassen.nl\/de\/metall-3d-gemaelde-kuehe-auf-der-wiese-120x80cm\/#breadcrumb\",\"itemListElement\":[{\"@type\":\"ListItem\",\"position\":1,\"name\":\"Home\",\"item\":\"https:\/\/www.eliassen.nl\/de\/\"},{\"@type\":\"ListItem\",\"position\":2,\"name\":\"Shop\",\"item\":\"https:\/\/www.eliassen.nl\/de\/shop\/\"},{\"@type\":\"ListItem\",\"position\":3,\"name\":\"Gem\u00e4lde\",\"item\":\"https:\/\/www.eliassen.nl\/de\/gemaelde\/\"},{\"@type\":\"ListItem\",\"position\":4,\"name\":\"Metall 3d Gem\u00e4lde K\u00fche auf der Wiese 120x80cm\"}]},{\"@type\":\"WebSite\",\"@id\":\"https:\/\/www.eliassen.nl\/de\/#website\",\"url\":\"https:\/\/www.eliassen.nl\/de\/\",\"name\":\"Eliassen Home & Garden Pleasure\",\"description\":\"\",\"publisher\":{\"@id\":\"https:\/\/www.eliassen.nl\/de\/#organization\"},\"alternateName\":\"Eliassen.nl\",\"potentialAction\":[{\"@type\":\"SearchAction\",\"target\":{\"@type\":\"EntryPoint\",\"urlTemplate\":\"https:\/\/www.eliassen.nl\/de\/?s={search_term_string}\"},\"query-input\":{\"@type\":\"PropertyValueSpecification\",\"valueRequired\":true,\"valueName\":\"search_term_string\"}}],\"inLanguage\":\"de\"},{\"@type\":[\"Organization\",\"Place\"],\"@id\":\"https:\/\/www.eliassen.nl\/de\/#organization\",\"name\":\"Eliassen Home & Garden Pleasure\",\"url\":\"https:\/\/www.eliassen.nl\/de\/\",\"logo\":{\"@id\":\"https:\/\/www.eliassen.nl\/de\/metall-3d-gemaelde-kuehe-auf-der-wiese-120x80cm\/#local-main-organization-logo\"},\"image\":{\"@id\":\"https:\/\/www.eliassen.nl\/de\/metall-3d-gemaelde-kuehe-auf-der-wiese-120x80cm\/#local-main-organization-logo\"},\"sameAs\":[\"https:\/\/www.facebook.com\/TuincentrumEliassenAmmerzoden\",\"https:\/\/www.instagram.com\/eliassenhomeandgarden\/\",\"https:\/\/nl.pinterest.com\/eliassenhomeandgarden\/\",\"https:\/\/www.youtube.com\/@eliassenhomegardenpleasure4558\"],\"telephone\":[],\"openingHoursSpecification\":[{\"@type\":\"OpeningHoursSpecification\",\"dayOfWeek\":[\"Monday\",\"Tuesday\",\"Wednesday\",\"Thursday\",\"Friday\",\"Saturday\",\"Sunday\"],\"opens\":\"09:00\",\"closes\":\"17:00\"}]},{\"@type\":\"ImageObject\",\"inLanguage\":\"de\",\"@id\":\"https:\/\/www.eliassen.nl\/de\/metall-3d-gemaelde-kuehe-auf-der-wiese-120x80cm\/#local-main-organization-logo\",\"url\":\"https:\/\/www.eliassen.nl\/wp-content\/uploads\/2024\/01\/logo_4nd.jpg\",\"contentUrl\":\"https:\/\/www.eliassen.nl\/wp-content\/uploads\/2024\/01\/logo_4nd.jpg\",\"width\":500,\"height\":500,\"caption\":\"Eliassen Home & Garden Pleasure\"}]}<\/script>\n<meta property=\"product:price:amount\" content=\"199.00\" \/>\n<meta property=\"product:price:currency\" content=\"EUR\" \/>\n<meta property=\"og:availability\" content=\"instock\" \/>\n<meta property=\"product:availability\" content=\"instock\" \/>\n<meta property=\"product:retailer_item_id\" content=\"T2968\" \/>\n<meta property=\"product:condition\" content=\"new\" \/>\n<!-- \/ Yoast SEO Premium plugin. -->","yoast_head_json":{"title":"Metall 3d Gem\u00e4lde K\u00fche auf der Wiese 120x80cm - Eliassen.nl","description":"Ein l\u00e4ndliches Gem\u00e4lde f\u00fcr jedes Interieur. Ein Gem\u00e4lde aus Metall, das f\u00fcnf K\u00fche auf einer Wiese zeigt. Gr\u00f6\u00dfe 80x120cm.","robots":{"index":"index","follow":"follow","max-snippet":"max-snippet:-1","max-image-preview":"max-image-preview:large","max-video-preview":"max-video-preview:-1"},"canonical":"https:\/\/www.eliassen.nl\/de\/metall-3d-gemaelde-kuehe-auf-der-wiese-120x80cm\/","og_locale":"de_DE","og_type":"article","og_title":"Metall 3d Gem\u00e4lde K\u00fche auf der Wiese 120x80cm - Eliassen.nl","og_description":"Ein l\u00e4ndliches Gem\u00e4lde f\u00fcr jedes Interieur. Ein Gem\u00e4lde aus Metall, das f\u00fcnf K\u00fche auf einer Wiese zeigt. Gr\u00f6\u00dfe 80x120cm.","og_url":"https:\/\/www.eliassen.nl\/de\/metall-3d-gemaelde-kuehe-auf-der-wiese-120x80cm\/","og_site_name":"Eliassen.nl","article_publisher":"https:\/\/www.facebook.com\/TuincentrumEliassenAmmerzoden","og_image":[{"width":500,"height":333,"url":"https:\/\/www.eliassen.nl\/wp-content\/uploads\/2025\/12\/metalen-schilerij-koeien-in-de-wei-Eliassen.nl_.jpg","type":"image\/jpeg"}],"twitter_card":"summary_large_image","schema":{"@context":"https:\/\/schema.org","@graph":[{"@type":"WebPage","@id":"https:\/\/www.eliassen.nl\/de\/metall-3d-gemaelde-kuehe-auf-der-wiese-120x80cm\/","url":"https:\/\/www.eliassen.nl\/de\/metall-3d-gemaelde-kuehe-auf-der-wiese-120x80cm\/","name":"Metall 3d Gem\u00e4lde K\u00fche auf der Wiese 120x80cm - Eliassen.nl","isPartOf":{"@id":"https:\/\/www.eliassen.nl\/de\/#website"},"primaryImageOfPage":{"@id":"https:\/\/www.eliassen.nl\/de\/metall-3d-gemaelde-kuehe-auf-der-wiese-120x80cm\/#primaryimage"},"image":{"@id":"https:\/\/www.eliassen.nl\/de\/metall-3d-gemaelde-kuehe-auf-der-wiese-120x80cm\/#primaryimage"},"thumbnailUrl":"https:\/\/www.eliassen.nl\/wp-content\/uploads\/2025\/12\/metalen-schilerij-koeien-in-de-wei-Eliassen.nl_.jpg","datePublished":"2025-12-11T09:08:58+00:00","description":"Ein l\u00e4ndliches Gem\u00e4lde f\u00fcr jedes Interieur. Ein Gem\u00e4lde aus Metall, das f\u00fcnf K\u00fche auf einer Wiese zeigt. Gr\u00f6\u00dfe 80x120cm.","breadcrumb":{"@id":"https:\/\/www.eliassen.nl\/de\/metall-3d-gemaelde-kuehe-auf-der-wiese-120x80cm\/#breadcrumb"},"inLanguage":"de","potentialAction":[{"@type":"ReadAction","target":["https:\/\/www.eliassen.nl\/de\/metall-3d-gemaelde-kuehe-auf-der-wiese-120x80cm\/"]}]},{"@type":"ImageObject","inLanguage":"de","@id":"https:\/\/www.eliassen.nl\/de\/metall-3d-gemaelde-kuehe-auf-der-wiese-120x80cm\/#primaryimage","url":"https:\/\/www.eliassen.nl\/wp-content\/uploads\/2025\/12\/metalen-schilerij-koeien-in-de-wei-Eliassen.nl_.jpg","contentUrl":"https:\/\/www.eliassen.nl\/wp-content\/uploads\/2025\/12\/metalen-schilerij-koeien-in-de-wei-Eliassen.nl_.jpg","width":500,"height":333,"caption":"Metall sch\u00e4lende K\u00fche auf der Weide - Eliassen.de"},{"@type":"BreadcrumbList","@id":"https:\/\/www.eliassen.nl\/de\/metall-3d-gemaelde-kuehe-auf-der-wiese-120x80cm\/#breadcrumb","itemListElement":[{"@type":"ListItem","position":1,"name":"Home","item":"https:\/\/www.eliassen.nl\/de\/"},{"@type":"ListItem","position":2,"name":"Shop","item":"https:\/\/www.eliassen.nl\/de\/shop\/"},{"@type":"ListItem","position":3,"name":"Gem\u00e4lde","item":"https:\/\/www.eliassen.nl\/de\/gemaelde\/"},{"@type":"ListItem","position":4,"name":"Metall 3d Gem\u00e4lde K\u00fche auf der Wiese 120x80cm"}]},{"@type":"WebSite","@id":"https:\/\/www.eliassen.nl\/de\/#website","url":"https:\/\/www.eliassen.nl\/de\/","name":"Eliassen Home & Garden Pleasure","description":"","publisher":{"@id":"https:\/\/www.eliassen.nl\/de\/#organization"},"alternateName":"Eliassen.nl","potentialAction":[{"@type":"SearchAction","target":{"@type":"EntryPoint","urlTemplate":"https:\/\/www.eliassen.nl\/de\/?s={search_term_string}"},"query-input":{"@type":"PropertyValueSpecification","valueRequired":true,"valueName":"search_term_string"}}],"inLanguage":"de"},{"@type":["Organization","Place"],"@id":"https:\/\/www.eliassen.nl\/de\/#organization","name":"Eliassen Home & Garden Pleasure","url":"https:\/\/www.eliassen.nl\/de\/","logo":{"@id":"https:\/\/www.eliassen.nl\/de\/metall-3d-gemaelde-kuehe-auf-der-wiese-120x80cm\/#local-main-organization-logo"},"image":{"@id":"https:\/\/www.eliassen.nl\/de\/metall-3d-gemaelde-kuehe-auf-der-wiese-120x80cm\/#local-main-organization-logo"},"sameAs":["https:\/\/www.facebook.com\/TuincentrumEliassenAmmerzoden","https:\/\/www.instagram.com\/eliassenhomeandgarden\/","https:\/\/nl.pinterest.com\/eliassenhomeandgarden\/","https:\/\/www.youtube.com\/@eliassenhomegardenpleasure4558"],"telephone":[],"openingHoursSpecification":[{"@type":"OpeningHoursSpecification","dayOfWeek":["Monday","Tuesday","Wednesday","Thursday","Friday","Saturday","Sunday"],"opens":"09:00","closes":"17:00"}]},{"@type":"ImageObject","inLanguage":"de","@id":"https:\/\/www.eliassen.nl\/de\/metall-3d-gemaelde-kuehe-auf-der-wiese-120x80cm\/#local-main-organization-logo","url":"https:\/\/www.eliassen.nl\/wp-content\/uploads\/2024\/01\/logo_4nd.jpg","contentUrl":"https:\/\/www.eliassen.nl\/wp-content\/uploads\/2024\/01\/logo_4nd.jpg","width":500,"height":500,"caption":"Eliassen Home & Garden Pleasure"}]},"product_price_amount":"199.00","product_price_currency":"EUR","og_availability":"instock","product_availability":"instock","product_retailer_item_id":"T2968","product_condition":"new"},"df_price":199,"df_sale_price":"","df_regular_price":199,"df_image_link":"https:\/\/www.eliassen.nl\/wp-content\/uploads\/2025\/12\/metalen-schilerij-koeien-in-de-wei-Eliassen.nl_-300x200.jpg","image":"https:\/\/www.eliassen.nl\/wp-content\/uploads\/2025\/12\/metalen-schilerij-koeien-in-de-wei-Eliassen.nl_-150x150.jpg","price_search":"<span class=\"woocommerce-Price-amount amount\"><bdi><span class=\"woocommerce-Price-currencySymbol\">&euro;<\/span>&nbsp;199,00<\/bdi><\/span>","category":"3D Gem\u00e4lde aus Metall","global_unique_id":"5410807029688","_links":{"self":[{"href":"https:\/\/www.eliassen.nl\/de\/wp-json\/wp\/v2\/product\/200939","targetHints":{"allow":["GET"]}}],"collection":[{"href":"https:\/\/www.eliassen.nl\/de\/wp-json\/wp\/v2\/product"}],"about":[{"href":"https:\/\/www.eliassen.nl\/de\/wp-json\/wp\/v2\/types\/product"}],"wp:featuredmedia":[{"embeddable":true,"href":"https:\/\/www.eliassen.nl\/de\/wp-json\/wp\/v2\/media\/200623"}],"wp:attachment":[{"href":"https:\/\/www.eliassen.nl\/de\/wp-json\/wp\/v2\/media?parent=200939"}],"wp:term":[{"taxonomy":"product_brand","embeddable":true,"href":"https:\/\/www.eliassen.nl\/de\/wp-json\/wp\/v2\/product_brand?post=200939"},{"taxonomy":"product_cat","embeddable":true,"href":"https:\/\/www.eliassen.nl\/de\/wp-json\/wp\/v2\/product_cat?post=200939"},{"taxonomy":"product_tag","embeddable":true,"href":"https:\/\/www.eliassen.nl\/de\/wp-json\/wp\/v2\/product_tag?post=200939"}],"curies":[{"name":"wp","href":"https:\/\/api.w.org\/{rel}","templated":true}]}}