{"id":200931,"date":"2025-12-11T09:44:55","date_gmt":"2025-12-11T08:44:55","guid":{"rendered":"https:\/\/www.eliassen.nl\/product\/farbige-glasvase-blau-gelb-aqua-eruption-46cm\/"},"modified":"2026-03-02T15:00:26","modified_gmt":"2026-03-02T14:00:26","slug":"farbige-glasvase-blau-gelb-aqua-eruption-46cm","status":"publish","type":"product","link":"https:\/\/www.eliassen.nl\/de\/farbige-glasvase-blau-gelb-aqua-eruption-46cm\/","title":{"rendered":"Farbige Glasvase blau gelb Aqua Eruption 46cm"},"content":{"rendered":"<p>Diese hohe, einzigartig geformte dekorative Glasvase mit dramatischen Formen an den Seiten ist ein pr\u00e4chtiges Dekorationsst\u00fcck f\u00fcr Ihr Zuhause oder zum Verschenken.<br \/>\nDiese farbige, dekorative Vase mit orangefarbenem und blauem Sockel wird mit der altmodischen, handwerklichen Technik des Glasblasens hergestellt. Das Besondere ist, dass dieses sch\u00f6ne Modell einer Glasvase auf traditionelle Weise aus verschiedenen Glasfarben hergestellt wurde.<\/p>\n<p>Da dieses Glasdekorationsst\u00fcck handgefertigt ist, ist jedes St\u00fcck dieser Serie einzigartig in Aussehen und Farbe. Daher kann diese Glasvase vom Foto abweichen. Bei handgefertigten Glasprodukten k\u00f6nnen Unregelm\u00e4\u00dfigkeiten wie Luftblasen, Schlieren usw. auftreten. Dies ist normal; es k\u00f6nnen keine Anspr\u00fcche geltend gemacht werden.<\/p>\n<ul>\n<li>Material: Glas<\/li>\n<li>Farbe: orange\/gelb und blau<\/li>\n<li>Gr\u00f6\u00dfe: 46cm hoch<\/li>\n<li>Diese Serie von Glasvasen k\u00f6nnen Sie sich auch live bei uns ansehen<\/li>\n<\/ul>\n","protected":false},"excerpt":{"rendered":"<p>Sch\u00f6ne Glasvase. Einzigartig. 46cm hoch.<\/p>\n","protected":false},"featured_media":198454,"template":"","meta":{"_acf_changed":false,"_genesis_title":"","_genesis_description":""},"product_brand":[7505],"product_cat":[812,800],"product_tag":[],"class_list":{"0":"post-200931","1":"product","2":"type-product","3":"status-publish","4":"has-post-thumbnail","6":"product_brand-sonstige","7":"product_cat-farbige-glasvasen","8":"product_cat-glaskunst","10":"first","11":"instock","12":"taxable","13":"shipping-taxable","14":"purchasable","15":"product-type-simple"},"acf":[],"meta_all":{"cor_restricted_countries":[],"total_sales":"3"},"meta_all_flat":{"total_sales":"3"},"yoast_head":"<!-- This site is optimized with the Yoast SEO Premium plugin v26.2 (Yoast SEO v27.2) - https:\/\/yoast.com\/product\/yoast-seo-premium-wordpress\/ -->\n<title>Sonstige Farbige Glasvase blau gelb Aqua Eruption 46cm - Eliassen.nl<\/title>\n<meta name=\"description\" content=\"Eine wundersch\u00f6ne Glasvase in dramatischer und einzigartiger Form. Ein echter Blickfang f\u00fcr Ihr Zuhause oder Ihr Gesch\u00e4ft. Sch\u00f6n mit oder ohne Blumen. Schnelle Lieferung.\" \/>\n<meta name=\"robots\" content=\"index, follow, max-snippet:-1, max-image-preview:large, max-video-preview:-1\" \/>\n<link rel=\"canonical\" href=\"https:\/\/www.eliassen.nl\/de\/farbige-glasvase-blau-gelb-aqua-eruption-46cm\/\" \/>\n<meta property=\"og:locale\" content=\"de_DE\" \/>\n<meta property=\"og:type\" content=\"article\" \/>\n<meta property=\"og:title\" content=\"Sonstige Farbige Glasvase blau gelb Aqua Eruption 46cm - Eliassen.nl\" \/>\n<meta property=\"og:description\" content=\"Eine wundersch\u00f6ne Glasvase in dramatischer und einzigartiger Form. Ein echter Blickfang f\u00fcr Ihr Zuhause oder Ihr Gesch\u00e4ft. Sch\u00f6n mit oder ohne Blumen. Schnelle Lieferung.\" \/>\n<meta property=\"og:url\" content=\"https:\/\/www.eliassen.nl\/de\/farbige-glasvase-blau-gelb-aqua-eruption-46cm\/\" \/>\n<meta property=\"og:site_name\" content=\"Eliassen.nl\" \/>\n<meta property=\"article:publisher\" content=\"https:\/\/www.facebook.com\/TuincentrumEliassenAmmerzoden\" \/>\n<meta property=\"article:modified_time\" content=\"2026-03-02T14:00:26+00:00\" \/>\n<meta property=\"og:image\" content=\"https:\/\/www.eliassen.nl\/wp-content\/uploads\/2025\/11\/Gekleurde-glazen-vaas-blauw-geel-Aqua-Eruptie-46cm-eliassen.nl-1.jpg\" \/>\n\t<meta property=\"og:image:width\" content=\"1200\" \/>\n\t<meta property=\"og:image:height\" content=\"1600\" \/>\n\t<meta property=\"og:image:type\" content=\"image\/jpeg\" \/>\n<meta name=\"twitter:card\" content=\"summary_large_image\" \/>\n<script type=\"application\/ld+json\" class=\"yoast-schema-graph\">{\"@context\":\"https:\/\/schema.org\",\"@graph\":[{\"@type\":\"WebPage\",\"@id\":\"https:\/\/www.eliassen.nl\/de\/farbige-glasvase-blau-gelb-aqua-eruption-46cm\/\",\"url\":\"https:\/\/www.eliassen.nl\/de\/farbige-glasvase-blau-gelb-aqua-eruption-46cm\/\",\"name\":\"Sonstige Farbige Glasvase blau gelb Aqua Eruption 46cm - Eliassen.nl\",\"isPartOf\":{\"@id\":\"https:\/\/www.eliassen.nl\/de\/#website\"},\"primaryImageOfPage\":{\"@id\":\"https:\/\/www.eliassen.nl\/de\/farbige-glasvase-blau-gelb-aqua-eruption-46cm\/#primaryimage\"},\"image\":{\"@id\":\"https:\/\/www.eliassen.nl\/de\/farbige-glasvase-blau-gelb-aqua-eruption-46cm\/#primaryimage\"},\"thumbnailUrl\":\"https:\/\/www.eliassen.nl\/wp-content\/uploads\/2025\/11\/Gekleurde-glazen-vaas-blauw-geel-Aqua-Eruptie-46cm-eliassen.nl-1.jpg\",\"datePublished\":\"2025-12-11T08:44:55+00:00\",\"dateModified\":\"2026-03-02T14:00:26+00:00\",\"description\":\"Eine wundersch\u00f6ne Glasvase in dramatischer und einzigartiger Form. Ein echter Blickfang f\u00fcr Ihr Zuhause oder Ihr Gesch\u00e4ft. Sch\u00f6n mit oder ohne Blumen. Schnelle Lieferung.\",\"breadcrumb\":{\"@id\":\"https:\/\/www.eliassen.nl\/de\/farbige-glasvase-blau-gelb-aqua-eruption-46cm\/#breadcrumb\"},\"inLanguage\":\"de\",\"potentialAction\":[{\"@type\":\"ReadAction\",\"target\":[\"https:\/\/www.eliassen.nl\/de\/farbige-glasvase-blau-gelb-aqua-eruption-46cm\/\"]}]},{\"@type\":\"ImageObject\",\"inLanguage\":\"de\",\"@id\":\"https:\/\/www.eliassen.nl\/de\/farbige-glasvase-blau-gelb-aqua-eruption-46cm\/#primaryimage\",\"url\":\"https:\/\/www.eliassen.nl\/wp-content\/uploads\/2025\/11\/Gekleurde-glazen-vaas-blauw-geel-Aqua-Eruptie-46cm-eliassen.nl-1.jpg\",\"contentUrl\":\"https:\/\/www.eliassen.nl\/wp-content\/uploads\/2025\/11\/Gekleurde-glazen-vaas-blauw-geel-Aqua-Eruptie-46cm-eliassen.nl-1.jpg\",\"width\":1200,\"height\":1600,\"caption\":\"Farbige Glasvase blau gelb Aqua Eruption 46cm eliassen.nl\"},{\"@type\":\"BreadcrumbList\",\"@id\":\"https:\/\/www.eliassen.nl\/de\/farbige-glasvase-blau-gelb-aqua-eruption-46cm\/#breadcrumb\",\"itemListElement\":[{\"@type\":\"ListItem\",\"position\":1,\"name\":\"Home\",\"item\":\"https:\/\/www.eliassen.nl\/de\/\"},{\"@type\":\"ListItem\",\"position\":2,\"name\":\"Shop\",\"item\":\"https:\/\/www.eliassen.nl\/de\/shop\/\"},{\"@type\":\"ListItem\",\"position\":3,\"name\":\"Glaskunst\",\"item\":\"https:\/\/www.eliassen.nl\/de\/glaskunst\/\"},{\"@type\":\"ListItem\",\"position\":4,\"name\":\"Farbige Glasvase blau gelb Aqua Eruption 46cm\"}]},{\"@type\":\"WebSite\",\"@id\":\"https:\/\/www.eliassen.nl\/de\/#website\",\"url\":\"https:\/\/www.eliassen.nl\/de\/\",\"name\":\"Eliassen Home & Garden Pleasure\",\"description\":\"\",\"publisher\":{\"@id\":\"https:\/\/www.eliassen.nl\/de\/#organization\"},\"alternateName\":\"Eliassen.nl\",\"potentialAction\":[{\"@type\":\"SearchAction\",\"target\":{\"@type\":\"EntryPoint\",\"urlTemplate\":\"https:\/\/www.eliassen.nl\/de\/?s={search_term_string}\"},\"query-input\":{\"@type\":\"PropertyValueSpecification\",\"valueRequired\":true,\"valueName\":\"search_term_string\"}}],\"inLanguage\":\"de\"},{\"@type\":[\"Organization\",\"Place\"],\"@id\":\"https:\/\/www.eliassen.nl\/de\/#organization\",\"name\":\"Eliassen Home & Garden Pleasure\",\"url\":\"https:\/\/www.eliassen.nl\/de\/\",\"logo\":{\"@id\":\"https:\/\/www.eliassen.nl\/de\/farbige-glasvase-blau-gelb-aqua-eruption-46cm\/#local-main-organization-logo\"},\"image\":{\"@id\":\"https:\/\/www.eliassen.nl\/de\/farbige-glasvase-blau-gelb-aqua-eruption-46cm\/#local-main-organization-logo\"},\"sameAs\":[\"https:\/\/www.facebook.com\/TuincentrumEliassenAmmerzoden\",\"https:\/\/www.instagram.com\/eliassenhomeandgarden\/\",\"https:\/\/nl.pinterest.com\/eliassenhomeandgarden\/\",\"https:\/\/www.youtube.com\/@eliassenhomegardenpleasure4558\"],\"telephone\":[],\"openingHoursSpecification\":[{\"@type\":\"OpeningHoursSpecification\",\"dayOfWeek\":[\"Monday\",\"Tuesday\",\"Wednesday\",\"Thursday\",\"Friday\",\"Saturday\",\"Sunday\"],\"opens\":\"09:00\",\"closes\":\"17:00\"}]},{\"@type\":\"ImageObject\",\"inLanguage\":\"de\",\"@id\":\"https:\/\/www.eliassen.nl\/de\/farbige-glasvase-blau-gelb-aqua-eruption-46cm\/#local-main-organization-logo\",\"url\":\"https:\/\/www.eliassen.nl\/wp-content\/uploads\/2024\/01\/logo_4nd.jpg\",\"contentUrl\":\"https:\/\/www.eliassen.nl\/wp-content\/uploads\/2024\/01\/logo_4nd.jpg\",\"width\":500,\"height\":500,\"caption\":\"Eliassen Home & Garden Pleasure\"}]}<\/script>\n<meta property=\"product:price:amount\" content=\"115.00\" \/>\n<meta property=\"product:price:currency\" content=\"EUR\" \/>\n<meta property=\"og:availability\" content=\"instock\" \/>\n<meta property=\"product:availability\" content=\"instock\" \/>\n<meta property=\"product:retailer_item_id\" content=\"Gl1360\" \/>\n<meta property=\"product:condition\" content=\"new\" \/>\n<!-- \/ Yoast SEO Premium plugin. -->","yoast_head_json":{"title":"Sonstige Farbige Glasvase blau gelb Aqua Eruption 46cm - Eliassen.nl","description":"Eine wundersch\u00f6ne Glasvase in dramatischer und einzigartiger Form. Ein echter Blickfang f\u00fcr Ihr Zuhause oder Ihr Gesch\u00e4ft. Sch\u00f6n mit oder ohne Blumen. Schnelle Lieferung.","robots":{"index":"index","follow":"follow","max-snippet":"max-snippet:-1","max-image-preview":"max-image-preview:large","max-video-preview":"max-video-preview:-1"},"canonical":"https:\/\/www.eliassen.nl\/de\/farbige-glasvase-blau-gelb-aqua-eruption-46cm\/","og_locale":"de_DE","og_type":"article","og_title":"Sonstige Farbige Glasvase blau gelb Aqua Eruption 46cm - Eliassen.nl","og_description":"Eine wundersch\u00f6ne Glasvase in dramatischer und einzigartiger Form. Ein echter Blickfang f\u00fcr Ihr Zuhause oder Ihr Gesch\u00e4ft. Sch\u00f6n mit oder ohne Blumen. Schnelle Lieferung.","og_url":"https:\/\/www.eliassen.nl\/de\/farbige-glasvase-blau-gelb-aqua-eruption-46cm\/","og_site_name":"Eliassen.nl","article_publisher":"https:\/\/www.facebook.com\/TuincentrumEliassenAmmerzoden","article_modified_time":"2026-03-02T14:00:26+00:00","og_image":[{"width":1200,"height":1600,"url":"https:\/\/www.eliassen.nl\/wp-content\/uploads\/2025\/11\/Gekleurde-glazen-vaas-blauw-geel-Aqua-Eruptie-46cm-eliassen.nl-1.jpg","type":"image\/jpeg"}],"twitter_card":"summary_large_image","schema":{"@context":"https:\/\/schema.org","@graph":[{"@type":"WebPage","@id":"https:\/\/www.eliassen.nl\/de\/farbige-glasvase-blau-gelb-aqua-eruption-46cm\/","url":"https:\/\/www.eliassen.nl\/de\/farbige-glasvase-blau-gelb-aqua-eruption-46cm\/","name":"Sonstige Farbige Glasvase blau gelb Aqua Eruption 46cm - Eliassen.nl","isPartOf":{"@id":"https:\/\/www.eliassen.nl\/de\/#website"},"primaryImageOfPage":{"@id":"https:\/\/www.eliassen.nl\/de\/farbige-glasvase-blau-gelb-aqua-eruption-46cm\/#primaryimage"},"image":{"@id":"https:\/\/www.eliassen.nl\/de\/farbige-glasvase-blau-gelb-aqua-eruption-46cm\/#primaryimage"},"thumbnailUrl":"https:\/\/www.eliassen.nl\/wp-content\/uploads\/2025\/11\/Gekleurde-glazen-vaas-blauw-geel-Aqua-Eruptie-46cm-eliassen.nl-1.jpg","datePublished":"2025-12-11T08:44:55+00:00","dateModified":"2026-03-02T14:00:26+00:00","description":"Eine wundersch\u00f6ne Glasvase in dramatischer und einzigartiger Form. Ein echter Blickfang f\u00fcr Ihr Zuhause oder Ihr Gesch\u00e4ft. Sch\u00f6n mit oder ohne Blumen. Schnelle Lieferung.","breadcrumb":{"@id":"https:\/\/www.eliassen.nl\/de\/farbige-glasvase-blau-gelb-aqua-eruption-46cm\/#breadcrumb"},"inLanguage":"de","potentialAction":[{"@type":"ReadAction","target":["https:\/\/www.eliassen.nl\/de\/farbige-glasvase-blau-gelb-aqua-eruption-46cm\/"]}]},{"@type":"ImageObject","inLanguage":"de","@id":"https:\/\/www.eliassen.nl\/de\/farbige-glasvase-blau-gelb-aqua-eruption-46cm\/#primaryimage","url":"https:\/\/www.eliassen.nl\/wp-content\/uploads\/2025\/11\/Gekleurde-glazen-vaas-blauw-geel-Aqua-Eruptie-46cm-eliassen.nl-1.jpg","contentUrl":"https:\/\/www.eliassen.nl\/wp-content\/uploads\/2025\/11\/Gekleurde-glazen-vaas-blauw-geel-Aqua-Eruptie-46cm-eliassen.nl-1.jpg","width":1200,"height":1600,"caption":"Farbige Glasvase blau gelb Aqua Eruption 46cm eliassen.nl"},{"@type":"BreadcrumbList","@id":"https:\/\/www.eliassen.nl\/de\/farbige-glasvase-blau-gelb-aqua-eruption-46cm\/#breadcrumb","itemListElement":[{"@type":"ListItem","position":1,"name":"Home","item":"https:\/\/www.eliassen.nl\/de\/"},{"@type":"ListItem","position":2,"name":"Shop","item":"https:\/\/www.eliassen.nl\/de\/shop\/"},{"@type":"ListItem","position":3,"name":"Glaskunst","item":"https:\/\/www.eliassen.nl\/de\/glaskunst\/"},{"@type":"ListItem","position":4,"name":"Farbige Glasvase blau gelb Aqua Eruption 46cm"}]},{"@type":"WebSite","@id":"https:\/\/www.eliassen.nl\/de\/#website","url":"https:\/\/www.eliassen.nl\/de\/","name":"Eliassen Home & Garden Pleasure","description":"","publisher":{"@id":"https:\/\/www.eliassen.nl\/de\/#organization"},"alternateName":"Eliassen.nl","potentialAction":[{"@type":"SearchAction","target":{"@type":"EntryPoint","urlTemplate":"https:\/\/www.eliassen.nl\/de\/?s={search_term_string}"},"query-input":{"@type":"PropertyValueSpecification","valueRequired":true,"valueName":"search_term_string"}}],"inLanguage":"de"},{"@type":["Organization","Place"],"@id":"https:\/\/www.eliassen.nl\/de\/#organization","name":"Eliassen Home & Garden Pleasure","url":"https:\/\/www.eliassen.nl\/de\/","logo":{"@id":"https:\/\/www.eliassen.nl\/de\/farbige-glasvase-blau-gelb-aqua-eruption-46cm\/#local-main-organization-logo"},"image":{"@id":"https:\/\/www.eliassen.nl\/de\/farbige-glasvase-blau-gelb-aqua-eruption-46cm\/#local-main-organization-logo"},"sameAs":["https:\/\/www.facebook.com\/TuincentrumEliassenAmmerzoden","https:\/\/www.instagram.com\/eliassenhomeandgarden\/","https:\/\/nl.pinterest.com\/eliassenhomeandgarden\/","https:\/\/www.youtube.com\/@eliassenhomegardenpleasure4558"],"telephone":[],"openingHoursSpecification":[{"@type":"OpeningHoursSpecification","dayOfWeek":["Monday","Tuesday","Wednesday","Thursday","Friday","Saturday","Sunday"],"opens":"09:00","closes":"17:00"}]},{"@type":"ImageObject","inLanguage":"de","@id":"https:\/\/www.eliassen.nl\/de\/farbige-glasvase-blau-gelb-aqua-eruption-46cm\/#local-main-organization-logo","url":"https:\/\/www.eliassen.nl\/wp-content\/uploads\/2024\/01\/logo_4nd.jpg","contentUrl":"https:\/\/www.eliassen.nl\/wp-content\/uploads\/2024\/01\/logo_4nd.jpg","width":500,"height":500,"caption":"Eliassen Home & Garden Pleasure"}]},"product_price_amount":"115.00","product_price_currency":"EUR","og_availability":"instock","product_availability":"instock","product_retailer_item_id":"Gl1360","product_condition":"new"},"df_price":115,"df_sale_price":"","df_regular_price":115,"df_image_link":"https:\/\/www.eliassen.nl\/wp-content\/uploads\/2025\/11\/Gekleurde-glazen-vaas-blauw-geel-Aqua-Eruptie-46cm-eliassen.nl-1-225x300.jpg","image":"https:\/\/www.eliassen.nl\/wp-content\/uploads\/2025\/11\/Gekleurde-glazen-vaas-blauw-geel-Aqua-Eruptie-46cm-eliassen.nl-1-150x150.jpg","price_search":"<span class=\"woocommerce-Price-amount amount\"><bdi><span class=\"woocommerce-Price-currencySymbol\">&euro;<\/span>&nbsp;115,00<\/bdi><\/span>","category":"Farbige Glasvasen","global_unique_id":"6096515197148","_links":{"self":[{"href":"https:\/\/www.eliassen.nl\/de\/wp-json\/wp\/v2\/product\/200931","targetHints":{"allow":["GET"]}}],"collection":[{"href":"https:\/\/www.eliassen.nl\/de\/wp-json\/wp\/v2\/product"}],"about":[{"href":"https:\/\/www.eliassen.nl\/de\/wp-json\/wp\/v2\/types\/product"}],"wp:featuredmedia":[{"embeddable":true,"href":"https:\/\/www.eliassen.nl\/de\/wp-json\/wp\/v2\/media\/198454"}],"wp:attachment":[{"href":"https:\/\/www.eliassen.nl\/de\/wp-json\/wp\/v2\/media?parent=200931"}],"wp:term":[{"taxonomy":"product_brand","embeddable":true,"href":"https:\/\/www.eliassen.nl\/de\/wp-json\/wp\/v2\/product_brand?post=200931"},{"taxonomy":"product_cat","embeddable":true,"href":"https:\/\/www.eliassen.nl\/de\/wp-json\/wp\/v2\/product_cat?post=200931"},{"taxonomy":"product_tag","embeddable":true,"href":"https:\/\/www.eliassen.nl\/de\/wp-json\/wp\/v2\/product_tag?post=200931"}],"curies":[{"name":"wp","href":"https:\/\/api.w.org\/{rel}","templated":true}]}}