{"id":200681,"date":"2025-03-13T15:51:46","date_gmt":"2025-03-13T14:51:46","guid":{"rendered":"https:\/\/www.eliassen.nl\/product\/terrassenbrunnen-mikrona-mit-ueberlaufbecken-90cm-grau\/"},"modified":"2026-04-21T14:14:39","modified_gmt":"2026-04-21T12:14:39","slug":"terrassenbrunnen-mikrona-mit-ueberlaufbecken-90cm-grau","status":"publish","type":"product","link":"https:\/\/www.eliassen.nl\/de\/terrassenbrunnen-mikrona-mit-ueberlaufbecken-90cm-grau\/","title":{"rendered":"Terrassenbrunnen Mikrona mit \u00dcberlaufbecken 90cm grau"},"content":{"rendered":"<div style=\"width: 1280px;\" class=\"wp-video\"><video class=\"wp-video-shortcode\" id=\"video-200681-1\" width=\"1280\" height=\"720\" preload=\"metadata\" controls=\"controls\"><source type=\"video\/mp4\" src=\"https:\/\/www.eliassen.nl\/wp-content\/uploads\/2026\/04\/VID_20260410_165434.mp4?_=1\" \/><a href=\"https:\/\/www.eliassen.nl\/wp-content\/uploads\/2026\/04\/VID_20260410_165434.mp4\">https:\/\/www.eliassen.nl\/wp-content\/uploads\/2026\/04\/VID_20260410_165434.mp4<\/a><\/video><\/div>\n<p>Ein stabiler Terrassenbrunnen mit abstraktem Aussehen, der \u00fcberall aufgestellt werden kann. Hergestellt aus dem starken und farbechten Polyresin. Sie k\u00f6nnen dieses Modell \u00fcberall aufstellen, denn dieses Modell ist autark, da sich die Wasserversorgung im Boden des Brunnens befindet.<\/p>\n<p>Sie k\u00f6nnen diesen Brunnen auch in Innenr\u00e4umen oder im B\u00fcro verwenden. Genie\u00dfen Sie den beruhigenden Klang des pl\u00e4tschernden Wassers und erh\u00f6hen Sie die Luftfeuchtigkeit f\u00fcr eine optimale Wohn- oder Arbeitsumgebung.<\/p>\n<p>Bei diesem Modell flie\u00dft das Wasser von oben nach unten in die Schalen.<\/p>\n<ul>\n<li>Gr\u00f6\u00dfe: 38x32x90cm hoch<\/li>\n<li>Farbe: Grau<\/li>\n<li>Material: Kunststoff &#8211; Polyresin<\/li>\n<li>Mit bis zu 3 LED-Leuchten<\/li>\n<li>Nicht gef\u00e4rbtes Modell, das Material hat diese Farbe von selbst<\/li>\n<li>Ausgestattet mit einer 600-Liter-Pumpe, 10 Meter langes Kabel<\/li>\n<li>Garantie 1 Jahr, ausgenommen Pumpenausf\u00e4lle durch Trockenlauf oder Frostsch\u00e4den.<\/li>\n<li>Nirgendwo sonst zu verkaufen, eigenes Modell<\/li>\n<\/ul>\n","protected":false},"excerpt":{"rendered":"<p>\u2713 Solide Qualit\u00e4t \u2713 Leichtes Gewicht<\/p>\n","protected":false},"featured_media":173862,"template":"","meta":{"_acf_changed":false,"_genesis_title":"","_genesis_description":""},"product_brand":[6916],"product_cat":[539,599,548,536,542,581,602],"product_tag":[7371],"class_list":{"0":"post-200681","1":"product","2":"type-product","3":"status-publish","4":"has-post-thumbnail","6":"product_brand-eliassen-de","7":"product_cat-einzigartige-eigene-modelle-von-losen-wasserspiele","8":"product_cat-guenstige-wasserspiele","9":"product_cat-terrassenbrunnen","10":"product_cat-wassereigenschaften","11":"product_cat-wasserspiele-am-ausgang","12":"product_cat-wasserspiele-aus-kunststoff","13":"product_cat-zimmerbrunnen","14":"product_tag-kunststoff-wasserornamente","16":"first","17":"instock","18":"taxable","19":"shipping-taxable","20":"purchasable","21":"product-type-simple"},"acf":[],"meta_all":{"cor_restricted_countries":[],"total_sales":"8"},"meta_all_flat":{"total_sales":"8"},"yoast_head":"<!-- This site is optimized with the Yoast SEO Premium plugin v26.2 (Yoast SEO v27.2) - https:\/\/yoast.com\/product\/yoast-seo-premium-wordpress\/ -->\n<title>Eliassen Terrassenbrunnen Mikrona mit \u00dcberlaufbecken 90cm grau - Eliassen.nl<\/title>\n<meta name=\"description\" content=\"Sind Sie auf der Suche nach einer lustigen Erg\u00e4nzung f\u00fcr Ihr Haus oder Ihren Garten mit einem gem\u00fctlichen Wasserger\u00e4usch aus Kabel? Dieses Modell Ornament mit \u00dcberlaufschalen ist leicht.\" \/>\n<meta name=\"robots\" content=\"index, follow, max-snippet:-1, max-image-preview:large, max-video-preview:-1\" \/>\n<link rel=\"canonical\" href=\"https:\/\/www.eliassen.nl\/de\/terrassenbrunnen-mikrona-mit-ueberlaufbecken-90cm-grau\/\" \/>\n<meta property=\"og:locale\" content=\"de_DE\" \/>\n<meta property=\"og:type\" content=\"article\" \/>\n<meta property=\"og:title\" content=\"Eliassen Terrassenbrunnen Mikrona mit \u00dcberlaufbecken 90cm grau - Eliassen.nl\" \/>\n<meta property=\"og:description\" content=\"Sind Sie auf der Suche nach einer lustigen Erg\u00e4nzung f\u00fcr Ihr Haus oder Ihren Garten mit einem gem\u00fctlichen Wasserger\u00e4usch aus Kabel? Dieses Modell Ornament mit \u00dcberlaufschalen ist leicht.\" \/>\n<meta property=\"og:url\" content=\"https:\/\/www.eliassen.nl\/de\/terrassenbrunnen-mikrona-mit-ueberlaufbecken-90cm-grau\/\" \/>\n<meta property=\"og:site_name\" content=\"Eliassen.nl\" \/>\n<meta property=\"article:publisher\" content=\"https:\/\/www.facebook.com\/TuincentrumEliassenAmmerzoden\" \/>\n<meta property=\"article:modified_time\" content=\"2026-04-21T12:14:39+00:00\" \/>\n<meta property=\"og:image\" content=\"https:\/\/www.eliassen.nl\/wp-content\/uploads\/2025\/02\/Terrasfontein-Mikrona-90cm-Eliassen.nl-LR63358.jpg\" \/>\n\t<meta property=\"og:image:width\" content=\"1000\" \/>\n\t<meta property=\"og:image:height\" content=\"1500\" \/>\n\t<meta property=\"og:image:type\" content=\"image\/jpeg\" \/>\n<meta name=\"twitter:card\" content=\"summary_large_image\" \/>\n<script type=\"application\/ld+json\" class=\"yoast-schema-graph\">{\"@context\":\"https:\/\/schema.org\",\"@graph\":[{\"@type\":\"WebPage\",\"@id\":\"https:\/\/www.eliassen.nl\/de\/terrassenbrunnen-mikrona-mit-ueberlaufbecken-90cm-grau\/\",\"url\":\"https:\/\/www.eliassen.nl\/de\/terrassenbrunnen-mikrona-mit-ueberlaufbecken-90cm-grau\/\",\"name\":\"Eliassen Terrassenbrunnen Mikrona mit \u00dcberlaufbecken 90cm grau - Eliassen.nl\",\"isPartOf\":{\"@id\":\"https:\/\/www.eliassen.nl\/de\/#website\"},\"primaryImageOfPage\":{\"@id\":\"https:\/\/www.eliassen.nl\/de\/terrassenbrunnen-mikrona-mit-ueberlaufbecken-90cm-grau\/#primaryimage\"},\"image\":{\"@id\":\"https:\/\/www.eliassen.nl\/de\/terrassenbrunnen-mikrona-mit-ueberlaufbecken-90cm-grau\/#primaryimage\"},\"thumbnailUrl\":\"https:\/\/www.eliassen.nl\/wp-content\/uploads\/2025\/02\/Terrasfontein-Mikrona-90cm-Eliassen.nl-LR63358.jpg\",\"datePublished\":\"2025-03-13T14:51:46+00:00\",\"dateModified\":\"2026-04-21T12:14:39+00:00\",\"description\":\"Sind Sie auf der Suche nach einer lustigen Erg\u00e4nzung f\u00fcr Ihr Haus oder Ihren Garten mit einem gem\u00fctlichen Wasserger\u00e4usch aus Kabel? Dieses Modell Ornament mit \u00dcberlaufschalen ist leicht.\",\"breadcrumb\":{\"@id\":\"https:\/\/www.eliassen.nl\/de\/terrassenbrunnen-mikrona-mit-ueberlaufbecken-90cm-grau\/#breadcrumb\"},\"inLanguage\":\"de\",\"potentialAction\":[{\"@type\":\"ReadAction\",\"target\":[\"https:\/\/www.eliassen.nl\/de\/terrassenbrunnen-mikrona-mit-ueberlaufbecken-90cm-grau\/\"]}]},{\"@type\":\"ImageObject\",\"inLanguage\":\"de\",\"@id\":\"https:\/\/www.eliassen.nl\/de\/terrassenbrunnen-mikrona-mit-ueberlaufbecken-90cm-grau\/#primaryimage\",\"url\":\"https:\/\/www.eliassen.nl\/wp-content\/uploads\/2025\/02\/Terrasfontein-Mikrona-90cm-Eliassen.nl-LR63358.jpg\",\"contentUrl\":\"https:\/\/www.eliassen.nl\/wp-content\/uploads\/2025\/02\/Terrasfontein-Mikrona-90cm-Eliassen.nl-LR63358.jpg\",\"width\":1000,\"height\":1500},{\"@type\":\"BreadcrumbList\",\"@id\":\"https:\/\/www.eliassen.nl\/de\/terrassenbrunnen-mikrona-mit-ueberlaufbecken-90cm-grau\/#breadcrumb\",\"itemListElement\":[{\"@type\":\"ListItem\",\"position\":1,\"name\":\"Home\",\"item\":\"https:\/\/www.eliassen.nl\/de\/\"},{\"@type\":\"ListItem\",\"position\":2,\"name\":\"Shop\",\"item\":\"https:\/\/www.eliassen.nl\/de\/shop\/\"},{\"@type\":\"ListItem\",\"position\":3,\"name\":\"Wasserspiele\",\"item\":\"https:\/\/www.eliassen.nl\/de\/wassereigenschaften\/\"},{\"@type\":\"ListItem\",\"position\":4,\"name\":\"Terrassenbrunnen Mikrona mit \u00dcberlaufbecken 90cm grau\"}]},{\"@type\":\"WebSite\",\"@id\":\"https:\/\/www.eliassen.nl\/de\/#website\",\"url\":\"https:\/\/www.eliassen.nl\/de\/\",\"name\":\"Eliassen Home & Garden Pleasure\",\"description\":\"\",\"publisher\":{\"@id\":\"https:\/\/www.eliassen.nl\/de\/#organization\"},\"alternateName\":\"Eliassen.nl\",\"potentialAction\":[{\"@type\":\"SearchAction\",\"target\":{\"@type\":\"EntryPoint\",\"urlTemplate\":\"https:\/\/www.eliassen.nl\/de\/?s={search_term_string}\"},\"query-input\":{\"@type\":\"PropertyValueSpecification\",\"valueRequired\":true,\"valueName\":\"search_term_string\"}}],\"inLanguage\":\"de\"},{\"@type\":[\"Organization\",\"Place\"],\"@id\":\"https:\/\/www.eliassen.nl\/de\/#organization\",\"name\":\"Eliassen Home & Garden Pleasure\",\"url\":\"https:\/\/www.eliassen.nl\/de\/\",\"logo\":{\"@id\":\"https:\/\/www.eliassen.nl\/de\/terrassenbrunnen-mikrona-mit-ueberlaufbecken-90cm-grau\/#local-main-organization-logo\"},\"image\":{\"@id\":\"https:\/\/www.eliassen.nl\/de\/terrassenbrunnen-mikrona-mit-ueberlaufbecken-90cm-grau\/#local-main-organization-logo\"},\"sameAs\":[\"https:\/\/www.facebook.com\/TuincentrumEliassenAmmerzoden\",\"https:\/\/www.instagram.com\/eliassenhomeandgarden\/\",\"https:\/\/nl.pinterest.com\/eliassenhomeandgarden\/\",\"https:\/\/www.youtube.com\/@eliassenhomegardenpleasure4558\"],\"telephone\":[],\"openingHoursSpecification\":[{\"@type\":\"OpeningHoursSpecification\",\"dayOfWeek\":[\"Monday\",\"Tuesday\",\"Wednesday\",\"Thursday\",\"Friday\",\"Saturday\",\"Sunday\"],\"opens\":\"09:00\",\"closes\":\"17:00\"}]},{\"@type\":\"ImageObject\",\"inLanguage\":\"de\",\"@id\":\"https:\/\/www.eliassen.nl\/de\/terrassenbrunnen-mikrona-mit-ueberlaufbecken-90cm-grau\/#local-main-organization-logo\",\"url\":\"https:\/\/www.eliassen.nl\/wp-content\/uploads\/2024\/01\/logo_4nd.jpg\",\"contentUrl\":\"https:\/\/www.eliassen.nl\/wp-content\/uploads\/2024\/01\/logo_4nd.jpg\",\"width\":500,\"height\":500,\"caption\":\"Eliassen Home & Garden Pleasure\"}]}<\/script>\n<meta property=\"product:price:amount\" content=\"249.00\" \/>\n<meta property=\"product:price:currency\" content=\"EUR\" \/>\n<meta property=\"og:availability\" content=\"instock\" \/>\n<meta property=\"product:availability\" content=\"instock\" \/>\n<meta property=\"product:retailer_item_id\" content=\"lr63358\" \/>\n<meta property=\"product:condition\" content=\"new\" \/>\n<!-- \/ Yoast SEO Premium plugin. -->","yoast_head_json":{"title":"Eliassen Terrassenbrunnen Mikrona mit \u00dcberlaufbecken 90cm grau - Eliassen.nl","description":"Sind Sie auf der Suche nach einer lustigen Erg\u00e4nzung f\u00fcr Ihr Haus oder Ihren Garten mit einem gem\u00fctlichen Wasserger\u00e4usch aus Kabel? Dieses Modell Ornament mit \u00dcberlaufschalen ist leicht.","robots":{"index":"index","follow":"follow","max-snippet":"max-snippet:-1","max-image-preview":"max-image-preview:large","max-video-preview":"max-video-preview:-1"},"canonical":"https:\/\/www.eliassen.nl\/de\/terrassenbrunnen-mikrona-mit-ueberlaufbecken-90cm-grau\/","og_locale":"de_DE","og_type":"article","og_title":"Eliassen Terrassenbrunnen Mikrona mit \u00dcberlaufbecken 90cm grau - Eliassen.nl","og_description":"Sind Sie auf der Suche nach einer lustigen Erg\u00e4nzung f\u00fcr Ihr Haus oder Ihren Garten mit einem gem\u00fctlichen Wasserger\u00e4usch aus Kabel? Dieses Modell Ornament mit \u00dcberlaufschalen ist leicht.","og_url":"https:\/\/www.eliassen.nl\/de\/terrassenbrunnen-mikrona-mit-ueberlaufbecken-90cm-grau\/","og_site_name":"Eliassen.nl","article_publisher":"https:\/\/www.facebook.com\/TuincentrumEliassenAmmerzoden","article_modified_time":"2026-04-21T12:14:39+00:00","og_image":[{"width":1000,"height":1500,"url":"https:\/\/www.eliassen.nl\/wp-content\/uploads\/2025\/02\/Terrasfontein-Mikrona-90cm-Eliassen.nl-LR63358.jpg","type":"image\/jpeg"}],"twitter_card":"summary_large_image","schema":{"@context":"https:\/\/schema.org","@graph":[{"@type":"WebPage","@id":"https:\/\/www.eliassen.nl\/de\/terrassenbrunnen-mikrona-mit-ueberlaufbecken-90cm-grau\/","url":"https:\/\/www.eliassen.nl\/de\/terrassenbrunnen-mikrona-mit-ueberlaufbecken-90cm-grau\/","name":"Eliassen Terrassenbrunnen Mikrona mit \u00dcberlaufbecken 90cm grau - Eliassen.nl","isPartOf":{"@id":"https:\/\/www.eliassen.nl\/de\/#website"},"primaryImageOfPage":{"@id":"https:\/\/www.eliassen.nl\/de\/terrassenbrunnen-mikrona-mit-ueberlaufbecken-90cm-grau\/#primaryimage"},"image":{"@id":"https:\/\/www.eliassen.nl\/de\/terrassenbrunnen-mikrona-mit-ueberlaufbecken-90cm-grau\/#primaryimage"},"thumbnailUrl":"https:\/\/www.eliassen.nl\/wp-content\/uploads\/2025\/02\/Terrasfontein-Mikrona-90cm-Eliassen.nl-LR63358.jpg","datePublished":"2025-03-13T14:51:46+00:00","dateModified":"2026-04-21T12:14:39+00:00","description":"Sind Sie auf der Suche nach einer lustigen Erg\u00e4nzung f\u00fcr Ihr Haus oder Ihren Garten mit einem gem\u00fctlichen Wasserger\u00e4usch aus Kabel? Dieses Modell Ornament mit \u00dcberlaufschalen ist leicht.","breadcrumb":{"@id":"https:\/\/www.eliassen.nl\/de\/terrassenbrunnen-mikrona-mit-ueberlaufbecken-90cm-grau\/#breadcrumb"},"inLanguage":"de","potentialAction":[{"@type":"ReadAction","target":["https:\/\/www.eliassen.nl\/de\/terrassenbrunnen-mikrona-mit-ueberlaufbecken-90cm-grau\/"]}]},{"@type":"ImageObject","inLanguage":"de","@id":"https:\/\/www.eliassen.nl\/de\/terrassenbrunnen-mikrona-mit-ueberlaufbecken-90cm-grau\/#primaryimage","url":"https:\/\/www.eliassen.nl\/wp-content\/uploads\/2025\/02\/Terrasfontein-Mikrona-90cm-Eliassen.nl-LR63358.jpg","contentUrl":"https:\/\/www.eliassen.nl\/wp-content\/uploads\/2025\/02\/Terrasfontein-Mikrona-90cm-Eliassen.nl-LR63358.jpg","width":1000,"height":1500},{"@type":"BreadcrumbList","@id":"https:\/\/www.eliassen.nl\/de\/terrassenbrunnen-mikrona-mit-ueberlaufbecken-90cm-grau\/#breadcrumb","itemListElement":[{"@type":"ListItem","position":1,"name":"Home","item":"https:\/\/www.eliassen.nl\/de\/"},{"@type":"ListItem","position":2,"name":"Shop","item":"https:\/\/www.eliassen.nl\/de\/shop\/"},{"@type":"ListItem","position":3,"name":"Wasserspiele","item":"https:\/\/www.eliassen.nl\/de\/wassereigenschaften\/"},{"@type":"ListItem","position":4,"name":"Terrassenbrunnen Mikrona mit \u00dcberlaufbecken 90cm grau"}]},{"@type":"WebSite","@id":"https:\/\/www.eliassen.nl\/de\/#website","url":"https:\/\/www.eliassen.nl\/de\/","name":"Eliassen Home & Garden Pleasure","description":"","publisher":{"@id":"https:\/\/www.eliassen.nl\/de\/#organization"},"alternateName":"Eliassen.nl","potentialAction":[{"@type":"SearchAction","target":{"@type":"EntryPoint","urlTemplate":"https:\/\/www.eliassen.nl\/de\/?s={search_term_string}"},"query-input":{"@type":"PropertyValueSpecification","valueRequired":true,"valueName":"search_term_string"}}],"inLanguage":"de"},{"@type":["Organization","Place"],"@id":"https:\/\/www.eliassen.nl\/de\/#organization","name":"Eliassen Home & Garden Pleasure","url":"https:\/\/www.eliassen.nl\/de\/","logo":{"@id":"https:\/\/www.eliassen.nl\/de\/terrassenbrunnen-mikrona-mit-ueberlaufbecken-90cm-grau\/#local-main-organization-logo"},"image":{"@id":"https:\/\/www.eliassen.nl\/de\/terrassenbrunnen-mikrona-mit-ueberlaufbecken-90cm-grau\/#local-main-organization-logo"},"sameAs":["https:\/\/www.facebook.com\/TuincentrumEliassenAmmerzoden","https:\/\/www.instagram.com\/eliassenhomeandgarden\/","https:\/\/nl.pinterest.com\/eliassenhomeandgarden\/","https:\/\/www.youtube.com\/@eliassenhomegardenpleasure4558"],"telephone":[],"openingHoursSpecification":[{"@type":"OpeningHoursSpecification","dayOfWeek":["Monday","Tuesday","Wednesday","Thursday","Friday","Saturday","Sunday"],"opens":"09:00","closes":"17:00"}]},{"@type":"ImageObject","inLanguage":"de","@id":"https:\/\/www.eliassen.nl\/de\/terrassenbrunnen-mikrona-mit-ueberlaufbecken-90cm-grau\/#local-main-organization-logo","url":"https:\/\/www.eliassen.nl\/wp-content\/uploads\/2024\/01\/logo_4nd.jpg","contentUrl":"https:\/\/www.eliassen.nl\/wp-content\/uploads\/2024\/01\/logo_4nd.jpg","width":500,"height":500,"caption":"Eliassen Home & Garden Pleasure"}]},"product_price_amount":"249.00","product_price_currency":"EUR","og_availability":"instock","product_availability":"instock","product_retailer_item_id":"lr63358","product_condition":"new"},"df_price":249,"df_sale_price":"","df_regular_price":249,"df_image_link":"https:\/\/www.eliassen.nl\/wp-content\/uploads\/2025\/02\/Terrasfontein-Mikrona-90cm-Eliassen.nl-LR63358-200x300.jpg","image":"https:\/\/www.eliassen.nl\/wp-content\/uploads\/2025\/02\/Terrasfontein-Mikrona-90cm-Eliassen.nl-LR63358-150x150.jpg","price_search":"<span class=\"woocommerce-Price-amount amount\"><bdi><span class=\"woocommerce-Price-currencySymbol\">&euro;<\/span>&nbsp;249,00<\/bdi><\/span>","category":"Einzigartige eigene Modelle von losen Wasserspielen","global_unique_id":"6096516413476","_links":{"self":[{"href":"https:\/\/www.eliassen.nl\/de\/wp-json\/wp\/v2\/product\/200681","targetHints":{"allow":["GET"]}}],"collection":[{"href":"https:\/\/www.eliassen.nl\/de\/wp-json\/wp\/v2\/product"}],"about":[{"href":"https:\/\/www.eliassen.nl\/de\/wp-json\/wp\/v2\/types\/product"}],"wp:featuredmedia":[{"embeddable":true,"href":"https:\/\/www.eliassen.nl\/de\/wp-json\/wp\/v2\/media\/173862"}],"wp:attachment":[{"href":"https:\/\/www.eliassen.nl\/de\/wp-json\/wp\/v2\/media?parent=200681"}],"wp:term":[{"taxonomy":"product_brand","embeddable":true,"href":"https:\/\/www.eliassen.nl\/de\/wp-json\/wp\/v2\/product_brand?post=200681"},{"taxonomy":"product_cat","embeddable":true,"href":"https:\/\/www.eliassen.nl\/de\/wp-json\/wp\/v2\/product_cat?post=200681"},{"taxonomy":"product_tag","embeddable":true,"href":"https:\/\/www.eliassen.nl\/de\/wp-json\/wp\/v2\/product_tag?post=200681"}],"curies":[{"name":"wp","href":"https:\/\/api.w.org\/{rel}","templated":true}]}}