{"id":200476,"date":"2025-12-06T11:20:37","date_gmt":"2025-12-06T10:20:37","guid":{"rendered":"https:\/\/www.eliassen.nl\/product\/wandschild-metall-rechteck-vintage-mancave-mercedes-kundenservice-40x60cm\/"},"modified":"2025-12-06T11:28:13","modified_gmt":"2025-12-06T10:28:13","slug":"wandschild-metall-rechteck-vintage-mancave-mercedes-kundenservice-40x60cm","status":"publish","type":"product","link":"https:\/\/www.eliassen.nl\/de\/wandschild-metall-rechteck-vintage-mancave-mercedes-kundenservice-40x60cm\/","title":{"rendered":"Wandschild Metall Rechteck Vintage Mancave Mercedes Kundenservice 40x60cm"},"content":{"rendered":"<p data-path-to-node=\"4\">Vervollst\u00e4ndigen Sie Ihr Arbeitszimmer, Ihre Hausbar oder Ihre Garage mit dieser robusten Wandplatte aus Metall. Nichts strahlt mehr &#8218;Vintage-Atmosph\u00e4re&#8216; aus als ein klassisches Schild an der Wand, und dieses hier ist ein absoluter Blickfang.<\/p>\n<p data-path-to-node=\"5\">Dies ist kein plattes St\u00fcck Blech, sondern ein hochwertiger Teller mit einem Auge f\u00fcrs Detail. Die <b>leicht gew\u00f6lbte<\/b> Oberfl\u00e4che sorgt f\u00fcr einen sch\u00f6nen, klassischen Look, der sich direkt von der Wand abhebt. Dank des <b>taktilen Reliefs<\/b> in der Abbildung gewinnt das Brett an Tiefe und das Design erwacht wirklich zum Leben, besonders wenn Licht darauf f\u00e4llt.<\/p>\n<p data-path-to-node=\"6\">Die Verarbeitung ist von hohem Standard: keine scharfen Kanten, sondern sauber <b>gedrehte Kanten<\/b>, die f\u00fcr Robustheit und ein solides Aussehen sorgen. dieses Modell mit Mercedes Benz ist f\u00fcr den echten Enthusiasten!<\/p>\n<p data-path-to-node=\"7\"><b>Warum dieser Teller an Ihre Wand geh\u00f6rt:<\/b><\/p>\n<ul data-path-to-node=\"8\">\n<li>\n<p data-path-to-node=\"8,0,0\"><b>3D-Effekt:<\/b> Das Relief l\u00e4sst das Bild hervorstechen.<\/p>\n<\/li>\n<li>\n<p data-path-to-node=\"8,1,0\"><b>Vintage-Vibe:<\/b> Die leichte W\u00f6lbung sorgt f\u00fcr einen authentischen, altmodischen Look.<\/p>\n<\/li>\n<li>\n<p data-path-to-node=\"8,2,0\"><b>Spitzenqualit\u00e4t:<\/b> robustes Metall mit sauber gedrehten Kanten.<\/p>\n<\/li>\n<\/ul>\n","protected":false},"excerpt":{"rendered":"<p>\u2713 Wandplatte aus Metall \u2713 Ein Muss f\u00fcr den Mercedes Benz Enthusiasten \u2713 Toll f\u00fcr die Mancave<\/p>\n","protected":false},"featured_media":199009,"template":"","meta":{"_acf_changed":false,"_genesis_title":"","_genesis_description":""},"product_brand":[7505],"product_cat":[518,509],"product_tag":[],"class_list":{"0":"post-200476","1":"product","2":"type-product","3":"status-publish","4":"has-post-thumbnail","6":"product_brand-sonstige","7":"product_cat-vintage-wanddekoration-maennerhoehle","8":"product_cat-wanddekoration","10":"first","11":"instock","12":"taxable","13":"shipping-taxable","14":"purchasable","15":"product-type-simple"},"acf":[],"meta_all":{"cor_restricted_countries":[],"total_sales":"0"},"meta_all_flat":{"total_sales":"0"},"yoast_head":"<!-- This site is optimized with the Yoast SEO Premium plugin v26.2 (Yoast SEO v27.2) - https:\/\/yoast.com\/product\/yoast-seo-premium-wordpress\/ -->\n<title>- %<\/title>\n<meta name=\"description\" content=\"Suchen Sie nach Vintage-Wanddekoration? Entdecken Sie unsere gepr\u00e4gten Metallschilder. Leicht gew\u00f6lbt und hochwertig verarbeitet f\u00fcr einen echten Retro-Look in Ihrem Interieur.\" \/>\n<meta name=\"robots\" content=\"index, follow, max-snippet:-1, max-image-preview:large, max-video-preview:-1\" \/>\n<link rel=\"canonical\" href=\"https:\/\/www.eliassen.nl\/de\/wandschild-metall-rechteck-vintage-mancave-mercedes-kundenservice-40x60cm\/\" \/>\n<meta property=\"og:locale\" content=\"de_DE\" \/>\n<meta property=\"og:type\" content=\"article\" \/>\n<meta property=\"og:title\" content=\"Sonstige Wandschild Metall Rechteck Vintage Mancave Mercedes Kundenservice 40x60cm - Eliassen.nl\" \/>\n<meta property=\"og:description\" content=\"Suchen Sie nach Vintage-Wanddekoration? Entdecken Sie unsere gepr\u00e4gten Metallschilder. Leicht gew\u00f6lbt und hochwertig verarbeitet f\u00fcr einen echten Retro-Look in Ihrem Interieur.\" \/>\n<meta property=\"og:url\" content=\"https:\/\/www.eliassen.nl\/de\/wandschild-metall-rechteck-vintage-mancave-mercedes-kundenservice-40x60cm\/\" \/>\n<meta property=\"og:site_name\" content=\"Eliassen.nl\" \/>\n<meta property=\"article:publisher\" content=\"https:\/\/www.facebook.com\/TuincentrumEliassenAmmerzoden\" \/>\n<meta property=\"article:modified_time\" content=\"2025-12-06T10:28:13+00:00\" \/>\n<meta property=\"og:image\" content=\"https:\/\/www.eliassen.nl\/wp-content\/uploads\/2025\/11\/Muurplaat-Mercedes-Eliassen.nl-24012.png\" \/>\n\t<meta property=\"og:image:width\" content=\"500\" \/>\n\t<meta property=\"og:image:height\" content=\"500\" \/>\n\t<meta property=\"og:image:type\" content=\"image\/png\" \/>\n<meta name=\"twitter:card\" content=\"summary_large_image\" \/>\n<script type=\"application\/ld+json\" class=\"yoast-schema-graph\">{\"@context\":\"https:\/\/schema.org\",\"@graph\":[{\"@type\":\"WebPage\",\"@id\":\"https:\/\/www.eliassen.nl\/de\/wandschild-metall-rechteck-vintage-mancave-mercedes-kundenservice-40x60cm\/\",\"url\":\"https:\/\/www.eliassen.nl\/de\/wandschild-metall-rechteck-vintage-mancave-mercedes-kundenservice-40x60cm\/\",\"name\":\"- %\",\"isPartOf\":{\"@id\":\"https:\/\/www.eliassen.nl\/de\/#website\"},\"primaryImageOfPage\":{\"@id\":\"https:\/\/www.eliassen.nl\/de\/wandschild-metall-rechteck-vintage-mancave-mercedes-kundenservice-40x60cm\/#primaryimage\"},\"image\":{\"@id\":\"https:\/\/www.eliassen.nl\/de\/wandschild-metall-rechteck-vintage-mancave-mercedes-kundenservice-40x60cm\/#primaryimage\"},\"thumbnailUrl\":\"https:\/\/www.eliassen.nl\/wp-content\/uploads\/2025\/11\/Muurplaat-Mercedes-Eliassen.nl-24012.png\",\"datePublished\":\"2025-12-06T10:20:37+00:00\",\"dateModified\":\"2025-12-06T10:28:13+00:00\",\"description\":\"Suchen Sie nach Vintage-Wanddekoration? Entdecken Sie unsere gepr\u00e4gten Metallschilder. Leicht gew\u00f6lbt und hochwertig verarbeitet f\u00fcr einen echten Retro-Look in Ihrem Interieur.\",\"breadcrumb\":{\"@id\":\"https:\/\/www.eliassen.nl\/de\/wandschild-metall-rechteck-vintage-mancave-mercedes-kundenservice-40x60cm\/#breadcrumb\"},\"inLanguage\":\"de\",\"potentialAction\":[{\"@type\":\"ReadAction\",\"target\":[\"https:\/\/www.eliassen.nl\/de\/wandschild-metall-rechteck-vintage-mancave-mercedes-kundenservice-40x60cm\/\"]}]},{\"@type\":\"ImageObject\",\"inLanguage\":\"de\",\"@id\":\"https:\/\/www.eliassen.nl\/de\/wandschild-metall-rechteck-vintage-mancave-mercedes-kundenservice-40x60cm\/#primaryimage\",\"url\":\"https:\/\/www.eliassen.nl\/wp-content\/uploads\/2025\/11\/Muurplaat-Mercedes-Eliassen.nl-24012.png\",\"contentUrl\":\"https:\/\/www.eliassen.nl\/wp-content\/uploads\/2025\/11\/Muurplaat-Mercedes-Eliassen.nl-24012.png\",\"width\":500,\"height\":500,\"caption\":\"Wandplatte Mercedes Eliassen.de 24012\"},{\"@type\":\"BreadcrumbList\",\"@id\":\"https:\/\/www.eliassen.nl\/de\/wandschild-metall-rechteck-vintage-mancave-mercedes-kundenservice-40x60cm\/#breadcrumb\",\"itemListElement\":[{\"@type\":\"ListItem\",\"position\":1,\"name\":\"Home\",\"item\":\"https:\/\/www.eliassen.nl\/de\/\"},{\"@type\":\"ListItem\",\"position\":2,\"name\":\"Shop\",\"item\":\"https:\/\/www.eliassen.nl\/de\/shop\/\"},{\"@type\":\"ListItem\",\"position\":3,\"name\":\"Wanddekoration\",\"item\":\"https:\/\/www.eliassen.nl\/de\/wanddekoration\/\"},{\"@type\":\"ListItem\",\"position\":4,\"name\":\"Vintage Wanddekoration M\u00e4nnerh\u00f6hle\",\"item\":\"https:\/\/www.eliassen.nl\/de\/wanddekoration\/vintage-wanddekoration-maennerhoehle\/\"},{\"@type\":\"ListItem\",\"position\":5,\"name\":\"Wandschild Metall Rechteck Vintage Mancave Mercedes Kundenservice 40x60cm\"}]},{\"@type\":\"WebSite\",\"@id\":\"https:\/\/www.eliassen.nl\/de\/#website\",\"url\":\"https:\/\/www.eliassen.nl\/de\/\",\"name\":\"Eliassen Home & Garden Pleasure\",\"description\":\"\",\"publisher\":{\"@id\":\"https:\/\/www.eliassen.nl\/de\/#organization\"},\"alternateName\":\"Eliassen.nl\",\"potentialAction\":[{\"@type\":\"SearchAction\",\"target\":{\"@type\":\"EntryPoint\",\"urlTemplate\":\"https:\/\/www.eliassen.nl\/de\/?s={search_term_string}\"},\"query-input\":{\"@type\":\"PropertyValueSpecification\",\"valueRequired\":true,\"valueName\":\"search_term_string\"}}],\"inLanguage\":\"de\"},{\"@type\":[\"Organization\",\"Place\"],\"@id\":\"https:\/\/www.eliassen.nl\/de\/#organization\",\"name\":\"Eliassen Home & Garden Pleasure\",\"url\":\"https:\/\/www.eliassen.nl\/de\/\",\"logo\":{\"@id\":\"https:\/\/www.eliassen.nl\/de\/wandschild-metall-rechteck-vintage-mancave-mercedes-kundenservice-40x60cm\/#local-main-organization-logo\"},\"image\":{\"@id\":\"https:\/\/www.eliassen.nl\/de\/wandschild-metall-rechteck-vintage-mancave-mercedes-kundenservice-40x60cm\/#local-main-organization-logo\"},\"sameAs\":[\"https:\/\/www.facebook.com\/TuincentrumEliassenAmmerzoden\",\"https:\/\/www.instagram.com\/eliassenhomeandgarden\/\",\"https:\/\/nl.pinterest.com\/eliassenhomeandgarden\/\",\"https:\/\/www.youtube.com\/@eliassenhomegardenpleasure4558\"],\"telephone\":[],\"openingHoursSpecification\":[{\"@type\":\"OpeningHoursSpecification\",\"dayOfWeek\":[\"Monday\",\"Tuesday\",\"Wednesday\",\"Thursday\",\"Friday\",\"Saturday\",\"Sunday\"],\"opens\":\"09:00\",\"closes\":\"17:00\"}]},{\"@type\":\"ImageObject\",\"inLanguage\":\"de\",\"@id\":\"https:\/\/www.eliassen.nl\/de\/wandschild-metall-rechteck-vintage-mancave-mercedes-kundenservice-40x60cm\/#local-main-organization-logo\",\"url\":\"https:\/\/www.eliassen.nl\/wp-content\/uploads\/2024\/01\/logo_4nd.jpg\",\"contentUrl\":\"https:\/\/www.eliassen.nl\/wp-content\/uploads\/2024\/01\/logo_4nd.jpg\",\"width\":500,\"height\":500,\"caption\":\"Eliassen Home & Garden Pleasure\"}]}<\/script>\n<meta property=\"product:price:amount\" content=\"40.60\" \/>\n<meta property=\"product:price:currency\" content=\"EUR\" \/>\n<meta property=\"og:availability\" content=\"instock\" \/>\n<meta property=\"product:availability\" content=\"instock\" \/>\n<meta property=\"product:retailer_item_id\" content=\"na24012\" \/>\n<meta property=\"product:condition\" content=\"new\" \/>\n<!-- \/ Yoast SEO Premium plugin. -->","yoast_head_json":{"title":"- %","description":"Suchen Sie nach Vintage-Wanddekoration? Entdecken Sie unsere gepr\u00e4gten Metallschilder. Leicht gew\u00f6lbt und hochwertig verarbeitet f\u00fcr einen echten Retro-Look in Ihrem Interieur.","robots":{"index":"index","follow":"follow","max-snippet":"max-snippet:-1","max-image-preview":"max-image-preview:large","max-video-preview":"max-video-preview:-1"},"canonical":"https:\/\/www.eliassen.nl\/de\/wandschild-metall-rechteck-vintage-mancave-mercedes-kundenservice-40x60cm\/","og_locale":"de_DE","og_type":"article","og_title":"Sonstige Wandschild Metall Rechteck Vintage Mancave Mercedes Kundenservice 40x60cm - Eliassen.nl","og_description":"Suchen Sie nach Vintage-Wanddekoration? Entdecken Sie unsere gepr\u00e4gten Metallschilder. Leicht gew\u00f6lbt und hochwertig verarbeitet f\u00fcr einen echten Retro-Look in Ihrem Interieur.","og_url":"https:\/\/www.eliassen.nl\/de\/wandschild-metall-rechteck-vintage-mancave-mercedes-kundenservice-40x60cm\/","og_site_name":"Eliassen.nl","article_publisher":"https:\/\/www.facebook.com\/TuincentrumEliassenAmmerzoden","article_modified_time":"2025-12-06T10:28:13+00:00","og_image":[{"width":500,"height":500,"url":"https:\/\/www.eliassen.nl\/wp-content\/uploads\/2025\/11\/Muurplaat-Mercedes-Eliassen.nl-24012.png","type":"image\/png"}],"twitter_card":"summary_large_image","schema":{"@context":"https:\/\/schema.org","@graph":[{"@type":"WebPage","@id":"https:\/\/www.eliassen.nl\/de\/wandschild-metall-rechteck-vintage-mancave-mercedes-kundenservice-40x60cm\/","url":"https:\/\/www.eliassen.nl\/de\/wandschild-metall-rechteck-vintage-mancave-mercedes-kundenservice-40x60cm\/","name":"- %","isPartOf":{"@id":"https:\/\/www.eliassen.nl\/de\/#website"},"primaryImageOfPage":{"@id":"https:\/\/www.eliassen.nl\/de\/wandschild-metall-rechteck-vintage-mancave-mercedes-kundenservice-40x60cm\/#primaryimage"},"image":{"@id":"https:\/\/www.eliassen.nl\/de\/wandschild-metall-rechteck-vintage-mancave-mercedes-kundenservice-40x60cm\/#primaryimage"},"thumbnailUrl":"https:\/\/www.eliassen.nl\/wp-content\/uploads\/2025\/11\/Muurplaat-Mercedes-Eliassen.nl-24012.png","datePublished":"2025-12-06T10:20:37+00:00","dateModified":"2025-12-06T10:28:13+00:00","description":"Suchen Sie nach Vintage-Wanddekoration? Entdecken Sie unsere gepr\u00e4gten Metallschilder. Leicht gew\u00f6lbt und hochwertig verarbeitet f\u00fcr einen echten Retro-Look in Ihrem Interieur.","breadcrumb":{"@id":"https:\/\/www.eliassen.nl\/de\/wandschild-metall-rechteck-vintage-mancave-mercedes-kundenservice-40x60cm\/#breadcrumb"},"inLanguage":"de","potentialAction":[{"@type":"ReadAction","target":["https:\/\/www.eliassen.nl\/de\/wandschild-metall-rechteck-vintage-mancave-mercedes-kundenservice-40x60cm\/"]}]},{"@type":"ImageObject","inLanguage":"de","@id":"https:\/\/www.eliassen.nl\/de\/wandschild-metall-rechteck-vintage-mancave-mercedes-kundenservice-40x60cm\/#primaryimage","url":"https:\/\/www.eliassen.nl\/wp-content\/uploads\/2025\/11\/Muurplaat-Mercedes-Eliassen.nl-24012.png","contentUrl":"https:\/\/www.eliassen.nl\/wp-content\/uploads\/2025\/11\/Muurplaat-Mercedes-Eliassen.nl-24012.png","width":500,"height":500,"caption":"Wandplatte Mercedes Eliassen.de 24012"},{"@type":"BreadcrumbList","@id":"https:\/\/www.eliassen.nl\/de\/wandschild-metall-rechteck-vintage-mancave-mercedes-kundenservice-40x60cm\/#breadcrumb","itemListElement":[{"@type":"ListItem","position":1,"name":"Home","item":"https:\/\/www.eliassen.nl\/de\/"},{"@type":"ListItem","position":2,"name":"Shop","item":"https:\/\/www.eliassen.nl\/de\/shop\/"},{"@type":"ListItem","position":3,"name":"Wanddekoration","item":"https:\/\/www.eliassen.nl\/de\/wanddekoration\/"},{"@type":"ListItem","position":4,"name":"Vintage Wanddekoration M\u00e4nnerh\u00f6hle","item":"https:\/\/www.eliassen.nl\/de\/wanddekoration\/vintage-wanddekoration-maennerhoehle\/"},{"@type":"ListItem","position":5,"name":"Wandschild Metall Rechteck Vintage Mancave Mercedes Kundenservice 40x60cm"}]},{"@type":"WebSite","@id":"https:\/\/www.eliassen.nl\/de\/#website","url":"https:\/\/www.eliassen.nl\/de\/","name":"Eliassen Home & Garden Pleasure","description":"","publisher":{"@id":"https:\/\/www.eliassen.nl\/de\/#organization"},"alternateName":"Eliassen.nl","potentialAction":[{"@type":"SearchAction","target":{"@type":"EntryPoint","urlTemplate":"https:\/\/www.eliassen.nl\/de\/?s={search_term_string}"},"query-input":{"@type":"PropertyValueSpecification","valueRequired":true,"valueName":"search_term_string"}}],"inLanguage":"de"},{"@type":["Organization","Place"],"@id":"https:\/\/www.eliassen.nl\/de\/#organization","name":"Eliassen Home & Garden Pleasure","url":"https:\/\/www.eliassen.nl\/de\/","logo":{"@id":"https:\/\/www.eliassen.nl\/de\/wandschild-metall-rechteck-vintage-mancave-mercedes-kundenservice-40x60cm\/#local-main-organization-logo"},"image":{"@id":"https:\/\/www.eliassen.nl\/de\/wandschild-metall-rechteck-vintage-mancave-mercedes-kundenservice-40x60cm\/#local-main-organization-logo"},"sameAs":["https:\/\/www.facebook.com\/TuincentrumEliassenAmmerzoden","https:\/\/www.instagram.com\/eliassenhomeandgarden\/","https:\/\/nl.pinterest.com\/eliassenhomeandgarden\/","https:\/\/www.youtube.com\/@eliassenhomegardenpleasure4558"],"telephone":[],"openingHoursSpecification":[{"@type":"OpeningHoursSpecification","dayOfWeek":["Monday","Tuesday","Wednesday","Thursday","Friday","Saturday","Sunday"],"opens":"09:00","closes":"17:00"}]},{"@type":"ImageObject","inLanguage":"de","@id":"https:\/\/www.eliassen.nl\/de\/wandschild-metall-rechteck-vintage-mancave-mercedes-kundenservice-40x60cm\/#local-main-organization-logo","url":"https:\/\/www.eliassen.nl\/wp-content\/uploads\/2024\/01\/logo_4nd.jpg","contentUrl":"https:\/\/www.eliassen.nl\/wp-content\/uploads\/2024\/01\/logo_4nd.jpg","width":500,"height":500,"caption":"Eliassen Home & Garden Pleasure"}]},"product_price_amount":"40.60","product_price_currency":"EUR","og_availability":"instock","product_availability":"instock","product_retailer_item_id":"na24012","product_condition":"new"},"df_price":40.6,"df_sale_price":"","df_regular_price":40.6,"df_image_link":"https:\/\/www.eliassen.nl\/wp-content\/uploads\/2025\/11\/Muurplaat-Mercedes-Eliassen.nl-24012-300x300.png","image":"https:\/\/www.eliassen.nl\/wp-content\/uploads\/2025\/11\/Muurplaat-Mercedes-Eliassen.nl-24012-150x150.png","price_search":"<span class=\"woocommerce-Price-amount amount\"><bdi><span class=\"woocommerce-Price-currencySymbol\">&euro;<\/span>&nbsp;40,60<\/bdi><\/span>","category":"Vintage Wanddekoration M\u00e4nnerh\u00f6hle","global_unique_id":"4036113240121","_links":{"self":[{"href":"https:\/\/www.eliassen.nl\/de\/wp-json\/wp\/v2\/product\/200476","targetHints":{"allow":["GET"]}}],"collection":[{"href":"https:\/\/www.eliassen.nl\/de\/wp-json\/wp\/v2\/product"}],"about":[{"href":"https:\/\/www.eliassen.nl\/de\/wp-json\/wp\/v2\/types\/product"}],"wp:featuredmedia":[{"embeddable":true,"href":"https:\/\/www.eliassen.nl\/de\/wp-json\/wp\/v2\/media\/199009"}],"wp:attachment":[{"href":"https:\/\/www.eliassen.nl\/de\/wp-json\/wp\/v2\/media?parent=200476"}],"wp:term":[{"taxonomy":"product_brand","embeddable":true,"href":"https:\/\/www.eliassen.nl\/de\/wp-json\/wp\/v2\/product_brand?post=200476"},{"taxonomy":"product_cat","embeddable":true,"href":"https:\/\/www.eliassen.nl\/de\/wp-json\/wp\/v2\/product_cat?post=200476"},{"taxonomy":"product_tag","embeddable":true,"href":"https:\/\/www.eliassen.nl\/de\/wp-json\/wp\/v2\/product_tag?post=200476"}],"curies":[{"name":"wp","href":"https:\/\/api.w.org\/{rel}","templated":true}]}}