{"id":200413,"date":"2025-12-04T16:30:52","date_gmt":"2025-12-04T15:30:52","guid":{"rendered":"https:\/\/www.eliassen.nl\/product\/haengeuhr-mancave-gin-tonic-31cm\/"},"modified":"2025-12-06T10:13:21","modified_gmt":"2025-12-06T09:13:21","slug":"haengeuhr-mancave-gin-tonic-31cm","status":"publish","type":"product","link":"https:\/\/www.eliassen.nl\/de\/haengeuhr-mancave-gin-tonic-31cm\/","title":{"rendered":"Uhr rund Metall Vintage Mancave Gin &amp; Tonic 31cm"},"content":{"rendered":"<p data-path-to-node=\"3\">Suchen Sie nach der perfekten Wanddekoration f\u00fcr Ihre Mannh\u00f6hle, Garage oder Bar? Dann lernen Sie unser Angebot an Vintage-Metalluhren kennen. Diese bieten genau den begehrten, authentischen Look f\u00fcr Ihre Wand in einem nostalgischen Interieur. Dieses besondere Modell mit einem Gin Tonic ist ein absolutes Muss f\u00fcr den wahren Liebhaber.<\/p>\n<p data-path-to-node=\"4\">Die Ausstattung ist von hohem Standard und tr\u00e4gt zum Ambiente bei. Die Uhr hat einen robusten Metallsockel und ist mit einer eleganten Chromblende versehen. Um den Vintage-Look zu unterstreichen, ist das Zifferblatt mit sch\u00f6nem, gew\u00f6lbtem Acrylglas abgeschirmt. Im Inneren sorgt ein hochwertiges Quarzwerk daf\u00fcr, dass Sie sich immer auf eine hochpr\u00e4zise Zeitanzeige verlassen k\u00f6nnen. Die Uhr ist f\u00fcr den Gebrauch in Innenr\u00e4umen konzipiert und wird mit einer 1-Jahres-Garantie geliefert, so dass Sie sie sorgenfrei genie\u00dfen k\u00f6nnen.<\/p>\n","protected":false},"excerpt":{"rendered":"<p>\u2713 Quarzwerk \u2713 Gew\u00f6lbtes Acrylglas<\/p>\n","protected":false},"featured_media":199409,"template":"","meta":{"_acf_changed":false,"_genesis_title":"","_genesis_description":""},"product_brand":[7505],"product_cat":[518,509,521],"product_tag":[],"class_list":{"0":"post-200413","1":"product","2":"type-product","3":"status-publish","4":"has-post-thumbnail","6":"product_brand-sonstige","7":"product_cat-vintage-wanddekoration-maennerhoehle","8":"product_cat-wanddekoration","9":"product_cat-wanduhren","11":"first","12":"instock","13":"taxable","14":"shipping-taxable","15":"purchasable","16":"product-type-simple"},"acf":[],"meta_all":{"cor_restricted_countries":[],"total_sales":"0"},"meta_all_flat":{"total_sales":"0"},"yoast_head":"<!-- This site is optimized with the Yoast SEO Premium plugin v26.2 (Yoast SEO v27.2) - https:\/\/yoast.com\/product\/yoast-seo-premium-wordpress\/ -->\n<title>- %<\/title>\n<meta name=\"description\" content=\"Suchen Sie nach einer einzigartigen Uhr f\u00fcr Ihre M\u00e4nnerh\u00f6hle? Dieses Vintage-Modell aus Metall hat eine verchromte Oberfl\u00e4che, gew\u00f6lbtes Glas und ein zuverl\u00e4ssiges Quarzwerk.\" \/>\n<meta name=\"robots\" content=\"index, follow, max-snippet:-1, max-image-preview:large, max-video-preview:-1\" \/>\n<link rel=\"canonical\" href=\"https:\/\/www.eliassen.nl\/de\/haengeuhr-mancave-gin-tonic-31cm\/\" \/>\n<meta property=\"og:locale\" content=\"de_DE\" \/>\n<meta property=\"og:type\" content=\"article\" \/>\n<meta property=\"og:title\" content=\"Sonstige Uhr rund Metall Vintage Mancave Gin &amp; Tonic 31cm - Eliassen.nl\" \/>\n<meta property=\"og:description\" content=\"Suchen Sie nach einer einzigartigen Uhr f\u00fcr Ihre M\u00e4nnerh\u00f6hle? Dieses Vintage-Modell aus Metall hat eine verchromte Oberfl\u00e4che, gew\u00f6lbtes Glas und ein zuverl\u00e4ssiges Quarzwerk.\" \/>\n<meta property=\"og:url\" content=\"https:\/\/www.eliassen.nl\/de\/haengeuhr-mancave-gin-tonic-31cm\/\" \/>\n<meta property=\"og:site_name\" content=\"Eliassen.nl\" \/>\n<meta property=\"article:publisher\" content=\"https:\/\/www.facebook.com\/TuincentrumEliassenAmmerzoden\" \/>\n<meta property=\"article:modified_time\" content=\"2025-12-06T09:13:21+00:00\" \/>\n<meta property=\"og:image\" content=\"https:\/\/www.eliassen.nl\/wp-content\/uploads\/2025\/11\/Klok-rond-metaal-Gin-en-Tonic-Eliassen.nl-51099.png\" \/>\n\t<meta property=\"og:image:width\" content=\"500\" \/>\n\t<meta property=\"og:image:height\" content=\"500\" \/>\n\t<meta property=\"og:image:type\" content=\"image\/png\" \/>\n<meta name=\"twitter:card\" content=\"summary_large_image\" \/>\n<script type=\"application\/ld+json\" class=\"yoast-schema-graph\">{\"@context\":\"https:\/\/schema.org\",\"@graph\":[{\"@type\":\"WebPage\",\"@id\":\"https:\/\/www.eliassen.nl\/de\/haengeuhr-mancave-gin-tonic-31cm\/\",\"url\":\"https:\/\/www.eliassen.nl\/de\/haengeuhr-mancave-gin-tonic-31cm\/\",\"name\":\"- %\",\"isPartOf\":{\"@id\":\"https:\/\/www.eliassen.nl\/de\/#website\"},\"primaryImageOfPage\":{\"@id\":\"https:\/\/www.eliassen.nl\/de\/haengeuhr-mancave-gin-tonic-31cm\/#primaryimage\"},\"image\":{\"@id\":\"https:\/\/www.eliassen.nl\/de\/haengeuhr-mancave-gin-tonic-31cm\/#primaryimage\"},\"thumbnailUrl\":\"https:\/\/www.eliassen.nl\/wp-content\/uploads\/2025\/11\/Klok-rond-metaal-Gin-en-Tonic-Eliassen.nl-51099.png\",\"datePublished\":\"2025-12-04T15:30:52+00:00\",\"dateModified\":\"2025-12-06T09:13:21+00:00\",\"description\":\"Suchen Sie nach einer einzigartigen Uhr f\u00fcr Ihre M\u00e4nnerh\u00f6hle? Dieses Vintage-Modell aus Metall hat eine verchromte Oberfl\u00e4che, gew\u00f6lbtes Glas und ein zuverl\u00e4ssiges Quarzwerk.\",\"breadcrumb\":{\"@id\":\"https:\/\/www.eliassen.nl\/de\/haengeuhr-mancave-gin-tonic-31cm\/#breadcrumb\"},\"inLanguage\":\"de\",\"potentialAction\":[{\"@type\":\"ReadAction\",\"target\":[\"https:\/\/www.eliassen.nl\/de\/haengeuhr-mancave-gin-tonic-31cm\/\"]}]},{\"@type\":\"ImageObject\",\"inLanguage\":\"de\",\"@id\":\"https:\/\/www.eliassen.nl\/de\/haengeuhr-mancave-gin-tonic-31cm\/#primaryimage\",\"url\":\"https:\/\/www.eliassen.nl\/wp-content\/uploads\/2025\/11\/Klok-rond-metaal-Gin-en-Tonic-Eliassen.nl-51099.png\",\"contentUrl\":\"https:\/\/www.eliassen.nl\/wp-content\/uploads\/2025\/11\/Klok-rond-metaal-Gin-en-Tonic-Eliassen.nl-51099.png\",\"width\":500,\"height\":500},{\"@type\":\"BreadcrumbList\",\"@id\":\"https:\/\/www.eliassen.nl\/de\/haengeuhr-mancave-gin-tonic-31cm\/#breadcrumb\",\"itemListElement\":[{\"@type\":\"ListItem\",\"position\":1,\"name\":\"Home\",\"item\":\"https:\/\/www.eliassen.nl\/de\/\"},{\"@type\":\"ListItem\",\"position\":2,\"name\":\"Shop\",\"item\":\"https:\/\/www.eliassen.nl\/de\/shop\/\"},{\"@type\":\"ListItem\",\"position\":3,\"name\":\"Wanddekoration\",\"item\":\"https:\/\/www.eliassen.nl\/de\/wanddekoration\/\"},{\"@type\":\"ListItem\",\"position\":4,\"name\":\"Vintage Wanddekoration M\u00e4nnerh\u00f6hle\",\"item\":\"https:\/\/www.eliassen.nl\/de\/wanddekoration\/vintage-wanddekoration-maennerhoehle\/\"},{\"@type\":\"ListItem\",\"position\":5,\"name\":\"Uhr rund Metall Vintage Mancave Gin &amp; Tonic 31cm\"}]},{\"@type\":\"WebSite\",\"@id\":\"https:\/\/www.eliassen.nl\/de\/#website\",\"url\":\"https:\/\/www.eliassen.nl\/de\/\",\"name\":\"Eliassen Home & Garden Pleasure\",\"description\":\"\",\"publisher\":{\"@id\":\"https:\/\/www.eliassen.nl\/de\/#organization\"},\"alternateName\":\"Eliassen.nl\",\"potentialAction\":[{\"@type\":\"SearchAction\",\"target\":{\"@type\":\"EntryPoint\",\"urlTemplate\":\"https:\/\/www.eliassen.nl\/de\/?s={search_term_string}\"},\"query-input\":{\"@type\":\"PropertyValueSpecification\",\"valueRequired\":true,\"valueName\":\"search_term_string\"}}],\"inLanguage\":\"de\"},{\"@type\":[\"Organization\",\"Place\"],\"@id\":\"https:\/\/www.eliassen.nl\/de\/#organization\",\"name\":\"Eliassen Home & Garden Pleasure\",\"url\":\"https:\/\/www.eliassen.nl\/de\/\",\"logo\":{\"@id\":\"https:\/\/www.eliassen.nl\/de\/haengeuhr-mancave-gin-tonic-31cm\/#local-main-organization-logo\"},\"image\":{\"@id\":\"https:\/\/www.eliassen.nl\/de\/haengeuhr-mancave-gin-tonic-31cm\/#local-main-organization-logo\"},\"sameAs\":[\"https:\/\/www.facebook.com\/TuincentrumEliassenAmmerzoden\",\"https:\/\/www.instagram.com\/eliassenhomeandgarden\/\",\"https:\/\/nl.pinterest.com\/eliassenhomeandgarden\/\",\"https:\/\/www.youtube.com\/@eliassenhomegardenpleasure4558\"],\"telephone\":[],\"openingHoursSpecification\":[{\"@type\":\"OpeningHoursSpecification\",\"dayOfWeek\":[\"Monday\",\"Tuesday\",\"Wednesday\",\"Thursday\",\"Friday\",\"Saturday\",\"Sunday\"],\"opens\":\"09:00\",\"closes\":\"17:00\"}]},{\"@type\":\"ImageObject\",\"inLanguage\":\"de\",\"@id\":\"https:\/\/www.eliassen.nl\/de\/haengeuhr-mancave-gin-tonic-31cm\/#local-main-organization-logo\",\"url\":\"https:\/\/www.eliassen.nl\/wp-content\/uploads\/2024\/01\/logo_4nd.jpg\",\"contentUrl\":\"https:\/\/www.eliassen.nl\/wp-content\/uploads\/2024\/01\/logo_4nd.jpg\",\"width\":500,\"height\":500,\"caption\":\"Eliassen Home & Garden Pleasure\"}]}<\/script>\n<meta property=\"product:price:amount\" content=\"49.85\" \/>\n<meta property=\"product:price:currency\" content=\"EUR\" \/>\n<meta property=\"og:availability\" content=\"instock\" \/>\n<meta property=\"product:availability\" content=\"instock\" \/>\n<meta property=\"product:retailer_item_id\" content=\"na51099\" \/>\n<meta property=\"product:condition\" content=\"new\" \/>\n<!-- \/ Yoast SEO Premium plugin. -->","yoast_head_json":{"title":"- %","description":"Suchen Sie nach einer einzigartigen Uhr f\u00fcr Ihre M\u00e4nnerh\u00f6hle? Dieses Vintage-Modell aus Metall hat eine verchromte Oberfl\u00e4che, gew\u00f6lbtes Glas und ein zuverl\u00e4ssiges Quarzwerk.","robots":{"index":"index","follow":"follow","max-snippet":"max-snippet:-1","max-image-preview":"max-image-preview:large","max-video-preview":"max-video-preview:-1"},"canonical":"https:\/\/www.eliassen.nl\/de\/haengeuhr-mancave-gin-tonic-31cm\/","og_locale":"de_DE","og_type":"article","og_title":"Sonstige Uhr rund Metall Vintage Mancave Gin &amp; Tonic 31cm - Eliassen.nl","og_description":"Suchen Sie nach einer einzigartigen Uhr f\u00fcr Ihre M\u00e4nnerh\u00f6hle? Dieses Vintage-Modell aus Metall hat eine verchromte Oberfl\u00e4che, gew\u00f6lbtes Glas und ein zuverl\u00e4ssiges Quarzwerk.","og_url":"https:\/\/www.eliassen.nl\/de\/haengeuhr-mancave-gin-tonic-31cm\/","og_site_name":"Eliassen.nl","article_publisher":"https:\/\/www.facebook.com\/TuincentrumEliassenAmmerzoden","article_modified_time":"2025-12-06T09:13:21+00:00","og_image":[{"width":500,"height":500,"url":"https:\/\/www.eliassen.nl\/wp-content\/uploads\/2025\/11\/Klok-rond-metaal-Gin-en-Tonic-Eliassen.nl-51099.png","type":"image\/png"}],"twitter_card":"summary_large_image","schema":{"@context":"https:\/\/schema.org","@graph":[{"@type":"WebPage","@id":"https:\/\/www.eliassen.nl\/de\/haengeuhr-mancave-gin-tonic-31cm\/","url":"https:\/\/www.eliassen.nl\/de\/haengeuhr-mancave-gin-tonic-31cm\/","name":"- %","isPartOf":{"@id":"https:\/\/www.eliassen.nl\/de\/#website"},"primaryImageOfPage":{"@id":"https:\/\/www.eliassen.nl\/de\/haengeuhr-mancave-gin-tonic-31cm\/#primaryimage"},"image":{"@id":"https:\/\/www.eliassen.nl\/de\/haengeuhr-mancave-gin-tonic-31cm\/#primaryimage"},"thumbnailUrl":"https:\/\/www.eliassen.nl\/wp-content\/uploads\/2025\/11\/Klok-rond-metaal-Gin-en-Tonic-Eliassen.nl-51099.png","datePublished":"2025-12-04T15:30:52+00:00","dateModified":"2025-12-06T09:13:21+00:00","description":"Suchen Sie nach einer einzigartigen Uhr f\u00fcr Ihre M\u00e4nnerh\u00f6hle? Dieses Vintage-Modell aus Metall hat eine verchromte Oberfl\u00e4che, gew\u00f6lbtes Glas und ein zuverl\u00e4ssiges Quarzwerk.","breadcrumb":{"@id":"https:\/\/www.eliassen.nl\/de\/haengeuhr-mancave-gin-tonic-31cm\/#breadcrumb"},"inLanguage":"de","potentialAction":[{"@type":"ReadAction","target":["https:\/\/www.eliassen.nl\/de\/haengeuhr-mancave-gin-tonic-31cm\/"]}]},{"@type":"ImageObject","inLanguage":"de","@id":"https:\/\/www.eliassen.nl\/de\/haengeuhr-mancave-gin-tonic-31cm\/#primaryimage","url":"https:\/\/www.eliassen.nl\/wp-content\/uploads\/2025\/11\/Klok-rond-metaal-Gin-en-Tonic-Eliassen.nl-51099.png","contentUrl":"https:\/\/www.eliassen.nl\/wp-content\/uploads\/2025\/11\/Klok-rond-metaal-Gin-en-Tonic-Eliassen.nl-51099.png","width":500,"height":500},{"@type":"BreadcrumbList","@id":"https:\/\/www.eliassen.nl\/de\/haengeuhr-mancave-gin-tonic-31cm\/#breadcrumb","itemListElement":[{"@type":"ListItem","position":1,"name":"Home","item":"https:\/\/www.eliassen.nl\/de\/"},{"@type":"ListItem","position":2,"name":"Shop","item":"https:\/\/www.eliassen.nl\/de\/shop\/"},{"@type":"ListItem","position":3,"name":"Wanddekoration","item":"https:\/\/www.eliassen.nl\/de\/wanddekoration\/"},{"@type":"ListItem","position":4,"name":"Vintage Wanddekoration M\u00e4nnerh\u00f6hle","item":"https:\/\/www.eliassen.nl\/de\/wanddekoration\/vintage-wanddekoration-maennerhoehle\/"},{"@type":"ListItem","position":5,"name":"Uhr rund Metall Vintage Mancave Gin &amp; Tonic 31cm"}]},{"@type":"WebSite","@id":"https:\/\/www.eliassen.nl\/de\/#website","url":"https:\/\/www.eliassen.nl\/de\/","name":"Eliassen Home & Garden Pleasure","description":"","publisher":{"@id":"https:\/\/www.eliassen.nl\/de\/#organization"},"alternateName":"Eliassen.nl","potentialAction":[{"@type":"SearchAction","target":{"@type":"EntryPoint","urlTemplate":"https:\/\/www.eliassen.nl\/de\/?s={search_term_string}"},"query-input":{"@type":"PropertyValueSpecification","valueRequired":true,"valueName":"search_term_string"}}],"inLanguage":"de"},{"@type":["Organization","Place"],"@id":"https:\/\/www.eliassen.nl\/de\/#organization","name":"Eliassen Home & Garden Pleasure","url":"https:\/\/www.eliassen.nl\/de\/","logo":{"@id":"https:\/\/www.eliassen.nl\/de\/haengeuhr-mancave-gin-tonic-31cm\/#local-main-organization-logo"},"image":{"@id":"https:\/\/www.eliassen.nl\/de\/haengeuhr-mancave-gin-tonic-31cm\/#local-main-organization-logo"},"sameAs":["https:\/\/www.facebook.com\/TuincentrumEliassenAmmerzoden","https:\/\/www.instagram.com\/eliassenhomeandgarden\/","https:\/\/nl.pinterest.com\/eliassenhomeandgarden\/","https:\/\/www.youtube.com\/@eliassenhomegardenpleasure4558"],"telephone":[],"openingHoursSpecification":[{"@type":"OpeningHoursSpecification","dayOfWeek":["Monday","Tuesday","Wednesday","Thursday","Friday","Saturday","Sunday"],"opens":"09:00","closes":"17:00"}]},{"@type":"ImageObject","inLanguage":"de","@id":"https:\/\/www.eliassen.nl\/de\/haengeuhr-mancave-gin-tonic-31cm\/#local-main-organization-logo","url":"https:\/\/www.eliassen.nl\/wp-content\/uploads\/2024\/01\/logo_4nd.jpg","contentUrl":"https:\/\/www.eliassen.nl\/wp-content\/uploads\/2024\/01\/logo_4nd.jpg","width":500,"height":500,"caption":"Eliassen Home & Garden Pleasure"}]},"product_price_amount":"49.85","product_price_currency":"EUR","og_availability":"instock","product_availability":"instock","product_retailer_item_id":"na51099","product_condition":"new"},"df_price":49.85,"df_sale_price":"","df_regular_price":49.85,"df_image_link":"https:\/\/www.eliassen.nl\/wp-content\/uploads\/2025\/11\/Klok-rond-metaal-Gin-en-Tonic-Eliassen.nl-51099-300x300.png","image":"https:\/\/www.eliassen.nl\/wp-content\/uploads\/2025\/11\/Klok-rond-metaal-Gin-en-Tonic-Eliassen.nl-51099-150x150.png","price_search":"<span class=\"woocommerce-Price-amount amount\"><bdi><span class=\"woocommerce-Price-currencySymbol\">&euro;<\/span>&nbsp;49,85<\/bdi><\/span>","category":"Vintage Wanddekoration M\u00e4nnerh\u00f6hle","global_unique_id":"4036113510996","_links":{"self":[{"href":"https:\/\/www.eliassen.nl\/de\/wp-json\/wp\/v2\/product\/200413","targetHints":{"allow":["GET"]}}],"collection":[{"href":"https:\/\/www.eliassen.nl\/de\/wp-json\/wp\/v2\/product"}],"about":[{"href":"https:\/\/www.eliassen.nl\/de\/wp-json\/wp\/v2\/types\/product"}],"wp:featuredmedia":[{"embeddable":true,"href":"https:\/\/www.eliassen.nl\/de\/wp-json\/wp\/v2\/media\/199409"}],"wp:attachment":[{"href":"https:\/\/www.eliassen.nl\/de\/wp-json\/wp\/v2\/media?parent=200413"}],"wp:term":[{"taxonomy":"product_brand","embeddable":true,"href":"https:\/\/www.eliassen.nl\/de\/wp-json\/wp\/v2\/product_brand?post=200413"},{"taxonomy":"product_cat","embeddable":true,"href":"https:\/\/www.eliassen.nl\/de\/wp-json\/wp\/v2\/product_cat?post=200413"},{"taxonomy":"product_tag","embeddable":true,"href":"https:\/\/www.eliassen.nl\/de\/wp-json\/wp\/v2\/product_tag?post=200413"}],"curies":[{"name":"wp","href":"https:\/\/api.w.org\/{rel}","templated":true}]}}