{"id":200348,"date":"2025-12-05T14:00:13","date_gmt":"2025-12-05T13:00:13","guid":{"rendered":"https:\/\/www.eliassen.nl\/product\/zahnraduhr-rund-venedig-60cm-gold-ecru\/"},"modified":"2026-02-05T09:45:25","modified_gmt":"2026-02-05T08:45:25","slug":"zahnraduhr-rund-venedig-60cm-gold-ecru","status":"publish","type":"product","link":"https:\/\/www.eliassen.nl\/de\/zahnraduhr-rund-venedig-60cm-gold-ecru\/","title":{"rendered":"Zahnraduhr rund Venedig 60cm gold-ecru"},"content":{"rendered":"<p>Mit dieser sch\u00f6nen runden wei\u00df\/braunfarbenen Wanduhr mit beweglichen Teilen wird es eine Freude sein, nachzusehen, wie sp\u00e4t es jetzt ist. Diese sehr h\u00fcbsche Uhr hat einen wei\u00dfen Stahlrahmen mit r\u00f6mischen Ziffern. Dabei weist diese Uhr einige h\u00f6lzerne Akzente auf.<\/p>\n<p>Diese Art von Wanduhr passt zu allen Interieurs, sowohl zu l\u00e4ndlichen als auch zu industriellen.<\/p>\n<p>Das Besondere an dieser Uhr ist, dass sich in der Mitte eine Reihe von Zahnr\u00e4dern befindet, die mit 2 AA-Stiftlampen eine sehr lange Zeit laufen.<br \/>\nDas Uhrwerk l\u00e4uft mit 1 AA-Stiftlampe.<\/p>\n<p>Die Zahnr\u00e4der werden von einem hochwertigen, neuartigen Elektromotor angetrieben, so dass die Motorger\u00e4usche vernachl\u00e4ssigbar sind.<\/p>\n<ul>\n<li>Gr\u00f6\u00dfe: Durchmesser 60cm cm.<\/li>\n<li>Material: Metall und Glas.<\/li>\n<li>Farbe: wei\u00df mit brauner\/goldener Farbe.<\/li>\n<li>Stabiles Eisengeh\u00e4use.<\/li>\n<li>Ausgestattet mit einem Quarzwerk.<\/li>\n<li>Industrieller Look.<\/li>\n<li>Erh\u00e4ltlich aus unserem eigenen Bestand.<\/li>\n<li>1 Jahr Garantie.<\/li>\n<\/ul>\n","protected":false},"excerpt":{"rendered":"<p>\u2713 Rotierende Zahnr\u00e4der \u2713 Industrieller Look<\/p>\n","protected":false},"featured_media":199741,"template":"","meta":{"_acf_changed":false,"_genesis_title":"","_genesis_description":""},"product_brand":[7481],"product_cat":[509,521],"product_tag":[7429],"class_list":{"0":"post-200348","1":"product","2":"type-product","3":"status-publish","4":"has-post-thumbnail","6":"product_brand-waren","7":"product_cat-wanddekoration","8":"product_cat-wanduhren","9":"product_tag-uhr-gros","11":"first","12":"instock","13":"taxable","14":"shipping-taxable","15":"purchasable","16":"product-type-simple"},"acf":[],"meta_all":{"cor_restricted_countries":[],"total_sales":"0"},"meta_all_flat":{"total_sales":"0"},"yoast_head":"<!-- This site is optimized with the Yoast SEO Premium plugin v26.2 (Yoast SEO v27.2) - https:\/\/yoast.com\/product\/yoast-seo-premium-wordpress\/ -->\n<title>Waren Zahnraduhr rund Venedig 60cm gold-ecru - Eliassen.nl<\/title>\n<meta name=\"description\" content=\"Eine moderne Uhr mit einem industriellen Touch. Eine echte Dekoration f\u00fcr die Wand. Sich drehende Zahnr\u00e4der in der Mitte. Durchmesser 60cm. Schnelle Lieferung.\" \/>\n<meta name=\"robots\" content=\"index, follow, max-snippet:-1, max-image-preview:large, max-video-preview:-1\" \/>\n<link rel=\"canonical\" href=\"https:\/\/www.eliassen.nl\/de\/zahnraduhr-rund-venedig-60cm-gold-ecru\/\" \/>\n<meta property=\"og:locale\" content=\"de_DE\" \/>\n<meta property=\"og:type\" content=\"article\" \/>\n<meta property=\"og:title\" content=\"Waren Zahnraduhr rund Venedig 60cm gold-ecru - Eliassen.nl\" \/>\n<meta property=\"og:description\" content=\"Eine moderne Uhr mit einem industriellen Touch. Eine echte Dekoration f\u00fcr die Wand. Sich drehende Zahnr\u00e4der in der Mitte. Durchmesser 60cm. Schnelle Lieferung.\" \/>\n<meta property=\"og:url\" content=\"https:\/\/www.eliassen.nl\/de\/zahnraduhr-rund-venedig-60cm-gold-ecru\/\" \/>\n<meta property=\"og:site_name\" content=\"Eliassen.nl\" \/>\n<meta property=\"article:publisher\" content=\"https:\/\/www.facebook.com\/TuincentrumEliassenAmmerzoden\" \/>\n<meta property=\"article:modified_time\" content=\"2026-02-05T08:45:25+00:00\" \/>\n<meta property=\"og:image\" content=\"https:\/\/www.eliassen.nl\/wp-content\/uploads\/2025\/12\/Tandwielklok-Venice-Eliassen.nl-G6245460.png\" \/>\n\t<meta property=\"og:image:width\" content=\"800\" \/>\n\t<meta property=\"og:image:height\" content=\"895\" \/>\n\t<meta property=\"og:image:type\" content=\"image\/png\" \/>\n<meta name=\"twitter:card\" content=\"summary_large_image\" \/>\n<script type=\"application\/ld+json\" class=\"yoast-schema-graph\">{\"@context\":\"https:\/\/schema.org\",\"@graph\":[{\"@type\":\"WebPage\",\"@id\":\"https:\/\/www.eliassen.nl\/de\/zahnraduhr-rund-venedig-60cm-gold-ecru\/\",\"url\":\"https:\/\/www.eliassen.nl\/de\/zahnraduhr-rund-venedig-60cm-gold-ecru\/\",\"name\":\"Waren Zahnraduhr rund Venedig 60cm gold-ecru - Eliassen.nl\",\"isPartOf\":{\"@id\":\"https:\/\/www.eliassen.nl\/de\/#website\"},\"primaryImageOfPage\":{\"@id\":\"https:\/\/www.eliassen.nl\/de\/zahnraduhr-rund-venedig-60cm-gold-ecru\/#primaryimage\"},\"image\":{\"@id\":\"https:\/\/www.eliassen.nl\/de\/zahnraduhr-rund-venedig-60cm-gold-ecru\/#primaryimage\"},\"thumbnailUrl\":\"https:\/\/www.eliassen.nl\/wp-content\/uploads\/2025\/12\/Tandwielklok-Venice-Eliassen.nl-G6245460.png\",\"datePublished\":\"2025-12-05T13:00:13+00:00\",\"dateModified\":\"2026-02-05T08:45:25+00:00\",\"description\":\"Eine moderne Uhr mit einem industriellen Touch. Eine echte Dekoration f\u00fcr die Wand. Sich drehende Zahnr\u00e4der in der Mitte. Durchmesser 60cm. Schnelle Lieferung.\",\"breadcrumb\":{\"@id\":\"https:\/\/www.eliassen.nl\/de\/zahnraduhr-rund-venedig-60cm-gold-ecru\/#breadcrumb\"},\"inLanguage\":\"de\",\"potentialAction\":[{\"@type\":\"ReadAction\",\"target\":[\"https:\/\/www.eliassen.nl\/de\/zahnraduhr-rund-venedig-60cm-gold-ecru\/\"]}]},{\"@type\":\"ImageObject\",\"inLanguage\":\"de\",\"@id\":\"https:\/\/www.eliassen.nl\/de\/zahnraduhr-rund-venedig-60cm-gold-ecru\/#primaryimage\",\"url\":\"https:\/\/www.eliassen.nl\/wp-content\/uploads\/2025\/12\/Tandwielklok-Venice-Eliassen.nl-G6245460.png\",\"contentUrl\":\"https:\/\/www.eliassen.nl\/wp-content\/uploads\/2025\/12\/Tandwielklok-Venice-Eliassen.nl-G6245460.png\",\"width\":800,\"height\":895},{\"@type\":\"BreadcrumbList\",\"@id\":\"https:\/\/www.eliassen.nl\/de\/zahnraduhr-rund-venedig-60cm-gold-ecru\/#breadcrumb\",\"itemListElement\":[{\"@type\":\"ListItem\",\"position\":1,\"name\":\"Home\",\"item\":\"https:\/\/www.eliassen.nl\/de\/\"},{\"@type\":\"ListItem\",\"position\":2,\"name\":\"Shop\",\"item\":\"https:\/\/www.eliassen.nl\/de\/shop\/\"},{\"@type\":\"ListItem\",\"position\":3,\"name\":\"Wanddekoration\",\"item\":\"https:\/\/www.eliassen.nl\/de\/wanddekoration\/\"},{\"@type\":\"ListItem\",\"position\":4,\"name\":\"Wanduhren\",\"item\":\"https:\/\/www.eliassen.nl\/de\/wanddekoration\/wanduhren\/\"},{\"@type\":\"ListItem\",\"position\":5,\"name\":\"Zahnraduhr rund Venedig 60cm gold-ecru\"}]},{\"@type\":\"WebSite\",\"@id\":\"https:\/\/www.eliassen.nl\/de\/#website\",\"url\":\"https:\/\/www.eliassen.nl\/de\/\",\"name\":\"Eliassen Home & Garden Pleasure\",\"description\":\"\",\"publisher\":{\"@id\":\"https:\/\/www.eliassen.nl\/de\/#organization\"},\"alternateName\":\"Eliassen.nl\",\"potentialAction\":[{\"@type\":\"SearchAction\",\"target\":{\"@type\":\"EntryPoint\",\"urlTemplate\":\"https:\/\/www.eliassen.nl\/de\/?s={search_term_string}\"},\"query-input\":{\"@type\":\"PropertyValueSpecification\",\"valueRequired\":true,\"valueName\":\"search_term_string\"}}],\"inLanguage\":\"de\"},{\"@type\":[\"Organization\",\"Place\"],\"@id\":\"https:\/\/www.eliassen.nl\/de\/#organization\",\"name\":\"Eliassen Home & Garden Pleasure\",\"url\":\"https:\/\/www.eliassen.nl\/de\/\",\"logo\":{\"@id\":\"https:\/\/www.eliassen.nl\/de\/zahnraduhr-rund-venedig-60cm-gold-ecru\/#local-main-organization-logo\"},\"image\":{\"@id\":\"https:\/\/www.eliassen.nl\/de\/zahnraduhr-rund-venedig-60cm-gold-ecru\/#local-main-organization-logo\"},\"sameAs\":[\"https:\/\/www.facebook.com\/TuincentrumEliassenAmmerzoden\",\"https:\/\/www.instagram.com\/eliassenhomeandgarden\/\",\"https:\/\/nl.pinterest.com\/eliassenhomeandgarden\/\",\"https:\/\/www.youtube.com\/@eliassenhomegardenpleasure4558\"],\"telephone\":[],\"openingHoursSpecification\":[{\"@type\":\"OpeningHoursSpecification\",\"dayOfWeek\":[\"Monday\",\"Tuesday\",\"Wednesday\",\"Thursday\",\"Friday\",\"Saturday\",\"Sunday\"],\"opens\":\"09:00\",\"closes\":\"17:00\"}]},{\"@type\":\"ImageObject\",\"inLanguage\":\"de\",\"@id\":\"https:\/\/www.eliassen.nl\/de\/zahnraduhr-rund-venedig-60cm-gold-ecru\/#local-main-organization-logo\",\"url\":\"https:\/\/www.eliassen.nl\/wp-content\/uploads\/2024\/01\/logo_4nd.jpg\",\"contentUrl\":\"https:\/\/www.eliassen.nl\/wp-content\/uploads\/2024\/01\/logo_4nd.jpg\",\"width\":500,\"height\":500,\"caption\":\"Eliassen Home & Garden Pleasure\"}]}<\/script>\n<meta property=\"product:price:amount\" content=\"135.00\" \/>\n<meta property=\"product:price:currency\" content=\"EUR\" \/>\n<meta property=\"og:availability\" content=\"instock\" \/>\n<meta property=\"product:availability\" content=\"instock\" \/>\n<meta property=\"product:retailer_item_id\" content=\"g6245460\" \/>\n<meta property=\"product:condition\" content=\"new\" \/>\n<!-- \/ Yoast SEO Premium plugin. -->","yoast_head_json":{"title":"Waren Zahnraduhr rund Venedig 60cm gold-ecru - Eliassen.nl","description":"Eine moderne Uhr mit einem industriellen Touch. Eine echte Dekoration f\u00fcr die Wand. Sich drehende Zahnr\u00e4der in der Mitte. Durchmesser 60cm. Schnelle Lieferung.","robots":{"index":"index","follow":"follow","max-snippet":"max-snippet:-1","max-image-preview":"max-image-preview:large","max-video-preview":"max-video-preview:-1"},"canonical":"https:\/\/www.eliassen.nl\/de\/zahnraduhr-rund-venedig-60cm-gold-ecru\/","og_locale":"de_DE","og_type":"article","og_title":"Waren Zahnraduhr rund Venedig 60cm gold-ecru - Eliassen.nl","og_description":"Eine moderne Uhr mit einem industriellen Touch. Eine echte Dekoration f\u00fcr die Wand. Sich drehende Zahnr\u00e4der in der Mitte. Durchmesser 60cm. Schnelle Lieferung.","og_url":"https:\/\/www.eliassen.nl\/de\/zahnraduhr-rund-venedig-60cm-gold-ecru\/","og_site_name":"Eliassen.nl","article_publisher":"https:\/\/www.facebook.com\/TuincentrumEliassenAmmerzoden","article_modified_time":"2026-02-05T08:45:25+00:00","og_image":[{"width":800,"height":895,"url":"https:\/\/www.eliassen.nl\/wp-content\/uploads\/2025\/12\/Tandwielklok-Venice-Eliassen.nl-G6245460.png","type":"image\/png"}],"twitter_card":"summary_large_image","schema":{"@context":"https:\/\/schema.org","@graph":[{"@type":"WebPage","@id":"https:\/\/www.eliassen.nl\/de\/zahnraduhr-rund-venedig-60cm-gold-ecru\/","url":"https:\/\/www.eliassen.nl\/de\/zahnraduhr-rund-venedig-60cm-gold-ecru\/","name":"Waren Zahnraduhr rund Venedig 60cm gold-ecru - Eliassen.nl","isPartOf":{"@id":"https:\/\/www.eliassen.nl\/de\/#website"},"primaryImageOfPage":{"@id":"https:\/\/www.eliassen.nl\/de\/zahnraduhr-rund-venedig-60cm-gold-ecru\/#primaryimage"},"image":{"@id":"https:\/\/www.eliassen.nl\/de\/zahnraduhr-rund-venedig-60cm-gold-ecru\/#primaryimage"},"thumbnailUrl":"https:\/\/www.eliassen.nl\/wp-content\/uploads\/2025\/12\/Tandwielklok-Venice-Eliassen.nl-G6245460.png","datePublished":"2025-12-05T13:00:13+00:00","dateModified":"2026-02-05T08:45:25+00:00","description":"Eine moderne Uhr mit einem industriellen Touch. Eine echte Dekoration f\u00fcr die Wand. Sich drehende Zahnr\u00e4der in der Mitte. Durchmesser 60cm. Schnelle Lieferung.","breadcrumb":{"@id":"https:\/\/www.eliassen.nl\/de\/zahnraduhr-rund-venedig-60cm-gold-ecru\/#breadcrumb"},"inLanguage":"de","potentialAction":[{"@type":"ReadAction","target":["https:\/\/www.eliassen.nl\/de\/zahnraduhr-rund-venedig-60cm-gold-ecru\/"]}]},{"@type":"ImageObject","inLanguage":"de","@id":"https:\/\/www.eliassen.nl\/de\/zahnraduhr-rund-venedig-60cm-gold-ecru\/#primaryimage","url":"https:\/\/www.eliassen.nl\/wp-content\/uploads\/2025\/12\/Tandwielklok-Venice-Eliassen.nl-G6245460.png","contentUrl":"https:\/\/www.eliassen.nl\/wp-content\/uploads\/2025\/12\/Tandwielklok-Venice-Eliassen.nl-G6245460.png","width":800,"height":895},{"@type":"BreadcrumbList","@id":"https:\/\/www.eliassen.nl\/de\/zahnraduhr-rund-venedig-60cm-gold-ecru\/#breadcrumb","itemListElement":[{"@type":"ListItem","position":1,"name":"Home","item":"https:\/\/www.eliassen.nl\/de\/"},{"@type":"ListItem","position":2,"name":"Shop","item":"https:\/\/www.eliassen.nl\/de\/shop\/"},{"@type":"ListItem","position":3,"name":"Wanddekoration","item":"https:\/\/www.eliassen.nl\/de\/wanddekoration\/"},{"@type":"ListItem","position":4,"name":"Wanduhren","item":"https:\/\/www.eliassen.nl\/de\/wanddekoration\/wanduhren\/"},{"@type":"ListItem","position":5,"name":"Zahnraduhr rund Venedig 60cm gold-ecru"}]},{"@type":"WebSite","@id":"https:\/\/www.eliassen.nl\/de\/#website","url":"https:\/\/www.eliassen.nl\/de\/","name":"Eliassen Home & Garden Pleasure","description":"","publisher":{"@id":"https:\/\/www.eliassen.nl\/de\/#organization"},"alternateName":"Eliassen.nl","potentialAction":[{"@type":"SearchAction","target":{"@type":"EntryPoint","urlTemplate":"https:\/\/www.eliassen.nl\/de\/?s={search_term_string}"},"query-input":{"@type":"PropertyValueSpecification","valueRequired":true,"valueName":"search_term_string"}}],"inLanguage":"de"},{"@type":["Organization","Place"],"@id":"https:\/\/www.eliassen.nl\/de\/#organization","name":"Eliassen Home & Garden Pleasure","url":"https:\/\/www.eliassen.nl\/de\/","logo":{"@id":"https:\/\/www.eliassen.nl\/de\/zahnraduhr-rund-venedig-60cm-gold-ecru\/#local-main-organization-logo"},"image":{"@id":"https:\/\/www.eliassen.nl\/de\/zahnraduhr-rund-venedig-60cm-gold-ecru\/#local-main-organization-logo"},"sameAs":["https:\/\/www.facebook.com\/TuincentrumEliassenAmmerzoden","https:\/\/www.instagram.com\/eliassenhomeandgarden\/","https:\/\/nl.pinterest.com\/eliassenhomeandgarden\/","https:\/\/www.youtube.com\/@eliassenhomegardenpleasure4558"],"telephone":[],"openingHoursSpecification":[{"@type":"OpeningHoursSpecification","dayOfWeek":["Monday","Tuesday","Wednesday","Thursday","Friday","Saturday","Sunday"],"opens":"09:00","closes":"17:00"}]},{"@type":"ImageObject","inLanguage":"de","@id":"https:\/\/www.eliassen.nl\/de\/zahnraduhr-rund-venedig-60cm-gold-ecru\/#local-main-organization-logo","url":"https:\/\/www.eliassen.nl\/wp-content\/uploads\/2024\/01\/logo_4nd.jpg","contentUrl":"https:\/\/www.eliassen.nl\/wp-content\/uploads\/2024\/01\/logo_4nd.jpg","width":500,"height":500,"caption":"Eliassen Home & Garden Pleasure"}]},"product_price_amount":"135.00","product_price_currency":"EUR","og_availability":"instock","product_availability":"instock","product_retailer_item_id":"g6245460","product_condition":"new"},"df_price":135,"df_sale_price":"","df_regular_price":135,"df_image_link":"https:\/\/www.eliassen.nl\/wp-content\/uploads\/2025\/12\/Tandwielklok-Venice-Eliassen.nl-G6245460-268x300.png","image":"https:\/\/www.eliassen.nl\/wp-content\/uploads\/2025\/12\/Tandwielklok-Venice-Eliassen.nl-G6245460-150x150.png","price_search":"<span class=\"woocommerce-Price-amount amount\"><bdi><span class=\"woocommerce-Price-currencySymbol\">&euro;<\/span>&nbsp;135,00<\/bdi><\/span>","category":"Wanddekoration","global_unique_id":"8719716245460","_links":{"self":[{"href":"https:\/\/www.eliassen.nl\/de\/wp-json\/wp\/v2\/product\/200348","targetHints":{"allow":["GET"]}}],"collection":[{"href":"https:\/\/www.eliassen.nl\/de\/wp-json\/wp\/v2\/product"}],"about":[{"href":"https:\/\/www.eliassen.nl\/de\/wp-json\/wp\/v2\/types\/product"}],"wp:featuredmedia":[{"embeddable":true,"href":"https:\/\/www.eliassen.nl\/de\/wp-json\/wp\/v2\/media\/199741"}],"wp:attachment":[{"href":"https:\/\/www.eliassen.nl\/de\/wp-json\/wp\/v2\/media?parent=200348"}],"wp:term":[{"taxonomy":"product_brand","embeddable":true,"href":"https:\/\/www.eliassen.nl\/de\/wp-json\/wp\/v2\/product_brand?post=200348"},{"taxonomy":"product_cat","embeddable":true,"href":"https:\/\/www.eliassen.nl\/de\/wp-json\/wp\/v2\/product_cat?post=200348"},{"taxonomy":"product_tag","embeddable":true,"href":"https:\/\/www.eliassen.nl\/de\/wp-json\/wp\/v2\/product_tag?post=200348"}],"curies":[{"name":"wp","href":"https:\/\/api.w.org\/{rel}","templated":true}]}}