{"id":200341,"date":"2025-12-05T13:52:40","date_gmt":"2025-12-05T12:52:40","guid":{"rendered":"https:\/\/www.eliassen.nl\/product\/zahnraduhr-metrapol-57cm\/"},"modified":"2026-02-05T09:47:25","modified_gmt":"2026-02-05T08:47:25","slug":"zahnraduhr-metrapol-57cm","status":"publish","type":"product","link":"https:\/\/www.eliassen.nl\/de\/zahnraduhr-metrapol-57cm\/","title":{"rendered":"Zahnraduhr Metrapol 57cm"},"content":{"rendered":"<p>Mit dieser sch\u00f6nen runden Wanduhr mit beweglichen Teilen in Schwarz und Gold wird es eine Freude sein, zu sehen, wie sp\u00e4t es jetzt ist. Diese sehr h\u00fcbsche Uhr hat einen schwarzen Stahlrahmen mit klaren Ziffern.<\/p>\n<p>Diese Art von Wanduhr passt zu allen Interieurs, sowohl zu l\u00e4ndlichen als auch zu industriellen.<\/p>\n<p>Das Besondere an dieser Uhr ist, dass sich in der Mitte eine Reihe von Zahnr\u00e4dern befindet, die mit 2 AA-Stiftlampen eine sehr lange Zeit laufen.<br \/>\nDas Uhrwerk l\u00e4uft mit 1 AA-Stiftlampe.<\/p>\n<p>Die Zahnr\u00e4der werden von einem hochwertigen, neuartigen Elektromotor angetrieben, so dass die Motorger\u00e4usche vernachl\u00e4ssigbar sind.<\/p>\n<ul>\n<li>Gr\u00f6\u00dfe: Durchmesser 57cm cm.<\/li>\n<li>Material: Metall und Glas.<\/li>\n<li>Farbe: Schwarz, Gold und Creme.<\/li>\n<li>Stabiles Eisengeh\u00e4use.<\/li>\n<li>Ausgestattet mit einem Quarzwerk.<\/li>\n<li>Industrieller Look.<\/li>\n<li>Erh\u00e4ltlich aus unserem eigenen Bestand.<\/li>\n<li>1 Jahr Garantie.<\/li>\n<\/ul>\n","protected":false},"excerpt":{"rendered":"<p>\u2713 Rotierende Zahnr\u00e4der \u2713 Industrieller Look<\/p>\n","protected":false},"featured_media":200054,"template":"","meta":{"_acf_changed":false,"_genesis_title":"","_genesis_description":""},"product_brand":[],"product_cat":[509,521],"product_tag":[7429],"class_list":{"0":"post-200341","1":"product","2":"type-product","3":"status-publish","4":"has-post-thumbnail","6":"product_cat-wanddekoration","7":"product_cat-wanduhren","8":"product_tag-uhr-gros","10":"first","11":"instock","12":"taxable","13":"shipping-taxable","14":"purchasable","15":"product-type-simple"},"acf":[],"meta_all":{"cor_restricted_countries":[],"total_sales":"0"},"meta_all_flat":{"total_sales":"0"},"yoast_head":"<!-- This site is optimized with the Yoast SEO Premium plugin v26.2 (Yoast SEO v27.2) - https:\/\/yoast.com\/product\/yoast-seo-premium-wordpress\/ -->\n<title>Zahnraduhr Metrapol 57cm - Eliassen.nl<\/title>\n<meta name=\"description\" content=\"Eine moderne Uhr mit einem industriellen Touch. Eine echte Dekoration f\u00fcr die Wand. Sich drehende Zahnr\u00e4der in der Mitte. Durchmesser 57cm. Schnelle Lieferung.\" \/>\n<meta name=\"robots\" content=\"index, follow, max-snippet:-1, max-image-preview:large, max-video-preview:-1\" \/>\n<link rel=\"canonical\" href=\"https:\/\/www.eliassen.nl\/de\/zahnraduhr-metrapol-57cm\/\" \/>\n<meta property=\"og:locale\" content=\"de_DE\" \/>\n<meta property=\"og:type\" content=\"article\" \/>\n<meta property=\"og:title\" content=\"Zahnraduhr Metrapol 57cm - Eliassen.nl\" \/>\n<meta property=\"og:description\" content=\"Eine moderne Uhr mit einem industriellen Touch. Eine echte Dekoration f\u00fcr die Wand. Sich drehende Zahnr\u00e4der in der Mitte. Durchmesser 57cm. Schnelle Lieferung.\" \/>\n<meta property=\"og:url\" content=\"https:\/\/www.eliassen.nl\/de\/zahnraduhr-metrapol-57cm\/\" \/>\n<meta property=\"og:site_name\" content=\"Eliassen.nl\" \/>\n<meta property=\"article:publisher\" content=\"https:\/\/www.facebook.com\/TuincentrumEliassenAmmerzoden\" \/>\n<meta property=\"article:modified_time\" content=\"2026-02-05T08:47:25+00:00\" \/>\n<meta property=\"og:image\" content=\"https:\/\/www.eliassen.nl\/wp-content\/uploads\/2025\/12\/Tandwielklok-Metrapol-Eliassen.nl-2016660.jpg\" \/>\n\t<meta property=\"og:image:width\" content=\"1200\" \/>\n\t<meta property=\"og:image:height\" content=\"1200\" \/>\n\t<meta property=\"og:image:type\" content=\"image\/jpeg\" \/>\n<meta name=\"twitter:card\" content=\"summary_large_image\" \/>\n<script type=\"application\/ld+json\" class=\"yoast-schema-graph\">{\"@context\":\"https:\/\/schema.org\",\"@graph\":[{\"@type\":\"WebPage\",\"@id\":\"https:\/\/www.eliassen.nl\/de\/zahnraduhr-metrapol-57cm\/\",\"url\":\"https:\/\/www.eliassen.nl\/de\/zahnraduhr-metrapol-57cm\/\",\"name\":\"Zahnraduhr Metrapol 57cm - Eliassen.nl\",\"isPartOf\":{\"@id\":\"https:\/\/www.eliassen.nl\/de\/#website\"},\"primaryImageOfPage\":{\"@id\":\"https:\/\/www.eliassen.nl\/de\/zahnraduhr-metrapol-57cm\/#primaryimage\"},\"image\":{\"@id\":\"https:\/\/www.eliassen.nl\/de\/zahnraduhr-metrapol-57cm\/#primaryimage\"},\"thumbnailUrl\":\"https:\/\/www.eliassen.nl\/wp-content\/uploads\/2025\/12\/Tandwielklok-Metrapol-Eliassen.nl-2016660.jpg\",\"datePublished\":\"2025-12-05T12:52:40+00:00\",\"dateModified\":\"2026-02-05T08:47:25+00:00\",\"description\":\"Eine moderne Uhr mit einem industriellen Touch. Eine echte Dekoration f\u00fcr die Wand. Sich drehende Zahnr\u00e4der in der Mitte. Durchmesser 57cm. Schnelle Lieferung.\",\"breadcrumb\":{\"@id\":\"https:\/\/www.eliassen.nl\/de\/zahnraduhr-metrapol-57cm\/#breadcrumb\"},\"inLanguage\":\"de\",\"potentialAction\":[{\"@type\":\"ReadAction\",\"target\":[\"https:\/\/www.eliassen.nl\/de\/zahnraduhr-metrapol-57cm\/\"]}]},{\"@type\":\"ImageObject\",\"inLanguage\":\"de\",\"@id\":\"https:\/\/www.eliassen.nl\/de\/zahnraduhr-metrapol-57cm\/#primaryimage\",\"url\":\"https:\/\/www.eliassen.nl\/wp-content\/uploads\/2025\/12\/Tandwielklok-Metrapol-Eliassen.nl-2016660.jpg\",\"contentUrl\":\"https:\/\/www.eliassen.nl\/wp-content\/uploads\/2025\/12\/Tandwielklok-Metrapol-Eliassen.nl-2016660.jpg\",\"width\":1200,\"height\":1200},{\"@type\":\"BreadcrumbList\",\"@id\":\"https:\/\/www.eliassen.nl\/de\/zahnraduhr-metrapol-57cm\/#breadcrumb\",\"itemListElement\":[{\"@type\":\"ListItem\",\"position\":1,\"name\":\"Home\",\"item\":\"https:\/\/www.eliassen.nl\/de\/\"},{\"@type\":\"ListItem\",\"position\":2,\"name\":\"Shop\",\"item\":\"https:\/\/www.eliassen.nl\/de\/shop\/\"},{\"@type\":\"ListItem\",\"position\":3,\"name\":\"Wanddekoration\",\"item\":\"https:\/\/www.eliassen.nl\/de\/wanddekoration\/\"},{\"@type\":\"ListItem\",\"position\":4,\"name\":\"Wanduhren\",\"item\":\"https:\/\/www.eliassen.nl\/de\/wanddekoration\/wanduhren\/\"},{\"@type\":\"ListItem\",\"position\":5,\"name\":\"Zahnraduhr Metrapol 57cm\"}]},{\"@type\":\"WebSite\",\"@id\":\"https:\/\/www.eliassen.nl\/de\/#website\",\"url\":\"https:\/\/www.eliassen.nl\/de\/\",\"name\":\"Eliassen Home & Garden Pleasure\",\"description\":\"\",\"publisher\":{\"@id\":\"https:\/\/www.eliassen.nl\/de\/#organization\"},\"alternateName\":\"Eliassen.nl\",\"potentialAction\":[{\"@type\":\"SearchAction\",\"target\":{\"@type\":\"EntryPoint\",\"urlTemplate\":\"https:\/\/www.eliassen.nl\/de\/?s={search_term_string}\"},\"query-input\":{\"@type\":\"PropertyValueSpecification\",\"valueRequired\":true,\"valueName\":\"search_term_string\"}}],\"inLanguage\":\"de\"},{\"@type\":[\"Organization\",\"Place\"],\"@id\":\"https:\/\/www.eliassen.nl\/de\/#organization\",\"name\":\"Eliassen Home & Garden Pleasure\",\"url\":\"https:\/\/www.eliassen.nl\/de\/\",\"logo\":{\"@id\":\"https:\/\/www.eliassen.nl\/de\/zahnraduhr-metrapol-57cm\/#local-main-organization-logo\"},\"image\":{\"@id\":\"https:\/\/www.eliassen.nl\/de\/zahnraduhr-metrapol-57cm\/#local-main-organization-logo\"},\"sameAs\":[\"https:\/\/www.facebook.com\/TuincentrumEliassenAmmerzoden\",\"https:\/\/www.instagram.com\/eliassenhomeandgarden\/\",\"https:\/\/nl.pinterest.com\/eliassenhomeandgarden\/\",\"https:\/\/www.youtube.com\/@eliassenhomegardenpleasure4558\"],\"telephone\":[],\"openingHoursSpecification\":[{\"@type\":\"OpeningHoursSpecification\",\"dayOfWeek\":[\"Monday\",\"Tuesday\",\"Wednesday\",\"Thursday\",\"Friday\",\"Saturday\",\"Sunday\"],\"opens\":\"09:00\",\"closes\":\"17:00\"}]},{\"@type\":\"ImageObject\",\"inLanguage\":\"de\",\"@id\":\"https:\/\/www.eliassen.nl\/de\/zahnraduhr-metrapol-57cm\/#local-main-organization-logo\",\"url\":\"https:\/\/www.eliassen.nl\/wp-content\/uploads\/2024\/01\/logo_4nd.jpg\",\"contentUrl\":\"https:\/\/www.eliassen.nl\/wp-content\/uploads\/2024\/01\/logo_4nd.jpg\",\"width\":500,\"height\":500,\"caption\":\"Eliassen Home & Garden Pleasure\"}]}<\/script>\n<meta property=\"product:price:amount\" content=\"69.50\" \/>\n<meta property=\"product:price:currency\" content=\"EUR\" \/>\n<meta property=\"og:availability\" content=\"instock\" \/>\n<meta property=\"product:availability\" content=\"instock\" \/>\n<meta property=\"product:retailer_item_id\" content=\"2016660\" \/>\n<meta property=\"product:condition\" content=\"new\" \/>\n<!-- \/ Yoast SEO Premium plugin. -->","yoast_head_json":{"title":"Zahnraduhr Metrapol 57cm - Eliassen.nl","description":"Eine moderne Uhr mit einem industriellen Touch. Eine echte Dekoration f\u00fcr die Wand. Sich drehende Zahnr\u00e4der in der Mitte. Durchmesser 57cm. Schnelle Lieferung.","robots":{"index":"index","follow":"follow","max-snippet":"max-snippet:-1","max-image-preview":"max-image-preview:large","max-video-preview":"max-video-preview:-1"},"canonical":"https:\/\/www.eliassen.nl\/de\/zahnraduhr-metrapol-57cm\/","og_locale":"de_DE","og_type":"article","og_title":"Zahnraduhr Metrapol 57cm - Eliassen.nl","og_description":"Eine moderne Uhr mit einem industriellen Touch. Eine echte Dekoration f\u00fcr die Wand. Sich drehende Zahnr\u00e4der in der Mitte. Durchmesser 57cm. Schnelle Lieferung.","og_url":"https:\/\/www.eliassen.nl\/de\/zahnraduhr-metrapol-57cm\/","og_site_name":"Eliassen.nl","article_publisher":"https:\/\/www.facebook.com\/TuincentrumEliassenAmmerzoden","article_modified_time":"2026-02-05T08:47:25+00:00","og_image":[{"width":1200,"height":1200,"url":"https:\/\/www.eliassen.nl\/wp-content\/uploads\/2025\/12\/Tandwielklok-Metrapol-Eliassen.nl-2016660.jpg","type":"image\/jpeg"}],"twitter_card":"summary_large_image","schema":{"@context":"https:\/\/schema.org","@graph":[{"@type":"WebPage","@id":"https:\/\/www.eliassen.nl\/de\/zahnraduhr-metrapol-57cm\/","url":"https:\/\/www.eliassen.nl\/de\/zahnraduhr-metrapol-57cm\/","name":"Zahnraduhr Metrapol 57cm - Eliassen.nl","isPartOf":{"@id":"https:\/\/www.eliassen.nl\/de\/#website"},"primaryImageOfPage":{"@id":"https:\/\/www.eliassen.nl\/de\/zahnraduhr-metrapol-57cm\/#primaryimage"},"image":{"@id":"https:\/\/www.eliassen.nl\/de\/zahnraduhr-metrapol-57cm\/#primaryimage"},"thumbnailUrl":"https:\/\/www.eliassen.nl\/wp-content\/uploads\/2025\/12\/Tandwielklok-Metrapol-Eliassen.nl-2016660.jpg","datePublished":"2025-12-05T12:52:40+00:00","dateModified":"2026-02-05T08:47:25+00:00","description":"Eine moderne Uhr mit einem industriellen Touch. Eine echte Dekoration f\u00fcr die Wand. Sich drehende Zahnr\u00e4der in der Mitte. Durchmesser 57cm. Schnelle Lieferung.","breadcrumb":{"@id":"https:\/\/www.eliassen.nl\/de\/zahnraduhr-metrapol-57cm\/#breadcrumb"},"inLanguage":"de","potentialAction":[{"@type":"ReadAction","target":["https:\/\/www.eliassen.nl\/de\/zahnraduhr-metrapol-57cm\/"]}]},{"@type":"ImageObject","inLanguage":"de","@id":"https:\/\/www.eliassen.nl\/de\/zahnraduhr-metrapol-57cm\/#primaryimage","url":"https:\/\/www.eliassen.nl\/wp-content\/uploads\/2025\/12\/Tandwielklok-Metrapol-Eliassen.nl-2016660.jpg","contentUrl":"https:\/\/www.eliassen.nl\/wp-content\/uploads\/2025\/12\/Tandwielklok-Metrapol-Eliassen.nl-2016660.jpg","width":1200,"height":1200},{"@type":"BreadcrumbList","@id":"https:\/\/www.eliassen.nl\/de\/zahnraduhr-metrapol-57cm\/#breadcrumb","itemListElement":[{"@type":"ListItem","position":1,"name":"Home","item":"https:\/\/www.eliassen.nl\/de\/"},{"@type":"ListItem","position":2,"name":"Shop","item":"https:\/\/www.eliassen.nl\/de\/shop\/"},{"@type":"ListItem","position":3,"name":"Wanddekoration","item":"https:\/\/www.eliassen.nl\/de\/wanddekoration\/"},{"@type":"ListItem","position":4,"name":"Wanduhren","item":"https:\/\/www.eliassen.nl\/de\/wanddekoration\/wanduhren\/"},{"@type":"ListItem","position":5,"name":"Zahnraduhr Metrapol 57cm"}]},{"@type":"WebSite","@id":"https:\/\/www.eliassen.nl\/de\/#website","url":"https:\/\/www.eliassen.nl\/de\/","name":"Eliassen Home & Garden Pleasure","description":"","publisher":{"@id":"https:\/\/www.eliassen.nl\/de\/#organization"},"alternateName":"Eliassen.nl","potentialAction":[{"@type":"SearchAction","target":{"@type":"EntryPoint","urlTemplate":"https:\/\/www.eliassen.nl\/de\/?s={search_term_string}"},"query-input":{"@type":"PropertyValueSpecification","valueRequired":true,"valueName":"search_term_string"}}],"inLanguage":"de"},{"@type":["Organization","Place"],"@id":"https:\/\/www.eliassen.nl\/de\/#organization","name":"Eliassen Home & Garden Pleasure","url":"https:\/\/www.eliassen.nl\/de\/","logo":{"@id":"https:\/\/www.eliassen.nl\/de\/zahnraduhr-metrapol-57cm\/#local-main-organization-logo"},"image":{"@id":"https:\/\/www.eliassen.nl\/de\/zahnraduhr-metrapol-57cm\/#local-main-organization-logo"},"sameAs":["https:\/\/www.facebook.com\/TuincentrumEliassenAmmerzoden","https:\/\/www.instagram.com\/eliassenhomeandgarden\/","https:\/\/nl.pinterest.com\/eliassenhomeandgarden\/","https:\/\/www.youtube.com\/@eliassenhomegardenpleasure4558"],"telephone":[],"openingHoursSpecification":[{"@type":"OpeningHoursSpecification","dayOfWeek":["Monday","Tuesday","Wednesday","Thursday","Friday","Saturday","Sunday"],"opens":"09:00","closes":"17:00"}]},{"@type":"ImageObject","inLanguage":"de","@id":"https:\/\/www.eliassen.nl\/de\/zahnraduhr-metrapol-57cm\/#local-main-organization-logo","url":"https:\/\/www.eliassen.nl\/wp-content\/uploads\/2024\/01\/logo_4nd.jpg","contentUrl":"https:\/\/www.eliassen.nl\/wp-content\/uploads\/2024\/01\/logo_4nd.jpg","width":500,"height":500,"caption":"Eliassen Home & Garden Pleasure"}]},"product_price_amount":"69.50","product_price_currency":"EUR","og_availability":"instock","product_availability":"instock","product_retailer_item_id":"2016660","product_condition":"new"},"df_price":69.5,"df_sale_price":"","df_regular_price":69.5,"df_image_link":"https:\/\/www.eliassen.nl\/wp-content\/uploads\/2025\/12\/Tandwielklok-Metrapol-Eliassen.nl-2016660-300x300.jpg","image":"https:\/\/www.eliassen.nl\/wp-content\/uploads\/2025\/12\/Tandwielklok-Metrapol-Eliassen.nl-2016660-150x150.jpg","price_search":"<span class=\"woocommerce-Price-amount amount\"><bdi><span class=\"woocommerce-Price-currencySymbol\">&euro;<\/span>&nbsp;69,50<\/bdi><\/span>","category":"Wanddekoration","global_unique_id":"4020607958548","_links":{"self":[{"href":"https:\/\/www.eliassen.nl\/de\/wp-json\/wp\/v2\/product\/200341","targetHints":{"allow":["GET"]}}],"collection":[{"href":"https:\/\/www.eliassen.nl\/de\/wp-json\/wp\/v2\/product"}],"about":[{"href":"https:\/\/www.eliassen.nl\/de\/wp-json\/wp\/v2\/types\/product"}],"wp:featuredmedia":[{"embeddable":true,"href":"https:\/\/www.eliassen.nl\/de\/wp-json\/wp\/v2\/media\/200054"}],"wp:attachment":[{"href":"https:\/\/www.eliassen.nl\/de\/wp-json\/wp\/v2\/media?parent=200341"}],"wp:term":[{"taxonomy":"product_brand","embeddable":true,"href":"https:\/\/www.eliassen.nl\/de\/wp-json\/wp\/v2\/product_brand?post=200341"},{"taxonomy":"product_cat","embeddable":true,"href":"https:\/\/www.eliassen.nl\/de\/wp-json\/wp\/v2\/product_cat?post=200341"},{"taxonomy":"product_tag","embeddable":true,"href":"https:\/\/www.eliassen.nl\/de\/wp-json\/wp\/v2\/product_tag?post=200341"}],"curies":[{"name":"wp","href":"https:\/\/api.w.org\/{rel}","templated":true}]}}