{"id":199572,"date":"2025-11-28T12:06:17","date_gmt":"2025-11-28T11:06:17","guid":{"rendered":"https:\/\/www.eliassen.nl\/product\/tiffany-tischlampe-settle-down-24cm\/"},"modified":"2026-02-06T14:36:57","modified_gmt":"2026-02-06T13:36:57","slug":"tiffany-tischlampe-settle-down-24cm","status":"publish","type":"product","link":"https:\/\/www.eliassen.nl\/de\/tiffany-tischlampe-settle-down-24cm\/","title":{"rendered":"Tiffany Tischlampe Settle Down 24cm"},"content":{"rendered":"<p>Sind Sie auf der Suche nach einer sch\u00f6nen (Tisch-)Lampe von der sehr sch\u00f6nen Marke Tiffany?<br \/>\nDiese sch\u00f6ne Lampenserie wird auf handwerkliche Weise hergestellt und ist eine sch\u00f6ne Dekoration f\u00fcr Ihre Fensterbank, Ihr Sideboard oder Ihre Wohnung.<br \/>\nMit einer H\u00f6he von 24 cm und einem Durchmesser von 25 cm ist dieses h\u00fcbsche pilzf\u00f6rmige Modell ein echter Blickfang in Ihrem Zuhause.<br \/>\nDiese wundersch\u00f6ne Lampe zeigt etwa 30 Schmetterlinge, die spielerisch in das Glas eingearbeitet sind.<br \/>\nAu\u00dferdem verf\u00fcgt diese Lampe \u00fcber eine E27-Fassung, ein 170 cm langes Kabel und einen Schalter.<\/p>\n<ul>\n<li>Marke: Coloured Art<\/li>\n<li>Fast alles aus dieser Serie ist in unserem Ausstellungsraum zu sehen<\/li>\n<li>Bei der Lieferung wird diese Lampe sicher verpackt an Sie verschickt.<\/li>\n<\/ul>\n<p>Louis Comfort Tiffany (1848-1993) ist der ber\u00fchmte Glask\u00fcnstler, der die Tiffany-Technik erfunden hat.<br \/>\nAnno 2018 werden die Tiffany-Produkte immer noch auf dieselbe handwerkliche Weise hergestellt.<\/p>\n<h3>Der Herstellungsprozess von Tiffany-Glas:<\/h3>\n<p>Die Tiffany-Artikel leuchten so sch\u00f6n, weil sie Dutzende, in manchen F\u00e4llen sogar Hunderte von verschiedenen Glasst\u00fccken enthalten: in allen Farben des Regenbogens. Jedes geschnittene und geschliffene St\u00fcck wird mit Kupferfolie umwickelt. Danach werden die kleinen Glasst\u00fccke mit L\u00f6twasser eingerieben und in einer Form mit L\u00f6tzinn zusammengel\u00f6tet. Dieses Linienmuster aus Kupferfolie ist Teil der meist pr\u00e4chtigen Motive auf den Lampen. Ein Prozess, der mit Plastik nicht m\u00f6glich ist!<\/p>\n<p>Das gel\u00f6tete Kupfer wird dann schwarz patiniert. Dies verleiht ihm die klassische und antike charakteristische Farbe. In einem letzten Schritt wird das Material mit einem Antioxidationsmittel bespr\u00fcht, um es zu fixieren und zu sch\u00fctzen. Diese spezielle Tiffany-Technik, das gel\u00f6tete Zinn, das die Glasst\u00fccke umschlie\u00dft, l\u00e4sst das Glas beim Klopfen dumpf klingen.<\/p>\n","protected":false},"excerpt":{"rendered":"<p>Bringen Sie ein verspieltes und stimmungsvolles Ambiente in Ihr Zuhause mit dieser einzigartigen Tiffany-Tischlampe &#8218;Settle Down&#8216; mit einer H\u00f6he von 24 cm. Der auff\u00e4llige pilzf\u00f6rmige Schirm ist aus farbenfrohem Buntglas gefertigt und mit rund 30 kunstvoll gearbeiteten Schmetterlingen verziert, die einen bezaubernden Lichteffekt auf Ihrem Sideboard oder Ihrer Fensterbank erzeugen. Dank der fachm\u00e4nnischen Handwerkskunst von Coloured Art ist diese Lampe ein echter Blickfang, der Ihrer Einrichtung sofort Charakter und Gem\u00fctlichkeit verleiht.<\/p>\n","protected":false},"featured_media":198608,"template":"","meta":{"_acf_changed":false,"_genesis_title":"","_genesis_description":""},"product_brand":[7528],"product_cat":[800,749,809,746],"product_tag":[],"class_list":{"0":"post-199572","1":"product","2":"type-product","3":"status-publish","4":"has-post-thumbnail","6":"product_brand-von-der-kunst-gefarbt","7":"product_cat-glaskunst","8":"product_cat-glaslampen","10":"product_cat-stimmungsvolle-beleuchtung","12":"first","13":"instock","14":"taxable","15":"shipping-taxable","16":"purchasable","17":"product-type-simple"},"acf":[],"meta_all":{"cor_restricted_countries":[],"total_sales":"0"},"meta_all_flat":{"total_sales":"0"},"yoast_head":"<!-- This site is optimized with the Yoast SEO Premium plugin v26.2 (Yoast SEO v27.2) - https:\/\/yoast.com\/product\/yoast-seo-premium-wordpress\/ -->\n<title>Von der Kunst gef\u00e4rbt Tiffany Tischlampe Settle Down 24cm - Eliassen.nl<\/title>\n<meta name=\"description\" content=\"Bestellen Sie diese einzigartige Tiffany-Tischlampe Settle Down (24 cm). Eine handgefertigte pilzf\u00f6rmige Lampe mit 30 Schmetterlingen im Glas. Sehen Sie sich das jetzt bei Eliassen an!\" \/>\n<meta name=\"robots\" content=\"index, follow, max-snippet:-1, max-image-preview:large, max-video-preview:-1\" \/>\n<link rel=\"canonical\" href=\"https:\/\/www.eliassen.nl\/de\/tiffany-tischlampe-settle-down-24cm\/\" \/>\n<meta property=\"og:locale\" content=\"de_DE\" \/>\n<meta property=\"og:type\" content=\"article\" \/>\n<meta property=\"og:title\" content=\"Von der Kunst gef\u00e4rbt Tiffany Tischlampe Settle Down 24cm - Eliassen.nl\" \/>\n<meta property=\"og:description\" content=\"Bestellen Sie diese einzigartige Tiffany-Tischlampe Settle Down (24 cm). Eine handgefertigte pilzf\u00f6rmige Lampe mit 30 Schmetterlingen im Glas. Sehen Sie sich das jetzt bei Eliassen an!\" \/>\n<meta property=\"og:url\" content=\"https:\/\/www.eliassen.nl\/de\/tiffany-tischlampe-settle-down-24cm\/\" \/>\n<meta property=\"og:site_name\" content=\"Eliassen.nl\" \/>\n<meta property=\"article:publisher\" content=\"https:\/\/www.facebook.com\/TuincentrumEliassenAmmerzoden\" \/>\n<meta property=\"article:modified_time\" content=\"2026-02-06T13:36:57+00:00\" \/>\n<meta property=\"og:image\" content=\"https:\/\/www.eliassen.nl\/wp-content\/uploads\/2025\/11\/637312018051517541.jpg\" \/>\n\t<meta property=\"og:image:width\" content=\"1304\" \/>\n\t<meta property=\"og:image:height\" content=\"1304\" \/>\n\t<meta property=\"og:image:type\" content=\"image\/jpeg\" \/>\n<meta name=\"twitter:card\" content=\"summary_large_image\" \/>\n<script type=\"application\/ld+json\" class=\"yoast-schema-graph\">{\"@context\":\"https:\/\/schema.org\",\"@graph\":[{\"@type\":\"WebPage\",\"@id\":\"https:\/\/www.eliassen.nl\/de\/tiffany-tischlampe-settle-down-24cm\/\",\"url\":\"https:\/\/www.eliassen.nl\/de\/tiffany-tischlampe-settle-down-24cm\/\",\"name\":\"Von der Kunst gef\u00e4rbt Tiffany Tischlampe Settle Down 24cm - Eliassen.nl\",\"isPartOf\":{\"@id\":\"https:\/\/www.eliassen.nl\/de\/#website\"},\"primaryImageOfPage\":{\"@id\":\"https:\/\/www.eliassen.nl\/de\/tiffany-tischlampe-settle-down-24cm\/#primaryimage\"},\"image\":{\"@id\":\"https:\/\/www.eliassen.nl\/de\/tiffany-tischlampe-settle-down-24cm\/#primaryimage\"},\"thumbnailUrl\":\"https:\/\/www.eliassen.nl\/wp-content\/uploads\/2025\/11\/637312018051517541.jpg\",\"datePublished\":\"2025-11-28T11:06:17+00:00\",\"dateModified\":\"2026-02-06T13:36:57+00:00\",\"description\":\"Bestellen Sie diese einzigartige Tiffany-Tischlampe Settle Down (24 cm). Eine handgefertigte pilzf\u00f6rmige Lampe mit 30 Schmetterlingen im Glas. Sehen Sie sich das jetzt bei Eliassen an!\",\"breadcrumb\":{\"@id\":\"https:\/\/www.eliassen.nl\/de\/tiffany-tischlampe-settle-down-24cm\/#breadcrumb\"},\"inLanguage\":\"de\",\"potentialAction\":[{\"@type\":\"ReadAction\",\"target\":[\"https:\/\/www.eliassen.nl\/de\/tiffany-tischlampe-settle-down-24cm\/\"]}]},{\"@type\":\"ImageObject\",\"inLanguage\":\"de\",\"@id\":\"https:\/\/www.eliassen.nl\/de\/tiffany-tischlampe-settle-down-24cm\/#primaryimage\",\"url\":\"https:\/\/www.eliassen.nl\/wp-content\/uploads\/2025\/11\/637312018051517541.jpg\",\"contentUrl\":\"https:\/\/www.eliassen.nl\/wp-content\/uploads\/2025\/11\/637312018051517541.jpg\",\"width\":1304,\"height\":1304,\"caption\":\"tiffany glas lampe - Eliassen.nl\"},{\"@type\":\"BreadcrumbList\",\"@id\":\"https:\/\/www.eliassen.nl\/de\/tiffany-tischlampe-settle-down-24cm\/#breadcrumb\",\"itemListElement\":[{\"@type\":\"ListItem\",\"position\":1,\"name\":\"Home\",\"item\":\"https:\/\/www.eliassen.nl\/de\/\"},{\"@type\":\"ListItem\",\"position\":2,\"name\":\"Shop\",\"item\":\"https:\/\/www.eliassen.nl\/de\/shop\/\"},{\"@type\":\"ListItem\",\"position\":3,\"name\":\"Stimmungsvolle Beleuchtung\",\"item\":\"https:\/\/www.eliassen.nl\/de\/stimmungsvolle-beleuchtung\/\"},{\"@type\":\"ListItem\",\"position\":4,\"name\":\"Tiffany Tischlampe Settle Down 24cm\"}]},{\"@type\":\"WebSite\",\"@id\":\"https:\/\/www.eliassen.nl\/de\/#website\",\"url\":\"https:\/\/www.eliassen.nl\/de\/\",\"name\":\"Eliassen Home & Garden Pleasure\",\"description\":\"\",\"publisher\":{\"@id\":\"https:\/\/www.eliassen.nl\/de\/#organization\"},\"alternateName\":\"Eliassen.nl\",\"potentialAction\":[{\"@type\":\"SearchAction\",\"target\":{\"@type\":\"EntryPoint\",\"urlTemplate\":\"https:\/\/www.eliassen.nl\/de\/?s={search_term_string}\"},\"query-input\":{\"@type\":\"PropertyValueSpecification\",\"valueRequired\":true,\"valueName\":\"search_term_string\"}}],\"inLanguage\":\"de\"},{\"@type\":[\"Organization\",\"Place\"],\"@id\":\"https:\/\/www.eliassen.nl\/de\/#organization\",\"name\":\"Eliassen Home & Garden Pleasure\",\"url\":\"https:\/\/www.eliassen.nl\/de\/\",\"logo\":{\"@id\":\"https:\/\/www.eliassen.nl\/de\/tiffany-tischlampe-settle-down-24cm\/#local-main-organization-logo\"},\"image\":{\"@id\":\"https:\/\/www.eliassen.nl\/de\/tiffany-tischlampe-settle-down-24cm\/#local-main-organization-logo\"},\"sameAs\":[\"https:\/\/www.facebook.com\/TuincentrumEliassenAmmerzoden\",\"https:\/\/www.instagram.com\/eliassenhomeandgarden\/\",\"https:\/\/nl.pinterest.com\/eliassenhomeandgarden\/\",\"https:\/\/www.youtube.com\/@eliassenhomegardenpleasure4558\"],\"telephone\":[],\"openingHoursSpecification\":[{\"@type\":\"OpeningHoursSpecification\",\"dayOfWeek\":[\"Monday\",\"Tuesday\",\"Wednesday\",\"Thursday\",\"Friday\",\"Saturday\",\"Sunday\"],\"opens\":\"09:00\",\"closes\":\"17:00\"}]},{\"@type\":\"ImageObject\",\"inLanguage\":\"de\",\"@id\":\"https:\/\/www.eliassen.nl\/de\/tiffany-tischlampe-settle-down-24cm\/#local-main-organization-logo\",\"url\":\"https:\/\/www.eliassen.nl\/wp-content\/uploads\/2024\/01\/logo_4nd.jpg\",\"contentUrl\":\"https:\/\/www.eliassen.nl\/wp-content\/uploads\/2024\/01\/logo_4nd.jpg\",\"width\":500,\"height\":500,\"caption\":\"Eliassen Home & Garden Pleasure\"}]}<\/script>\n<meta property=\"product:price:amount\" content=\"329.00\" \/>\n<meta property=\"product:price:currency\" content=\"EUR\" \/>\n<meta property=\"og:availability\" content=\"instock\" \/>\n<meta property=\"product:availability\" content=\"instock\" \/>\n<meta property=\"product:retailer_item_id\" content=\"8261\" \/>\n<meta property=\"product:condition\" content=\"new\" \/>\n<!-- \/ Yoast SEO Premium plugin. -->","yoast_head_json":{"title":"Von der Kunst gef\u00e4rbt Tiffany Tischlampe Settle Down 24cm - Eliassen.nl","description":"Bestellen Sie diese einzigartige Tiffany-Tischlampe Settle Down (24 cm). Eine handgefertigte pilzf\u00f6rmige Lampe mit 30 Schmetterlingen im Glas. Sehen Sie sich das jetzt bei Eliassen an!","robots":{"index":"index","follow":"follow","max-snippet":"max-snippet:-1","max-image-preview":"max-image-preview:large","max-video-preview":"max-video-preview:-1"},"canonical":"https:\/\/www.eliassen.nl\/de\/tiffany-tischlampe-settle-down-24cm\/","og_locale":"de_DE","og_type":"article","og_title":"Von der Kunst gef\u00e4rbt Tiffany Tischlampe Settle Down 24cm - Eliassen.nl","og_description":"Bestellen Sie diese einzigartige Tiffany-Tischlampe Settle Down (24 cm). Eine handgefertigte pilzf\u00f6rmige Lampe mit 30 Schmetterlingen im Glas. Sehen Sie sich das jetzt bei Eliassen an!","og_url":"https:\/\/www.eliassen.nl\/de\/tiffany-tischlampe-settle-down-24cm\/","og_site_name":"Eliassen.nl","article_publisher":"https:\/\/www.facebook.com\/TuincentrumEliassenAmmerzoden","article_modified_time":"2026-02-06T13:36:57+00:00","og_image":[{"width":1304,"height":1304,"url":"https:\/\/www.eliassen.nl\/wp-content\/uploads\/2025\/11\/637312018051517541.jpg","type":"image\/jpeg"}],"twitter_card":"summary_large_image","schema":{"@context":"https:\/\/schema.org","@graph":[{"@type":"WebPage","@id":"https:\/\/www.eliassen.nl\/de\/tiffany-tischlampe-settle-down-24cm\/","url":"https:\/\/www.eliassen.nl\/de\/tiffany-tischlampe-settle-down-24cm\/","name":"Von der Kunst gef\u00e4rbt Tiffany Tischlampe Settle Down 24cm - Eliassen.nl","isPartOf":{"@id":"https:\/\/www.eliassen.nl\/de\/#website"},"primaryImageOfPage":{"@id":"https:\/\/www.eliassen.nl\/de\/tiffany-tischlampe-settle-down-24cm\/#primaryimage"},"image":{"@id":"https:\/\/www.eliassen.nl\/de\/tiffany-tischlampe-settle-down-24cm\/#primaryimage"},"thumbnailUrl":"https:\/\/www.eliassen.nl\/wp-content\/uploads\/2025\/11\/637312018051517541.jpg","datePublished":"2025-11-28T11:06:17+00:00","dateModified":"2026-02-06T13:36:57+00:00","description":"Bestellen Sie diese einzigartige Tiffany-Tischlampe Settle Down (24 cm). Eine handgefertigte pilzf\u00f6rmige Lampe mit 30 Schmetterlingen im Glas. Sehen Sie sich das jetzt bei Eliassen an!","breadcrumb":{"@id":"https:\/\/www.eliassen.nl\/de\/tiffany-tischlampe-settle-down-24cm\/#breadcrumb"},"inLanguage":"de","potentialAction":[{"@type":"ReadAction","target":["https:\/\/www.eliassen.nl\/de\/tiffany-tischlampe-settle-down-24cm\/"]}]},{"@type":"ImageObject","inLanguage":"de","@id":"https:\/\/www.eliassen.nl\/de\/tiffany-tischlampe-settle-down-24cm\/#primaryimage","url":"https:\/\/www.eliassen.nl\/wp-content\/uploads\/2025\/11\/637312018051517541.jpg","contentUrl":"https:\/\/www.eliassen.nl\/wp-content\/uploads\/2025\/11\/637312018051517541.jpg","width":1304,"height":1304,"caption":"tiffany glas lampe - Eliassen.nl"},{"@type":"BreadcrumbList","@id":"https:\/\/www.eliassen.nl\/de\/tiffany-tischlampe-settle-down-24cm\/#breadcrumb","itemListElement":[{"@type":"ListItem","position":1,"name":"Home","item":"https:\/\/www.eliassen.nl\/de\/"},{"@type":"ListItem","position":2,"name":"Shop","item":"https:\/\/www.eliassen.nl\/de\/shop\/"},{"@type":"ListItem","position":3,"name":"Stimmungsvolle Beleuchtung","item":"https:\/\/www.eliassen.nl\/de\/stimmungsvolle-beleuchtung\/"},{"@type":"ListItem","position":4,"name":"Tiffany Tischlampe Settle Down 24cm"}]},{"@type":"WebSite","@id":"https:\/\/www.eliassen.nl\/de\/#website","url":"https:\/\/www.eliassen.nl\/de\/","name":"Eliassen Home & Garden Pleasure","description":"","publisher":{"@id":"https:\/\/www.eliassen.nl\/de\/#organization"},"alternateName":"Eliassen.nl","potentialAction":[{"@type":"SearchAction","target":{"@type":"EntryPoint","urlTemplate":"https:\/\/www.eliassen.nl\/de\/?s={search_term_string}"},"query-input":{"@type":"PropertyValueSpecification","valueRequired":true,"valueName":"search_term_string"}}],"inLanguage":"de"},{"@type":["Organization","Place"],"@id":"https:\/\/www.eliassen.nl\/de\/#organization","name":"Eliassen Home & Garden Pleasure","url":"https:\/\/www.eliassen.nl\/de\/","logo":{"@id":"https:\/\/www.eliassen.nl\/de\/tiffany-tischlampe-settle-down-24cm\/#local-main-organization-logo"},"image":{"@id":"https:\/\/www.eliassen.nl\/de\/tiffany-tischlampe-settle-down-24cm\/#local-main-organization-logo"},"sameAs":["https:\/\/www.facebook.com\/TuincentrumEliassenAmmerzoden","https:\/\/www.instagram.com\/eliassenhomeandgarden\/","https:\/\/nl.pinterest.com\/eliassenhomeandgarden\/","https:\/\/www.youtube.com\/@eliassenhomegardenpleasure4558"],"telephone":[],"openingHoursSpecification":[{"@type":"OpeningHoursSpecification","dayOfWeek":["Monday","Tuesday","Wednesday","Thursday","Friday","Saturday","Sunday"],"opens":"09:00","closes":"17:00"}]},{"@type":"ImageObject","inLanguage":"de","@id":"https:\/\/www.eliassen.nl\/de\/tiffany-tischlampe-settle-down-24cm\/#local-main-organization-logo","url":"https:\/\/www.eliassen.nl\/wp-content\/uploads\/2024\/01\/logo_4nd.jpg","contentUrl":"https:\/\/www.eliassen.nl\/wp-content\/uploads\/2024\/01\/logo_4nd.jpg","width":500,"height":500,"caption":"Eliassen Home & Garden Pleasure"}]},"product_price_amount":"329.00","product_price_currency":"EUR","og_availability":"instock","product_availability":"instock","product_retailer_item_id":"8261","product_condition":"new"},"df_price":329,"df_sale_price":"","df_regular_price":329,"df_image_link":"https:\/\/www.eliassen.nl\/wp-content\/uploads\/2025\/11\/637312018051517541-300x300.jpg","image":"https:\/\/www.eliassen.nl\/wp-content\/uploads\/2025\/11\/637312018051517541-150x150.jpg","price_search":"<span class=\"woocommerce-Price-amount amount\"><bdi><span class=\"woocommerce-Price-currencySymbol\">&euro;<\/span>&nbsp;329,00<\/bdi><\/span>","category":"Glaskunst","global_unique_id":"8719747649589","_links":{"self":[{"href":"https:\/\/www.eliassen.nl\/de\/wp-json\/wp\/v2\/product\/199572","targetHints":{"allow":["GET"]}}],"collection":[{"href":"https:\/\/www.eliassen.nl\/de\/wp-json\/wp\/v2\/product"}],"about":[{"href":"https:\/\/www.eliassen.nl\/de\/wp-json\/wp\/v2\/types\/product"}],"wp:featuredmedia":[{"embeddable":true,"href":"https:\/\/www.eliassen.nl\/de\/wp-json\/wp\/v2\/media\/198608"}],"wp:attachment":[{"href":"https:\/\/www.eliassen.nl\/de\/wp-json\/wp\/v2\/media?parent=199572"}],"wp:term":[{"taxonomy":"product_brand","embeddable":true,"href":"https:\/\/www.eliassen.nl\/de\/wp-json\/wp\/v2\/product_brand?post=199572"},{"taxonomy":"product_cat","embeddable":true,"href":"https:\/\/www.eliassen.nl\/de\/wp-json\/wp\/v2\/product_cat?post=199572"},{"taxonomy":"product_tag","embeddable":true,"href":"https:\/\/www.eliassen.nl\/de\/wp-json\/wp\/v2\/product_tag?post=199572"}],"curies":[{"name":"wp","href":"https:\/\/api.w.org\/{rel}","templated":true}]}}