{"id":199350,"date":"2024-12-23T15:32:16","date_gmt":"2024-12-23T14:32:16","guid":{"rendered":"https:\/\/www.eliassen.nl\/product\/gerbera-strauss-mixed-xl-16-stiele\/"},"modified":"2024-12-23T15:32:16","modified_gmt":"2024-12-23T14:32:16","slug":"gerbera-strauss-mixed-xl-16-stiele","status":"publish","type":"product","link":"https:\/\/www.eliassen.nl\/de\/gerbera-strauss-mixed-xl-16-stiele\/","title":{"rendered":"Gerbera Strau\u00df Mixed XL 16 Stiele"},"content":{"rendered":"<p>Sind Sie auf der Suche nach einem sch\u00f6nen Strau\u00df, mit dem Sie Ihre Mutter, Ihre Tochter, Ihren Partner oder andere geliebte Menschen \u00fcberraschen k\u00f6nnen, oder suchen Sie f\u00fcr sich selbst einen Strau\u00df, an dem Sie lange Freude haben werden? Ein Strau\u00df Seidenblumen ist dann immer ein Hit!<br \/>\nDies ist ideal f\u00fcr Unternehmen, Haushalte mit vollem Terminkalender oder Menschen mit Allergien.<\/p>\n<p>Str\u00e4u\u00dfe aus Seidenblumen sind praktisch genauso sch\u00f6n wie echte Blumen und kosten kein Benzin: Sie sind also besser f\u00fcr die Umwelt und halten super lange!<br \/>\nDieser Strau\u00df besteht aus einer gemischten Auswahl von Gerberas und umfasst insgesamt 16 Stiele!<br \/>\nDieser Strau\u00df bietet eine Vielzahl von Farben.<br \/>\nDie Verarbeitung ist von hoher Qualit\u00e4t und die Details in diesem Strau\u00df sind wundersch\u00f6n ausgef\u00fchrt.<\/p>\n<p>Dieser Strau\u00df passt immer in jede Vase. Das Design ist in der Tat flexibel, die Stiele sind unterschiedlich lang, so dass Sie den Blumenstrau\u00df mit dem kostenlos mitgelieferten Cutter selbst zuschneiden k\u00f6nnen!!!<\/p>\n<p>Ma\u00dfe: Der Durchmesser pro Bl\u00fcte betr\u00e4gt ca. &#8230;&#8230; und die L\u00e4nge betr\u00e4gt ca. &#8230;&#8230;.<br \/>\n<span style=\"letter-spacing: 0.015em\">Einfache Selbstregulierung mit PROVIDED CUTTONS<br \/>\n<\/span><span style=\"letter-spacing: 0.015em\">Farben: verschiedene<\/span><\/p>\n<p>&nbsp;<\/p>\n","protected":false},"excerpt":{"rendered":"<p>\u2713 FREE KNIPTANG \u2713 mit Farnblatt<\/p>\n","protected":false},"featured_media":168562,"template":"","meta":{"_acf_changed":false,"_genesis_title":"","_genesis_description":""},"product_brand":[7505],"product_cat":[7005],"product_tag":[],"class_list":{"0":"post-199350","1":"product","2":"type-product","3":"status-publish","4":"has-post-thumbnail","6":"product_brand-sonstige","7":"product_cat-seidenblumenstrause","9":"first","10":"instock","11":"taxable","12":"shipping-taxable","13":"purchasable","14":"product-type-simple"},"acf":[],"meta_all":{"total_sales":"3"},"meta_all_flat":{"total_sales":"3"},"yoast_head":"<!-- This site is optimized with the Yoast SEO Premium plugin v26.2 (Yoast SEO v27.2) - https:\/\/yoast.com\/product\/yoast-seo-premium-wordpress\/ -->\n<title>Sonstige Gerbera Strau\u00df Mixed XL 16 Stiele - Eliassen.nl<\/title>\n<meta name=\"description\" content=\"Einen sch\u00f6nen Seidenblumenstrau\u00df kaufen? Entscheiden Sie sich f\u00fcr dieses Modell mit verschiedenfarbigen Kunstblumen, um Ihr Zuhause zu versch\u00f6nern.\" \/>\n<meta name=\"robots\" content=\"index, follow, max-snippet:-1, max-image-preview:large, max-video-preview:-1\" \/>\n<link rel=\"canonical\" href=\"https:\/\/www.eliassen.nl\/de\/gerbera-strauss-mixed-xl-16-stiele\/\" \/>\n<meta property=\"og:locale\" content=\"de_DE\" \/>\n<meta property=\"og:type\" content=\"article\" \/>\n<meta property=\"og:title\" content=\"Sonstige Gerbera Strau\u00df Mixed XL 16 Stiele - Eliassen.nl\" \/>\n<meta property=\"og:description\" content=\"Einen sch\u00f6nen Seidenblumenstrau\u00df kaufen? Entscheiden Sie sich f\u00fcr dieses Modell mit verschiedenfarbigen Kunstblumen, um Ihr Zuhause zu versch\u00f6nern.\" \/>\n<meta property=\"og:url\" content=\"https:\/\/www.eliassen.nl\/de\/gerbera-strauss-mixed-xl-16-stiele\/\" \/>\n<meta property=\"og:site_name\" content=\"Eliassen.nl\" \/>\n<meta property=\"article:publisher\" content=\"https:\/\/www.facebook.com\/TuincentrumEliassenAmmerzoden\" \/>\n<meta property=\"og:image\" content=\"https:\/\/www.eliassen.nl\/wp-content\/uploads\/2024\/12\/Gerbera-boeket-medium-gemengd-Eliassen.nl_.jpg\" \/>\n\t<meta property=\"og:image:width\" content=\"1535\" \/>\n\t<meta property=\"og:image:height\" content=\"2303\" \/>\n\t<meta property=\"og:image:type\" content=\"image\/jpeg\" \/>\n<meta name=\"twitter:card\" content=\"summary_large_image\" \/>\n<script type=\"application\/ld+json\" class=\"yoast-schema-graph\">{\"@context\":\"https:\/\/schema.org\",\"@graph\":[{\"@type\":\"WebPage\",\"@id\":\"https:\/\/www.eliassen.nl\/de\/gerbera-strauss-mixed-xl-16-stiele\/\",\"url\":\"https:\/\/www.eliassen.nl\/de\/gerbera-strauss-mixed-xl-16-stiele\/\",\"name\":\"Sonstige Gerbera Strau\u00df Mixed XL 16 Stiele - Eliassen.nl\",\"isPartOf\":{\"@id\":\"https:\/\/www.eliassen.nl\/de\/#website\"},\"primaryImageOfPage\":{\"@id\":\"https:\/\/www.eliassen.nl\/de\/gerbera-strauss-mixed-xl-16-stiele\/#primaryimage\"},\"image\":{\"@id\":\"https:\/\/www.eliassen.nl\/de\/gerbera-strauss-mixed-xl-16-stiele\/#primaryimage\"},\"thumbnailUrl\":\"https:\/\/www.eliassen.nl\/wp-content\/uploads\/2024\/12\/Gerbera-boeket-medium-gemengd-Eliassen.nl_.jpg\",\"datePublished\":\"2024-12-23T14:32:16+00:00\",\"description\":\"Einen sch\u00f6nen Seidenblumenstrau\u00df kaufen? Entscheiden Sie sich f\u00fcr dieses Modell mit verschiedenfarbigen Kunstblumen, um Ihr Zuhause zu versch\u00f6nern.\",\"breadcrumb\":{\"@id\":\"https:\/\/www.eliassen.nl\/de\/gerbera-strauss-mixed-xl-16-stiele\/#breadcrumb\"},\"inLanguage\":\"de\",\"potentialAction\":[{\"@type\":\"ReadAction\",\"target\":[\"https:\/\/www.eliassen.nl\/de\/gerbera-strauss-mixed-xl-16-stiele\/\"]}]},{\"@type\":\"ImageObject\",\"inLanguage\":\"de\",\"@id\":\"https:\/\/www.eliassen.nl\/de\/gerbera-strauss-mixed-xl-16-stiele\/#primaryimage\",\"url\":\"https:\/\/www.eliassen.nl\/wp-content\/uploads\/2024\/12\/Gerbera-boeket-medium-gemengd-Eliassen.nl_.jpg\",\"contentUrl\":\"https:\/\/www.eliassen.nl\/wp-content\/uploads\/2024\/12\/Gerbera-boeket-medium-gemengd-Eliassen.nl_.jpg\",\"width\":1535,\"height\":2303},{\"@type\":\"BreadcrumbList\",\"@id\":\"https:\/\/www.eliassen.nl\/de\/gerbera-strauss-mixed-xl-16-stiele\/#breadcrumb\",\"itemListElement\":[{\"@type\":\"ListItem\",\"position\":1,\"name\":\"Home\",\"item\":\"https:\/\/www.eliassen.nl\/de\/\"},{\"@type\":\"ListItem\",\"position\":2,\"name\":\"Shop\",\"item\":\"https:\/\/www.eliassen.nl\/de\/shop\/\"},{\"@type\":\"ListItem\",\"position\":3,\"name\":\"Seidenblumenstr\u00e4u\u00dfe\",\"item\":\"https:\/\/www.eliassen.nl\/de\/seidenblumenstrause\/\"},{\"@type\":\"ListItem\",\"position\":4,\"name\":\"Gerbera Strau\u00df Mixed XL 16 Stiele\"}]},{\"@type\":\"WebSite\",\"@id\":\"https:\/\/www.eliassen.nl\/de\/#website\",\"url\":\"https:\/\/www.eliassen.nl\/de\/\",\"name\":\"Eliassen Home & Garden Pleasure\",\"description\":\"\",\"publisher\":{\"@id\":\"https:\/\/www.eliassen.nl\/de\/#organization\"},\"alternateName\":\"Eliassen.nl\",\"potentialAction\":[{\"@type\":\"SearchAction\",\"target\":{\"@type\":\"EntryPoint\",\"urlTemplate\":\"https:\/\/www.eliassen.nl\/de\/?s={search_term_string}\"},\"query-input\":{\"@type\":\"PropertyValueSpecification\",\"valueRequired\":true,\"valueName\":\"search_term_string\"}}],\"inLanguage\":\"de\"},{\"@type\":[\"Organization\",\"Place\"],\"@id\":\"https:\/\/www.eliassen.nl\/de\/#organization\",\"name\":\"Eliassen Home & Garden Pleasure\",\"url\":\"https:\/\/www.eliassen.nl\/de\/\",\"logo\":{\"@id\":\"https:\/\/www.eliassen.nl\/de\/gerbera-strauss-mixed-xl-16-stiele\/#local-main-organization-logo\"},\"image\":{\"@id\":\"https:\/\/www.eliassen.nl\/de\/gerbera-strauss-mixed-xl-16-stiele\/#local-main-organization-logo\"},\"sameAs\":[\"https:\/\/www.facebook.com\/TuincentrumEliassenAmmerzoden\",\"https:\/\/www.instagram.com\/eliassenhomeandgarden\/\",\"https:\/\/nl.pinterest.com\/eliassenhomeandgarden\/\",\"https:\/\/www.youtube.com\/@eliassenhomegardenpleasure4558\"],\"telephone\":[],\"openingHoursSpecification\":[{\"@type\":\"OpeningHoursSpecification\",\"dayOfWeek\":[\"Monday\",\"Tuesday\",\"Wednesday\",\"Thursday\",\"Friday\",\"Saturday\",\"Sunday\"],\"opens\":\"09:00\",\"closes\":\"17:00\"}]},{\"@type\":\"ImageObject\",\"inLanguage\":\"de\",\"@id\":\"https:\/\/www.eliassen.nl\/de\/gerbera-strauss-mixed-xl-16-stiele\/#local-main-organization-logo\",\"url\":\"https:\/\/www.eliassen.nl\/wp-content\/uploads\/2024\/01\/logo_4nd.jpg\",\"contentUrl\":\"https:\/\/www.eliassen.nl\/wp-content\/uploads\/2024\/01\/logo_4nd.jpg\",\"width\":500,\"height\":500,\"caption\":\"Eliassen Home & Garden Pleasure\"}]}<\/script>\n<meta property=\"product:price:amount\" content=\"29.50\" \/>\n<meta property=\"product:price:currency\" content=\"EUR\" \/>\n<meta property=\"og:availability\" content=\"instock\" \/>\n<meta property=\"product:availability\" content=\"instock\" \/>\n<meta property=\"product:retailer_item_id\" content=\"3137b\" \/>\n<meta property=\"product:condition\" content=\"new\" \/>\n<!-- \/ Yoast SEO Premium plugin. -->","yoast_head_json":{"title":"Sonstige Gerbera Strau\u00df Mixed XL 16 Stiele - Eliassen.nl","description":"Einen sch\u00f6nen Seidenblumenstrau\u00df kaufen? Entscheiden Sie sich f\u00fcr dieses Modell mit verschiedenfarbigen Kunstblumen, um Ihr Zuhause zu versch\u00f6nern.","robots":{"index":"index","follow":"follow","max-snippet":"max-snippet:-1","max-image-preview":"max-image-preview:large","max-video-preview":"max-video-preview:-1"},"canonical":"https:\/\/www.eliassen.nl\/de\/gerbera-strauss-mixed-xl-16-stiele\/","og_locale":"de_DE","og_type":"article","og_title":"Sonstige Gerbera Strau\u00df Mixed XL 16 Stiele - Eliassen.nl","og_description":"Einen sch\u00f6nen Seidenblumenstrau\u00df kaufen? Entscheiden Sie sich f\u00fcr dieses Modell mit verschiedenfarbigen Kunstblumen, um Ihr Zuhause zu versch\u00f6nern.","og_url":"https:\/\/www.eliassen.nl\/de\/gerbera-strauss-mixed-xl-16-stiele\/","og_site_name":"Eliassen.nl","article_publisher":"https:\/\/www.facebook.com\/TuincentrumEliassenAmmerzoden","og_image":[{"width":1535,"height":2303,"url":"https:\/\/www.eliassen.nl\/wp-content\/uploads\/2024\/12\/Gerbera-boeket-medium-gemengd-Eliassen.nl_.jpg","type":"image\/jpeg"}],"twitter_card":"summary_large_image","schema":{"@context":"https:\/\/schema.org","@graph":[{"@type":"WebPage","@id":"https:\/\/www.eliassen.nl\/de\/gerbera-strauss-mixed-xl-16-stiele\/","url":"https:\/\/www.eliassen.nl\/de\/gerbera-strauss-mixed-xl-16-stiele\/","name":"Sonstige Gerbera Strau\u00df Mixed XL 16 Stiele - Eliassen.nl","isPartOf":{"@id":"https:\/\/www.eliassen.nl\/de\/#website"},"primaryImageOfPage":{"@id":"https:\/\/www.eliassen.nl\/de\/gerbera-strauss-mixed-xl-16-stiele\/#primaryimage"},"image":{"@id":"https:\/\/www.eliassen.nl\/de\/gerbera-strauss-mixed-xl-16-stiele\/#primaryimage"},"thumbnailUrl":"https:\/\/www.eliassen.nl\/wp-content\/uploads\/2024\/12\/Gerbera-boeket-medium-gemengd-Eliassen.nl_.jpg","datePublished":"2024-12-23T14:32:16+00:00","description":"Einen sch\u00f6nen Seidenblumenstrau\u00df kaufen? Entscheiden Sie sich f\u00fcr dieses Modell mit verschiedenfarbigen Kunstblumen, um Ihr Zuhause zu versch\u00f6nern.","breadcrumb":{"@id":"https:\/\/www.eliassen.nl\/de\/gerbera-strauss-mixed-xl-16-stiele\/#breadcrumb"},"inLanguage":"de","potentialAction":[{"@type":"ReadAction","target":["https:\/\/www.eliassen.nl\/de\/gerbera-strauss-mixed-xl-16-stiele\/"]}]},{"@type":"ImageObject","inLanguage":"de","@id":"https:\/\/www.eliassen.nl\/de\/gerbera-strauss-mixed-xl-16-stiele\/#primaryimage","url":"https:\/\/www.eliassen.nl\/wp-content\/uploads\/2024\/12\/Gerbera-boeket-medium-gemengd-Eliassen.nl_.jpg","contentUrl":"https:\/\/www.eliassen.nl\/wp-content\/uploads\/2024\/12\/Gerbera-boeket-medium-gemengd-Eliassen.nl_.jpg","width":1535,"height":2303},{"@type":"BreadcrumbList","@id":"https:\/\/www.eliassen.nl\/de\/gerbera-strauss-mixed-xl-16-stiele\/#breadcrumb","itemListElement":[{"@type":"ListItem","position":1,"name":"Home","item":"https:\/\/www.eliassen.nl\/de\/"},{"@type":"ListItem","position":2,"name":"Shop","item":"https:\/\/www.eliassen.nl\/de\/shop\/"},{"@type":"ListItem","position":3,"name":"Seidenblumenstr\u00e4u\u00dfe","item":"https:\/\/www.eliassen.nl\/de\/seidenblumenstrause\/"},{"@type":"ListItem","position":4,"name":"Gerbera Strau\u00df Mixed XL 16 Stiele"}]},{"@type":"WebSite","@id":"https:\/\/www.eliassen.nl\/de\/#website","url":"https:\/\/www.eliassen.nl\/de\/","name":"Eliassen Home & Garden Pleasure","description":"","publisher":{"@id":"https:\/\/www.eliassen.nl\/de\/#organization"},"alternateName":"Eliassen.nl","potentialAction":[{"@type":"SearchAction","target":{"@type":"EntryPoint","urlTemplate":"https:\/\/www.eliassen.nl\/de\/?s={search_term_string}"},"query-input":{"@type":"PropertyValueSpecification","valueRequired":true,"valueName":"search_term_string"}}],"inLanguage":"de"},{"@type":["Organization","Place"],"@id":"https:\/\/www.eliassen.nl\/de\/#organization","name":"Eliassen Home & Garden Pleasure","url":"https:\/\/www.eliassen.nl\/de\/","logo":{"@id":"https:\/\/www.eliassen.nl\/de\/gerbera-strauss-mixed-xl-16-stiele\/#local-main-organization-logo"},"image":{"@id":"https:\/\/www.eliassen.nl\/de\/gerbera-strauss-mixed-xl-16-stiele\/#local-main-organization-logo"},"sameAs":["https:\/\/www.facebook.com\/TuincentrumEliassenAmmerzoden","https:\/\/www.instagram.com\/eliassenhomeandgarden\/","https:\/\/nl.pinterest.com\/eliassenhomeandgarden\/","https:\/\/www.youtube.com\/@eliassenhomegardenpleasure4558"],"telephone":[],"openingHoursSpecification":[{"@type":"OpeningHoursSpecification","dayOfWeek":["Monday","Tuesday","Wednesday","Thursday","Friday","Saturday","Sunday"],"opens":"09:00","closes":"17:00"}]},{"@type":"ImageObject","inLanguage":"de","@id":"https:\/\/www.eliassen.nl\/de\/gerbera-strauss-mixed-xl-16-stiele\/#local-main-organization-logo","url":"https:\/\/www.eliassen.nl\/wp-content\/uploads\/2024\/01\/logo_4nd.jpg","contentUrl":"https:\/\/www.eliassen.nl\/wp-content\/uploads\/2024\/01\/logo_4nd.jpg","width":500,"height":500,"caption":"Eliassen Home & Garden Pleasure"}]},"product_price_amount":"29.50","product_price_currency":"EUR","og_availability":"instock","product_availability":"instock","product_retailer_item_id":"3137b","product_condition":"new"},"df_price":29.5,"df_sale_price":"","df_regular_price":29.5,"df_image_link":"https:\/\/www.eliassen.nl\/wp-content\/uploads\/2024\/12\/Gerbera-boeket-medium-gemengd-Eliassen.nl_-200x300.jpg","image":"https:\/\/www.eliassen.nl\/wp-content\/uploads\/2024\/12\/Gerbera-boeket-medium-gemengd-Eliassen.nl_-150x150.jpg","price_search":"<span class=\"woocommerce-Price-amount amount\"><bdi><span class=\"woocommerce-Price-currencySymbol\">&euro;<\/span>&nbsp;29,50<\/bdi><\/span>","category":"Seidenblumenstr\u00e4u\u00dfe","global_unique_id":"6096528892818","_links":{"self":[{"href":"https:\/\/www.eliassen.nl\/de\/wp-json\/wp\/v2\/product\/199350","targetHints":{"allow":["GET"]}}],"collection":[{"href":"https:\/\/www.eliassen.nl\/de\/wp-json\/wp\/v2\/product"}],"about":[{"href":"https:\/\/www.eliassen.nl\/de\/wp-json\/wp\/v2\/types\/product"}],"wp:featuredmedia":[{"embeddable":true,"href":"https:\/\/www.eliassen.nl\/de\/wp-json\/wp\/v2\/media\/168562"}],"wp:attachment":[{"href":"https:\/\/www.eliassen.nl\/de\/wp-json\/wp\/v2\/media?parent=199350"}],"wp:term":[{"taxonomy":"product_brand","embeddable":true,"href":"https:\/\/www.eliassen.nl\/de\/wp-json\/wp\/v2\/product_brand?post=199350"},{"taxonomy":"product_cat","embeddable":true,"href":"https:\/\/www.eliassen.nl\/de\/wp-json\/wp\/v2\/product_cat?post=199350"},{"taxonomy":"product_tag","embeddable":true,"href":"https:\/\/www.eliassen.nl\/de\/wp-json\/wp\/v2\/product_tag?post=199350"}],"curies":[{"name":"wp","href":"https:\/\/api.w.org\/{rel}","templated":true}]}}