{"id":199272,"date":"2025-02-26T12:09:08","date_gmt":"2025-02-26T11:09:08","guid":{"rendered":"https:\/\/www.eliassen.nl\/product\/schale-rund-tygo-leichtgewicht-anthrazit-steinmuster-52cm\/"},"modified":"2026-01-16T15:31:22","modified_gmt":"2026-01-16T14:31:22","slug":"schale-rund-tygo-leichtgewicht-anthrazit-steinmuster-52cm","status":"publish","type":"product","link":"https:\/\/www.eliassen.nl\/de\/schale-rund-tygo-leichtgewicht-anthrazit-steinmuster-52cm\/","title":{"rendered":"Schale rund Tygo Leichtgewicht anthrazit Steinmuster 52cm"},"content":{"rendered":"<p>Wenn Sie eine mittelgro\u00dfe, dunkle, anthrazitfarbene Blumenschale w\u00fcnschen, die f\u00fcr verschiedene Arten von (bl\u00fchenden) Pflanzen geeignet ist, die sehr robust, farbecht und leicht ist, dann ist die Wahl f\u00fcr diese Schale schnell getroffen. Diese mittelgro\u00dfe Blumenschale ist kaum von einer echten zu unterscheiden, ihre Farbe und ihr Aussehen entsprechen genau dem eines Tontopfes.<\/p>\n<p>Die Schale ist f\u00fcr den Innen- und Au\u00dfenbereich geeignet. Wenn Sie sie im Garten verwenden, vergessen Sie nicht, L\u00f6cher in den Boden zu bohren. Da diese Schale viel Weichmacher enth\u00e4lt, m\u00fcssen Sie bei diesem Topf keine spontanen Risse bef\u00fcrchten.<\/p>\n<ul>\n<li>Leichtgewicht<\/li>\n<li>Gr\u00f6\u00dfe oberer Durchmesser 52cm, Gesamth\u00f6he 20cm<\/li>\n<li>Naturgetreue Reproduktion<\/li>\n<li>F\u00fcr innen und au\u00dfen geeignet<\/li>\n<li>Farbecht<\/li>\n<li>1 Jahr Garantie<\/li>\n<li><strong>Material: langlebiger Recycle-Kunststoff<\/strong><\/li>\n<li>F\u00fcr die Verwendung im Freien, bohren Sie L\u00f6cher in den Sockel<\/li>\n<\/ul>\n","protected":false},"excerpt":{"rendered":"<p>Hochwertige Blumenschale mit Steinrelief.<\/p>\n","protected":false},"featured_media":168914,"template":"","meta":{"_acf_changed":false,"_genesis_title":"","_genesis_description":""},"product_brand":[7505],"product_cat":[722,740],"product_tag":[],"class_list":{"0":"post-199272","1":"product","2":"type-product","3":"status-publish","4":"has-post-thumbnail","6":"product_brand-sonstige","7":"product_cat-blumentoepfe-und-pflanzgefaesse","8":"product_cat-pflanzkuebel-fuer-den-aussenbereich-gross-leicht","10":"first","11":"instock","12":"taxable","13":"shipping-taxable","14":"purchasable","15":"product-type-simple"},"acf":[],"meta_all":{"total_sales":"11","cor_restricted_countries":[]},"meta_all_flat":{"total_sales":"11"},"yoast_head":"<!-- This site is optimized with the Yoast SEO Premium plugin v26.2 (Yoast SEO v27.2) - https:\/\/yoast.com\/product\/yoast-seo-premium-wordpress\/ -->\n<title>Sonstige Schale rund Tygo Leichtgewicht anthrazit Steinmuster 52cm - Eliassen.nl<\/title>\n<meta name=\"description\" content=\"Eine mittelgro\u00dfe, anthrazitfarbene Blumenschale. F\u00fcr den Innen- und Au\u00dfenbereich geeignet. Geeignet f\u00fcr verschiedene (bl\u00fchende) Pflanzen. Sie k\u00f6nnen auch live bei uns zuschauen!\" \/>\n<meta name=\"robots\" content=\"index, follow, max-snippet:-1, max-image-preview:large, max-video-preview:-1\" \/>\n<link rel=\"canonical\" href=\"https:\/\/www.eliassen.nl\/de\/schale-rund-tygo-leichtgewicht-anthrazit-steinmuster-52cm\/\" \/>\n<meta property=\"og:locale\" content=\"de_DE\" \/>\n<meta property=\"og:type\" content=\"article\" \/>\n<meta property=\"og:title\" content=\"Sonstige Schale rund Tygo Leichtgewicht anthrazit Steinmuster 52cm - Eliassen.nl\" \/>\n<meta property=\"og:description\" content=\"Eine mittelgro\u00dfe, anthrazitfarbene Blumenschale. F\u00fcr den Innen- und Au\u00dfenbereich geeignet. Geeignet f\u00fcr verschiedene (bl\u00fchende) Pflanzen. Sie k\u00f6nnen auch live bei uns zuschauen!\" \/>\n<meta property=\"og:url\" content=\"https:\/\/www.eliassen.nl\/de\/schale-rund-tygo-leichtgewicht-anthrazit-steinmuster-52cm\/\" \/>\n<meta property=\"og:site_name\" content=\"Eliassen.nl\" \/>\n<meta property=\"article:publisher\" content=\"https:\/\/www.facebook.com\/TuincentrumEliassenAmmerzoden\" \/>\n<meta property=\"article:modified_time\" content=\"2026-01-16T14:31:22+00:00\" \/>\n<meta property=\"og:image\" content=\"https:\/\/www.eliassen.nl\/wp-content\/uploads\/2024\/12\/Schaal-Tygo-antraciet-52cm-Eliassen.nl-Y54190200.jpg\" \/>\n\t<meta property=\"og:image:width\" content=\"1600\" \/>\n\t<meta property=\"og:image:height\" content=\"850\" \/>\n\t<meta property=\"og:image:type\" content=\"image\/jpeg\" \/>\n<meta name=\"twitter:card\" content=\"summary_large_image\" \/>\n<script type=\"application\/ld+json\" class=\"yoast-schema-graph\">{\"@context\":\"https:\/\/schema.org\",\"@graph\":[{\"@type\":\"WebPage\",\"@id\":\"https:\/\/www.eliassen.nl\/de\/schale-rund-tygo-leichtgewicht-anthrazit-steinmuster-52cm\/\",\"url\":\"https:\/\/www.eliassen.nl\/de\/schale-rund-tygo-leichtgewicht-anthrazit-steinmuster-52cm\/\",\"name\":\"Sonstige Schale rund Tygo Leichtgewicht anthrazit Steinmuster 52cm - Eliassen.nl\",\"isPartOf\":{\"@id\":\"https:\/\/www.eliassen.nl\/de\/#website\"},\"primaryImageOfPage\":{\"@id\":\"https:\/\/www.eliassen.nl\/de\/schale-rund-tygo-leichtgewicht-anthrazit-steinmuster-52cm\/#primaryimage\"},\"image\":{\"@id\":\"https:\/\/www.eliassen.nl\/de\/schale-rund-tygo-leichtgewicht-anthrazit-steinmuster-52cm\/#primaryimage\"},\"thumbnailUrl\":\"https:\/\/www.eliassen.nl\/wp-content\/uploads\/2024\/12\/Schaal-Tygo-antraciet-52cm-Eliassen.nl-Y54190200.jpg\",\"datePublished\":\"2025-02-26T11:09:08+00:00\",\"dateModified\":\"2026-01-16T14:31:22+00:00\",\"description\":\"Eine mittelgro\u00dfe, anthrazitfarbene Blumenschale. F\u00fcr den Innen- und Au\u00dfenbereich geeignet. Geeignet f\u00fcr verschiedene (bl\u00fchende) Pflanzen. Sie k\u00f6nnen auch live bei uns zuschauen!\",\"breadcrumb\":{\"@id\":\"https:\/\/www.eliassen.nl\/de\/schale-rund-tygo-leichtgewicht-anthrazit-steinmuster-52cm\/#breadcrumb\"},\"inLanguage\":\"de\",\"potentialAction\":[{\"@type\":\"ReadAction\",\"target\":[\"https:\/\/www.eliassen.nl\/de\/schale-rund-tygo-leichtgewicht-anthrazit-steinmuster-52cm\/\"]}]},{\"@type\":\"ImageObject\",\"inLanguage\":\"de\",\"@id\":\"https:\/\/www.eliassen.nl\/de\/schale-rund-tygo-leichtgewicht-anthrazit-steinmuster-52cm\/#primaryimage\",\"url\":\"https:\/\/www.eliassen.nl\/wp-content\/uploads\/2024\/12\/Schaal-Tygo-antraciet-52cm-Eliassen.nl-Y54190200.jpg\",\"contentUrl\":\"https:\/\/www.eliassen.nl\/wp-content\/uploads\/2024\/12\/Schaal-Tygo-antraciet-52cm-Eliassen.nl-Y54190200.jpg\",\"width\":1600,\"height\":850},{\"@type\":\"BreadcrumbList\",\"@id\":\"https:\/\/www.eliassen.nl\/de\/schale-rund-tygo-leichtgewicht-anthrazit-steinmuster-52cm\/#breadcrumb\",\"itemListElement\":[{\"@type\":\"ListItem\",\"position\":1,\"name\":\"Home\",\"item\":\"https:\/\/www.eliassen.nl\/de\/\"},{\"@type\":\"ListItem\",\"position\":2,\"name\":\"Shop\",\"item\":\"https:\/\/www.eliassen.nl\/de\/shop\/\"},{\"@type\":\"ListItem\",\"position\":3,\"name\":\"Blument\u00f6pfe und Pflanzgef\u00e4\u00dfe\",\"item\":\"https:\/\/www.eliassen.nl\/de\/blumentoepfe-und-pflanzgefaesse\/\"},{\"@type\":\"ListItem\",\"position\":4,\"name\":\"Pflanzk\u00fcbel f\u00fcr den Au\u00dfenbereich gro\u00df leicht\",\"item\":\"https:\/\/www.eliassen.nl\/de\/blumentoepfe-und-pflanzgefaesse\/pflanzkuebel-fuer-den-aussenbereich-gross-leicht\/\"},{\"@type\":\"ListItem\",\"position\":5,\"name\":\"Schale rund Tygo Leichtgewicht anthrazit Steinmuster 52cm\"}]},{\"@type\":\"WebSite\",\"@id\":\"https:\/\/www.eliassen.nl\/de\/#website\",\"url\":\"https:\/\/www.eliassen.nl\/de\/\",\"name\":\"Eliassen Home & Garden Pleasure\",\"description\":\"\",\"publisher\":{\"@id\":\"https:\/\/www.eliassen.nl\/de\/#organization\"},\"alternateName\":\"Eliassen.nl\",\"potentialAction\":[{\"@type\":\"SearchAction\",\"target\":{\"@type\":\"EntryPoint\",\"urlTemplate\":\"https:\/\/www.eliassen.nl\/de\/?s={search_term_string}\"},\"query-input\":{\"@type\":\"PropertyValueSpecification\",\"valueRequired\":true,\"valueName\":\"search_term_string\"}}],\"inLanguage\":\"de\"},{\"@type\":[\"Organization\",\"Place\"],\"@id\":\"https:\/\/www.eliassen.nl\/de\/#organization\",\"name\":\"Eliassen Home & Garden Pleasure\",\"url\":\"https:\/\/www.eliassen.nl\/de\/\",\"logo\":{\"@id\":\"https:\/\/www.eliassen.nl\/de\/schale-rund-tygo-leichtgewicht-anthrazit-steinmuster-52cm\/#local-main-organization-logo\"},\"image\":{\"@id\":\"https:\/\/www.eliassen.nl\/de\/schale-rund-tygo-leichtgewicht-anthrazit-steinmuster-52cm\/#local-main-organization-logo\"},\"sameAs\":[\"https:\/\/www.facebook.com\/TuincentrumEliassenAmmerzoden\",\"https:\/\/www.instagram.com\/eliassenhomeandgarden\/\",\"https:\/\/nl.pinterest.com\/eliassenhomeandgarden\/\",\"https:\/\/www.youtube.com\/@eliassenhomegardenpleasure4558\"],\"telephone\":[],\"openingHoursSpecification\":[{\"@type\":\"OpeningHoursSpecification\",\"dayOfWeek\":[\"Monday\",\"Tuesday\",\"Wednesday\",\"Thursday\",\"Friday\",\"Saturday\",\"Sunday\"],\"opens\":\"09:00\",\"closes\":\"17:00\"}]},{\"@type\":\"ImageObject\",\"inLanguage\":\"de\",\"@id\":\"https:\/\/www.eliassen.nl\/de\/schale-rund-tygo-leichtgewicht-anthrazit-steinmuster-52cm\/#local-main-organization-logo\",\"url\":\"https:\/\/www.eliassen.nl\/wp-content\/uploads\/2024\/01\/logo_4nd.jpg\",\"contentUrl\":\"https:\/\/www.eliassen.nl\/wp-content\/uploads\/2024\/01\/logo_4nd.jpg\",\"width\":500,\"height\":500,\"caption\":\"Eliassen Home & Garden Pleasure\"}]}<\/script>\n<meta property=\"product:price:amount\" content=\"19.50\" \/>\n<meta property=\"product:price:currency\" content=\"EUR\" \/>\n<meta property=\"og:availability\" content=\"instock\" \/>\n<meta property=\"product:availability\" content=\"instock\" \/>\n<meta property=\"product:retailer_item_id\" content=\"y54190200\" \/>\n<meta property=\"product:condition\" content=\"new\" \/>\n<!-- \/ Yoast SEO Premium plugin. -->","yoast_head_json":{"title":"Sonstige Schale rund Tygo Leichtgewicht anthrazit Steinmuster 52cm - Eliassen.nl","description":"Eine mittelgro\u00dfe, anthrazitfarbene Blumenschale. F\u00fcr den Innen- und Au\u00dfenbereich geeignet. Geeignet f\u00fcr verschiedene (bl\u00fchende) Pflanzen. Sie k\u00f6nnen auch live bei uns zuschauen!","robots":{"index":"index","follow":"follow","max-snippet":"max-snippet:-1","max-image-preview":"max-image-preview:large","max-video-preview":"max-video-preview:-1"},"canonical":"https:\/\/www.eliassen.nl\/de\/schale-rund-tygo-leichtgewicht-anthrazit-steinmuster-52cm\/","og_locale":"de_DE","og_type":"article","og_title":"Sonstige Schale rund Tygo Leichtgewicht anthrazit Steinmuster 52cm - Eliassen.nl","og_description":"Eine mittelgro\u00dfe, anthrazitfarbene Blumenschale. F\u00fcr den Innen- und Au\u00dfenbereich geeignet. Geeignet f\u00fcr verschiedene (bl\u00fchende) Pflanzen. Sie k\u00f6nnen auch live bei uns zuschauen!","og_url":"https:\/\/www.eliassen.nl\/de\/schale-rund-tygo-leichtgewicht-anthrazit-steinmuster-52cm\/","og_site_name":"Eliassen.nl","article_publisher":"https:\/\/www.facebook.com\/TuincentrumEliassenAmmerzoden","article_modified_time":"2026-01-16T14:31:22+00:00","og_image":[{"width":1600,"height":850,"url":"https:\/\/www.eliassen.nl\/wp-content\/uploads\/2024\/12\/Schaal-Tygo-antraciet-52cm-Eliassen.nl-Y54190200.jpg","type":"image\/jpeg"}],"twitter_card":"summary_large_image","schema":{"@context":"https:\/\/schema.org","@graph":[{"@type":"WebPage","@id":"https:\/\/www.eliassen.nl\/de\/schale-rund-tygo-leichtgewicht-anthrazit-steinmuster-52cm\/","url":"https:\/\/www.eliassen.nl\/de\/schale-rund-tygo-leichtgewicht-anthrazit-steinmuster-52cm\/","name":"Sonstige Schale rund Tygo Leichtgewicht anthrazit Steinmuster 52cm - Eliassen.nl","isPartOf":{"@id":"https:\/\/www.eliassen.nl\/de\/#website"},"primaryImageOfPage":{"@id":"https:\/\/www.eliassen.nl\/de\/schale-rund-tygo-leichtgewicht-anthrazit-steinmuster-52cm\/#primaryimage"},"image":{"@id":"https:\/\/www.eliassen.nl\/de\/schale-rund-tygo-leichtgewicht-anthrazit-steinmuster-52cm\/#primaryimage"},"thumbnailUrl":"https:\/\/www.eliassen.nl\/wp-content\/uploads\/2024\/12\/Schaal-Tygo-antraciet-52cm-Eliassen.nl-Y54190200.jpg","datePublished":"2025-02-26T11:09:08+00:00","dateModified":"2026-01-16T14:31:22+00:00","description":"Eine mittelgro\u00dfe, anthrazitfarbene Blumenschale. F\u00fcr den Innen- und Au\u00dfenbereich geeignet. Geeignet f\u00fcr verschiedene (bl\u00fchende) Pflanzen. Sie k\u00f6nnen auch live bei uns zuschauen!","breadcrumb":{"@id":"https:\/\/www.eliassen.nl\/de\/schale-rund-tygo-leichtgewicht-anthrazit-steinmuster-52cm\/#breadcrumb"},"inLanguage":"de","potentialAction":[{"@type":"ReadAction","target":["https:\/\/www.eliassen.nl\/de\/schale-rund-tygo-leichtgewicht-anthrazit-steinmuster-52cm\/"]}]},{"@type":"ImageObject","inLanguage":"de","@id":"https:\/\/www.eliassen.nl\/de\/schale-rund-tygo-leichtgewicht-anthrazit-steinmuster-52cm\/#primaryimage","url":"https:\/\/www.eliassen.nl\/wp-content\/uploads\/2024\/12\/Schaal-Tygo-antraciet-52cm-Eliassen.nl-Y54190200.jpg","contentUrl":"https:\/\/www.eliassen.nl\/wp-content\/uploads\/2024\/12\/Schaal-Tygo-antraciet-52cm-Eliassen.nl-Y54190200.jpg","width":1600,"height":850},{"@type":"BreadcrumbList","@id":"https:\/\/www.eliassen.nl\/de\/schale-rund-tygo-leichtgewicht-anthrazit-steinmuster-52cm\/#breadcrumb","itemListElement":[{"@type":"ListItem","position":1,"name":"Home","item":"https:\/\/www.eliassen.nl\/de\/"},{"@type":"ListItem","position":2,"name":"Shop","item":"https:\/\/www.eliassen.nl\/de\/shop\/"},{"@type":"ListItem","position":3,"name":"Blument\u00f6pfe und Pflanzgef\u00e4\u00dfe","item":"https:\/\/www.eliassen.nl\/de\/blumentoepfe-und-pflanzgefaesse\/"},{"@type":"ListItem","position":4,"name":"Pflanzk\u00fcbel f\u00fcr den Au\u00dfenbereich gro\u00df leicht","item":"https:\/\/www.eliassen.nl\/de\/blumentoepfe-und-pflanzgefaesse\/pflanzkuebel-fuer-den-aussenbereich-gross-leicht\/"},{"@type":"ListItem","position":5,"name":"Schale rund Tygo Leichtgewicht anthrazit Steinmuster 52cm"}]},{"@type":"WebSite","@id":"https:\/\/www.eliassen.nl\/de\/#website","url":"https:\/\/www.eliassen.nl\/de\/","name":"Eliassen Home & Garden Pleasure","description":"","publisher":{"@id":"https:\/\/www.eliassen.nl\/de\/#organization"},"alternateName":"Eliassen.nl","potentialAction":[{"@type":"SearchAction","target":{"@type":"EntryPoint","urlTemplate":"https:\/\/www.eliassen.nl\/de\/?s={search_term_string}"},"query-input":{"@type":"PropertyValueSpecification","valueRequired":true,"valueName":"search_term_string"}}],"inLanguage":"de"},{"@type":["Organization","Place"],"@id":"https:\/\/www.eliassen.nl\/de\/#organization","name":"Eliassen Home & Garden Pleasure","url":"https:\/\/www.eliassen.nl\/de\/","logo":{"@id":"https:\/\/www.eliassen.nl\/de\/schale-rund-tygo-leichtgewicht-anthrazit-steinmuster-52cm\/#local-main-organization-logo"},"image":{"@id":"https:\/\/www.eliassen.nl\/de\/schale-rund-tygo-leichtgewicht-anthrazit-steinmuster-52cm\/#local-main-organization-logo"},"sameAs":["https:\/\/www.facebook.com\/TuincentrumEliassenAmmerzoden","https:\/\/www.instagram.com\/eliassenhomeandgarden\/","https:\/\/nl.pinterest.com\/eliassenhomeandgarden\/","https:\/\/www.youtube.com\/@eliassenhomegardenpleasure4558"],"telephone":[],"openingHoursSpecification":[{"@type":"OpeningHoursSpecification","dayOfWeek":["Monday","Tuesday","Wednesday","Thursday","Friday","Saturday","Sunday"],"opens":"09:00","closes":"17:00"}]},{"@type":"ImageObject","inLanguage":"de","@id":"https:\/\/www.eliassen.nl\/de\/schale-rund-tygo-leichtgewicht-anthrazit-steinmuster-52cm\/#local-main-organization-logo","url":"https:\/\/www.eliassen.nl\/wp-content\/uploads\/2024\/01\/logo_4nd.jpg","contentUrl":"https:\/\/www.eliassen.nl\/wp-content\/uploads\/2024\/01\/logo_4nd.jpg","width":500,"height":500,"caption":"Eliassen Home & Garden Pleasure"}]},"product_price_amount":"19.50","product_price_currency":"EUR","og_availability":"instock","product_availability":"instock","product_retailer_item_id":"y54190200","product_condition":"new"},"df_price":19.5,"df_sale_price":"","df_regular_price":19.5,"df_image_link":"https:\/\/www.eliassen.nl\/wp-content\/uploads\/2024\/12\/Schaal-Tygo-antraciet-52cm-Eliassen.nl-Y54190200-300x159.jpg","image":"https:\/\/www.eliassen.nl\/wp-content\/uploads\/2024\/12\/Schaal-Tygo-antraciet-52cm-Eliassen.nl-Y54190200-150x150.jpg","price_search":"<span class=\"woocommerce-Price-amount amount\"><bdi><span class=\"woocommerce-Price-currencySymbol\">&euro;<\/span>&nbsp;19,50<\/bdi><\/span>","category":"Blument\u00f6pfe und Pflanzgef\u00e4\u00dfe","global_unique_id":"8718158073341","_links":{"self":[{"href":"https:\/\/www.eliassen.nl\/de\/wp-json\/wp\/v2\/product\/199272","targetHints":{"allow":["GET"]}}],"collection":[{"href":"https:\/\/www.eliassen.nl\/de\/wp-json\/wp\/v2\/product"}],"about":[{"href":"https:\/\/www.eliassen.nl\/de\/wp-json\/wp\/v2\/types\/product"}],"wp:featuredmedia":[{"embeddable":true,"href":"https:\/\/www.eliassen.nl\/de\/wp-json\/wp\/v2\/media\/168914"}],"wp:attachment":[{"href":"https:\/\/www.eliassen.nl\/de\/wp-json\/wp\/v2\/media?parent=199272"}],"wp:term":[{"taxonomy":"product_brand","embeddable":true,"href":"https:\/\/www.eliassen.nl\/de\/wp-json\/wp\/v2\/product_brand?post=199272"},{"taxonomy":"product_cat","embeddable":true,"href":"https:\/\/www.eliassen.nl\/de\/wp-json\/wp\/v2\/product_cat?post=199272"},{"taxonomy":"product_tag","embeddable":true,"href":"https:\/\/www.eliassen.nl\/de\/wp-json\/wp\/v2\/product_tag?post=199272"}],"curies":[{"name":"wp","href":"https:\/\/api.w.org\/{rel}","templated":true}]}}