{"id":199265,"date":"2025-02-26T12:01:33","date_gmt":"2025-02-26T11:01:33","guid":{"rendered":"https:\/\/www.eliassen.nl\/product\/topf-rund-tess-anthrazit-leichtes-steingut-60cm\/"},"modified":"2026-01-16T15:32:06","modified_gmt":"2026-01-16T14:32:06","slug":"topf-rund-tess-anthrazit-leichtes-steingut-60cm","status":"publish","type":"product","link":"https:\/\/www.eliassen.nl\/de\/topf-rund-tess-anthrazit-leichtes-steingut-60cm\/","title":{"rendered":"Topf rund Tess anthrazit leichtes Steingut 60cm"},"content":{"rendered":"<p>Wenn Sie einen dunklen anthrazitfarbenen Blumentopf suchen, der f\u00fcr mittelgro\u00dfe Pflanzen geeignet ist, der sehr robust, farbecht und leicht ist, dann ist die Wahl f\u00fcr diesen Topf schnell getroffen. Sie k\u00f6nnen diesen gro\u00dfen Blumentopf kaum von einem echten unterscheiden, seine Farbe und sein Aussehen entsprechen genau einem toskanischen Topf aus Keramik.<\/p>\n<p>Der Topf ist sowohl f\u00fcr den Innen- als auch f\u00fcr den Au\u00dfenbereich geeignet; wenn Sie ihn im Garten verwenden, denken Sie daran, L\u00f6cher in den Boden zu bohren. Da dieser Topf viel Weichmacher enth\u00e4lt, m\u00fcssen Sie keine spontanen Risse bef\u00fcrchten.<\/p>\n<ul>\n<li>Leichtgewicht<\/li>\n<li>Gr\u00f6\u00dfe oberer Durchmesser 58cm, Gesamth\u00f6he 52cm<\/li>\n<li>Naturgetreue Reproduktion<\/li>\n<li>F\u00fcr innen und au\u00dfen geeignet<\/li>\n<li>Farbecht<\/li>\n<li>1 Jahr Garantie<\/li>\n<li><strong>Material: langlebiger Recycle-Kunststoff<\/strong><\/li>\n<li>F\u00fcr die Verwendung im Freien, bohren Sie L\u00f6cher in den Sockel<\/li>\n<\/ul>\n","protected":false},"excerpt":{"rendered":"<p>Sch\u00f6ne Qualit\u00e4tskanne mit Steinrelief.<\/p>\n","protected":false},"featured_media":168923,"template":"","meta":{"_acf_changed":false,"_genesis_title":"","_genesis_description":""},"product_brand":[7505],"product_cat":[722,740],"product_tag":[],"class_list":{"0":"post-199265","1":"product","2":"type-product","3":"status-publish","4":"has-post-thumbnail","6":"product_brand-sonstige","7":"product_cat-blumentoepfe-und-pflanzgefaesse","8":"product_cat-pflanzkuebel-fuer-den-aussenbereich-gross-leicht","10":"first","11":"instock","12":"taxable","13":"shipping-taxable","14":"purchasable","15":"product-type-simple"},"acf":[],"meta_all":{"total_sales":"3","cor_restricted_countries":[]},"meta_all_flat":{"total_sales":"3"},"yoast_head":"<!-- This site is optimized with the Yoast SEO Premium plugin v26.2 (Yoast SEO v27.2) - https:\/\/yoast.com\/product\/yoast-seo-premium-wordpress\/ -->\n<title>Sonstige Topf rund Tess anthrazit leichtes Steingut 60cm - Eliassen.nl<\/title>\n<meta name=\"description\" content=\"Ein gro\u00dfer anthrazitfarbener Blumentopf. F\u00fcr den Innen- und Au\u00dfenbereich geeignet. Geeignet f\u00fcr mittelgro\u00dfe Pflanzen. Sehen Sie live in unserem Gesch\u00e4ft und bestellen Sie online.\" \/>\n<meta name=\"robots\" content=\"index, follow, max-snippet:-1, max-image-preview:large, max-video-preview:-1\" \/>\n<link rel=\"canonical\" href=\"https:\/\/www.eliassen.nl\/de\/topf-rund-tess-anthrazit-leichtes-steingut-60cm\/\" \/>\n<meta property=\"og:locale\" content=\"de_DE\" \/>\n<meta property=\"og:type\" content=\"article\" \/>\n<meta property=\"og:title\" content=\"Sonstige Topf rund Tess anthrazit leichtes Steingut 60cm - Eliassen.nl\" \/>\n<meta property=\"og:description\" content=\"Ein gro\u00dfer anthrazitfarbener Blumentopf. F\u00fcr den Innen- und Au\u00dfenbereich geeignet. Geeignet f\u00fcr mittelgro\u00dfe Pflanzen. Sehen Sie live in unserem Gesch\u00e4ft und bestellen Sie online.\" \/>\n<meta property=\"og:url\" content=\"https:\/\/www.eliassen.nl\/de\/topf-rund-tess-anthrazit-leichtes-steingut-60cm\/\" \/>\n<meta property=\"og:site_name\" content=\"Eliassen.nl\" \/>\n<meta property=\"article:publisher\" content=\"https:\/\/www.facebook.com\/TuincentrumEliassenAmmerzoden\" \/>\n<meta property=\"article:modified_time\" content=\"2026-01-16T14:32:06+00:00\" \/>\n<meta property=\"og:image\" content=\"https:\/\/www.eliassen.nl\/wp-content\/uploads\/2024\/12\/Pot-rond-Tess-60cm-Eliassen.nl-Y54195520.jpg\" \/>\n\t<meta property=\"og:image:width\" content=\"1600\" \/>\n\t<meta property=\"og:image:height\" content=\"1156\" \/>\n\t<meta property=\"og:image:type\" content=\"image\/jpeg\" \/>\n<meta name=\"twitter:card\" content=\"summary_large_image\" \/>\n<script type=\"application\/ld+json\" class=\"yoast-schema-graph\">{\"@context\":\"https:\/\/schema.org\",\"@graph\":[{\"@type\":\"WebPage\",\"@id\":\"https:\/\/www.eliassen.nl\/de\/topf-rund-tess-anthrazit-leichtes-steingut-60cm\/\",\"url\":\"https:\/\/www.eliassen.nl\/de\/topf-rund-tess-anthrazit-leichtes-steingut-60cm\/\",\"name\":\"Sonstige Topf rund Tess anthrazit leichtes Steingut 60cm - Eliassen.nl\",\"isPartOf\":{\"@id\":\"https:\/\/www.eliassen.nl\/de\/#website\"},\"primaryImageOfPage\":{\"@id\":\"https:\/\/www.eliassen.nl\/de\/topf-rund-tess-anthrazit-leichtes-steingut-60cm\/#primaryimage\"},\"image\":{\"@id\":\"https:\/\/www.eliassen.nl\/de\/topf-rund-tess-anthrazit-leichtes-steingut-60cm\/#primaryimage\"},\"thumbnailUrl\":\"https:\/\/www.eliassen.nl\/wp-content\/uploads\/2024\/12\/Pot-rond-Tess-60cm-Eliassen.nl-Y54195520.jpg\",\"datePublished\":\"2025-02-26T11:01:33+00:00\",\"dateModified\":\"2026-01-16T14:32:06+00:00\",\"description\":\"Ein gro\u00dfer anthrazitfarbener Blumentopf. F\u00fcr den Innen- und Au\u00dfenbereich geeignet. Geeignet f\u00fcr mittelgro\u00dfe Pflanzen. Sehen Sie live in unserem Gesch\u00e4ft und bestellen Sie online.\",\"breadcrumb\":{\"@id\":\"https:\/\/www.eliassen.nl\/de\/topf-rund-tess-anthrazit-leichtes-steingut-60cm\/#breadcrumb\"},\"inLanguage\":\"de\",\"potentialAction\":[{\"@type\":\"ReadAction\",\"target\":[\"https:\/\/www.eliassen.nl\/de\/topf-rund-tess-anthrazit-leichtes-steingut-60cm\/\"]}]},{\"@type\":\"ImageObject\",\"inLanguage\":\"de\",\"@id\":\"https:\/\/www.eliassen.nl\/de\/topf-rund-tess-anthrazit-leichtes-steingut-60cm\/#primaryimage\",\"url\":\"https:\/\/www.eliassen.nl\/wp-content\/uploads\/2024\/12\/Pot-rond-Tess-60cm-Eliassen.nl-Y54195520.jpg\",\"contentUrl\":\"https:\/\/www.eliassen.nl\/wp-content\/uploads\/2024\/12\/Pot-rond-Tess-60cm-Eliassen.nl-Y54195520.jpg\",\"width\":1600,\"height\":1156},{\"@type\":\"BreadcrumbList\",\"@id\":\"https:\/\/www.eliassen.nl\/de\/topf-rund-tess-anthrazit-leichtes-steingut-60cm\/#breadcrumb\",\"itemListElement\":[{\"@type\":\"ListItem\",\"position\":1,\"name\":\"Home\",\"item\":\"https:\/\/www.eliassen.nl\/de\/\"},{\"@type\":\"ListItem\",\"position\":2,\"name\":\"Shop\",\"item\":\"https:\/\/www.eliassen.nl\/de\/shop\/\"},{\"@type\":\"ListItem\",\"position\":3,\"name\":\"Blument\u00f6pfe und Pflanzgef\u00e4\u00dfe\",\"item\":\"https:\/\/www.eliassen.nl\/de\/blumentoepfe-und-pflanzgefaesse\/\"},{\"@type\":\"ListItem\",\"position\":4,\"name\":\"Pflanzk\u00fcbel f\u00fcr den Au\u00dfenbereich gro\u00df leicht\",\"item\":\"https:\/\/www.eliassen.nl\/de\/blumentoepfe-und-pflanzgefaesse\/pflanzkuebel-fuer-den-aussenbereich-gross-leicht\/\"},{\"@type\":\"ListItem\",\"position\":5,\"name\":\"Topf rund Tess anthrazit leichtes Steingut 60cm\"}]},{\"@type\":\"WebSite\",\"@id\":\"https:\/\/www.eliassen.nl\/de\/#website\",\"url\":\"https:\/\/www.eliassen.nl\/de\/\",\"name\":\"Eliassen Home & Garden Pleasure\",\"description\":\"\",\"publisher\":{\"@id\":\"https:\/\/www.eliassen.nl\/de\/#organization\"},\"alternateName\":\"Eliassen.nl\",\"potentialAction\":[{\"@type\":\"SearchAction\",\"target\":{\"@type\":\"EntryPoint\",\"urlTemplate\":\"https:\/\/www.eliassen.nl\/de\/?s={search_term_string}\"},\"query-input\":{\"@type\":\"PropertyValueSpecification\",\"valueRequired\":true,\"valueName\":\"search_term_string\"}}],\"inLanguage\":\"de\"},{\"@type\":[\"Organization\",\"Place\"],\"@id\":\"https:\/\/www.eliassen.nl\/de\/#organization\",\"name\":\"Eliassen Home & Garden Pleasure\",\"url\":\"https:\/\/www.eliassen.nl\/de\/\",\"logo\":{\"@id\":\"https:\/\/www.eliassen.nl\/de\/topf-rund-tess-anthrazit-leichtes-steingut-60cm\/#local-main-organization-logo\"},\"image\":{\"@id\":\"https:\/\/www.eliassen.nl\/de\/topf-rund-tess-anthrazit-leichtes-steingut-60cm\/#local-main-organization-logo\"},\"sameAs\":[\"https:\/\/www.facebook.com\/TuincentrumEliassenAmmerzoden\",\"https:\/\/www.instagram.com\/eliassenhomeandgarden\/\",\"https:\/\/nl.pinterest.com\/eliassenhomeandgarden\/\",\"https:\/\/www.youtube.com\/@eliassenhomegardenpleasure4558\"],\"telephone\":[],\"openingHoursSpecification\":[{\"@type\":\"OpeningHoursSpecification\",\"dayOfWeek\":[\"Monday\",\"Tuesday\",\"Wednesday\",\"Thursday\",\"Friday\",\"Saturday\",\"Sunday\"],\"opens\":\"09:00\",\"closes\":\"17:00\"}]},{\"@type\":\"ImageObject\",\"inLanguage\":\"de\",\"@id\":\"https:\/\/www.eliassen.nl\/de\/topf-rund-tess-anthrazit-leichtes-steingut-60cm\/#local-main-organization-logo\",\"url\":\"https:\/\/www.eliassen.nl\/wp-content\/uploads\/2024\/01\/logo_4nd.jpg\",\"contentUrl\":\"https:\/\/www.eliassen.nl\/wp-content\/uploads\/2024\/01\/logo_4nd.jpg\",\"width\":500,\"height\":500,\"caption\":\"Eliassen Home & Garden Pleasure\"}]}<\/script>\n<meta property=\"product:price:amount\" content=\"39.50\" \/>\n<meta property=\"product:price:currency\" content=\"EUR\" \/>\n<meta property=\"og:availability\" content=\"instock\" \/>\n<meta property=\"product:availability\" content=\"instock\" \/>\n<meta property=\"product:retailer_item_id\" content=\"y54195520\" \/>\n<meta property=\"product:condition\" content=\"new\" \/>\n<!-- \/ Yoast SEO Premium plugin. -->","yoast_head_json":{"title":"Sonstige Topf rund Tess anthrazit leichtes Steingut 60cm - Eliassen.nl","description":"Ein gro\u00dfer anthrazitfarbener Blumentopf. F\u00fcr den Innen- und Au\u00dfenbereich geeignet. Geeignet f\u00fcr mittelgro\u00dfe Pflanzen. Sehen Sie live in unserem Gesch\u00e4ft und bestellen Sie online.","robots":{"index":"index","follow":"follow","max-snippet":"max-snippet:-1","max-image-preview":"max-image-preview:large","max-video-preview":"max-video-preview:-1"},"canonical":"https:\/\/www.eliassen.nl\/de\/topf-rund-tess-anthrazit-leichtes-steingut-60cm\/","og_locale":"de_DE","og_type":"article","og_title":"Sonstige Topf rund Tess anthrazit leichtes Steingut 60cm - Eliassen.nl","og_description":"Ein gro\u00dfer anthrazitfarbener Blumentopf. F\u00fcr den Innen- und Au\u00dfenbereich geeignet. Geeignet f\u00fcr mittelgro\u00dfe Pflanzen. Sehen Sie live in unserem Gesch\u00e4ft und bestellen Sie online.","og_url":"https:\/\/www.eliassen.nl\/de\/topf-rund-tess-anthrazit-leichtes-steingut-60cm\/","og_site_name":"Eliassen.nl","article_publisher":"https:\/\/www.facebook.com\/TuincentrumEliassenAmmerzoden","article_modified_time":"2026-01-16T14:32:06+00:00","og_image":[{"width":1600,"height":1156,"url":"https:\/\/www.eliassen.nl\/wp-content\/uploads\/2024\/12\/Pot-rond-Tess-60cm-Eliassen.nl-Y54195520.jpg","type":"image\/jpeg"}],"twitter_card":"summary_large_image","schema":{"@context":"https:\/\/schema.org","@graph":[{"@type":"WebPage","@id":"https:\/\/www.eliassen.nl\/de\/topf-rund-tess-anthrazit-leichtes-steingut-60cm\/","url":"https:\/\/www.eliassen.nl\/de\/topf-rund-tess-anthrazit-leichtes-steingut-60cm\/","name":"Sonstige Topf rund Tess anthrazit leichtes Steingut 60cm - Eliassen.nl","isPartOf":{"@id":"https:\/\/www.eliassen.nl\/de\/#website"},"primaryImageOfPage":{"@id":"https:\/\/www.eliassen.nl\/de\/topf-rund-tess-anthrazit-leichtes-steingut-60cm\/#primaryimage"},"image":{"@id":"https:\/\/www.eliassen.nl\/de\/topf-rund-tess-anthrazit-leichtes-steingut-60cm\/#primaryimage"},"thumbnailUrl":"https:\/\/www.eliassen.nl\/wp-content\/uploads\/2024\/12\/Pot-rond-Tess-60cm-Eliassen.nl-Y54195520.jpg","datePublished":"2025-02-26T11:01:33+00:00","dateModified":"2026-01-16T14:32:06+00:00","description":"Ein gro\u00dfer anthrazitfarbener Blumentopf. F\u00fcr den Innen- und Au\u00dfenbereich geeignet. Geeignet f\u00fcr mittelgro\u00dfe Pflanzen. Sehen Sie live in unserem Gesch\u00e4ft und bestellen Sie online.","breadcrumb":{"@id":"https:\/\/www.eliassen.nl\/de\/topf-rund-tess-anthrazit-leichtes-steingut-60cm\/#breadcrumb"},"inLanguage":"de","potentialAction":[{"@type":"ReadAction","target":["https:\/\/www.eliassen.nl\/de\/topf-rund-tess-anthrazit-leichtes-steingut-60cm\/"]}]},{"@type":"ImageObject","inLanguage":"de","@id":"https:\/\/www.eliassen.nl\/de\/topf-rund-tess-anthrazit-leichtes-steingut-60cm\/#primaryimage","url":"https:\/\/www.eliassen.nl\/wp-content\/uploads\/2024\/12\/Pot-rond-Tess-60cm-Eliassen.nl-Y54195520.jpg","contentUrl":"https:\/\/www.eliassen.nl\/wp-content\/uploads\/2024\/12\/Pot-rond-Tess-60cm-Eliassen.nl-Y54195520.jpg","width":1600,"height":1156},{"@type":"BreadcrumbList","@id":"https:\/\/www.eliassen.nl\/de\/topf-rund-tess-anthrazit-leichtes-steingut-60cm\/#breadcrumb","itemListElement":[{"@type":"ListItem","position":1,"name":"Home","item":"https:\/\/www.eliassen.nl\/de\/"},{"@type":"ListItem","position":2,"name":"Shop","item":"https:\/\/www.eliassen.nl\/de\/shop\/"},{"@type":"ListItem","position":3,"name":"Blument\u00f6pfe und Pflanzgef\u00e4\u00dfe","item":"https:\/\/www.eliassen.nl\/de\/blumentoepfe-und-pflanzgefaesse\/"},{"@type":"ListItem","position":4,"name":"Pflanzk\u00fcbel f\u00fcr den Au\u00dfenbereich gro\u00df leicht","item":"https:\/\/www.eliassen.nl\/de\/blumentoepfe-und-pflanzgefaesse\/pflanzkuebel-fuer-den-aussenbereich-gross-leicht\/"},{"@type":"ListItem","position":5,"name":"Topf rund Tess anthrazit leichtes Steingut 60cm"}]},{"@type":"WebSite","@id":"https:\/\/www.eliassen.nl\/de\/#website","url":"https:\/\/www.eliassen.nl\/de\/","name":"Eliassen Home & Garden Pleasure","description":"","publisher":{"@id":"https:\/\/www.eliassen.nl\/de\/#organization"},"alternateName":"Eliassen.nl","potentialAction":[{"@type":"SearchAction","target":{"@type":"EntryPoint","urlTemplate":"https:\/\/www.eliassen.nl\/de\/?s={search_term_string}"},"query-input":{"@type":"PropertyValueSpecification","valueRequired":true,"valueName":"search_term_string"}}],"inLanguage":"de"},{"@type":["Organization","Place"],"@id":"https:\/\/www.eliassen.nl\/de\/#organization","name":"Eliassen Home & Garden Pleasure","url":"https:\/\/www.eliassen.nl\/de\/","logo":{"@id":"https:\/\/www.eliassen.nl\/de\/topf-rund-tess-anthrazit-leichtes-steingut-60cm\/#local-main-organization-logo"},"image":{"@id":"https:\/\/www.eliassen.nl\/de\/topf-rund-tess-anthrazit-leichtes-steingut-60cm\/#local-main-organization-logo"},"sameAs":["https:\/\/www.facebook.com\/TuincentrumEliassenAmmerzoden","https:\/\/www.instagram.com\/eliassenhomeandgarden\/","https:\/\/nl.pinterest.com\/eliassenhomeandgarden\/","https:\/\/www.youtube.com\/@eliassenhomegardenpleasure4558"],"telephone":[],"openingHoursSpecification":[{"@type":"OpeningHoursSpecification","dayOfWeek":["Monday","Tuesday","Wednesday","Thursday","Friday","Saturday","Sunday"],"opens":"09:00","closes":"17:00"}]},{"@type":"ImageObject","inLanguage":"de","@id":"https:\/\/www.eliassen.nl\/de\/topf-rund-tess-anthrazit-leichtes-steingut-60cm\/#local-main-organization-logo","url":"https:\/\/www.eliassen.nl\/wp-content\/uploads\/2024\/01\/logo_4nd.jpg","contentUrl":"https:\/\/www.eliassen.nl\/wp-content\/uploads\/2024\/01\/logo_4nd.jpg","width":500,"height":500,"caption":"Eliassen Home & Garden Pleasure"}]},"product_price_amount":"39.50","product_price_currency":"EUR","og_availability":"instock","product_availability":"instock","product_retailer_item_id":"y54195520","product_condition":"new"},"df_price":39.5,"df_sale_price":"","df_regular_price":39.5,"df_image_link":"https:\/\/www.eliassen.nl\/wp-content\/uploads\/2024\/12\/Pot-rond-Tess-60cm-Eliassen.nl-Y54195520-300x217.jpg","image":"https:\/\/www.eliassen.nl\/wp-content\/uploads\/2024\/12\/Pot-rond-Tess-60cm-Eliassen.nl-Y54195520-150x150.jpg","price_search":"<span class=\"woocommerce-Price-amount amount\"><bdi><span class=\"woocommerce-Price-currencySymbol\">&euro;<\/span>&nbsp;39,50<\/bdi><\/span>","category":"Blument\u00f6pfe und Pflanzgef\u00e4\u00dfe","global_unique_id":"8719202980004","_links":{"self":[{"href":"https:\/\/www.eliassen.nl\/de\/wp-json\/wp\/v2\/product\/199265","targetHints":{"allow":["GET"]}}],"collection":[{"href":"https:\/\/www.eliassen.nl\/de\/wp-json\/wp\/v2\/product"}],"about":[{"href":"https:\/\/www.eliassen.nl\/de\/wp-json\/wp\/v2\/types\/product"}],"wp:featuredmedia":[{"embeddable":true,"href":"https:\/\/www.eliassen.nl\/de\/wp-json\/wp\/v2\/media\/168923"}],"wp:attachment":[{"href":"https:\/\/www.eliassen.nl\/de\/wp-json\/wp\/v2\/media?parent=199265"}],"wp:term":[{"taxonomy":"product_brand","embeddable":true,"href":"https:\/\/www.eliassen.nl\/de\/wp-json\/wp\/v2\/product_brand?post=199265"},{"taxonomy":"product_cat","embeddable":true,"href":"https:\/\/www.eliassen.nl\/de\/wp-json\/wp\/v2\/product_cat?post=199265"},{"taxonomy":"product_tag","embeddable":true,"href":"https:\/\/www.eliassen.nl\/de\/wp-json\/wp\/v2\/product_tag?post=199265"}],"curies":[{"name":"wp","href":"https:\/\/api.w.org\/{rel}","templated":true}]}}