{"id":199216,"date":"2025-05-01T16:32:40","date_gmt":"2025-05-01T14:32:40","guid":{"rendered":"https:\/\/www.eliassen.nl\/product\/sonnenuhr-auf-bein-155cm\/"},"modified":"2026-01-16T16:08:06","modified_gmt":"2026-01-16T15:08:06","slug":"sonnenuhr-auf-bein-155cm","status":"publish","type":"product","link":"https:\/\/www.eliassen.nl\/de\/sonnenuhr-auf-bein-155cm\/","title":{"rendered":"Sonnenuhr auf Bein 155cm"},"content":{"rendered":"<p>Versch\u00f6nern Sie Ihren Garten mit einer Sonnenuhr aus Metall auf einem 155 cm hohen Pfahl. Der authentische Look dieser Sonnenuhr ist eine wahre Augenweide, wenn Sie die anmutige Atmosph\u00e4re von Sonnenuhren aus dickem Metall lieben. Diese Sonnenuhr aus massivem Eisen hat eine sch\u00f6ne altgr\u00fcne Farbe und einen klassischen Look.<\/p>\n<p><em>Wie funktionieren die Sonnenuhren?<\/em><\/p>\n<p>Eine Sonnenuhr ist ein Hilfsmittel zur Anzeige der Uhrzeit anhand der Sonne. Dies kann z.B. in Form eines Flugzeugs oder einer Scheibe sein.<\/p>\n<p>Dieses moderne Modell einer Sonnenuhr ist aus dickem Metall gefertigt. Dies garantiert eine lange Lebensdauer.<br \/>\nDiese sch\u00f6ne Sonnenuhr auf einem 155 cm hohen Stift wird eine anmutige Dekoration f\u00fcr Ihre Umgebung sein.<\/p>\n<p>Wir haben eine gro\u00dfe Auswahl an verschiedenen Sonnenuhren. Diese k\u00f6nnen Sie sowohl auf unserer Website als auch in unserem Ausstellungsraum besichtigen.<\/p>\n<ul>\n<li>Ma\u00dfe: 30cm Durchmesser, 155cm hoch. Das robuste Metall ist 25 mm breit.<\/li>\n<li>Material: Metall.<\/li>\n<li>Garantie 1 Jahr.<\/li>\n<li>Besteht aus mehreren Teilen, die Sie leicht selbst zusammenbauen k\u00f6nnen.<\/li>\n<\/ul>\n","protected":false},"excerpt":{"rendered":"<p>Sonnenuhr auf hohem Stift aus robustem Metall.<\/p>\n","protected":false},"featured_media":180249,"template":"","meta":{"_acf_changed":false,"_genesis_title":"","_genesis_description":""},"product_brand":[7505],"product_cat":[755,752],"product_tag":[],"class_list":{"0":"post-199216","1":"product","2":"type-product","3":"status-publish","4":"has-post-thumbnail","6":"product_brand-sonstige","7":"product_cat-sonnenuhren","8":"product_cat-weitere-artikel","10":"first","11":"instock","12":"taxable","13":"shipping-taxable","14":"purchasable","15":"product-type-simple"},"acf":[],"meta_all":{"total_sales":"2","cor_restricted_countries":[]},"meta_all_flat":{"total_sales":"2"},"yoast_head":"<!-- This site is optimized with the Yoast SEO Premium plugin v26.2 (Yoast SEO v27.2) - https:\/\/yoast.com\/product\/yoast-seo-premium-wordpress\/ -->\n<title>Sonstige Sonnenuhr auf Bein 155cm - Eliassen.nl<\/title>\n<meta name=\"description\" content=\"Suchen Sie eine sch\u00f6ne Modell-Sonnenuhr auf einem hohen Pflock? Dieses sehr sch\u00f6ne Modell aus dickem Metall ist online und in unserem Gesch\u00e4ft erh\u00e4ltlich. Sch\u00f6ne Dekoration!\" \/>\n<meta name=\"robots\" content=\"index, follow, max-snippet:-1, max-image-preview:large, max-video-preview:-1\" \/>\n<link rel=\"canonical\" href=\"https:\/\/www.eliassen.nl\/de\/sonnenuhr-auf-bein-155cm\/\" \/>\n<meta property=\"og:locale\" content=\"de_DE\" \/>\n<meta property=\"og:type\" content=\"article\" \/>\n<meta property=\"og:title\" content=\"Sonstige Sonnenuhr auf Bein 155cm - Eliassen.nl\" \/>\n<meta property=\"og:description\" content=\"Suchen Sie eine sch\u00f6ne Modell-Sonnenuhr auf einem hohen Pflock? Dieses sehr sch\u00f6ne Modell aus dickem Metall ist online und in unserem Gesch\u00e4ft erh\u00e4ltlich. Sch\u00f6ne Dekoration!\" \/>\n<meta property=\"og:url\" content=\"https:\/\/www.eliassen.nl\/de\/sonnenuhr-auf-bein-155cm\/\" \/>\n<meta property=\"og:site_name\" content=\"Eliassen.nl\" \/>\n<meta property=\"article:publisher\" content=\"https:\/\/www.facebook.com\/TuincentrumEliassenAmmerzoden\" \/>\n<meta property=\"article:modified_time\" content=\"2026-01-16T15:08:06+00:00\" \/>\n<meta property=\"og:image\" content=\"https:\/\/www.eliassen.nl\/wp-content\/uploads\/2025\/04\/Zonnewijzer-op-poot-Eliassen.nl-609200.jpg\" \/>\n\t<meta property=\"og:image:width\" content=\"640\" \/>\n\t<meta property=\"og:image:height\" content=\"480\" \/>\n\t<meta property=\"og:image:type\" content=\"image\/jpeg\" \/>\n<meta name=\"twitter:card\" content=\"summary_large_image\" \/>\n<script type=\"application\/ld+json\" class=\"yoast-schema-graph\">{\"@context\":\"https:\/\/schema.org\",\"@graph\":[{\"@type\":\"WebPage\",\"@id\":\"https:\/\/www.eliassen.nl\/de\/sonnenuhr-auf-bein-155cm\/\",\"url\":\"https:\/\/www.eliassen.nl\/de\/sonnenuhr-auf-bein-155cm\/\",\"name\":\"Sonstige Sonnenuhr auf Bein 155cm - Eliassen.nl\",\"isPartOf\":{\"@id\":\"https:\/\/www.eliassen.nl\/de\/#website\"},\"primaryImageOfPage\":{\"@id\":\"https:\/\/www.eliassen.nl\/de\/sonnenuhr-auf-bein-155cm\/#primaryimage\"},\"image\":{\"@id\":\"https:\/\/www.eliassen.nl\/de\/sonnenuhr-auf-bein-155cm\/#primaryimage\"},\"thumbnailUrl\":\"https:\/\/www.eliassen.nl\/wp-content\/uploads\/2025\/04\/Zonnewijzer-op-poot-Eliassen.nl-609200.jpg\",\"datePublished\":\"2025-05-01T14:32:40+00:00\",\"dateModified\":\"2026-01-16T15:08:06+00:00\",\"description\":\"Suchen Sie eine sch\u00f6ne Modell-Sonnenuhr auf einem hohen Pflock? Dieses sehr sch\u00f6ne Modell aus dickem Metall ist online und in unserem Gesch\u00e4ft erh\u00e4ltlich. Sch\u00f6ne Dekoration!\",\"breadcrumb\":{\"@id\":\"https:\/\/www.eliassen.nl\/de\/sonnenuhr-auf-bein-155cm\/#breadcrumb\"},\"inLanguage\":\"de\",\"potentialAction\":[{\"@type\":\"ReadAction\",\"target\":[\"https:\/\/www.eliassen.nl\/de\/sonnenuhr-auf-bein-155cm\/\"]}]},{\"@type\":\"ImageObject\",\"inLanguage\":\"de\",\"@id\":\"https:\/\/www.eliassen.nl\/de\/sonnenuhr-auf-bein-155cm\/#primaryimage\",\"url\":\"https:\/\/www.eliassen.nl\/wp-content\/uploads\/2025\/04\/Zonnewijzer-op-poot-Eliassen.nl-609200.jpg\",\"contentUrl\":\"https:\/\/www.eliassen.nl\/wp-content\/uploads\/2025\/04\/Zonnewijzer-op-poot-Eliassen.nl-609200.jpg\",\"width\":640,\"height\":480},{\"@type\":\"BreadcrumbList\",\"@id\":\"https:\/\/www.eliassen.nl\/de\/sonnenuhr-auf-bein-155cm\/#breadcrumb\",\"itemListElement\":[{\"@type\":\"ListItem\",\"position\":1,\"name\":\"Home\",\"item\":\"https:\/\/www.eliassen.nl\/de\/\"},{\"@type\":\"ListItem\",\"position\":2,\"name\":\"Shop\",\"item\":\"https:\/\/www.eliassen.nl\/de\/shop\/\"},{\"@type\":\"ListItem\",\"position\":3,\"name\":\"Weitere Artikel\",\"item\":\"https:\/\/www.eliassen.nl\/de\/weitere-artikel\/\"},{\"@type\":\"ListItem\",\"position\":4,\"name\":\"Sonnenuhren\",\"item\":\"https:\/\/www.eliassen.nl\/de\/garten-andere\/sonnenuhren\/\"},{\"@type\":\"ListItem\",\"position\":5,\"name\":\"Sonnenuhr auf Bein 155cm\"}]},{\"@type\":\"WebSite\",\"@id\":\"https:\/\/www.eliassen.nl\/de\/#website\",\"url\":\"https:\/\/www.eliassen.nl\/de\/\",\"name\":\"Eliassen Home & Garden Pleasure\",\"description\":\"\",\"publisher\":{\"@id\":\"https:\/\/www.eliassen.nl\/de\/#organization\"},\"alternateName\":\"Eliassen.nl\",\"potentialAction\":[{\"@type\":\"SearchAction\",\"target\":{\"@type\":\"EntryPoint\",\"urlTemplate\":\"https:\/\/www.eliassen.nl\/de\/?s={search_term_string}\"},\"query-input\":{\"@type\":\"PropertyValueSpecification\",\"valueRequired\":true,\"valueName\":\"search_term_string\"}}],\"inLanguage\":\"de\"},{\"@type\":[\"Organization\",\"Place\"],\"@id\":\"https:\/\/www.eliassen.nl\/de\/#organization\",\"name\":\"Eliassen Home & Garden Pleasure\",\"url\":\"https:\/\/www.eliassen.nl\/de\/\",\"logo\":{\"@id\":\"https:\/\/www.eliassen.nl\/de\/sonnenuhr-auf-bein-155cm\/#local-main-organization-logo\"},\"image\":{\"@id\":\"https:\/\/www.eliassen.nl\/de\/sonnenuhr-auf-bein-155cm\/#local-main-organization-logo\"},\"sameAs\":[\"https:\/\/www.facebook.com\/TuincentrumEliassenAmmerzoden\",\"https:\/\/www.instagram.com\/eliassenhomeandgarden\/\",\"https:\/\/nl.pinterest.com\/eliassenhomeandgarden\/\",\"https:\/\/www.youtube.com\/@eliassenhomegardenpleasure4558\"],\"telephone\":[],\"openingHoursSpecification\":[{\"@type\":\"OpeningHoursSpecification\",\"dayOfWeek\":[\"Monday\",\"Tuesday\",\"Wednesday\",\"Thursday\",\"Friday\",\"Saturday\",\"Sunday\"],\"opens\":\"09:00\",\"closes\":\"17:00\"}]},{\"@type\":\"ImageObject\",\"inLanguage\":\"de\",\"@id\":\"https:\/\/www.eliassen.nl\/de\/sonnenuhr-auf-bein-155cm\/#local-main-organization-logo\",\"url\":\"https:\/\/www.eliassen.nl\/wp-content\/uploads\/2024\/01\/logo_4nd.jpg\",\"contentUrl\":\"https:\/\/www.eliassen.nl\/wp-content\/uploads\/2024\/01\/logo_4nd.jpg\",\"width\":500,\"height\":500,\"caption\":\"Eliassen Home & Garden Pleasure\"}]}<\/script>\n<meta property=\"product:price:amount\" content=\"165.00\" \/>\n<meta property=\"product:price:currency\" content=\"EUR\" \/>\n<meta property=\"og:availability\" content=\"instock\" \/>\n<meta property=\"product:availability\" content=\"instock\" \/>\n<meta property=\"product:retailer_item_id\" content=\"609200\" \/>\n<meta property=\"product:condition\" content=\"new\" \/>\n<!-- \/ Yoast SEO Premium plugin. -->","yoast_head_json":{"title":"Sonstige Sonnenuhr auf Bein 155cm - Eliassen.nl","description":"Suchen Sie eine sch\u00f6ne Modell-Sonnenuhr auf einem hohen Pflock? Dieses sehr sch\u00f6ne Modell aus dickem Metall ist online und in unserem Gesch\u00e4ft erh\u00e4ltlich. Sch\u00f6ne Dekoration!","robots":{"index":"index","follow":"follow","max-snippet":"max-snippet:-1","max-image-preview":"max-image-preview:large","max-video-preview":"max-video-preview:-1"},"canonical":"https:\/\/www.eliassen.nl\/de\/sonnenuhr-auf-bein-155cm\/","og_locale":"de_DE","og_type":"article","og_title":"Sonstige Sonnenuhr auf Bein 155cm - Eliassen.nl","og_description":"Suchen Sie eine sch\u00f6ne Modell-Sonnenuhr auf einem hohen Pflock? Dieses sehr sch\u00f6ne Modell aus dickem Metall ist online und in unserem Gesch\u00e4ft erh\u00e4ltlich. Sch\u00f6ne Dekoration!","og_url":"https:\/\/www.eliassen.nl\/de\/sonnenuhr-auf-bein-155cm\/","og_site_name":"Eliassen.nl","article_publisher":"https:\/\/www.facebook.com\/TuincentrumEliassenAmmerzoden","article_modified_time":"2026-01-16T15:08:06+00:00","og_image":[{"width":640,"height":480,"url":"https:\/\/www.eliassen.nl\/wp-content\/uploads\/2025\/04\/Zonnewijzer-op-poot-Eliassen.nl-609200.jpg","type":"image\/jpeg"}],"twitter_card":"summary_large_image","schema":{"@context":"https:\/\/schema.org","@graph":[{"@type":"WebPage","@id":"https:\/\/www.eliassen.nl\/de\/sonnenuhr-auf-bein-155cm\/","url":"https:\/\/www.eliassen.nl\/de\/sonnenuhr-auf-bein-155cm\/","name":"Sonstige Sonnenuhr auf Bein 155cm - Eliassen.nl","isPartOf":{"@id":"https:\/\/www.eliassen.nl\/de\/#website"},"primaryImageOfPage":{"@id":"https:\/\/www.eliassen.nl\/de\/sonnenuhr-auf-bein-155cm\/#primaryimage"},"image":{"@id":"https:\/\/www.eliassen.nl\/de\/sonnenuhr-auf-bein-155cm\/#primaryimage"},"thumbnailUrl":"https:\/\/www.eliassen.nl\/wp-content\/uploads\/2025\/04\/Zonnewijzer-op-poot-Eliassen.nl-609200.jpg","datePublished":"2025-05-01T14:32:40+00:00","dateModified":"2026-01-16T15:08:06+00:00","description":"Suchen Sie eine sch\u00f6ne Modell-Sonnenuhr auf einem hohen Pflock? Dieses sehr sch\u00f6ne Modell aus dickem Metall ist online und in unserem Gesch\u00e4ft erh\u00e4ltlich. Sch\u00f6ne Dekoration!","breadcrumb":{"@id":"https:\/\/www.eliassen.nl\/de\/sonnenuhr-auf-bein-155cm\/#breadcrumb"},"inLanguage":"de","potentialAction":[{"@type":"ReadAction","target":["https:\/\/www.eliassen.nl\/de\/sonnenuhr-auf-bein-155cm\/"]}]},{"@type":"ImageObject","inLanguage":"de","@id":"https:\/\/www.eliassen.nl\/de\/sonnenuhr-auf-bein-155cm\/#primaryimage","url":"https:\/\/www.eliassen.nl\/wp-content\/uploads\/2025\/04\/Zonnewijzer-op-poot-Eliassen.nl-609200.jpg","contentUrl":"https:\/\/www.eliassen.nl\/wp-content\/uploads\/2025\/04\/Zonnewijzer-op-poot-Eliassen.nl-609200.jpg","width":640,"height":480},{"@type":"BreadcrumbList","@id":"https:\/\/www.eliassen.nl\/de\/sonnenuhr-auf-bein-155cm\/#breadcrumb","itemListElement":[{"@type":"ListItem","position":1,"name":"Home","item":"https:\/\/www.eliassen.nl\/de\/"},{"@type":"ListItem","position":2,"name":"Shop","item":"https:\/\/www.eliassen.nl\/de\/shop\/"},{"@type":"ListItem","position":3,"name":"Weitere Artikel","item":"https:\/\/www.eliassen.nl\/de\/weitere-artikel\/"},{"@type":"ListItem","position":4,"name":"Sonnenuhren","item":"https:\/\/www.eliassen.nl\/de\/garten-andere\/sonnenuhren\/"},{"@type":"ListItem","position":5,"name":"Sonnenuhr auf Bein 155cm"}]},{"@type":"WebSite","@id":"https:\/\/www.eliassen.nl\/de\/#website","url":"https:\/\/www.eliassen.nl\/de\/","name":"Eliassen Home & Garden Pleasure","description":"","publisher":{"@id":"https:\/\/www.eliassen.nl\/de\/#organization"},"alternateName":"Eliassen.nl","potentialAction":[{"@type":"SearchAction","target":{"@type":"EntryPoint","urlTemplate":"https:\/\/www.eliassen.nl\/de\/?s={search_term_string}"},"query-input":{"@type":"PropertyValueSpecification","valueRequired":true,"valueName":"search_term_string"}}],"inLanguage":"de"},{"@type":["Organization","Place"],"@id":"https:\/\/www.eliassen.nl\/de\/#organization","name":"Eliassen Home & Garden Pleasure","url":"https:\/\/www.eliassen.nl\/de\/","logo":{"@id":"https:\/\/www.eliassen.nl\/de\/sonnenuhr-auf-bein-155cm\/#local-main-organization-logo"},"image":{"@id":"https:\/\/www.eliassen.nl\/de\/sonnenuhr-auf-bein-155cm\/#local-main-organization-logo"},"sameAs":["https:\/\/www.facebook.com\/TuincentrumEliassenAmmerzoden","https:\/\/www.instagram.com\/eliassenhomeandgarden\/","https:\/\/nl.pinterest.com\/eliassenhomeandgarden\/","https:\/\/www.youtube.com\/@eliassenhomegardenpleasure4558"],"telephone":[],"openingHoursSpecification":[{"@type":"OpeningHoursSpecification","dayOfWeek":["Monday","Tuesday","Wednesday","Thursday","Friday","Saturday","Sunday"],"opens":"09:00","closes":"17:00"}]},{"@type":"ImageObject","inLanguage":"de","@id":"https:\/\/www.eliassen.nl\/de\/sonnenuhr-auf-bein-155cm\/#local-main-organization-logo","url":"https:\/\/www.eliassen.nl\/wp-content\/uploads\/2024\/01\/logo_4nd.jpg","contentUrl":"https:\/\/www.eliassen.nl\/wp-content\/uploads\/2024\/01\/logo_4nd.jpg","width":500,"height":500,"caption":"Eliassen Home & Garden Pleasure"}]},"product_price_amount":"165.00","product_price_currency":"EUR","og_availability":"instock","product_availability":"instock","product_retailer_item_id":"609200","product_condition":"new"},"df_price":165,"df_sale_price":"","df_regular_price":165,"df_image_link":"https:\/\/www.eliassen.nl\/wp-content\/uploads\/2025\/04\/Zonnewijzer-op-poot-Eliassen.nl-609200-300x225.jpg","image":"https:\/\/www.eliassen.nl\/wp-content\/uploads\/2025\/04\/Zonnewijzer-op-poot-Eliassen.nl-609200-150x150.jpg","price_search":"<span class=\"woocommerce-Price-amount amount\"><bdi><span class=\"woocommerce-Price-currencySymbol\">&euro;<\/span>&nbsp;165,00<\/bdi><\/span>","category":"Sonnenuhren","global_unique_id":"6096528656670","_links":{"self":[{"href":"https:\/\/www.eliassen.nl\/de\/wp-json\/wp\/v2\/product\/199216","targetHints":{"allow":["GET"]}}],"collection":[{"href":"https:\/\/www.eliassen.nl\/de\/wp-json\/wp\/v2\/product"}],"about":[{"href":"https:\/\/www.eliassen.nl\/de\/wp-json\/wp\/v2\/types\/product"}],"wp:featuredmedia":[{"embeddable":true,"href":"https:\/\/www.eliassen.nl\/de\/wp-json\/wp\/v2\/media\/180249"}],"wp:attachment":[{"href":"https:\/\/www.eliassen.nl\/de\/wp-json\/wp\/v2\/media?parent=199216"}],"wp:term":[{"taxonomy":"product_brand","embeddable":true,"href":"https:\/\/www.eliassen.nl\/de\/wp-json\/wp\/v2\/product_brand?post=199216"},{"taxonomy":"product_cat","embeddable":true,"href":"https:\/\/www.eliassen.nl\/de\/wp-json\/wp\/v2\/product_cat?post=199216"},{"taxonomy":"product_tag","embeddable":true,"href":"https:\/\/www.eliassen.nl\/de\/wp-json\/wp\/v2\/product_tag?post=199216"}],"curies":[{"name":"wp","href":"https:\/\/api.w.org\/{rel}","templated":true}]}}