{"id":199146,"date":"2025-05-19T14:32:46","date_gmt":"2025-05-19T12:32:46","guid":{"rendered":"https:\/\/www.eliassen.nl\/product\/garten-silhouette-buddha-80cm\/"},"modified":"2025-05-19T14:32:46","modified_gmt":"2025-05-19T12:32:46","slug":"garten-silhouette-buddha-80cm","status":"publish","type":"product","link":"https:\/\/www.eliassen.nl\/de\/garten-silhouette-buddha-80cm\/","title":{"rendered":"Garten-Silhouette Buddha 80cm"},"content":{"rendered":"<p>Wundersch\u00f6ne k\u00fcnstlerische Silhouette eines sitzenden Buddhas mit auf dem Scho\u00df gefalteten H\u00e4nden.<br \/>\nEine sch\u00f6ne Dekoration, die Sie durch 2 an der Silhouette befestigte Stifte in den Boden stecken.<br \/>\nDie Dekoration sollte nicht direkt im Wind stehen. Stellen Sie sie besser gesch\u00fctzt zwischen Bepflanzungen oder an einen Zaun.<\/p>\n<p>Gr\u00f6\u00dfe: 38cm breit x 80cm hoch.<br \/>\nMaterial : Eisen<br \/>\nFarbe: Braun rostfarben<br \/>\nAusgestattet mit Steckern, so dass er \u00fcberall aufgestellt werden kann.<br \/>\nSchnelle Lieferung.<\/p>\n<p>&nbsp;<\/p>\n","protected":false},"excerpt":{"rendered":"<p>\u00c4u\u00dferst dekorativer Gartenstab eines sitzenden Buddhas.<\/p>\n","protected":false},"featured_media":181114,"template":"","meta":{"_acf_changed":false,"_genesis_title":"","_genesis_description":""},"product_brand":[7505],"product_cat":[851,836],"product_tag":[],"class_list":{"0":"post-199146","1":"product","2":"type-product","3":"status-publish","4":"has-post-thumbnail","6":"product_brand-sonstige","7":"product_cat-gartenpfaehle-aus-still","8":"product_cat-gartenstecker","10":"first","11":"instock","12":"taxable","13":"shipping-taxable","14":"purchasable","15":"product-type-simple"},"acf":[],"meta_all":{"total_sales":"1"},"meta_all_flat":{"total_sales":"1"},"yoast_head":"<!-- This site is optimized with the Yoast SEO Premium plugin v26.2 (Yoast SEO v27.2) - https:\/\/yoast.com\/product\/yoast-seo-premium-wordpress\/ -->\n<title>Sonstige Garten-Silhouette Buddha 80cm - Eliassen.nl<\/title>\n<meta name=\"description\" content=\"Metall-Silhouette eines rostfarbenen Buddhas, die Sie als Gartenstab in Ihren Garten stecken k\u00f6nnen. \u00c4u\u00dferst dekorativ und schnell verf\u00fcgbar. 80cm hoch.\" \/>\n<meta name=\"robots\" content=\"index, follow, max-snippet:-1, max-image-preview:large, max-video-preview:-1\" \/>\n<link rel=\"canonical\" href=\"https:\/\/www.eliassen.nl\/de\/garten-silhouette-buddha-80cm\/\" \/>\n<meta property=\"og:locale\" content=\"de_DE\" \/>\n<meta property=\"og:type\" content=\"article\" \/>\n<meta property=\"og:title\" content=\"Sonstige Garten-Silhouette Buddha 80cm - Eliassen.nl\" \/>\n<meta property=\"og:description\" content=\"Metall-Silhouette eines rostfarbenen Buddhas, die Sie als Gartenstab in Ihren Garten stecken k\u00f6nnen. \u00c4u\u00dferst dekorativ und schnell verf\u00fcgbar. 80cm hoch.\" \/>\n<meta property=\"og:url\" content=\"https:\/\/www.eliassen.nl\/de\/garten-silhouette-buddha-80cm\/\" \/>\n<meta property=\"og:site_name\" content=\"Eliassen.nl\" \/>\n<meta property=\"article:publisher\" content=\"https:\/\/www.facebook.com\/TuincentrumEliassenAmmerzoden\" \/>\n<meta property=\"og:image\" content=\"https:\/\/www.eliassen.nl\/wp-content\/uploads\/2025\/05\/Tuinfiguur-Boeddha-Eliassen.nl-2057111.jpg\" \/>\n\t<meta property=\"og:image:width\" content=\"1400\" \/>\n\t<meta property=\"og:image:height\" content=\"1400\" \/>\n\t<meta property=\"og:image:type\" content=\"image\/jpeg\" \/>\n<meta name=\"twitter:card\" content=\"summary_large_image\" \/>\n<script type=\"application\/ld+json\" class=\"yoast-schema-graph\">{\"@context\":\"https:\/\/schema.org\",\"@graph\":[{\"@type\":\"WebPage\",\"@id\":\"https:\/\/www.eliassen.nl\/de\/garten-silhouette-buddha-80cm\/\",\"url\":\"https:\/\/www.eliassen.nl\/de\/garten-silhouette-buddha-80cm\/\",\"name\":\"Sonstige Garten-Silhouette Buddha 80cm - Eliassen.nl\",\"isPartOf\":{\"@id\":\"https:\/\/www.eliassen.nl\/de\/#website\"},\"primaryImageOfPage\":{\"@id\":\"https:\/\/www.eliassen.nl\/de\/garten-silhouette-buddha-80cm\/#primaryimage\"},\"image\":{\"@id\":\"https:\/\/www.eliassen.nl\/de\/garten-silhouette-buddha-80cm\/#primaryimage\"},\"thumbnailUrl\":\"https:\/\/www.eliassen.nl\/wp-content\/uploads\/2025\/05\/Tuinfiguur-Boeddha-Eliassen.nl-2057111.jpg\",\"datePublished\":\"2025-05-19T12:32:46+00:00\",\"description\":\"Metall-Silhouette eines rostfarbenen Buddhas, die Sie als Gartenstab in Ihren Garten stecken k\u00f6nnen. \u00c4u\u00dferst dekorativ und schnell verf\u00fcgbar. 80cm hoch.\",\"breadcrumb\":{\"@id\":\"https:\/\/www.eliassen.nl\/de\/garten-silhouette-buddha-80cm\/#breadcrumb\"},\"inLanguage\":\"de\",\"potentialAction\":[{\"@type\":\"ReadAction\",\"target\":[\"https:\/\/www.eliassen.nl\/de\/garten-silhouette-buddha-80cm\/\"]}]},{\"@type\":\"ImageObject\",\"inLanguage\":\"de\",\"@id\":\"https:\/\/www.eliassen.nl\/de\/garten-silhouette-buddha-80cm\/#primaryimage\",\"url\":\"https:\/\/www.eliassen.nl\/wp-content\/uploads\/2025\/05\/Tuinfiguur-Boeddha-Eliassen.nl-2057111.jpg\",\"contentUrl\":\"https:\/\/www.eliassen.nl\/wp-content\/uploads\/2025\/05\/Tuinfiguur-Boeddha-Eliassen.nl-2057111.jpg\",\"width\":1400,\"height\":1400},{\"@type\":\"BreadcrumbList\",\"@id\":\"https:\/\/www.eliassen.nl\/de\/garten-silhouette-buddha-80cm\/#breadcrumb\",\"itemListElement\":[{\"@type\":\"ListItem\",\"position\":1,\"name\":\"Home\",\"item\":\"https:\/\/www.eliassen.nl\/de\/\"},{\"@type\":\"ListItem\",\"position\":2,\"name\":\"Shop\",\"item\":\"https:\/\/www.eliassen.nl\/de\/shop\/\"},{\"@type\":\"ListItem\",\"position\":3,\"name\":\"Gartenstecker\",\"item\":\"https:\/\/www.eliassen.nl\/de\/gartenstecker\/\"},{\"@type\":\"ListItem\",\"position\":4,\"name\":\"Garten-Silhouette Buddha 80cm\"}]},{\"@type\":\"WebSite\",\"@id\":\"https:\/\/www.eliassen.nl\/de\/#website\",\"url\":\"https:\/\/www.eliassen.nl\/de\/\",\"name\":\"Eliassen Home & Garden Pleasure\",\"description\":\"\",\"publisher\":{\"@id\":\"https:\/\/www.eliassen.nl\/de\/#organization\"},\"alternateName\":\"Eliassen.nl\",\"potentialAction\":[{\"@type\":\"SearchAction\",\"target\":{\"@type\":\"EntryPoint\",\"urlTemplate\":\"https:\/\/www.eliassen.nl\/de\/?s={search_term_string}\"},\"query-input\":{\"@type\":\"PropertyValueSpecification\",\"valueRequired\":true,\"valueName\":\"search_term_string\"}}],\"inLanguage\":\"de\"},{\"@type\":[\"Organization\",\"Place\"],\"@id\":\"https:\/\/www.eliassen.nl\/de\/#organization\",\"name\":\"Eliassen Home & Garden Pleasure\",\"url\":\"https:\/\/www.eliassen.nl\/de\/\",\"logo\":{\"@id\":\"https:\/\/www.eliassen.nl\/de\/garten-silhouette-buddha-80cm\/#local-main-organization-logo\"},\"image\":{\"@id\":\"https:\/\/www.eliassen.nl\/de\/garten-silhouette-buddha-80cm\/#local-main-organization-logo\"},\"sameAs\":[\"https:\/\/www.facebook.com\/TuincentrumEliassenAmmerzoden\",\"https:\/\/www.instagram.com\/eliassenhomeandgarden\/\",\"https:\/\/nl.pinterest.com\/eliassenhomeandgarden\/\",\"https:\/\/www.youtube.com\/@eliassenhomegardenpleasure4558\"],\"telephone\":[],\"openingHoursSpecification\":[{\"@type\":\"OpeningHoursSpecification\",\"dayOfWeek\":[\"Monday\",\"Tuesday\",\"Wednesday\",\"Thursday\",\"Friday\",\"Saturday\",\"Sunday\"],\"opens\":\"09:00\",\"closes\":\"17:00\"}]},{\"@type\":\"ImageObject\",\"inLanguage\":\"de\",\"@id\":\"https:\/\/www.eliassen.nl\/de\/garten-silhouette-buddha-80cm\/#local-main-organization-logo\",\"url\":\"https:\/\/www.eliassen.nl\/wp-content\/uploads\/2024\/01\/logo_4nd.jpg\",\"contentUrl\":\"https:\/\/www.eliassen.nl\/wp-content\/uploads\/2024\/01\/logo_4nd.jpg\",\"width\":500,\"height\":500,\"caption\":\"Eliassen Home & Garden Pleasure\"}]}<\/script>\n<meta property=\"product:price:amount\" content=\"42.50\" \/>\n<meta property=\"product:price:currency\" content=\"EUR\" \/>\n<meta property=\"og:availability\" content=\"instock\" \/>\n<meta property=\"product:availability\" content=\"instock\" \/>\n<meta property=\"product:retailer_item_id\" content=\"2057111\" \/>\n<meta property=\"product:condition\" content=\"new\" \/>\n<!-- \/ Yoast SEO Premium plugin. -->","yoast_head_json":{"title":"Sonstige Garten-Silhouette Buddha 80cm - Eliassen.nl","description":"Metall-Silhouette eines rostfarbenen Buddhas, die Sie als Gartenstab in Ihren Garten stecken k\u00f6nnen. \u00c4u\u00dferst dekorativ und schnell verf\u00fcgbar. 80cm hoch.","robots":{"index":"index","follow":"follow","max-snippet":"max-snippet:-1","max-image-preview":"max-image-preview:large","max-video-preview":"max-video-preview:-1"},"canonical":"https:\/\/www.eliassen.nl\/de\/garten-silhouette-buddha-80cm\/","og_locale":"de_DE","og_type":"article","og_title":"Sonstige Garten-Silhouette Buddha 80cm - Eliassen.nl","og_description":"Metall-Silhouette eines rostfarbenen Buddhas, die Sie als Gartenstab in Ihren Garten stecken k\u00f6nnen. \u00c4u\u00dferst dekorativ und schnell verf\u00fcgbar. 80cm hoch.","og_url":"https:\/\/www.eliassen.nl\/de\/garten-silhouette-buddha-80cm\/","og_site_name":"Eliassen.nl","article_publisher":"https:\/\/www.facebook.com\/TuincentrumEliassenAmmerzoden","og_image":[{"width":1400,"height":1400,"url":"https:\/\/www.eliassen.nl\/wp-content\/uploads\/2025\/05\/Tuinfiguur-Boeddha-Eliassen.nl-2057111.jpg","type":"image\/jpeg"}],"twitter_card":"summary_large_image","schema":{"@context":"https:\/\/schema.org","@graph":[{"@type":"WebPage","@id":"https:\/\/www.eliassen.nl\/de\/garten-silhouette-buddha-80cm\/","url":"https:\/\/www.eliassen.nl\/de\/garten-silhouette-buddha-80cm\/","name":"Sonstige Garten-Silhouette Buddha 80cm - Eliassen.nl","isPartOf":{"@id":"https:\/\/www.eliassen.nl\/de\/#website"},"primaryImageOfPage":{"@id":"https:\/\/www.eliassen.nl\/de\/garten-silhouette-buddha-80cm\/#primaryimage"},"image":{"@id":"https:\/\/www.eliassen.nl\/de\/garten-silhouette-buddha-80cm\/#primaryimage"},"thumbnailUrl":"https:\/\/www.eliassen.nl\/wp-content\/uploads\/2025\/05\/Tuinfiguur-Boeddha-Eliassen.nl-2057111.jpg","datePublished":"2025-05-19T12:32:46+00:00","description":"Metall-Silhouette eines rostfarbenen Buddhas, die Sie als Gartenstab in Ihren Garten stecken k\u00f6nnen. \u00c4u\u00dferst dekorativ und schnell verf\u00fcgbar. 80cm hoch.","breadcrumb":{"@id":"https:\/\/www.eliassen.nl\/de\/garten-silhouette-buddha-80cm\/#breadcrumb"},"inLanguage":"de","potentialAction":[{"@type":"ReadAction","target":["https:\/\/www.eliassen.nl\/de\/garten-silhouette-buddha-80cm\/"]}]},{"@type":"ImageObject","inLanguage":"de","@id":"https:\/\/www.eliassen.nl\/de\/garten-silhouette-buddha-80cm\/#primaryimage","url":"https:\/\/www.eliassen.nl\/wp-content\/uploads\/2025\/05\/Tuinfiguur-Boeddha-Eliassen.nl-2057111.jpg","contentUrl":"https:\/\/www.eliassen.nl\/wp-content\/uploads\/2025\/05\/Tuinfiguur-Boeddha-Eliassen.nl-2057111.jpg","width":1400,"height":1400},{"@type":"BreadcrumbList","@id":"https:\/\/www.eliassen.nl\/de\/garten-silhouette-buddha-80cm\/#breadcrumb","itemListElement":[{"@type":"ListItem","position":1,"name":"Home","item":"https:\/\/www.eliassen.nl\/de\/"},{"@type":"ListItem","position":2,"name":"Shop","item":"https:\/\/www.eliassen.nl\/de\/shop\/"},{"@type":"ListItem","position":3,"name":"Gartenstecker","item":"https:\/\/www.eliassen.nl\/de\/gartenstecker\/"},{"@type":"ListItem","position":4,"name":"Garten-Silhouette Buddha 80cm"}]},{"@type":"WebSite","@id":"https:\/\/www.eliassen.nl\/de\/#website","url":"https:\/\/www.eliassen.nl\/de\/","name":"Eliassen Home & Garden Pleasure","description":"","publisher":{"@id":"https:\/\/www.eliassen.nl\/de\/#organization"},"alternateName":"Eliassen.nl","potentialAction":[{"@type":"SearchAction","target":{"@type":"EntryPoint","urlTemplate":"https:\/\/www.eliassen.nl\/de\/?s={search_term_string}"},"query-input":{"@type":"PropertyValueSpecification","valueRequired":true,"valueName":"search_term_string"}}],"inLanguage":"de"},{"@type":["Organization","Place"],"@id":"https:\/\/www.eliassen.nl\/de\/#organization","name":"Eliassen Home & Garden Pleasure","url":"https:\/\/www.eliassen.nl\/de\/","logo":{"@id":"https:\/\/www.eliassen.nl\/de\/garten-silhouette-buddha-80cm\/#local-main-organization-logo"},"image":{"@id":"https:\/\/www.eliassen.nl\/de\/garten-silhouette-buddha-80cm\/#local-main-organization-logo"},"sameAs":["https:\/\/www.facebook.com\/TuincentrumEliassenAmmerzoden","https:\/\/www.instagram.com\/eliassenhomeandgarden\/","https:\/\/nl.pinterest.com\/eliassenhomeandgarden\/","https:\/\/www.youtube.com\/@eliassenhomegardenpleasure4558"],"telephone":[],"openingHoursSpecification":[{"@type":"OpeningHoursSpecification","dayOfWeek":["Monday","Tuesday","Wednesday","Thursday","Friday","Saturday","Sunday"],"opens":"09:00","closes":"17:00"}]},{"@type":"ImageObject","inLanguage":"de","@id":"https:\/\/www.eliassen.nl\/de\/garten-silhouette-buddha-80cm\/#local-main-organization-logo","url":"https:\/\/www.eliassen.nl\/wp-content\/uploads\/2024\/01\/logo_4nd.jpg","contentUrl":"https:\/\/www.eliassen.nl\/wp-content\/uploads\/2024\/01\/logo_4nd.jpg","width":500,"height":500,"caption":"Eliassen Home & Garden Pleasure"}]},"product_price_amount":"42.50","product_price_currency":"EUR","og_availability":"instock","product_availability":"instock","product_retailer_item_id":"2057111","product_condition":"new"},"df_price":42.5,"df_sale_price":"","df_regular_price":42.5,"df_image_link":"https:\/\/www.eliassen.nl\/wp-content\/uploads\/2025\/05\/Tuinfiguur-Boeddha-Eliassen.nl-2057111-300x300.jpg","image":"https:\/\/www.eliassen.nl\/wp-content\/uploads\/2025\/05\/Tuinfiguur-Boeddha-Eliassen.nl-2057111-150x150.jpg","price_search":"<span class=\"woocommerce-Price-amount amount\"><bdi><span class=\"woocommerce-Price-currencySymbol\">&euro;<\/span>&nbsp;42,50<\/bdi><\/span>","category":"Gartenpf\u00e4hle aus still","global_unique_id":"4066076495795","_links":{"self":[{"href":"https:\/\/www.eliassen.nl\/de\/wp-json\/wp\/v2\/product\/199146","targetHints":{"allow":["GET"]}}],"collection":[{"href":"https:\/\/www.eliassen.nl\/de\/wp-json\/wp\/v2\/product"}],"about":[{"href":"https:\/\/www.eliassen.nl\/de\/wp-json\/wp\/v2\/types\/product"}],"wp:featuredmedia":[{"embeddable":true,"href":"https:\/\/www.eliassen.nl\/de\/wp-json\/wp\/v2\/media\/181114"}],"wp:attachment":[{"href":"https:\/\/www.eliassen.nl\/de\/wp-json\/wp\/v2\/media?parent=199146"}],"wp:term":[{"taxonomy":"product_brand","embeddable":true,"href":"https:\/\/www.eliassen.nl\/de\/wp-json\/wp\/v2\/product_brand?post=199146"},{"taxonomy":"product_cat","embeddable":true,"href":"https:\/\/www.eliassen.nl\/de\/wp-json\/wp\/v2\/product_cat?post=199146"},{"taxonomy":"product_tag","embeddable":true,"href":"https:\/\/www.eliassen.nl\/de\/wp-json\/wp\/v2\/product_tag?post=199146"}],"curies":[{"name":"wp","href":"https:\/\/api.w.org\/{rel}","templated":true}]}}